{"id":9158,"date":"2023-01-10T13:13:50","date_gmt":"2023-01-10T12:13:50","guid":{"rendered":"https:\/\/www.groods.de\/index.php\/produkt\/gan-13-maglev-frosted-stickerless-3x3\/"},"modified":"2025-11-19T22:41:53","modified_gmt":"2025-11-19T21:41:53","slug":"gan-13-maglev-frosted-stickerless-3x3","status":"publish","type":"product","link":"https:\/\/www.groods.de\/index.php\/produkt\/gan-13-maglev-frosted-stickerless-3x3\/","title":{"rendered":"GAN 13 Maglev Frosted Stickerless 3&#215;3"},"content":{"rendered":"<p>GAN 13 ist im jetzt bei gRoods erh\u00e4ltlich und endlich ist es m\u00f6glich, GANs neuestes 3&#215;3 Speedcube Flaggschiff in die Finger zu bekommen.<\/p>\n<p>Dieser beeindruckende 3&#215;3-Speedcube ist mit nicht weniger als 88 Magneten ausgestattet, die unterschiedlichen Zwecken dienen, von Kernmagneten bis hin zu MagLev-Magneten. Wie erwartet ist der GAN 13 ein absolutes Speedcube-Biest, und es besteht kein Zweifel, dass er sich noch lange als einer der dominierenden Speedcube-Giganten auf dem Markt behaupten wird. Der W\u00fcrfel ist, wie fr\u00fchere GAN-Flaggschiffw\u00fcrfel, vollst\u00e4ndig anpassbar in Bezug auf Magnetst\u00e4rke, Spannung und Kompression.<br \/>\nDer GAN 13 wiegt nur 71 g, was ihn zu einem der leichtesten Speedcubes auf dem Markt macht, obwohl er vollgepackt ist mit unglaublicher moderner W\u00fcrfeltechnologie. Aus diesem Grund ist es GAN gelungen, einen Speedcube zu erfinden, der sowohl weicher als auch schneller ist als das vorherige 3&#215;3 Flaggschiff \u00a0&#8222;GAN 12&#8220;.<\/p>\n<p>GAN 13 3&#215;3 Magnetic (MagLev) ist die Zukunft des Speedcubing! Er bietet unz\u00e4hlige neue Funktionen und Verbesserungen, die auch Ihre Zeiten verbessern werden!<\/p>\n<h4>MAGLEV-Funktionen<\/h4>\n<ul>\n<li>Magnetische Absto\u00dfungstechnologie<\/li>\n<li>Verbesserte Kernpositionierung 3.0 Auto-Alignment-Technologie<\/li>\n<li>Keine Federn erforderlich<\/li>\n<li>Schnelleres Drehgef\u00fchl<\/li>\n<\/ul>\n<h4>Hauptmerkmale<\/h4>\n<ul>\n<li>88 werkseitig installierte Magnete<\/li>\n<li>6 Eckmagneteinstellungen<\/li>\n<li>Neues Kantenmagnet-Design<\/li>\n<li>Numerisches GTN-Spannsystem (6 Einstellungen)<\/li>\n<li>216 m\u00f6gliche Konfigurationseinstellungen<\/li>\n<li>Wabenf\u00f6rmiges Design f\u00fcr eine bessere Schmiermittelverteilung<\/li>\n<li>einschlie\u00dflich Zubeh\u00f6r<\/li>\n<li>Aufbewahrungstasche<\/li>\n<li>Aufbewahrungsbox (Version 10)<\/li>\n<li>Einstellwerkzeug<\/li>\n<li>CFOP-Tutorial-Leitfaden<\/li>\n<\/ul>\n","protected":false},"excerpt":{"rendered":"<p>GAN 13 ist im jetzt bei gRoods erh\u00e4ltlich und endlich ist es m\u00f6glich, GANs neuestes 3&#215;3 Speedcube Flaggschiff in die Finger zu bekommen. Dieser beeindruckende 3&#215;3-Speedcube ist mit nicht weniger als 88 Magneten ausgestattet, die unterschiedlichen Zwecken dienen, von Kernmagneten bis hin zu MagLev-Magneten. Wie erwartet ist der GAN 13 ein absolutes Speedcube-Biest, und es [&hellip;]<\/p>\n","protected":false},"featured_media":9166,"comment_status":"open","ping_status":"closed","template":"","meta":[],"product_brand":[],"product_cat":[53,88,40,86],"product_tag":[],"class_list":{"0":"post-9158","1":"product","2":"type-product","3":"status-publish","4":"has-post-thumbnail","6":"product_cat-3x3","7":"product_cat-gan","8":"product_cat-magnetische-zauberwuerfel","9":"product_cat-neue-produkte","11":"first","12":"instock","13":"taxable","14":"shipping-taxable","15":"purchasable","16":"product-type-simple"},"yoast_head":"<!-- This site is optimized with the Yoast SEO plugin v26.7 - https:\/\/yoast.com\/wordpress\/plugins\/seo\/ -->\n<title>GAN 13 Maglev Frosted Stickerless 3x3 - gRoods<\/title>\n<meta name=\"robots\" content=\"index, follow, max-snippet:-1, max-image-preview:large, max-video-preview:-1\" \/>\n<link rel=\"canonical\" href=\"https:\/\/www.groods.de\/index.php\/produkt\/gan-13-maglev-frosted-stickerless-3x3\/\" \/>\n<meta property=\"og:locale\" content=\"de_DE\" \/>\n<meta property=\"og:type\" content=\"article\" \/>\n<meta property=\"og:title\" content=\"GAN 13 Maglev Frosted Stickerless 3x3 - gRoods\" \/>\n<meta property=\"og:description\" content=\"GAN 13 ist im jetzt bei gRoods erh\u00e4ltlich und endlich ist es m\u00f6glich, GANs neuestes 3&#215;3 Speedcube Flaggschiff in die Finger zu bekommen. Dieser beeindruckende 3&#215;3-Speedcube ist mit nicht weniger als 88 Magneten ausgestattet, die unterschiedlichen Zwecken dienen, von Kernmagneten bis hin zu MagLev-Magneten. Wie erwartet ist der GAN 13 ein absolutes Speedcube-Biest, und es [&hellip;]\" \/>\n<meta property=\"og:url\" content=\"https:\/\/www.groods.de\/index.php\/produkt\/gan-13-maglev-frosted-stickerless-3x3\/\" \/>\n<meta property=\"og:site_name\" content=\"gRoods\" \/>\n<meta property=\"article:modified_time\" content=\"2025-11-19T21:41:53+00:00\" \/>\n<meta property=\"og:image\" content=\"https:\/\/www.groods.de\/wp-content\/uploads\/2023\/01\/GAN-131.jpg\" \/>\n\t<meta property=\"og:image:width\" content=\"1488\" \/>\n\t<meta property=\"og:image:height\" content=\"1439\" \/>\n\t<meta property=\"og:image:type\" content=\"image\/jpeg\" \/>\n<meta name=\"twitter:card\" content=\"summary_large_image\" \/>\n<meta name=\"twitter:label1\" content=\"Gesch\u00e4tzte Lesezeit\" \/>\n\t<meta name=\"twitter:data1\" content=\"2\u00a0Minuten\" \/>\n<script type=\"application\/ld+json\" class=\"yoast-schema-graph\">{\"@context\":\"https:\/\/schema.org\",\"@graph\":[{\"@type\":\"WebPage\",\"@id\":\"https:\/\/www.groods.de\/index.php\/produkt\/gan-13-maglev-frosted-stickerless-3x3\/\",\"url\":\"https:\/\/www.groods.de\/index.php\/produkt\/gan-13-maglev-frosted-stickerless-3x3\/\",\"name\":\"GAN 13 Maglev Frosted Stickerless 3x3 - gRoods\",\"isPartOf\":{\"@id\":\"https:\/\/www.groods.de\/#website\"},\"primaryImageOfPage\":{\"@id\":\"https:\/\/www.groods.de\/index.php\/produkt\/gan-13-maglev-frosted-stickerless-3x3\/#primaryimage\"},\"image\":{\"@id\":\"https:\/\/www.groods.de\/index.php\/produkt\/gan-13-maglev-frosted-stickerless-3x3\/#primaryimage\"},\"thumbnailUrl\":\"https:\/\/www.groods.de\/wp-content\/uploads\/2023\/01\/GAN-131.jpg\",\"datePublished\":\"2023-01-10T12:13:50+00:00\",\"dateModified\":\"2025-11-19T21:41:53+00:00\",\"breadcrumb\":{\"@id\":\"https:\/\/www.groods.de\/index.php\/produkt\/gan-13-maglev-frosted-stickerless-3x3\/#breadcrumb\"},\"inLanguage\":\"de\",\"potentialAction\":[{\"@type\":\"ReadAction\",\"target\":[\"https:\/\/www.groods.de\/index.php\/produkt\/gan-13-maglev-frosted-stickerless-3x3\/\"]}]},{\"@type\":\"ImageObject\",\"inLanguage\":\"de\",\"@id\":\"https:\/\/www.groods.de\/index.php\/produkt\/gan-13-maglev-frosted-stickerless-3x3\/#primaryimage\",\"url\":\"https:\/\/www.groods.de\/wp-content\/uploads\/2023\/01\/GAN-131.jpg\",\"contentUrl\":\"https:\/\/www.groods.de\/wp-content\/uploads\/2023\/01\/GAN-131.jpg\",\"width\":1488,\"height\":1439},{\"@type\":\"BreadcrumbList\",\"@id\":\"https:\/\/www.groods.de\/index.php\/produkt\/gan-13-maglev-frosted-stickerless-3x3\/#breadcrumb\",\"itemListElement\":[{\"@type\":\"ListItem\",\"position\":1,\"name\":\"Startseite\",\"item\":\"https:\/\/www.groods.de\/\"},{\"@type\":\"ListItem\",\"position\":2,\"name\":\"Shop\",\"item\":\"https:\/\/www.groods.de\/index.php\/shop\/\"},{\"@type\":\"ListItem\",\"position\":3,\"name\":\"GAN 13 Maglev Frosted Stickerless 3&#215;3\"}]},{\"@type\":\"WebSite\",\"@id\":\"https:\/\/www.groods.de\/#website\",\"url\":\"https:\/\/www.groods.de\/\",\"name\":\"gRoods.de\",\"description\":\"Entdecke die Welt der Speedcubes\",\"publisher\":{\"@id\":\"https:\/\/www.groods.de\/#organization\"},\"potentialAction\":[{\"@type\":\"SearchAction\",\"target\":{\"@type\":\"EntryPoint\",\"urlTemplate\":\"https:\/\/www.groods.de\/?s={search_term_string}\"},\"query-input\":{\"@type\":\"PropertyValueSpecification\",\"valueRequired\":true,\"valueName\":\"search_term_string\"}}],\"inLanguage\":\"de\"},{\"@type\":\"Organization\",\"@id\":\"https:\/\/www.groods.de\/#organization\",\"name\":\"gRoods.de\",\"url\":\"https:\/\/www.groods.de\/\",\"logo\":{\"@type\":\"ImageObject\",\"inLanguage\":\"de\",\"@id\":\"https:\/\/www.groods.de\/#\/schema\/logo\/image\/\",\"url\":\"https:\/\/www.groods.de\/wp-content\/uploads\/2018\/08\/logo.png\",\"contentUrl\":\"https:\/\/www.groods.de\/wp-content\/uploads\/2018\/08\/logo.png\",\"width\":1077,\"height\":373,\"caption\":\"gRoods.de\"},\"image\":{\"@id\":\"https:\/\/www.groods.de\/#\/schema\/logo\/image\/\"}}]}<\/script>\n<!-- \/ Yoast SEO plugin. -->","yoast_head_json":{"title":"GAN 13 Maglev Frosted Stickerless 3x3 - gRoods","robots":{"index":"index","follow":"follow","max-snippet":"max-snippet:-1","max-image-preview":"max-image-preview:large","max-video-preview":"max-video-preview:-1"},"canonical":"https:\/\/www.groods.de\/index.php\/produkt\/gan-13-maglev-frosted-stickerless-3x3\/","og_locale":"de_DE","og_type":"article","og_title":"GAN 13 Maglev Frosted Stickerless 3x3 - gRoods","og_description":"GAN 13 ist im jetzt bei gRoods erh\u00e4ltlich und endlich ist es m\u00f6glich, GANs neuestes 3&#215;3 Speedcube Flaggschiff in die Finger zu bekommen. Dieser beeindruckende 3&#215;3-Speedcube ist mit nicht weniger als 88 Magneten ausgestattet, die unterschiedlichen Zwecken dienen, von Kernmagneten bis hin zu MagLev-Magneten. Wie erwartet ist der GAN 13 ein absolutes Speedcube-Biest, und es [&hellip;]","og_url":"https:\/\/www.groods.de\/index.php\/produkt\/gan-13-maglev-frosted-stickerless-3x3\/","og_site_name":"gRoods","article_modified_time":"2025-11-19T21:41:53+00:00","og_image":[{"width":1488,"height":1439,"url":"https:\/\/www.groods.de\/wp-content\/uploads\/2023\/01\/GAN-131.jpg","type":"image\/jpeg"}],"twitter_card":"summary_large_image","twitter_misc":{"Gesch\u00e4tzte Lesezeit":"2\u00a0Minuten"},"schema":{"@context":"https:\/\/schema.org","@graph":[{"@type":"WebPage","@id":"https:\/\/www.groods.de\/index.php\/produkt\/gan-13-maglev-frosted-stickerless-3x3\/","url":"https:\/\/www.groods.de\/index.php\/produkt\/gan-13-maglev-frosted-stickerless-3x3\/","name":"GAN 13 Maglev Frosted Stickerless 3x3 - gRoods","isPartOf":{"@id":"https:\/\/www.groods.de\/#website"},"primaryImageOfPage":{"@id":"https:\/\/www.groods.de\/index.php\/produkt\/gan-13-maglev-frosted-stickerless-3x3\/#primaryimage"},"image":{"@id":"https:\/\/www.groods.de\/index.php\/produkt\/gan-13-maglev-frosted-stickerless-3x3\/#primaryimage"},"thumbnailUrl":"https:\/\/www.groods.de\/wp-content\/uploads\/2023\/01\/GAN-131.jpg","datePublished":"2023-01-10T12:13:50+00:00","dateModified":"2025-11-19T21:41:53+00:00","breadcrumb":{"@id":"https:\/\/www.groods.de\/index.php\/produkt\/gan-13-maglev-frosted-stickerless-3x3\/#breadcrumb"},"inLanguage":"de","potentialAction":[{"@type":"ReadAction","target":["https:\/\/www.groods.de\/index.php\/produkt\/gan-13-maglev-frosted-stickerless-3x3\/"]}]},{"@type":"ImageObject","inLanguage":"de","@id":"https:\/\/www.groods.de\/index.php\/produkt\/gan-13-maglev-frosted-stickerless-3x3\/#primaryimage","url":"https:\/\/www.groods.de\/wp-content\/uploads\/2023\/01\/GAN-131.jpg","contentUrl":"https:\/\/www.groods.de\/wp-content\/uploads\/2023\/01\/GAN-131.jpg","width":1488,"height":1439},{"@type":"BreadcrumbList","@id":"https:\/\/www.groods.de\/index.php\/produkt\/gan-13-maglev-frosted-stickerless-3x3\/#breadcrumb","itemListElement":[{"@type":"ListItem","position":1,"name":"Startseite","item":"https:\/\/www.groods.de\/"},{"@type":"ListItem","position":2,"name":"Shop","item":"https:\/\/www.groods.de\/index.php\/shop\/"},{"@type":"ListItem","position":3,"name":"GAN 13 Maglev Frosted Stickerless 3&#215;3"}]},{"@type":"WebSite","@id":"https:\/\/www.groods.de\/#website","url":"https:\/\/www.groods.de\/","name":"gRoods.de","description":"Entdecke die Welt der Speedcubes","publisher":{"@id":"https:\/\/www.groods.de\/#organization"},"potentialAction":[{"@type":"SearchAction","target":{"@type":"EntryPoint","urlTemplate":"https:\/\/www.groods.de\/?s={search_term_string}"},"query-input":{"@type":"PropertyValueSpecification","valueRequired":true,"valueName":"search_term_string"}}],"inLanguage":"de"},{"@type":"Organization","@id":"https:\/\/www.groods.de\/#organization","name":"gRoods.de","url":"https:\/\/www.groods.de\/","logo":{"@type":"ImageObject","inLanguage":"de","@id":"https:\/\/www.groods.de\/#\/schema\/logo\/image\/","url":"https:\/\/www.groods.de\/wp-content\/uploads\/2018\/08\/logo.png","contentUrl":"https:\/\/www.groods.de\/wp-content\/uploads\/2018\/08\/logo.png","width":1077,"height":373,"caption":"gRoods.de"},"image":{"@id":"https:\/\/www.groods.de\/#\/schema\/logo\/image\/"}}]}},"_links":{"self":[{"href":"https:\/\/www.groods.de\/index.php\/wp-json\/wp\/v2\/product\/9158","targetHints":{"allow":["GET"]}}],"collection":[{"href":"https:\/\/www.groods.de\/index.php\/wp-json\/wp\/v2\/product"}],"about":[{"href":"https:\/\/www.groods.de\/index.php\/wp-json\/wp\/v2\/types\/product"}],"replies":[{"embeddable":true,"href":"https:\/\/www.groods.de\/index.php\/wp-json\/wp\/v2\/comments?post=9158"}],"wp:featuredmedia":[{"embeddable":true,"href":"https:\/\/www.groods.de\/index.php\/wp-json\/wp\/v2\/media\/9166"}],"wp:attachment":[{"href":"https:\/\/www.groods.de\/index.php\/wp-json\/wp\/v2\/media?parent=9158"}],"wp:term":[{"taxonomy":"product_brand","embeddable":true,"href":"https:\/\/www.groods.de\/index.php\/wp-json\/wp\/v2\/product_brand?post=9158"},{"taxonomy":"product_cat","embeddable":true,"href":"https:\/\/www.groods.de\/index.php\/wp-json\/wp\/v2\/product_cat?post=9158"},{"taxonomy":"product_tag","embeddable":true,"href":"https:\/\/www.groods.de\/index.php\/wp-json\/wp\/v2\/product_tag?post=9158"}],"curies":[{"name":"wp","href":"https:\/\/api.w.org\/{rel}","templated":true}]}}