{"id":8919,"date":"2022-09-19T21:42:10","date_gmt":"2022-09-19T19:42:10","guid":{"rendered":"https:\/\/www.groods.de\/index.php\/produkt\/moyu-weilong-wr-m-maglev\/"},"modified":"2025-11-19T22:41:19","modified_gmt":"2025-11-19T21:41:19","slug":"moyu-weilong-wr-m-maglev","status":"publish","type":"product","link":"https:\/\/www.groods.de\/index.php\/produkt\/moyu-weilong-wr-m-maglev\/","title":{"rendered":"MoYu Weilong WR M MagLev"},"content":{"rendered":"<p>Der WeiLong WR M MagLev ist die neueste Version in der ber\u00fchmten WeiLong-Linie. Dieser 3&#215;3 verf\u00fcgt \u00fcber violette Innenteile, magnetische Einstellung, Zug- und Druckeinstellung und ein MAGLEV-System anstelle herk\u00f6mmlicher Federn.<\/p>\n<p>Die Maglev-Technologie verwendet gegen\u00fcberliegende Magnete (magnetic levitation), um die Federkraft zu replizieren, dies reduziert die Reibung und eliminiert Federger\u00e4usche vollst\u00e4ndig.<\/p>\n<p>Kommt mit:<br \/>\nWeiLong WR M MAGLEV<br \/>\nMoyu W\u00fcrfelst\u00e4nder<br \/>\nSchraubendreher<br \/>\nKompressionseinstellungswerkzeug<br \/>\nMagnet-Einstellwerkzeug<\/p>\n","protected":false},"excerpt":{"rendered":"<p>Der WeiLong WR M MagLev ist die neueste Version in der ber\u00fchmten WeiLong-Linie. Dieser 3&#215;3 verf\u00fcgt \u00fcber violette Innenteile, magnetische Einstellung, Zug- und Druckeinstellung und ein MAGLEV-System anstelle herk\u00f6mmlicher Federn. Die Maglev-Technologie verwendet gegen\u00fcberliegende Magnete (magnetic levitation), um die Federkraft zu replizieren, dies reduziert die Reibung und eliminiert Federger\u00e4usche vollst\u00e4ndig. Kommt mit: WeiLong WR M [&hellip;]<\/p>\n","protected":false},"featured_media":8995,"comment_status":"open","ping_status":"closed","template":"","meta":[],"product_brand":[],"product_cat":[53,40,38,86],"product_tag":[],"class_list":{"0":"post-8919","1":"product","2":"type-product","3":"status-publish","4":"has-post-thumbnail","6":"product_cat-3x3","7":"product_cat-magnetische-zauberwuerfel","8":"product_cat-moyu","9":"product_cat-neue-produkte","11":"first","12":"instock","13":"taxable","14":"shipping-taxable","15":"purchasable","16":"product-type-simple"},"yoast_head":"<!-- This site is optimized with the Yoast SEO plugin v26.7 - https:\/\/yoast.com\/wordpress\/plugins\/seo\/ -->\n<title>MoYu Weilong WR M MagLev - gRoods<\/title>\n<meta name=\"robots\" content=\"index, follow, max-snippet:-1, max-image-preview:large, max-video-preview:-1\" \/>\n<link rel=\"canonical\" href=\"https:\/\/www.groods.de\/index.php\/produkt\/moyu-weilong-wr-m-maglev\/\" \/>\n<meta property=\"og:locale\" content=\"de_DE\" \/>\n<meta property=\"og:type\" content=\"article\" \/>\n<meta property=\"og:title\" content=\"MoYu Weilong WR M MagLev - gRoods\" \/>\n<meta property=\"og:description\" content=\"Der WeiLong WR M MagLev ist die neueste Version in der ber\u00fchmten WeiLong-Linie. Dieser 3&#215;3 verf\u00fcgt \u00fcber violette Innenteile, magnetische Einstellung, Zug- und Druckeinstellung und ein MAGLEV-System anstelle herk\u00f6mmlicher Federn. Die Maglev-Technologie verwendet gegen\u00fcberliegende Magnete (magnetic levitation), um die Federkraft zu replizieren, dies reduziert die Reibung und eliminiert Federger\u00e4usche vollst\u00e4ndig. Kommt mit: WeiLong WR M [&hellip;]\" \/>\n<meta property=\"og:url\" content=\"https:\/\/www.groods.de\/index.php\/produkt\/moyu-weilong-wr-m-maglev\/\" \/>\n<meta property=\"og:site_name\" content=\"gRoods\" \/>\n<meta property=\"article:modified_time\" content=\"2025-11-19T21:41:19+00:00\" \/>\n<meta property=\"og:image\" content=\"https:\/\/www.groods.de\/wp-content\/uploads\/2022\/09\/MYWR3MAGLEV-1632896162sAZ.jpg\" \/>\n\t<meta property=\"og:image:width\" content=\"800\" \/>\n\t<meta property=\"og:image:height\" content=\"800\" \/>\n\t<meta property=\"og:image:type\" content=\"image\/jpeg\" \/>\n<meta name=\"twitter:card\" content=\"summary_large_image\" \/>\n<meta name=\"twitter:label1\" content=\"Gesch\u00e4tzte Lesezeit\" \/>\n\t<meta name=\"twitter:data1\" content=\"1\u00a0Minute\" \/>\n<script type=\"application\/ld+json\" class=\"yoast-schema-graph\">{\"@context\":\"https:\/\/schema.org\",\"@graph\":[{\"@type\":\"WebPage\",\"@id\":\"https:\/\/www.groods.de\/index.php\/produkt\/moyu-weilong-wr-m-maglev\/\",\"url\":\"https:\/\/www.groods.de\/index.php\/produkt\/moyu-weilong-wr-m-maglev\/\",\"name\":\"MoYu Weilong WR M MagLev - gRoods\",\"isPartOf\":{\"@id\":\"https:\/\/www.groods.de\/#website\"},\"primaryImageOfPage\":{\"@id\":\"https:\/\/www.groods.de\/index.php\/produkt\/moyu-weilong-wr-m-maglev\/#primaryimage\"},\"image\":{\"@id\":\"https:\/\/www.groods.de\/index.php\/produkt\/moyu-weilong-wr-m-maglev\/#primaryimage\"},\"thumbnailUrl\":\"https:\/\/www.groods.de\/wp-content\/uploads\/2022\/09\/MYWR3MAGLEV-1632896162sAZ.jpg\",\"datePublished\":\"2022-09-19T19:42:10+00:00\",\"dateModified\":\"2025-11-19T21:41:19+00:00\",\"breadcrumb\":{\"@id\":\"https:\/\/www.groods.de\/index.php\/produkt\/moyu-weilong-wr-m-maglev\/#breadcrumb\"},\"inLanguage\":\"de\",\"potentialAction\":[{\"@type\":\"ReadAction\",\"target\":[\"https:\/\/www.groods.de\/index.php\/produkt\/moyu-weilong-wr-m-maglev\/\"]}]},{\"@type\":\"ImageObject\",\"inLanguage\":\"de\",\"@id\":\"https:\/\/www.groods.de\/index.php\/produkt\/moyu-weilong-wr-m-maglev\/#primaryimage\",\"url\":\"https:\/\/www.groods.de\/wp-content\/uploads\/2022\/09\/MYWR3MAGLEV-1632896162sAZ.jpg\",\"contentUrl\":\"https:\/\/www.groods.de\/wp-content\/uploads\/2022\/09\/MYWR3MAGLEV-1632896162sAZ.jpg\",\"width\":800,\"height\":800},{\"@type\":\"BreadcrumbList\",\"@id\":\"https:\/\/www.groods.de\/index.php\/produkt\/moyu-weilong-wr-m-maglev\/#breadcrumb\",\"itemListElement\":[{\"@type\":\"ListItem\",\"position\":1,\"name\":\"Startseite\",\"item\":\"https:\/\/www.groods.de\/\"},{\"@type\":\"ListItem\",\"position\":2,\"name\":\"Shop\",\"item\":\"https:\/\/www.groods.de\/index.php\/shop\/\"},{\"@type\":\"ListItem\",\"position\":3,\"name\":\"MoYu Weilong WR M MagLev\"}]},{\"@type\":\"WebSite\",\"@id\":\"https:\/\/www.groods.de\/#website\",\"url\":\"https:\/\/www.groods.de\/\",\"name\":\"gRoods.de\",\"description\":\"Entdecke die Welt der Speedcubes\",\"publisher\":{\"@id\":\"https:\/\/www.groods.de\/#organization\"},\"potentialAction\":[{\"@type\":\"SearchAction\",\"target\":{\"@type\":\"EntryPoint\",\"urlTemplate\":\"https:\/\/www.groods.de\/?s={search_term_string}\"},\"query-input\":{\"@type\":\"PropertyValueSpecification\",\"valueRequired\":true,\"valueName\":\"search_term_string\"}}],\"inLanguage\":\"de\"},{\"@type\":\"Organization\",\"@id\":\"https:\/\/www.groods.de\/#organization\",\"name\":\"gRoods.de\",\"url\":\"https:\/\/www.groods.de\/\",\"logo\":{\"@type\":\"ImageObject\",\"inLanguage\":\"de\",\"@id\":\"https:\/\/www.groods.de\/#\/schema\/logo\/image\/\",\"url\":\"https:\/\/www.groods.de\/wp-content\/uploads\/2018\/08\/logo.png\",\"contentUrl\":\"https:\/\/www.groods.de\/wp-content\/uploads\/2018\/08\/logo.png\",\"width\":1077,\"height\":373,\"caption\":\"gRoods.de\"},\"image\":{\"@id\":\"https:\/\/www.groods.de\/#\/schema\/logo\/image\/\"}}]}<\/script>\n<!-- \/ Yoast SEO plugin. -->","yoast_head_json":{"title":"MoYu Weilong WR M MagLev - gRoods","robots":{"index":"index","follow":"follow","max-snippet":"max-snippet:-1","max-image-preview":"max-image-preview:large","max-video-preview":"max-video-preview:-1"},"canonical":"https:\/\/www.groods.de\/index.php\/produkt\/moyu-weilong-wr-m-maglev\/","og_locale":"de_DE","og_type":"article","og_title":"MoYu Weilong WR M MagLev - gRoods","og_description":"Der WeiLong WR M MagLev ist die neueste Version in der ber\u00fchmten WeiLong-Linie. Dieser 3&#215;3 verf\u00fcgt \u00fcber violette Innenteile, magnetische Einstellung, Zug- und Druckeinstellung und ein MAGLEV-System anstelle herk\u00f6mmlicher Federn. Die Maglev-Technologie verwendet gegen\u00fcberliegende Magnete (magnetic levitation), um die Federkraft zu replizieren, dies reduziert die Reibung und eliminiert Federger\u00e4usche vollst\u00e4ndig. Kommt mit: WeiLong WR M [&hellip;]","og_url":"https:\/\/www.groods.de\/index.php\/produkt\/moyu-weilong-wr-m-maglev\/","og_site_name":"gRoods","article_modified_time":"2025-11-19T21:41:19+00:00","og_image":[{"width":800,"height":800,"url":"https:\/\/www.groods.de\/wp-content\/uploads\/2022\/09\/MYWR3MAGLEV-1632896162sAZ.jpg","type":"image\/jpeg"}],"twitter_card":"summary_large_image","twitter_misc":{"Gesch\u00e4tzte Lesezeit":"1\u00a0Minute"},"schema":{"@context":"https:\/\/schema.org","@graph":[{"@type":"WebPage","@id":"https:\/\/www.groods.de\/index.php\/produkt\/moyu-weilong-wr-m-maglev\/","url":"https:\/\/www.groods.de\/index.php\/produkt\/moyu-weilong-wr-m-maglev\/","name":"MoYu Weilong WR M MagLev - gRoods","isPartOf":{"@id":"https:\/\/www.groods.de\/#website"},"primaryImageOfPage":{"@id":"https:\/\/www.groods.de\/index.php\/produkt\/moyu-weilong-wr-m-maglev\/#primaryimage"},"image":{"@id":"https:\/\/www.groods.de\/index.php\/produkt\/moyu-weilong-wr-m-maglev\/#primaryimage"},"thumbnailUrl":"https:\/\/www.groods.de\/wp-content\/uploads\/2022\/09\/MYWR3MAGLEV-1632896162sAZ.jpg","datePublished":"2022-09-19T19:42:10+00:00","dateModified":"2025-11-19T21:41:19+00:00","breadcrumb":{"@id":"https:\/\/www.groods.de\/index.php\/produkt\/moyu-weilong-wr-m-maglev\/#breadcrumb"},"inLanguage":"de","potentialAction":[{"@type":"ReadAction","target":["https:\/\/www.groods.de\/index.php\/produkt\/moyu-weilong-wr-m-maglev\/"]}]},{"@type":"ImageObject","inLanguage":"de","@id":"https:\/\/www.groods.de\/index.php\/produkt\/moyu-weilong-wr-m-maglev\/#primaryimage","url":"https:\/\/www.groods.de\/wp-content\/uploads\/2022\/09\/MYWR3MAGLEV-1632896162sAZ.jpg","contentUrl":"https:\/\/www.groods.de\/wp-content\/uploads\/2022\/09\/MYWR3MAGLEV-1632896162sAZ.jpg","width":800,"height":800},{"@type":"BreadcrumbList","@id":"https:\/\/www.groods.de\/index.php\/produkt\/moyu-weilong-wr-m-maglev\/#breadcrumb","itemListElement":[{"@type":"ListItem","position":1,"name":"Startseite","item":"https:\/\/www.groods.de\/"},{"@type":"ListItem","position":2,"name":"Shop","item":"https:\/\/www.groods.de\/index.php\/shop\/"},{"@type":"ListItem","position":3,"name":"MoYu Weilong WR M MagLev"}]},{"@type":"WebSite","@id":"https:\/\/www.groods.de\/#website","url":"https:\/\/www.groods.de\/","name":"gRoods.de","description":"Entdecke die Welt der Speedcubes","publisher":{"@id":"https:\/\/www.groods.de\/#organization"},"potentialAction":[{"@type":"SearchAction","target":{"@type":"EntryPoint","urlTemplate":"https:\/\/www.groods.de\/?s={search_term_string}"},"query-input":{"@type":"PropertyValueSpecification","valueRequired":true,"valueName":"search_term_string"}}],"inLanguage":"de"},{"@type":"Organization","@id":"https:\/\/www.groods.de\/#organization","name":"gRoods.de","url":"https:\/\/www.groods.de\/","logo":{"@type":"ImageObject","inLanguage":"de","@id":"https:\/\/www.groods.de\/#\/schema\/logo\/image\/","url":"https:\/\/www.groods.de\/wp-content\/uploads\/2018\/08\/logo.png","contentUrl":"https:\/\/www.groods.de\/wp-content\/uploads\/2018\/08\/logo.png","width":1077,"height":373,"caption":"gRoods.de"},"image":{"@id":"https:\/\/www.groods.de\/#\/schema\/logo\/image\/"}}]}},"_links":{"self":[{"href":"https:\/\/www.groods.de\/index.php\/wp-json\/wp\/v2\/product\/8919","targetHints":{"allow":["GET"]}}],"collection":[{"href":"https:\/\/www.groods.de\/index.php\/wp-json\/wp\/v2\/product"}],"about":[{"href":"https:\/\/www.groods.de\/index.php\/wp-json\/wp\/v2\/types\/product"}],"replies":[{"embeddable":true,"href":"https:\/\/www.groods.de\/index.php\/wp-json\/wp\/v2\/comments?post=8919"}],"wp:featuredmedia":[{"embeddable":true,"href":"https:\/\/www.groods.de\/index.php\/wp-json\/wp\/v2\/media\/8995"}],"wp:attachment":[{"href":"https:\/\/www.groods.de\/index.php\/wp-json\/wp\/v2\/media?parent=8919"}],"wp:term":[{"taxonomy":"product_brand","embeddable":true,"href":"https:\/\/www.groods.de\/index.php\/wp-json\/wp\/v2\/product_brand?post=8919"},{"taxonomy":"product_cat","embeddable":true,"href":"https:\/\/www.groods.de\/index.php\/wp-json\/wp\/v2\/product_cat?post=8919"},{"taxonomy":"product_tag","embeddable":true,"href":"https:\/\/www.groods.de\/index.php\/wp-json\/wp\/v2\/product_tag?post=8919"}],"curies":[{"name":"wp","href":"https:\/\/api.w.org\/{rel}","templated":true}]}}