{"id":8913,"date":"2022-09-19T21:41:59","date_gmt":"2022-09-19T19:41:59","guid":{"rendered":"https:\/\/www.groods.de\/index.php\/produkt\/moyu-rs-magnetic-pyraminx\/"},"modified":"2025-11-19T22:41:29","modified_gmt":"2025-11-19T21:41:29","slug":"moyu-rs-magnetic-pyraminx","status":"publish","type":"product","link":"https:\/\/www.groods.de\/index.php\/produkt\/moyu-rs-magnetic-pyraminx\/","title":{"rendered":"MoYu RS Magnetic Pyraminx"},"content":{"rendered":"<p>Der MoYu RS Pyraminx ist ein leichtes Puzzle, das sich durch schnelles, geschmeidiges Drehen und solide Leistung out of the box auszeichnet. Dieses Puzzle verf\u00fcgt \u00fcber das doppelte Einstellsystem, das eine Anpassung der Spannung und der Federkompression erm\u00f6glicht.<\/p>\n","protected":false},"excerpt":{"rendered":"<p>Der MoYu RS Pyraminx ist ein leichtes Puzzle, das sich durch schnelles, geschmeidiges Drehen und solide Leistung out of the box auszeichnet. Dieses Puzzle verf\u00fcgt \u00fcber das doppelte Einstellsystem, das eine Anpassung der Spannung und der Federkompression erm\u00f6glicht.<\/p>\n","protected":false},"featured_media":8993,"comment_status":"open","ping_status":"closed","template":"","meta":[],"product_brand":[],"product_cat":[38,86,102],"product_tag":[],"class_list":{"0":"post-8913","1":"product","2":"type-product","3":"status-publish","4":"has-post-thumbnail","6":"product_cat-moyu","7":"product_cat-neue-produkte","8":"product_cat-pyraminx","10":"first","11":"instock","12":"taxable","13":"shipping-taxable","14":"purchasable","15":"product-type-simple"},"yoast_head":"<!-- This site is optimized with the Yoast SEO plugin v26.7 - https:\/\/yoast.com\/wordpress\/plugins\/seo\/ -->\n<title>MoYu RS Magnetic Pyraminx - gRoods<\/title>\n<meta name=\"robots\" content=\"index, follow, max-snippet:-1, max-image-preview:large, max-video-preview:-1\" \/>\n<link rel=\"canonical\" href=\"https:\/\/www.groods.de\/index.php\/produkt\/moyu-rs-magnetic-pyraminx\/\" \/>\n<meta property=\"og:locale\" content=\"de_DE\" \/>\n<meta property=\"og:type\" content=\"article\" \/>\n<meta property=\"og:title\" content=\"MoYu RS Magnetic Pyraminx - gRoods\" \/>\n<meta property=\"og:description\" content=\"Der MoYu RS Pyraminx ist ein leichtes Puzzle, das sich durch schnelles, geschmeidiges Drehen und solide Leistung out of the box auszeichnet. Dieses Puzzle verf\u00fcgt \u00fcber das doppelte Einstellsystem, das eine Anpassung der Spannung und der Federkompression erm\u00f6glicht.\" \/>\n<meta property=\"og:url\" content=\"https:\/\/www.groods.de\/index.php\/produkt\/moyu-rs-magnetic-pyraminx\/\" \/>\n<meta property=\"og:site_name\" content=\"gRoods\" \/>\n<meta property=\"article:modified_time\" content=\"2025-11-19T21:41:29+00:00\" \/>\n<meta property=\"og:image\" content=\"https:\/\/www.groods.de\/wp-content\/uploads\/2022\/09\/MoYu_RS_Pyraminx_M.jpg\" \/>\n\t<meta property=\"og:image:width\" content=\"750\" \/>\n\t<meta property=\"og:image:height\" content=\"500\" \/>\n\t<meta property=\"og:image:type\" content=\"image\/jpeg\" \/>\n<meta name=\"twitter:card\" content=\"summary_large_image\" \/>\n<meta name=\"twitter:label1\" content=\"Gesch\u00e4tzte Lesezeit\" \/>\n\t<meta name=\"twitter:data1\" content=\"1\u00a0Minute\" \/>\n<script type=\"application\/ld+json\" class=\"yoast-schema-graph\">{\"@context\":\"https:\/\/schema.org\",\"@graph\":[{\"@type\":\"WebPage\",\"@id\":\"https:\/\/www.groods.de\/index.php\/produkt\/moyu-rs-magnetic-pyraminx\/\",\"url\":\"https:\/\/www.groods.de\/index.php\/produkt\/moyu-rs-magnetic-pyraminx\/\",\"name\":\"MoYu RS Magnetic Pyraminx - gRoods\",\"isPartOf\":{\"@id\":\"https:\/\/www.groods.de\/#website\"},\"primaryImageOfPage\":{\"@id\":\"https:\/\/www.groods.de\/index.php\/produkt\/moyu-rs-magnetic-pyraminx\/#primaryimage\"},\"image\":{\"@id\":\"https:\/\/www.groods.de\/index.php\/produkt\/moyu-rs-magnetic-pyraminx\/#primaryimage\"},\"thumbnailUrl\":\"https:\/\/www.groods.de\/wp-content\/uploads\/2022\/09\/MoYu_RS_Pyraminx_M.jpg\",\"datePublished\":\"2022-09-19T19:41:59+00:00\",\"dateModified\":\"2025-11-19T21:41:29+00:00\",\"breadcrumb\":{\"@id\":\"https:\/\/www.groods.de\/index.php\/produkt\/moyu-rs-magnetic-pyraminx\/#breadcrumb\"},\"inLanguage\":\"de\",\"potentialAction\":[{\"@type\":\"ReadAction\",\"target\":[\"https:\/\/www.groods.de\/index.php\/produkt\/moyu-rs-magnetic-pyraminx\/\"]}]},{\"@type\":\"ImageObject\",\"inLanguage\":\"de\",\"@id\":\"https:\/\/www.groods.de\/index.php\/produkt\/moyu-rs-magnetic-pyraminx\/#primaryimage\",\"url\":\"https:\/\/www.groods.de\/wp-content\/uploads\/2022\/09\/MoYu_RS_Pyraminx_M.jpg\",\"contentUrl\":\"https:\/\/www.groods.de\/wp-content\/uploads\/2022\/09\/MoYu_RS_Pyraminx_M.jpg\",\"width\":750,\"height\":500},{\"@type\":\"BreadcrumbList\",\"@id\":\"https:\/\/www.groods.de\/index.php\/produkt\/moyu-rs-magnetic-pyraminx\/#breadcrumb\",\"itemListElement\":[{\"@type\":\"ListItem\",\"position\":1,\"name\":\"Startseite\",\"item\":\"https:\/\/www.groods.de\/\"},{\"@type\":\"ListItem\",\"position\":2,\"name\":\"Shop\",\"item\":\"https:\/\/www.groods.de\/index.php\/shop\/\"},{\"@type\":\"ListItem\",\"position\":3,\"name\":\"MoYu RS Magnetic Pyraminx\"}]},{\"@type\":\"WebSite\",\"@id\":\"https:\/\/www.groods.de\/#website\",\"url\":\"https:\/\/www.groods.de\/\",\"name\":\"gRoods.de\",\"description\":\"Entdecke die Welt der Speedcubes\",\"publisher\":{\"@id\":\"https:\/\/www.groods.de\/#organization\"},\"potentialAction\":[{\"@type\":\"SearchAction\",\"target\":{\"@type\":\"EntryPoint\",\"urlTemplate\":\"https:\/\/www.groods.de\/?s={search_term_string}\"},\"query-input\":{\"@type\":\"PropertyValueSpecification\",\"valueRequired\":true,\"valueName\":\"search_term_string\"}}],\"inLanguage\":\"de\"},{\"@type\":\"Organization\",\"@id\":\"https:\/\/www.groods.de\/#organization\",\"name\":\"gRoods.de\",\"url\":\"https:\/\/www.groods.de\/\",\"logo\":{\"@type\":\"ImageObject\",\"inLanguage\":\"de\",\"@id\":\"https:\/\/www.groods.de\/#\/schema\/logo\/image\/\",\"url\":\"https:\/\/www.groods.de\/wp-content\/uploads\/2018\/08\/logo.png\",\"contentUrl\":\"https:\/\/www.groods.de\/wp-content\/uploads\/2018\/08\/logo.png\",\"width\":1077,\"height\":373,\"caption\":\"gRoods.de\"},\"image\":{\"@id\":\"https:\/\/www.groods.de\/#\/schema\/logo\/image\/\"}}]}<\/script>\n<!-- \/ Yoast SEO plugin. -->","yoast_head_json":{"title":"MoYu RS Magnetic Pyraminx - gRoods","robots":{"index":"index","follow":"follow","max-snippet":"max-snippet:-1","max-image-preview":"max-image-preview:large","max-video-preview":"max-video-preview:-1"},"canonical":"https:\/\/www.groods.de\/index.php\/produkt\/moyu-rs-magnetic-pyraminx\/","og_locale":"de_DE","og_type":"article","og_title":"MoYu RS Magnetic Pyraminx - gRoods","og_description":"Der MoYu RS Pyraminx ist ein leichtes Puzzle, das sich durch schnelles, geschmeidiges Drehen und solide Leistung out of the box auszeichnet. Dieses Puzzle verf\u00fcgt \u00fcber das doppelte Einstellsystem, das eine Anpassung der Spannung und der Federkompression erm\u00f6glicht.","og_url":"https:\/\/www.groods.de\/index.php\/produkt\/moyu-rs-magnetic-pyraminx\/","og_site_name":"gRoods","article_modified_time":"2025-11-19T21:41:29+00:00","og_image":[{"width":750,"height":500,"url":"https:\/\/www.groods.de\/wp-content\/uploads\/2022\/09\/MoYu_RS_Pyraminx_M.jpg","type":"image\/jpeg"}],"twitter_card":"summary_large_image","twitter_misc":{"Gesch\u00e4tzte Lesezeit":"1\u00a0Minute"},"schema":{"@context":"https:\/\/schema.org","@graph":[{"@type":"WebPage","@id":"https:\/\/www.groods.de\/index.php\/produkt\/moyu-rs-magnetic-pyraminx\/","url":"https:\/\/www.groods.de\/index.php\/produkt\/moyu-rs-magnetic-pyraminx\/","name":"MoYu RS Magnetic Pyraminx - gRoods","isPartOf":{"@id":"https:\/\/www.groods.de\/#website"},"primaryImageOfPage":{"@id":"https:\/\/www.groods.de\/index.php\/produkt\/moyu-rs-magnetic-pyraminx\/#primaryimage"},"image":{"@id":"https:\/\/www.groods.de\/index.php\/produkt\/moyu-rs-magnetic-pyraminx\/#primaryimage"},"thumbnailUrl":"https:\/\/www.groods.de\/wp-content\/uploads\/2022\/09\/MoYu_RS_Pyraminx_M.jpg","datePublished":"2022-09-19T19:41:59+00:00","dateModified":"2025-11-19T21:41:29+00:00","breadcrumb":{"@id":"https:\/\/www.groods.de\/index.php\/produkt\/moyu-rs-magnetic-pyraminx\/#breadcrumb"},"inLanguage":"de","potentialAction":[{"@type":"ReadAction","target":["https:\/\/www.groods.de\/index.php\/produkt\/moyu-rs-magnetic-pyraminx\/"]}]},{"@type":"ImageObject","inLanguage":"de","@id":"https:\/\/www.groods.de\/index.php\/produkt\/moyu-rs-magnetic-pyraminx\/#primaryimage","url":"https:\/\/www.groods.de\/wp-content\/uploads\/2022\/09\/MoYu_RS_Pyraminx_M.jpg","contentUrl":"https:\/\/www.groods.de\/wp-content\/uploads\/2022\/09\/MoYu_RS_Pyraminx_M.jpg","width":750,"height":500},{"@type":"BreadcrumbList","@id":"https:\/\/www.groods.de\/index.php\/produkt\/moyu-rs-magnetic-pyraminx\/#breadcrumb","itemListElement":[{"@type":"ListItem","position":1,"name":"Startseite","item":"https:\/\/www.groods.de\/"},{"@type":"ListItem","position":2,"name":"Shop","item":"https:\/\/www.groods.de\/index.php\/shop\/"},{"@type":"ListItem","position":3,"name":"MoYu RS Magnetic Pyraminx"}]},{"@type":"WebSite","@id":"https:\/\/www.groods.de\/#website","url":"https:\/\/www.groods.de\/","name":"gRoods.de","description":"Entdecke die Welt der Speedcubes","publisher":{"@id":"https:\/\/www.groods.de\/#organization"},"potentialAction":[{"@type":"SearchAction","target":{"@type":"EntryPoint","urlTemplate":"https:\/\/www.groods.de\/?s={search_term_string}"},"query-input":{"@type":"PropertyValueSpecification","valueRequired":true,"valueName":"search_term_string"}}],"inLanguage":"de"},{"@type":"Organization","@id":"https:\/\/www.groods.de\/#organization","name":"gRoods.de","url":"https:\/\/www.groods.de\/","logo":{"@type":"ImageObject","inLanguage":"de","@id":"https:\/\/www.groods.de\/#\/schema\/logo\/image\/","url":"https:\/\/www.groods.de\/wp-content\/uploads\/2018\/08\/logo.png","contentUrl":"https:\/\/www.groods.de\/wp-content\/uploads\/2018\/08\/logo.png","width":1077,"height":373,"caption":"gRoods.de"},"image":{"@id":"https:\/\/www.groods.de\/#\/schema\/logo\/image\/"}}]}},"_links":{"self":[{"href":"https:\/\/www.groods.de\/index.php\/wp-json\/wp\/v2\/product\/8913","targetHints":{"allow":["GET"]}}],"collection":[{"href":"https:\/\/www.groods.de\/index.php\/wp-json\/wp\/v2\/product"}],"about":[{"href":"https:\/\/www.groods.de\/index.php\/wp-json\/wp\/v2\/types\/product"}],"replies":[{"embeddable":true,"href":"https:\/\/www.groods.de\/index.php\/wp-json\/wp\/v2\/comments?post=8913"}],"wp:featuredmedia":[{"embeddable":true,"href":"https:\/\/www.groods.de\/index.php\/wp-json\/wp\/v2\/media\/8993"}],"wp:attachment":[{"href":"https:\/\/www.groods.de\/index.php\/wp-json\/wp\/v2\/media?parent=8913"}],"wp:term":[{"taxonomy":"product_brand","embeddable":true,"href":"https:\/\/www.groods.de\/index.php\/wp-json\/wp\/v2\/product_brand?post=8913"},{"taxonomy":"product_cat","embeddable":true,"href":"https:\/\/www.groods.de\/index.php\/wp-json\/wp\/v2\/product_cat?post=8913"},{"taxonomy":"product_tag","embeddable":true,"href":"https:\/\/www.groods.de\/index.php\/wp-json\/wp\/v2\/product_tag?post=8913"}],"curies":[{"name":"wp","href":"https:\/\/api.w.org\/{rel}","templated":true}]}}