{"id":8911,"date":"2022-09-19T21:38:48","date_gmt":"2022-09-19T19:38:48","guid":{"rendered":"https:\/\/www.groods.de\/index.php\/produkt\/diansheng-solar-2x2\/"},"modified":"2025-12-03T12:24:29","modified_gmt":"2025-12-03T11:24:29","slug":"diansheng-solar-2x2","status":"publish","type":"product","link":"https:\/\/www.groods.de\/index.php\/produkt\/diansheng-solar-2x2\/","title":{"rendered":"Diansheng 2&#215;2"},"content":{"rendered":"<h1>Diansheng 2&#215;2<\/h1>\n<p>Der DianSheng 2&#215;2 ist der neueste W\u00fcrfel des Herstellers DianSheng. Bei diesem W\u00fcrfel, der derzeit nur ohne Aufkleber erh\u00e4ltlich ist, lehnt sich DianSheng an bestehende W\u00fcrfeldesigns an und bietet gleichzeitig sein eigenes Design und strukturelle Verbesserungen.<\/p>\n<h4 class=\"md-end-block md-heading\">Eigenschaften:<\/h4>\n<ul>\n<li class=\"md-end-block\">neu und Originalverpackt<\/li>\n<li class=\"md-end-block\">hohe Qualit\u00e4t<\/li>\n<li class=\"md-end-block\">aus hochwertigem ABS Material, das umweltfreundlich, ungiftig und langlebig ist<\/li>\n<li class=\"md-end-block\"><span class=\"\">einfarbig mit glatter Textur<\/span><\/li>\n<li class=\"md-end-block\">geschmeidige Rotation und komfortables Spielgef\u00fchl<\/li>\n<li class=\"md-end-block\">ausgezeichnete Fehlertoleranz f\u00fcr besonders schnelle Zeiten<\/li>\n<li class=\"md-end-block\"><span class=\"\">geeignet f\u00fcr Speedcube Wettbewerbe<\/span><\/li>\n<\/ul>\n<h4 class=\"md-end-block md-heading\"><span class=\"\">Spezifikationen:<\/span><\/h4>\n<ul>\n<li class=\"md-end-block\">Farbe: Stickerless Design<\/li>\n<li class=\"md-end-block\">Material: Kunststoff (ABS)<\/li>\n<\/ul>\n","protected":false},"excerpt":{"rendered":"<p>Diansheng 2&#215;2 Der DianSheng 2&#215;2 ist der neueste W\u00fcrfel des Herstellers DianSheng. Bei diesem W\u00fcrfel, der derzeit nur ohne Aufkleber erh\u00e4ltlich ist, lehnt sich DianSheng an bestehende W\u00fcrfeldesigns an und bietet gleichzeitig sein eigenes Design und strukturelle Verbesserungen. Eigenschaften: neu und Originalverpackt hohe Qualit\u00e4t aus hochwertigem ABS Material, das umweltfreundlich, ungiftig und langlebig ist einfarbig [&hellip;]<\/p>\n","protected":false},"featured_media":8972,"comment_status":"open","ping_status":"closed","template":"","meta":[],"product_brand":[],"product_cat":[52,86],"product_tag":[],"class_list":{"0":"post-8911","1":"product","2":"type-product","3":"status-publish","4":"has-post-thumbnail","6":"product_cat-2x2","7":"product_cat-neue-produkte","9":"first","10":"instock","11":"taxable","12":"shipping-taxable","13":"purchasable","14":"product-type-simple"},"yoast_head":"<!-- This site is optimized with the Yoast SEO plugin v26.7 - https:\/\/yoast.com\/wordpress\/plugins\/seo\/ -->\n<title>Diansheng 2x2 - gRoods<\/title>\n<meta name=\"robots\" content=\"index, follow, max-snippet:-1, max-image-preview:large, max-video-preview:-1\" \/>\n<link rel=\"canonical\" href=\"https:\/\/www.groods.de\/index.php\/produkt\/diansheng-solar-2x2\/\" \/>\n<meta property=\"og:locale\" content=\"de_DE\" \/>\n<meta property=\"og:type\" content=\"article\" \/>\n<meta property=\"og:title\" content=\"Diansheng 2x2 - gRoods\" \/>\n<meta property=\"og:description\" content=\"Diansheng 2&#215;2 Der DianSheng 2&#215;2 ist der neueste W\u00fcrfel des Herstellers DianSheng. Bei diesem W\u00fcrfel, der derzeit nur ohne Aufkleber erh\u00e4ltlich ist, lehnt sich DianSheng an bestehende W\u00fcrfeldesigns an und bietet gleichzeitig sein eigenes Design und strukturelle Verbesserungen. Eigenschaften: neu und Originalverpackt hohe Qualit\u00e4t aus hochwertigem ABS Material, das umweltfreundlich, ungiftig und langlebig ist einfarbig [&hellip;]\" \/>\n<meta property=\"og:url\" content=\"https:\/\/www.groods.de\/index.php\/produkt\/diansheng-solar-2x2\/\" \/>\n<meta property=\"og:site_name\" content=\"gRoods\" \/>\n<meta property=\"article:modified_time\" content=\"2025-12-03T11:24:29+00:00\" \/>\n<meta property=\"og:image\" content=\"https:\/\/www.groods.de\/wp-content\/uploads\/2022\/09\/ds2.jpg\" \/>\n\t<meta property=\"og:image:width\" content=\"1101\" \/>\n\t<meta property=\"og:image:height\" content=\"1099\" \/>\n\t<meta property=\"og:image:type\" content=\"image\/jpeg\" \/>\n<meta name=\"twitter:card\" content=\"summary_large_image\" \/>\n<meta name=\"twitter:label1\" content=\"Gesch\u00e4tzte Lesezeit\" \/>\n\t<meta name=\"twitter:data1\" content=\"1\u00a0Minute\" \/>\n<script type=\"application\/ld+json\" class=\"yoast-schema-graph\">{\"@context\":\"https:\/\/schema.org\",\"@graph\":[{\"@type\":\"WebPage\",\"@id\":\"https:\/\/www.groods.de\/index.php\/produkt\/diansheng-solar-2x2\/\",\"url\":\"https:\/\/www.groods.de\/index.php\/produkt\/diansheng-solar-2x2\/\",\"name\":\"Diansheng 2x2 - gRoods\",\"isPartOf\":{\"@id\":\"https:\/\/www.groods.de\/#website\"},\"primaryImageOfPage\":{\"@id\":\"https:\/\/www.groods.de\/index.php\/produkt\/diansheng-solar-2x2\/#primaryimage\"},\"image\":{\"@id\":\"https:\/\/www.groods.de\/index.php\/produkt\/diansheng-solar-2x2\/#primaryimage\"},\"thumbnailUrl\":\"https:\/\/www.groods.de\/wp-content\/uploads\/2022\/09\/ds2.jpg\",\"datePublished\":\"2022-09-19T19:38:48+00:00\",\"dateModified\":\"2025-12-03T11:24:29+00:00\",\"breadcrumb\":{\"@id\":\"https:\/\/www.groods.de\/index.php\/produkt\/diansheng-solar-2x2\/#breadcrumb\"},\"inLanguage\":\"de\",\"potentialAction\":[{\"@type\":\"ReadAction\",\"target\":[\"https:\/\/www.groods.de\/index.php\/produkt\/diansheng-solar-2x2\/\"]}]},{\"@type\":\"ImageObject\",\"inLanguage\":\"de\",\"@id\":\"https:\/\/www.groods.de\/index.php\/produkt\/diansheng-solar-2x2\/#primaryimage\",\"url\":\"https:\/\/www.groods.de\/wp-content\/uploads\/2022\/09\/ds2.jpg\",\"contentUrl\":\"https:\/\/www.groods.de\/wp-content\/uploads\/2022\/09\/ds2.jpg\",\"width\":1101,\"height\":1099},{\"@type\":\"BreadcrumbList\",\"@id\":\"https:\/\/www.groods.de\/index.php\/produkt\/diansheng-solar-2x2\/#breadcrumb\",\"itemListElement\":[{\"@type\":\"ListItem\",\"position\":1,\"name\":\"Startseite\",\"item\":\"https:\/\/www.groods.de\/\"},{\"@type\":\"ListItem\",\"position\":2,\"name\":\"Shop\",\"item\":\"https:\/\/www.groods.de\/index.php\/shop\/\"},{\"@type\":\"ListItem\",\"position\":3,\"name\":\"Diansheng 2&#215;2\"}]},{\"@type\":\"WebSite\",\"@id\":\"https:\/\/www.groods.de\/#website\",\"url\":\"https:\/\/www.groods.de\/\",\"name\":\"gRoods.de\",\"description\":\"Entdecke die Welt der Speedcubes\",\"publisher\":{\"@id\":\"https:\/\/www.groods.de\/#organization\"},\"potentialAction\":[{\"@type\":\"SearchAction\",\"target\":{\"@type\":\"EntryPoint\",\"urlTemplate\":\"https:\/\/www.groods.de\/?s={search_term_string}\"},\"query-input\":{\"@type\":\"PropertyValueSpecification\",\"valueRequired\":true,\"valueName\":\"search_term_string\"}}],\"inLanguage\":\"de\"},{\"@type\":\"Organization\",\"@id\":\"https:\/\/www.groods.de\/#organization\",\"name\":\"gRoods.de\",\"url\":\"https:\/\/www.groods.de\/\",\"logo\":{\"@type\":\"ImageObject\",\"inLanguage\":\"de\",\"@id\":\"https:\/\/www.groods.de\/#\/schema\/logo\/image\/\",\"url\":\"https:\/\/www.groods.de\/wp-content\/uploads\/2018\/08\/logo.png\",\"contentUrl\":\"https:\/\/www.groods.de\/wp-content\/uploads\/2018\/08\/logo.png\",\"width\":1077,\"height\":373,\"caption\":\"gRoods.de\"},\"image\":{\"@id\":\"https:\/\/www.groods.de\/#\/schema\/logo\/image\/\"}}]}<\/script>\n<!-- \/ Yoast SEO plugin. -->","yoast_head_json":{"title":"Diansheng 2x2 - gRoods","robots":{"index":"index","follow":"follow","max-snippet":"max-snippet:-1","max-image-preview":"max-image-preview:large","max-video-preview":"max-video-preview:-1"},"canonical":"https:\/\/www.groods.de\/index.php\/produkt\/diansheng-solar-2x2\/","og_locale":"de_DE","og_type":"article","og_title":"Diansheng 2x2 - gRoods","og_description":"Diansheng 2&#215;2 Der DianSheng 2&#215;2 ist der neueste W\u00fcrfel des Herstellers DianSheng. Bei diesem W\u00fcrfel, der derzeit nur ohne Aufkleber erh\u00e4ltlich ist, lehnt sich DianSheng an bestehende W\u00fcrfeldesigns an und bietet gleichzeitig sein eigenes Design und strukturelle Verbesserungen. Eigenschaften: neu und Originalverpackt hohe Qualit\u00e4t aus hochwertigem ABS Material, das umweltfreundlich, ungiftig und langlebig ist einfarbig [&hellip;]","og_url":"https:\/\/www.groods.de\/index.php\/produkt\/diansheng-solar-2x2\/","og_site_name":"gRoods","article_modified_time":"2025-12-03T11:24:29+00:00","og_image":[{"width":1101,"height":1099,"url":"https:\/\/www.groods.de\/wp-content\/uploads\/2022\/09\/ds2.jpg","type":"image\/jpeg"}],"twitter_card":"summary_large_image","twitter_misc":{"Gesch\u00e4tzte Lesezeit":"1\u00a0Minute"},"schema":{"@context":"https:\/\/schema.org","@graph":[{"@type":"WebPage","@id":"https:\/\/www.groods.de\/index.php\/produkt\/diansheng-solar-2x2\/","url":"https:\/\/www.groods.de\/index.php\/produkt\/diansheng-solar-2x2\/","name":"Diansheng 2x2 - gRoods","isPartOf":{"@id":"https:\/\/www.groods.de\/#website"},"primaryImageOfPage":{"@id":"https:\/\/www.groods.de\/index.php\/produkt\/diansheng-solar-2x2\/#primaryimage"},"image":{"@id":"https:\/\/www.groods.de\/index.php\/produkt\/diansheng-solar-2x2\/#primaryimage"},"thumbnailUrl":"https:\/\/www.groods.de\/wp-content\/uploads\/2022\/09\/ds2.jpg","datePublished":"2022-09-19T19:38:48+00:00","dateModified":"2025-12-03T11:24:29+00:00","breadcrumb":{"@id":"https:\/\/www.groods.de\/index.php\/produkt\/diansheng-solar-2x2\/#breadcrumb"},"inLanguage":"de","potentialAction":[{"@type":"ReadAction","target":["https:\/\/www.groods.de\/index.php\/produkt\/diansheng-solar-2x2\/"]}]},{"@type":"ImageObject","inLanguage":"de","@id":"https:\/\/www.groods.de\/index.php\/produkt\/diansheng-solar-2x2\/#primaryimage","url":"https:\/\/www.groods.de\/wp-content\/uploads\/2022\/09\/ds2.jpg","contentUrl":"https:\/\/www.groods.de\/wp-content\/uploads\/2022\/09\/ds2.jpg","width":1101,"height":1099},{"@type":"BreadcrumbList","@id":"https:\/\/www.groods.de\/index.php\/produkt\/diansheng-solar-2x2\/#breadcrumb","itemListElement":[{"@type":"ListItem","position":1,"name":"Startseite","item":"https:\/\/www.groods.de\/"},{"@type":"ListItem","position":2,"name":"Shop","item":"https:\/\/www.groods.de\/index.php\/shop\/"},{"@type":"ListItem","position":3,"name":"Diansheng 2&#215;2"}]},{"@type":"WebSite","@id":"https:\/\/www.groods.de\/#website","url":"https:\/\/www.groods.de\/","name":"gRoods.de","description":"Entdecke die Welt der Speedcubes","publisher":{"@id":"https:\/\/www.groods.de\/#organization"},"potentialAction":[{"@type":"SearchAction","target":{"@type":"EntryPoint","urlTemplate":"https:\/\/www.groods.de\/?s={search_term_string}"},"query-input":{"@type":"PropertyValueSpecification","valueRequired":true,"valueName":"search_term_string"}}],"inLanguage":"de"},{"@type":"Organization","@id":"https:\/\/www.groods.de\/#organization","name":"gRoods.de","url":"https:\/\/www.groods.de\/","logo":{"@type":"ImageObject","inLanguage":"de","@id":"https:\/\/www.groods.de\/#\/schema\/logo\/image\/","url":"https:\/\/www.groods.de\/wp-content\/uploads\/2018\/08\/logo.png","contentUrl":"https:\/\/www.groods.de\/wp-content\/uploads\/2018\/08\/logo.png","width":1077,"height":373,"caption":"gRoods.de"},"image":{"@id":"https:\/\/www.groods.de\/#\/schema\/logo\/image\/"}}]}},"_links":{"self":[{"href":"https:\/\/www.groods.de\/index.php\/wp-json\/wp\/v2\/product\/8911","targetHints":{"allow":["GET"]}}],"collection":[{"href":"https:\/\/www.groods.de\/index.php\/wp-json\/wp\/v2\/product"}],"about":[{"href":"https:\/\/www.groods.de\/index.php\/wp-json\/wp\/v2\/types\/product"}],"replies":[{"embeddable":true,"href":"https:\/\/www.groods.de\/index.php\/wp-json\/wp\/v2\/comments?post=8911"}],"wp:featuredmedia":[{"embeddable":true,"href":"https:\/\/www.groods.de\/index.php\/wp-json\/wp\/v2\/media\/8972"}],"wp:attachment":[{"href":"https:\/\/www.groods.de\/index.php\/wp-json\/wp\/v2\/media?parent=8911"}],"wp:term":[{"taxonomy":"product_brand","embeddable":true,"href":"https:\/\/www.groods.de\/index.php\/wp-json\/wp\/v2\/product_brand?post=8911"},{"taxonomy":"product_cat","embeddable":true,"href":"https:\/\/www.groods.de\/index.php\/wp-json\/wp\/v2\/product_cat?post=8911"},{"taxonomy":"product_tag","embeddable":true,"href":"https:\/\/www.groods.de\/index.php\/wp-json\/wp\/v2\/product_tag?post=8911"}],"curies":[{"name":"wp","href":"https:\/\/api.w.org\/{rel}","templated":true}]}}