{"id":8816,"date":"2022-09-05T08:30:32","date_gmt":"2022-09-05T06:30:32","guid":{"rendered":"https:\/\/www.groods.de\/index.php\/produkt\/yj-guanlong-3x3-v4\/"},"modified":"2025-11-19T22:38:00","modified_gmt":"2025-11-19T21:38:00","slug":"yj-guanlong-3x3-v4","status":"publish","type":"product","link":"https:\/\/www.groods.de\/index.php\/produkt\/yj-guanlong-3x3-v4\/","title":{"rendered":"YJ Guanlong 3&#215;3 V4"},"content":{"rendered":"<p>Der GuanLong ist seit seiner Ver\u00f6ffentlichung eine der Top-Optionen f\u00fcr Budget 3&#215;3 W\u00fcrfel. Der V4 bietet eine robuste Konstruktion und ordentliches Drehgef\u00fchl zu einem tollen Preis! Dieser W\u00fcrfel hat feste Federn und eine gute Spannung, um eine super Leistung out of the box zu gew\u00e4hrleisten.<\/p>\n","protected":false},"excerpt":{"rendered":"<p>Der GuanLong ist seit seiner Ver\u00f6ffentlichung eine der Top-Optionen f\u00fcr Budget 3&#215;3 W\u00fcrfel. Der V4 bietet eine robuste Konstruktion und ordentliches Drehgef\u00fchl zu einem tollen Preis! Dieser W\u00fcrfel hat feste Federn und eine gute Spannung, um eine super Leistung out of the box zu gew\u00e4hrleisten.<\/p>\n","protected":false},"featured_media":8846,"comment_status":"open","ping_status":"closed","template":"","meta":[],"product_brand":[],"product_cat":[53,86,42],"product_tag":[],"class_list":{"0":"post-8816","1":"product","2":"type-product","3":"status-publish","4":"has-post-thumbnail","6":"product_cat-3x3","7":"product_cat-neue-produkte","8":"product_cat-yj","10":"first","11":"instock","12":"taxable","13":"shipping-taxable","14":"purchasable","15":"product-type-simple"},"yoast_head":"<!-- This site is optimized with the Yoast SEO plugin v26.7 - https:\/\/yoast.com\/wordpress\/plugins\/seo\/ -->\n<title>YJ Guanlong 3x3 V4 - gRoods<\/title>\n<meta name=\"robots\" content=\"index, follow, max-snippet:-1, max-image-preview:large, max-video-preview:-1\" \/>\n<link rel=\"canonical\" href=\"https:\/\/www.groods.de\/index.php\/produkt\/yj-guanlong-3x3-v4\/\" \/>\n<meta property=\"og:locale\" content=\"de_DE\" \/>\n<meta property=\"og:type\" content=\"article\" \/>\n<meta property=\"og:title\" content=\"YJ Guanlong 3x3 V4 - gRoods\" \/>\n<meta property=\"og:description\" content=\"Der GuanLong ist seit seiner Ver\u00f6ffentlichung eine der Top-Optionen f\u00fcr Budget 3&#215;3 W\u00fcrfel. Der V4 bietet eine robuste Konstruktion und ordentliches Drehgef\u00fchl zu einem tollen Preis! Dieser W\u00fcrfel hat feste Federn und eine gute Spannung, um eine super Leistung out of the box zu gew\u00e4hrleisten.\" \/>\n<meta property=\"og:url\" content=\"https:\/\/www.groods.de\/index.php\/produkt\/yj-guanlong-3x3-v4\/\" \/>\n<meta property=\"og:site_name\" content=\"gRoods\" \/>\n<meta property=\"article:modified_time\" content=\"2025-11-19T21:38:00+00:00\" \/>\n<meta property=\"og:image\" content=\"https:\/\/www.groods.de\/wp-content\/uploads\/2022\/09\/YJ-Guanlong-v4-1.jpg\" \/>\n\t<meta property=\"og:image:width\" content=\"1000\" \/>\n\t<meta property=\"og:image:height\" content=\"1000\" \/>\n\t<meta property=\"og:image:type\" content=\"image\/jpeg\" \/>\n<meta name=\"twitter:card\" content=\"summary_large_image\" \/>\n<meta name=\"twitter:label1\" content=\"Gesch\u00e4tzte Lesezeit\" \/>\n\t<meta name=\"twitter:data1\" content=\"1\u00a0Minute\" \/>\n<script type=\"application\/ld+json\" class=\"yoast-schema-graph\">{\"@context\":\"https:\/\/schema.org\",\"@graph\":[{\"@type\":\"WebPage\",\"@id\":\"https:\/\/www.groods.de\/index.php\/produkt\/yj-guanlong-3x3-v4\/\",\"url\":\"https:\/\/www.groods.de\/index.php\/produkt\/yj-guanlong-3x3-v4\/\",\"name\":\"YJ Guanlong 3x3 V4 - gRoods\",\"isPartOf\":{\"@id\":\"https:\/\/www.groods.de\/#website\"},\"primaryImageOfPage\":{\"@id\":\"https:\/\/www.groods.de\/index.php\/produkt\/yj-guanlong-3x3-v4\/#primaryimage\"},\"image\":{\"@id\":\"https:\/\/www.groods.de\/index.php\/produkt\/yj-guanlong-3x3-v4\/#primaryimage\"},\"thumbnailUrl\":\"https:\/\/www.groods.de\/wp-content\/uploads\/2022\/09\/YJ-Guanlong-v4-1.jpg\",\"datePublished\":\"2022-09-05T06:30:32+00:00\",\"dateModified\":\"2025-11-19T21:38:00+00:00\",\"breadcrumb\":{\"@id\":\"https:\/\/www.groods.de\/index.php\/produkt\/yj-guanlong-3x3-v4\/#breadcrumb\"},\"inLanguage\":\"de\",\"potentialAction\":[{\"@type\":\"ReadAction\",\"target\":[\"https:\/\/www.groods.de\/index.php\/produkt\/yj-guanlong-3x3-v4\/\"]}]},{\"@type\":\"ImageObject\",\"inLanguage\":\"de\",\"@id\":\"https:\/\/www.groods.de\/index.php\/produkt\/yj-guanlong-3x3-v4\/#primaryimage\",\"url\":\"https:\/\/www.groods.de\/wp-content\/uploads\/2022\/09\/YJ-Guanlong-v4-1.jpg\",\"contentUrl\":\"https:\/\/www.groods.de\/wp-content\/uploads\/2022\/09\/YJ-Guanlong-v4-1.jpg\",\"width\":1000,\"height\":1000},{\"@type\":\"BreadcrumbList\",\"@id\":\"https:\/\/www.groods.de\/index.php\/produkt\/yj-guanlong-3x3-v4\/#breadcrumb\",\"itemListElement\":[{\"@type\":\"ListItem\",\"position\":1,\"name\":\"Startseite\",\"item\":\"https:\/\/www.groods.de\/\"},{\"@type\":\"ListItem\",\"position\":2,\"name\":\"Shop\",\"item\":\"https:\/\/www.groods.de\/index.php\/shop\/\"},{\"@type\":\"ListItem\",\"position\":3,\"name\":\"YJ Guanlong 3&#215;3 V4\"}]},{\"@type\":\"WebSite\",\"@id\":\"https:\/\/www.groods.de\/#website\",\"url\":\"https:\/\/www.groods.de\/\",\"name\":\"gRoods.de\",\"description\":\"Entdecke die Welt der Speedcubes\",\"publisher\":{\"@id\":\"https:\/\/www.groods.de\/#organization\"},\"potentialAction\":[{\"@type\":\"SearchAction\",\"target\":{\"@type\":\"EntryPoint\",\"urlTemplate\":\"https:\/\/www.groods.de\/?s={search_term_string}\"},\"query-input\":{\"@type\":\"PropertyValueSpecification\",\"valueRequired\":true,\"valueName\":\"search_term_string\"}}],\"inLanguage\":\"de\"},{\"@type\":\"Organization\",\"@id\":\"https:\/\/www.groods.de\/#organization\",\"name\":\"gRoods.de\",\"url\":\"https:\/\/www.groods.de\/\",\"logo\":{\"@type\":\"ImageObject\",\"inLanguage\":\"de\",\"@id\":\"https:\/\/www.groods.de\/#\/schema\/logo\/image\/\",\"url\":\"https:\/\/www.groods.de\/wp-content\/uploads\/2018\/08\/logo.png\",\"contentUrl\":\"https:\/\/www.groods.de\/wp-content\/uploads\/2018\/08\/logo.png\",\"width\":1077,\"height\":373,\"caption\":\"gRoods.de\"},\"image\":{\"@id\":\"https:\/\/www.groods.de\/#\/schema\/logo\/image\/\"}}]}<\/script>\n<!-- \/ Yoast SEO plugin. -->","yoast_head_json":{"title":"YJ Guanlong 3x3 V4 - gRoods","robots":{"index":"index","follow":"follow","max-snippet":"max-snippet:-1","max-image-preview":"max-image-preview:large","max-video-preview":"max-video-preview:-1"},"canonical":"https:\/\/www.groods.de\/index.php\/produkt\/yj-guanlong-3x3-v4\/","og_locale":"de_DE","og_type":"article","og_title":"YJ Guanlong 3x3 V4 - gRoods","og_description":"Der GuanLong ist seit seiner Ver\u00f6ffentlichung eine der Top-Optionen f\u00fcr Budget 3&#215;3 W\u00fcrfel. Der V4 bietet eine robuste Konstruktion und ordentliches Drehgef\u00fchl zu einem tollen Preis! Dieser W\u00fcrfel hat feste Federn und eine gute Spannung, um eine super Leistung out of the box zu gew\u00e4hrleisten.","og_url":"https:\/\/www.groods.de\/index.php\/produkt\/yj-guanlong-3x3-v4\/","og_site_name":"gRoods","article_modified_time":"2025-11-19T21:38:00+00:00","og_image":[{"width":1000,"height":1000,"url":"https:\/\/www.groods.de\/wp-content\/uploads\/2022\/09\/YJ-Guanlong-v4-1.jpg","type":"image\/jpeg"}],"twitter_card":"summary_large_image","twitter_misc":{"Gesch\u00e4tzte Lesezeit":"1\u00a0Minute"},"schema":{"@context":"https:\/\/schema.org","@graph":[{"@type":"WebPage","@id":"https:\/\/www.groods.de\/index.php\/produkt\/yj-guanlong-3x3-v4\/","url":"https:\/\/www.groods.de\/index.php\/produkt\/yj-guanlong-3x3-v4\/","name":"YJ Guanlong 3x3 V4 - gRoods","isPartOf":{"@id":"https:\/\/www.groods.de\/#website"},"primaryImageOfPage":{"@id":"https:\/\/www.groods.de\/index.php\/produkt\/yj-guanlong-3x3-v4\/#primaryimage"},"image":{"@id":"https:\/\/www.groods.de\/index.php\/produkt\/yj-guanlong-3x3-v4\/#primaryimage"},"thumbnailUrl":"https:\/\/www.groods.de\/wp-content\/uploads\/2022\/09\/YJ-Guanlong-v4-1.jpg","datePublished":"2022-09-05T06:30:32+00:00","dateModified":"2025-11-19T21:38:00+00:00","breadcrumb":{"@id":"https:\/\/www.groods.de\/index.php\/produkt\/yj-guanlong-3x3-v4\/#breadcrumb"},"inLanguage":"de","potentialAction":[{"@type":"ReadAction","target":["https:\/\/www.groods.de\/index.php\/produkt\/yj-guanlong-3x3-v4\/"]}]},{"@type":"ImageObject","inLanguage":"de","@id":"https:\/\/www.groods.de\/index.php\/produkt\/yj-guanlong-3x3-v4\/#primaryimage","url":"https:\/\/www.groods.de\/wp-content\/uploads\/2022\/09\/YJ-Guanlong-v4-1.jpg","contentUrl":"https:\/\/www.groods.de\/wp-content\/uploads\/2022\/09\/YJ-Guanlong-v4-1.jpg","width":1000,"height":1000},{"@type":"BreadcrumbList","@id":"https:\/\/www.groods.de\/index.php\/produkt\/yj-guanlong-3x3-v4\/#breadcrumb","itemListElement":[{"@type":"ListItem","position":1,"name":"Startseite","item":"https:\/\/www.groods.de\/"},{"@type":"ListItem","position":2,"name":"Shop","item":"https:\/\/www.groods.de\/index.php\/shop\/"},{"@type":"ListItem","position":3,"name":"YJ Guanlong 3&#215;3 V4"}]},{"@type":"WebSite","@id":"https:\/\/www.groods.de\/#website","url":"https:\/\/www.groods.de\/","name":"gRoods.de","description":"Entdecke die Welt der Speedcubes","publisher":{"@id":"https:\/\/www.groods.de\/#organization"},"potentialAction":[{"@type":"SearchAction","target":{"@type":"EntryPoint","urlTemplate":"https:\/\/www.groods.de\/?s={search_term_string}"},"query-input":{"@type":"PropertyValueSpecification","valueRequired":true,"valueName":"search_term_string"}}],"inLanguage":"de"},{"@type":"Organization","@id":"https:\/\/www.groods.de\/#organization","name":"gRoods.de","url":"https:\/\/www.groods.de\/","logo":{"@type":"ImageObject","inLanguage":"de","@id":"https:\/\/www.groods.de\/#\/schema\/logo\/image\/","url":"https:\/\/www.groods.de\/wp-content\/uploads\/2018\/08\/logo.png","contentUrl":"https:\/\/www.groods.de\/wp-content\/uploads\/2018\/08\/logo.png","width":1077,"height":373,"caption":"gRoods.de"},"image":{"@id":"https:\/\/www.groods.de\/#\/schema\/logo\/image\/"}}]}},"_links":{"self":[{"href":"https:\/\/www.groods.de\/index.php\/wp-json\/wp\/v2\/product\/8816","targetHints":{"allow":["GET"]}}],"collection":[{"href":"https:\/\/www.groods.de\/index.php\/wp-json\/wp\/v2\/product"}],"about":[{"href":"https:\/\/www.groods.de\/index.php\/wp-json\/wp\/v2\/types\/product"}],"replies":[{"embeddable":true,"href":"https:\/\/www.groods.de\/index.php\/wp-json\/wp\/v2\/comments?post=8816"}],"wp:featuredmedia":[{"embeddable":true,"href":"https:\/\/www.groods.de\/index.php\/wp-json\/wp\/v2\/media\/8846"}],"wp:attachment":[{"href":"https:\/\/www.groods.de\/index.php\/wp-json\/wp\/v2\/media?parent=8816"}],"wp:term":[{"taxonomy":"product_brand","embeddable":true,"href":"https:\/\/www.groods.de\/index.php\/wp-json\/wp\/v2\/product_brand?post=8816"},{"taxonomy":"product_cat","embeddable":true,"href":"https:\/\/www.groods.de\/index.php\/wp-json\/wp\/v2\/product_cat?post=8816"},{"taxonomy":"product_tag","embeddable":true,"href":"https:\/\/www.groods.de\/index.php\/wp-json\/wp\/v2\/product_tag?post=8816"}],"curies":[{"name":"wp","href":"https:\/\/api.w.org\/{rel}","templated":true}]}}