{"id":8800,"date":"2022-09-05T08:25:58","date_gmt":"2022-09-05T06:25:58","guid":{"rendered":"https:\/\/www.groods.de\/index.php\/produkt\/gan-mosaic-cubes-66-36-cubes\/"},"modified":"2025-11-19T22:39:37","modified_gmt":"2025-11-19T21:39:37","slug":"gan-mosaic-cubes-66-36-cubes","status":"publish","type":"product","link":"https:\/\/www.groods.de\/index.php\/produkt\/gan-mosaic-cubes-66-36-cubes\/","title":{"rendered":"GAN Mosaic Cubes 6*6 (36 cubes)"},"content":{"rendered":"<p>Beim GAN Mosaic Cube handelt es sich um einen Satz von 36 3x3s mit einem Ausstellungsrahmen, mit dem Sie wundersch\u00f6ne Mosaike herstellen k\u00f6nnen! Die 3x3s sind mit 28 mm kleiner als normale 3x3s,\u00a0 lassen sich aber sehr gut drehen. Der Rahmen verf\u00fcgt \u00fcber einen verstellbaren St\u00e4nder, der je nach gew\u00fcnschter Anzeige um 90\u00b0 bis 45\u00b0 geneigt werden kann.<\/p>\n<p>Die Rahmen haben magnetische Befestigungen, mit denen sie sich verbinden k\u00f6nnen, sodass Sie immer gr\u00f6\u00dfer und gr\u00f6\u00dfer bauen k\u00f6nnen!<\/p>\n<p>&nbsp;<\/p>\n","protected":false},"excerpt":{"rendered":"<p>Beim GAN Mosaic Cube handelt es sich um einen Satz von 36 3x3s mit einem Ausstellungsrahmen, mit dem Sie wundersch\u00f6ne Mosaike herstellen k\u00f6nnen! Die 3x3s sind mit 28 mm kleiner als normale 3x3s,\u00a0 lassen sich aber sehr gut drehen. Der Rahmen verf\u00fcgt \u00fcber einen verstellbaren St\u00e4nder, der je nach gew\u00fcnschter Anzeige um 90\u00b0 bis 45\u00b0 [&hellip;]<\/p>\n","protected":false},"featured_media":8849,"comment_status":"open","ping_status":"closed","template":"","meta":[],"product_brand":[],"product_cat":[96,53,56,88,86,60],"product_tag":[],"class_list":{"0":"post-8800","1":"product","2":"type-product","3":"status-publish","4":"has-post-thumbnail","6":"product_cat-10x10","7":"product_cat-3x3","8":"product_cat-6x6","9":"product_cat-gan","10":"product_cat-neue-produkte","11":"product_cat-sets","13":"first","14":"instock","15":"taxable","16":"shipping-taxable","17":"purchasable","18":"product-type-simple"},"yoast_head":"<!-- This site is optimized with the Yoast SEO plugin v26.7 - https:\/\/yoast.com\/wordpress\/plugins\/seo\/ -->\n<title>GAN Mosaic Cubes 6*6 (36 cubes) - gRoods<\/title>\n<meta name=\"robots\" content=\"index, follow, max-snippet:-1, max-image-preview:large, max-video-preview:-1\" \/>\n<link rel=\"canonical\" href=\"https:\/\/www.groods.de\/index.php\/produkt\/gan-mosaic-cubes-66-36-cubes\/\" \/>\n<meta property=\"og:locale\" content=\"de_DE\" \/>\n<meta property=\"og:type\" content=\"article\" \/>\n<meta property=\"og:title\" content=\"GAN Mosaic Cubes 6*6 (36 cubes) - gRoods\" \/>\n<meta property=\"og:description\" content=\"Beim GAN Mosaic Cube handelt es sich um einen Satz von 36 3x3s mit einem Ausstellungsrahmen, mit dem Sie wundersch\u00f6ne Mosaike herstellen k\u00f6nnen! Die 3x3s sind mit 28 mm kleiner als normale 3x3s,\u00a0 lassen sich aber sehr gut drehen. Der Rahmen verf\u00fcgt \u00fcber einen verstellbaren St\u00e4nder, der je nach gew\u00fcnschter Anzeige um 90\u00b0 bis 45\u00b0 [&hellip;]\" \/>\n<meta property=\"og:url\" content=\"https:\/\/www.groods.de\/index.php\/produkt\/gan-mosaic-cubes-66-36-cubes\/\" \/>\n<meta property=\"og:site_name\" content=\"gRoods\" \/>\n<meta property=\"article:modified_time\" content=\"2025-11-19T21:39:37+00:00\" \/>\n<meta property=\"og:image\" content=\"https:\/\/www.groods.de\/wp-content\/uploads\/2022\/09\/GANMOSAIC6-GAN_MOSAIC_CUBES_6x6.jpg\" \/>\n\t<meta property=\"og:image:width\" content=\"551\" \/>\n\t<meta property=\"og:image:height\" content=\"550\" \/>\n\t<meta property=\"og:image:type\" content=\"image\/jpeg\" \/>\n<meta name=\"twitter:card\" content=\"summary_large_image\" \/>\n<meta name=\"twitter:label1\" content=\"Gesch\u00e4tzte Lesezeit\" \/>\n\t<meta name=\"twitter:data1\" content=\"1\u00a0Minute\" \/>\n<script type=\"application\/ld+json\" class=\"yoast-schema-graph\">{\"@context\":\"https:\/\/schema.org\",\"@graph\":[{\"@type\":\"WebPage\",\"@id\":\"https:\/\/www.groods.de\/index.php\/produkt\/gan-mosaic-cubes-66-36-cubes\/\",\"url\":\"https:\/\/www.groods.de\/index.php\/produkt\/gan-mosaic-cubes-66-36-cubes\/\",\"name\":\"GAN Mosaic Cubes 6*6 (36 cubes) - gRoods\",\"isPartOf\":{\"@id\":\"https:\/\/www.groods.de\/#website\"},\"primaryImageOfPage\":{\"@id\":\"https:\/\/www.groods.de\/index.php\/produkt\/gan-mosaic-cubes-66-36-cubes\/#primaryimage\"},\"image\":{\"@id\":\"https:\/\/www.groods.de\/index.php\/produkt\/gan-mosaic-cubes-66-36-cubes\/#primaryimage\"},\"thumbnailUrl\":\"https:\/\/www.groods.de\/wp-content\/uploads\/2022\/09\/GANMOSAIC6-GAN_MOSAIC_CUBES_6x6.jpg\",\"datePublished\":\"2022-09-05T06:25:58+00:00\",\"dateModified\":\"2025-11-19T21:39:37+00:00\",\"breadcrumb\":{\"@id\":\"https:\/\/www.groods.de\/index.php\/produkt\/gan-mosaic-cubes-66-36-cubes\/#breadcrumb\"},\"inLanguage\":\"de\",\"potentialAction\":[{\"@type\":\"ReadAction\",\"target\":[\"https:\/\/www.groods.de\/index.php\/produkt\/gan-mosaic-cubes-66-36-cubes\/\"]}]},{\"@type\":\"ImageObject\",\"inLanguage\":\"de\",\"@id\":\"https:\/\/www.groods.de\/index.php\/produkt\/gan-mosaic-cubes-66-36-cubes\/#primaryimage\",\"url\":\"https:\/\/www.groods.de\/wp-content\/uploads\/2022\/09\/GANMOSAIC6-GAN_MOSAIC_CUBES_6x6.jpg\",\"contentUrl\":\"https:\/\/www.groods.de\/wp-content\/uploads\/2022\/09\/GANMOSAIC6-GAN_MOSAIC_CUBES_6x6.jpg\",\"width\":551,\"height\":550},{\"@type\":\"BreadcrumbList\",\"@id\":\"https:\/\/www.groods.de\/index.php\/produkt\/gan-mosaic-cubes-66-36-cubes\/#breadcrumb\",\"itemListElement\":[{\"@type\":\"ListItem\",\"position\":1,\"name\":\"Startseite\",\"item\":\"https:\/\/www.groods.de\/\"},{\"@type\":\"ListItem\",\"position\":2,\"name\":\"Shop\",\"item\":\"https:\/\/www.groods.de\/index.php\/shop\/\"},{\"@type\":\"ListItem\",\"position\":3,\"name\":\"GAN Mosaic Cubes 6*6 (36 cubes)\"}]},{\"@type\":\"WebSite\",\"@id\":\"https:\/\/www.groods.de\/#website\",\"url\":\"https:\/\/www.groods.de\/\",\"name\":\"gRoods.de\",\"description\":\"Entdecke die Welt der Speedcubes\",\"publisher\":{\"@id\":\"https:\/\/www.groods.de\/#organization\"},\"potentialAction\":[{\"@type\":\"SearchAction\",\"target\":{\"@type\":\"EntryPoint\",\"urlTemplate\":\"https:\/\/www.groods.de\/?s={search_term_string}\"},\"query-input\":{\"@type\":\"PropertyValueSpecification\",\"valueRequired\":true,\"valueName\":\"search_term_string\"}}],\"inLanguage\":\"de\"},{\"@type\":\"Organization\",\"@id\":\"https:\/\/www.groods.de\/#organization\",\"name\":\"gRoods.de\",\"url\":\"https:\/\/www.groods.de\/\",\"logo\":{\"@type\":\"ImageObject\",\"inLanguage\":\"de\",\"@id\":\"https:\/\/www.groods.de\/#\/schema\/logo\/image\/\",\"url\":\"https:\/\/www.groods.de\/wp-content\/uploads\/2018\/08\/logo.png\",\"contentUrl\":\"https:\/\/www.groods.de\/wp-content\/uploads\/2018\/08\/logo.png\",\"width\":1077,\"height\":373,\"caption\":\"gRoods.de\"},\"image\":{\"@id\":\"https:\/\/www.groods.de\/#\/schema\/logo\/image\/\"}}]}<\/script>\n<!-- \/ Yoast SEO plugin. -->","yoast_head_json":{"title":"GAN Mosaic Cubes 6*6 (36 cubes) - gRoods","robots":{"index":"index","follow":"follow","max-snippet":"max-snippet:-1","max-image-preview":"max-image-preview:large","max-video-preview":"max-video-preview:-1"},"canonical":"https:\/\/www.groods.de\/index.php\/produkt\/gan-mosaic-cubes-66-36-cubes\/","og_locale":"de_DE","og_type":"article","og_title":"GAN Mosaic Cubes 6*6 (36 cubes) - gRoods","og_description":"Beim GAN Mosaic Cube handelt es sich um einen Satz von 36 3x3s mit einem Ausstellungsrahmen, mit dem Sie wundersch\u00f6ne Mosaike herstellen k\u00f6nnen! Die 3x3s sind mit 28 mm kleiner als normale 3x3s,\u00a0 lassen sich aber sehr gut drehen. Der Rahmen verf\u00fcgt \u00fcber einen verstellbaren St\u00e4nder, der je nach gew\u00fcnschter Anzeige um 90\u00b0 bis 45\u00b0 [&hellip;]","og_url":"https:\/\/www.groods.de\/index.php\/produkt\/gan-mosaic-cubes-66-36-cubes\/","og_site_name":"gRoods","article_modified_time":"2025-11-19T21:39:37+00:00","og_image":[{"width":551,"height":550,"url":"https:\/\/www.groods.de\/wp-content\/uploads\/2022\/09\/GANMOSAIC6-GAN_MOSAIC_CUBES_6x6.jpg","type":"image\/jpeg"}],"twitter_card":"summary_large_image","twitter_misc":{"Gesch\u00e4tzte Lesezeit":"1\u00a0Minute"},"schema":{"@context":"https:\/\/schema.org","@graph":[{"@type":"WebPage","@id":"https:\/\/www.groods.de\/index.php\/produkt\/gan-mosaic-cubes-66-36-cubes\/","url":"https:\/\/www.groods.de\/index.php\/produkt\/gan-mosaic-cubes-66-36-cubes\/","name":"GAN Mosaic Cubes 6*6 (36 cubes) - gRoods","isPartOf":{"@id":"https:\/\/www.groods.de\/#website"},"primaryImageOfPage":{"@id":"https:\/\/www.groods.de\/index.php\/produkt\/gan-mosaic-cubes-66-36-cubes\/#primaryimage"},"image":{"@id":"https:\/\/www.groods.de\/index.php\/produkt\/gan-mosaic-cubes-66-36-cubes\/#primaryimage"},"thumbnailUrl":"https:\/\/www.groods.de\/wp-content\/uploads\/2022\/09\/GANMOSAIC6-GAN_MOSAIC_CUBES_6x6.jpg","datePublished":"2022-09-05T06:25:58+00:00","dateModified":"2025-11-19T21:39:37+00:00","breadcrumb":{"@id":"https:\/\/www.groods.de\/index.php\/produkt\/gan-mosaic-cubes-66-36-cubes\/#breadcrumb"},"inLanguage":"de","potentialAction":[{"@type":"ReadAction","target":["https:\/\/www.groods.de\/index.php\/produkt\/gan-mosaic-cubes-66-36-cubes\/"]}]},{"@type":"ImageObject","inLanguage":"de","@id":"https:\/\/www.groods.de\/index.php\/produkt\/gan-mosaic-cubes-66-36-cubes\/#primaryimage","url":"https:\/\/www.groods.de\/wp-content\/uploads\/2022\/09\/GANMOSAIC6-GAN_MOSAIC_CUBES_6x6.jpg","contentUrl":"https:\/\/www.groods.de\/wp-content\/uploads\/2022\/09\/GANMOSAIC6-GAN_MOSAIC_CUBES_6x6.jpg","width":551,"height":550},{"@type":"BreadcrumbList","@id":"https:\/\/www.groods.de\/index.php\/produkt\/gan-mosaic-cubes-66-36-cubes\/#breadcrumb","itemListElement":[{"@type":"ListItem","position":1,"name":"Startseite","item":"https:\/\/www.groods.de\/"},{"@type":"ListItem","position":2,"name":"Shop","item":"https:\/\/www.groods.de\/index.php\/shop\/"},{"@type":"ListItem","position":3,"name":"GAN Mosaic Cubes 6*6 (36 cubes)"}]},{"@type":"WebSite","@id":"https:\/\/www.groods.de\/#website","url":"https:\/\/www.groods.de\/","name":"gRoods.de","description":"Entdecke die Welt der Speedcubes","publisher":{"@id":"https:\/\/www.groods.de\/#organization"},"potentialAction":[{"@type":"SearchAction","target":{"@type":"EntryPoint","urlTemplate":"https:\/\/www.groods.de\/?s={search_term_string}"},"query-input":{"@type":"PropertyValueSpecification","valueRequired":true,"valueName":"search_term_string"}}],"inLanguage":"de"},{"@type":"Organization","@id":"https:\/\/www.groods.de\/#organization","name":"gRoods.de","url":"https:\/\/www.groods.de\/","logo":{"@type":"ImageObject","inLanguage":"de","@id":"https:\/\/www.groods.de\/#\/schema\/logo\/image\/","url":"https:\/\/www.groods.de\/wp-content\/uploads\/2018\/08\/logo.png","contentUrl":"https:\/\/www.groods.de\/wp-content\/uploads\/2018\/08\/logo.png","width":1077,"height":373,"caption":"gRoods.de"},"image":{"@id":"https:\/\/www.groods.de\/#\/schema\/logo\/image\/"}}]}},"_links":{"self":[{"href":"https:\/\/www.groods.de\/index.php\/wp-json\/wp\/v2\/product\/8800","targetHints":{"allow":["GET"]}}],"collection":[{"href":"https:\/\/www.groods.de\/index.php\/wp-json\/wp\/v2\/product"}],"about":[{"href":"https:\/\/www.groods.de\/index.php\/wp-json\/wp\/v2\/types\/product"}],"replies":[{"embeddable":true,"href":"https:\/\/www.groods.de\/index.php\/wp-json\/wp\/v2\/comments?post=8800"}],"wp:featuredmedia":[{"embeddable":true,"href":"https:\/\/www.groods.de\/index.php\/wp-json\/wp\/v2\/media\/8849"}],"wp:attachment":[{"href":"https:\/\/www.groods.de\/index.php\/wp-json\/wp\/v2\/media?parent=8800"}],"wp:term":[{"taxonomy":"product_brand","embeddable":true,"href":"https:\/\/www.groods.de\/index.php\/wp-json\/wp\/v2\/product_brand?post=8800"},{"taxonomy":"product_cat","embeddable":true,"href":"https:\/\/www.groods.de\/index.php\/wp-json\/wp\/v2\/product_cat?post=8800"},{"taxonomy":"product_tag","embeddable":true,"href":"https:\/\/www.groods.de\/index.php\/wp-json\/wp\/v2\/product_tag?post=8800"}],"curies":[{"name":"wp","href":"https:\/\/api.w.org\/{rel}","templated":true}]}}