{"id":8794,"date":"2022-09-05T08:25:49","date_gmt":"2022-09-05T06:25:49","guid":{"rendered":"https:\/\/www.groods.de\/index.php\/produkt\/gan-megaminx\/"},"modified":"2025-11-19T22:37:53","modified_gmt":"2025-11-19T21:37:53","slug":"gan-megaminx","status":"publish","type":"product","link":"https:\/\/www.groods.de\/index.php\/produkt\/gan-megaminx\/","title":{"rendered":"GAN Megaminx"},"content":{"rendered":"<p>Der GAN Megaminx war einer der am meisten erwarteten Megaminx, die auf den Markt kamen! Dieses schnelle, leichte Puzzle verf\u00fcgt \u00fcber viele Premium-Funktionen wie austauschbare GES V3 f\u00fcr alle 12 Zentren, mittelstarke Magnete f\u00fcr Stabilit\u00e4t und lebendige, helle Farbt\u00f6ne (stickerless) f\u00fcr eine bessere Erkennung. Der GAN Megaminx wird mit mattem Kunststoff geliefert, der sich mit der Zeit abnutzt, um ein gl\u00e4nzendes Finish zu erzeugen. Die Teile sind leicht konkav, um den Halt beim L\u00f6sen zu unterst\u00fctzen.<\/p>\n<p>Kommt mit:<\/p>\n<p>GAN Megaminx<br \/>\nZwei S\u00e4tze GES V3 Muttern mit Spannwerkzeug (ausreichend f\u00fcr 12 Seiten)<br \/>\nTransparente Megaminx-H\u00fclle<br \/>\nGAN-Puzzletasche<br \/>\nSpezielle GAN Megaminx-Karte<br \/>\nGAN-Anweisungsbrosch\u00fcre<\/p>\n","protected":false},"excerpt":{"rendered":"<p>Der GAN Megaminx war einer der am meisten erwarteten Megaminx, die auf den Markt kamen! Dieses schnelle, leichte Puzzle verf\u00fcgt \u00fcber viele Premium-Funktionen wie austauschbare GES V3 f\u00fcr alle 12 Zentren, mittelstarke Magnete f\u00fcr Stabilit\u00e4t und lebendige, helle Farbt\u00f6ne (stickerless) f\u00fcr eine bessere Erkennung. Der GAN Megaminx wird mit mattem Kunststoff geliefert, der sich mit [&hellip;]<\/p>\n","protected":false},"featured_media":8851,"comment_status":"open","ping_status":"closed","template":"","meta":[],"product_brand":[],"product_cat":[88,40,101,86],"product_tag":[],"class_list":{"0":"post-8794","1":"product","2":"type-product","3":"status-publish","4":"has-post-thumbnail","6":"product_cat-gan","7":"product_cat-magnetische-zauberwuerfel","8":"product_cat-megaminx","9":"product_cat-neue-produkte","11":"first","12":"instock","13":"taxable","14":"shipping-taxable","15":"purchasable","16":"product-type-simple"},"yoast_head":"<!-- This site is optimized with the Yoast SEO plugin v26.7 - https:\/\/yoast.com\/wordpress\/plugins\/seo\/ -->\n<title>GAN Megaminx - gRoods<\/title>\n<meta name=\"robots\" content=\"index, follow, max-snippet:-1, max-image-preview:large, max-video-preview:-1\" \/>\n<link rel=\"canonical\" href=\"https:\/\/www.groods.de\/index.php\/produkt\/gan-megaminx\/\" \/>\n<meta property=\"og:locale\" content=\"de_DE\" \/>\n<meta property=\"og:type\" content=\"article\" \/>\n<meta property=\"og:title\" content=\"GAN Megaminx - gRoods\" \/>\n<meta property=\"og:description\" content=\"Der GAN Megaminx war einer der am meisten erwarteten Megaminx, die auf den Markt kamen! Dieses schnelle, leichte Puzzle verf\u00fcgt \u00fcber viele Premium-Funktionen wie austauschbare GES V3 f\u00fcr alle 12 Zentren, mittelstarke Magnete f\u00fcr Stabilit\u00e4t und lebendige, helle Farbt\u00f6ne (stickerless) f\u00fcr eine bessere Erkennung. Der GAN Megaminx wird mit mattem Kunststoff geliefert, der sich mit [&hellip;]\" \/>\n<meta property=\"og:url\" content=\"https:\/\/www.groods.de\/index.php\/produkt\/gan-megaminx\/\" \/>\n<meta property=\"og:site_name\" content=\"gRoods\" \/>\n<meta property=\"article:modified_time\" content=\"2025-11-19T21:37:53+00:00\" \/>\n<meta property=\"og:image\" content=\"https:\/\/www.groods.de\/wp-content\/uploads\/2022\/09\/GANMEGA-GAN-Megaminx.png\" \/>\n\t<meta property=\"og:image:width\" content=\"503\" \/>\n\t<meta property=\"og:image:height\" content=\"517\" \/>\n\t<meta property=\"og:image:type\" content=\"image\/png\" \/>\n<meta name=\"twitter:card\" content=\"summary_large_image\" \/>\n<meta name=\"twitter:label1\" content=\"Gesch\u00e4tzte Lesezeit\" \/>\n\t<meta name=\"twitter:data1\" content=\"1\u00a0Minute\" \/>\n<script type=\"application\/ld+json\" class=\"yoast-schema-graph\">{\"@context\":\"https:\/\/schema.org\",\"@graph\":[{\"@type\":\"WebPage\",\"@id\":\"https:\/\/www.groods.de\/index.php\/produkt\/gan-megaminx\/\",\"url\":\"https:\/\/www.groods.de\/index.php\/produkt\/gan-megaminx\/\",\"name\":\"GAN Megaminx - gRoods\",\"isPartOf\":{\"@id\":\"https:\/\/www.groods.de\/#website\"},\"primaryImageOfPage\":{\"@id\":\"https:\/\/www.groods.de\/index.php\/produkt\/gan-megaminx\/#primaryimage\"},\"image\":{\"@id\":\"https:\/\/www.groods.de\/index.php\/produkt\/gan-megaminx\/#primaryimage\"},\"thumbnailUrl\":\"https:\/\/www.groods.de\/wp-content\/uploads\/2022\/09\/GANMEGA-GAN-Megaminx.png\",\"datePublished\":\"2022-09-05T06:25:49+00:00\",\"dateModified\":\"2025-11-19T21:37:53+00:00\",\"breadcrumb\":{\"@id\":\"https:\/\/www.groods.de\/index.php\/produkt\/gan-megaminx\/#breadcrumb\"},\"inLanguage\":\"de\",\"potentialAction\":[{\"@type\":\"ReadAction\",\"target\":[\"https:\/\/www.groods.de\/index.php\/produkt\/gan-megaminx\/\"]}]},{\"@type\":\"ImageObject\",\"inLanguage\":\"de\",\"@id\":\"https:\/\/www.groods.de\/index.php\/produkt\/gan-megaminx\/#primaryimage\",\"url\":\"https:\/\/www.groods.de\/wp-content\/uploads\/2022\/09\/GANMEGA-GAN-Megaminx.png\",\"contentUrl\":\"https:\/\/www.groods.de\/wp-content\/uploads\/2022\/09\/GANMEGA-GAN-Megaminx.png\",\"width\":503,\"height\":517},{\"@type\":\"BreadcrumbList\",\"@id\":\"https:\/\/www.groods.de\/index.php\/produkt\/gan-megaminx\/#breadcrumb\",\"itemListElement\":[{\"@type\":\"ListItem\",\"position\":1,\"name\":\"Startseite\",\"item\":\"https:\/\/www.groods.de\/\"},{\"@type\":\"ListItem\",\"position\":2,\"name\":\"Shop\",\"item\":\"https:\/\/www.groods.de\/index.php\/shop\/\"},{\"@type\":\"ListItem\",\"position\":3,\"name\":\"GAN Megaminx\"}]},{\"@type\":\"WebSite\",\"@id\":\"https:\/\/www.groods.de\/#website\",\"url\":\"https:\/\/www.groods.de\/\",\"name\":\"gRoods.de\",\"description\":\"Entdecke die Welt der Speedcubes\",\"publisher\":{\"@id\":\"https:\/\/www.groods.de\/#organization\"},\"potentialAction\":[{\"@type\":\"SearchAction\",\"target\":{\"@type\":\"EntryPoint\",\"urlTemplate\":\"https:\/\/www.groods.de\/?s={search_term_string}\"},\"query-input\":{\"@type\":\"PropertyValueSpecification\",\"valueRequired\":true,\"valueName\":\"search_term_string\"}}],\"inLanguage\":\"de\"},{\"@type\":\"Organization\",\"@id\":\"https:\/\/www.groods.de\/#organization\",\"name\":\"gRoods.de\",\"url\":\"https:\/\/www.groods.de\/\",\"logo\":{\"@type\":\"ImageObject\",\"inLanguage\":\"de\",\"@id\":\"https:\/\/www.groods.de\/#\/schema\/logo\/image\/\",\"url\":\"https:\/\/www.groods.de\/wp-content\/uploads\/2018\/08\/logo.png\",\"contentUrl\":\"https:\/\/www.groods.de\/wp-content\/uploads\/2018\/08\/logo.png\",\"width\":1077,\"height\":373,\"caption\":\"gRoods.de\"},\"image\":{\"@id\":\"https:\/\/www.groods.de\/#\/schema\/logo\/image\/\"}}]}<\/script>\n<!-- \/ Yoast SEO plugin. -->","yoast_head_json":{"title":"GAN Megaminx - gRoods","robots":{"index":"index","follow":"follow","max-snippet":"max-snippet:-1","max-image-preview":"max-image-preview:large","max-video-preview":"max-video-preview:-1"},"canonical":"https:\/\/www.groods.de\/index.php\/produkt\/gan-megaminx\/","og_locale":"de_DE","og_type":"article","og_title":"GAN Megaminx - gRoods","og_description":"Der GAN Megaminx war einer der am meisten erwarteten Megaminx, die auf den Markt kamen! Dieses schnelle, leichte Puzzle verf\u00fcgt \u00fcber viele Premium-Funktionen wie austauschbare GES V3 f\u00fcr alle 12 Zentren, mittelstarke Magnete f\u00fcr Stabilit\u00e4t und lebendige, helle Farbt\u00f6ne (stickerless) f\u00fcr eine bessere Erkennung. Der GAN Megaminx wird mit mattem Kunststoff geliefert, der sich mit [&hellip;]","og_url":"https:\/\/www.groods.de\/index.php\/produkt\/gan-megaminx\/","og_site_name":"gRoods","article_modified_time":"2025-11-19T21:37:53+00:00","og_image":[{"width":503,"height":517,"url":"https:\/\/www.groods.de\/wp-content\/uploads\/2022\/09\/GANMEGA-GAN-Megaminx.png","type":"image\/png"}],"twitter_card":"summary_large_image","twitter_misc":{"Gesch\u00e4tzte Lesezeit":"1\u00a0Minute"},"schema":{"@context":"https:\/\/schema.org","@graph":[{"@type":"WebPage","@id":"https:\/\/www.groods.de\/index.php\/produkt\/gan-megaminx\/","url":"https:\/\/www.groods.de\/index.php\/produkt\/gan-megaminx\/","name":"GAN Megaminx - gRoods","isPartOf":{"@id":"https:\/\/www.groods.de\/#website"},"primaryImageOfPage":{"@id":"https:\/\/www.groods.de\/index.php\/produkt\/gan-megaminx\/#primaryimage"},"image":{"@id":"https:\/\/www.groods.de\/index.php\/produkt\/gan-megaminx\/#primaryimage"},"thumbnailUrl":"https:\/\/www.groods.de\/wp-content\/uploads\/2022\/09\/GANMEGA-GAN-Megaminx.png","datePublished":"2022-09-05T06:25:49+00:00","dateModified":"2025-11-19T21:37:53+00:00","breadcrumb":{"@id":"https:\/\/www.groods.de\/index.php\/produkt\/gan-megaminx\/#breadcrumb"},"inLanguage":"de","potentialAction":[{"@type":"ReadAction","target":["https:\/\/www.groods.de\/index.php\/produkt\/gan-megaminx\/"]}]},{"@type":"ImageObject","inLanguage":"de","@id":"https:\/\/www.groods.de\/index.php\/produkt\/gan-megaminx\/#primaryimage","url":"https:\/\/www.groods.de\/wp-content\/uploads\/2022\/09\/GANMEGA-GAN-Megaminx.png","contentUrl":"https:\/\/www.groods.de\/wp-content\/uploads\/2022\/09\/GANMEGA-GAN-Megaminx.png","width":503,"height":517},{"@type":"BreadcrumbList","@id":"https:\/\/www.groods.de\/index.php\/produkt\/gan-megaminx\/#breadcrumb","itemListElement":[{"@type":"ListItem","position":1,"name":"Startseite","item":"https:\/\/www.groods.de\/"},{"@type":"ListItem","position":2,"name":"Shop","item":"https:\/\/www.groods.de\/index.php\/shop\/"},{"@type":"ListItem","position":3,"name":"GAN Megaminx"}]},{"@type":"WebSite","@id":"https:\/\/www.groods.de\/#website","url":"https:\/\/www.groods.de\/","name":"gRoods.de","description":"Entdecke die Welt der Speedcubes","publisher":{"@id":"https:\/\/www.groods.de\/#organization"},"potentialAction":[{"@type":"SearchAction","target":{"@type":"EntryPoint","urlTemplate":"https:\/\/www.groods.de\/?s={search_term_string}"},"query-input":{"@type":"PropertyValueSpecification","valueRequired":true,"valueName":"search_term_string"}}],"inLanguage":"de"},{"@type":"Organization","@id":"https:\/\/www.groods.de\/#organization","name":"gRoods.de","url":"https:\/\/www.groods.de\/","logo":{"@type":"ImageObject","inLanguage":"de","@id":"https:\/\/www.groods.de\/#\/schema\/logo\/image\/","url":"https:\/\/www.groods.de\/wp-content\/uploads\/2018\/08\/logo.png","contentUrl":"https:\/\/www.groods.de\/wp-content\/uploads\/2018\/08\/logo.png","width":1077,"height":373,"caption":"gRoods.de"},"image":{"@id":"https:\/\/www.groods.de\/#\/schema\/logo\/image\/"}}]}},"_links":{"self":[{"href":"https:\/\/www.groods.de\/index.php\/wp-json\/wp\/v2\/product\/8794","targetHints":{"allow":["GET"]}}],"collection":[{"href":"https:\/\/www.groods.de\/index.php\/wp-json\/wp\/v2\/product"}],"about":[{"href":"https:\/\/www.groods.de\/index.php\/wp-json\/wp\/v2\/types\/product"}],"replies":[{"embeddable":true,"href":"https:\/\/www.groods.de\/index.php\/wp-json\/wp\/v2\/comments?post=8794"}],"wp:featuredmedia":[{"embeddable":true,"href":"https:\/\/www.groods.de\/index.php\/wp-json\/wp\/v2\/media\/8851"}],"wp:attachment":[{"href":"https:\/\/www.groods.de\/index.php\/wp-json\/wp\/v2\/media?parent=8794"}],"wp:term":[{"taxonomy":"product_brand","embeddable":true,"href":"https:\/\/www.groods.de\/index.php\/wp-json\/wp\/v2\/product_brand?post=8794"},{"taxonomy":"product_cat","embeddable":true,"href":"https:\/\/www.groods.de\/index.php\/wp-json\/wp\/v2\/product_cat?post=8794"},{"taxonomy":"product_tag","embeddable":true,"href":"https:\/\/www.groods.de\/index.php\/wp-json\/wp\/v2\/product_tag?post=8794"}],"curies":[{"name":"wp","href":"https:\/\/api.w.org\/{rel}","templated":true}]}}