{"id":8790,"date":"2022-09-05T08:25:42","date_gmt":"2022-09-05T06:25:42","guid":{"rendered":"https:\/\/www.groods.de\/index.php\/produkt\/gan-no-2-lube-accel\/"},"modified":"2025-11-19T22:39:57","modified_gmt":"2025-11-19T21:39:57","slug":"gan-no-2-lube-accel","status":"publish","type":"product","link":"https:\/\/www.groods.de\/index.php\/produkt\/gan-no-2-lube-accel\/","title":{"rendered":"GAN No.2 Lube Accel"},"content":{"rendered":"<h1>GAN No.2 Lube Accel<\/h1>\n<p>GAN Lube II &#8211; Accel ist ein sehr leichtes Gleitmittel auf Silikonbasis, das Ihnen beim cuben einen Geschwindigkeitsschub geben soll. Einfach ein paar Tropfen in den Mechanismus geben und los geht&#8217;s!<\/p>\n<h4><strong>Produktbeschreibung:<\/strong><\/h4>\n<ul>\n<li>Marke: GAN<\/li>\n<li><span class=\"a-list-item\">professionelles Schmiermittel f\u00fcr Speedcubes aller Marken<\/span><\/li>\n<li><span class=\"a-list-item\">verf\u00fcgt \u00fcber ausgezeichnete Schmierung f\u00fcr noch schnellere Drehungen<\/span><\/li>\n<li><span class=\"a-list-item\">verbessert die Performance Ihres W\u00fcrfels und somit auch Ihre L\u00f6sungszeit<\/span><\/li>\n<li>Bringe deinen Zauberw\u00fcrfel dazu, sich reibungslos zu bewegen.<\/li>\n<li><span class=\"a-list-item\">f\u00fcr alle Cubes anwendbar 2&#215;2 3&#215;3 4&#215;4 5&#215;5 6&#215;6 7&#215;7 8&#215;8 9&#215;9 10&#215;10 11&#215;11 12&#215;12<\/span><\/li>\n<li><span class=\"a-list-item\">Einfach zu bedienen \u2013 die Innenseite des Cubes mit 1 oder 2 Tropfen befeuchten und dann den W\u00fcrfel drehen (ganz normal verdrehen\/l\u00f6sen). Durch die Drehungen wird das \u00d6l auch nach nach innen transportiert.\u00a0<\/span><\/li>\n<li><span class=\"a-list-item\">Verwenden nur 1 oder 2 Tropfen pro Ecke\/Kante\u00a0<\/span><\/li>\n<li><strong>Hinweis<\/strong>: Bitte halten Sie Kinder davon fern!<\/li>\n<\/ul>\n<h4>Eigenschaften<\/h4>\n<ul>\n<li>Kapazit\u00e4t: 10ml<\/li>\n<li>Gewicht: 15 g<\/li>\n<\/ul>\n","protected":false},"excerpt":{"rendered":"<p>GAN No.2 Lube Accel GAN Lube II &#8211; Accel ist ein sehr leichtes Gleitmittel auf Silikonbasis, das Ihnen beim cuben einen Geschwindigkeitsschub geben soll. Einfach ein paar Tropfen in den Mechanismus geben und los geht&#8217;s! Produktbeschreibung: Marke: GAN professionelles Schmiermittel f\u00fcr Speedcubes aller Marken verf\u00fcgt \u00fcber ausgezeichnete Schmierung f\u00fcr noch schnellere Drehungen verbessert die Performance [&hellip;]<\/p>\n","protected":false},"featured_media":8830,"comment_status":"open","ping_status":"closed","template":"","meta":[],"product_brand":[],"product_cat":[86],"product_tag":[],"class_list":{"0":"post-8790","1":"product","2":"type-product","3":"status-publish","4":"has-post-thumbnail","6":"product_cat-neue-produkte","8":"first","9":"instock","10":"taxable","11":"shipping-taxable","12":"purchasable","13":"product-type-simple"},"yoast_head":"<!-- This site is optimized with the Yoast SEO plugin v26.7 - https:\/\/yoast.com\/wordpress\/plugins\/seo\/ -->\n<title>GAN No.2 Lube Accel - gRoods<\/title>\n<meta name=\"robots\" content=\"index, follow, max-snippet:-1, max-image-preview:large, max-video-preview:-1\" \/>\n<link rel=\"canonical\" href=\"https:\/\/www.groods.de\/index.php\/produkt\/gan-no-2-lube-accel\/\" \/>\n<meta property=\"og:locale\" content=\"de_DE\" \/>\n<meta property=\"og:type\" content=\"article\" \/>\n<meta property=\"og:title\" content=\"GAN No.2 Lube Accel - gRoods\" \/>\n<meta property=\"og:description\" content=\"GAN No.2 Lube Accel GAN Lube II &#8211; Accel ist ein sehr leichtes Gleitmittel auf Silikonbasis, das Ihnen beim cuben einen Geschwindigkeitsschub geben soll. Einfach ein paar Tropfen in den Mechanismus geben und los geht&#8217;s! Produktbeschreibung: Marke: GAN professionelles Schmiermittel f\u00fcr Speedcubes aller Marken verf\u00fcgt \u00fcber ausgezeichnete Schmierung f\u00fcr noch schnellere Drehungen verbessert die Performance [&hellip;]\" \/>\n<meta property=\"og:url\" content=\"https:\/\/www.groods.de\/index.php\/produkt\/gan-no-2-lube-accel\/\" \/>\n<meta property=\"og:site_name\" content=\"gRoods\" \/>\n<meta property=\"article:modified_time\" content=\"2025-11-19T21:39:57+00:00\" \/>\n<meta property=\"og:image\" content=\"https:\/\/i0.wp.com\/www.groods.de\/wp-content\/uploads\/2022\/09\/GAN-Lube-2.jpg?fit=900%2C600&ssl=1\" \/>\n\t<meta property=\"og:image:width\" content=\"900\" \/>\n\t<meta property=\"og:image:height\" content=\"600\" \/>\n\t<meta property=\"og:image:type\" content=\"image\/jpeg\" \/>\n<meta name=\"twitter:card\" content=\"summary_large_image\" \/>\n<meta name=\"twitter:label1\" content=\"Gesch\u00e4tzte Lesezeit\" \/>\n\t<meta name=\"twitter:data1\" content=\"1\u00a0Minute\" \/>\n<script type=\"application\/ld+json\" class=\"yoast-schema-graph\">{\"@context\":\"https:\/\/schema.org\",\"@graph\":[{\"@type\":\"WebPage\",\"@id\":\"https:\/\/www.groods.de\/index.php\/produkt\/gan-no-2-lube-accel\/\",\"url\":\"https:\/\/www.groods.de\/index.php\/produkt\/gan-no-2-lube-accel\/\",\"name\":\"GAN No.2 Lube Accel - gRoods\",\"isPartOf\":{\"@id\":\"https:\/\/www.groods.de\/#website\"},\"primaryImageOfPage\":{\"@id\":\"https:\/\/www.groods.de\/index.php\/produkt\/gan-no-2-lube-accel\/#primaryimage\"},\"image\":{\"@id\":\"https:\/\/www.groods.de\/index.php\/produkt\/gan-no-2-lube-accel\/#primaryimage\"},\"thumbnailUrl\":\"https:\/\/www.groods.de\/wp-content\/uploads\/2022\/09\/GAN-Lube-2.jpg\",\"datePublished\":\"2022-09-05T06:25:42+00:00\",\"dateModified\":\"2025-11-19T21:39:57+00:00\",\"breadcrumb\":{\"@id\":\"https:\/\/www.groods.de\/index.php\/produkt\/gan-no-2-lube-accel\/#breadcrumb\"},\"inLanguage\":\"de\",\"potentialAction\":[{\"@type\":\"ReadAction\",\"target\":[\"https:\/\/www.groods.de\/index.php\/produkt\/gan-no-2-lube-accel\/\"]}]},{\"@type\":\"ImageObject\",\"inLanguage\":\"de\",\"@id\":\"https:\/\/www.groods.de\/index.php\/produkt\/gan-no-2-lube-accel\/#primaryimage\",\"url\":\"https:\/\/www.groods.de\/wp-content\/uploads\/2022\/09\/GAN-Lube-2.jpg\",\"contentUrl\":\"https:\/\/www.groods.de\/wp-content\/uploads\/2022\/09\/GAN-Lube-2.jpg\",\"width\":900,\"height\":600},{\"@type\":\"BreadcrumbList\",\"@id\":\"https:\/\/www.groods.de\/index.php\/produkt\/gan-no-2-lube-accel\/#breadcrumb\",\"itemListElement\":[{\"@type\":\"ListItem\",\"position\":1,\"name\":\"Startseite\",\"item\":\"https:\/\/www.groods.de\/\"},{\"@type\":\"ListItem\",\"position\":2,\"name\":\"Shop\",\"item\":\"https:\/\/www.groods.de\/index.php\/shop\/\"},{\"@type\":\"ListItem\",\"position\":3,\"name\":\"GAN No.2 Lube Accel\"}]},{\"@type\":\"WebSite\",\"@id\":\"https:\/\/www.groods.de\/#website\",\"url\":\"https:\/\/www.groods.de\/\",\"name\":\"gRoods.de\",\"description\":\"Entdecke die Welt der Speedcubes\",\"publisher\":{\"@id\":\"https:\/\/www.groods.de\/#organization\"},\"potentialAction\":[{\"@type\":\"SearchAction\",\"target\":{\"@type\":\"EntryPoint\",\"urlTemplate\":\"https:\/\/www.groods.de\/?s={search_term_string}\"},\"query-input\":{\"@type\":\"PropertyValueSpecification\",\"valueRequired\":true,\"valueName\":\"search_term_string\"}}],\"inLanguage\":\"de\"},{\"@type\":\"Organization\",\"@id\":\"https:\/\/www.groods.de\/#organization\",\"name\":\"gRoods.de\",\"url\":\"https:\/\/www.groods.de\/\",\"logo\":{\"@type\":\"ImageObject\",\"inLanguage\":\"de\",\"@id\":\"https:\/\/www.groods.de\/#\/schema\/logo\/image\/\",\"url\":\"https:\/\/www.groods.de\/wp-content\/uploads\/2018\/08\/logo.png\",\"contentUrl\":\"https:\/\/www.groods.de\/wp-content\/uploads\/2018\/08\/logo.png\",\"width\":1077,\"height\":373,\"caption\":\"gRoods.de\"},\"image\":{\"@id\":\"https:\/\/www.groods.de\/#\/schema\/logo\/image\/\"}}]}<\/script>\n<!-- \/ Yoast SEO plugin. -->","yoast_head_json":{"title":"GAN No.2 Lube Accel - gRoods","robots":{"index":"index","follow":"follow","max-snippet":"max-snippet:-1","max-image-preview":"max-image-preview:large","max-video-preview":"max-video-preview:-1"},"canonical":"https:\/\/www.groods.de\/index.php\/produkt\/gan-no-2-lube-accel\/","og_locale":"de_DE","og_type":"article","og_title":"GAN No.2 Lube Accel - gRoods","og_description":"GAN No.2 Lube Accel GAN Lube II &#8211; Accel ist ein sehr leichtes Gleitmittel auf Silikonbasis, das Ihnen beim cuben einen Geschwindigkeitsschub geben soll. Einfach ein paar Tropfen in den Mechanismus geben und los geht&#8217;s! Produktbeschreibung: Marke: GAN professionelles Schmiermittel f\u00fcr Speedcubes aller Marken verf\u00fcgt \u00fcber ausgezeichnete Schmierung f\u00fcr noch schnellere Drehungen verbessert die Performance [&hellip;]","og_url":"https:\/\/www.groods.de\/index.php\/produkt\/gan-no-2-lube-accel\/","og_site_name":"gRoods","article_modified_time":"2025-11-19T21:39:57+00:00","og_image":[{"width":900,"height":600,"url":"https:\/\/i0.wp.com\/www.groods.de\/wp-content\/uploads\/2022\/09\/GAN-Lube-2.jpg?fit=900%2C600&ssl=1","type":"image\/jpeg"}],"twitter_card":"summary_large_image","twitter_misc":{"Gesch\u00e4tzte Lesezeit":"1\u00a0Minute"},"schema":{"@context":"https:\/\/schema.org","@graph":[{"@type":"WebPage","@id":"https:\/\/www.groods.de\/index.php\/produkt\/gan-no-2-lube-accel\/","url":"https:\/\/www.groods.de\/index.php\/produkt\/gan-no-2-lube-accel\/","name":"GAN No.2 Lube Accel - gRoods","isPartOf":{"@id":"https:\/\/www.groods.de\/#website"},"primaryImageOfPage":{"@id":"https:\/\/www.groods.de\/index.php\/produkt\/gan-no-2-lube-accel\/#primaryimage"},"image":{"@id":"https:\/\/www.groods.de\/index.php\/produkt\/gan-no-2-lube-accel\/#primaryimage"},"thumbnailUrl":"https:\/\/www.groods.de\/wp-content\/uploads\/2022\/09\/GAN-Lube-2.jpg","datePublished":"2022-09-05T06:25:42+00:00","dateModified":"2025-11-19T21:39:57+00:00","breadcrumb":{"@id":"https:\/\/www.groods.de\/index.php\/produkt\/gan-no-2-lube-accel\/#breadcrumb"},"inLanguage":"de","potentialAction":[{"@type":"ReadAction","target":["https:\/\/www.groods.de\/index.php\/produkt\/gan-no-2-lube-accel\/"]}]},{"@type":"ImageObject","inLanguage":"de","@id":"https:\/\/www.groods.de\/index.php\/produkt\/gan-no-2-lube-accel\/#primaryimage","url":"https:\/\/www.groods.de\/wp-content\/uploads\/2022\/09\/GAN-Lube-2.jpg","contentUrl":"https:\/\/www.groods.de\/wp-content\/uploads\/2022\/09\/GAN-Lube-2.jpg","width":900,"height":600},{"@type":"BreadcrumbList","@id":"https:\/\/www.groods.de\/index.php\/produkt\/gan-no-2-lube-accel\/#breadcrumb","itemListElement":[{"@type":"ListItem","position":1,"name":"Startseite","item":"https:\/\/www.groods.de\/"},{"@type":"ListItem","position":2,"name":"Shop","item":"https:\/\/www.groods.de\/index.php\/shop\/"},{"@type":"ListItem","position":3,"name":"GAN No.2 Lube Accel"}]},{"@type":"WebSite","@id":"https:\/\/www.groods.de\/#website","url":"https:\/\/www.groods.de\/","name":"gRoods.de","description":"Entdecke die Welt der Speedcubes","publisher":{"@id":"https:\/\/www.groods.de\/#organization"},"potentialAction":[{"@type":"SearchAction","target":{"@type":"EntryPoint","urlTemplate":"https:\/\/www.groods.de\/?s={search_term_string}"},"query-input":{"@type":"PropertyValueSpecification","valueRequired":true,"valueName":"search_term_string"}}],"inLanguage":"de"},{"@type":"Organization","@id":"https:\/\/www.groods.de\/#organization","name":"gRoods.de","url":"https:\/\/www.groods.de\/","logo":{"@type":"ImageObject","inLanguage":"de","@id":"https:\/\/www.groods.de\/#\/schema\/logo\/image\/","url":"https:\/\/www.groods.de\/wp-content\/uploads\/2018\/08\/logo.png","contentUrl":"https:\/\/www.groods.de\/wp-content\/uploads\/2018\/08\/logo.png","width":1077,"height":373,"caption":"gRoods.de"},"image":{"@id":"https:\/\/www.groods.de\/#\/schema\/logo\/image\/"}}]}},"_links":{"self":[{"href":"https:\/\/www.groods.de\/index.php\/wp-json\/wp\/v2\/product\/8790","targetHints":{"allow":["GET"]}}],"collection":[{"href":"https:\/\/www.groods.de\/index.php\/wp-json\/wp\/v2\/product"}],"about":[{"href":"https:\/\/www.groods.de\/index.php\/wp-json\/wp\/v2\/types\/product"}],"replies":[{"embeddable":true,"href":"https:\/\/www.groods.de\/index.php\/wp-json\/wp\/v2\/comments?post=8790"}],"wp:featuredmedia":[{"embeddable":true,"href":"https:\/\/www.groods.de\/index.php\/wp-json\/wp\/v2\/media\/8830"}],"wp:attachment":[{"href":"https:\/\/www.groods.de\/index.php\/wp-json\/wp\/v2\/media?parent=8790"}],"wp:term":[{"taxonomy":"product_brand","embeddable":true,"href":"https:\/\/www.groods.de\/index.php\/wp-json\/wp\/v2\/product_brand?post=8790"},{"taxonomy":"product_cat","embeddable":true,"href":"https:\/\/www.groods.de\/index.php\/wp-json\/wp\/v2\/product_cat?post=8790"},{"taxonomy":"product_tag","embeddable":true,"href":"https:\/\/www.groods.de\/index.php\/wp-json\/wp\/v2\/product_tag?post=8790"}],"curies":[{"name":"wp","href":"https:\/\/api.w.org\/{rel}","templated":true}]}}