{"id":8776,"date":"2022-09-05T08:24:31","date_gmt":"2022-09-05T06:24:31","guid":{"rendered":"https:\/\/www.groods.de\/index.php\/produkt\/diansheng-7x7-m\/"},"modified":"2025-12-03T12:24:54","modified_gmt":"2025-12-03T11:24:54","slug":"diansheng-7x7-m","status":"publish","type":"product","link":"https:\/\/www.groods.de\/index.php\/produkt\/diansheng-7x7-m\/","title":{"rendered":"DianSheng 7&#215;7 M"},"content":{"rendered":"<p>Der DianSheng Magnetic ist ein 2022 ver\u00f6ffentlichter Speedcube mit frischem neuen Design von DianSheng. Der W\u00fcrfel ist stickerless, hat helle Farbt\u00f6ne und hat einzigartige elliptische Muster auf der Innenseite der Teile. Die Magnete sind mittel bis stark.<\/p>\n","protected":false},"excerpt":{"rendered":"<p>Der DianSheng Magnetic ist ein 2022 ver\u00f6ffentlichter Speedcube mit frischem neuen Design von DianSheng. Der W\u00fcrfel ist stickerless, hat helle Farbt\u00f6ne und hat einzigartige elliptische Muster auf der Innenseite der Teile. Die Magnete sind mittel bis stark.<\/p>\n","protected":false},"featured_media":8843,"comment_status":"open","ping_status":"closed","template":"","meta":[],"product_brand":[],"product_cat":[57,117,40,86],"product_tag":[],"class_list":{"0":"post-8776","1":"product","2":"type-product","3":"status-publish","4":"has-post-thumbnail","6":"product_cat-7x7","7":"product_cat-diansheng","8":"product_cat-magnetische-zauberwuerfel","9":"product_cat-neue-produkte","11":"first","12":"instock","13":"taxable","14":"shipping-taxable","15":"purchasable","16":"product-type-simple"},"yoast_head":"<!-- This site is optimized with the Yoast SEO plugin v26.7 - https:\/\/yoast.com\/wordpress\/plugins\/seo\/ -->\n<title>DianSheng 7x7 M - gRoods<\/title>\n<meta name=\"robots\" content=\"index, follow, max-snippet:-1, max-image-preview:large, max-video-preview:-1\" \/>\n<link rel=\"canonical\" href=\"https:\/\/www.groods.de\/index.php\/produkt\/diansheng-7x7-m\/\" \/>\n<meta property=\"og:locale\" content=\"de_DE\" \/>\n<meta property=\"og:type\" content=\"article\" \/>\n<meta property=\"og:title\" content=\"DianSheng 7x7 M - gRoods\" \/>\n<meta property=\"og:description\" content=\"Der DianSheng Magnetic ist ein 2022 ver\u00f6ffentlichter Speedcube mit frischem neuen Design von DianSheng. Der W\u00fcrfel ist stickerless, hat helle Farbt\u00f6ne und hat einzigartige elliptische Muster auf der Innenseite der Teile. Die Magnete sind mittel bis stark.\" \/>\n<meta property=\"og:url\" content=\"https:\/\/www.groods.de\/index.php\/produkt\/diansheng-7x7-m\/\" \/>\n<meta property=\"og:site_name\" content=\"gRoods\" \/>\n<meta property=\"article:modified_time\" content=\"2025-12-03T11:24:54+00:00\" \/>\n<meta property=\"og:image\" content=\"https:\/\/www.groods.de\/wp-content\/uploads\/2022\/09\/DS7M-DianSheng_7x7.jpg\" \/>\n\t<meta property=\"og:image:width\" content=\"900\" \/>\n\t<meta property=\"og:image:height\" content=\"600\" \/>\n\t<meta property=\"og:image:type\" content=\"image\/jpeg\" \/>\n<meta name=\"twitter:card\" content=\"summary_large_image\" \/>\n<meta name=\"twitter:label1\" content=\"Gesch\u00e4tzte Lesezeit\" \/>\n\t<meta name=\"twitter:data1\" content=\"1\u00a0Minute\" \/>\n<script type=\"application\/ld+json\" class=\"yoast-schema-graph\">{\"@context\":\"https:\/\/schema.org\",\"@graph\":[{\"@type\":\"WebPage\",\"@id\":\"https:\/\/www.groods.de\/index.php\/produkt\/diansheng-7x7-m\/\",\"url\":\"https:\/\/www.groods.de\/index.php\/produkt\/diansheng-7x7-m\/\",\"name\":\"DianSheng 7x7 M - gRoods\",\"isPartOf\":{\"@id\":\"https:\/\/www.groods.de\/#website\"},\"primaryImageOfPage\":{\"@id\":\"https:\/\/www.groods.de\/index.php\/produkt\/diansheng-7x7-m\/#primaryimage\"},\"image\":{\"@id\":\"https:\/\/www.groods.de\/index.php\/produkt\/diansheng-7x7-m\/#primaryimage\"},\"thumbnailUrl\":\"https:\/\/www.groods.de\/wp-content\/uploads\/2022\/09\/DS7M-DianSheng_7x7.jpg\",\"datePublished\":\"2022-09-05T06:24:31+00:00\",\"dateModified\":\"2025-12-03T11:24:54+00:00\",\"breadcrumb\":{\"@id\":\"https:\/\/www.groods.de\/index.php\/produkt\/diansheng-7x7-m\/#breadcrumb\"},\"inLanguage\":\"de\",\"potentialAction\":[{\"@type\":\"ReadAction\",\"target\":[\"https:\/\/www.groods.de\/index.php\/produkt\/diansheng-7x7-m\/\"]}]},{\"@type\":\"ImageObject\",\"inLanguage\":\"de\",\"@id\":\"https:\/\/www.groods.de\/index.php\/produkt\/diansheng-7x7-m\/#primaryimage\",\"url\":\"https:\/\/www.groods.de\/wp-content\/uploads\/2022\/09\/DS7M-DianSheng_7x7.jpg\",\"contentUrl\":\"https:\/\/www.groods.de\/wp-content\/uploads\/2022\/09\/DS7M-DianSheng_7x7.jpg\",\"width\":900,\"height\":600},{\"@type\":\"BreadcrumbList\",\"@id\":\"https:\/\/www.groods.de\/index.php\/produkt\/diansheng-7x7-m\/#breadcrumb\",\"itemListElement\":[{\"@type\":\"ListItem\",\"position\":1,\"name\":\"Startseite\",\"item\":\"https:\/\/www.groods.de\/\"},{\"@type\":\"ListItem\",\"position\":2,\"name\":\"Shop\",\"item\":\"https:\/\/www.groods.de\/index.php\/shop\/\"},{\"@type\":\"ListItem\",\"position\":3,\"name\":\"DianSheng 7&#215;7 M\"}]},{\"@type\":\"WebSite\",\"@id\":\"https:\/\/www.groods.de\/#website\",\"url\":\"https:\/\/www.groods.de\/\",\"name\":\"gRoods.de\",\"description\":\"Entdecke die Welt der Speedcubes\",\"publisher\":{\"@id\":\"https:\/\/www.groods.de\/#organization\"},\"potentialAction\":[{\"@type\":\"SearchAction\",\"target\":{\"@type\":\"EntryPoint\",\"urlTemplate\":\"https:\/\/www.groods.de\/?s={search_term_string}\"},\"query-input\":{\"@type\":\"PropertyValueSpecification\",\"valueRequired\":true,\"valueName\":\"search_term_string\"}}],\"inLanguage\":\"de\"},{\"@type\":\"Organization\",\"@id\":\"https:\/\/www.groods.de\/#organization\",\"name\":\"gRoods.de\",\"url\":\"https:\/\/www.groods.de\/\",\"logo\":{\"@type\":\"ImageObject\",\"inLanguage\":\"de\",\"@id\":\"https:\/\/www.groods.de\/#\/schema\/logo\/image\/\",\"url\":\"https:\/\/www.groods.de\/wp-content\/uploads\/2018\/08\/logo.png\",\"contentUrl\":\"https:\/\/www.groods.de\/wp-content\/uploads\/2018\/08\/logo.png\",\"width\":1077,\"height\":373,\"caption\":\"gRoods.de\"},\"image\":{\"@id\":\"https:\/\/www.groods.de\/#\/schema\/logo\/image\/\"}}]}<\/script>\n<!-- \/ Yoast SEO plugin. -->","yoast_head_json":{"title":"DianSheng 7x7 M - gRoods","robots":{"index":"index","follow":"follow","max-snippet":"max-snippet:-1","max-image-preview":"max-image-preview:large","max-video-preview":"max-video-preview:-1"},"canonical":"https:\/\/www.groods.de\/index.php\/produkt\/diansheng-7x7-m\/","og_locale":"de_DE","og_type":"article","og_title":"DianSheng 7x7 M - gRoods","og_description":"Der DianSheng Magnetic ist ein 2022 ver\u00f6ffentlichter Speedcube mit frischem neuen Design von DianSheng. Der W\u00fcrfel ist stickerless, hat helle Farbt\u00f6ne und hat einzigartige elliptische Muster auf der Innenseite der Teile. Die Magnete sind mittel bis stark.","og_url":"https:\/\/www.groods.de\/index.php\/produkt\/diansheng-7x7-m\/","og_site_name":"gRoods","article_modified_time":"2025-12-03T11:24:54+00:00","og_image":[{"width":900,"height":600,"url":"https:\/\/www.groods.de\/wp-content\/uploads\/2022\/09\/DS7M-DianSheng_7x7.jpg","type":"image\/jpeg"}],"twitter_card":"summary_large_image","twitter_misc":{"Gesch\u00e4tzte Lesezeit":"1\u00a0Minute"},"schema":{"@context":"https:\/\/schema.org","@graph":[{"@type":"WebPage","@id":"https:\/\/www.groods.de\/index.php\/produkt\/diansheng-7x7-m\/","url":"https:\/\/www.groods.de\/index.php\/produkt\/diansheng-7x7-m\/","name":"DianSheng 7x7 M - gRoods","isPartOf":{"@id":"https:\/\/www.groods.de\/#website"},"primaryImageOfPage":{"@id":"https:\/\/www.groods.de\/index.php\/produkt\/diansheng-7x7-m\/#primaryimage"},"image":{"@id":"https:\/\/www.groods.de\/index.php\/produkt\/diansheng-7x7-m\/#primaryimage"},"thumbnailUrl":"https:\/\/www.groods.de\/wp-content\/uploads\/2022\/09\/DS7M-DianSheng_7x7.jpg","datePublished":"2022-09-05T06:24:31+00:00","dateModified":"2025-12-03T11:24:54+00:00","breadcrumb":{"@id":"https:\/\/www.groods.de\/index.php\/produkt\/diansheng-7x7-m\/#breadcrumb"},"inLanguage":"de","potentialAction":[{"@type":"ReadAction","target":["https:\/\/www.groods.de\/index.php\/produkt\/diansheng-7x7-m\/"]}]},{"@type":"ImageObject","inLanguage":"de","@id":"https:\/\/www.groods.de\/index.php\/produkt\/diansheng-7x7-m\/#primaryimage","url":"https:\/\/www.groods.de\/wp-content\/uploads\/2022\/09\/DS7M-DianSheng_7x7.jpg","contentUrl":"https:\/\/www.groods.de\/wp-content\/uploads\/2022\/09\/DS7M-DianSheng_7x7.jpg","width":900,"height":600},{"@type":"BreadcrumbList","@id":"https:\/\/www.groods.de\/index.php\/produkt\/diansheng-7x7-m\/#breadcrumb","itemListElement":[{"@type":"ListItem","position":1,"name":"Startseite","item":"https:\/\/www.groods.de\/"},{"@type":"ListItem","position":2,"name":"Shop","item":"https:\/\/www.groods.de\/index.php\/shop\/"},{"@type":"ListItem","position":3,"name":"DianSheng 7&#215;7 M"}]},{"@type":"WebSite","@id":"https:\/\/www.groods.de\/#website","url":"https:\/\/www.groods.de\/","name":"gRoods.de","description":"Entdecke die Welt der Speedcubes","publisher":{"@id":"https:\/\/www.groods.de\/#organization"},"potentialAction":[{"@type":"SearchAction","target":{"@type":"EntryPoint","urlTemplate":"https:\/\/www.groods.de\/?s={search_term_string}"},"query-input":{"@type":"PropertyValueSpecification","valueRequired":true,"valueName":"search_term_string"}}],"inLanguage":"de"},{"@type":"Organization","@id":"https:\/\/www.groods.de\/#organization","name":"gRoods.de","url":"https:\/\/www.groods.de\/","logo":{"@type":"ImageObject","inLanguage":"de","@id":"https:\/\/www.groods.de\/#\/schema\/logo\/image\/","url":"https:\/\/www.groods.de\/wp-content\/uploads\/2018\/08\/logo.png","contentUrl":"https:\/\/www.groods.de\/wp-content\/uploads\/2018\/08\/logo.png","width":1077,"height":373,"caption":"gRoods.de"},"image":{"@id":"https:\/\/www.groods.de\/#\/schema\/logo\/image\/"}}]}},"_links":{"self":[{"href":"https:\/\/www.groods.de\/index.php\/wp-json\/wp\/v2\/product\/8776","targetHints":{"allow":["GET"]}}],"collection":[{"href":"https:\/\/www.groods.de\/index.php\/wp-json\/wp\/v2\/product"}],"about":[{"href":"https:\/\/www.groods.de\/index.php\/wp-json\/wp\/v2\/types\/product"}],"replies":[{"embeddable":true,"href":"https:\/\/www.groods.de\/index.php\/wp-json\/wp\/v2\/comments?post=8776"}],"wp:featuredmedia":[{"embeddable":true,"href":"https:\/\/www.groods.de\/index.php\/wp-json\/wp\/v2\/media\/8843"}],"wp:attachment":[{"href":"https:\/\/www.groods.de\/index.php\/wp-json\/wp\/v2\/media?parent=8776"}],"wp:term":[{"taxonomy":"product_brand","embeddable":true,"href":"https:\/\/www.groods.de\/index.php\/wp-json\/wp\/v2\/product_brand?post=8776"},{"taxonomy":"product_cat","embeddable":true,"href":"https:\/\/www.groods.de\/index.php\/wp-json\/wp\/v2\/product_cat?post=8776"},{"taxonomy":"product_tag","embeddable":true,"href":"https:\/\/www.groods.de\/index.php\/wp-json\/wp\/v2\/product_tag?post=8776"}],"curies":[{"name":"wp","href":"https:\/\/api.w.org\/{rel}","templated":true}]}}