{"id":8380,"date":"2022-03-21T10:29:40","date_gmt":"2022-03-21T09:29:40","guid":{"rendered":"https:\/\/www.groods.de\/index.php\/produkt\/moyu-meilong-3x3-windmill-cube-stickerless\/"},"modified":"2025-11-19T22:12:54","modified_gmt":"2025-11-19T21:12:54","slug":"moyu-meilong-3x3-windmill-cube-stickerless","status":"publish","type":"product","link":"https:\/\/www.groods.de\/index.php\/produkt\/moyu-meilong-3x3-windmill-cube-stickerless\/","title":{"rendered":"MoYu Meilong 3&#215;3 Windmill Cube &#8211; stickerless"},"content":{"rendered":"<h1>MoYu Meilong Windmill Cube 3&#215;3 &#8211; stickerless<\/h1>\n<p>Der Windmill Cube hat einen 3x3x3 Cube als Kern, also ist die L\u00f6sung auch theoretisch die gleiche. Allerdings kommt erschwerend hinzu, das der W\u00fcrfel bei manchen Drehungen seine \u00e4u\u00dfere Form ver\u00e4ndert, was ihn schon recht bald zu einem stachligen Gebilde machen kann. Viel Orientierungssinn ist also gefragt.<\/p>\n<p><strong>Eigenschaften:<\/strong><\/p>\n<ul>\n<li>MoYu Meilong Windmill Cube 3&#215;3 &#8211; Stickerless Magic Cube<\/li>\n<li>glatte und schnelle Oberfl\u00e4che<\/li>\n<li>neu und Originalverpackt<\/li>\n<li>aus hochwertigem ABS Material, das umweltfreundlich, ungiftig und langlebig ist<\/li>\n<li>einfarbig im stickerless Design<\/li>\n<li>geschmeidige Rotation und komfortables Spielgef\u00fchl<\/li>\n<li>ausgezeichnete Fehlertoleranz f\u00fcr besonders schnelle Zeiten<\/li>\n<li>Dieser Windmill Cube unterscheidet sich vom Standard 3&#215;3 Cube und stellt sie vor eine besondere Herausforderung<\/li>\n<li>Viele Stunden Spa\u00df und Kopfzerbrechen mit Freunden und Familie sind garantiert<\/li>\n<\/ul>\n<p>Spezifikationen:<\/p>\n<ul>\n<li>Farbe: stickerless<\/li>\n<li>Material: Kunststoff<\/li>\n<li>Produkt Abmessungen: 5,7*5,7*5,7 cm<\/li>\n<li>Produkt Gewicht: 92g<\/li>\n<li>Verpackung: Karton Box<\/li>\n<\/ul>\n","protected":false},"excerpt":{"rendered":"<p>MoYu Meilong Windmill Cube 3&#215;3 &#8211; stickerless Der Windmill Cube hat einen 3x3x3 Cube als Kern, also ist die L\u00f6sung auch theoretisch die gleiche. Allerdings kommt erschwerend hinzu, das der W\u00fcrfel bei manchen Drehungen seine \u00e4u\u00dfere Form ver\u00e4ndert, was ihn schon recht bald zu einem stachligen Gebilde machen kann. Viel Orientierungssinn ist also gefragt. Eigenschaften: [&hellip;]<\/p>\n","protected":false},"featured_media":8492,"comment_status":"open","ping_status":"closed","template":"","meta":[],"product_brand":[],"product_cat":[45,100,38,86,19],"product_tag":[],"class_list":{"0":"post-8380","1":"product","2":"type-product","3":"status-publish","4":"has-post-thumbnail","6":"product_cat-andere-formen","7":"product_cat-fisher-cube","8":"product_cat-moyu","9":"product_cat-neue-produkte","10":"product_cat-zauberwuerfel","12":"first","13":"instock","14":"taxable","15":"shipping-taxable","16":"purchasable","17":"product-type-simple"},"yoast_head":"<!-- This site is optimized with the Yoast SEO plugin v26.7 - https:\/\/yoast.com\/wordpress\/plugins\/seo\/ -->\n<title>MoYu Meilong 3x3 Windmill Cube - stickerless - gRoods<\/title>\n<meta name=\"robots\" content=\"index, follow, max-snippet:-1, max-image-preview:large, max-video-preview:-1\" \/>\n<link rel=\"canonical\" href=\"https:\/\/www.groods.de\/index.php\/produkt\/moyu-meilong-3x3-windmill-cube-stickerless\/\" \/>\n<meta property=\"og:locale\" content=\"de_DE\" \/>\n<meta property=\"og:type\" content=\"article\" \/>\n<meta property=\"og:title\" content=\"MoYu Meilong 3x3 Windmill Cube - stickerless - gRoods\" \/>\n<meta property=\"og:description\" content=\"MoYu Meilong Windmill Cube 3&#215;3 &#8211; stickerless Der Windmill Cube hat einen 3x3x3 Cube als Kern, also ist die L\u00f6sung auch theoretisch die gleiche. Allerdings kommt erschwerend hinzu, das der W\u00fcrfel bei manchen Drehungen seine \u00e4u\u00dfere Form ver\u00e4ndert, was ihn schon recht bald zu einem stachligen Gebilde machen kann. Viel Orientierungssinn ist also gefragt. Eigenschaften: [&hellip;]\" \/>\n<meta property=\"og:url\" content=\"https:\/\/www.groods.de\/index.php\/produkt\/moyu-meilong-3x3-windmill-cube-stickerless\/\" \/>\n<meta property=\"og:site_name\" content=\"gRoods\" \/>\n<meta property=\"article:modified_time\" content=\"2025-11-19T21:12:54+00:00\" \/>\n<meta property=\"og:image\" content=\"https:\/\/www.groods.de\/wp-content\/uploads\/2022\/03\/MoYu-Meilong-Windmill-Cube-3x3-stickerless-1.jpg\" \/>\n\t<meta property=\"og:image:width\" content=\"801\" \/>\n\t<meta property=\"og:image:height\" content=\"801\" \/>\n\t<meta property=\"og:image:type\" content=\"image\/jpeg\" \/>\n<meta name=\"twitter:card\" content=\"summary_large_image\" \/>\n<meta name=\"twitter:label1\" content=\"Gesch\u00e4tzte Lesezeit\" \/>\n\t<meta name=\"twitter:data1\" content=\"1\u00a0Minute\" \/>\n<script type=\"application\/ld+json\" class=\"yoast-schema-graph\">{\"@context\":\"https:\/\/schema.org\",\"@graph\":[{\"@type\":\"WebPage\",\"@id\":\"https:\/\/www.groods.de\/index.php\/produkt\/moyu-meilong-3x3-windmill-cube-stickerless\/\",\"url\":\"https:\/\/www.groods.de\/index.php\/produkt\/moyu-meilong-3x3-windmill-cube-stickerless\/\",\"name\":\"MoYu Meilong 3x3 Windmill Cube - stickerless - gRoods\",\"isPartOf\":{\"@id\":\"https:\/\/www.groods.de\/#website\"},\"primaryImageOfPage\":{\"@id\":\"https:\/\/www.groods.de\/index.php\/produkt\/moyu-meilong-3x3-windmill-cube-stickerless\/#primaryimage\"},\"image\":{\"@id\":\"https:\/\/www.groods.de\/index.php\/produkt\/moyu-meilong-3x3-windmill-cube-stickerless\/#primaryimage\"},\"thumbnailUrl\":\"https:\/\/www.groods.de\/wp-content\/uploads\/2022\/03\/MoYu-Meilong-Windmill-Cube-3x3-stickerless-1.jpg\",\"datePublished\":\"2022-03-21T09:29:40+00:00\",\"dateModified\":\"2025-11-19T21:12:54+00:00\",\"breadcrumb\":{\"@id\":\"https:\/\/www.groods.de\/index.php\/produkt\/moyu-meilong-3x3-windmill-cube-stickerless\/#breadcrumb\"},\"inLanguage\":\"de\",\"potentialAction\":[{\"@type\":\"ReadAction\",\"target\":[\"https:\/\/www.groods.de\/index.php\/produkt\/moyu-meilong-3x3-windmill-cube-stickerless\/\"]}]},{\"@type\":\"ImageObject\",\"inLanguage\":\"de\",\"@id\":\"https:\/\/www.groods.de\/index.php\/produkt\/moyu-meilong-3x3-windmill-cube-stickerless\/#primaryimage\",\"url\":\"https:\/\/www.groods.de\/wp-content\/uploads\/2022\/03\/MoYu-Meilong-Windmill-Cube-3x3-stickerless-1.jpg\",\"contentUrl\":\"https:\/\/www.groods.de\/wp-content\/uploads\/2022\/03\/MoYu-Meilong-Windmill-Cube-3x3-stickerless-1.jpg\",\"width\":801,\"height\":801},{\"@type\":\"BreadcrumbList\",\"@id\":\"https:\/\/www.groods.de\/index.php\/produkt\/moyu-meilong-3x3-windmill-cube-stickerless\/#breadcrumb\",\"itemListElement\":[{\"@type\":\"ListItem\",\"position\":1,\"name\":\"Startseite\",\"item\":\"https:\/\/www.groods.de\/\"},{\"@type\":\"ListItem\",\"position\":2,\"name\":\"Shop\",\"item\":\"https:\/\/www.groods.de\/index.php\/shop\/\"},{\"@type\":\"ListItem\",\"position\":3,\"name\":\"MoYu Meilong 3&#215;3 Windmill Cube &#8211; stickerless\"}]},{\"@type\":\"WebSite\",\"@id\":\"https:\/\/www.groods.de\/#website\",\"url\":\"https:\/\/www.groods.de\/\",\"name\":\"gRoods.de\",\"description\":\"Entdecke die Welt der Speedcubes\",\"publisher\":{\"@id\":\"https:\/\/www.groods.de\/#organization\"},\"potentialAction\":[{\"@type\":\"SearchAction\",\"target\":{\"@type\":\"EntryPoint\",\"urlTemplate\":\"https:\/\/www.groods.de\/?s={search_term_string}\"},\"query-input\":{\"@type\":\"PropertyValueSpecification\",\"valueRequired\":true,\"valueName\":\"search_term_string\"}}],\"inLanguage\":\"de\"},{\"@type\":\"Organization\",\"@id\":\"https:\/\/www.groods.de\/#organization\",\"name\":\"gRoods.de\",\"url\":\"https:\/\/www.groods.de\/\",\"logo\":{\"@type\":\"ImageObject\",\"inLanguage\":\"de\",\"@id\":\"https:\/\/www.groods.de\/#\/schema\/logo\/image\/\",\"url\":\"https:\/\/www.groods.de\/wp-content\/uploads\/2018\/08\/logo.png\",\"contentUrl\":\"https:\/\/www.groods.de\/wp-content\/uploads\/2018\/08\/logo.png\",\"width\":1077,\"height\":373,\"caption\":\"gRoods.de\"},\"image\":{\"@id\":\"https:\/\/www.groods.de\/#\/schema\/logo\/image\/\"}}]}<\/script>\n<!-- \/ Yoast SEO plugin. -->","yoast_head_json":{"title":"MoYu Meilong 3x3 Windmill Cube - stickerless - gRoods","robots":{"index":"index","follow":"follow","max-snippet":"max-snippet:-1","max-image-preview":"max-image-preview:large","max-video-preview":"max-video-preview:-1"},"canonical":"https:\/\/www.groods.de\/index.php\/produkt\/moyu-meilong-3x3-windmill-cube-stickerless\/","og_locale":"de_DE","og_type":"article","og_title":"MoYu Meilong 3x3 Windmill Cube - stickerless - gRoods","og_description":"MoYu Meilong Windmill Cube 3&#215;3 &#8211; stickerless Der Windmill Cube hat einen 3x3x3 Cube als Kern, also ist die L\u00f6sung auch theoretisch die gleiche. Allerdings kommt erschwerend hinzu, das der W\u00fcrfel bei manchen Drehungen seine \u00e4u\u00dfere Form ver\u00e4ndert, was ihn schon recht bald zu einem stachligen Gebilde machen kann. Viel Orientierungssinn ist also gefragt. Eigenschaften: [&hellip;]","og_url":"https:\/\/www.groods.de\/index.php\/produkt\/moyu-meilong-3x3-windmill-cube-stickerless\/","og_site_name":"gRoods","article_modified_time":"2025-11-19T21:12:54+00:00","og_image":[{"width":801,"height":801,"url":"https:\/\/www.groods.de\/wp-content\/uploads\/2022\/03\/MoYu-Meilong-Windmill-Cube-3x3-stickerless-1.jpg","type":"image\/jpeg"}],"twitter_card":"summary_large_image","twitter_misc":{"Gesch\u00e4tzte Lesezeit":"1\u00a0Minute"},"schema":{"@context":"https:\/\/schema.org","@graph":[{"@type":"WebPage","@id":"https:\/\/www.groods.de\/index.php\/produkt\/moyu-meilong-3x3-windmill-cube-stickerless\/","url":"https:\/\/www.groods.de\/index.php\/produkt\/moyu-meilong-3x3-windmill-cube-stickerless\/","name":"MoYu Meilong 3x3 Windmill Cube - stickerless - gRoods","isPartOf":{"@id":"https:\/\/www.groods.de\/#website"},"primaryImageOfPage":{"@id":"https:\/\/www.groods.de\/index.php\/produkt\/moyu-meilong-3x3-windmill-cube-stickerless\/#primaryimage"},"image":{"@id":"https:\/\/www.groods.de\/index.php\/produkt\/moyu-meilong-3x3-windmill-cube-stickerless\/#primaryimage"},"thumbnailUrl":"https:\/\/www.groods.de\/wp-content\/uploads\/2022\/03\/MoYu-Meilong-Windmill-Cube-3x3-stickerless-1.jpg","datePublished":"2022-03-21T09:29:40+00:00","dateModified":"2025-11-19T21:12:54+00:00","breadcrumb":{"@id":"https:\/\/www.groods.de\/index.php\/produkt\/moyu-meilong-3x3-windmill-cube-stickerless\/#breadcrumb"},"inLanguage":"de","potentialAction":[{"@type":"ReadAction","target":["https:\/\/www.groods.de\/index.php\/produkt\/moyu-meilong-3x3-windmill-cube-stickerless\/"]}]},{"@type":"ImageObject","inLanguage":"de","@id":"https:\/\/www.groods.de\/index.php\/produkt\/moyu-meilong-3x3-windmill-cube-stickerless\/#primaryimage","url":"https:\/\/www.groods.de\/wp-content\/uploads\/2022\/03\/MoYu-Meilong-Windmill-Cube-3x3-stickerless-1.jpg","contentUrl":"https:\/\/www.groods.de\/wp-content\/uploads\/2022\/03\/MoYu-Meilong-Windmill-Cube-3x3-stickerless-1.jpg","width":801,"height":801},{"@type":"BreadcrumbList","@id":"https:\/\/www.groods.de\/index.php\/produkt\/moyu-meilong-3x3-windmill-cube-stickerless\/#breadcrumb","itemListElement":[{"@type":"ListItem","position":1,"name":"Startseite","item":"https:\/\/www.groods.de\/"},{"@type":"ListItem","position":2,"name":"Shop","item":"https:\/\/www.groods.de\/index.php\/shop\/"},{"@type":"ListItem","position":3,"name":"MoYu Meilong 3&#215;3 Windmill Cube &#8211; stickerless"}]},{"@type":"WebSite","@id":"https:\/\/www.groods.de\/#website","url":"https:\/\/www.groods.de\/","name":"gRoods.de","description":"Entdecke die Welt der Speedcubes","publisher":{"@id":"https:\/\/www.groods.de\/#organization"},"potentialAction":[{"@type":"SearchAction","target":{"@type":"EntryPoint","urlTemplate":"https:\/\/www.groods.de\/?s={search_term_string}"},"query-input":{"@type":"PropertyValueSpecification","valueRequired":true,"valueName":"search_term_string"}}],"inLanguage":"de"},{"@type":"Organization","@id":"https:\/\/www.groods.de\/#organization","name":"gRoods.de","url":"https:\/\/www.groods.de\/","logo":{"@type":"ImageObject","inLanguage":"de","@id":"https:\/\/www.groods.de\/#\/schema\/logo\/image\/","url":"https:\/\/www.groods.de\/wp-content\/uploads\/2018\/08\/logo.png","contentUrl":"https:\/\/www.groods.de\/wp-content\/uploads\/2018\/08\/logo.png","width":1077,"height":373,"caption":"gRoods.de"},"image":{"@id":"https:\/\/www.groods.de\/#\/schema\/logo\/image\/"}}]}},"_links":{"self":[{"href":"https:\/\/www.groods.de\/index.php\/wp-json\/wp\/v2\/product\/8380","targetHints":{"allow":["GET"]}}],"collection":[{"href":"https:\/\/www.groods.de\/index.php\/wp-json\/wp\/v2\/product"}],"about":[{"href":"https:\/\/www.groods.de\/index.php\/wp-json\/wp\/v2\/types\/product"}],"replies":[{"embeddable":true,"href":"https:\/\/www.groods.de\/index.php\/wp-json\/wp\/v2\/comments?post=8380"}],"wp:featuredmedia":[{"embeddable":true,"href":"https:\/\/www.groods.de\/index.php\/wp-json\/wp\/v2\/media\/8492"}],"wp:attachment":[{"href":"https:\/\/www.groods.de\/index.php\/wp-json\/wp\/v2\/media?parent=8380"}],"wp:term":[{"taxonomy":"product_brand","embeddable":true,"href":"https:\/\/www.groods.de\/index.php\/wp-json\/wp\/v2\/product_brand?post=8380"},{"taxonomy":"product_cat","embeddable":true,"href":"https:\/\/www.groods.de\/index.php\/wp-json\/wp\/v2\/product_cat?post=8380"},{"taxonomy":"product_tag","embeddable":true,"href":"https:\/\/www.groods.de\/index.php\/wp-json\/wp\/v2\/product_tag?post=8380"}],"curies":[{"name":"wp","href":"https:\/\/api.w.org\/{rel}","templated":true}]}}