{"id":8219,"date":"2022-02-18T13:31:06","date_gmt":"2022-02-18T12:31:06","guid":{"rendered":"https:\/\/www.groods.de\/index.php\/produkt\/gan-11-air-3x3\/"},"modified":"2025-11-19T22:36:58","modified_gmt":"2025-11-19T21:36:58","slug":"gan-11-air-3x3","status":"publish","type":"product","link":"https:\/\/www.groods.de\/index.php\/produkt\/gan-11-air-3x3\/","title":{"rendered":"GAN 11 Air 3&#215;3"},"content":{"rendered":"<p>Der GAN 11 Air 3&#215;3 ist eine abgespeckte, leichte Version des Flaggschiffs GAN 11 M Pro, die keine Magnete oder das GES Pro-Kernanpassungssystem enth\u00e4lt.<\/p>\n<p>Anstelle des Dual-Adjustment, die das GES Pro-System bietet, enth\u00e4lt der Air das GES+-System, das uns zu einer einzigen Anpassung mit verschiedenen verf\u00fcgbaren GES-Federn zur\u00fcckbringt, um durch eine h\u00e4rtere oder weichere Feder ein unterschiedliches Gef\u00fchl zu vermitteln.<\/p>\n<p>W\u00e4hrend dies f\u00fcr manche keine gute Nachricht sein mag, ist es gro\u00dfartig f\u00fcr Heimwerker, die ihre eigenen W\u00fcrfel magnetisieren k\u00f6nnen oder einfach nur einen W\u00fcrfel wollen, der sich gut anf\u00fchlt und einfach anzupassen ist.<\/p>\n<p>Enthaltene Extras<\/p>\n<p>&#8211; GAN Case<br \/>\n&#8211; W\u00fcrfelbeutel<br \/>\n&#8211; Einsteiger- und CFOP-Tutorial<br \/>\n&#8211; Artikelgewicht: 50 g<br \/>\n&#8211; Artikelgr\u00f6\u00dfe: 56x56x56 mm<br \/>\n&#8211; Farbversion: Stickerless<br \/>\n&#8211; Magneten: Ja<br \/>\n&#8211; Altersempfehlung: ab 3 Jahren<br \/>\n&#8211; Anzahl der Spieler: 1<\/p>\n","protected":false},"excerpt":{"rendered":"<p>Der GAN 11 Air 3&#215;3 ist eine abgespeckte, leichte Version des Flaggschiffs GAN 11 M Pro, die keine Magnete oder das GES Pro-Kernanpassungssystem enth\u00e4lt. Anstelle des Dual-Adjustment, die das GES Pro-System bietet, enth\u00e4lt der Air das GES+-System, das uns zu einer einzigen Anpassung mit verschiedenen verf\u00fcgbaren GES-Federn zur\u00fcckbringt, um durch eine h\u00e4rtere oder weichere Feder [&hellip;]<\/p>\n","protected":false},"featured_media":8263,"comment_status":"open","ping_status":"closed","template":"","meta":[],"product_brand":[],"product_cat":[53,88,86],"product_tag":[],"class_list":{"0":"post-8219","1":"product","2":"type-product","3":"status-publish","4":"has-post-thumbnail","6":"product_cat-3x3","7":"product_cat-gan","8":"product_cat-neue-produkte","10":"first","11":"instock","12":"taxable","13":"shipping-taxable","14":"purchasable","15":"product-type-simple"},"yoast_head":"<!-- This site is optimized with the Yoast SEO plugin v26.7 - https:\/\/yoast.com\/wordpress\/plugins\/seo\/ -->\n<title>GAN 11 Air 3x3 - gRoods<\/title>\n<meta name=\"robots\" content=\"index, follow, max-snippet:-1, max-image-preview:large, max-video-preview:-1\" \/>\n<link rel=\"canonical\" href=\"https:\/\/www.groods.de\/index.php\/produkt\/gan-11-air-3x3\/\" \/>\n<meta property=\"og:locale\" content=\"de_DE\" \/>\n<meta property=\"og:type\" content=\"article\" \/>\n<meta property=\"og:title\" content=\"GAN 11 Air 3x3 - gRoods\" \/>\n<meta property=\"og:description\" content=\"Der GAN 11 Air 3&#215;3 ist eine abgespeckte, leichte Version des Flaggschiffs GAN 11 M Pro, die keine Magnete oder das GES Pro-Kernanpassungssystem enth\u00e4lt. Anstelle des Dual-Adjustment, die das GES Pro-System bietet, enth\u00e4lt der Air das GES+-System, das uns zu einer einzigen Anpassung mit verschiedenen verf\u00fcgbaren GES-Federn zur\u00fcckbringt, um durch eine h\u00e4rtere oder weichere Feder [&hellip;]\" \/>\n<meta property=\"og:url\" content=\"https:\/\/www.groods.de\/index.php\/produkt\/gan-11-air-3x3\/\" \/>\n<meta property=\"og:site_name\" content=\"gRoods\" \/>\n<meta property=\"article:modified_time\" content=\"2025-11-19T21:36:58+00:00\" \/>\n<meta property=\"og:image\" content=\"https:\/\/www.groods.de\/wp-content\/uploads\/2022\/02\/GAN-11-Air_7.jpg\" \/>\n\t<meta property=\"og:image:width\" content=\"800\" \/>\n\t<meta property=\"og:image:height\" content=\"800\" \/>\n\t<meta property=\"og:image:type\" content=\"image\/jpeg\" \/>\n<meta name=\"twitter:card\" content=\"summary_large_image\" \/>\n<meta name=\"twitter:label1\" content=\"Gesch\u00e4tzte Lesezeit\" \/>\n\t<meta name=\"twitter:data1\" content=\"1\u00a0Minute\" \/>\n<script type=\"application\/ld+json\" class=\"yoast-schema-graph\">{\"@context\":\"https:\/\/schema.org\",\"@graph\":[{\"@type\":\"WebPage\",\"@id\":\"https:\/\/www.groods.de\/index.php\/produkt\/gan-11-air-3x3\/\",\"url\":\"https:\/\/www.groods.de\/index.php\/produkt\/gan-11-air-3x3\/\",\"name\":\"GAN 11 Air 3x3 - gRoods\",\"isPartOf\":{\"@id\":\"https:\/\/www.groods.de\/#website\"},\"primaryImageOfPage\":{\"@id\":\"https:\/\/www.groods.de\/index.php\/produkt\/gan-11-air-3x3\/#primaryimage\"},\"image\":{\"@id\":\"https:\/\/www.groods.de\/index.php\/produkt\/gan-11-air-3x3\/#primaryimage\"},\"thumbnailUrl\":\"https:\/\/www.groods.de\/wp-content\/uploads\/2022\/02\/GAN-11-Air_7.jpg\",\"datePublished\":\"2022-02-18T12:31:06+00:00\",\"dateModified\":\"2025-11-19T21:36:58+00:00\",\"breadcrumb\":{\"@id\":\"https:\/\/www.groods.de\/index.php\/produkt\/gan-11-air-3x3\/#breadcrumb\"},\"inLanguage\":\"de\",\"potentialAction\":[{\"@type\":\"ReadAction\",\"target\":[\"https:\/\/www.groods.de\/index.php\/produkt\/gan-11-air-3x3\/\"]}]},{\"@type\":\"ImageObject\",\"inLanguage\":\"de\",\"@id\":\"https:\/\/www.groods.de\/index.php\/produkt\/gan-11-air-3x3\/#primaryimage\",\"url\":\"https:\/\/www.groods.de\/wp-content\/uploads\/2022\/02\/GAN-11-Air_7.jpg\",\"contentUrl\":\"https:\/\/www.groods.de\/wp-content\/uploads\/2022\/02\/GAN-11-Air_7.jpg\",\"width\":800,\"height\":800},{\"@type\":\"BreadcrumbList\",\"@id\":\"https:\/\/www.groods.de\/index.php\/produkt\/gan-11-air-3x3\/#breadcrumb\",\"itemListElement\":[{\"@type\":\"ListItem\",\"position\":1,\"name\":\"Startseite\",\"item\":\"https:\/\/www.groods.de\/\"},{\"@type\":\"ListItem\",\"position\":2,\"name\":\"Shop\",\"item\":\"https:\/\/www.groods.de\/index.php\/shop\/\"},{\"@type\":\"ListItem\",\"position\":3,\"name\":\"GAN 11 Air 3&#215;3\"}]},{\"@type\":\"WebSite\",\"@id\":\"https:\/\/www.groods.de\/#website\",\"url\":\"https:\/\/www.groods.de\/\",\"name\":\"gRoods.de\",\"description\":\"Entdecke die Welt der Speedcubes\",\"publisher\":{\"@id\":\"https:\/\/www.groods.de\/#organization\"},\"potentialAction\":[{\"@type\":\"SearchAction\",\"target\":{\"@type\":\"EntryPoint\",\"urlTemplate\":\"https:\/\/www.groods.de\/?s={search_term_string}\"},\"query-input\":{\"@type\":\"PropertyValueSpecification\",\"valueRequired\":true,\"valueName\":\"search_term_string\"}}],\"inLanguage\":\"de\"},{\"@type\":\"Organization\",\"@id\":\"https:\/\/www.groods.de\/#organization\",\"name\":\"gRoods.de\",\"url\":\"https:\/\/www.groods.de\/\",\"logo\":{\"@type\":\"ImageObject\",\"inLanguage\":\"de\",\"@id\":\"https:\/\/www.groods.de\/#\/schema\/logo\/image\/\",\"url\":\"https:\/\/www.groods.de\/wp-content\/uploads\/2018\/08\/logo.png\",\"contentUrl\":\"https:\/\/www.groods.de\/wp-content\/uploads\/2018\/08\/logo.png\",\"width\":1077,\"height\":373,\"caption\":\"gRoods.de\"},\"image\":{\"@id\":\"https:\/\/www.groods.de\/#\/schema\/logo\/image\/\"}}]}<\/script>\n<!-- \/ Yoast SEO plugin. -->","yoast_head_json":{"title":"GAN 11 Air 3x3 - gRoods","robots":{"index":"index","follow":"follow","max-snippet":"max-snippet:-1","max-image-preview":"max-image-preview:large","max-video-preview":"max-video-preview:-1"},"canonical":"https:\/\/www.groods.de\/index.php\/produkt\/gan-11-air-3x3\/","og_locale":"de_DE","og_type":"article","og_title":"GAN 11 Air 3x3 - gRoods","og_description":"Der GAN 11 Air 3&#215;3 ist eine abgespeckte, leichte Version des Flaggschiffs GAN 11 M Pro, die keine Magnete oder das GES Pro-Kernanpassungssystem enth\u00e4lt. Anstelle des Dual-Adjustment, die das GES Pro-System bietet, enth\u00e4lt der Air das GES+-System, das uns zu einer einzigen Anpassung mit verschiedenen verf\u00fcgbaren GES-Federn zur\u00fcckbringt, um durch eine h\u00e4rtere oder weichere Feder [&hellip;]","og_url":"https:\/\/www.groods.de\/index.php\/produkt\/gan-11-air-3x3\/","og_site_name":"gRoods","article_modified_time":"2025-11-19T21:36:58+00:00","og_image":[{"width":800,"height":800,"url":"https:\/\/www.groods.de\/wp-content\/uploads\/2022\/02\/GAN-11-Air_7.jpg","type":"image\/jpeg"}],"twitter_card":"summary_large_image","twitter_misc":{"Gesch\u00e4tzte Lesezeit":"1\u00a0Minute"},"schema":{"@context":"https:\/\/schema.org","@graph":[{"@type":"WebPage","@id":"https:\/\/www.groods.de\/index.php\/produkt\/gan-11-air-3x3\/","url":"https:\/\/www.groods.de\/index.php\/produkt\/gan-11-air-3x3\/","name":"GAN 11 Air 3x3 - gRoods","isPartOf":{"@id":"https:\/\/www.groods.de\/#website"},"primaryImageOfPage":{"@id":"https:\/\/www.groods.de\/index.php\/produkt\/gan-11-air-3x3\/#primaryimage"},"image":{"@id":"https:\/\/www.groods.de\/index.php\/produkt\/gan-11-air-3x3\/#primaryimage"},"thumbnailUrl":"https:\/\/www.groods.de\/wp-content\/uploads\/2022\/02\/GAN-11-Air_7.jpg","datePublished":"2022-02-18T12:31:06+00:00","dateModified":"2025-11-19T21:36:58+00:00","breadcrumb":{"@id":"https:\/\/www.groods.de\/index.php\/produkt\/gan-11-air-3x3\/#breadcrumb"},"inLanguage":"de","potentialAction":[{"@type":"ReadAction","target":["https:\/\/www.groods.de\/index.php\/produkt\/gan-11-air-3x3\/"]}]},{"@type":"ImageObject","inLanguage":"de","@id":"https:\/\/www.groods.de\/index.php\/produkt\/gan-11-air-3x3\/#primaryimage","url":"https:\/\/www.groods.de\/wp-content\/uploads\/2022\/02\/GAN-11-Air_7.jpg","contentUrl":"https:\/\/www.groods.de\/wp-content\/uploads\/2022\/02\/GAN-11-Air_7.jpg","width":800,"height":800},{"@type":"BreadcrumbList","@id":"https:\/\/www.groods.de\/index.php\/produkt\/gan-11-air-3x3\/#breadcrumb","itemListElement":[{"@type":"ListItem","position":1,"name":"Startseite","item":"https:\/\/www.groods.de\/"},{"@type":"ListItem","position":2,"name":"Shop","item":"https:\/\/www.groods.de\/index.php\/shop\/"},{"@type":"ListItem","position":3,"name":"GAN 11 Air 3&#215;3"}]},{"@type":"WebSite","@id":"https:\/\/www.groods.de\/#website","url":"https:\/\/www.groods.de\/","name":"gRoods.de","description":"Entdecke die Welt der Speedcubes","publisher":{"@id":"https:\/\/www.groods.de\/#organization"},"potentialAction":[{"@type":"SearchAction","target":{"@type":"EntryPoint","urlTemplate":"https:\/\/www.groods.de\/?s={search_term_string}"},"query-input":{"@type":"PropertyValueSpecification","valueRequired":true,"valueName":"search_term_string"}}],"inLanguage":"de"},{"@type":"Organization","@id":"https:\/\/www.groods.de\/#organization","name":"gRoods.de","url":"https:\/\/www.groods.de\/","logo":{"@type":"ImageObject","inLanguage":"de","@id":"https:\/\/www.groods.de\/#\/schema\/logo\/image\/","url":"https:\/\/www.groods.de\/wp-content\/uploads\/2018\/08\/logo.png","contentUrl":"https:\/\/www.groods.de\/wp-content\/uploads\/2018\/08\/logo.png","width":1077,"height":373,"caption":"gRoods.de"},"image":{"@id":"https:\/\/www.groods.de\/#\/schema\/logo\/image\/"}}]}},"_links":{"self":[{"href":"https:\/\/www.groods.de\/index.php\/wp-json\/wp\/v2\/product\/8219","targetHints":{"allow":["GET"]}}],"collection":[{"href":"https:\/\/www.groods.de\/index.php\/wp-json\/wp\/v2\/product"}],"about":[{"href":"https:\/\/www.groods.de\/index.php\/wp-json\/wp\/v2\/types\/product"}],"replies":[{"embeddable":true,"href":"https:\/\/www.groods.de\/index.php\/wp-json\/wp\/v2\/comments?post=8219"}],"wp:featuredmedia":[{"embeddable":true,"href":"https:\/\/www.groods.de\/index.php\/wp-json\/wp\/v2\/media\/8263"}],"wp:attachment":[{"href":"https:\/\/www.groods.de\/index.php\/wp-json\/wp\/v2\/media?parent=8219"}],"wp:term":[{"taxonomy":"product_brand","embeddable":true,"href":"https:\/\/www.groods.de\/index.php\/wp-json\/wp\/v2\/product_brand?post=8219"},{"taxonomy":"product_cat","embeddable":true,"href":"https:\/\/www.groods.de\/index.php\/wp-json\/wp\/v2\/product_cat?post=8219"},{"taxonomy":"product_tag","embeddable":true,"href":"https:\/\/www.groods.de\/index.php\/wp-json\/wp\/v2\/product_tag?post=8219"}],"curies":[{"name":"wp","href":"https:\/\/api.w.org\/{rel}","templated":true}]}}