{"id":7956,"date":"2021-12-30T16:44:33","date_gmt":"2021-12-30T15:44:33","guid":{"rendered":"https:\/\/www.groods.de\/index.php\/produkt\/yuxin-little-magic-4x4-magnetic-stickerless\/"},"modified":"2025-11-19T22:36:12","modified_gmt":"2025-11-19T21:36:12","slug":"yuxin-little-magic-4x4-magnetic-stickerless","status":"publish","type":"product","link":"https:\/\/www.groods.de\/index.php\/produkt\/yuxin-little-magic-4x4-magnetic-stickerless\/","title":{"rendered":"YuXin Little Magic 4&#215;4 Magnetic &#8211; stickerless"},"content":{"rendered":"<h1>YuXin Little Magic 4&#215;4 Magnetic &#8211; stickerless<\/h1>\n<p>Der Yuxin Little Magic 4&#215;4 M ist ein preisg\u00fcnstiger magnetischer 4&#215;4 Speedcube. Dieses Puzzle l\u00e4sst sich sofort nach dem Auspacken problemlos drehen und f\u00fchlt sich auf den \u00e4u\u00dferen Schichten leicht magnetisch an. Die inneren Schichten haben eine ausgepr\u00e4gtere magnetische Anziehungskraft. Dieses Puzzle ist fantastisch f\u00fcr alle K\u00f6nnerstufen!<\/p>\n<p><strong>Eigenschaften<\/strong>:<\/p>\n<ul>\n<li>neu und Originalverpackt<\/li>\n<li>hohe Qualit\u00e4t<\/li>\n<li>aus hochwertigem ABS Material, das umweltfreundlich, ungiftig und langlebig ist<\/li>\n<li>stickerless Design<\/li>\n<li>geschmeidige Rotation und komfortables Spielgef\u00fchl<\/li>\n<li>ausgezeichnete Fehlertoleranz f\u00fcr besonders schnelle Zeiten<\/li>\n<li>geeignet f\u00fcr Speedcube Wettbewerbe<\/li>\n<\/ul>\n<p><strong>Spezifikationen<\/strong>:<\/p>\n<ul>\n<li>Farbe: stickerless<\/li>\n<li>Material: Kunststoff (ABS)<\/li>\n<li>Produkt Abmessungen: 60 x\u00a060 x\u00a060 cm<\/li>\n<li>Gewicht: 126 g<\/li>\n<\/ul>\n","protected":false},"excerpt":{"rendered":"<p>YuXin Little Magic 4&#215;4 Magnetic &#8211; stickerless Der Yuxin Little Magic 4&#215;4 M ist ein preisg\u00fcnstiger magnetischer 4&#215;4 Speedcube. Dieses Puzzle l\u00e4sst sich sofort nach dem Auspacken problemlos drehen und f\u00fchlt sich auf den \u00e4u\u00dferen Schichten leicht magnetisch an. Die inneren Schichten haben eine ausgepr\u00e4gtere magnetische Anziehungskraft. Dieses Puzzle ist fantastisch f\u00fcr alle K\u00f6nnerstufen! Eigenschaften: [&hellip;]<\/p>\n","protected":false},"featured_media":8140,"comment_status":"open","ping_status":"closed","template":"","meta":[],"product_brand":[],"product_cat":[54,40,86,51],"product_tag":[],"class_list":{"0":"post-7956","1":"product","2":"type-product","3":"status-publish","4":"has-post-thumbnail","6":"product_cat-4x4","7":"product_cat-magnetische-zauberwuerfel","8":"product_cat-neue-produkte","9":"product_cat-yuxin","11":"first","12":"instock","13":"taxable","14":"shipping-taxable","15":"purchasable","16":"product-type-simple"},"yoast_head":"<!-- This site is optimized with the Yoast SEO plugin v26.7 - https:\/\/yoast.com\/wordpress\/plugins\/seo\/ -->\n<title>YuXin Little Magic 4x4 Magnetic - stickerless - gRoods<\/title>\n<meta name=\"robots\" content=\"index, follow, max-snippet:-1, max-image-preview:large, max-video-preview:-1\" \/>\n<link rel=\"canonical\" href=\"https:\/\/www.groods.de\/index.php\/produkt\/yuxin-little-magic-4x4-magnetic-stickerless\/\" \/>\n<meta property=\"og:locale\" content=\"de_DE\" \/>\n<meta property=\"og:type\" content=\"article\" \/>\n<meta property=\"og:title\" content=\"YuXin Little Magic 4x4 Magnetic - stickerless - gRoods\" \/>\n<meta property=\"og:description\" content=\"YuXin Little Magic 4&#215;4 Magnetic &#8211; stickerless Der Yuxin Little Magic 4&#215;4 M ist ein preisg\u00fcnstiger magnetischer 4&#215;4 Speedcube. Dieses Puzzle l\u00e4sst sich sofort nach dem Auspacken problemlos drehen und f\u00fchlt sich auf den \u00e4u\u00dferen Schichten leicht magnetisch an. Die inneren Schichten haben eine ausgepr\u00e4gtere magnetische Anziehungskraft. Dieses Puzzle ist fantastisch f\u00fcr alle K\u00f6nnerstufen! Eigenschaften: [&hellip;]\" \/>\n<meta property=\"og:url\" content=\"https:\/\/www.groods.de\/index.php\/produkt\/yuxin-little-magic-4x4-magnetic-stickerless\/\" \/>\n<meta property=\"og:site_name\" content=\"gRoods\" \/>\n<meta property=\"article:modified_time\" content=\"2025-11-19T21:36:12+00:00\" \/>\n<meta property=\"og:image\" content=\"https:\/\/www.groods.de\/wp-content\/uploads\/2021\/12\/YuXin-Little-Magic-4x4-M-9.jpg\" \/>\n\t<meta property=\"og:image:width\" content=\"800\" \/>\n\t<meta property=\"og:image:height\" content=\"800\" \/>\n\t<meta property=\"og:image:type\" content=\"image\/jpeg\" \/>\n<meta name=\"twitter:card\" content=\"summary_large_image\" \/>\n<meta name=\"twitter:label1\" content=\"Gesch\u00e4tzte Lesezeit\" \/>\n\t<meta name=\"twitter:data1\" content=\"1\u00a0Minute\" \/>\n<script type=\"application\/ld+json\" class=\"yoast-schema-graph\">{\"@context\":\"https:\/\/schema.org\",\"@graph\":[{\"@type\":\"WebPage\",\"@id\":\"https:\/\/www.groods.de\/index.php\/produkt\/yuxin-little-magic-4x4-magnetic-stickerless\/\",\"url\":\"https:\/\/www.groods.de\/index.php\/produkt\/yuxin-little-magic-4x4-magnetic-stickerless\/\",\"name\":\"YuXin Little Magic 4x4 Magnetic - stickerless - gRoods\",\"isPartOf\":{\"@id\":\"https:\/\/www.groods.de\/#website\"},\"primaryImageOfPage\":{\"@id\":\"https:\/\/www.groods.de\/index.php\/produkt\/yuxin-little-magic-4x4-magnetic-stickerless\/#primaryimage\"},\"image\":{\"@id\":\"https:\/\/www.groods.de\/index.php\/produkt\/yuxin-little-magic-4x4-magnetic-stickerless\/#primaryimage\"},\"thumbnailUrl\":\"https:\/\/www.groods.de\/wp-content\/uploads\/2021\/12\/YuXin-Little-Magic-4x4-M-9.jpg\",\"datePublished\":\"2021-12-30T15:44:33+00:00\",\"dateModified\":\"2025-11-19T21:36:12+00:00\",\"breadcrumb\":{\"@id\":\"https:\/\/www.groods.de\/index.php\/produkt\/yuxin-little-magic-4x4-magnetic-stickerless\/#breadcrumb\"},\"inLanguage\":\"de\",\"potentialAction\":[{\"@type\":\"ReadAction\",\"target\":[\"https:\/\/www.groods.de\/index.php\/produkt\/yuxin-little-magic-4x4-magnetic-stickerless\/\"]}]},{\"@type\":\"ImageObject\",\"inLanguage\":\"de\",\"@id\":\"https:\/\/www.groods.de\/index.php\/produkt\/yuxin-little-magic-4x4-magnetic-stickerless\/#primaryimage\",\"url\":\"https:\/\/www.groods.de\/wp-content\/uploads\/2021\/12\/YuXin-Little-Magic-4x4-M-9.jpg\",\"contentUrl\":\"https:\/\/www.groods.de\/wp-content\/uploads\/2021\/12\/YuXin-Little-Magic-4x4-M-9.jpg\",\"width\":800,\"height\":800},{\"@type\":\"BreadcrumbList\",\"@id\":\"https:\/\/www.groods.de\/index.php\/produkt\/yuxin-little-magic-4x4-magnetic-stickerless\/#breadcrumb\",\"itemListElement\":[{\"@type\":\"ListItem\",\"position\":1,\"name\":\"Startseite\",\"item\":\"https:\/\/www.groods.de\/\"},{\"@type\":\"ListItem\",\"position\":2,\"name\":\"Shop\",\"item\":\"https:\/\/www.groods.de\/index.php\/shop\/\"},{\"@type\":\"ListItem\",\"position\":3,\"name\":\"YuXin Little Magic 4&#215;4 Magnetic &#8211; stickerless\"}]},{\"@type\":\"WebSite\",\"@id\":\"https:\/\/www.groods.de\/#website\",\"url\":\"https:\/\/www.groods.de\/\",\"name\":\"gRoods.de\",\"description\":\"Entdecke die Welt der Speedcubes\",\"publisher\":{\"@id\":\"https:\/\/www.groods.de\/#organization\"},\"potentialAction\":[{\"@type\":\"SearchAction\",\"target\":{\"@type\":\"EntryPoint\",\"urlTemplate\":\"https:\/\/www.groods.de\/?s={search_term_string}\"},\"query-input\":{\"@type\":\"PropertyValueSpecification\",\"valueRequired\":true,\"valueName\":\"search_term_string\"}}],\"inLanguage\":\"de\"},{\"@type\":\"Organization\",\"@id\":\"https:\/\/www.groods.de\/#organization\",\"name\":\"gRoods.de\",\"url\":\"https:\/\/www.groods.de\/\",\"logo\":{\"@type\":\"ImageObject\",\"inLanguage\":\"de\",\"@id\":\"https:\/\/www.groods.de\/#\/schema\/logo\/image\/\",\"url\":\"https:\/\/www.groods.de\/wp-content\/uploads\/2018\/08\/logo.png\",\"contentUrl\":\"https:\/\/www.groods.de\/wp-content\/uploads\/2018\/08\/logo.png\",\"width\":1077,\"height\":373,\"caption\":\"gRoods.de\"},\"image\":{\"@id\":\"https:\/\/www.groods.de\/#\/schema\/logo\/image\/\"}}]}<\/script>\n<!-- \/ Yoast SEO plugin. -->","yoast_head_json":{"title":"YuXin Little Magic 4x4 Magnetic - stickerless - gRoods","robots":{"index":"index","follow":"follow","max-snippet":"max-snippet:-1","max-image-preview":"max-image-preview:large","max-video-preview":"max-video-preview:-1"},"canonical":"https:\/\/www.groods.de\/index.php\/produkt\/yuxin-little-magic-4x4-magnetic-stickerless\/","og_locale":"de_DE","og_type":"article","og_title":"YuXin Little Magic 4x4 Magnetic - stickerless - gRoods","og_description":"YuXin Little Magic 4&#215;4 Magnetic &#8211; stickerless Der Yuxin Little Magic 4&#215;4 M ist ein preisg\u00fcnstiger magnetischer 4&#215;4 Speedcube. Dieses Puzzle l\u00e4sst sich sofort nach dem Auspacken problemlos drehen und f\u00fchlt sich auf den \u00e4u\u00dferen Schichten leicht magnetisch an. Die inneren Schichten haben eine ausgepr\u00e4gtere magnetische Anziehungskraft. Dieses Puzzle ist fantastisch f\u00fcr alle K\u00f6nnerstufen! Eigenschaften: [&hellip;]","og_url":"https:\/\/www.groods.de\/index.php\/produkt\/yuxin-little-magic-4x4-magnetic-stickerless\/","og_site_name":"gRoods","article_modified_time":"2025-11-19T21:36:12+00:00","og_image":[{"width":800,"height":800,"url":"https:\/\/www.groods.de\/wp-content\/uploads\/2021\/12\/YuXin-Little-Magic-4x4-M-9.jpg","type":"image\/jpeg"}],"twitter_card":"summary_large_image","twitter_misc":{"Gesch\u00e4tzte Lesezeit":"1\u00a0Minute"},"schema":{"@context":"https:\/\/schema.org","@graph":[{"@type":"WebPage","@id":"https:\/\/www.groods.de\/index.php\/produkt\/yuxin-little-magic-4x4-magnetic-stickerless\/","url":"https:\/\/www.groods.de\/index.php\/produkt\/yuxin-little-magic-4x4-magnetic-stickerless\/","name":"YuXin Little Magic 4x4 Magnetic - stickerless - gRoods","isPartOf":{"@id":"https:\/\/www.groods.de\/#website"},"primaryImageOfPage":{"@id":"https:\/\/www.groods.de\/index.php\/produkt\/yuxin-little-magic-4x4-magnetic-stickerless\/#primaryimage"},"image":{"@id":"https:\/\/www.groods.de\/index.php\/produkt\/yuxin-little-magic-4x4-magnetic-stickerless\/#primaryimage"},"thumbnailUrl":"https:\/\/www.groods.de\/wp-content\/uploads\/2021\/12\/YuXin-Little-Magic-4x4-M-9.jpg","datePublished":"2021-12-30T15:44:33+00:00","dateModified":"2025-11-19T21:36:12+00:00","breadcrumb":{"@id":"https:\/\/www.groods.de\/index.php\/produkt\/yuxin-little-magic-4x4-magnetic-stickerless\/#breadcrumb"},"inLanguage":"de","potentialAction":[{"@type":"ReadAction","target":["https:\/\/www.groods.de\/index.php\/produkt\/yuxin-little-magic-4x4-magnetic-stickerless\/"]}]},{"@type":"ImageObject","inLanguage":"de","@id":"https:\/\/www.groods.de\/index.php\/produkt\/yuxin-little-magic-4x4-magnetic-stickerless\/#primaryimage","url":"https:\/\/www.groods.de\/wp-content\/uploads\/2021\/12\/YuXin-Little-Magic-4x4-M-9.jpg","contentUrl":"https:\/\/www.groods.de\/wp-content\/uploads\/2021\/12\/YuXin-Little-Magic-4x4-M-9.jpg","width":800,"height":800},{"@type":"BreadcrumbList","@id":"https:\/\/www.groods.de\/index.php\/produkt\/yuxin-little-magic-4x4-magnetic-stickerless\/#breadcrumb","itemListElement":[{"@type":"ListItem","position":1,"name":"Startseite","item":"https:\/\/www.groods.de\/"},{"@type":"ListItem","position":2,"name":"Shop","item":"https:\/\/www.groods.de\/index.php\/shop\/"},{"@type":"ListItem","position":3,"name":"YuXin Little Magic 4&#215;4 Magnetic &#8211; stickerless"}]},{"@type":"WebSite","@id":"https:\/\/www.groods.de\/#website","url":"https:\/\/www.groods.de\/","name":"gRoods.de","description":"Entdecke die Welt der Speedcubes","publisher":{"@id":"https:\/\/www.groods.de\/#organization"},"potentialAction":[{"@type":"SearchAction","target":{"@type":"EntryPoint","urlTemplate":"https:\/\/www.groods.de\/?s={search_term_string}"},"query-input":{"@type":"PropertyValueSpecification","valueRequired":true,"valueName":"search_term_string"}}],"inLanguage":"de"},{"@type":"Organization","@id":"https:\/\/www.groods.de\/#organization","name":"gRoods.de","url":"https:\/\/www.groods.de\/","logo":{"@type":"ImageObject","inLanguage":"de","@id":"https:\/\/www.groods.de\/#\/schema\/logo\/image\/","url":"https:\/\/www.groods.de\/wp-content\/uploads\/2018\/08\/logo.png","contentUrl":"https:\/\/www.groods.de\/wp-content\/uploads\/2018\/08\/logo.png","width":1077,"height":373,"caption":"gRoods.de"},"image":{"@id":"https:\/\/www.groods.de\/#\/schema\/logo\/image\/"}}]}},"_links":{"self":[{"href":"https:\/\/www.groods.de\/index.php\/wp-json\/wp\/v2\/product\/7956","targetHints":{"allow":["GET"]}}],"collection":[{"href":"https:\/\/www.groods.de\/index.php\/wp-json\/wp\/v2\/product"}],"about":[{"href":"https:\/\/www.groods.de\/index.php\/wp-json\/wp\/v2\/types\/product"}],"replies":[{"embeddable":true,"href":"https:\/\/www.groods.de\/index.php\/wp-json\/wp\/v2\/comments?post=7956"}],"wp:featuredmedia":[{"embeddable":true,"href":"https:\/\/www.groods.de\/index.php\/wp-json\/wp\/v2\/media\/8140"}],"wp:attachment":[{"href":"https:\/\/www.groods.de\/index.php\/wp-json\/wp\/v2\/media?parent=7956"}],"wp:term":[{"taxonomy":"product_brand","embeddable":true,"href":"https:\/\/www.groods.de\/index.php\/wp-json\/wp\/v2\/product_brand?post=7956"},{"taxonomy":"product_cat","embeddable":true,"href":"https:\/\/www.groods.de\/index.php\/wp-json\/wp\/v2\/product_cat?post=7956"},{"taxonomy":"product_tag","embeddable":true,"href":"https:\/\/www.groods.de\/index.php\/wp-json\/wp\/v2\/product_tag?post=7956"}],"curies":[{"name":"wp","href":"https:\/\/api.w.org\/{rel}","templated":true}]}}