{"id":7954,"date":"2021-12-30T16:44:30","date_gmt":"2021-12-30T15:44:30","guid":{"rendered":"https:\/\/www.groods.de\/index.php\/produkt\/yuxin-little-magic-3x3-v2-2021-magnetic-stickerless\/"},"modified":"2025-11-19T22:36:36","modified_gmt":"2025-11-19T21:36:36","slug":"yuxin-little-magic-3x3-v2-2021-magnetic-stickerless","status":"publish","type":"product","link":"https:\/\/www.groods.de\/index.php\/produkt\/yuxin-little-magic-3x3-v2-2021-magnetic-stickerless\/","title":{"rendered":"YuXin Little Magic 3&#215;3 V2 (2021) Magnetic &#8211; stickerless"},"content":{"rendered":"<h1>YuXin Little Magic 3&#215;3 Magnetic &#8211; stickerless<\/h1>\n<p>Der YuXin Little Magic 3&#215;3 ist einer der gro\u00dfen \u00dcberraschungen des Jahres 2021 und ein echter Kracher was das Preis\/Leistungsverh\u00e4ltnis betrifft. Er ist einer der\u00a0kosteneffektivsten magnetischen Speedcubes! Mit 55,5 mm Kantenl\u00e4nge eignet sich der Little Magic sowohl als Einhand- als auch Zweihand-W\u00fcrfel und f\u00fchlt sich sehr professionelle an. Der Cube bietet out of the\u00a0box sehr gutes Cornercuttung mit weit \u00fcber 45 Grad (Industriestandard f\u00fcr Speedcubes). Er verf\u00fcgt \u00fcber Technologie und Funktionen, die normalerweise nur in Premium-W\u00fcrfeln zu finden sind (z. B. geschliffene Kanten), und bietet ein gro\u00dfartiges L\u00f6sungserlebnis. Die Aufkleber haben einen Kontrast zwischen hellem [Orange, Gr\u00fcn und Gelb] und halb hellem [Rot, Blau und Wei\u00df], was das L\u00f6sen erleichtert und gut aussieht. Die Stabilit\u00e4t und das Drehgef\u00fchl sind nahezu perfekt. Egal, ob Sie ein l\u00e4ssiger Speedcuber mit kleinem Budget sind oder ein Profi, der einen tollen Speedcube sucht, der Little Magic wird Sie gut unterst\u00fctzen!<\/p>\n<p>Fazit:<br \/>\nMit einem leichten Design, fortschrittlichen Designmerkmalen und einem mattierten \u00c4u\u00dferen f\u00fchlt sich der YuXin Little Magic \u00e4hnlich wie ein High-End-3&#215;3 zu einem Bruchteil des Preises an.<\/p>\n<p><strong>Eigenschaften<\/strong>:<\/p>\n<ul>\n<li>neu und Originalverpackt<\/li>\n<li>hohe Qualit\u00e4t<\/li>\n<li>aus hochwertigem ABS Material, das umweltfreundlich, ungiftig und langlebig ist<\/li>\n<li>stickerless Design<\/li>\n<li>geschmeidige Rotation und komfortables Spielgef\u00fchl<\/li>\n<li>ausgezeichnete Fehlertoleranz f\u00fcr besonders schnelle Zeiten<\/li>\n<li>geeignet f\u00fcr Speedcube Wettbewerbe<\/li>\n<\/ul>\n<p><strong>Spezifikationen<\/strong>:<\/p>\n<ul>\n<li>Farbe: stickerless<\/li>\n<li>Material: Kunststoff (ABS)<\/li>\n<li>Produkt Abmessungen: 5,5 x\u00a05,5 x\u00a05,5 cm<\/li>\n<li>Gewicht: 82g<\/li>\n<\/ul>\n","protected":false},"excerpt":{"rendered":"<p>YuXin Little Magic 3&#215;3 Magnetic &#8211; stickerless Der YuXin Little Magic 3&#215;3 ist einer der gro\u00dfen \u00dcberraschungen des Jahres 2021 und ein echter Kracher was das Preis\/Leistungsverh\u00e4ltnis betrifft. Er ist einer der\u00a0kosteneffektivsten magnetischen Speedcubes! Mit 55,5 mm Kantenl\u00e4nge eignet sich der Little Magic sowohl als Einhand- als auch Zweihand-W\u00fcrfel und f\u00fchlt sich sehr professionelle an. [&hellip;]<\/p>\n","protected":false},"featured_media":7986,"comment_status":"open","ping_status":"closed","template":"","meta":[],"product_brand":[],"product_cat":[53,40,86,51],"product_tag":[],"class_list":{"0":"post-7954","1":"product","2":"type-product","3":"status-publish","4":"has-post-thumbnail","6":"product_cat-3x3","7":"product_cat-magnetische-zauberwuerfel","8":"product_cat-neue-produkte","9":"product_cat-yuxin","11":"first","12":"instock","13":"taxable","14":"shipping-taxable","15":"purchasable","16":"product-type-simple"},"yoast_head":"<!-- This site is optimized with the Yoast SEO plugin v26.7 - https:\/\/yoast.com\/wordpress\/plugins\/seo\/ -->\n<title>YuXin Little Magic 3x3 V2 (2021) Magnetic - stickerless - gRoods<\/title>\n<meta name=\"description\" content=\"YuXin Little Magic 3x3 V2 (2021) Magnetic - stickerless - gRoods\" \/>\n<meta name=\"robots\" content=\"index, follow, max-snippet:-1, max-image-preview:large, max-video-preview:-1\" \/>\n<link rel=\"canonical\" href=\"https:\/\/www.groods.de\/index.php\/produkt\/yuxin-little-magic-3x3-v2-2021-magnetic-stickerless\/\" \/>\n<meta property=\"og:locale\" content=\"de_DE\" \/>\n<meta property=\"og:type\" content=\"article\" \/>\n<meta property=\"og:title\" content=\"YuXin Little Magic 3x3 V2 (2021) Magnetic - stickerless - gRoods\" \/>\n<meta property=\"og:description\" content=\"YuXin Little Magic 3x3 V2 (2021) Magnetic - stickerless - gRoods\" \/>\n<meta property=\"og:url\" content=\"https:\/\/www.groods.de\/index.php\/produkt\/yuxin-little-magic-3x3-v2-2021-magnetic-stickerless\/\" \/>\n<meta property=\"og:site_name\" content=\"gRoods\" \/>\n<meta property=\"article:modified_time\" content=\"2025-11-19T21:36:36+00:00\" \/>\n<meta property=\"og:image\" content=\"https:\/\/www.groods.de\/wp-content\/uploads\/2021\/12\/YuXin-Little-Magic-3x3-V2-14.jpeg\" \/>\n\t<meta property=\"og:image:width\" content=\"850\" \/>\n\t<meta property=\"og:image:height\" content=\"850\" \/>\n\t<meta property=\"og:image:type\" content=\"image\/jpeg\" \/>\n<meta name=\"twitter:card\" content=\"summary_large_image\" \/>\n<meta name=\"twitter:label1\" content=\"Gesch\u00e4tzte Lesezeit\" \/>\n\t<meta name=\"twitter:data1\" content=\"2\u00a0Minuten\" \/>\n<script type=\"application\/ld+json\" class=\"yoast-schema-graph\">{\"@context\":\"https:\/\/schema.org\",\"@graph\":[{\"@type\":\"WebPage\",\"@id\":\"https:\/\/www.groods.de\/index.php\/produkt\/yuxin-little-magic-3x3-v2-2021-magnetic-stickerless\/\",\"url\":\"https:\/\/www.groods.de\/index.php\/produkt\/yuxin-little-magic-3x3-v2-2021-magnetic-stickerless\/\",\"name\":\"YuXin Little Magic 3x3 V2 (2021) Magnetic - stickerless - gRoods\",\"isPartOf\":{\"@id\":\"https:\/\/www.groods.de\/#website\"},\"primaryImageOfPage\":{\"@id\":\"https:\/\/www.groods.de\/index.php\/produkt\/yuxin-little-magic-3x3-v2-2021-magnetic-stickerless\/#primaryimage\"},\"image\":{\"@id\":\"https:\/\/www.groods.de\/index.php\/produkt\/yuxin-little-magic-3x3-v2-2021-magnetic-stickerless\/#primaryimage\"},\"thumbnailUrl\":\"https:\/\/www.groods.de\/wp-content\/uploads\/2021\/12\/YuXin-Little-Magic-3x3-V2-14.jpeg\",\"datePublished\":\"2021-12-30T15:44:30+00:00\",\"dateModified\":\"2025-11-19T21:36:36+00:00\",\"description\":\"YuXin Little Magic 3x3 V2 (2021) Magnetic - stickerless - gRoods\",\"breadcrumb\":{\"@id\":\"https:\/\/www.groods.de\/index.php\/produkt\/yuxin-little-magic-3x3-v2-2021-magnetic-stickerless\/#breadcrumb\"},\"inLanguage\":\"de\",\"potentialAction\":[{\"@type\":\"ReadAction\",\"target\":[\"https:\/\/www.groods.de\/index.php\/produkt\/yuxin-little-magic-3x3-v2-2021-magnetic-stickerless\/\"]}]},{\"@type\":\"ImageObject\",\"inLanguage\":\"de\",\"@id\":\"https:\/\/www.groods.de\/index.php\/produkt\/yuxin-little-magic-3x3-v2-2021-magnetic-stickerless\/#primaryimage\",\"url\":\"https:\/\/www.groods.de\/wp-content\/uploads\/2021\/12\/YuXin-Little-Magic-3x3-V2-14.jpeg\",\"contentUrl\":\"https:\/\/www.groods.de\/wp-content\/uploads\/2021\/12\/YuXin-Little-Magic-3x3-V2-14.jpeg\",\"width\":850,\"height\":850},{\"@type\":\"BreadcrumbList\",\"@id\":\"https:\/\/www.groods.de\/index.php\/produkt\/yuxin-little-magic-3x3-v2-2021-magnetic-stickerless\/#breadcrumb\",\"itemListElement\":[{\"@type\":\"ListItem\",\"position\":1,\"name\":\"Startseite\",\"item\":\"https:\/\/www.groods.de\/\"},{\"@type\":\"ListItem\",\"position\":2,\"name\":\"Shop\",\"item\":\"https:\/\/www.groods.de\/index.php\/shop\/\"},{\"@type\":\"ListItem\",\"position\":3,\"name\":\"YuXin Little Magic 3&#215;3 V2 (2021) Magnetic &#8211; stickerless\"}]},{\"@type\":\"WebSite\",\"@id\":\"https:\/\/www.groods.de\/#website\",\"url\":\"https:\/\/www.groods.de\/\",\"name\":\"gRoods.de\",\"description\":\"Entdecke die Welt der Speedcubes\",\"publisher\":{\"@id\":\"https:\/\/www.groods.de\/#organization\"},\"potentialAction\":[{\"@type\":\"SearchAction\",\"target\":{\"@type\":\"EntryPoint\",\"urlTemplate\":\"https:\/\/www.groods.de\/?s={search_term_string}\"},\"query-input\":{\"@type\":\"PropertyValueSpecification\",\"valueRequired\":true,\"valueName\":\"search_term_string\"}}],\"inLanguage\":\"de\"},{\"@type\":\"Organization\",\"@id\":\"https:\/\/www.groods.de\/#organization\",\"name\":\"gRoods.de\",\"url\":\"https:\/\/www.groods.de\/\",\"logo\":{\"@type\":\"ImageObject\",\"inLanguage\":\"de\",\"@id\":\"https:\/\/www.groods.de\/#\/schema\/logo\/image\/\",\"url\":\"https:\/\/www.groods.de\/wp-content\/uploads\/2018\/08\/logo.png\",\"contentUrl\":\"https:\/\/www.groods.de\/wp-content\/uploads\/2018\/08\/logo.png\",\"width\":1077,\"height\":373,\"caption\":\"gRoods.de\"},\"image\":{\"@id\":\"https:\/\/www.groods.de\/#\/schema\/logo\/image\/\"}}]}<\/script>\n<!-- \/ Yoast SEO plugin. -->","yoast_head_json":{"title":"YuXin Little Magic 3x3 V2 (2021) Magnetic - stickerless - gRoods","description":"YuXin Little Magic 3x3 V2 (2021) Magnetic - stickerless - gRoods","robots":{"index":"index","follow":"follow","max-snippet":"max-snippet:-1","max-image-preview":"max-image-preview:large","max-video-preview":"max-video-preview:-1"},"canonical":"https:\/\/www.groods.de\/index.php\/produkt\/yuxin-little-magic-3x3-v2-2021-magnetic-stickerless\/","og_locale":"de_DE","og_type":"article","og_title":"YuXin Little Magic 3x3 V2 (2021) Magnetic - stickerless - gRoods","og_description":"YuXin Little Magic 3x3 V2 (2021) Magnetic - stickerless - gRoods","og_url":"https:\/\/www.groods.de\/index.php\/produkt\/yuxin-little-magic-3x3-v2-2021-magnetic-stickerless\/","og_site_name":"gRoods","article_modified_time":"2025-11-19T21:36:36+00:00","og_image":[{"width":850,"height":850,"url":"https:\/\/www.groods.de\/wp-content\/uploads\/2021\/12\/YuXin-Little-Magic-3x3-V2-14.jpeg","type":"image\/jpeg"}],"twitter_card":"summary_large_image","twitter_misc":{"Gesch\u00e4tzte Lesezeit":"2\u00a0Minuten"},"schema":{"@context":"https:\/\/schema.org","@graph":[{"@type":"WebPage","@id":"https:\/\/www.groods.de\/index.php\/produkt\/yuxin-little-magic-3x3-v2-2021-magnetic-stickerless\/","url":"https:\/\/www.groods.de\/index.php\/produkt\/yuxin-little-magic-3x3-v2-2021-magnetic-stickerless\/","name":"YuXin Little Magic 3x3 V2 (2021) Magnetic - stickerless - gRoods","isPartOf":{"@id":"https:\/\/www.groods.de\/#website"},"primaryImageOfPage":{"@id":"https:\/\/www.groods.de\/index.php\/produkt\/yuxin-little-magic-3x3-v2-2021-magnetic-stickerless\/#primaryimage"},"image":{"@id":"https:\/\/www.groods.de\/index.php\/produkt\/yuxin-little-magic-3x3-v2-2021-magnetic-stickerless\/#primaryimage"},"thumbnailUrl":"https:\/\/www.groods.de\/wp-content\/uploads\/2021\/12\/YuXin-Little-Magic-3x3-V2-14.jpeg","datePublished":"2021-12-30T15:44:30+00:00","dateModified":"2025-11-19T21:36:36+00:00","description":"YuXin Little Magic 3x3 V2 (2021) Magnetic - stickerless - gRoods","breadcrumb":{"@id":"https:\/\/www.groods.de\/index.php\/produkt\/yuxin-little-magic-3x3-v2-2021-magnetic-stickerless\/#breadcrumb"},"inLanguage":"de","potentialAction":[{"@type":"ReadAction","target":["https:\/\/www.groods.de\/index.php\/produkt\/yuxin-little-magic-3x3-v2-2021-magnetic-stickerless\/"]}]},{"@type":"ImageObject","inLanguage":"de","@id":"https:\/\/www.groods.de\/index.php\/produkt\/yuxin-little-magic-3x3-v2-2021-magnetic-stickerless\/#primaryimage","url":"https:\/\/www.groods.de\/wp-content\/uploads\/2021\/12\/YuXin-Little-Magic-3x3-V2-14.jpeg","contentUrl":"https:\/\/www.groods.de\/wp-content\/uploads\/2021\/12\/YuXin-Little-Magic-3x3-V2-14.jpeg","width":850,"height":850},{"@type":"BreadcrumbList","@id":"https:\/\/www.groods.de\/index.php\/produkt\/yuxin-little-magic-3x3-v2-2021-magnetic-stickerless\/#breadcrumb","itemListElement":[{"@type":"ListItem","position":1,"name":"Startseite","item":"https:\/\/www.groods.de\/"},{"@type":"ListItem","position":2,"name":"Shop","item":"https:\/\/www.groods.de\/index.php\/shop\/"},{"@type":"ListItem","position":3,"name":"YuXin Little Magic 3&#215;3 V2 (2021) Magnetic &#8211; stickerless"}]},{"@type":"WebSite","@id":"https:\/\/www.groods.de\/#website","url":"https:\/\/www.groods.de\/","name":"gRoods.de","description":"Entdecke die Welt der Speedcubes","publisher":{"@id":"https:\/\/www.groods.de\/#organization"},"potentialAction":[{"@type":"SearchAction","target":{"@type":"EntryPoint","urlTemplate":"https:\/\/www.groods.de\/?s={search_term_string}"},"query-input":{"@type":"PropertyValueSpecification","valueRequired":true,"valueName":"search_term_string"}}],"inLanguage":"de"},{"@type":"Organization","@id":"https:\/\/www.groods.de\/#organization","name":"gRoods.de","url":"https:\/\/www.groods.de\/","logo":{"@type":"ImageObject","inLanguage":"de","@id":"https:\/\/www.groods.de\/#\/schema\/logo\/image\/","url":"https:\/\/www.groods.de\/wp-content\/uploads\/2018\/08\/logo.png","contentUrl":"https:\/\/www.groods.de\/wp-content\/uploads\/2018\/08\/logo.png","width":1077,"height":373,"caption":"gRoods.de"},"image":{"@id":"https:\/\/www.groods.de\/#\/schema\/logo\/image\/"}}]}},"_links":{"self":[{"href":"https:\/\/www.groods.de\/index.php\/wp-json\/wp\/v2\/product\/7954","targetHints":{"allow":["GET"]}}],"collection":[{"href":"https:\/\/www.groods.de\/index.php\/wp-json\/wp\/v2\/product"}],"about":[{"href":"https:\/\/www.groods.de\/index.php\/wp-json\/wp\/v2\/types\/product"}],"replies":[{"embeddable":true,"href":"https:\/\/www.groods.de\/index.php\/wp-json\/wp\/v2\/comments?post=7954"}],"wp:featuredmedia":[{"embeddable":true,"href":"https:\/\/www.groods.de\/index.php\/wp-json\/wp\/v2\/media\/7986"}],"wp:attachment":[{"href":"https:\/\/www.groods.de\/index.php\/wp-json\/wp\/v2\/media?parent=7954"}],"wp:term":[{"taxonomy":"product_brand","embeddable":true,"href":"https:\/\/www.groods.de\/index.php\/wp-json\/wp\/v2\/product_brand?post=7954"},{"taxonomy":"product_cat","embeddable":true,"href":"https:\/\/www.groods.de\/index.php\/wp-json\/wp\/v2\/product_cat?post=7954"},{"taxonomy":"product_tag","embeddable":true,"href":"https:\/\/www.groods.de\/index.php\/wp-json\/wp\/v2\/product_tag?post=7954"}],"curies":[{"name":"wp","href":"https:\/\/api.w.org\/{rel}","templated":true}]}}