{"id":7946,"date":"2021-12-30T16:43:30","date_gmt":"2021-12-30T15:43:30","guid":{"rendered":"https:\/\/www.groods.de\/index.php\/produkt\/qiyi-mp-3x3-magnetic\/"},"modified":"2025-01-21T23:26:27","modified_gmt":"2025-01-21T22:26:27","slug":"qiyi-mp-3x3-magnetic","status":"publish","type":"product","link":"https:\/\/www.groods.de\/index.php\/produkt\/qiyi-mp-3x3-magnetic\/","title":{"rendered":"QiYi MP 3&#215;3 Magnetic"},"content":{"rendered":"<h1>QiYi MP 3&#215;3 Magnetic<\/h1>\n<p>Der QiYi MP 3&#215;3 M wirkt wie ein leicht vereinfachter X-Man Tornado V2. Dieser 3&#215;3 zeichnet sich durch weiches Drehen und ein mittleres magnetisches Gef\u00fchl aus. Es ist ein fantastischer W\u00fcrfel zu einem vern\u00fcnftigen Preis.<\/p>\n<p>Die QiYi MP-Serie ist eine brandneue Puzzlelinie von QiYi, die darauf abzielt, ein qualitativ hochwertiges Produkt zu einem vern\u00fcnftigen Preis anzubieten. Mit schwarzen Innenteilen, sichtbaren Magneten und gl\u00e4nzendem, stickerless Kunststoff f\u00fcr die gesamte Serie k\u00f6nnen Sie eine erstklassige Verarbeitungsqualit\u00e4t erwarten. Mit sanften und genauen Drehungen ist dieser W\u00fcrfel\u00a0out of the box direkt\u00a0einsatzbereit.<\/p>\n<ul>\n<li>Sichtbare Magnete<\/li>\n<li>Verf\u00fcgt \u00fcber 3-Achsen-Abstandseinstellungen<\/li>\n<li>Magnetische Positionierung<\/li>\n<li>Mesh-Kontaktfl\u00e4che<\/li>\n<li>Aufbewahrungsbox, die perfekt zum W\u00fcrfel passt.<\/li>\n<\/ul>\n","protected":false},"excerpt":{"rendered":"<p>QiYi MP 3&#215;3 Magnetic Der QiYi MP 3&#215;3 M wirkt wie ein leicht vereinfachter X-Man Tornado V2. Dieser 3&#215;3 zeichnet sich durch weiches Drehen und ein mittleres magnetisches Gef\u00fchl aus. Es ist ein fantastischer W\u00fcrfel zu einem vern\u00fcnftigen Preis. Die QiYi MP-Serie ist eine brandneue Puzzlelinie von QiYi, die darauf abzielt, ein qualitativ hochwertiges Produkt [&hellip;]<\/p>\n","protected":false},"featured_media":7972,"comment_status":"open","ping_status":"closed","template":"","meta":[],"product_brand":[],"product_cat":[53,40,86,49],"product_tag":[],"class_list":{"0":"post-7946","1":"product","2":"type-product","3":"status-publish","4":"has-post-thumbnail","6":"product_cat-3x3","7":"product_cat-magnetische-zauberwuerfel","8":"product_cat-neue-produkte","9":"product_cat-qi-yi","11":"first","12":"instock","13":"taxable","14":"shipping-taxable","15":"purchasable","16":"product-type-simple"},"yoast_head":"<!-- This site is optimized with the Yoast SEO plugin v26.7 - https:\/\/yoast.com\/wordpress\/plugins\/seo\/ -->\n<title>QiYi MP 3x3 Magnetic - gRoods<\/title>\n<meta name=\"robots\" content=\"index, follow, max-snippet:-1, max-image-preview:large, max-video-preview:-1\" \/>\n<link rel=\"canonical\" href=\"https:\/\/www.groods.de\/index.php\/produkt\/qiyi-mp-3x3-magnetic\/\" \/>\n<meta property=\"og:locale\" content=\"de_DE\" \/>\n<meta property=\"og:type\" content=\"article\" \/>\n<meta property=\"og:title\" content=\"QiYi MP 3x3 Magnetic - gRoods\" \/>\n<meta property=\"og:description\" content=\"QiYi MP 3&#215;3 Magnetic Der QiYi MP 3&#215;3 M wirkt wie ein leicht vereinfachter X-Man Tornado V2. Dieser 3&#215;3 zeichnet sich durch weiches Drehen und ein mittleres magnetisches Gef\u00fchl aus. Es ist ein fantastischer W\u00fcrfel zu einem vern\u00fcnftigen Preis. Die QiYi MP-Serie ist eine brandneue Puzzlelinie von QiYi, die darauf abzielt, ein qualitativ hochwertiges Produkt [&hellip;]\" \/>\n<meta property=\"og:url\" content=\"https:\/\/www.groods.de\/index.php\/produkt\/qiyi-mp-3x3-magnetic\/\" \/>\n<meta property=\"og:site_name\" content=\"gRoods\" \/>\n<meta property=\"article:modified_time\" content=\"2025-01-21T22:26:27+00:00\" \/>\n<meta property=\"og:image\" content=\"https:\/\/www.groods.de\/wp-content\/uploads\/2021\/12\/MP-3x3-Magnetic-11.jpg\" \/>\n\t<meta property=\"og:image:width\" content=\"2048\" \/>\n\t<meta property=\"og:image:height\" content=\"1250\" \/>\n\t<meta property=\"og:image:type\" content=\"image\/jpeg\" \/>\n<meta name=\"twitter:card\" content=\"summary_large_image\" \/>\n<meta name=\"twitter:label1\" content=\"Gesch\u00e4tzte Lesezeit\" \/>\n\t<meta name=\"twitter:data1\" content=\"1\u00a0Minute\" \/>\n<script type=\"application\/ld+json\" class=\"yoast-schema-graph\">{\"@context\":\"https:\/\/schema.org\",\"@graph\":[{\"@type\":\"WebPage\",\"@id\":\"https:\/\/www.groods.de\/index.php\/produkt\/qiyi-mp-3x3-magnetic\/\",\"url\":\"https:\/\/www.groods.de\/index.php\/produkt\/qiyi-mp-3x3-magnetic\/\",\"name\":\"QiYi MP 3x3 Magnetic - gRoods\",\"isPartOf\":{\"@id\":\"https:\/\/www.groods.de\/#website\"},\"primaryImageOfPage\":{\"@id\":\"https:\/\/www.groods.de\/index.php\/produkt\/qiyi-mp-3x3-magnetic\/#primaryimage\"},\"image\":{\"@id\":\"https:\/\/www.groods.de\/index.php\/produkt\/qiyi-mp-3x3-magnetic\/#primaryimage\"},\"thumbnailUrl\":\"https:\/\/www.groods.de\/wp-content\/uploads\/2021\/12\/MP-3x3-Magnetic-11.jpg\",\"datePublished\":\"2021-12-30T15:43:30+00:00\",\"dateModified\":\"2025-01-21T22:26:27+00:00\",\"breadcrumb\":{\"@id\":\"https:\/\/www.groods.de\/index.php\/produkt\/qiyi-mp-3x3-magnetic\/#breadcrumb\"},\"inLanguage\":\"de\",\"potentialAction\":[{\"@type\":\"ReadAction\",\"target\":[\"https:\/\/www.groods.de\/index.php\/produkt\/qiyi-mp-3x3-magnetic\/\"]}]},{\"@type\":\"ImageObject\",\"inLanguage\":\"de\",\"@id\":\"https:\/\/www.groods.de\/index.php\/produkt\/qiyi-mp-3x3-magnetic\/#primaryimage\",\"url\":\"https:\/\/www.groods.de\/wp-content\/uploads\/2021\/12\/MP-3x3-Magnetic-11.jpg\",\"contentUrl\":\"https:\/\/www.groods.de\/wp-content\/uploads\/2021\/12\/MP-3x3-Magnetic-11.jpg\",\"width\":2048,\"height\":1250},{\"@type\":\"BreadcrumbList\",\"@id\":\"https:\/\/www.groods.de\/index.php\/produkt\/qiyi-mp-3x3-magnetic\/#breadcrumb\",\"itemListElement\":[{\"@type\":\"ListItem\",\"position\":1,\"name\":\"Startseite\",\"item\":\"https:\/\/www.groods.de\/\"},{\"@type\":\"ListItem\",\"position\":2,\"name\":\"Shop\",\"item\":\"https:\/\/www.groods.de\/index.php\/shop\/\"},{\"@type\":\"ListItem\",\"position\":3,\"name\":\"QiYi MP 3&#215;3 Magnetic\"}]},{\"@type\":\"WebSite\",\"@id\":\"https:\/\/www.groods.de\/#website\",\"url\":\"https:\/\/www.groods.de\/\",\"name\":\"gRoods.de\",\"description\":\"Entdecke die Welt der Speedcubes\",\"publisher\":{\"@id\":\"https:\/\/www.groods.de\/#organization\"},\"potentialAction\":[{\"@type\":\"SearchAction\",\"target\":{\"@type\":\"EntryPoint\",\"urlTemplate\":\"https:\/\/www.groods.de\/?s={search_term_string}\"},\"query-input\":{\"@type\":\"PropertyValueSpecification\",\"valueRequired\":true,\"valueName\":\"search_term_string\"}}],\"inLanguage\":\"de\"},{\"@type\":\"Organization\",\"@id\":\"https:\/\/www.groods.de\/#organization\",\"name\":\"gRoods.de\",\"url\":\"https:\/\/www.groods.de\/\",\"logo\":{\"@type\":\"ImageObject\",\"inLanguage\":\"de\",\"@id\":\"https:\/\/www.groods.de\/#\/schema\/logo\/image\/\",\"url\":\"https:\/\/www.groods.de\/wp-content\/uploads\/2018\/08\/logo.png\",\"contentUrl\":\"https:\/\/www.groods.de\/wp-content\/uploads\/2018\/08\/logo.png\",\"width\":1077,\"height\":373,\"caption\":\"gRoods.de\"},\"image\":{\"@id\":\"https:\/\/www.groods.de\/#\/schema\/logo\/image\/\"}}]}<\/script>\n<!-- \/ Yoast SEO plugin. -->","yoast_head_json":{"title":"QiYi MP 3x3 Magnetic - gRoods","robots":{"index":"index","follow":"follow","max-snippet":"max-snippet:-1","max-image-preview":"max-image-preview:large","max-video-preview":"max-video-preview:-1"},"canonical":"https:\/\/www.groods.de\/index.php\/produkt\/qiyi-mp-3x3-magnetic\/","og_locale":"de_DE","og_type":"article","og_title":"QiYi MP 3x3 Magnetic - gRoods","og_description":"QiYi MP 3&#215;3 Magnetic Der QiYi MP 3&#215;3 M wirkt wie ein leicht vereinfachter X-Man Tornado V2. Dieser 3&#215;3 zeichnet sich durch weiches Drehen und ein mittleres magnetisches Gef\u00fchl aus. Es ist ein fantastischer W\u00fcrfel zu einem vern\u00fcnftigen Preis. Die QiYi MP-Serie ist eine brandneue Puzzlelinie von QiYi, die darauf abzielt, ein qualitativ hochwertiges Produkt [&hellip;]","og_url":"https:\/\/www.groods.de\/index.php\/produkt\/qiyi-mp-3x3-magnetic\/","og_site_name":"gRoods","article_modified_time":"2025-01-21T22:26:27+00:00","og_image":[{"width":2048,"height":1250,"url":"https:\/\/www.groods.de\/wp-content\/uploads\/2021\/12\/MP-3x3-Magnetic-11.jpg","type":"image\/jpeg"}],"twitter_card":"summary_large_image","twitter_misc":{"Gesch\u00e4tzte Lesezeit":"1\u00a0Minute"},"schema":{"@context":"https:\/\/schema.org","@graph":[{"@type":"WebPage","@id":"https:\/\/www.groods.de\/index.php\/produkt\/qiyi-mp-3x3-magnetic\/","url":"https:\/\/www.groods.de\/index.php\/produkt\/qiyi-mp-3x3-magnetic\/","name":"QiYi MP 3x3 Magnetic - gRoods","isPartOf":{"@id":"https:\/\/www.groods.de\/#website"},"primaryImageOfPage":{"@id":"https:\/\/www.groods.de\/index.php\/produkt\/qiyi-mp-3x3-magnetic\/#primaryimage"},"image":{"@id":"https:\/\/www.groods.de\/index.php\/produkt\/qiyi-mp-3x3-magnetic\/#primaryimage"},"thumbnailUrl":"https:\/\/www.groods.de\/wp-content\/uploads\/2021\/12\/MP-3x3-Magnetic-11.jpg","datePublished":"2021-12-30T15:43:30+00:00","dateModified":"2025-01-21T22:26:27+00:00","breadcrumb":{"@id":"https:\/\/www.groods.de\/index.php\/produkt\/qiyi-mp-3x3-magnetic\/#breadcrumb"},"inLanguage":"de","potentialAction":[{"@type":"ReadAction","target":["https:\/\/www.groods.de\/index.php\/produkt\/qiyi-mp-3x3-magnetic\/"]}]},{"@type":"ImageObject","inLanguage":"de","@id":"https:\/\/www.groods.de\/index.php\/produkt\/qiyi-mp-3x3-magnetic\/#primaryimage","url":"https:\/\/www.groods.de\/wp-content\/uploads\/2021\/12\/MP-3x3-Magnetic-11.jpg","contentUrl":"https:\/\/www.groods.de\/wp-content\/uploads\/2021\/12\/MP-3x3-Magnetic-11.jpg","width":2048,"height":1250},{"@type":"BreadcrumbList","@id":"https:\/\/www.groods.de\/index.php\/produkt\/qiyi-mp-3x3-magnetic\/#breadcrumb","itemListElement":[{"@type":"ListItem","position":1,"name":"Startseite","item":"https:\/\/www.groods.de\/"},{"@type":"ListItem","position":2,"name":"Shop","item":"https:\/\/www.groods.de\/index.php\/shop\/"},{"@type":"ListItem","position":3,"name":"QiYi MP 3&#215;3 Magnetic"}]},{"@type":"WebSite","@id":"https:\/\/www.groods.de\/#website","url":"https:\/\/www.groods.de\/","name":"gRoods.de","description":"Entdecke die Welt der Speedcubes","publisher":{"@id":"https:\/\/www.groods.de\/#organization"},"potentialAction":[{"@type":"SearchAction","target":{"@type":"EntryPoint","urlTemplate":"https:\/\/www.groods.de\/?s={search_term_string}"},"query-input":{"@type":"PropertyValueSpecification","valueRequired":true,"valueName":"search_term_string"}}],"inLanguage":"de"},{"@type":"Organization","@id":"https:\/\/www.groods.de\/#organization","name":"gRoods.de","url":"https:\/\/www.groods.de\/","logo":{"@type":"ImageObject","inLanguage":"de","@id":"https:\/\/www.groods.de\/#\/schema\/logo\/image\/","url":"https:\/\/www.groods.de\/wp-content\/uploads\/2018\/08\/logo.png","contentUrl":"https:\/\/www.groods.de\/wp-content\/uploads\/2018\/08\/logo.png","width":1077,"height":373,"caption":"gRoods.de"},"image":{"@id":"https:\/\/www.groods.de\/#\/schema\/logo\/image\/"}}]}},"_links":{"self":[{"href":"https:\/\/www.groods.de\/index.php\/wp-json\/wp\/v2\/product\/7946","targetHints":{"allow":["GET"]}}],"collection":[{"href":"https:\/\/www.groods.de\/index.php\/wp-json\/wp\/v2\/product"}],"about":[{"href":"https:\/\/www.groods.de\/index.php\/wp-json\/wp\/v2\/types\/product"}],"replies":[{"embeddable":true,"href":"https:\/\/www.groods.de\/index.php\/wp-json\/wp\/v2\/comments?post=7946"}],"wp:featuredmedia":[{"embeddable":true,"href":"https:\/\/www.groods.de\/index.php\/wp-json\/wp\/v2\/media\/7972"}],"wp:attachment":[{"href":"https:\/\/www.groods.de\/index.php\/wp-json\/wp\/v2\/media?parent=7946"}],"wp:term":[{"taxonomy":"product_brand","embeddable":true,"href":"https:\/\/www.groods.de\/index.php\/wp-json\/wp\/v2\/product_brand?post=7946"},{"taxonomy":"product_cat","embeddable":true,"href":"https:\/\/www.groods.de\/index.php\/wp-json\/wp\/v2\/product_cat?post=7946"},{"taxonomy":"product_tag","embeddable":true,"href":"https:\/\/www.groods.de\/index.php\/wp-json\/wp\/v2\/product_tag?post=7946"}],"curies":[{"name":"wp","href":"https:\/\/api.w.org\/{rel}","templated":true}]}}