{"id":7934,"date":"2021-12-30T16:43:07","date_gmt":"2021-12-30T15:43:07","guid":{"rendered":"https:\/\/www.groods.de\/index.php\/produkt\/qiyi-qiyuan-s-v2-4x4\/"},"modified":"2025-11-19T22:35:45","modified_gmt":"2025-11-19T21:35:45","slug":"qiyi-qiyuan-s-v2-4x4","status":"publish","type":"product","link":"https:\/\/www.groods.de\/index.php\/produkt\/qiyi-qiyuan-s-v2-4x4\/","title":{"rendered":"QiYi QiYuan S V2 4&#215;4"},"content":{"rendered":"<h1>QiYi QiYuan S V2<\/h1>\n<p>Der QiYi QiYuan S V2 ist ein budgetfreundlicher 4&#215;4 mit hellen, aufkleberlosen Farbt\u00f6nen. Dieses Puzzle bietet ein stabiles, blockiges Gef\u00fchl. Dieser robuste Mechanismus ist ideal f\u00fcr Anf\u00e4nger.<\/p>\n","protected":false},"excerpt":{"rendered":"<p>QiYi QiYuan S V2 Der QiYi QiYuan S V2 ist ein budgetfreundlicher 4&#215;4 mit hellen, aufkleberlosen Farbt\u00f6nen. Dieses Puzzle bietet ein stabiles, blockiges Gef\u00fchl. Dieser robuste Mechanismus ist ideal f\u00fcr Anf\u00e4nger.<\/p>\n","protected":false},"featured_media":8000,"comment_status":"open","ping_status":"closed","template":"","meta":[],"product_brand":[],"product_cat":[54,49],"product_tag":[],"class_list":{"0":"post-7934","1":"product","2":"type-product","3":"status-publish","4":"has-post-thumbnail","6":"product_cat-4x4","7":"product_cat-qi-yi","9":"first","10":"instock","11":"taxable","12":"shipping-taxable","13":"purchasable","14":"product-type-simple"},"yoast_head":"<!-- This site is optimized with the Yoast SEO plugin v26.7 - https:\/\/yoast.com\/wordpress\/plugins\/seo\/ -->\n<title>QiYi QiYuan S V2 4x4 - gRoods<\/title>\n<meta name=\"description\" content=\"gRoods - QiYi QiYuan S V2 4x4\" \/>\n<meta name=\"robots\" content=\"index, follow, max-snippet:-1, max-image-preview:large, max-video-preview:-1\" \/>\n<link rel=\"canonical\" href=\"https:\/\/www.groods.de\/index.php\/produkt\/qiyi-qiyuan-s-v2-4x4\/\" \/>\n<meta property=\"og:locale\" content=\"de_DE\" \/>\n<meta property=\"og:type\" content=\"article\" \/>\n<meta property=\"og:title\" content=\"QiYi QiYuan S V2 4x4 - gRoods\" \/>\n<meta property=\"og:description\" content=\"gRoods - QiYi QiYuan S V2 4x4\" \/>\n<meta property=\"og:url\" content=\"https:\/\/www.groods.de\/index.php\/produkt\/qiyi-qiyuan-s-v2-4x4\/\" \/>\n<meta property=\"og:site_name\" content=\"gRoods\" \/>\n<meta property=\"article:modified_time\" content=\"2025-11-19T21:35:45+00:00\" \/>\n<meta property=\"og:image\" content=\"https:\/\/www.groods.de\/wp-content\/uploads\/2021\/12\/QiYi-QiYuan-S-V2-4x4-9.jpg\" \/>\n\t<meta property=\"og:image:width\" content=\"1000\" \/>\n\t<meta property=\"og:image:height\" content=\"1000\" \/>\n\t<meta property=\"og:image:type\" content=\"image\/jpeg\" \/>\n<meta name=\"twitter:card\" content=\"summary_large_image\" \/>\n<meta name=\"twitter:label1\" content=\"Gesch\u00e4tzte Lesezeit\" \/>\n\t<meta name=\"twitter:data1\" content=\"1\u00a0Minute\" \/>\n<script type=\"application\/ld+json\" class=\"yoast-schema-graph\">{\"@context\":\"https:\/\/schema.org\",\"@graph\":[{\"@type\":\"WebPage\",\"@id\":\"https:\/\/www.groods.de\/index.php\/produkt\/qiyi-qiyuan-s-v2-4x4\/\",\"url\":\"https:\/\/www.groods.de\/index.php\/produkt\/qiyi-qiyuan-s-v2-4x4\/\",\"name\":\"QiYi QiYuan S V2 4x4 - gRoods\",\"isPartOf\":{\"@id\":\"https:\/\/www.groods.de\/#website\"},\"primaryImageOfPage\":{\"@id\":\"https:\/\/www.groods.de\/index.php\/produkt\/qiyi-qiyuan-s-v2-4x4\/#primaryimage\"},\"image\":{\"@id\":\"https:\/\/www.groods.de\/index.php\/produkt\/qiyi-qiyuan-s-v2-4x4\/#primaryimage\"},\"thumbnailUrl\":\"https:\/\/www.groods.de\/wp-content\/uploads\/2021\/12\/QiYi-QiYuan-S-V2-4x4-9.jpg\",\"datePublished\":\"2021-12-30T15:43:07+00:00\",\"dateModified\":\"2025-11-19T21:35:45+00:00\",\"description\":\"gRoods - QiYi QiYuan S V2 4x4\",\"breadcrumb\":{\"@id\":\"https:\/\/www.groods.de\/index.php\/produkt\/qiyi-qiyuan-s-v2-4x4\/#breadcrumb\"},\"inLanguage\":\"de\",\"potentialAction\":[{\"@type\":\"ReadAction\",\"target\":[\"https:\/\/www.groods.de\/index.php\/produkt\/qiyi-qiyuan-s-v2-4x4\/\"]}]},{\"@type\":\"ImageObject\",\"inLanguage\":\"de\",\"@id\":\"https:\/\/www.groods.de\/index.php\/produkt\/qiyi-qiyuan-s-v2-4x4\/#primaryimage\",\"url\":\"https:\/\/www.groods.de\/wp-content\/uploads\/2021\/12\/QiYi-QiYuan-S-V2-4x4-9.jpg\",\"contentUrl\":\"https:\/\/www.groods.de\/wp-content\/uploads\/2021\/12\/QiYi-QiYuan-S-V2-4x4-9.jpg\",\"width\":1000,\"height\":1000},{\"@type\":\"BreadcrumbList\",\"@id\":\"https:\/\/www.groods.de\/index.php\/produkt\/qiyi-qiyuan-s-v2-4x4\/#breadcrumb\",\"itemListElement\":[{\"@type\":\"ListItem\",\"position\":1,\"name\":\"Startseite\",\"item\":\"https:\/\/www.groods.de\/\"},{\"@type\":\"ListItem\",\"position\":2,\"name\":\"Shop\",\"item\":\"https:\/\/www.groods.de\/index.php\/shop\/\"},{\"@type\":\"ListItem\",\"position\":3,\"name\":\"QiYi QiYuan S V2 4&#215;4\"}]},{\"@type\":\"WebSite\",\"@id\":\"https:\/\/www.groods.de\/#website\",\"url\":\"https:\/\/www.groods.de\/\",\"name\":\"gRoods.de\",\"description\":\"Entdecke die Welt der Speedcubes\",\"publisher\":{\"@id\":\"https:\/\/www.groods.de\/#organization\"},\"potentialAction\":[{\"@type\":\"SearchAction\",\"target\":{\"@type\":\"EntryPoint\",\"urlTemplate\":\"https:\/\/www.groods.de\/?s={search_term_string}\"},\"query-input\":{\"@type\":\"PropertyValueSpecification\",\"valueRequired\":true,\"valueName\":\"search_term_string\"}}],\"inLanguage\":\"de\"},{\"@type\":\"Organization\",\"@id\":\"https:\/\/www.groods.de\/#organization\",\"name\":\"gRoods.de\",\"url\":\"https:\/\/www.groods.de\/\",\"logo\":{\"@type\":\"ImageObject\",\"inLanguage\":\"de\",\"@id\":\"https:\/\/www.groods.de\/#\/schema\/logo\/image\/\",\"url\":\"https:\/\/www.groods.de\/wp-content\/uploads\/2018\/08\/logo.png\",\"contentUrl\":\"https:\/\/www.groods.de\/wp-content\/uploads\/2018\/08\/logo.png\",\"width\":1077,\"height\":373,\"caption\":\"gRoods.de\"},\"image\":{\"@id\":\"https:\/\/www.groods.de\/#\/schema\/logo\/image\/\"}}]}<\/script>\n<!-- \/ Yoast SEO plugin. -->","yoast_head_json":{"title":"QiYi QiYuan S V2 4x4 - gRoods","description":"gRoods - QiYi QiYuan S V2 4x4","robots":{"index":"index","follow":"follow","max-snippet":"max-snippet:-1","max-image-preview":"max-image-preview:large","max-video-preview":"max-video-preview:-1"},"canonical":"https:\/\/www.groods.de\/index.php\/produkt\/qiyi-qiyuan-s-v2-4x4\/","og_locale":"de_DE","og_type":"article","og_title":"QiYi QiYuan S V2 4x4 - gRoods","og_description":"gRoods - QiYi QiYuan S V2 4x4","og_url":"https:\/\/www.groods.de\/index.php\/produkt\/qiyi-qiyuan-s-v2-4x4\/","og_site_name":"gRoods","article_modified_time":"2025-11-19T21:35:45+00:00","og_image":[{"width":1000,"height":1000,"url":"https:\/\/www.groods.de\/wp-content\/uploads\/2021\/12\/QiYi-QiYuan-S-V2-4x4-9.jpg","type":"image\/jpeg"}],"twitter_card":"summary_large_image","twitter_misc":{"Gesch\u00e4tzte Lesezeit":"1\u00a0Minute"},"schema":{"@context":"https:\/\/schema.org","@graph":[{"@type":"WebPage","@id":"https:\/\/www.groods.de\/index.php\/produkt\/qiyi-qiyuan-s-v2-4x4\/","url":"https:\/\/www.groods.de\/index.php\/produkt\/qiyi-qiyuan-s-v2-4x4\/","name":"QiYi QiYuan S V2 4x4 - gRoods","isPartOf":{"@id":"https:\/\/www.groods.de\/#website"},"primaryImageOfPage":{"@id":"https:\/\/www.groods.de\/index.php\/produkt\/qiyi-qiyuan-s-v2-4x4\/#primaryimage"},"image":{"@id":"https:\/\/www.groods.de\/index.php\/produkt\/qiyi-qiyuan-s-v2-4x4\/#primaryimage"},"thumbnailUrl":"https:\/\/www.groods.de\/wp-content\/uploads\/2021\/12\/QiYi-QiYuan-S-V2-4x4-9.jpg","datePublished":"2021-12-30T15:43:07+00:00","dateModified":"2025-11-19T21:35:45+00:00","description":"gRoods - QiYi QiYuan S V2 4x4","breadcrumb":{"@id":"https:\/\/www.groods.de\/index.php\/produkt\/qiyi-qiyuan-s-v2-4x4\/#breadcrumb"},"inLanguage":"de","potentialAction":[{"@type":"ReadAction","target":["https:\/\/www.groods.de\/index.php\/produkt\/qiyi-qiyuan-s-v2-4x4\/"]}]},{"@type":"ImageObject","inLanguage":"de","@id":"https:\/\/www.groods.de\/index.php\/produkt\/qiyi-qiyuan-s-v2-4x4\/#primaryimage","url":"https:\/\/www.groods.de\/wp-content\/uploads\/2021\/12\/QiYi-QiYuan-S-V2-4x4-9.jpg","contentUrl":"https:\/\/www.groods.de\/wp-content\/uploads\/2021\/12\/QiYi-QiYuan-S-V2-4x4-9.jpg","width":1000,"height":1000},{"@type":"BreadcrumbList","@id":"https:\/\/www.groods.de\/index.php\/produkt\/qiyi-qiyuan-s-v2-4x4\/#breadcrumb","itemListElement":[{"@type":"ListItem","position":1,"name":"Startseite","item":"https:\/\/www.groods.de\/"},{"@type":"ListItem","position":2,"name":"Shop","item":"https:\/\/www.groods.de\/index.php\/shop\/"},{"@type":"ListItem","position":3,"name":"QiYi QiYuan S V2 4&#215;4"}]},{"@type":"WebSite","@id":"https:\/\/www.groods.de\/#website","url":"https:\/\/www.groods.de\/","name":"gRoods.de","description":"Entdecke die Welt der Speedcubes","publisher":{"@id":"https:\/\/www.groods.de\/#organization"},"potentialAction":[{"@type":"SearchAction","target":{"@type":"EntryPoint","urlTemplate":"https:\/\/www.groods.de\/?s={search_term_string}"},"query-input":{"@type":"PropertyValueSpecification","valueRequired":true,"valueName":"search_term_string"}}],"inLanguage":"de"},{"@type":"Organization","@id":"https:\/\/www.groods.de\/#organization","name":"gRoods.de","url":"https:\/\/www.groods.de\/","logo":{"@type":"ImageObject","inLanguage":"de","@id":"https:\/\/www.groods.de\/#\/schema\/logo\/image\/","url":"https:\/\/www.groods.de\/wp-content\/uploads\/2018\/08\/logo.png","contentUrl":"https:\/\/www.groods.de\/wp-content\/uploads\/2018\/08\/logo.png","width":1077,"height":373,"caption":"gRoods.de"},"image":{"@id":"https:\/\/www.groods.de\/#\/schema\/logo\/image\/"}}]}},"_links":{"self":[{"href":"https:\/\/www.groods.de\/index.php\/wp-json\/wp\/v2\/product\/7934","targetHints":{"allow":["GET"]}}],"collection":[{"href":"https:\/\/www.groods.de\/index.php\/wp-json\/wp\/v2\/product"}],"about":[{"href":"https:\/\/www.groods.de\/index.php\/wp-json\/wp\/v2\/types\/product"}],"replies":[{"embeddable":true,"href":"https:\/\/www.groods.de\/index.php\/wp-json\/wp\/v2\/comments?post=7934"}],"wp:featuredmedia":[{"embeddable":true,"href":"https:\/\/www.groods.de\/index.php\/wp-json\/wp\/v2\/media\/8000"}],"wp:attachment":[{"href":"https:\/\/www.groods.de\/index.php\/wp-json\/wp\/v2\/media?parent=7934"}],"wp:term":[{"taxonomy":"product_brand","embeddable":true,"href":"https:\/\/www.groods.de\/index.php\/wp-json\/wp\/v2\/product_brand?post=7934"},{"taxonomy":"product_cat","embeddable":true,"href":"https:\/\/www.groods.de\/index.php\/wp-json\/wp\/v2\/product_cat?post=7934"},{"taxonomy":"product_tag","embeddable":true,"href":"https:\/\/www.groods.de\/index.php\/wp-json\/wp\/v2\/product_tag?post=7934"}],"curies":[{"name":"wp","href":"https:\/\/api.w.org\/{rel}","templated":true}]}}