{"id":7656,"date":"2021-11-25T11:57:34","date_gmt":"2021-11-25T10:57:34","guid":{"rendered":"https:\/\/www.groods.de\/index.php\/produkt\/moyu-meilong-mixup-skewb-1\/"},"modified":"2025-11-19T22:35:02","modified_gmt":"2025-11-19T21:35:02","slug":"moyu-meilong-mixup-skewb-1","status":"publish","type":"product","link":"https:\/\/www.groods.de\/index.php\/produkt\/moyu-meilong-mixup-skewb-1\/","title":{"rendered":"MoYu Meilong Mixup SKEWB #1"},"content":{"rendered":"<h1>MoYu Meilong Mixup SKEWB #1<\/h1>\n<p>Der SKEWB ist ein Kombinationspuzzle und ein mechanisches Puzzle im Stil des Zauberw\u00fcrfels. Obwohl es eine kubische Form hat, unterscheidet es sich von RBKs Konstruktion darin, dass seine Rotationsachse durch die Ecken des W\u00fcrfels und nicht durch die Mittelpunkte der Fl\u00e4chen verl\u00e4uft. Es gibt vier solcher Achsen, eine f\u00fcr jede Raumdiagonale des W\u00fcrfels. Als Ergebnis ist es ein tiefgehendes Puzzle, in dem jede Drehung alle sechs Seiten betrifft.<\/p>\n<h4>Aufbau und Erscheinung \/\u00a0L\u00f6sungsstrategie<\/h4>\n<p>Obwohl der SKEWB einfach aussieht, sind seine Teile tats\u00e4chlich in Untergruppen unterteilt und haben Einschr\u00e4nkungen, die bei der Untersuchung des Mechanismus des R\u00e4tsels offensichtlich sind. Die 8 Ecken sind in zwei Gruppen aufgeteilt &#8211; die vier Ecken, die an der zentralen 4-armigen Spinne befestigt sind, und die vier &#8222;schwebenden&#8220; Ecken, die leicht aus dem Mechanismus entfernt werden k\u00f6nnen. Diese Ecken k\u00f6nnen nicht ausgetauscht werden, d.h. in einer einzelnen Gruppe von vier Ecken sind ihre relativen Positionen unver\u00e4ndert. Sie k\u00f6nnen unterschieden werden, indem Druck auf die Ecke ausge\u00fcbt wird &#8211; wenn sie ein wenig nach unten quetscht, ist es eine schwebende Ecke. Die Zentren haben nur zwei m\u00f6gliche Orientierungen.<\/p>\n<p><strong>Eigenschaften:<\/strong><\/p>\n<ul>\n<li>MoYu 3&#215;3 Mixup SKEWB Stickerless Magic Cube<\/li>\n<li>glatte und schnelle Oberfl\u00e4che<\/li>\n<li>neu und Originalverpackt<\/li>\n<li>aus hochwertigem ABS Material, das umweltfreundlich, ungiftig und langlebig ist<\/li>\n<li>einfarbig im stickerless Design<\/li>\n<li>geschmeidige Rotation und komfortables Spielgef\u00fchl<\/li>\n<li>ausgezeichnete Fehlertoleranz f\u00fcr besonders schnelle Zeiten<\/li>\n<li>Viele Stunden Spa\u00df und Kopfzerbrechen mit Freunden und Familie sind garantiert<\/li>\n<\/ul>\n<p>Spezifikationen:<\/p>\n<ul>\n<li>Farbe: stickerless<\/li>\n<li>Material: Kunststoff<\/li>\n<li>Produkt Abmessungen: 56 x 56 x 56 mm<\/li>\n<li>Produkt Gewicht: 73<\/li>\n<li>Verpackung: Karton Box<\/li>\n<\/ul>\n","protected":false},"excerpt":{"rendered":"<p>MoYu Meilong Mixup SKEWB #1 Der SKEWB ist ein Kombinationspuzzle und ein mechanisches Puzzle im Stil des Zauberw\u00fcrfels. Obwohl es eine kubische Form hat, unterscheidet es sich von RBKs Konstruktion darin, dass seine Rotationsachse durch die Ecken des W\u00fcrfels und nicht durch die Mittelpunkte der Fl\u00e4chen verl\u00e4uft. Es gibt vier solcher Achsen, eine f\u00fcr jede [&hellip;]<\/p>\n","protected":false},"featured_media":7726,"comment_status":"open","ping_status":"closed","template":"","meta":[],"product_brand":[],"product_cat":[86,103],"product_tag":[],"class_list":{"0":"post-7656","1":"product","2":"type-product","3":"status-publish","4":"has-post-thumbnail","6":"product_cat-neue-produkte","7":"product_cat-skewb","9":"first","10":"instock","11":"taxable","12":"shipping-taxable","13":"purchasable","14":"product-type-simple"},"yoast_head":"<!-- This site is optimized with the Yoast SEO plugin v26.7 - https:\/\/yoast.com\/wordpress\/plugins\/seo\/ -->\n<title>MoYu Meilong Mixup SKEWB #1 - gRoods<\/title>\n<meta name=\"robots\" content=\"index, follow, max-snippet:-1, max-image-preview:large, max-video-preview:-1\" \/>\n<link rel=\"canonical\" href=\"https:\/\/www.groods.de\/index.php\/produkt\/moyu-meilong-mixup-skewb-1\/\" \/>\n<meta property=\"og:locale\" content=\"de_DE\" \/>\n<meta property=\"og:type\" content=\"article\" \/>\n<meta property=\"og:title\" content=\"MoYu Meilong Mixup SKEWB #1 - gRoods\" \/>\n<meta property=\"og:description\" content=\"MoYu Meilong Mixup SKEWB #1 Der SKEWB ist ein Kombinationspuzzle und ein mechanisches Puzzle im Stil des Zauberw\u00fcrfels. Obwohl es eine kubische Form hat, unterscheidet es sich von RBKs Konstruktion darin, dass seine Rotationsachse durch die Ecken des W\u00fcrfels und nicht durch die Mittelpunkte der Fl\u00e4chen verl\u00e4uft. Es gibt vier solcher Achsen, eine f\u00fcr jede [&hellip;]\" \/>\n<meta property=\"og:url\" content=\"https:\/\/www.groods.de\/index.php\/produkt\/moyu-meilong-mixup-skewb-1\/\" \/>\n<meta property=\"og:site_name\" content=\"gRoods\" \/>\n<meta property=\"article:modified_time\" content=\"2025-11-19T21:35:02+00:00\" \/>\n<meta property=\"og:image\" content=\"https:\/\/www.groods.de\/wp-content\/uploads\/2021\/11\/IMG_1676.jpg\" \/>\n\t<meta property=\"og:image:width\" content=\"1189\" \/>\n\t<meta property=\"og:image:height\" content=\"1189\" \/>\n\t<meta property=\"og:image:type\" content=\"image\/jpeg\" \/>\n<meta name=\"twitter:card\" content=\"summary_large_image\" \/>\n<meta name=\"twitter:label1\" content=\"Gesch\u00e4tzte Lesezeit\" \/>\n\t<meta name=\"twitter:data1\" content=\"2\u00a0Minuten\" \/>\n<script type=\"application\/ld+json\" class=\"yoast-schema-graph\">{\"@context\":\"https:\/\/schema.org\",\"@graph\":[{\"@type\":\"WebPage\",\"@id\":\"https:\/\/www.groods.de\/index.php\/produkt\/moyu-meilong-mixup-skewb-1\/\",\"url\":\"https:\/\/www.groods.de\/index.php\/produkt\/moyu-meilong-mixup-skewb-1\/\",\"name\":\"MoYu Meilong Mixup SKEWB #1 - gRoods\",\"isPartOf\":{\"@id\":\"https:\/\/www.groods.de\/#website\"},\"primaryImageOfPage\":{\"@id\":\"https:\/\/www.groods.de\/index.php\/produkt\/moyu-meilong-mixup-skewb-1\/#primaryimage\"},\"image\":{\"@id\":\"https:\/\/www.groods.de\/index.php\/produkt\/moyu-meilong-mixup-skewb-1\/#primaryimage\"},\"thumbnailUrl\":\"https:\/\/www.groods.de\/wp-content\/uploads\/2021\/11\/IMG_1676.jpg\",\"datePublished\":\"2021-11-25T10:57:34+00:00\",\"dateModified\":\"2025-11-19T21:35:02+00:00\",\"breadcrumb\":{\"@id\":\"https:\/\/www.groods.de\/index.php\/produkt\/moyu-meilong-mixup-skewb-1\/#breadcrumb\"},\"inLanguage\":\"de\",\"potentialAction\":[{\"@type\":\"ReadAction\",\"target\":[\"https:\/\/www.groods.de\/index.php\/produkt\/moyu-meilong-mixup-skewb-1\/\"]}]},{\"@type\":\"ImageObject\",\"inLanguage\":\"de\",\"@id\":\"https:\/\/www.groods.de\/index.php\/produkt\/moyu-meilong-mixup-skewb-1\/#primaryimage\",\"url\":\"https:\/\/www.groods.de\/wp-content\/uploads\/2021\/11\/IMG_1676.jpg\",\"contentUrl\":\"https:\/\/www.groods.de\/wp-content\/uploads\/2021\/11\/IMG_1676.jpg\",\"width\":1189,\"height\":1189},{\"@type\":\"BreadcrumbList\",\"@id\":\"https:\/\/www.groods.de\/index.php\/produkt\/moyu-meilong-mixup-skewb-1\/#breadcrumb\",\"itemListElement\":[{\"@type\":\"ListItem\",\"position\":1,\"name\":\"Startseite\",\"item\":\"https:\/\/www.groods.de\/\"},{\"@type\":\"ListItem\",\"position\":2,\"name\":\"Shop\",\"item\":\"https:\/\/www.groods.de\/index.php\/shop\/\"},{\"@type\":\"ListItem\",\"position\":3,\"name\":\"MoYu Meilong Mixup SKEWB #1\"}]},{\"@type\":\"WebSite\",\"@id\":\"https:\/\/www.groods.de\/#website\",\"url\":\"https:\/\/www.groods.de\/\",\"name\":\"gRoods.de\",\"description\":\"Entdecke die Welt der Speedcubes\",\"publisher\":{\"@id\":\"https:\/\/www.groods.de\/#organization\"},\"potentialAction\":[{\"@type\":\"SearchAction\",\"target\":{\"@type\":\"EntryPoint\",\"urlTemplate\":\"https:\/\/www.groods.de\/?s={search_term_string}\"},\"query-input\":{\"@type\":\"PropertyValueSpecification\",\"valueRequired\":true,\"valueName\":\"search_term_string\"}}],\"inLanguage\":\"de\"},{\"@type\":\"Organization\",\"@id\":\"https:\/\/www.groods.de\/#organization\",\"name\":\"gRoods.de\",\"url\":\"https:\/\/www.groods.de\/\",\"logo\":{\"@type\":\"ImageObject\",\"inLanguage\":\"de\",\"@id\":\"https:\/\/www.groods.de\/#\/schema\/logo\/image\/\",\"url\":\"https:\/\/www.groods.de\/wp-content\/uploads\/2018\/08\/logo.png\",\"contentUrl\":\"https:\/\/www.groods.de\/wp-content\/uploads\/2018\/08\/logo.png\",\"width\":1077,\"height\":373,\"caption\":\"gRoods.de\"},\"image\":{\"@id\":\"https:\/\/www.groods.de\/#\/schema\/logo\/image\/\"}}]}<\/script>\n<!-- \/ Yoast SEO plugin. -->","yoast_head_json":{"title":"MoYu Meilong Mixup SKEWB #1 - gRoods","robots":{"index":"index","follow":"follow","max-snippet":"max-snippet:-1","max-image-preview":"max-image-preview:large","max-video-preview":"max-video-preview:-1"},"canonical":"https:\/\/www.groods.de\/index.php\/produkt\/moyu-meilong-mixup-skewb-1\/","og_locale":"de_DE","og_type":"article","og_title":"MoYu Meilong Mixup SKEWB #1 - gRoods","og_description":"MoYu Meilong Mixup SKEWB #1 Der SKEWB ist ein Kombinationspuzzle und ein mechanisches Puzzle im Stil des Zauberw\u00fcrfels. Obwohl es eine kubische Form hat, unterscheidet es sich von RBKs Konstruktion darin, dass seine Rotationsachse durch die Ecken des W\u00fcrfels und nicht durch die Mittelpunkte der Fl\u00e4chen verl\u00e4uft. Es gibt vier solcher Achsen, eine f\u00fcr jede [&hellip;]","og_url":"https:\/\/www.groods.de\/index.php\/produkt\/moyu-meilong-mixup-skewb-1\/","og_site_name":"gRoods","article_modified_time":"2025-11-19T21:35:02+00:00","og_image":[{"width":1189,"height":1189,"url":"https:\/\/www.groods.de\/wp-content\/uploads\/2021\/11\/IMG_1676.jpg","type":"image\/jpeg"}],"twitter_card":"summary_large_image","twitter_misc":{"Gesch\u00e4tzte Lesezeit":"2\u00a0Minuten"},"schema":{"@context":"https:\/\/schema.org","@graph":[{"@type":"WebPage","@id":"https:\/\/www.groods.de\/index.php\/produkt\/moyu-meilong-mixup-skewb-1\/","url":"https:\/\/www.groods.de\/index.php\/produkt\/moyu-meilong-mixup-skewb-1\/","name":"MoYu Meilong Mixup SKEWB #1 - gRoods","isPartOf":{"@id":"https:\/\/www.groods.de\/#website"},"primaryImageOfPage":{"@id":"https:\/\/www.groods.de\/index.php\/produkt\/moyu-meilong-mixup-skewb-1\/#primaryimage"},"image":{"@id":"https:\/\/www.groods.de\/index.php\/produkt\/moyu-meilong-mixup-skewb-1\/#primaryimage"},"thumbnailUrl":"https:\/\/www.groods.de\/wp-content\/uploads\/2021\/11\/IMG_1676.jpg","datePublished":"2021-11-25T10:57:34+00:00","dateModified":"2025-11-19T21:35:02+00:00","breadcrumb":{"@id":"https:\/\/www.groods.de\/index.php\/produkt\/moyu-meilong-mixup-skewb-1\/#breadcrumb"},"inLanguage":"de","potentialAction":[{"@type":"ReadAction","target":["https:\/\/www.groods.de\/index.php\/produkt\/moyu-meilong-mixup-skewb-1\/"]}]},{"@type":"ImageObject","inLanguage":"de","@id":"https:\/\/www.groods.de\/index.php\/produkt\/moyu-meilong-mixup-skewb-1\/#primaryimage","url":"https:\/\/www.groods.de\/wp-content\/uploads\/2021\/11\/IMG_1676.jpg","contentUrl":"https:\/\/www.groods.de\/wp-content\/uploads\/2021\/11\/IMG_1676.jpg","width":1189,"height":1189},{"@type":"BreadcrumbList","@id":"https:\/\/www.groods.de\/index.php\/produkt\/moyu-meilong-mixup-skewb-1\/#breadcrumb","itemListElement":[{"@type":"ListItem","position":1,"name":"Startseite","item":"https:\/\/www.groods.de\/"},{"@type":"ListItem","position":2,"name":"Shop","item":"https:\/\/www.groods.de\/index.php\/shop\/"},{"@type":"ListItem","position":3,"name":"MoYu Meilong Mixup SKEWB #1"}]},{"@type":"WebSite","@id":"https:\/\/www.groods.de\/#website","url":"https:\/\/www.groods.de\/","name":"gRoods.de","description":"Entdecke die Welt der Speedcubes","publisher":{"@id":"https:\/\/www.groods.de\/#organization"},"potentialAction":[{"@type":"SearchAction","target":{"@type":"EntryPoint","urlTemplate":"https:\/\/www.groods.de\/?s={search_term_string}"},"query-input":{"@type":"PropertyValueSpecification","valueRequired":true,"valueName":"search_term_string"}}],"inLanguage":"de"},{"@type":"Organization","@id":"https:\/\/www.groods.de\/#organization","name":"gRoods.de","url":"https:\/\/www.groods.de\/","logo":{"@type":"ImageObject","inLanguage":"de","@id":"https:\/\/www.groods.de\/#\/schema\/logo\/image\/","url":"https:\/\/www.groods.de\/wp-content\/uploads\/2018\/08\/logo.png","contentUrl":"https:\/\/www.groods.de\/wp-content\/uploads\/2018\/08\/logo.png","width":1077,"height":373,"caption":"gRoods.de"},"image":{"@id":"https:\/\/www.groods.de\/#\/schema\/logo\/image\/"}}]}},"_links":{"self":[{"href":"https:\/\/www.groods.de\/index.php\/wp-json\/wp\/v2\/product\/7656","targetHints":{"allow":["GET"]}}],"collection":[{"href":"https:\/\/www.groods.de\/index.php\/wp-json\/wp\/v2\/product"}],"about":[{"href":"https:\/\/www.groods.de\/index.php\/wp-json\/wp\/v2\/types\/product"}],"replies":[{"embeddable":true,"href":"https:\/\/www.groods.de\/index.php\/wp-json\/wp\/v2\/comments?post=7656"}],"wp:featuredmedia":[{"embeddable":true,"href":"https:\/\/www.groods.de\/index.php\/wp-json\/wp\/v2\/media\/7726"}],"wp:attachment":[{"href":"https:\/\/www.groods.de\/index.php\/wp-json\/wp\/v2\/media?parent=7656"}],"wp:term":[{"taxonomy":"product_brand","embeddable":true,"href":"https:\/\/www.groods.de\/index.php\/wp-json\/wp\/v2\/product_brand?post=7656"},{"taxonomy":"product_cat","embeddable":true,"href":"https:\/\/www.groods.de\/index.php\/wp-json\/wp\/v2\/product_cat?post=7656"},{"taxonomy":"product_tag","embeddable":true,"href":"https:\/\/www.groods.de\/index.php\/wp-json\/wp\/v2\/product_tag?post=7656"}],"curies":[{"name":"wp","href":"https:\/\/api.w.org\/{rel}","templated":true}]}}