{"id":747,"date":"2018-11-27T12:45:54","date_gmt":"2018-11-27T11:45:54","guid":{"rendered":"https:\/\/www.groods.de\/?post_type=product&#038;p=747"},"modified":"2025-11-19T22:14:01","modified_gmt":"2025-11-19T21:14:01","slug":"yj-guanlong-3x3x3-upgraded-version-schwarz","status":"publish","type":"product","link":"https:\/\/www.groods.de\/index.php\/produkt\/yj-guanlong-3x3x3-upgraded-version-schwarz\/","title":{"rendered":"YJ GuanLong 3x3x3 upgraded version &#8211; schwarz"},"content":{"rendered":"<h1>YJ GuanLong 3x3x3<\/h1>\n<p>Der YJ GuanLong ist ein neuer, leichter Speedcube zu einem sehr g\u00fcnstigen Preis. Es verf\u00fcgt \u00fcber Teile und einen Mechanismus \u00e4hnlich dem YJ SuLong. Toll als g\u00fcnstiger erster Speedcube f\u00fcr Einsteiger!<\/p>\n<p>Der W\u00fcrfel, mit dem die Budgetklasse begann, der GuanLong ist legend\u00e4r. Es dreht schnell und sanft, hat gutes Corner-Cutting und ist sehr leise! Dieser W\u00fcrfel ver\u00e4nderte den Markt, f\u00fchrte zu einer neuen Preiskategorie und bot f\u00fcr Anf\u00e4nger \u00fcberall eine erschwingliche Option.<\/p>\n<p><span class=\"md-expand\">Der Magische W\u00fcrfel Zauberw\u00fcrfel misst eine Gr\u00f6\u00dfe von ca. 5,7 x 5,7 x 5,7 cm.<\/span><\/p>\n<h4 class=\"md-end-block md-heading\">Eigenschaften:<\/h4>\n<ul>\n<li class=\"md-end-block\"><span class=\"\">neu und Originalverpackt<\/span><\/li>\n<li class=\"md-end-block\">hohe Qualit\u00e4t<\/li>\n<li class=\"md-end-block md-focus\"><span class=\"md-expand\">aus hochwertigem ABS Material, das umweltfreundlich, ungiftig und langlebig ist<\/span><\/li>\n<li class=\"md-end-block\"><span class=\"\">Carbon Sticker<\/span><\/li>\n<li class=\"md-end-block\">geschmeidige Rotation und komfortables Spielgef\u00fchl<\/li>\n<li class=\"md-end-block\"><span class=\"\">gute Fehlertoleranz f\u00fcr besonders schnelle Zeiten<\/span><\/li>\n<li class=\"md-end-block\"><span class=\"\">geeignet f\u00fcr Speedcube Wettbewerbe<\/span><\/li>\n<\/ul>\n<h4 class=\"md-end-block md-heading\"><span class=\"\">Spezifikationen:<\/span><\/h4>\n<ul>\n<li class=\"md-end-block\"><span class=\"\">Farbe: schwarz<\/span><\/li>\n<li class=\"md-end-block\">Material: Kunststoff (ABS)<\/li>\n<li class=\"md-end-block\">Produkt Abmessungen: 5,7 x 5,7 x 5,7 cm<\/li>\n<li class=\"md-end-block\"><span class=\"\">Gewicht: 80g<\/span><\/li>\n<li class=\"md-end-block\"><span class=\"\">Verpackung: Karton<\/span><\/li>\n<\/ul>\n","protected":false},"excerpt":{"rendered":"<p>YJ GuanLong 3x3x3 Der YJ GuanLong ist ein neuer, leichter Speedcube zu einem sehr g\u00fcnstigen Preis. Es verf\u00fcgt \u00fcber Teile und einen Mechanismus \u00e4hnlich dem YJ SuLong. Toll als g\u00fcnstiger erster Speedcube f\u00fcr Einsteiger! Der W\u00fcrfel, mit dem die Budgetklasse begann, der GuanLong ist legend\u00e4r. Es dreht schnell und sanft, hat gutes Corner-Cutting und ist [&hellip;]<\/p>\n","protected":false},"featured_media":748,"comment_status":"open","ping_status":"closed","template":"","meta":[],"product_brand":[],"product_cat":[53,42,19],"product_tag":[],"class_list":{"0":"post-747","1":"product","2":"type-product","3":"status-publish","4":"has-post-thumbnail","6":"product_cat-3x3","7":"product_cat-yj","8":"product_cat-zauberwuerfel","10":"first","11":"instock","12":"taxable","13":"shipping-taxable","14":"purchasable","15":"product-type-simple"},"yoast_head":"<!-- This site is optimized with the Yoast SEO plugin v26.7 - https:\/\/yoast.com\/wordpress\/plugins\/seo\/ -->\n<title>YJ GuanLong 3x3x3 upgraded version - schwarz - gRoods<\/title>\n<meta name=\"robots\" content=\"index, follow, max-snippet:-1, max-image-preview:large, max-video-preview:-1\" \/>\n<link rel=\"canonical\" href=\"https:\/\/www.groods.de\/index.php\/produkt\/yj-guanlong-3x3x3-upgraded-version-schwarz\/\" \/>\n<meta property=\"og:locale\" content=\"de_DE\" \/>\n<meta property=\"og:type\" content=\"article\" \/>\n<meta property=\"og:title\" content=\"YJ GuanLong 3x3x3 upgraded version - schwarz - gRoods\" \/>\n<meta property=\"og:description\" content=\"YJ GuanLong 3x3x3 Der YJ GuanLong ist ein neuer, leichter Speedcube zu einem sehr g\u00fcnstigen Preis. Es verf\u00fcgt \u00fcber Teile und einen Mechanismus \u00e4hnlich dem YJ SuLong. Toll als g\u00fcnstiger erster Speedcube f\u00fcr Einsteiger! Der W\u00fcrfel, mit dem die Budgetklasse begann, der GuanLong ist legend\u00e4r. Es dreht schnell und sanft, hat gutes Corner-Cutting und ist [&hellip;]\" \/>\n<meta property=\"og:url\" content=\"https:\/\/www.groods.de\/index.php\/produkt\/yj-guanlong-3x3x3-upgraded-version-schwarz\/\" \/>\n<meta property=\"og:site_name\" content=\"gRoods\" \/>\n<meta property=\"article:modified_time\" content=\"2025-11-19T21:14:01+00:00\" \/>\n<meta property=\"og:image\" content=\"https:\/\/www.groods.de\/wp-content\/uploads\/2018\/11\/Guanlong-Cube-black5_1024.jpeg\" \/>\n\t<meta property=\"og:image:width\" content=\"1024\" \/>\n\t<meta property=\"og:image:height\" content=\"1024\" \/>\n\t<meta property=\"og:image:type\" content=\"image\/jpeg\" \/>\n<meta name=\"twitter:card\" content=\"summary_large_image\" \/>\n<meta name=\"twitter:label1\" content=\"Gesch\u00e4tzte Lesezeit\" \/>\n\t<meta name=\"twitter:data1\" content=\"1\u00a0Minute\" \/>\n<script type=\"application\/ld+json\" class=\"yoast-schema-graph\">{\"@context\":\"https:\/\/schema.org\",\"@graph\":[{\"@type\":\"WebPage\",\"@id\":\"https:\/\/www.groods.de\/index.php\/produkt\/yj-guanlong-3x3x3-upgraded-version-schwarz\/\",\"url\":\"https:\/\/www.groods.de\/index.php\/produkt\/yj-guanlong-3x3x3-upgraded-version-schwarz\/\",\"name\":\"YJ GuanLong 3x3x3 upgraded version - schwarz - gRoods\",\"isPartOf\":{\"@id\":\"https:\/\/www.groods.de\/#website\"},\"primaryImageOfPage\":{\"@id\":\"https:\/\/www.groods.de\/index.php\/produkt\/yj-guanlong-3x3x3-upgraded-version-schwarz\/#primaryimage\"},\"image\":{\"@id\":\"https:\/\/www.groods.de\/index.php\/produkt\/yj-guanlong-3x3x3-upgraded-version-schwarz\/#primaryimage\"},\"thumbnailUrl\":\"https:\/\/www.groods.de\/wp-content\/uploads\/2018\/11\/Guanlong-Cube-black5_1024.jpeg\",\"datePublished\":\"2018-11-27T11:45:54+00:00\",\"dateModified\":\"2025-11-19T21:14:01+00:00\",\"breadcrumb\":{\"@id\":\"https:\/\/www.groods.de\/index.php\/produkt\/yj-guanlong-3x3x3-upgraded-version-schwarz\/#breadcrumb\"},\"inLanguage\":\"de\",\"potentialAction\":[{\"@type\":\"ReadAction\",\"target\":[\"https:\/\/www.groods.de\/index.php\/produkt\/yj-guanlong-3x3x3-upgraded-version-schwarz\/\"]}]},{\"@type\":\"ImageObject\",\"inLanguage\":\"de\",\"@id\":\"https:\/\/www.groods.de\/index.php\/produkt\/yj-guanlong-3x3x3-upgraded-version-schwarz\/#primaryimage\",\"url\":\"https:\/\/www.groods.de\/wp-content\/uploads\/2018\/11\/Guanlong-Cube-black5_1024.jpeg\",\"contentUrl\":\"https:\/\/www.groods.de\/wp-content\/uploads\/2018\/11\/Guanlong-Cube-black5_1024.jpeg\",\"width\":1024,\"height\":1024},{\"@type\":\"BreadcrumbList\",\"@id\":\"https:\/\/www.groods.de\/index.php\/produkt\/yj-guanlong-3x3x3-upgraded-version-schwarz\/#breadcrumb\",\"itemListElement\":[{\"@type\":\"ListItem\",\"position\":1,\"name\":\"Startseite\",\"item\":\"https:\/\/www.groods.de\/\"},{\"@type\":\"ListItem\",\"position\":2,\"name\":\"Shop\",\"item\":\"https:\/\/www.groods.de\/index.php\/shop\/\"},{\"@type\":\"ListItem\",\"position\":3,\"name\":\"YJ GuanLong 3x3x3 upgraded version &#8211; schwarz\"}]},{\"@type\":\"WebSite\",\"@id\":\"https:\/\/www.groods.de\/#website\",\"url\":\"https:\/\/www.groods.de\/\",\"name\":\"gRoods.de\",\"description\":\"Entdecke die Welt der Speedcubes\",\"publisher\":{\"@id\":\"https:\/\/www.groods.de\/#organization\"},\"potentialAction\":[{\"@type\":\"SearchAction\",\"target\":{\"@type\":\"EntryPoint\",\"urlTemplate\":\"https:\/\/www.groods.de\/?s={search_term_string}\"},\"query-input\":{\"@type\":\"PropertyValueSpecification\",\"valueRequired\":true,\"valueName\":\"search_term_string\"}}],\"inLanguage\":\"de\"},{\"@type\":\"Organization\",\"@id\":\"https:\/\/www.groods.de\/#organization\",\"name\":\"gRoods.de\",\"url\":\"https:\/\/www.groods.de\/\",\"logo\":{\"@type\":\"ImageObject\",\"inLanguage\":\"de\",\"@id\":\"https:\/\/www.groods.de\/#\/schema\/logo\/image\/\",\"url\":\"https:\/\/www.groods.de\/wp-content\/uploads\/2018\/08\/logo.png\",\"contentUrl\":\"https:\/\/www.groods.de\/wp-content\/uploads\/2018\/08\/logo.png\",\"width\":1077,\"height\":373,\"caption\":\"gRoods.de\"},\"image\":{\"@id\":\"https:\/\/www.groods.de\/#\/schema\/logo\/image\/\"}}]}<\/script>\n<!-- \/ Yoast SEO plugin. -->","yoast_head_json":{"title":"YJ GuanLong 3x3x3 upgraded version - schwarz - gRoods","robots":{"index":"index","follow":"follow","max-snippet":"max-snippet:-1","max-image-preview":"max-image-preview:large","max-video-preview":"max-video-preview:-1"},"canonical":"https:\/\/www.groods.de\/index.php\/produkt\/yj-guanlong-3x3x3-upgraded-version-schwarz\/","og_locale":"de_DE","og_type":"article","og_title":"YJ GuanLong 3x3x3 upgraded version - schwarz - gRoods","og_description":"YJ GuanLong 3x3x3 Der YJ GuanLong ist ein neuer, leichter Speedcube zu einem sehr g\u00fcnstigen Preis. Es verf\u00fcgt \u00fcber Teile und einen Mechanismus \u00e4hnlich dem YJ SuLong. Toll als g\u00fcnstiger erster Speedcube f\u00fcr Einsteiger! Der W\u00fcrfel, mit dem die Budgetklasse begann, der GuanLong ist legend\u00e4r. Es dreht schnell und sanft, hat gutes Corner-Cutting und ist [&hellip;]","og_url":"https:\/\/www.groods.de\/index.php\/produkt\/yj-guanlong-3x3x3-upgraded-version-schwarz\/","og_site_name":"gRoods","article_modified_time":"2025-11-19T21:14:01+00:00","og_image":[{"width":1024,"height":1024,"url":"https:\/\/www.groods.de\/wp-content\/uploads\/2018\/11\/Guanlong-Cube-black5_1024.jpeg","type":"image\/jpeg"}],"twitter_card":"summary_large_image","twitter_misc":{"Gesch\u00e4tzte Lesezeit":"1\u00a0Minute"},"schema":{"@context":"https:\/\/schema.org","@graph":[{"@type":"WebPage","@id":"https:\/\/www.groods.de\/index.php\/produkt\/yj-guanlong-3x3x3-upgraded-version-schwarz\/","url":"https:\/\/www.groods.de\/index.php\/produkt\/yj-guanlong-3x3x3-upgraded-version-schwarz\/","name":"YJ GuanLong 3x3x3 upgraded version - schwarz - gRoods","isPartOf":{"@id":"https:\/\/www.groods.de\/#website"},"primaryImageOfPage":{"@id":"https:\/\/www.groods.de\/index.php\/produkt\/yj-guanlong-3x3x3-upgraded-version-schwarz\/#primaryimage"},"image":{"@id":"https:\/\/www.groods.de\/index.php\/produkt\/yj-guanlong-3x3x3-upgraded-version-schwarz\/#primaryimage"},"thumbnailUrl":"https:\/\/www.groods.de\/wp-content\/uploads\/2018\/11\/Guanlong-Cube-black5_1024.jpeg","datePublished":"2018-11-27T11:45:54+00:00","dateModified":"2025-11-19T21:14:01+00:00","breadcrumb":{"@id":"https:\/\/www.groods.de\/index.php\/produkt\/yj-guanlong-3x3x3-upgraded-version-schwarz\/#breadcrumb"},"inLanguage":"de","potentialAction":[{"@type":"ReadAction","target":["https:\/\/www.groods.de\/index.php\/produkt\/yj-guanlong-3x3x3-upgraded-version-schwarz\/"]}]},{"@type":"ImageObject","inLanguage":"de","@id":"https:\/\/www.groods.de\/index.php\/produkt\/yj-guanlong-3x3x3-upgraded-version-schwarz\/#primaryimage","url":"https:\/\/www.groods.de\/wp-content\/uploads\/2018\/11\/Guanlong-Cube-black5_1024.jpeg","contentUrl":"https:\/\/www.groods.de\/wp-content\/uploads\/2018\/11\/Guanlong-Cube-black5_1024.jpeg","width":1024,"height":1024},{"@type":"BreadcrumbList","@id":"https:\/\/www.groods.de\/index.php\/produkt\/yj-guanlong-3x3x3-upgraded-version-schwarz\/#breadcrumb","itemListElement":[{"@type":"ListItem","position":1,"name":"Startseite","item":"https:\/\/www.groods.de\/"},{"@type":"ListItem","position":2,"name":"Shop","item":"https:\/\/www.groods.de\/index.php\/shop\/"},{"@type":"ListItem","position":3,"name":"YJ GuanLong 3x3x3 upgraded version &#8211; schwarz"}]},{"@type":"WebSite","@id":"https:\/\/www.groods.de\/#website","url":"https:\/\/www.groods.de\/","name":"gRoods.de","description":"Entdecke die Welt der Speedcubes","publisher":{"@id":"https:\/\/www.groods.de\/#organization"},"potentialAction":[{"@type":"SearchAction","target":{"@type":"EntryPoint","urlTemplate":"https:\/\/www.groods.de\/?s={search_term_string}"},"query-input":{"@type":"PropertyValueSpecification","valueRequired":true,"valueName":"search_term_string"}}],"inLanguage":"de"},{"@type":"Organization","@id":"https:\/\/www.groods.de\/#organization","name":"gRoods.de","url":"https:\/\/www.groods.de\/","logo":{"@type":"ImageObject","inLanguage":"de","@id":"https:\/\/www.groods.de\/#\/schema\/logo\/image\/","url":"https:\/\/www.groods.de\/wp-content\/uploads\/2018\/08\/logo.png","contentUrl":"https:\/\/www.groods.de\/wp-content\/uploads\/2018\/08\/logo.png","width":1077,"height":373,"caption":"gRoods.de"},"image":{"@id":"https:\/\/www.groods.de\/#\/schema\/logo\/image\/"}}]}},"_links":{"self":[{"href":"https:\/\/www.groods.de\/index.php\/wp-json\/wp\/v2\/product\/747","targetHints":{"allow":["GET"]}}],"collection":[{"href":"https:\/\/www.groods.de\/index.php\/wp-json\/wp\/v2\/product"}],"about":[{"href":"https:\/\/www.groods.de\/index.php\/wp-json\/wp\/v2\/types\/product"}],"replies":[{"embeddable":true,"href":"https:\/\/www.groods.de\/index.php\/wp-json\/wp\/v2\/comments?post=747"}],"wp:featuredmedia":[{"embeddable":true,"href":"https:\/\/www.groods.de\/index.php\/wp-json\/wp\/v2\/media\/748"}],"wp:attachment":[{"href":"https:\/\/www.groods.de\/index.php\/wp-json\/wp\/v2\/media?parent=747"}],"wp:term":[{"taxonomy":"product_brand","embeddable":true,"href":"https:\/\/www.groods.de\/index.php\/wp-json\/wp\/v2\/product_brand?post=747"},{"taxonomy":"product_cat","embeddable":true,"href":"https:\/\/www.groods.de\/index.php\/wp-json\/wp\/v2\/product_cat?post=747"},{"taxonomy":"product_tag","embeddable":true,"href":"https:\/\/www.groods.de\/index.php\/wp-json\/wp\/v2\/product_tag?post=747"}],"curies":[{"name":"wp","href":"https:\/\/api.w.org\/{rel}","templated":true}]}}