{"id":7412,"date":"2021-01-13T23:53:53","date_gmt":"2021-01-13T22:53:53","guid":{"rendered":"https:\/\/www.groods.de\/index.php\/produkt\/yj-zhilong-mini-4x4-m-magnetisch-stickerless\/"},"modified":"2025-11-19T22:34:28","modified_gmt":"2025-11-19T21:34:28","slug":"yj-zhilong-mini-4x4-m-magnetisch-stickerless","status":"publish","type":"product","link":"https:\/\/www.groods.de\/index.php\/produkt\/yj-zhilong-mini-4x4-m-magnetisch-stickerless\/","title":{"rendered":"YJ ZhiLong Mini 4&#215;4 M (magnetisch) &#8211; stickerless"},"content":{"rendered":"<h1>YJ ZhiLong Mini 4&#215;4 M (magnetisch)<\/h1>\n<p>YJs neues Meisterwerk ist da! Der ZhiLong 4&#215;4 M mini verf\u00fcgt \u00fcber den neuesten Mechanismus und eine au\u00dfergew\u00f6hnliche Gesamtleistung. Dieser Mini 4&#215;4 hat eine Gr\u00f6\u00dfe von 56 mm und ist buchst\u00e4blich kleiner als ein normaler 4&#215;4. 61 mm, das ein einzigartiges Handgef\u00fchl bietet und perfekt f\u00fcr Cubers mit kleinen H\u00e4nden geeignet ist. Au\u00dferdem ist es f\u00fcr einen 4&#215;4 leichter und wiegt nur 95 g. Eine pr\u00e4zise und ausgewogene Magnetanordnung von 96 Magneten sorgt f\u00fcr ein leichtes und stabiles Dreherlebnis. Das X-Cube-Positionierungssystem auf dem Kern l\u00f6st die \u00dcberbr\u00fcckungsprobleme und sorgt f\u00fcr ein reibungsloses Drehen bei schnellen Rotationsl\u00f6sungen.<\/p>\n","protected":false},"excerpt":{"rendered":"<p>YJ ZhiLong Mini 4&#215;4 M (magnetisch) YJs neues Meisterwerk ist da! Der ZhiLong 4&#215;4 M mini verf\u00fcgt \u00fcber den neuesten Mechanismus und eine au\u00dfergew\u00f6hnliche Gesamtleistung. Dieser Mini 4&#215;4 hat eine Gr\u00f6\u00dfe von 56 mm und ist buchst\u00e4blich kleiner als ein normaler 4&#215;4. 61 mm, das ein einzigartiges Handgef\u00fchl bietet und perfekt f\u00fcr Cubers mit kleinen [&hellip;]<\/p>\n","protected":false},"featured_media":7506,"comment_status":"open","ping_status":"closed","template":"","meta":[],"product_brand":[],"product_cat":[54,40,42],"product_tag":[],"class_list":{"0":"post-7412","1":"product","2":"type-product","3":"status-publish","4":"has-post-thumbnail","6":"product_cat-4x4","7":"product_cat-magnetische-zauberwuerfel","8":"product_cat-yj","10":"first","11":"instock","12":"taxable","13":"shipping-taxable","14":"purchasable","15":"product-type-simple"},"yoast_head":"<!-- This site is optimized with the Yoast SEO plugin v26.7 - https:\/\/yoast.com\/wordpress\/plugins\/seo\/ -->\n<title>YJ ZhiLong Mini 4x4 M (magnetisch) - stickerless - gRoods<\/title>\n<meta name=\"robots\" content=\"index, follow, max-snippet:-1, max-image-preview:large, max-video-preview:-1\" \/>\n<link rel=\"canonical\" href=\"https:\/\/www.groods.de\/index.php\/produkt\/yj-zhilong-mini-4x4-m-magnetisch-stickerless\/\" \/>\n<meta property=\"og:locale\" content=\"de_DE\" \/>\n<meta property=\"og:type\" content=\"article\" \/>\n<meta property=\"og:title\" content=\"YJ ZhiLong Mini 4x4 M (magnetisch) - stickerless - gRoods\" \/>\n<meta property=\"og:description\" content=\"YJ ZhiLong Mini 4&#215;4 M (magnetisch) YJs neues Meisterwerk ist da! Der ZhiLong 4&#215;4 M mini verf\u00fcgt \u00fcber den neuesten Mechanismus und eine au\u00dfergew\u00f6hnliche Gesamtleistung. Dieser Mini 4&#215;4 hat eine Gr\u00f6\u00dfe von 56 mm und ist buchst\u00e4blich kleiner als ein normaler 4&#215;4. 61 mm, das ein einzigartiges Handgef\u00fchl bietet und perfekt f\u00fcr Cubers mit kleinen [&hellip;]\" \/>\n<meta property=\"og:url\" content=\"https:\/\/www.groods.de\/index.php\/produkt\/yj-zhilong-mini-4x4-m-magnetisch-stickerless\/\" \/>\n<meta property=\"og:site_name\" content=\"gRoods\" \/>\n<meta property=\"article:modified_time\" content=\"2025-11-19T21:34:28+00:00\" \/>\n<meta property=\"og:image\" content=\"https:\/\/www.groods.de\/wp-content\/uploads\/2021\/01\/YJ-Zhilong-M-Mini-4x45-1.jpeg\" \/>\n\t<meta property=\"og:image:width\" content=\"1000\" \/>\n\t<meta property=\"og:image:height\" content=\"1000\" \/>\n\t<meta property=\"og:image:type\" content=\"image\/jpeg\" \/>\n<meta name=\"twitter:card\" content=\"summary_large_image\" \/>\n<meta name=\"twitter:label1\" content=\"Gesch\u00e4tzte Lesezeit\" \/>\n\t<meta name=\"twitter:data1\" content=\"1\u00a0Minute\" \/>\n<script type=\"application\/ld+json\" class=\"yoast-schema-graph\">{\"@context\":\"https:\/\/schema.org\",\"@graph\":[{\"@type\":\"WebPage\",\"@id\":\"https:\/\/www.groods.de\/index.php\/produkt\/yj-zhilong-mini-4x4-m-magnetisch-stickerless\/\",\"url\":\"https:\/\/www.groods.de\/index.php\/produkt\/yj-zhilong-mini-4x4-m-magnetisch-stickerless\/\",\"name\":\"YJ ZhiLong Mini 4x4 M (magnetisch) - stickerless - gRoods\",\"isPartOf\":{\"@id\":\"https:\/\/www.groods.de\/#website\"},\"primaryImageOfPage\":{\"@id\":\"https:\/\/www.groods.de\/index.php\/produkt\/yj-zhilong-mini-4x4-m-magnetisch-stickerless\/#primaryimage\"},\"image\":{\"@id\":\"https:\/\/www.groods.de\/index.php\/produkt\/yj-zhilong-mini-4x4-m-magnetisch-stickerless\/#primaryimage\"},\"thumbnailUrl\":\"https:\/\/www.groods.de\/wp-content\/uploads\/2021\/01\/YJ-Zhilong-M-Mini-4x45-1.jpeg\",\"datePublished\":\"2021-01-13T22:53:53+00:00\",\"dateModified\":\"2025-11-19T21:34:28+00:00\",\"breadcrumb\":{\"@id\":\"https:\/\/www.groods.de\/index.php\/produkt\/yj-zhilong-mini-4x4-m-magnetisch-stickerless\/#breadcrumb\"},\"inLanguage\":\"de\",\"potentialAction\":[{\"@type\":\"ReadAction\",\"target\":[\"https:\/\/www.groods.de\/index.php\/produkt\/yj-zhilong-mini-4x4-m-magnetisch-stickerless\/\"]}]},{\"@type\":\"ImageObject\",\"inLanguage\":\"de\",\"@id\":\"https:\/\/www.groods.de\/index.php\/produkt\/yj-zhilong-mini-4x4-m-magnetisch-stickerless\/#primaryimage\",\"url\":\"https:\/\/www.groods.de\/wp-content\/uploads\/2021\/01\/YJ-Zhilong-M-Mini-4x45-1.jpeg\",\"contentUrl\":\"https:\/\/www.groods.de\/wp-content\/uploads\/2021\/01\/YJ-Zhilong-M-Mini-4x45-1.jpeg\",\"width\":1000,\"height\":1000},{\"@type\":\"BreadcrumbList\",\"@id\":\"https:\/\/www.groods.de\/index.php\/produkt\/yj-zhilong-mini-4x4-m-magnetisch-stickerless\/#breadcrumb\",\"itemListElement\":[{\"@type\":\"ListItem\",\"position\":1,\"name\":\"Startseite\",\"item\":\"https:\/\/www.groods.de\/\"},{\"@type\":\"ListItem\",\"position\":2,\"name\":\"Shop\",\"item\":\"https:\/\/www.groods.de\/index.php\/shop\/\"},{\"@type\":\"ListItem\",\"position\":3,\"name\":\"YJ ZhiLong Mini 4&#215;4 M (magnetisch) &#8211; stickerless\"}]},{\"@type\":\"WebSite\",\"@id\":\"https:\/\/www.groods.de\/#website\",\"url\":\"https:\/\/www.groods.de\/\",\"name\":\"gRoods.de\",\"description\":\"Entdecke die Welt der Speedcubes\",\"publisher\":{\"@id\":\"https:\/\/www.groods.de\/#organization\"},\"potentialAction\":[{\"@type\":\"SearchAction\",\"target\":{\"@type\":\"EntryPoint\",\"urlTemplate\":\"https:\/\/www.groods.de\/?s={search_term_string}\"},\"query-input\":{\"@type\":\"PropertyValueSpecification\",\"valueRequired\":true,\"valueName\":\"search_term_string\"}}],\"inLanguage\":\"de\"},{\"@type\":\"Organization\",\"@id\":\"https:\/\/www.groods.de\/#organization\",\"name\":\"gRoods.de\",\"url\":\"https:\/\/www.groods.de\/\",\"logo\":{\"@type\":\"ImageObject\",\"inLanguage\":\"de\",\"@id\":\"https:\/\/www.groods.de\/#\/schema\/logo\/image\/\",\"url\":\"https:\/\/www.groods.de\/wp-content\/uploads\/2018\/08\/logo.png\",\"contentUrl\":\"https:\/\/www.groods.de\/wp-content\/uploads\/2018\/08\/logo.png\",\"width\":1077,\"height\":373,\"caption\":\"gRoods.de\"},\"image\":{\"@id\":\"https:\/\/www.groods.de\/#\/schema\/logo\/image\/\"}}]}<\/script>\n<!-- \/ Yoast SEO plugin. -->","yoast_head_json":{"title":"YJ ZhiLong Mini 4x4 M (magnetisch) - stickerless - gRoods","robots":{"index":"index","follow":"follow","max-snippet":"max-snippet:-1","max-image-preview":"max-image-preview:large","max-video-preview":"max-video-preview:-1"},"canonical":"https:\/\/www.groods.de\/index.php\/produkt\/yj-zhilong-mini-4x4-m-magnetisch-stickerless\/","og_locale":"de_DE","og_type":"article","og_title":"YJ ZhiLong Mini 4x4 M (magnetisch) - stickerless - gRoods","og_description":"YJ ZhiLong Mini 4&#215;4 M (magnetisch) YJs neues Meisterwerk ist da! Der ZhiLong 4&#215;4 M mini verf\u00fcgt \u00fcber den neuesten Mechanismus und eine au\u00dfergew\u00f6hnliche Gesamtleistung. Dieser Mini 4&#215;4 hat eine Gr\u00f6\u00dfe von 56 mm und ist buchst\u00e4blich kleiner als ein normaler 4&#215;4. 61 mm, das ein einzigartiges Handgef\u00fchl bietet und perfekt f\u00fcr Cubers mit kleinen [&hellip;]","og_url":"https:\/\/www.groods.de\/index.php\/produkt\/yj-zhilong-mini-4x4-m-magnetisch-stickerless\/","og_site_name":"gRoods","article_modified_time":"2025-11-19T21:34:28+00:00","og_image":[{"width":1000,"height":1000,"url":"https:\/\/www.groods.de\/wp-content\/uploads\/2021\/01\/YJ-Zhilong-M-Mini-4x45-1.jpeg","type":"image\/jpeg"}],"twitter_card":"summary_large_image","twitter_misc":{"Gesch\u00e4tzte Lesezeit":"1\u00a0Minute"},"schema":{"@context":"https:\/\/schema.org","@graph":[{"@type":"WebPage","@id":"https:\/\/www.groods.de\/index.php\/produkt\/yj-zhilong-mini-4x4-m-magnetisch-stickerless\/","url":"https:\/\/www.groods.de\/index.php\/produkt\/yj-zhilong-mini-4x4-m-magnetisch-stickerless\/","name":"YJ ZhiLong Mini 4x4 M (magnetisch) - stickerless - gRoods","isPartOf":{"@id":"https:\/\/www.groods.de\/#website"},"primaryImageOfPage":{"@id":"https:\/\/www.groods.de\/index.php\/produkt\/yj-zhilong-mini-4x4-m-magnetisch-stickerless\/#primaryimage"},"image":{"@id":"https:\/\/www.groods.de\/index.php\/produkt\/yj-zhilong-mini-4x4-m-magnetisch-stickerless\/#primaryimage"},"thumbnailUrl":"https:\/\/www.groods.de\/wp-content\/uploads\/2021\/01\/YJ-Zhilong-M-Mini-4x45-1.jpeg","datePublished":"2021-01-13T22:53:53+00:00","dateModified":"2025-11-19T21:34:28+00:00","breadcrumb":{"@id":"https:\/\/www.groods.de\/index.php\/produkt\/yj-zhilong-mini-4x4-m-magnetisch-stickerless\/#breadcrumb"},"inLanguage":"de","potentialAction":[{"@type":"ReadAction","target":["https:\/\/www.groods.de\/index.php\/produkt\/yj-zhilong-mini-4x4-m-magnetisch-stickerless\/"]}]},{"@type":"ImageObject","inLanguage":"de","@id":"https:\/\/www.groods.de\/index.php\/produkt\/yj-zhilong-mini-4x4-m-magnetisch-stickerless\/#primaryimage","url":"https:\/\/www.groods.de\/wp-content\/uploads\/2021\/01\/YJ-Zhilong-M-Mini-4x45-1.jpeg","contentUrl":"https:\/\/www.groods.de\/wp-content\/uploads\/2021\/01\/YJ-Zhilong-M-Mini-4x45-1.jpeg","width":1000,"height":1000},{"@type":"BreadcrumbList","@id":"https:\/\/www.groods.de\/index.php\/produkt\/yj-zhilong-mini-4x4-m-magnetisch-stickerless\/#breadcrumb","itemListElement":[{"@type":"ListItem","position":1,"name":"Startseite","item":"https:\/\/www.groods.de\/"},{"@type":"ListItem","position":2,"name":"Shop","item":"https:\/\/www.groods.de\/index.php\/shop\/"},{"@type":"ListItem","position":3,"name":"YJ ZhiLong Mini 4&#215;4 M (magnetisch) &#8211; stickerless"}]},{"@type":"WebSite","@id":"https:\/\/www.groods.de\/#website","url":"https:\/\/www.groods.de\/","name":"gRoods.de","description":"Entdecke die Welt der Speedcubes","publisher":{"@id":"https:\/\/www.groods.de\/#organization"},"potentialAction":[{"@type":"SearchAction","target":{"@type":"EntryPoint","urlTemplate":"https:\/\/www.groods.de\/?s={search_term_string}"},"query-input":{"@type":"PropertyValueSpecification","valueRequired":true,"valueName":"search_term_string"}}],"inLanguage":"de"},{"@type":"Organization","@id":"https:\/\/www.groods.de\/#organization","name":"gRoods.de","url":"https:\/\/www.groods.de\/","logo":{"@type":"ImageObject","inLanguage":"de","@id":"https:\/\/www.groods.de\/#\/schema\/logo\/image\/","url":"https:\/\/www.groods.de\/wp-content\/uploads\/2018\/08\/logo.png","contentUrl":"https:\/\/www.groods.de\/wp-content\/uploads\/2018\/08\/logo.png","width":1077,"height":373,"caption":"gRoods.de"},"image":{"@id":"https:\/\/www.groods.de\/#\/schema\/logo\/image\/"}}]}},"_links":{"self":[{"href":"https:\/\/www.groods.de\/index.php\/wp-json\/wp\/v2\/product\/7412","targetHints":{"allow":["GET"]}}],"collection":[{"href":"https:\/\/www.groods.de\/index.php\/wp-json\/wp\/v2\/product"}],"about":[{"href":"https:\/\/www.groods.de\/index.php\/wp-json\/wp\/v2\/types\/product"}],"replies":[{"embeddable":true,"href":"https:\/\/www.groods.de\/index.php\/wp-json\/wp\/v2\/comments?post=7412"}],"wp:featuredmedia":[{"embeddable":true,"href":"https:\/\/www.groods.de\/index.php\/wp-json\/wp\/v2\/media\/7506"}],"wp:attachment":[{"href":"https:\/\/www.groods.de\/index.php\/wp-json\/wp\/v2\/media?parent=7412"}],"wp:term":[{"taxonomy":"product_brand","embeddable":true,"href":"https:\/\/www.groods.de\/index.php\/wp-json\/wp\/v2\/product_brand?post=7412"},{"taxonomy":"product_cat","embeddable":true,"href":"https:\/\/www.groods.de\/index.php\/wp-json\/wp\/v2\/product_cat?post=7412"},{"taxonomy":"product_tag","embeddable":true,"href":"https:\/\/www.groods.de\/index.php\/wp-json\/wp\/v2\/product_tag?post=7412"}],"curies":[{"name":"wp","href":"https:\/\/api.w.org\/{rel}","templated":true}]}}