{"id":7403,"date":"2021-01-13T23:52:11","date_gmt":"2021-01-13T22:52:11","guid":{"rendered":"https:\/\/www.groods.de\/index.php\/produkt\/qiyi-gear-cube-3x3\/"},"modified":"2025-11-19T22:34:37","modified_gmt":"2025-11-19T21:34:37","slug":"qiyi-gear-cube-3x3","status":"publish","type":"product","link":"https:\/\/www.groods.de\/index.php\/produkt\/qiyi-gear-cube-3x3\/","title":{"rendered":"QiYi Gear Cube 3&#215;3"},"content":{"rendered":"<h1>QiYi Gear Cube 3&#215;3<\/h1>\n<p>Qiyi pr\u00e4sentiert uns eine erneuerte und verbesserte Version des Gear Cube 3&#215;3 mit einer einwandfreien Drehung, einem Getriebesystem, das perfekt passt, um Staus zu vermeiden, und mit farbigen Fliesen anstelle von Aufklebern.<\/p>\n<p>Es hat eine kompakte Gr\u00f6\u00dfe von 60 mm x 60 mm x 60 mm.<\/p>\n<p>Das Zahnradsystem unterscheidet sich geringf\u00fcgig von anderen Zahnradw\u00fcrfeln anderer Marken, da seine Kanten aufgrund seiner Form beim Aufl\u00f6sen des W\u00fcrfels in ihrer Position bleiben k\u00f6nnen, aber um 180 Grad gedreht werden k\u00f6nnen &#8230; was ihn noch unterhaltsamer macht.<\/p>\n<p>Dieses Modell ist das Ergebnis der Zusammenarbeit des Designers Rapha\u00ebl Mouflin und der Marke Qiyi.<\/p>\n","protected":false},"excerpt":{"rendered":"<p>QiYi Gear Cube 3&#215;3 Qiyi pr\u00e4sentiert uns eine erneuerte und verbesserte Version des Gear Cube 3&#215;3 mit einer einwandfreien Drehung, einem Getriebesystem, das perfekt passt, um Staus zu vermeiden, und mit farbigen Fliesen anstelle von Aufklebern. Es hat eine kompakte Gr\u00f6\u00dfe von 60 mm x 60 mm x 60 mm. Das Zahnradsystem unterscheidet sich geringf\u00fcgig [&hellip;]<\/p>\n","protected":false},"featured_media":7487,"comment_status":"open","ping_status":"closed","template":"","meta":[],"product_brand":[],"product_cat":[45,49],"product_tag":[],"class_list":{"0":"post-7403","1":"product","2":"type-product","3":"status-publish","4":"has-post-thumbnail","6":"product_cat-andere-formen","7":"product_cat-qi-yi","9":"first","10":"instock","11":"taxable","12":"shipping-taxable","13":"purchasable","14":"product-type-simple"},"yoast_head":"<!-- This site is optimized with the Yoast SEO plugin v26.7 - https:\/\/yoast.com\/wordpress\/plugins\/seo\/ -->\n<title>QiYi Gear Cube 3x3 - gRoods<\/title>\n<meta name=\"robots\" content=\"index, follow, max-snippet:-1, max-image-preview:large, max-video-preview:-1\" \/>\n<link rel=\"canonical\" href=\"https:\/\/www.groods.de\/index.php\/produkt\/qiyi-gear-cube-3x3\/\" \/>\n<meta property=\"og:locale\" content=\"de_DE\" \/>\n<meta property=\"og:type\" content=\"article\" \/>\n<meta property=\"og:title\" content=\"QiYi Gear Cube 3x3 - gRoods\" \/>\n<meta property=\"og:description\" content=\"QiYi Gear Cube 3&#215;3 Qiyi pr\u00e4sentiert uns eine erneuerte und verbesserte Version des Gear Cube 3&#215;3 mit einer einwandfreien Drehung, einem Getriebesystem, das perfekt passt, um Staus zu vermeiden, und mit farbigen Fliesen anstelle von Aufklebern. Es hat eine kompakte Gr\u00f6\u00dfe von 60 mm x 60 mm x 60 mm. Das Zahnradsystem unterscheidet sich geringf\u00fcgig [&hellip;]\" \/>\n<meta property=\"og:url\" content=\"https:\/\/www.groods.de\/index.php\/produkt\/qiyi-gear-cube-3x3\/\" \/>\n<meta property=\"og:site_name\" content=\"gRoods\" \/>\n<meta property=\"article:modified_time\" content=\"2025-11-19T21:34:37+00:00\" \/>\n<meta property=\"og:image\" content=\"https:\/\/www.groods.de\/wp-content\/uploads\/2021\/01\/QiYi-Gear-Cube-3x3-10.jpeg\" \/>\n\t<meta property=\"og:image:width\" content=\"1000\" \/>\n\t<meta property=\"og:image:height\" content=\"1000\" \/>\n\t<meta property=\"og:image:type\" content=\"image\/jpeg\" \/>\n<meta name=\"twitter:card\" content=\"summary_large_image\" \/>\n<meta name=\"twitter:label1\" content=\"Gesch\u00e4tzte Lesezeit\" \/>\n\t<meta name=\"twitter:data1\" content=\"1\u00a0Minute\" \/>\n<script type=\"application\/ld+json\" class=\"yoast-schema-graph\">{\"@context\":\"https:\/\/schema.org\",\"@graph\":[{\"@type\":\"WebPage\",\"@id\":\"https:\/\/www.groods.de\/index.php\/produkt\/qiyi-gear-cube-3x3\/\",\"url\":\"https:\/\/www.groods.de\/index.php\/produkt\/qiyi-gear-cube-3x3\/\",\"name\":\"QiYi Gear Cube 3x3 - gRoods\",\"isPartOf\":{\"@id\":\"https:\/\/www.groods.de\/#website\"},\"primaryImageOfPage\":{\"@id\":\"https:\/\/www.groods.de\/index.php\/produkt\/qiyi-gear-cube-3x3\/#primaryimage\"},\"image\":{\"@id\":\"https:\/\/www.groods.de\/index.php\/produkt\/qiyi-gear-cube-3x3\/#primaryimage\"},\"thumbnailUrl\":\"https:\/\/www.groods.de\/wp-content\/uploads\/2021\/01\/QiYi-Gear-Cube-3x3-10.jpeg\",\"datePublished\":\"2021-01-13T22:52:11+00:00\",\"dateModified\":\"2025-11-19T21:34:37+00:00\",\"breadcrumb\":{\"@id\":\"https:\/\/www.groods.de\/index.php\/produkt\/qiyi-gear-cube-3x3\/#breadcrumb\"},\"inLanguage\":\"de\",\"potentialAction\":[{\"@type\":\"ReadAction\",\"target\":[\"https:\/\/www.groods.de\/index.php\/produkt\/qiyi-gear-cube-3x3\/\"]}]},{\"@type\":\"ImageObject\",\"inLanguage\":\"de\",\"@id\":\"https:\/\/www.groods.de\/index.php\/produkt\/qiyi-gear-cube-3x3\/#primaryimage\",\"url\":\"https:\/\/www.groods.de\/wp-content\/uploads\/2021\/01\/QiYi-Gear-Cube-3x3-10.jpeg\",\"contentUrl\":\"https:\/\/www.groods.de\/wp-content\/uploads\/2021\/01\/QiYi-Gear-Cube-3x3-10.jpeg\",\"width\":1000,\"height\":1000},{\"@type\":\"BreadcrumbList\",\"@id\":\"https:\/\/www.groods.de\/index.php\/produkt\/qiyi-gear-cube-3x3\/#breadcrumb\",\"itemListElement\":[{\"@type\":\"ListItem\",\"position\":1,\"name\":\"Startseite\",\"item\":\"https:\/\/www.groods.de\/\"},{\"@type\":\"ListItem\",\"position\":2,\"name\":\"Shop\",\"item\":\"https:\/\/www.groods.de\/index.php\/shop\/\"},{\"@type\":\"ListItem\",\"position\":3,\"name\":\"QiYi Gear Cube 3&#215;3\"}]},{\"@type\":\"WebSite\",\"@id\":\"https:\/\/www.groods.de\/#website\",\"url\":\"https:\/\/www.groods.de\/\",\"name\":\"gRoods.de\",\"description\":\"Entdecke die Welt der Speedcubes\",\"publisher\":{\"@id\":\"https:\/\/www.groods.de\/#organization\"},\"potentialAction\":[{\"@type\":\"SearchAction\",\"target\":{\"@type\":\"EntryPoint\",\"urlTemplate\":\"https:\/\/www.groods.de\/?s={search_term_string}\"},\"query-input\":{\"@type\":\"PropertyValueSpecification\",\"valueRequired\":true,\"valueName\":\"search_term_string\"}}],\"inLanguage\":\"de\"},{\"@type\":\"Organization\",\"@id\":\"https:\/\/www.groods.de\/#organization\",\"name\":\"gRoods.de\",\"url\":\"https:\/\/www.groods.de\/\",\"logo\":{\"@type\":\"ImageObject\",\"inLanguage\":\"de\",\"@id\":\"https:\/\/www.groods.de\/#\/schema\/logo\/image\/\",\"url\":\"https:\/\/www.groods.de\/wp-content\/uploads\/2018\/08\/logo.png\",\"contentUrl\":\"https:\/\/www.groods.de\/wp-content\/uploads\/2018\/08\/logo.png\",\"width\":1077,\"height\":373,\"caption\":\"gRoods.de\"},\"image\":{\"@id\":\"https:\/\/www.groods.de\/#\/schema\/logo\/image\/\"}}]}<\/script>\n<!-- \/ Yoast SEO plugin. -->","yoast_head_json":{"title":"QiYi Gear Cube 3x3 - gRoods","robots":{"index":"index","follow":"follow","max-snippet":"max-snippet:-1","max-image-preview":"max-image-preview:large","max-video-preview":"max-video-preview:-1"},"canonical":"https:\/\/www.groods.de\/index.php\/produkt\/qiyi-gear-cube-3x3\/","og_locale":"de_DE","og_type":"article","og_title":"QiYi Gear Cube 3x3 - gRoods","og_description":"QiYi Gear Cube 3&#215;3 Qiyi pr\u00e4sentiert uns eine erneuerte und verbesserte Version des Gear Cube 3&#215;3 mit einer einwandfreien Drehung, einem Getriebesystem, das perfekt passt, um Staus zu vermeiden, und mit farbigen Fliesen anstelle von Aufklebern. Es hat eine kompakte Gr\u00f6\u00dfe von 60 mm x 60 mm x 60 mm. Das Zahnradsystem unterscheidet sich geringf\u00fcgig [&hellip;]","og_url":"https:\/\/www.groods.de\/index.php\/produkt\/qiyi-gear-cube-3x3\/","og_site_name":"gRoods","article_modified_time":"2025-11-19T21:34:37+00:00","og_image":[{"width":1000,"height":1000,"url":"https:\/\/www.groods.de\/wp-content\/uploads\/2021\/01\/QiYi-Gear-Cube-3x3-10.jpeg","type":"image\/jpeg"}],"twitter_card":"summary_large_image","twitter_misc":{"Gesch\u00e4tzte Lesezeit":"1\u00a0Minute"},"schema":{"@context":"https:\/\/schema.org","@graph":[{"@type":"WebPage","@id":"https:\/\/www.groods.de\/index.php\/produkt\/qiyi-gear-cube-3x3\/","url":"https:\/\/www.groods.de\/index.php\/produkt\/qiyi-gear-cube-3x3\/","name":"QiYi Gear Cube 3x3 - gRoods","isPartOf":{"@id":"https:\/\/www.groods.de\/#website"},"primaryImageOfPage":{"@id":"https:\/\/www.groods.de\/index.php\/produkt\/qiyi-gear-cube-3x3\/#primaryimage"},"image":{"@id":"https:\/\/www.groods.de\/index.php\/produkt\/qiyi-gear-cube-3x3\/#primaryimage"},"thumbnailUrl":"https:\/\/www.groods.de\/wp-content\/uploads\/2021\/01\/QiYi-Gear-Cube-3x3-10.jpeg","datePublished":"2021-01-13T22:52:11+00:00","dateModified":"2025-11-19T21:34:37+00:00","breadcrumb":{"@id":"https:\/\/www.groods.de\/index.php\/produkt\/qiyi-gear-cube-3x3\/#breadcrumb"},"inLanguage":"de","potentialAction":[{"@type":"ReadAction","target":["https:\/\/www.groods.de\/index.php\/produkt\/qiyi-gear-cube-3x3\/"]}]},{"@type":"ImageObject","inLanguage":"de","@id":"https:\/\/www.groods.de\/index.php\/produkt\/qiyi-gear-cube-3x3\/#primaryimage","url":"https:\/\/www.groods.de\/wp-content\/uploads\/2021\/01\/QiYi-Gear-Cube-3x3-10.jpeg","contentUrl":"https:\/\/www.groods.de\/wp-content\/uploads\/2021\/01\/QiYi-Gear-Cube-3x3-10.jpeg","width":1000,"height":1000},{"@type":"BreadcrumbList","@id":"https:\/\/www.groods.de\/index.php\/produkt\/qiyi-gear-cube-3x3\/#breadcrumb","itemListElement":[{"@type":"ListItem","position":1,"name":"Startseite","item":"https:\/\/www.groods.de\/"},{"@type":"ListItem","position":2,"name":"Shop","item":"https:\/\/www.groods.de\/index.php\/shop\/"},{"@type":"ListItem","position":3,"name":"QiYi Gear Cube 3&#215;3"}]},{"@type":"WebSite","@id":"https:\/\/www.groods.de\/#website","url":"https:\/\/www.groods.de\/","name":"gRoods.de","description":"Entdecke die Welt der Speedcubes","publisher":{"@id":"https:\/\/www.groods.de\/#organization"},"potentialAction":[{"@type":"SearchAction","target":{"@type":"EntryPoint","urlTemplate":"https:\/\/www.groods.de\/?s={search_term_string}"},"query-input":{"@type":"PropertyValueSpecification","valueRequired":true,"valueName":"search_term_string"}}],"inLanguage":"de"},{"@type":"Organization","@id":"https:\/\/www.groods.de\/#organization","name":"gRoods.de","url":"https:\/\/www.groods.de\/","logo":{"@type":"ImageObject","inLanguage":"de","@id":"https:\/\/www.groods.de\/#\/schema\/logo\/image\/","url":"https:\/\/www.groods.de\/wp-content\/uploads\/2018\/08\/logo.png","contentUrl":"https:\/\/www.groods.de\/wp-content\/uploads\/2018\/08\/logo.png","width":1077,"height":373,"caption":"gRoods.de"},"image":{"@id":"https:\/\/www.groods.de\/#\/schema\/logo\/image\/"}}]}},"_links":{"self":[{"href":"https:\/\/www.groods.de\/index.php\/wp-json\/wp\/v2\/product\/7403","targetHints":{"allow":["GET"]}}],"collection":[{"href":"https:\/\/www.groods.de\/index.php\/wp-json\/wp\/v2\/product"}],"about":[{"href":"https:\/\/www.groods.de\/index.php\/wp-json\/wp\/v2\/types\/product"}],"replies":[{"embeddable":true,"href":"https:\/\/www.groods.de\/index.php\/wp-json\/wp\/v2\/comments?post=7403"}],"wp:featuredmedia":[{"embeddable":true,"href":"https:\/\/www.groods.de\/index.php\/wp-json\/wp\/v2\/media\/7487"}],"wp:attachment":[{"href":"https:\/\/www.groods.de\/index.php\/wp-json\/wp\/v2\/media?parent=7403"}],"wp:term":[{"taxonomy":"product_brand","embeddable":true,"href":"https:\/\/www.groods.de\/index.php\/wp-json\/wp\/v2\/product_brand?post=7403"},{"taxonomy":"product_cat","embeddable":true,"href":"https:\/\/www.groods.de\/index.php\/wp-json\/wp\/v2\/product_cat?post=7403"},{"taxonomy":"product_tag","embeddable":true,"href":"https:\/\/www.groods.de\/index.php\/wp-json\/wp\/v2\/product_tag?post=7403"}],"curies":[{"name":"wp","href":"https:\/\/api.w.org\/{rel}","templated":true}]}}