{"id":7381,"date":"2021-01-13T23:50:15","date_gmt":"2021-01-13T22:50:15","guid":{"rendered":"https:\/\/www.groods.de\/index.php\/produkt\/moyu-cubingclassroom-rs2m-2x2-2020\/"},"modified":"2025-11-19T22:34:18","modified_gmt":"2025-11-19T21:34:18","slug":"moyu-cubingclassroom-rs2m-2x2-2020","status":"publish","type":"product","link":"https:\/\/www.groods.de\/index.php\/produkt\/moyu-cubingclassroom-rs2m-2x2-2020\/","title":{"rendered":"MoYu CubingClassroom RS2M 2&#215;2 2020"},"content":{"rendered":"<h1>MoYu CubingClassroom RS2M\u00a02&#215;2 Magnetic\u00a02020<\/h1>\n<p>Eine der aufregendsten Ver\u00f6ffentlichungen des Jahres, der MoYu RS2\u00a0M 2020, ist ein g\u00fcnstiger magnetischer 4&#215;4-Speedcube der bekannten W\u00fcrfelmarke MoYu. Erstaunlicherweise wird der RS2\u00a0M 2020 zu einem der beliebtesten W\u00fcrfel auf dem Markt und ersetzt das teurere Netz vieler Profi-Speedcubers. Diese neue Version des RS2\u00a0M verf\u00fcgt \u00fcber eine Mechanismus\u00fcberarbeitung, ein neues Farbschema, werkseitig installierte Magnete und das klassische Doppeleinstellsystem von MoYu.<\/p>\n<p>Magnetische Version zu einem absoluten TOP Preis! Hier setzt MoYu Ma\u00dfst\u00e4be in Sachen Preis Leistung!<\/p>\n<p>Der MoYu RS2M ist Moyus neuer Hochleistungs-Speedcube der noch mehr Features aus dem Premium Segment \u00fcbernommen hat und somit den Meilong 2M in Sachen Leistung ung Geschwindigkeit \u00fcbertrumpft.<\/p>\n<p>Mit 50\u00a0mm Kantenl\u00e4nge eignet sich der Meilong sowohl als Einhand- als auch Zweihand-W\u00fcrfel und f\u00fchlt sich sehr professionell an. Der Cube bietet out of the\u00a0box sehr gutes Cornercuttung mit weit \u00fcber 45 Grad (Industriestandard f\u00fcr Speedcubes). Er verf\u00fcgt \u00fcber Technologie und Funktionen, die normalerweise nur in Premium-W\u00fcrfeln zu finden sind (z. B. Round Corners und Big Hole Design), und bietet ein gro\u00dfartiges L\u00f6sungserlebnis. Die Stabilit\u00e4t und das Drehgef\u00fchl sind nahezu perfekt. Egal, ob Sie ein l\u00e4ssiger Speedcuber mit kleinem Budget sind oder ein Profi, der einen tollen Speedcube sucht, der Meilong wird Sie gut unterst\u00fctzen!<\/p>\n<h3>Fazit:<\/h3>\n<p>Mit einem leichten Design, fortschrittlichen Designmerkmalen und einem mattierten \u00c4u\u00dferen f\u00fchlt sich der Meilong \u00e4hnlich wie ein High-End-2&#215;2\u00a0zu einem Bruchteil des Preises an.<\/p>\n<p><strong>Eigenschaften<\/strong>:<\/p>\n<ul>\n<li>neu und Originalverpackt<\/li>\n<li>hohe Qualit\u00e4t<\/li>\n<li>aus hochwertigem ABS Material, das umweltfreundlich, ungiftig und langlebig ist<\/li>\n<li>stickerless Design<\/li>\n<li>geschmeidige Rotation und komfortables Spielgef\u00fchl<\/li>\n<li>ausgezeichnete Fehlertoleranz f\u00fcr besonders schnelle Zeiten<\/li>\n<li>geeignet f\u00fcr Speedcube Wettbewerbe<\/li>\n<\/ul>\n<p><strong>Spezifikationen<\/strong>:<\/p>\n<ul>\n<li>Farbe: stickerless<\/li>\n<li>Material: Kunststoff (ABS)<\/li>\n<li>Produkt Abmessungen: 50\u00a0x 50\u00a0x 50\u00a0mm<\/li>\n<li>Gewicht: 115g<\/li>\n<\/ul>\n","protected":false},"excerpt":{"rendered":"<p>MoYu CubingClassroom RS2M\u00a02&#215;2 Magnetic\u00a02020 Eine der aufregendsten Ver\u00f6ffentlichungen des Jahres, der MoYu RS2\u00a0M 2020, ist ein g\u00fcnstiger magnetischer 4&#215;4-Speedcube der bekannten W\u00fcrfelmarke MoYu. Erstaunlicherweise wird der RS2\u00a0M 2020 zu einem der beliebtesten W\u00fcrfel auf dem Markt und ersetzt das teurere Netz vieler Profi-Speedcubers. Diese neue Version des RS2\u00a0M verf\u00fcgt \u00fcber eine Mechanismus\u00fcberarbeitung, ein neues Farbschema, [&hellip;]<\/p>\n","protected":false},"featured_media":7459,"comment_status":"open","ping_status":"closed","template":"","meta":[],"product_brand":[],"product_cat":[52,40,38],"product_tag":[],"class_list":{"0":"post-7381","1":"product","2":"type-product","3":"status-publish","4":"has-post-thumbnail","6":"product_cat-2x2","7":"product_cat-magnetische-zauberwuerfel","8":"product_cat-moyu","10":"first","11":"instock","12":"taxable","13":"shipping-taxable","14":"purchasable","15":"product-type-simple"},"yoast_head":"<!-- This site is optimized with the Yoast SEO plugin v26.7 - https:\/\/yoast.com\/wordpress\/plugins\/seo\/ -->\n<title>MoYu CubingClassroom RS2M 2x2 2020 - gRoods<\/title>\n<meta name=\"robots\" content=\"index, follow, max-snippet:-1, max-image-preview:large, max-video-preview:-1\" \/>\n<link rel=\"canonical\" href=\"https:\/\/www.groods.de\/index.php\/produkt\/moyu-cubingclassroom-rs2m-2x2-2020\/\" \/>\n<meta property=\"og:locale\" content=\"de_DE\" \/>\n<meta property=\"og:type\" content=\"article\" \/>\n<meta property=\"og:title\" content=\"MoYu CubingClassroom RS2M 2x2 2020 - gRoods\" \/>\n<meta property=\"og:description\" content=\"MoYu CubingClassroom RS2M\u00a02&#215;2 Magnetic\u00a02020 Eine der aufregendsten Ver\u00f6ffentlichungen des Jahres, der MoYu RS2\u00a0M 2020, ist ein g\u00fcnstiger magnetischer 4&#215;4-Speedcube der bekannten W\u00fcrfelmarke MoYu. Erstaunlicherweise wird der RS2\u00a0M 2020 zu einem der beliebtesten W\u00fcrfel auf dem Markt und ersetzt das teurere Netz vieler Profi-Speedcubers. Diese neue Version des RS2\u00a0M verf\u00fcgt \u00fcber eine Mechanismus\u00fcberarbeitung, ein neues Farbschema, [&hellip;]\" \/>\n<meta property=\"og:url\" content=\"https:\/\/www.groods.de\/index.php\/produkt\/moyu-cubingclassroom-rs2m-2x2-2020\/\" \/>\n<meta property=\"og:site_name\" content=\"gRoods\" \/>\n<meta property=\"article:modified_time\" content=\"2025-11-19T21:34:18+00:00\" \/>\n<meta property=\"og:image\" content=\"https:\/\/www.groods.de\/wp-content\/uploads\/2021\/01\/Cubing-Classroom-RS2-M-1.jpg\" \/>\n\t<meta property=\"og:image:width\" content=\"800\" \/>\n\t<meta property=\"og:image:height\" content=\"800\" \/>\n\t<meta property=\"og:image:type\" content=\"image\/jpeg\" \/>\n<meta name=\"twitter:card\" content=\"summary_large_image\" \/>\n<meta name=\"twitter:label1\" content=\"Gesch\u00e4tzte Lesezeit\" \/>\n\t<meta name=\"twitter:data1\" content=\"2\u00a0Minuten\" \/>\n<script type=\"application\/ld+json\" class=\"yoast-schema-graph\">{\"@context\":\"https:\/\/schema.org\",\"@graph\":[{\"@type\":\"WebPage\",\"@id\":\"https:\/\/www.groods.de\/index.php\/produkt\/moyu-cubingclassroom-rs2m-2x2-2020\/\",\"url\":\"https:\/\/www.groods.de\/index.php\/produkt\/moyu-cubingclassroom-rs2m-2x2-2020\/\",\"name\":\"MoYu CubingClassroom RS2M 2x2 2020 - gRoods\",\"isPartOf\":{\"@id\":\"https:\/\/www.groods.de\/#website\"},\"primaryImageOfPage\":{\"@id\":\"https:\/\/www.groods.de\/index.php\/produkt\/moyu-cubingclassroom-rs2m-2x2-2020\/#primaryimage\"},\"image\":{\"@id\":\"https:\/\/www.groods.de\/index.php\/produkt\/moyu-cubingclassroom-rs2m-2x2-2020\/#primaryimage\"},\"thumbnailUrl\":\"https:\/\/www.groods.de\/wp-content\/uploads\/2021\/01\/Cubing-Classroom-RS2-M-1.jpg\",\"datePublished\":\"2021-01-13T22:50:15+00:00\",\"dateModified\":\"2025-11-19T21:34:18+00:00\",\"breadcrumb\":{\"@id\":\"https:\/\/www.groods.de\/index.php\/produkt\/moyu-cubingclassroom-rs2m-2x2-2020\/#breadcrumb\"},\"inLanguage\":\"de\",\"potentialAction\":[{\"@type\":\"ReadAction\",\"target\":[\"https:\/\/www.groods.de\/index.php\/produkt\/moyu-cubingclassroom-rs2m-2x2-2020\/\"]}]},{\"@type\":\"ImageObject\",\"inLanguage\":\"de\",\"@id\":\"https:\/\/www.groods.de\/index.php\/produkt\/moyu-cubingclassroom-rs2m-2x2-2020\/#primaryimage\",\"url\":\"https:\/\/www.groods.de\/wp-content\/uploads\/2021\/01\/Cubing-Classroom-RS2-M-1.jpg\",\"contentUrl\":\"https:\/\/www.groods.de\/wp-content\/uploads\/2021\/01\/Cubing-Classroom-RS2-M-1.jpg\",\"width\":800,\"height\":800},{\"@type\":\"BreadcrumbList\",\"@id\":\"https:\/\/www.groods.de\/index.php\/produkt\/moyu-cubingclassroom-rs2m-2x2-2020\/#breadcrumb\",\"itemListElement\":[{\"@type\":\"ListItem\",\"position\":1,\"name\":\"Startseite\",\"item\":\"https:\/\/www.groods.de\/\"},{\"@type\":\"ListItem\",\"position\":2,\"name\":\"Shop\",\"item\":\"https:\/\/www.groods.de\/index.php\/shop\/\"},{\"@type\":\"ListItem\",\"position\":3,\"name\":\"MoYu CubingClassroom RS2M 2&#215;2 2020\"}]},{\"@type\":\"WebSite\",\"@id\":\"https:\/\/www.groods.de\/#website\",\"url\":\"https:\/\/www.groods.de\/\",\"name\":\"gRoods.de\",\"description\":\"Entdecke die Welt der Speedcubes\",\"publisher\":{\"@id\":\"https:\/\/www.groods.de\/#organization\"},\"potentialAction\":[{\"@type\":\"SearchAction\",\"target\":{\"@type\":\"EntryPoint\",\"urlTemplate\":\"https:\/\/www.groods.de\/?s={search_term_string}\"},\"query-input\":{\"@type\":\"PropertyValueSpecification\",\"valueRequired\":true,\"valueName\":\"search_term_string\"}}],\"inLanguage\":\"de\"},{\"@type\":\"Organization\",\"@id\":\"https:\/\/www.groods.de\/#organization\",\"name\":\"gRoods.de\",\"url\":\"https:\/\/www.groods.de\/\",\"logo\":{\"@type\":\"ImageObject\",\"inLanguage\":\"de\",\"@id\":\"https:\/\/www.groods.de\/#\/schema\/logo\/image\/\",\"url\":\"https:\/\/www.groods.de\/wp-content\/uploads\/2018\/08\/logo.png\",\"contentUrl\":\"https:\/\/www.groods.de\/wp-content\/uploads\/2018\/08\/logo.png\",\"width\":1077,\"height\":373,\"caption\":\"gRoods.de\"},\"image\":{\"@id\":\"https:\/\/www.groods.de\/#\/schema\/logo\/image\/\"}}]}<\/script>\n<!-- \/ Yoast SEO plugin. -->","yoast_head_json":{"title":"MoYu CubingClassroom RS2M 2x2 2020 - gRoods","robots":{"index":"index","follow":"follow","max-snippet":"max-snippet:-1","max-image-preview":"max-image-preview:large","max-video-preview":"max-video-preview:-1"},"canonical":"https:\/\/www.groods.de\/index.php\/produkt\/moyu-cubingclassroom-rs2m-2x2-2020\/","og_locale":"de_DE","og_type":"article","og_title":"MoYu CubingClassroom RS2M 2x2 2020 - gRoods","og_description":"MoYu CubingClassroom RS2M\u00a02&#215;2 Magnetic\u00a02020 Eine der aufregendsten Ver\u00f6ffentlichungen des Jahres, der MoYu RS2\u00a0M 2020, ist ein g\u00fcnstiger magnetischer 4&#215;4-Speedcube der bekannten W\u00fcrfelmarke MoYu. Erstaunlicherweise wird der RS2\u00a0M 2020 zu einem der beliebtesten W\u00fcrfel auf dem Markt und ersetzt das teurere Netz vieler Profi-Speedcubers. Diese neue Version des RS2\u00a0M verf\u00fcgt \u00fcber eine Mechanismus\u00fcberarbeitung, ein neues Farbschema, [&hellip;]","og_url":"https:\/\/www.groods.de\/index.php\/produkt\/moyu-cubingclassroom-rs2m-2x2-2020\/","og_site_name":"gRoods","article_modified_time":"2025-11-19T21:34:18+00:00","og_image":[{"width":800,"height":800,"url":"https:\/\/www.groods.de\/wp-content\/uploads\/2021\/01\/Cubing-Classroom-RS2-M-1.jpg","type":"image\/jpeg"}],"twitter_card":"summary_large_image","twitter_misc":{"Gesch\u00e4tzte Lesezeit":"2\u00a0Minuten"},"schema":{"@context":"https:\/\/schema.org","@graph":[{"@type":"WebPage","@id":"https:\/\/www.groods.de\/index.php\/produkt\/moyu-cubingclassroom-rs2m-2x2-2020\/","url":"https:\/\/www.groods.de\/index.php\/produkt\/moyu-cubingclassroom-rs2m-2x2-2020\/","name":"MoYu CubingClassroom RS2M 2x2 2020 - gRoods","isPartOf":{"@id":"https:\/\/www.groods.de\/#website"},"primaryImageOfPage":{"@id":"https:\/\/www.groods.de\/index.php\/produkt\/moyu-cubingclassroom-rs2m-2x2-2020\/#primaryimage"},"image":{"@id":"https:\/\/www.groods.de\/index.php\/produkt\/moyu-cubingclassroom-rs2m-2x2-2020\/#primaryimage"},"thumbnailUrl":"https:\/\/www.groods.de\/wp-content\/uploads\/2021\/01\/Cubing-Classroom-RS2-M-1.jpg","datePublished":"2021-01-13T22:50:15+00:00","dateModified":"2025-11-19T21:34:18+00:00","breadcrumb":{"@id":"https:\/\/www.groods.de\/index.php\/produkt\/moyu-cubingclassroom-rs2m-2x2-2020\/#breadcrumb"},"inLanguage":"de","potentialAction":[{"@type":"ReadAction","target":["https:\/\/www.groods.de\/index.php\/produkt\/moyu-cubingclassroom-rs2m-2x2-2020\/"]}]},{"@type":"ImageObject","inLanguage":"de","@id":"https:\/\/www.groods.de\/index.php\/produkt\/moyu-cubingclassroom-rs2m-2x2-2020\/#primaryimage","url":"https:\/\/www.groods.de\/wp-content\/uploads\/2021\/01\/Cubing-Classroom-RS2-M-1.jpg","contentUrl":"https:\/\/www.groods.de\/wp-content\/uploads\/2021\/01\/Cubing-Classroom-RS2-M-1.jpg","width":800,"height":800},{"@type":"BreadcrumbList","@id":"https:\/\/www.groods.de\/index.php\/produkt\/moyu-cubingclassroom-rs2m-2x2-2020\/#breadcrumb","itemListElement":[{"@type":"ListItem","position":1,"name":"Startseite","item":"https:\/\/www.groods.de\/"},{"@type":"ListItem","position":2,"name":"Shop","item":"https:\/\/www.groods.de\/index.php\/shop\/"},{"@type":"ListItem","position":3,"name":"MoYu CubingClassroom RS2M 2&#215;2 2020"}]},{"@type":"WebSite","@id":"https:\/\/www.groods.de\/#website","url":"https:\/\/www.groods.de\/","name":"gRoods.de","description":"Entdecke die Welt der Speedcubes","publisher":{"@id":"https:\/\/www.groods.de\/#organization"},"potentialAction":[{"@type":"SearchAction","target":{"@type":"EntryPoint","urlTemplate":"https:\/\/www.groods.de\/?s={search_term_string}"},"query-input":{"@type":"PropertyValueSpecification","valueRequired":true,"valueName":"search_term_string"}}],"inLanguage":"de"},{"@type":"Organization","@id":"https:\/\/www.groods.de\/#organization","name":"gRoods.de","url":"https:\/\/www.groods.de\/","logo":{"@type":"ImageObject","inLanguage":"de","@id":"https:\/\/www.groods.de\/#\/schema\/logo\/image\/","url":"https:\/\/www.groods.de\/wp-content\/uploads\/2018\/08\/logo.png","contentUrl":"https:\/\/www.groods.de\/wp-content\/uploads\/2018\/08\/logo.png","width":1077,"height":373,"caption":"gRoods.de"},"image":{"@id":"https:\/\/www.groods.de\/#\/schema\/logo\/image\/"}}]}},"_links":{"self":[{"href":"https:\/\/www.groods.de\/index.php\/wp-json\/wp\/v2\/product\/7381","targetHints":{"allow":["GET"]}}],"collection":[{"href":"https:\/\/www.groods.de\/index.php\/wp-json\/wp\/v2\/product"}],"about":[{"href":"https:\/\/www.groods.de\/index.php\/wp-json\/wp\/v2\/types\/product"}],"replies":[{"embeddable":true,"href":"https:\/\/www.groods.de\/index.php\/wp-json\/wp\/v2\/comments?post=7381"}],"wp:featuredmedia":[{"embeddable":true,"href":"https:\/\/www.groods.de\/index.php\/wp-json\/wp\/v2\/media\/7459"}],"wp:attachment":[{"href":"https:\/\/www.groods.de\/index.php\/wp-json\/wp\/v2\/media?parent=7381"}],"wp:term":[{"taxonomy":"product_brand","embeddable":true,"href":"https:\/\/www.groods.de\/index.php\/wp-json\/wp\/v2\/product_brand?post=7381"},{"taxonomy":"product_cat","embeddable":true,"href":"https:\/\/www.groods.de\/index.php\/wp-json\/wp\/v2\/product_cat?post=7381"},{"taxonomy":"product_tag","embeddable":true,"href":"https:\/\/www.groods.de\/index.php\/wp-json\/wp\/v2\/product_tag?post=7381"}],"curies":[{"name":"wp","href":"https:\/\/api.w.org\/{rel}","templated":true}]}}