{"id":7379,"date":"2021-01-13T23:49:19","date_gmt":"2021-01-13T22:49:19","guid":{"rendered":"https:\/\/www.groods.de\/index.php\/produkt\/moyu-meilong-puppet-two\/"},"modified":"2025-11-19T22:34:10","modified_gmt":"2025-11-19T21:34:10","slug":"moyu-meilong-puppet-two","status":"publish","type":"product","link":"https:\/\/www.groods.de\/index.php\/produkt\/moyu-meilong-puppet-two\/","title":{"rendered":"Moyu Meilong Puppet Two"},"content":{"rendered":"<h1>Moyu Meilong Puppet One<\/h1>\n<p>Der MoYu Puppet Cube II sieht aus einigen Blickwinkeln wie ein 2&#215;2 aus, aber schauen Sie weiter und Sie werden eine \u00dcberraschung finden! Dieser W\u00fcrfel hat zus\u00e4tzliche Teile, die es ihm erm\u00f6glichen, sich auf verr\u00fcckte und unerwartete Weise zu bewegen. Achtung! Nur ein paar Z\u00fcge und Sie k\u00f6nnten v\u00f6llig verloren sein.<\/p>\n<p>Moyu ver\u00f6ffentlicht im Oktober 2020 einen neuen W\u00fcrfel namens Puppet Cube One \/ Two. Puppet bedeutet, dass es etwas schwierig ist, ihn zu l\u00f6sen, da dies kein normaler 2&#215;2-Standardw\u00fcrfel ist. Auf der Grundlage des Taschenw\u00fcrfels entwirft Moyu zwei verschiedene coolste Muster, die sich v\u00f6llig vom normalen Look unterscheiden. Der W\u00fcrfel kann nach dem Verdrehen in viele Form\u00e4nderungen umgewandelt werden, was ihn schwieriger und lustiger macht. Das Design des W\u00fcrfeleckenblocks dreht die Grenze und erh\u00f6ht die Schwierigkeit. Der professionelle Mechanismus im Inneren bietet eine hervorragende Gesamtleistung und gibt Ihnen ein fantastisches Drehgef\u00fchl! Und es hat auch eine eingebaute einstellbare Elastizit\u00e4t. Schrauben und Federn im Inneren machen den W\u00fcrfel verstellbar. Je nach pers\u00f6nlicher Pr\u00e4ferenz erhalten Sie ein perfektes Drehgef\u00fchl.<\/p>\n<p>Gr\u00f6\u00dfe: 56mm<br \/>\nGewicht: 76 g<\/p>\n<p>&nbsp;<\/p>\n","protected":false},"excerpt":{"rendered":"<p>Moyu Meilong Puppet One Der MoYu Puppet Cube II sieht aus einigen Blickwinkeln wie ein 2&#215;2 aus, aber schauen Sie weiter und Sie werden eine \u00dcberraschung finden! Dieser W\u00fcrfel hat zus\u00e4tzliche Teile, die es ihm erm\u00f6glichen, sich auf verr\u00fcckte und unerwartete Weise zu bewegen. Achtung! Nur ein paar Z\u00fcge und Sie k\u00f6nnten v\u00f6llig verloren sein. [&hellip;]<\/p>\n","protected":false},"featured_media":7458,"comment_status":"open","ping_status":"closed","template":"","meta":[],"product_brand":[],"product_cat":[52,38],"product_tag":[],"class_list":{"0":"post-7379","1":"product","2":"type-product","3":"status-publish","4":"has-post-thumbnail","6":"product_cat-2x2","7":"product_cat-moyu","9":"first","10":"instock","11":"taxable","12":"shipping-taxable","13":"purchasable","14":"product-type-simple"},"yoast_head":"<!-- This site is optimized with the Yoast SEO plugin v26.7 - https:\/\/yoast.com\/wordpress\/plugins\/seo\/ -->\n<title>Moyu Meilong Puppet Two - gRoods<\/title>\n<meta name=\"robots\" content=\"index, follow, max-snippet:-1, max-image-preview:large, max-video-preview:-1\" \/>\n<link rel=\"canonical\" href=\"https:\/\/www.groods.de\/index.php\/produkt\/moyu-meilong-puppet-two\/\" \/>\n<meta property=\"og:locale\" content=\"de_DE\" \/>\n<meta property=\"og:type\" content=\"article\" \/>\n<meta property=\"og:title\" content=\"Moyu Meilong Puppet Two - gRoods\" \/>\n<meta property=\"og:description\" content=\"Moyu Meilong Puppet One Der MoYu Puppet Cube II sieht aus einigen Blickwinkeln wie ein 2&#215;2 aus, aber schauen Sie weiter und Sie werden eine \u00dcberraschung finden! Dieser W\u00fcrfel hat zus\u00e4tzliche Teile, die es ihm erm\u00f6glichen, sich auf verr\u00fcckte und unerwartete Weise zu bewegen. Achtung! Nur ein paar Z\u00fcge und Sie k\u00f6nnten v\u00f6llig verloren sein. [&hellip;]\" \/>\n<meta property=\"og:url\" content=\"https:\/\/www.groods.de\/index.php\/produkt\/moyu-meilong-puppet-two\/\" \/>\n<meta property=\"og:site_name\" content=\"gRoods\" \/>\n<meta property=\"article:modified_time\" content=\"2025-11-19T21:34:10+00:00\" \/>\n<meta property=\"og:image\" content=\"https:\/\/www.groods.de\/wp-content\/uploads\/2021\/01\/Meilong-Puppet-Two-2.jpg\" \/>\n\t<meta property=\"og:image:width\" content=\"562\" \/>\n\t<meta property=\"og:image:height\" content=\"562\" \/>\n\t<meta property=\"og:image:type\" content=\"image\/jpeg\" \/>\n<meta name=\"twitter:card\" content=\"summary_large_image\" \/>\n<meta name=\"twitter:label1\" content=\"Gesch\u00e4tzte Lesezeit\" \/>\n\t<meta name=\"twitter:data1\" content=\"2\u00a0Minuten\" \/>\n<script type=\"application\/ld+json\" class=\"yoast-schema-graph\">{\"@context\":\"https:\/\/schema.org\",\"@graph\":[{\"@type\":\"WebPage\",\"@id\":\"https:\/\/www.groods.de\/index.php\/produkt\/moyu-meilong-puppet-two\/\",\"url\":\"https:\/\/www.groods.de\/index.php\/produkt\/moyu-meilong-puppet-two\/\",\"name\":\"Moyu Meilong Puppet Two - gRoods\",\"isPartOf\":{\"@id\":\"https:\/\/www.groods.de\/#website\"},\"primaryImageOfPage\":{\"@id\":\"https:\/\/www.groods.de\/index.php\/produkt\/moyu-meilong-puppet-two\/#primaryimage\"},\"image\":{\"@id\":\"https:\/\/www.groods.de\/index.php\/produkt\/moyu-meilong-puppet-two\/#primaryimage\"},\"thumbnailUrl\":\"https:\/\/www.groods.de\/wp-content\/uploads\/2021\/01\/Meilong-Puppet-Two-2.jpg\",\"datePublished\":\"2021-01-13T22:49:19+00:00\",\"dateModified\":\"2025-11-19T21:34:10+00:00\",\"breadcrumb\":{\"@id\":\"https:\/\/www.groods.de\/index.php\/produkt\/moyu-meilong-puppet-two\/#breadcrumb\"},\"inLanguage\":\"de\",\"potentialAction\":[{\"@type\":\"ReadAction\",\"target\":[\"https:\/\/www.groods.de\/index.php\/produkt\/moyu-meilong-puppet-two\/\"]}]},{\"@type\":\"ImageObject\",\"inLanguage\":\"de\",\"@id\":\"https:\/\/www.groods.de\/index.php\/produkt\/moyu-meilong-puppet-two\/#primaryimage\",\"url\":\"https:\/\/www.groods.de\/wp-content\/uploads\/2021\/01\/Meilong-Puppet-Two-2.jpg\",\"contentUrl\":\"https:\/\/www.groods.de\/wp-content\/uploads\/2021\/01\/Meilong-Puppet-Two-2.jpg\",\"width\":562,\"height\":562},{\"@type\":\"BreadcrumbList\",\"@id\":\"https:\/\/www.groods.de\/index.php\/produkt\/moyu-meilong-puppet-two\/#breadcrumb\",\"itemListElement\":[{\"@type\":\"ListItem\",\"position\":1,\"name\":\"Startseite\",\"item\":\"https:\/\/www.groods.de\/\"},{\"@type\":\"ListItem\",\"position\":2,\"name\":\"Shop\",\"item\":\"https:\/\/www.groods.de\/index.php\/shop\/\"},{\"@type\":\"ListItem\",\"position\":3,\"name\":\"Moyu Meilong Puppet Two\"}]},{\"@type\":\"WebSite\",\"@id\":\"https:\/\/www.groods.de\/#website\",\"url\":\"https:\/\/www.groods.de\/\",\"name\":\"gRoods.de\",\"description\":\"Entdecke die Welt der Speedcubes\",\"publisher\":{\"@id\":\"https:\/\/www.groods.de\/#organization\"},\"potentialAction\":[{\"@type\":\"SearchAction\",\"target\":{\"@type\":\"EntryPoint\",\"urlTemplate\":\"https:\/\/www.groods.de\/?s={search_term_string}\"},\"query-input\":{\"@type\":\"PropertyValueSpecification\",\"valueRequired\":true,\"valueName\":\"search_term_string\"}}],\"inLanguage\":\"de\"},{\"@type\":\"Organization\",\"@id\":\"https:\/\/www.groods.de\/#organization\",\"name\":\"gRoods.de\",\"url\":\"https:\/\/www.groods.de\/\",\"logo\":{\"@type\":\"ImageObject\",\"inLanguage\":\"de\",\"@id\":\"https:\/\/www.groods.de\/#\/schema\/logo\/image\/\",\"url\":\"https:\/\/www.groods.de\/wp-content\/uploads\/2018\/08\/logo.png\",\"contentUrl\":\"https:\/\/www.groods.de\/wp-content\/uploads\/2018\/08\/logo.png\",\"width\":1077,\"height\":373,\"caption\":\"gRoods.de\"},\"image\":{\"@id\":\"https:\/\/www.groods.de\/#\/schema\/logo\/image\/\"}}]}<\/script>\n<!-- \/ Yoast SEO plugin. -->","yoast_head_json":{"title":"Moyu Meilong Puppet Two - gRoods","robots":{"index":"index","follow":"follow","max-snippet":"max-snippet:-1","max-image-preview":"max-image-preview:large","max-video-preview":"max-video-preview:-1"},"canonical":"https:\/\/www.groods.de\/index.php\/produkt\/moyu-meilong-puppet-two\/","og_locale":"de_DE","og_type":"article","og_title":"Moyu Meilong Puppet Two - gRoods","og_description":"Moyu Meilong Puppet One Der MoYu Puppet Cube II sieht aus einigen Blickwinkeln wie ein 2&#215;2 aus, aber schauen Sie weiter und Sie werden eine \u00dcberraschung finden! Dieser W\u00fcrfel hat zus\u00e4tzliche Teile, die es ihm erm\u00f6glichen, sich auf verr\u00fcckte und unerwartete Weise zu bewegen. Achtung! Nur ein paar Z\u00fcge und Sie k\u00f6nnten v\u00f6llig verloren sein. [&hellip;]","og_url":"https:\/\/www.groods.de\/index.php\/produkt\/moyu-meilong-puppet-two\/","og_site_name":"gRoods","article_modified_time":"2025-11-19T21:34:10+00:00","og_image":[{"width":562,"height":562,"url":"https:\/\/www.groods.de\/wp-content\/uploads\/2021\/01\/Meilong-Puppet-Two-2.jpg","type":"image\/jpeg"}],"twitter_card":"summary_large_image","twitter_misc":{"Gesch\u00e4tzte Lesezeit":"2\u00a0Minuten"},"schema":{"@context":"https:\/\/schema.org","@graph":[{"@type":"WebPage","@id":"https:\/\/www.groods.de\/index.php\/produkt\/moyu-meilong-puppet-two\/","url":"https:\/\/www.groods.de\/index.php\/produkt\/moyu-meilong-puppet-two\/","name":"Moyu Meilong Puppet Two - gRoods","isPartOf":{"@id":"https:\/\/www.groods.de\/#website"},"primaryImageOfPage":{"@id":"https:\/\/www.groods.de\/index.php\/produkt\/moyu-meilong-puppet-two\/#primaryimage"},"image":{"@id":"https:\/\/www.groods.de\/index.php\/produkt\/moyu-meilong-puppet-two\/#primaryimage"},"thumbnailUrl":"https:\/\/www.groods.de\/wp-content\/uploads\/2021\/01\/Meilong-Puppet-Two-2.jpg","datePublished":"2021-01-13T22:49:19+00:00","dateModified":"2025-11-19T21:34:10+00:00","breadcrumb":{"@id":"https:\/\/www.groods.de\/index.php\/produkt\/moyu-meilong-puppet-two\/#breadcrumb"},"inLanguage":"de","potentialAction":[{"@type":"ReadAction","target":["https:\/\/www.groods.de\/index.php\/produkt\/moyu-meilong-puppet-two\/"]}]},{"@type":"ImageObject","inLanguage":"de","@id":"https:\/\/www.groods.de\/index.php\/produkt\/moyu-meilong-puppet-two\/#primaryimage","url":"https:\/\/www.groods.de\/wp-content\/uploads\/2021\/01\/Meilong-Puppet-Two-2.jpg","contentUrl":"https:\/\/www.groods.de\/wp-content\/uploads\/2021\/01\/Meilong-Puppet-Two-2.jpg","width":562,"height":562},{"@type":"BreadcrumbList","@id":"https:\/\/www.groods.de\/index.php\/produkt\/moyu-meilong-puppet-two\/#breadcrumb","itemListElement":[{"@type":"ListItem","position":1,"name":"Startseite","item":"https:\/\/www.groods.de\/"},{"@type":"ListItem","position":2,"name":"Shop","item":"https:\/\/www.groods.de\/index.php\/shop\/"},{"@type":"ListItem","position":3,"name":"Moyu Meilong Puppet Two"}]},{"@type":"WebSite","@id":"https:\/\/www.groods.de\/#website","url":"https:\/\/www.groods.de\/","name":"gRoods.de","description":"Entdecke die Welt der Speedcubes","publisher":{"@id":"https:\/\/www.groods.de\/#organization"},"potentialAction":[{"@type":"SearchAction","target":{"@type":"EntryPoint","urlTemplate":"https:\/\/www.groods.de\/?s={search_term_string}"},"query-input":{"@type":"PropertyValueSpecification","valueRequired":true,"valueName":"search_term_string"}}],"inLanguage":"de"},{"@type":"Organization","@id":"https:\/\/www.groods.de\/#organization","name":"gRoods.de","url":"https:\/\/www.groods.de\/","logo":{"@type":"ImageObject","inLanguage":"de","@id":"https:\/\/www.groods.de\/#\/schema\/logo\/image\/","url":"https:\/\/www.groods.de\/wp-content\/uploads\/2018\/08\/logo.png","contentUrl":"https:\/\/www.groods.de\/wp-content\/uploads\/2018\/08\/logo.png","width":1077,"height":373,"caption":"gRoods.de"},"image":{"@id":"https:\/\/www.groods.de\/#\/schema\/logo\/image\/"}}]}},"_links":{"self":[{"href":"https:\/\/www.groods.de\/index.php\/wp-json\/wp\/v2\/product\/7379","targetHints":{"allow":["GET"]}}],"collection":[{"href":"https:\/\/www.groods.de\/index.php\/wp-json\/wp\/v2\/product"}],"about":[{"href":"https:\/\/www.groods.de\/index.php\/wp-json\/wp\/v2\/types\/product"}],"replies":[{"embeddable":true,"href":"https:\/\/www.groods.de\/index.php\/wp-json\/wp\/v2\/comments?post=7379"}],"wp:featuredmedia":[{"embeddable":true,"href":"https:\/\/www.groods.de\/index.php\/wp-json\/wp\/v2\/media\/7458"}],"wp:attachment":[{"href":"https:\/\/www.groods.de\/index.php\/wp-json\/wp\/v2\/media?parent=7379"}],"wp:term":[{"taxonomy":"product_brand","embeddable":true,"href":"https:\/\/www.groods.de\/index.php\/wp-json\/wp\/v2\/product_brand?post=7379"},{"taxonomy":"product_cat","embeddable":true,"href":"https:\/\/www.groods.de\/index.php\/wp-json\/wp\/v2\/product_cat?post=7379"},{"taxonomy":"product_tag","embeddable":true,"href":"https:\/\/www.groods.de\/index.php\/wp-json\/wp\/v2\/product_tag?post=7379"}],"curies":[{"name":"wp","href":"https:\/\/api.w.org\/{rel}","templated":true}]}}