{"id":7293,"date":"2020-11-09T11:59:26","date_gmt":"2020-11-09T10:59:26","guid":{"rendered":"https:\/\/www.groods.de\/index.php\/produkt\/moyu-meilong-pyraminx-magnetic-3x3-stickerless\/"},"modified":"2025-11-19T22:33:59","modified_gmt":"2025-11-19T21:33:59","slug":"moyu-meilong-pyraminx-magnetic-3x3-stickerless","status":"publish","type":"product","link":"https:\/\/www.groods.de\/index.php\/produkt\/moyu-meilong-pyraminx-magnetic-3x3-stickerless\/","title":{"rendered":"MoYu Meilong Pyraminx Magnetic 3&#215;3 &#8211; stickerless"},"content":{"rendered":"<h1>MoYu Meilong Pyraminx Magnetic 3&#215;3 &#8211; stickerless<\/h1>\n<p>Den klassischen Meilong gibt es seit 2020 endlich als magnetische Version zu einem absoluten TOP Preis. Hier setzt MoYu Ma\u00dfst\u00e4be in Sachen Preis Leistung!<\/p>\n<p>Der MoYu MeiLong Pyraminx M ist Moyus neuer kosteng\u00fcnstiger Hochleistungs-Speedcube. Dieser 2020\u00a0vorgestellte 3&#215;3-Pyraminx ist einer der gro\u00dfen \u00dcberraschungen des Jahres und verf\u00fcgt \u00fcber die wichtigsten Merkmale schneller und deutlich teurerer W\u00fcrfel. Das Preis\/Leistungsverh\u00e4ltnis ist so gut das er einer der kosteneffektivsten magnetischen Speedcubes am Markt ist!<\/p>\n<p>Der Pyraminx ist ein ca. 6 cm gro\u00dfes mechanisches Geduldsspiel in Form eines gleichm\u00e4\u00dfigen Tetraeders, das vom Prinzip und Aufbau her mit dem Zauberw\u00fcrfel von Ern\u0151 RBK vergleichbar ist. Daher ist auch die Bezeichnung Zauberpyramide gebr\u00e4uchlich. Jede der vier Seitenfl\u00e4chen setzt sich aus neun dreieckigen Segmenten zusammen, die in der Grundstellung auf jeder Seite jeweils alle die gleiche Farbe haben. Mit dem internen Drehmechanismus k\u00f6nnen sowohl die Seitenfl\u00e4chen als auch die Ecken durch 120\u00b0-Drehungen um ihren Mittelpunkt wieder in Deckung gebracht werden. Auf diese Weise ver\u00e4ndern die beweglichen Teile ihre Position zueinander und k\u00f6nnen an fast jede Stelle im Tetraeder verschoben werden. Ziel des Geduldspiels ist es meist, den Pyraminx aus einer Stellung, in der die Farben gemischt sind wieder zur\u00fcck in die geordnete Grundstellung zu bringen.<\/p>\n<p>Der MoYu Pyraminx ist derzeit einer der leistungsst\u00e4rksten Pyraminx auf dem Markt. Dieser Pyraminx hat &#8222;swishy&#8220; Bewegungen, die sehr sanft, kontrollierbar und vorhersehbar sind. Die \u00e4u\u00dferen Spitzen lassen sich auch sehr leicht drehen und rasten sanft ein, wodurch ein \u00fcberdrehen verhindert wird.<\/p>\n<h3><strong>Eigenschaften:<\/strong><\/h3>\n<ul>\n<li>MoYu Meilong\u00a0 Pyraminx 3&#215;3 &#8211; stickerless<\/li>\n<li>glatte und schnelle Oberfl\u00e4che<\/li>\n<li>neu und Originalverpackt<\/li>\n<li>aus hochwertigem ABS Material, das umweltfreundlich, ungiftig und langlebig ist<\/li>\n<li>geschmeidige Rotation und komfortables Spielgef\u00fchl<\/li>\n<li>ausgezeichnete Fehlertoleranz f\u00fcr besonders schnelle Zeiten<\/li>\n<li>Viele Stunden Spa\u00df und Kopfzerbrechen mit Freunden und Familie sind garantiert<\/li>\n<\/ul>\n<h3>Spezifikationen:<\/h3>\n<ul>\n<li>Farbe: stickerless<\/li>\n<li>Material: Kunststoff<\/li>\n<li>Produkt Abmessungen: 98*98*98 mm<\/li>\n<li>Produkt Gewicht: 92g<\/li>\n<li>Verpackung: Karton Box<\/li>\n<\/ul>\n","protected":false},"excerpt":{"rendered":"<p>MoYu Meilong Pyraminx Magnetic 3&#215;3 &#8211; stickerless Den klassischen Meilong gibt es seit 2020 endlich als magnetische Version zu einem absoluten TOP Preis. Hier setzt MoYu Ma\u00dfst\u00e4be in Sachen Preis Leistung! Der MoYu MeiLong Pyraminx M ist Moyus neuer kosteng\u00fcnstiger Hochleistungs-Speedcube. Dieser 2020\u00a0vorgestellte 3&#215;3-Pyraminx ist einer der gro\u00dfen \u00dcberraschungen des Jahres und verf\u00fcgt \u00fcber die [&hellip;]<\/p>\n","protected":false},"featured_media":7332,"comment_status":"open","ping_status":"closed","template":"","meta":[],"product_brand":[],"product_cat":[45,40,38,86,102],"product_tag":[],"class_list":{"0":"post-7293","1":"product","2":"type-product","3":"status-publish","4":"has-post-thumbnail","6":"product_cat-andere-formen","7":"product_cat-magnetische-zauberwuerfel","8":"product_cat-moyu","9":"product_cat-neue-produkte","10":"product_cat-pyraminx","12":"first","13":"instock","14":"taxable","15":"shipping-taxable","16":"purchasable","17":"product-type-simple"},"yoast_head":"<!-- This site is optimized with the Yoast SEO plugin v26.7 - https:\/\/yoast.com\/wordpress\/plugins\/seo\/ -->\n<title>MoYu Meilong Pyraminx Magnetic 3x3 - stickerless - gRoods<\/title>\n<meta name=\"robots\" content=\"index, follow, max-snippet:-1, max-image-preview:large, max-video-preview:-1\" \/>\n<link rel=\"canonical\" href=\"https:\/\/www.groods.de\/index.php\/produkt\/moyu-meilong-pyraminx-magnetic-3x3-stickerless\/\" \/>\n<meta property=\"og:locale\" content=\"de_DE\" \/>\n<meta property=\"og:type\" content=\"article\" \/>\n<meta property=\"og:title\" content=\"MoYu Meilong Pyraminx Magnetic 3x3 - stickerless - gRoods\" \/>\n<meta property=\"og:description\" content=\"MoYu Meilong Pyraminx Magnetic 3&#215;3 &#8211; stickerless Den klassischen Meilong gibt es seit 2020 endlich als magnetische Version zu einem absoluten TOP Preis. Hier setzt MoYu Ma\u00dfst\u00e4be in Sachen Preis Leistung! Der MoYu MeiLong Pyraminx M ist Moyus neuer kosteng\u00fcnstiger Hochleistungs-Speedcube. Dieser 2020\u00a0vorgestellte 3&#215;3-Pyraminx ist einer der gro\u00dfen \u00dcberraschungen des Jahres und verf\u00fcgt \u00fcber die [&hellip;]\" \/>\n<meta property=\"og:url\" content=\"https:\/\/www.groods.de\/index.php\/produkt\/moyu-meilong-pyraminx-magnetic-3x3-stickerless\/\" \/>\n<meta property=\"og:site_name\" content=\"gRoods\" \/>\n<meta property=\"article:modified_time\" content=\"2025-11-19T21:33:59+00:00\" \/>\n<meta property=\"og:image\" content=\"https:\/\/www.groods.de\/wp-content\/uploads\/2020\/11\/MF8886-mofangjiaoshimeilongmpyraminxspeedcubedailypuzzles_1000x1000.jpg\" \/>\n\t<meta property=\"og:image:width\" content=\"1000\" \/>\n\t<meta property=\"og:image:height\" content=\"1000\" \/>\n\t<meta property=\"og:image:type\" content=\"image\/jpeg\" \/>\n<meta name=\"twitter:card\" content=\"summary_large_image\" \/>\n<meta name=\"twitter:label1\" content=\"Gesch\u00e4tzte Lesezeit\" \/>\n\t<meta name=\"twitter:data1\" content=\"2\u00a0Minuten\" \/>\n<script type=\"application\/ld+json\" class=\"yoast-schema-graph\">{\"@context\":\"https:\/\/schema.org\",\"@graph\":[{\"@type\":\"WebPage\",\"@id\":\"https:\/\/www.groods.de\/index.php\/produkt\/moyu-meilong-pyraminx-magnetic-3x3-stickerless\/\",\"url\":\"https:\/\/www.groods.de\/index.php\/produkt\/moyu-meilong-pyraminx-magnetic-3x3-stickerless\/\",\"name\":\"MoYu Meilong Pyraminx Magnetic 3x3 - stickerless - gRoods\",\"isPartOf\":{\"@id\":\"https:\/\/www.groods.de\/#website\"},\"primaryImageOfPage\":{\"@id\":\"https:\/\/www.groods.de\/index.php\/produkt\/moyu-meilong-pyraminx-magnetic-3x3-stickerless\/#primaryimage\"},\"image\":{\"@id\":\"https:\/\/www.groods.de\/index.php\/produkt\/moyu-meilong-pyraminx-magnetic-3x3-stickerless\/#primaryimage\"},\"thumbnailUrl\":\"https:\/\/www.groods.de\/wp-content\/uploads\/2020\/11\/MF8886-mofangjiaoshimeilongmpyraminxspeedcubedailypuzzles_1000x1000.jpg\",\"datePublished\":\"2020-11-09T10:59:26+00:00\",\"dateModified\":\"2025-11-19T21:33:59+00:00\",\"breadcrumb\":{\"@id\":\"https:\/\/www.groods.de\/index.php\/produkt\/moyu-meilong-pyraminx-magnetic-3x3-stickerless\/#breadcrumb\"},\"inLanguage\":\"de\",\"potentialAction\":[{\"@type\":\"ReadAction\",\"target\":[\"https:\/\/www.groods.de\/index.php\/produkt\/moyu-meilong-pyraminx-magnetic-3x3-stickerless\/\"]}]},{\"@type\":\"ImageObject\",\"inLanguage\":\"de\",\"@id\":\"https:\/\/www.groods.de\/index.php\/produkt\/moyu-meilong-pyraminx-magnetic-3x3-stickerless\/#primaryimage\",\"url\":\"https:\/\/www.groods.de\/wp-content\/uploads\/2020\/11\/MF8886-mofangjiaoshimeilongmpyraminxspeedcubedailypuzzles_1000x1000.jpg\",\"contentUrl\":\"https:\/\/www.groods.de\/wp-content\/uploads\/2020\/11\/MF8886-mofangjiaoshimeilongmpyraminxspeedcubedailypuzzles_1000x1000.jpg\",\"width\":1000,\"height\":1000},{\"@type\":\"BreadcrumbList\",\"@id\":\"https:\/\/www.groods.de\/index.php\/produkt\/moyu-meilong-pyraminx-magnetic-3x3-stickerless\/#breadcrumb\",\"itemListElement\":[{\"@type\":\"ListItem\",\"position\":1,\"name\":\"Startseite\",\"item\":\"https:\/\/www.groods.de\/\"},{\"@type\":\"ListItem\",\"position\":2,\"name\":\"Shop\",\"item\":\"https:\/\/www.groods.de\/index.php\/shop\/\"},{\"@type\":\"ListItem\",\"position\":3,\"name\":\"MoYu Meilong Pyraminx Magnetic 3&#215;3 &#8211; stickerless\"}]},{\"@type\":\"WebSite\",\"@id\":\"https:\/\/www.groods.de\/#website\",\"url\":\"https:\/\/www.groods.de\/\",\"name\":\"gRoods.de\",\"description\":\"Entdecke die Welt der Speedcubes\",\"publisher\":{\"@id\":\"https:\/\/www.groods.de\/#organization\"},\"potentialAction\":[{\"@type\":\"SearchAction\",\"target\":{\"@type\":\"EntryPoint\",\"urlTemplate\":\"https:\/\/www.groods.de\/?s={search_term_string}\"},\"query-input\":{\"@type\":\"PropertyValueSpecification\",\"valueRequired\":true,\"valueName\":\"search_term_string\"}}],\"inLanguage\":\"de\"},{\"@type\":\"Organization\",\"@id\":\"https:\/\/www.groods.de\/#organization\",\"name\":\"gRoods.de\",\"url\":\"https:\/\/www.groods.de\/\",\"logo\":{\"@type\":\"ImageObject\",\"inLanguage\":\"de\",\"@id\":\"https:\/\/www.groods.de\/#\/schema\/logo\/image\/\",\"url\":\"https:\/\/www.groods.de\/wp-content\/uploads\/2018\/08\/logo.png\",\"contentUrl\":\"https:\/\/www.groods.de\/wp-content\/uploads\/2018\/08\/logo.png\",\"width\":1077,\"height\":373,\"caption\":\"gRoods.de\"},\"image\":{\"@id\":\"https:\/\/www.groods.de\/#\/schema\/logo\/image\/\"}}]}<\/script>\n<!-- \/ Yoast SEO plugin. -->","yoast_head_json":{"title":"MoYu Meilong Pyraminx Magnetic 3x3 - stickerless - gRoods","robots":{"index":"index","follow":"follow","max-snippet":"max-snippet:-1","max-image-preview":"max-image-preview:large","max-video-preview":"max-video-preview:-1"},"canonical":"https:\/\/www.groods.de\/index.php\/produkt\/moyu-meilong-pyraminx-magnetic-3x3-stickerless\/","og_locale":"de_DE","og_type":"article","og_title":"MoYu Meilong Pyraminx Magnetic 3x3 - stickerless - gRoods","og_description":"MoYu Meilong Pyraminx Magnetic 3&#215;3 &#8211; stickerless Den klassischen Meilong gibt es seit 2020 endlich als magnetische Version zu einem absoluten TOP Preis. Hier setzt MoYu Ma\u00dfst\u00e4be in Sachen Preis Leistung! Der MoYu MeiLong Pyraminx M ist Moyus neuer kosteng\u00fcnstiger Hochleistungs-Speedcube. Dieser 2020\u00a0vorgestellte 3&#215;3-Pyraminx ist einer der gro\u00dfen \u00dcberraschungen des Jahres und verf\u00fcgt \u00fcber die [&hellip;]","og_url":"https:\/\/www.groods.de\/index.php\/produkt\/moyu-meilong-pyraminx-magnetic-3x3-stickerless\/","og_site_name":"gRoods","article_modified_time":"2025-11-19T21:33:59+00:00","og_image":[{"width":1000,"height":1000,"url":"https:\/\/www.groods.de\/wp-content\/uploads\/2020\/11\/MF8886-mofangjiaoshimeilongmpyraminxspeedcubedailypuzzles_1000x1000.jpg","type":"image\/jpeg"}],"twitter_card":"summary_large_image","twitter_misc":{"Gesch\u00e4tzte Lesezeit":"2\u00a0Minuten"},"schema":{"@context":"https:\/\/schema.org","@graph":[{"@type":"WebPage","@id":"https:\/\/www.groods.de\/index.php\/produkt\/moyu-meilong-pyraminx-magnetic-3x3-stickerless\/","url":"https:\/\/www.groods.de\/index.php\/produkt\/moyu-meilong-pyraminx-magnetic-3x3-stickerless\/","name":"MoYu Meilong Pyraminx Magnetic 3x3 - stickerless - gRoods","isPartOf":{"@id":"https:\/\/www.groods.de\/#website"},"primaryImageOfPage":{"@id":"https:\/\/www.groods.de\/index.php\/produkt\/moyu-meilong-pyraminx-magnetic-3x3-stickerless\/#primaryimage"},"image":{"@id":"https:\/\/www.groods.de\/index.php\/produkt\/moyu-meilong-pyraminx-magnetic-3x3-stickerless\/#primaryimage"},"thumbnailUrl":"https:\/\/www.groods.de\/wp-content\/uploads\/2020\/11\/MF8886-mofangjiaoshimeilongmpyraminxspeedcubedailypuzzles_1000x1000.jpg","datePublished":"2020-11-09T10:59:26+00:00","dateModified":"2025-11-19T21:33:59+00:00","breadcrumb":{"@id":"https:\/\/www.groods.de\/index.php\/produkt\/moyu-meilong-pyraminx-magnetic-3x3-stickerless\/#breadcrumb"},"inLanguage":"de","potentialAction":[{"@type":"ReadAction","target":["https:\/\/www.groods.de\/index.php\/produkt\/moyu-meilong-pyraminx-magnetic-3x3-stickerless\/"]}]},{"@type":"ImageObject","inLanguage":"de","@id":"https:\/\/www.groods.de\/index.php\/produkt\/moyu-meilong-pyraminx-magnetic-3x3-stickerless\/#primaryimage","url":"https:\/\/www.groods.de\/wp-content\/uploads\/2020\/11\/MF8886-mofangjiaoshimeilongmpyraminxspeedcubedailypuzzles_1000x1000.jpg","contentUrl":"https:\/\/www.groods.de\/wp-content\/uploads\/2020\/11\/MF8886-mofangjiaoshimeilongmpyraminxspeedcubedailypuzzles_1000x1000.jpg","width":1000,"height":1000},{"@type":"BreadcrumbList","@id":"https:\/\/www.groods.de\/index.php\/produkt\/moyu-meilong-pyraminx-magnetic-3x3-stickerless\/#breadcrumb","itemListElement":[{"@type":"ListItem","position":1,"name":"Startseite","item":"https:\/\/www.groods.de\/"},{"@type":"ListItem","position":2,"name":"Shop","item":"https:\/\/www.groods.de\/index.php\/shop\/"},{"@type":"ListItem","position":3,"name":"MoYu Meilong Pyraminx Magnetic 3&#215;3 &#8211; stickerless"}]},{"@type":"WebSite","@id":"https:\/\/www.groods.de\/#website","url":"https:\/\/www.groods.de\/","name":"gRoods.de","description":"Entdecke die Welt der Speedcubes","publisher":{"@id":"https:\/\/www.groods.de\/#organization"},"potentialAction":[{"@type":"SearchAction","target":{"@type":"EntryPoint","urlTemplate":"https:\/\/www.groods.de\/?s={search_term_string}"},"query-input":{"@type":"PropertyValueSpecification","valueRequired":true,"valueName":"search_term_string"}}],"inLanguage":"de"},{"@type":"Organization","@id":"https:\/\/www.groods.de\/#organization","name":"gRoods.de","url":"https:\/\/www.groods.de\/","logo":{"@type":"ImageObject","inLanguage":"de","@id":"https:\/\/www.groods.de\/#\/schema\/logo\/image\/","url":"https:\/\/www.groods.de\/wp-content\/uploads\/2018\/08\/logo.png","contentUrl":"https:\/\/www.groods.de\/wp-content\/uploads\/2018\/08\/logo.png","width":1077,"height":373,"caption":"gRoods.de"},"image":{"@id":"https:\/\/www.groods.de\/#\/schema\/logo\/image\/"}}]}},"_links":{"self":[{"href":"https:\/\/www.groods.de\/index.php\/wp-json\/wp\/v2\/product\/7293","targetHints":{"allow":["GET"]}}],"collection":[{"href":"https:\/\/www.groods.de\/index.php\/wp-json\/wp\/v2\/product"}],"about":[{"href":"https:\/\/www.groods.de\/index.php\/wp-json\/wp\/v2\/types\/product"}],"replies":[{"embeddable":true,"href":"https:\/\/www.groods.de\/index.php\/wp-json\/wp\/v2\/comments?post=7293"}],"wp:featuredmedia":[{"embeddable":true,"href":"https:\/\/www.groods.de\/index.php\/wp-json\/wp\/v2\/media\/7332"}],"wp:attachment":[{"href":"https:\/\/www.groods.de\/index.php\/wp-json\/wp\/v2\/media?parent=7293"}],"wp:term":[{"taxonomy":"product_brand","embeddable":true,"href":"https:\/\/www.groods.de\/index.php\/wp-json\/wp\/v2\/product_brand?post=7293"},{"taxonomy":"product_cat","embeddable":true,"href":"https:\/\/www.groods.de\/index.php\/wp-json\/wp\/v2\/product_cat?post=7293"},{"taxonomy":"product_tag","embeddable":true,"href":"https:\/\/www.groods.de\/index.php\/wp-json\/wp\/v2\/product_tag?post=7293"}],"curies":[{"name":"wp","href":"https:\/\/api.w.org\/{rel}","templated":true}]}}