{"id":7289,"date":"2020-11-09T11:57:23","date_gmt":"2020-11-09T10:57:23","guid":{"rendered":"https:\/\/www.groods.de\/index.php\/produkt\/gan-356-air-m-3x3-magnetic-cube\/"},"modified":"2025-11-19T22:33:54","modified_gmt":"2025-11-19T21:33:54","slug":"gan-356-air-m-3x3-magnetic-cube","status":"publish","type":"product","link":"https:\/\/www.groods.de\/index.php\/produkt\/gan-356-air-m-3x3-magnetic-cube\/","title":{"rendered":"GAN 356 Air M 3&#215;3 magnetic Cube"},"content":{"rendered":"<h1>GAN 356 Air M 3&#215;3 magnetic Cube<\/h1>\n<p>Der GAN 356 Air M ist ein magnetischer 3&#215;3-Geschwindigkeitsw\u00fcrfel, ein modernes Remake des klassischen GAN-W\u00fcrfels, des GAN 356 Air. Der GAN 356 Air M ist leicht und schnell und eine gute Wahl f\u00fcr Cuber, die Wert auf geringes Gewicht und hohe Man\u00f6vrierf\u00e4higkeit legen. Diese neue Version des GAN Air ist mit dem neuesten Doppeleinstellsystem von GAN ausgestattet. Mit dem mitgelieferten Werkzeug k\u00f6nnen Sie die Elastizit\u00e4t einstellen. Die Spannung ist leicht von Hand einstellbar!<\/p>\n<p>Der GAN 356 Air M ist dem GAN 356 XS sehr \u00e4hnlich und eignet sich hervorragend f\u00fcr Cuber, die einen g\u00fcnstigeren, leichteren 3&#215;3 mit professioneller Leistung w\u00fcnschen.<\/p>\n<h3><strong>Eigenschaften:<\/strong><\/h3>\n<ul>\n<li>mit 67g super leicht<\/li>\n<li>hervorangendes Handling<\/li>\n<li>GMS v2 3 verschiedene Arten von Magneten je nach Pr\u00e4ferenz des Cubers<\/li>\n<li>einfach zu wechselnde Magnete<\/li>\n<li>GES Pro System f\u00fcr Pr\u00e4zises Tuning<\/li>\n<li>Dual numerical IPG<\/li>\n<li>Numerical variable nut<\/li>\n<li>6 levels GTN &#8211; f\u00fcr schrittweises Feintuning<\/li>\n<li>Integrated main part with corner &#8211; f\u00fcr hohe Pr\u00e4zision und eine stabile Struktur<\/li>\n<li>Super Corner Cutting<\/li>\n<li>neu und Originalverpackt<\/li>\n<li>hohe Qualit\u00e4t<\/li>\n<li>aus hochwertigem ABS Material, das umweltfreundlich, ungiftig und langlebig ist<\/li>\n<li>geschmeidige Rotation und komfortables Spielgef\u00fchl<\/li>\n<li>ausgezeichnete Fehlertoleranz f\u00fcr besonders schnelle Zeiten<\/li>\n<li>gemacht f\u00fcr Speedcube Wettbewerbe<\/li>\n<\/ul>\n<h3>Spezifikationen:<\/h3>\n<ul>\n<li>Farbe: stickerless<\/li>\n<li>Material: Kunststoff<\/li>\n<li>Produkt Abmessungen: 5,6*5,6*5,6 cm<\/li>\n<li>Produkt Gewicht: 67g<\/li>\n<li>Verpackung: Karton Box<\/li>\n<\/ul>\n","protected":false},"excerpt":{"rendered":"<p>GAN 356 Air M 3&#215;3 magnetic Cube Der GAN 356 Air M ist ein magnetischer 3&#215;3-Geschwindigkeitsw\u00fcrfel, ein modernes Remake des klassischen GAN-W\u00fcrfels, des GAN 356 Air. Der GAN 356 Air M ist leicht und schnell und eine gute Wahl f\u00fcr Cuber, die Wert auf geringes Gewicht und hohe Man\u00f6vrierf\u00e4higkeit legen. Diese neue Version des GAN [&hellip;]<\/p>\n","protected":false},"featured_media":7346,"comment_status":"open","ping_status":"closed","template":"","meta":[],"product_brand":[],"product_cat":[53,88,40,86],"product_tag":[],"class_list":{"0":"post-7289","1":"product","2":"type-product","3":"status-publish","4":"has-post-thumbnail","6":"product_cat-3x3","7":"product_cat-gan","8":"product_cat-magnetische-zauberwuerfel","9":"product_cat-neue-produkte","11":"first","12":"instock","13":"taxable","14":"shipping-taxable","15":"purchasable","16":"product-type-simple"},"yoast_head":"<!-- This site is optimized with the Yoast SEO plugin v26.7 - https:\/\/yoast.com\/wordpress\/plugins\/seo\/ -->\n<title>GAN 356 Air M 3x3 magnetic Cube - gRoods<\/title>\n<meta name=\"robots\" content=\"index, follow, max-snippet:-1, max-image-preview:large, max-video-preview:-1\" \/>\n<link rel=\"canonical\" href=\"https:\/\/www.groods.de\/index.php\/produkt\/gan-356-air-m-3x3-magnetic-cube\/\" \/>\n<meta property=\"og:locale\" content=\"de_DE\" \/>\n<meta property=\"og:type\" content=\"article\" \/>\n<meta property=\"og:title\" content=\"GAN 356 Air M 3x3 magnetic Cube - gRoods\" \/>\n<meta property=\"og:description\" content=\"GAN 356 Air M 3&#215;3 magnetic Cube Der GAN 356 Air M ist ein magnetischer 3&#215;3-Geschwindigkeitsw\u00fcrfel, ein modernes Remake des klassischen GAN-W\u00fcrfels, des GAN 356 Air. Der GAN 356 Air M ist leicht und schnell und eine gute Wahl f\u00fcr Cuber, die Wert auf geringes Gewicht und hohe Man\u00f6vrierf\u00e4higkeit legen. Diese neue Version des GAN [&hellip;]\" \/>\n<meta property=\"og:url\" content=\"https:\/\/www.groods.de\/index.php\/produkt\/gan-356-air-m-3x3-magnetic-cube\/\" \/>\n<meta property=\"og:site_name\" content=\"gRoods\" \/>\n<meta property=\"article:modified_time\" content=\"2025-11-19T21:33:54+00:00\" \/>\n<meta property=\"og:image\" content=\"https:\/\/www.groods.de\/wp-content\/uploads\/2020\/11\/airm_5_d75f8daa-41f4-4708-9a45-e0e0e85b6407_700x.jpg\" \/>\n\t<meta property=\"og:image:width\" content=\"700\" \/>\n\t<meta property=\"og:image:height\" content=\"700\" \/>\n\t<meta property=\"og:image:type\" content=\"image\/jpeg\" \/>\n<meta name=\"twitter:card\" content=\"summary_large_image\" \/>\n<meta name=\"twitter:label1\" content=\"Gesch\u00e4tzte Lesezeit\" \/>\n\t<meta name=\"twitter:data1\" content=\"2\u00a0Minuten\" \/>\n<script type=\"application\/ld+json\" class=\"yoast-schema-graph\">{\"@context\":\"https:\/\/schema.org\",\"@graph\":[{\"@type\":\"WebPage\",\"@id\":\"https:\/\/www.groods.de\/index.php\/produkt\/gan-356-air-m-3x3-magnetic-cube\/\",\"url\":\"https:\/\/www.groods.de\/index.php\/produkt\/gan-356-air-m-3x3-magnetic-cube\/\",\"name\":\"GAN 356 Air M 3x3 magnetic Cube - gRoods\",\"isPartOf\":{\"@id\":\"https:\/\/www.groods.de\/#website\"},\"primaryImageOfPage\":{\"@id\":\"https:\/\/www.groods.de\/index.php\/produkt\/gan-356-air-m-3x3-magnetic-cube\/#primaryimage\"},\"image\":{\"@id\":\"https:\/\/www.groods.de\/index.php\/produkt\/gan-356-air-m-3x3-magnetic-cube\/#primaryimage\"},\"thumbnailUrl\":\"https:\/\/www.groods.de\/wp-content\/uploads\/2020\/11\/airm_5_d75f8daa-41f4-4708-9a45-e0e0e85b6407_700x.jpg\",\"datePublished\":\"2020-11-09T10:57:23+00:00\",\"dateModified\":\"2025-11-19T21:33:54+00:00\",\"breadcrumb\":{\"@id\":\"https:\/\/www.groods.de\/index.php\/produkt\/gan-356-air-m-3x3-magnetic-cube\/#breadcrumb\"},\"inLanguage\":\"de\",\"potentialAction\":[{\"@type\":\"ReadAction\",\"target\":[\"https:\/\/www.groods.de\/index.php\/produkt\/gan-356-air-m-3x3-magnetic-cube\/\"]}]},{\"@type\":\"ImageObject\",\"inLanguage\":\"de\",\"@id\":\"https:\/\/www.groods.de\/index.php\/produkt\/gan-356-air-m-3x3-magnetic-cube\/#primaryimage\",\"url\":\"https:\/\/www.groods.de\/wp-content\/uploads\/2020\/11\/airm_5_d75f8daa-41f4-4708-9a45-e0e0e85b6407_700x.jpg\",\"contentUrl\":\"https:\/\/www.groods.de\/wp-content\/uploads\/2020\/11\/airm_5_d75f8daa-41f4-4708-9a45-e0e0e85b6407_700x.jpg\",\"width\":700,\"height\":700},{\"@type\":\"BreadcrumbList\",\"@id\":\"https:\/\/www.groods.de\/index.php\/produkt\/gan-356-air-m-3x3-magnetic-cube\/#breadcrumb\",\"itemListElement\":[{\"@type\":\"ListItem\",\"position\":1,\"name\":\"Startseite\",\"item\":\"https:\/\/www.groods.de\/\"},{\"@type\":\"ListItem\",\"position\":2,\"name\":\"Shop\",\"item\":\"https:\/\/www.groods.de\/index.php\/shop\/\"},{\"@type\":\"ListItem\",\"position\":3,\"name\":\"GAN 356 Air M 3&#215;3 magnetic Cube\"}]},{\"@type\":\"WebSite\",\"@id\":\"https:\/\/www.groods.de\/#website\",\"url\":\"https:\/\/www.groods.de\/\",\"name\":\"gRoods.de\",\"description\":\"Entdecke die Welt der Speedcubes\",\"publisher\":{\"@id\":\"https:\/\/www.groods.de\/#organization\"},\"potentialAction\":[{\"@type\":\"SearchAction\",\"target\":{\"@type\":\"EntryPoint\",\"urlTemplate\":\"https:\/\/www.groods.de\/?s={search_term_string}\"},\"query-input\":{\"@type\":\"PropertyValueSpecification\",\"valueRequired\":true,\"valueName\":\"search_term_string\"}}],\"inLanguage\":\"de\"},{\"@type\":\"Organization\",\"@id\":\"https:\/\/www.groods.de\/#organization\",\"name\":\"gRoods.de\",\"url\":\"https:\/\/www.groods.de\/\",\"logo\":{\"@type\":\"ImageObject\",\"inLanguage\":\"de\",\"@id\":\"https:\/\/www.groods.de\/#\/schema\/logo\/image\/\",\"url\":\"https:\/\/www.groods.de\/wp-content\/uploads\/2018\/08\/logo.png\",\"contentUrl\":\"https:\/\/www.groods.de\/wp-content\/uploads\/2018\/08\/logo.png\",\"width\":1077,\"height\":373,\"caption\":\"gRoods.de\"},\"image\":{\"@id\":\"https:\/\/www.groods.de\/#\/schema\/logo\/image\/\"}}]}<\/script>\n<!-- \/ Yoast SEO plugin. -->","yoast_head_json":{"title":"GAN 356 Air M 3x3 magnetic Cube - gRoods","robots":{"index":"index","follow":"follow","max-snippet":"max-snippet:-1","max-image-preview":"max-image-preview:large","max-video-preview":"max-video-preview:-1"},"canonical":"https:\/\/www.groods.de\/index.php\/produkt\/gan-356-air-m-3x3-magnetic-cube\/","og_locale":"de_DE","og_type":"article","og_title":"GAN 356 Air M 3x3 magnetic Cube - gRoods","og_description":"GAN 356 Air M 3&#215;3 magnetic Cube Der GAN 356 Air M ist ein magnetischer 3&#215;3-Geschwindigkeitsw\u00fcrfel, ein modernes Remake des klassischen GAN-W\u00fcrfels, des GAN 356 Air. Der GAN 356 Air M ist leicht und schnell und eine gute Wahl f\u00fcr Cuber, die Wert auf geringes Gewicht und hohe Man\u00f6vrierf\u00e4higkeit legen. Diese neue Version des GAN [&hellip;]","og_url":"https:\/\/www.groods.de\/index.php\/produkt\/gan-356-air-m-3x3-magnetic-cube\/","og_site_name":"gRoods","article_modified_time":"2025-11-19T21:33:54+00:00","og_image":[{"width":700,"height":700,"url":"https:\/\/www.groods.de\/wp-content\/uploads\/2020\/11\/airm_5_d75f8daa-41f4-4708-9a45-e0e0e85b6407_700x.jpg","type":"image\/jpeg"}],"twitter_card":"summary_large_image","twitter_misc":{"Gesch\u00e4tzte Lesezeit":"2\u00a0Minuten"},"schema":{"@context":"https:\/\/schema.org","@graph":[{"@type":"WebPage","@id":"https:\/\/www.groods.de\/index.php\/produkt\/gan-356-air-m-3x3-magnetic-cube\/","url":"https:\/\/www.groods.de\/index.php\/produkt\/gan-356-air-m-3x3-magnetic-cube\/","name":"GAN 356 Air M 3x3 magnetic Cube - gRoods","isPartOf":{"@id":"https:\/\/www.groods.de\/#website"},"primaryImageOfPage":{"@id":"https:\/\/www.groods.de\/index.php\/produkt\/gan-356-air-m-3x3-magnetic-cube\/#primaryimage"},"image":{"@id":"https:\/\/www.groods.de\/index.php\/produkt\/gan-356-air-m-3x3-magnetic-cube\/#primaryimage"},"thumbnailUrl":"https:\/\/www.groods.de\/wp-content\/uploads\/2020\/11\/airm_5_d75f8daa-41f4-4708-9a45-e0e0e85b6407_700x.jpg","datePublished":"2020-11-09T10:57:23+00:00","dateModified":"2025-11-19T21:33:54+00:00","breadcrumb":{"@id":"https:\/\/www.groods.de\/index.php\/produkt\/gan-356-air-m-3x3-magnetic-cube\/#breadcrumb"},"inLanguage":"de","potentialAction":[{"@type":"ReadAction","target":["https:\/\/www.groods.de\/index.php\/produkt\/gan-356-air-m-3x3-magnetic-cube\/"]}]},{"@type":"ImageObject","inLanguage":"de","@id":"https:\/\/www.groods.de\/index.php\/produkt\/gan-356-air-m-3x3-magnetic-cube\/#primaryimage","url":"https:\/\/www.groods.de\/wp-content\/uploads\/2020\/11\/airm_5_d75f8daa-41f4-4708-9a45-e0e0e85b6407_700x.jpg","contentUrl":"https:\/\/www.groods.de\/wp-content\/uploads\/2020\/11\/airm_5_d75f8daa-41f4-4708-9a45-e0e0e85b6407_700x.jpg","width":700,"height":700},{"@type":"BreadcrumbList","@id":"https:\/\/www.groods.de\/index.php\/produkt\/gan-356-air-m-3x3-magnetic-cube\/#breadcrumb","itemListElement":[{"@type":"ListItem","position":1,"name":"Startseite","item":"https:\/\/www.groods.de\/"},{"@type":"ListItem","position":2,"name":"Shop","item":"https:\/\/www.groods.de\/index.php\/shop\/"},{"@type":"ListItem","position":3,"name":"GAN 356 Air M 3&#215;3 magnetic Cube"}]},{"@type":"WebSite","@id":"https:\/\/www.groods.de\/#website","url":"https:\/\/www.groods.de\/","name":"gRoods.de","description":"Entdecke die Welt der Speedcubes","publisher":{"@id":"https:\/\/www.groods.de\/#organization"},"potentialAction":[{"@type":"SearchAction","target":{"@type":"EntryPoint","urlTemplate":"https:\/\/www.groods.de\/?s={search_term_string}"},"query-input":{"@type":"PropertyValueSpecification","valueRequired":true,"valueName":"search_term_string"}}],"inLanguage":"de"},{"@type":"Organization","@id":"https:\/\/www.groods.de\/#organization","name":"gRoods.de","url":"https:\/\/www.groods.de\/","logo":{"@type":"ImageObject","inLanguage":"de","@id":"https:\/\/www.groods.de\/#\/schema\/logo\/image\/","url":"https:\/\/www.groods.de\/wp-content\/uploads\/2018\/08\/logo.png","contentUrl":"https:\/\/www.groods.de\/wp-content\/uploads\/2018\/08\/logo.png","width":1077,"height":373,"caption":"gRoods.de"},"image":{"@id":"https:\/\/www.groods.de\/#\/schema\/logo\/image\/"}}]}},"_links":{"self":[{"href":"https:\/\/www.groods.de\/index.php\/wp-json\/wp\/v2\/product\/7289","targetHints":{"allow":["GET"]}}],"collection":[{"href":"https:\/\/www.groods.de\/index.php\/wp-json\/wp\/v2\/product"}],"about":[{"href":"https:\/\/www.groods.de\/index.php\/wp-json\/wp\/v2\/types\/product"}],"replies":[{"embeddable":true,"href":"https:\/\/www.groods.de\/index.php\/wp-json\/wp\/v2\/comments?post=7289"}],"wp:featuredmedia":[{"embeddable":true,"href":"https:\/\/www.groods.de\/index.php\/wp-json\/wp\/v2\/media\/7346"}],"wp:attachment":[{"href":"https:\/\/www.groods.de\/index.php\/wp-json\/wp\/v2\/media?parent=7289"}],"wp:term":[{"taxonomy":"product_brand","embeddable":true,"href":"https:\/\/www.groods.de\/index.php\/wp-json\/wp\/v2\/product_brand?post=7289"},{"taxonomy":"product_cat","embeddable":true,"href":"https:\/\/www.groods.de\/index.php\/wp-json\/wp\/v2\/product_cat?post=7289"},{"taxonomy":"product_tag","embeddable":true,"href":"https:\/\/www.groods.de\/index.php\/wp-json\/wp\/v2\/product_tag?post=7289"}],"curies":[{"name":"wp","href":"https:\/\/api.w.org\/{rel}","templated":true}]}}