{"id":678,"date":"2018-11-22T22:05:07","date_gmt":"2018-11-22T21:05:07","guid":{"rendered":"https:\/\/www.groods.de\/?post_type=product&#038;p=678"},"modified":"2025-11-19T22:13:16","modified_gmt":"2025-11-19T21:13:16","slug":"moyu-mf5-5x5x5-speedcube-stickerless","status":"publish","type":"product","link":"https:\/\/www.groods.de\/index.php\/produkt\/moyu-mf5-5x5x5-speedcube-stickerless\/","title":{"rendered":"MoYu MF5 5x5x5 Speedcube &#8211; stickerless"},"content":{"rendered":"<h1 class=\"md-end-block md-heading\">MoYu MF5 5x5x5 Speedcube &#8211; stickerless<\/h1>\n<p><span class=\"a-list-item\">Der MF5 geh\u00f6rt zur MoYu Cubing Classroom Serie. Obwohl es in die Budget Cube-Kategorie f\u00e4llt, hat es eine hervorragende Leistung gegen\u00fcber anderen 5&#215;5-Einsteigermodellen. Sein Positionierungssystem l\u00e4sst den W\u00fcrfel sich glatt anf\u00fchlen und hat weniger Verriegelungen, das Design der aufgeh\u00e4ngten Ecken erm\u00f6glicht noch mehr Stabilit\u00e4t.<\/span><\/p>\n<p><span class=\"a-list-item\">Einheitliche versteckte Kante &#8211; Das vereinigte System mit verborgenen Kanten hilft dem W\u00fcrfel, Fehler und Blockierungen zu vermeiden.<\/span><\/p>\n<p><span class=\"a-list-item\">Suspended Design &#8211; Das h\u00e4ngende Design an den Eckst\u00fccken sorgt f\u00fcr mehr Fl\u00e4chenkontakt und schafft so mehr Stabilit\u00e4t.<\/span><\/p>\n<p><span class=\"a-list-item\">Umfangreiches Corner Cutting &#8211; Das verbesserte Corner Cutting verringert die M\u00f6glichkeit von Lockups und ist daher sowohl f\u00fcr Anf\u00e4nger als auch f\u00fcr Fortgeschrittene geeignet.<\/span><\/p>\n<h3><strong data-spm-anchor-id=\"a2g0x.10010108.1000023.i0.3d0af4b4DKar3l\">Eigenschaften:<\/strong><\/h3>\n<ul>\n<li>MoYu MF5 5x5x5 Speedcube &#8211; stickerless<\/li>\n<li>glatte und schnelle Oberfl\u00e4che<\/li>\n<li class=\"md-end-block\">neu und Originalverpackt<\/li>\n<li class=\"md-end-block\">aus hochwertigem ABS Material, das umweltfreundlich, ungiftig und langlebig ist<\/li>\n<li class=\"md-end-block\">einfarbig im stickerless Design<\/li>\n<li class=\"md-end-block\">geschmeidige Rotation und komfortables Spielgef\u00fchl<\/li>\n<li class=\"md-end-block\">ausgezeichnete Fehlertoleranz f\u00fcr besonders schnelle Zeiten<\/li>\n<li>Viele Stunden Spa\u00df und Kopfzerbrechen mit Freunden und Familie sind garantiert<\/li>\n<\/ul>\n<h3>Spezifikationen:<\/h3>\n<ul>\n<li>Farbe: stickerless<\/li>\n<li>Material: Kunststoff<\/li>\n<li>Produkt Abmessungen: 6,4*6,4*6,4 cm<\/li>\n<li>Produkt Gewicht: 180g<\/li>\n<li>Verpackung: Karton Box<\/li>\n<\/ul>\n","protected":false},"excerpt":{"rendered":"<p>MoYu MF5 5x5x5 Speedcube &#8211; stickerless Der MF5 geh\u00f6rt zur MoYu Cubing Classroom Serie. Obwohl es in die Budget Cube-Kategorie f\u00e4llt, hat es eine hervorragende Leistung gegen\u00fcber anderen 5&#215;5-Einsteigermodellen. Sein Positionierungssystem l\u00e4sst den W\u00fcrfel sich glatt anf\u00fchlen und hat weniger Verriegelungen, das Design der aufgeh\u00e4ngten Ecken erm\u00f6glicht noch mehr Stabilit\u00e4t. Einheitliche versteckte Kante &#8211; Das [&hellip;]<\/p>\n","protected":false},"featured_media":679,"comment_status":"open","ping_status":"closed","template":"","meta":[],"product_brand":[],"product_cat":[55,38,19],"product_tag":[],"class_list":{"0":"post-678","1":"product","2":"type-product","3":"status-publish","4":"has-post-thumbnail","6":"product_cat-5x5","7":"product_cat-moyu","8":"product_cat-zauberwuerfel","10":"first","11":"outofstock","12":"taxable","13":"shipping-taxable","14":"purchasable","15":"product-type-simple"},"yoast_head":"<!-- This site is optimized with the Yoast SEO plugin v26.7 - https:\/\/yoast.com\/wordpress\/plugins\/seo\/ -->\n<title>MoYu MF5 5x5x5 Speedcube - stickerless - gRoods<\/title>\n<meta name=\"robots\" content=\"index, follow, max-snippet:-1, max-image-preview:large, max-video-preview:-1\" \/>\n<link rel=\"canonical\" href=\"https:\/\/www.groods.de\/index.php\/produkt\/moyu-mf5-5x5x5-speedcube-stickerless\/\" \/>\n<meta property=\"og:locale\" content=\"de_DE\" \/>\n<meta property=\"og:type\" content=\"article\" \/>\n<meta property=\"og:title\" content=\"MoYu MF5 5x5x5 Speedcube - stickerless - gRoods\" \/>\n<meta property=\"og:description\" content=\"MoYu MF5 5x5x5 Speedcube &#8211; stickerless Der MF5 geh\u00f6rt zur MoYu Cubing Classroom Serie. Obwohl es in die Budget Cube-Kategorie f\u00e4llt, hat es eine hervorragende Leistung gegen\u00fcber anderen 5&#215;5-Einsteigermodellen. Sein Positionierungssystem l\u00e4sst den W\u00fcrfel sich glatt anf\u00fchlen und hat weniger Verriegelungen, das Design der aufgeh\u00e4ngten Ecken erm\u00f6glicht noch mehr Stabilit\u00e4t. Einheitliche versteckte Kante &#8211; Das [&hellip;]\" \/>\n<meta property=\"og:url\" content=\"https:\/\/www.groods.de\/index.php\/produkt\/moyu-mf5-5x5x5-speedcube-stickerless\/\" \/>\n<meta property=\"og:site_name\" content=\"gRoods\" \/>\n<meta property=\"article:modified_time\" content=\"2025-11-19T21:13:16+00:00\" \/>\n<meta property=\"og:image\" content=\"https:\/\/i0.wp.com\/www.groods.de\/wp-content\/uploads\/2018\/11\/MF5_4_1024.jpeg?fit=1024%2C1024&ssl=1\" \/>\n\t<meta property=\"og:image:width\" content=\"1024\" \/>\n\t<meta property=\"og:image:height\" content=\"1024\" \/>\n\t<meta property=\"og:image:type\" content=\"image\/jpeg\" \/>\n<meta name=\"twitter:card\" content=\"summary_large_image\" \/>\n<meta name=\"twitter:label1\" content=\"Gesch\u00e4tzte Lesezeit\" \/>\n\t<meta name=\"twitter:data1\" content=\"1\u00a0Minute\" \/>\n<script type=\"application\/ld+json\" class=\"yoast-schema-graph\">{\"@context\":\"https:\/\/schema.org\",\"@graph\":[{\"@type\":\"WebPage\",\"@id\":\"https:\/\/www.groods.de\/index.php\/produkt\/moyu-mf5-5x5x5-speedcube-stickerless\/\",\"url\":\"https:\/\/www.groods.de\/index.php\/produkt\/moyu-mf5-5x5x5-speedcube-stickerless\/\",\"name\":\"MoYu MF5 5x5x5 Speedcube - stickerless - gRoods\",\"isPartOf\":{\"@id\":\"https:\/\/www.groods.de\/#website\"},\"primaryImageOfPage\":{\"@id\":\"https:\/\/www.groods.de\/index.php\/produkt\/moyu-mf5-5x5x5-speedcube-stickerless\/#primaryimage\"},\"image\":{\"@id\":\"https:\/\/www.groods.de\/index.php\/produkt\/moyu-mf5-5x5x5-speedcube-stickerless\/#primaryimage\"},\"thumbnailUrl\":\"https:\/\/www.groods.de\/wp-content\/uploads\/2018\/11\/MF5_4_1024.jpeg\",\"datePublished\":\"2018-11-22T21:05:07+00:00\",\"dateModified\":\"2025-11-19T21:13:16+00:00\",\"breadcrumb\":{\"@id\":\"https:\/\/www.groods.de\/index.php\/produkt\/moyu-mf5-5x5x5-speedcube-stickerless\/#breadcrumb\"},\"inLanguage\":\"de\",\"potentialAction\":[{\"@type\":\"ReadAction\",\"target\":[\"https:\/\/www.groods.de\/index.php\/produkt\/moyu-mf5-5x5x5-speedcube-stickerless\/\"]}]},{\"@type\":\"ImageObject\",\"inLanguage\":\"de\",\"@id\":\"https:\/\/www.groods.de\/index.php\/produkt\/moyu-mf5-5x5x5-speedcube-stickerless\/#primaryimage\",\"url\":\"https:\/\/www.groods.de\/wp-content\/uploads\/2018\/11\/MF5_4_1024.jpeg\",\"contentUrl\":\"https:\/\/www.groods.de\/wp-content\/uploads\/2018\/11\/MF5_4_1024.jpeg\",\"width\":1024,\"height\":1024},{\"@type\":\"BreadcrumbList\",\"@id\":\"https:\/\/www.groods.de\/index.php\/produkt\/moyu-mf5-5x5x5-speedcube-stickerless\/#breadcrumb\",\"itemListElement\":[{\"@type\":\"ListItem\",\"position\":1,\"name\":\"Startseite\",\"item\":\"https:\/\/www.groods.de\/\"},{\"@type\":\"ListItem\",\"position\":2,\"name\":\"Shop\",\"item\":\"https:\/\/www.groods.de\/index.php\/shop\/\"},{\"@type\":\"ListItem\",\"position\":3,\"name\":\"MoYu MF5 5x5x5 Speedcube &#8211; stickerless\"}]},{\"@type\":\"WebSite\",\"@id\":\"https:\/\/www.groods.de\/#website\",\"url\":\"https:\/\/www.groods.de\/\",\"name\":\"gRoods.de\",\"description\":\"Entdecke die Welt der Speedcubes\",\"publisher\":{\"@id\":\"https:\/\/www.groods.de\/#organization\"},\"potentialAction\":[{\"@type\":\"SearchAction\",\"target\":{\"@type\":\"EntryPoint\",\"urlTemplate\":\"https:\/\/www.groods.de\/?s={search_term_string}\"},\"query-input\":{\"@type\":\"PropertyValueSpecification\",\"valueRequired\":true,\"valueName\":\"search_term_string\"}}],\"inLanguage\":\"de\"},{\"@type\":\"Organization\",\"@id\":\"https:\/\/www.groods.de\/#organization\",\"name\":\"gRoods.de\",\"url\":\"https:\/\/www.groods.de\/\",\"logo\":{\"@type\":\"ImageObject\",\"inLanguage\":\"de\",\"@id\":\"https:\/\/www.groods.de\/#\/schema\/logo\/image\/\",\"url\":\"https:\/\/www.groods.de\/wp-content\/uploads\/2018\/08\/logo.png\",\"contentUrl\":\"https:\/\/www.groods.de\/wp-content\/uploads\/2018\/08\/logo.png\",\"width\":1077,\"height\":373,\"caption\":\"gRoods.de\"},\"image\":{\"@id\":\"https:\/\/www.groods.de\/#\/schema\/logo\/image\/\"}}]}<\/script>\n<!-- \/ Yoast SEO plugin. -->","yoast_head_json":{"title":"MoYu MF5 5x5x5 Speedcube - stickerless - gRoods","robots":{"index":"index","follow":"follow","max-snippet":"max-snippet:-1","max-image-preview":"max-image-preview:large","max-video-preview":"max-video-preview:-1"},"canonical":"https:\/\/www.groods.de\/index.php\/produkt\/moyu-mf5-5x5x5-speedcube-stickerless\/","og_locale":"de_DE","og_type":"article","og_title":"MoYu MF5 5x5x5 Speedcube - stickerless - gRoods","og_description":"MoYu MF5 5x5x5 Speedcube &#8211; stickerless Der MF5 geh\u00f6rt zur MoYu Cubing Classroom Serie. Obwohl es in die Budget Cube-Kategorie f\u00e4llt, hat es eine hervorragende Leistung gegen\u00fcber anderen 5&#215;5-Einsteigermodellen. Sein Positionierungssystem l\u00e4sst den W\u00fcrfel sich glatt anf\u00fchlen und hat weniger Verriegelungen, das Design der aufgeh\u00e4ngten Ecken erm\u00f6glicht noch mehr Stabilit\u00e4t. Einheitliche versteckte Kante &#8211; Das [&hellip;]","og_url":"https:\/\/www.groods.de\/index.php\/produkt\/moyu-mf5-5x5x5-speedcube-stickerless\/","og_site_name":"gRoods","article_modified_time":"2025-11-19T21:13:16+00:00","og_image":[{"width":1024,"height":1024,"url":"https:\/\/i0.wp.com\/www.groods.de\/wp-content\/uploads\/2018\/11\/MF5_4_1024.jpeg?fit=1024%2C1024&ssl=1","type":"image\/jpeg"}],"twitter_card":"summary_large_image","twitter_misc":{"Gesch\u00e4tzte Lesezeit":"1\u00a0Minute"},"schema":{"@context":"https:\/\/schema.org","@graph":[{"@type":"WebPage","@id":"https:\/\/www.groods.de\/index.php\/produkt\/moyu-mf5-5x5x5-speedcube-stickerless\/","url":"https:\/\/www.groods.de\/index.php\/produkt\/moyu-mf5-5x5x5-speedcube-stickerless\/","name":"MoYu MF5 5x5x5 Speedcube - stickerless - gRoods","isPartOf":{"@id":"https:\/\/www.groods.de\/#website"},"primaryImageOfPage":{"@id":"https:\/\/www.groods.de\/index.php\/produkt\/moyu-mf5-5x5x5-speedcube-stickerless\/#primaryimage"},"image":{"@id":"https:\/\/www.groods.de\/index.php\/produkt\/moyu-mf5-5x5x5-speedcube-stickerless\/#primaryimage"},"thumbnailUrl":"https:\/\/www.groods.de\/wp-content\/uploads\/2018\/11\/MF5_4_1024.jpeg","datePublished":"2018-11-22T21:05:07+00:00","dateModified":"2025-11-19T21:13:16+00:00","breadcrumb":{"@id":"https:\/\/www.groods.de\/index.php\/produkt\/moyu-mf5-5x5x5-speedcube-stickerless\/#breadcrumb"},"inLanguage":"de","potentialAction":[{"@type":"ReadAction","target":["https:\/\/www.groods.de\/index.php\/produkt\/moyu-mf5-5x5x5-speedcube-stickerless\/"]}]},{"@type":"ImageObject","inLanguage":"de","@id":"https:\/\/www.groods.de\/index.php\/produkt\/moyu-mf5-5x5x5-speedcube-stickerless\/#primaryimage","url":"https:\/\/www.groods.de\/wp-content\/uploads\/2018\/11\/MF5_4_1024.jpeg","contentUrl":"https:\/\/www.groods.de\/wp-content\/uploads\/2018\/11\/MF5_4_1024.jpeg","width":1024,"height":1024},{"@type":"BreadcrumbList","@id":"https:\/\/www.groods.de\/index.php\/produkt\/moyu-mf5-5x5x5-speedcube-stickerless\/#breadcrumb","itemListElement":[{"@type":"ListItem","position":1,"name":"Startseite","item":"https:\/\/www.groods.de\/"},{"@type":"ListItem","position":2,"name":"Shop","item":"https:\/\/www.groods.de\/index.php\/shop\/"},{"@type":"ListItem","position":3,"name":"MoYu MF5 5x5x5 Speedcube &#8211; stickerless"}]},{"@type":"WebSite","@id":"https:\/\/www.groods.de\/#website","url":"https:\/\/www.groods.de\/","name":"gRoods.de","description":"Entdecke die Welt der Speedcubes","publisher":{"@id":"https:\/\/www.groods.de\/#organization"},"potentialAction":[{"@type":"SearchAction","target":{"@type":"EntryPoint","urlTemplate":"https:\/\/www.groods.de\/?s={search_term_string}"},"query-input":{"@type":"PropertyValueSpecification","valueRequired":true,"valueName":"search_term_string"}}],"inLanguage":"de"},{"@type":"Organization","@id":"https:\/\/www.groods.de\/#organization","name":"gRoods.de","url":"https:\/\/www.groods.de\/","logo":{"@type":"ImageObject","inLanguage":"de","@id":"https:\/\/www.groods.de\/#\/schema\/logo\/image\/","url":"https:\/\/www.groods.de\/wp-content\/uploads\/2018\/08\/logo.png","contentUrl":"https:\/\/www.groods.de\/wp-content\/uploads\/2018\/08\/logo.png","width":1077,"height":373,"caption":"gRoods.de"},"image":{"@id":"https:\/\/www.groods.de\/#\/schema\/logo\/image\/"}}]}},"_links":{"self":[{"href":"https:\/\/www.groods.de\/index.php\/wp-json\/wp\/v2\/product\/678","targetHints":{"allow":["GET"]}}],"collection":[{"href":"https:\/\/www.groods.de\/index.php\/wp-json\/wp\/v2\/product"}],"about":[{"href":"https:\/\/www.groods.de\/index.php\/wp-json\/wp\/v2\/types\/product"}],"replies":[{"embeddable":true,"href":"https:\/\/www.groods.de\/index.php\/wp-json\/wp\/v2\/comments?post=678"}],"wp:featuredmedia":[{"embeddable":true,"href":"https:\/\/www.groods.de\/index.php\/wp-json\/wp\/v2\/media\/679"}],"wp:attachment":[{"href":"https:\/\/www.groods.de\/index.php\/wp-json\/wp\/v2\/media?parent=678"}],"wp:term":[{"taxonomy":"product_brand","embeddable":true,"href":"https:\/\/www.groods.de\/index.php\/wp-json\/wp\/v2\/product_brand?post=678"},{"taxonomy":"product_cat","embeddable":true,"href":"https:\/\/www.groods.de\/index.php\/wp-json\/wp\/v2\/product_cat?post=678"},{"taxonomy":"product_tag","embeddable":true,"href":"https:\/\/www.groods.de\/index.php\/wp-json\/wp\/v2\/product_tag?post=678"}],"curies":[{"name":"wp","href":"https:\/\/api.w.org\/{rel}","templated":true}]}}