{"id":6757,"date":"2020-07-11T18:33:05","date_gmt":"2020-07-11T16:33:05","guid":{"rendered":"https:\/\/www.groods.de\/index.php\/produkt\/professional-alloy-yoyo-windrunner-blau\/"},"modified":"2025-12-10T12:21:06","modified_gmt":"2025-12-10T11:21:06","slug":"professional-alloy-yoyo-windrunner-blau","status":"publish","type":"product","link":"https:\/\/www.groods.de\/index.php\/produkt\/professional-alloy-yoyo-windrunner-blau\/","title":{"rendered":"Professional Alloy YoYo Windrunner &#8211; blau"},"content":{"rendered":"<h1>Professional Alloy YoYo Windrunner &#8211; blau<\/h1>\n<p>Das Professional Alloy YoYo Windrunner ist eine Sonderanfertigung und hat eine sehr gute Gewichtsverteilung nach au\u00dfen hin und bringt damit lange Spins und Stabilit\u00e4t mit sich. Im Inneren \u00fcberzeugt der fest installierte Metallsitz f\u00fcr das breitere Kugellager sowie das Schnur-zentrierende Kugellager selbst. Das sichert einen vibrationsfreien Lauf. Die kantige H-Form hat richtig viel Power und sorgt damit f\u00fcr einen langen Freilauf (auch Leerlauf, Spin oder Sleeper genannt).<\/p>\n<p><strong><u>Tipp:\u00a0<\/u><\/strong>Wenn du das YoYo dauerhaft und viel spielen willst, \u00f6le das schmale Kugellager regelm\u00e4\u00dfig mit Feinmechaniker\u00f6l.<\/p>\n<h4>Spezifikationen<\/h4>\n<ul>\n<li>High Speed High Gloss Metall (6061er Aluminum)<\/li>\n<li>qualitativ hochwertiges U-Type Bearing Kugellager welches deutlich leichter l\u00e4uft als bei anderen YoYo&#8217;s<\/li>\n<li>Gewicht ca. 70g<\/li>\n<li>inkl. 3x YoYo Schnur<\/li>\n<\/ul>\n","protected":false},"excerpt":{"rendered":"<p>Professional Alloy YoYo Windrunner &#8211; blau Das Professional Alloy YoYo Windrunner ist eine Sonderanfertigung und hat eine sehr gute Gewichtsverteilung nach au\u00dfen hin und bringt damit lange Spins und Stabilit\u00e4t mit sich. Im Inneren \u00fcberzeugt der fest installierte Metallsitz f\u00fcr das breitere Kugellager sowie das Schnur-zentrierende Kugellager selbst. Das sichert einen vibrationsfreien Lauf. Die kantige [&hellip;]<\/p>\n","protected":false},"featured_media":6961,"comment_status":"open","ping_status":"closed","template":"","meta":[],"product_brand":[],"product_cat":[86,91],"product_tag":[],"class_list":{"0":"post-6757","1":"product","2":"type-product","3":"status-publish","4":"has-post-thumbnail","6":"product_cat-neue-produkte","7":"product_cat-yoyo","9":"first","10":"instock","11":"taxable","12":"shipping-taxable","13":"purchasable","14":"product-type-simple"},"yoast_head":"<!-- This site is optimized with the Yoast SEO plugin v26.7 - https:\/\/yoast.com\/wordpress\/plugins\/seo\/ -->\n<title>Professional Alloy YoYo Windrunner - blau - gRoods<\/title>\n<meta name=\"robots\" content=\"index, follow, max-snippet:-1, max-image-preview:large, max-video-preview:-1\" \/>\n<link rel=\"canonical\" href=\"https:\/\/www.groods.de\/index.php\/produkt\/professional-alloy-yoyo-windrunner-blau\/\" \/>\n<meta property=\"og:locale\" content=\"de_DE\" \/>\n<meta property=\"og:type\" content=\"article\" \/>\n<meta property=\"og:title\" content=\"Professional Alloy YoYo Windrunner - blau - gRoods\" \/>\n<meta property=\"og:description\" content=\"Professional Alloy YoYo Windrunner &#8211; blau Das Professional Alloy YoYo Windrunner ist eine Sonderanfertigung und hat eine sehr gute Gewichtsverteilung nach au\u00dfen hin und bringt damit lange Spins und Stabilit\u00e4t mit sich. Im Inneren \u00fcberzeugt der fest installierte Metallsitz f\u00fcr das breitere Kugellager sowie das Schnur-zentrierende Kugellager selbst. Das sichert einen vibrationsfreien Lauf. Die kantige [&hellip;]\" \/>\n<meta property=\"og:url\" content=\"https:\/\/www.groods.de\/index.php\/produkt\/professional-alloy-yoyo-windrunner-blau\/\" \/>\n<meta property=\"og:site_name\" content=\"gRoods\" \/>\n<meta property=\"article:modified_time\" content=\"2025-12-10T11:21:06+00:00\" \/>\n<meta property=\"og:image\" content=\"https:\/\/www.groods.de\/wp-content\/uploads\/2020\/07\/Windrunner-blue1.jpg\" \/>\n\t<meta property=\"og:image:width\" content=\"1099\" \/>\n\t<meta property=\"og:image:height\" content=\"1037\" \/>\n\t<meta property=\"og:image:type\" content=\"image\/jpeg\" \/>\n<meta name=\"twitter:card\" content=\"summary_large_image\" \/>\n<meta name=\"twitter:label1\" content=\"Gesch\u00e4tzte Lesezeit\" \/>\n\t<meta name=\"twitter:data1\" content=\"1\u00a0Minute\" \/>\n<script type=\"application\/ld+json\" class=\"yoast-schema-graph\">{\"@context\":\"https:\/\/schema.org\",\"@graph\":[{\"@type\":\"WebPage\",\"@id\":\"https:\/\/www.groods.de\/index.php\/produkt\/professional-alloy-yoyo-windrunner-blau\/\",\"url\":\"https:\/\/www.groods.de\/index.php\/produkt\/professional-alloy-yoyo-windrunner-blau\/\",\"name\":\"Professional Alloy YoYo Windrunner - blau - gRoods\",\"isPartOf\":{\"@id\":\"https:\/\/www.groods.de\/#website\"},\"primaryImageOfPage\":{\"@id\":\"https:\/\/www.groods.de\/index.php\/produkt\/professional-alloy-yoyo-windrunner-blau\/#primaryimage\"},\"image\":{\"@id\":\"https:\/\/www.groods.de\/index.php\/produkt\/professional-alloy-yoyo-windrunner-blau\/#primaryimage\"},\"thumbnailUrl\":\"https:\/\/www.groods.de\/wp-content\/uploads\/2020\/07\/Windrunner-blue1.jpg\",\"datePublished\":\"2020-07-11T16:33:05+00:00\",\"dateModified\":\"2025-12-10T11:21:06+00:00\",\"breadcrumb\":{\"@id\":\"https:\/\/www.groods.de\/index.php\/produkt\/professional-alloy-yoyo-windrunner-blau\/#breadcrumb\"},\"inLanguage\":\"de\",\"potentialAction\":[{\"@type\":\"ReadAction\",\"target\":[\"https:\/\/www.groods.de\/index.php\/produkt\/professional-alloy-yoyo-windrunner-blau\/\"]}]},{\"@type\":\"ImageObject\",\"inLanguage\":\"de\",\"@id\":\"https:\/\/www.groods.de\/index.php\/produkt\/professional-alloy-yoyo-windrunner-blau\/#primaryimage\",\"url\":\"https:\/\/www.groods.de\/wp-content\/uploads\/2020\/07\/Windrunner-blue1.jpg\",\"contentUrl\":\"https:\/\/www.groods.de\/wp-content\/uploads\/2020\/07\/Windrunner-blue1.jpg\",\"width\":1099,\"height\":1037},{\"@type\":\"BreadcrumbList\",\"@id\":\"https:\/\/www.groods.de\/index.php\/produkt\/professional-alloy-yoyo-windrunner-blau\/#breadcrumb\",\"itemListElement\":[{\"@type\":\"ListItem\",\"position\":1,\"name\":\"Startseite\",\"item\":\"https:\/\/www.groods.de\/\"},{\"@type\":\"ListItem\",\"position\":2,\"name\":\"Shop\",\"item\":\"https:\/\/www.groods.de\/index.php\/shop\/\"},{\"@type\":\"ListItem\",\"position\":3,\"name\":\"Professional Alloy YoYo Windrunner &#8211; blau\"}]},{\"@type\":\"WebSite\",\"@id\":\"https:\/\/www.groods.de\/#website\",\"url\":\"https:\/\/www.groods.de\/\",\"name\":\"gRoods.de\",\"description\":\"Entdecke die Welt der Speedcubes\",\"publisher\":{\"@id\":\"https:\/\/www.groods.de\/#organization\"},\"potentialAction\":[{\"@type\":\"SearchAction\",\"target\":{\"@type\":\"EntryPoint\",\"urlTemplate\":\"https:\/\/www.groods.de\/?s={search_term_string}\"},\"query-input\":{\"@type\":\"PropertyValueSpecification\",\"valueRequired\":true,\"valueName\":\"search_term_string\"}}],\"inLanguage\":\"de\"},{\"@type\":\"Organization\",\"@id\":\"https:\/\/www.groods.de\/#organization\",\"name\":\"gRoods.de\",\"url\":\"https:\/\/www.groods.de\/\",\"logo\":{\"@type\":\"ImageObject\",\"inLanguage\":\"de\",\"@id\":\"https:\/\/www.groods.de\/#\/schema\/logo\/image\/\",\"url\":\"https:\/\/www.groods.de\/wp-content\/uploads\/2018\/08\/logo.png\",\"contentUrl\":\"https:\/\/www.groods.de\/wp-content\/uploads\/2018\/08\/logo.png\",\"width\":1077,\"height\":373,\"caption\":\"gRoods.de\"},\"image\":{\"@id\":\"https:\/\/www.groods.de\/#\/schema\/logo\/image\/\"}}]}<\/script>\n<!-- \/ Yoast SEO plugin. -->","yoast_head_json":{"title":"Professional Alloy YoYo Windrunner - blau - gRoods","robots":{"index":"index","follow":"follow","max-snippet":"max-snippet:-1","max-image-preview":"max-image-preview:large","max-video-preview":"max-video-preview:-1"},"canonical":"https:\/\/www.groods.de\/index.php\/produkt\/professional-alloy-yoyo-windrunner-blau\/","og_locale":"de_DE","og_type":"article","og_title":"Professional Alloy YoYo Windrunner - blau - gRoods","og_description":"Professional Alloy YoYo Windrunner &#8211; blau Das Professional Alloy YoYo Windrunner ist eine Sonderanfertigung und hat eine sehr gute Gewichtsverteilung nach au\u00dfen hin und bringt damit lange Spins und Stabilit\u00e4t mit sich. Im Inneren \u00fcberzeugt der fest installierte Metallsitz f\u00fcr das breitere Kugellager sowie das Schnur-zentrierende Kugellager selbst. Das sichert einen vibrationsfreien Lauf. Die kantige [&hellip;]","og_url":"https:\/\/www.groods.de\/index.php\/produkt\/professional-alloy-yoyo-windrunner-blau\/","og_site_name":"gRoods","article_modified_time":"2025-12-10T11:21:06+00:00","og_image":[{"width":1099,"height":1037,"url":"https:\/\/www.groods.de\/wp-content\/uploads\/2020\/07\/Windrunner-blue1.jpg","type":"image\/jpeg"}],"twitter_card":"summary_large_image","twitter_misc":{"Gesch\u00e4tzte Lesezeit":"1\u00a0Minute"},"schema":{"@context":"https:\/\/schema.org","@graph":[{"@type":"WebPage","@id":"https:\/\/www.groods.de\/index.php\/produkt\/professional-alloy-yoyo-windrunner-blau\/","url":"https:\/\/www.groods.de\/index.php\/produkt\/professional-alloy-yoyo-windrunner-blau\/","name":"Professional Alloy YoYo Windrunner - blau - gRoods","isPartOf":{"@id":"https:\/\/www.groods.de\/#website"},"primaryImageOfPage":{"@id":"https:\/\/www.groods.de\/index.php\/produkt\/professional-alloy-yoyo-windrunner-blau\/#primaryimage"},"image":{"@id":"https:\/\/www.groods.de\/index.php\/produkt\/professional-alloy-yoyo-windrunner-blau\/#primaryimage"},"thumbnailUrl":"https:\/\/www.groods.de\/wp-content\/uploads\/2020\/07\/Windrunner-blue1.jpg","datePublished":"2020-07-11T16:33:05+00:00","dateModified":"2025-12-10T11:21:06+00:00","breadcrumb":{"@id":"https:\/\/www.groods.de\/index.php\/produkt\/professional-alloy-yoyo-windrunner-blau\/#breadcrumb"},"inLanguage":"de","potentialAction":[{"@type":"ReadAction","target":["https:\/\/www.groods.de\/index.php\/produkt\/professional-alloy-yoyo-windrunner-blau\/"]}]},{"@type":"ImageObject","inLanguage":"de","@id":"https:\/\/www.groods.de\/index.php\/produkt\/professional-alloy-yoyo-windrunner-blau\/#primaryimage","url":"https:\/\/www.groods.de\/wp-content\/uploads\/2020\/07\/Windrunner-blue1.jpg","contentUrl":"https:\/\/www.groods.de\/wp-content\/uploads\/2020\/07\/Windrunner-blue1.jpg","width":1099,"height":1037},{"@type":"BreadcrumbList","@id":"https:\/\/www.groods.de\/index.php\/produkt\/professional-alloy-yoyo-windrunner-blau\/#breadcrumb","itemListElement":[{"@type":"ListItem","position":1,"name":"Startseite","item":"https:\/\/www.groods.de\/"},{"@type":"ListItem","position":2,"name":"Shop","item":"https:\/\/www.groods.de\/index.php\/shop\/"},{"@type":"ListItem","position":3,"name":"Professional Alloy YoYo Windrunner &#8211; blau"}]},{"@type":"WebSite","@id":"https:\/\/www.groods.de\/#website","url":"https:\/\/www.groods.de\/","name":"gRoods.de","description":"Entdecke die Welt der Speedcubes","publisher":{"@id":"https:\/\/www.groods.de\/#organization"},"potentialAction":[{"@type":"SearchAction","target":{"@type":"EntryPoint","urlTemplate":"https:\/\/www.groods.de\/?s={search_term_string}"},"query-input":{"@type":"PropertyValueSpecification","valueRequired":true,"valueName":"search_term_string"}}],"inLanguage":"de"},{"@type":"Organization","@id":"https:\/\/www.groods.de\/#organization","name":"gRoods.de","url":"https:\/\/www.groods.de\/","logo":{"@type":"ImageObject","inLanguage":"de","@id":"https:\/\/www.groods.de\/#\/schema\/logo\/image\/","url":"https:\/\/www.groods.de\/wp-content\/uploads\/2018\/08\/logo.png","contentUrl":"https:\/\/www.groods.de\/wp-content\/uploads\/2018\/08\/logo.png","width":1077,"height":373,"caption":"gRoods.de"},"image":{"@id":"https:\/\/www.groods.de\/#\/schema\/logo\/image\/"}}]}},"_links":{"self":[{"href":"https:\/\/www.groods.de\/index.php\/wp-json\/wp\/v2\/product\/6757","targetHints":{"allow":["GET"]}}],"collection":[{"href":"https:\/\/www.groods.de\/index.php\/wp-json\/wp\/v2\/product"}],"about":[{"href":"https:\/\/www.groods.de\/index.php\/wp-json\/wp\/v2\/types\/product"}],"replies":[{"embeddable":true,"href":"https:\/\/www.groods.de\/index.php\/wp-json\/wp\/v2\/comments?post=6757"}],"wp:featuredmedia":[{"embeddable":true,"href":"https:\/\/www.groods.de\/index.php\/wp-json\/wp\/v2\/media\/6961"}],"wp:attachment":[{"href":"https:\/\/www.groods.de\/index.php\/wp-json\/wp\/v2\/media?parent=6757"}],"wp:term":[{"taxonomy":"product_brand","embeddable":true,"href":"https:\/\/www.groods.de\/index.php\/wp-json\/wp\/v2\/product_brand?post=6757"},{"taxonomy":"product_cat","embeddable":true,"href":"https:\/\/www.groods.de\/index.php\/wp-json\/wp\/v2\/product_cat?post=6757"},{"taxonomy":"product_tag","embeddable":true,"href":"https:\/\/www.groods.de\/index.php\/wp-json\/wp\/v2\/product_tag?post=6757"}],"curies":[{"name":"wp","href":"https:\/\/api.w.org\/{rel}","templated":true}]}}