{"id":6753,"date":"2020-07-11T18:32:54","date_gmt":"2020-07-11T16:32:54","guid":{"rendered":"https:\/\/www.groods.de\/index.php\/produkt\/yj-magnetic-puzzle-solid-color\/"},"modified":"2025-11-19T22:33:01","modified_gmt":"2025-11-19T21:33:01","slug":"yj-magnetic-puzzle-solid-color","status":"publish","type":"product","link":"https:\/\/www.groods.de\/index.php\/produkt\/yj-magnetic-puzzle-solid-color\/","title":{"rendered":"YJ Magnetic Puzzle &#8211; solid color"},"content":{"rendered":"<h1>YJ Magnetic Puzzle &#8211; solid color<\/h1>\n<p>Das neue Magnetic Puzzle von YongJun bietet Ihnen mit 7 Bl\u00f6cken eine Vielzahl von Formen die sie bauen k\u00f6nnen. Auf den 54 Puzzle Karten k\u00f6nnen sie 108 M\u00f6glichkeiten verschiedener Konstruktionen entdecken. Die Magnete sorgen daf\u00fcr das Ihr block genau da bleibt wo er soll und Ihr Bauwerk nicht zusammenf\u00e4llt. Es ist schwerer als es sich anh\u00f6rt und f\u00f6rdert logisches denken und die r\u00e4umliche Vorstellungskraft. Ideal f\u00fcr gro\u00df und klein!<\/p>\n<h3>Eigenschaften<\/h3>\n<ul>\n<li>glatte Oberfl\u00e4che und schnelle Drehgeschwindigkeit<\/li>\n<li class=\"md-end-block\">neu und Originalverpackt<\/li>\n<li class=\"md-end-block\">aus hochwertigem ABS Material, das umweltfreundlich, ungiftig und langlebig ist<\/li>\n<li class=\"md-end-block\">Design: stickerless<\/li>\n<li class=\"md-end-block\">geschmeidige Rotation und komfortables Spielgef\u00fchl<\/li>\n<li class=\"md-end-block\">ausgezeichnete Fehlertoleranz f\u00fcr besonders schnelle Zeiten<\/li>\n<li>Viele Stunden Spa\u00df und Kopfzerbrechen mit Freunden und Familie sind garantiert<\/li>\n<\/ul>\n<h3>Spezifikationen<\/h3>\n<ul>\n<li>Farbe: Stickerless<\/li>\n<li>Material: Kunststoff<\/li>\n<li>Produkt Abmessungen: 5,7 x <span class=\"\">5,7 x <\/span>5,7 cm<\/li>\n<li>Produkt Gewicht: 110g<\/li>\n<li>Verpackung: Karton Box<\/li>\n<\/ul>\n<p>&nbsp;<\/p>\n","protected":false},"excerpt":{"rendered":"<p>YJ Magnetic Puzzle &#8211; solid color Das neue Magnetic Puzzle von YongJun bietet Ihnen mit 7 Bl\u00f6cken eine Vielzahl von Formen die sie bauen k\u00f6nnen. Auf den 54 Puzzle Karten k\u00f6nnen sie 108 M\u00f6glichkeiten verschiedener Konstruktionen entdecken. Die Magnete sorgen daf\u00fcr das Ihr block genau da bleibt wo er soll und Ihr Bauwerk nicht zusammenf\u00e4llt. [&hellip;]<\/p>\n","protected":false},"featured_media":6779,"comment_status":"open","ping_status":"closed","template":"","meta":[],"product_brand":[],"product_cat":[45,86,42],"product_tag":[],"class_list":{"0":"post-6753","1":"product","2":"type-product","3":"status-publish","4":"has-post-thumbnail","6":"product_cat-andere-formen","7":"product_cat-neue-produkte","8":"product_cat-yj","10":"first","11":"instock","12":"taxable","13":"shipping-taxable","14":"purchasable","15":"product-type-simple"},"yoast_head":"<!-- This site is optimized with the Yoast SEO plugin v26.7 - https:\/\/yoast.com\/wordpress\/plugins\/seo\/ -->\n<title>YJ Magnetic Puzzle - solid color - gRoods<\/title>\n<meta name=\"robots\" content=\"index, follow, max-snippet:-1, max-image-preview:large, max-video-preview:-1\" \/>\n<link rel=\"canonical\" href=\"https:\/\/www.groods.de\/index.php\/produkt\/yj-magnetic-puzzle-solid-color\/\" \/>\n<meta property=\"og:locale\" content=\"de_DE\" \/>\n<meta property=\"og:type\" content=\"article\" \/>\n<meta property=\"og:title\" content=\"YJ Magnetic Puzzle - solid color - gRoods\" \/>\n<meta property=\"og:description\" content=\"YJ Magnetic Puzzle &#8211; solid color Das neue Magnetic Puzzle von YongJun bietet Ihnen mit 7 Bl\u00f6cken eine Vielzahl von Formen die sie bauen k\u00f6nnen. Auf den 54 Puzzle Karten k\u00f6nnen sie 108 M\u00f6glichkeiten verschiedener Konstruktionen entdecken. Die Magnete sorgen daf\u00fcr das Ihr block genau da bleibt wo er soll und Ihr Bauwerk nicht zusammenf\u00e4llt. [&hellip;]\" \/>\n<meta property=\"og:url\" content=\"https:\/\/www.groods.de\/index.php\/produkt\/yj-magnetic-puzzle-solid-color\/\" \/>\n<meta property=\"og:site_name\" content=\"gRoods\" \/>\n<meta property=\"article:modified_time\" content=\"2025-11-19T21:33:01+00:00\" \/>\n<meta property=\"og:image\" content=\"https:\/\/www.groods.de\/wp-content\/uploads\/2020\/07\/YJ-Magnetic-Puzzle-solid-color-12.jpg\" \/>\n\t<meta property=\"og:image:width\" content=\"2254\" \/>\n\t<meta property=\"og:image:height\" content=\"2256\" \/>\n\t<meta property=\"og:image:type\" content=\"image\/jpeg\" \/>\n<meta name=\"twitter:card\" content=\"summary_large_image\" \/>\n<meta name=\"twitter:label1\" content=\"Gesch\u00e4tzte Lesezeit\" \/>\n\t<meta name=\"twitter:data1\" content=\"1\u00a0Minute\" \/>\n<script type=\"application\/ld+json\" class=\"yoast-schema-graph\">{\"@context\":\"https:\/\/schema.org\",\"@graph\":[{\"@type\":\"WebPage\",\"@id\":\"https:\/\/www.groods.de\/index.php\/produkt\/yj-magnetic-puzzle-solid-color\/\",\"url\":\"https:\/\/www.groods.de\/index.php\/produkt\/yj-magnetic-puzzle-solid-color\/\",\"name\":\"YJ Magnetic Puzzle - solid color - gRoods\",\"isPartOf\":{\"@id\":\"https:\/\/www.groods.de\/#website\"},\"primaryImageOfPage\":{\"@id\":\"https:\/\/www.groods.de\/index.php\/produkt\/yj-magnetic-puzzle-solid-color\/#primaryimage\"},\"image\":{\"@id\":\"https:\/\/www.groods.de\/index.php\/produkt\/yj-magnetic-puzzle-solid-color\/#primaryimage\"},\"thumbnailUrl\":\"https:\/\/www.groods.de\/wp-content\/uploads\/2020\/07\/YJ-Magnetic-Puzzle-solid-color-12.jpg\",\"datePublished\":\"2020-07-11T16:32:54+00:00\",\"dateModified\":\"2025-11-19T21:33:01+00:00\",\"breadcrumb\":{\"@id\":\"https:\/\/www.groods.de\/index.php\/produkt\/yj-magnetic-puzzle-solid-color\/#breadcrumb\"},\"inLanguage\":\"de\",\"potentialAction\":[{\"@type\":\"ReadAction\",\"target\":[\"https:\/\/www.groods.de\/index.php\/produkt\/yj-magnetic-puzzle-solid-color\/\"]}]},{\"@type\":\"ImageObject\",\"inLanguage\":\"de\",\"@id\":\"https:\/\/www.groods.de\/index.php\/produkt\/yj-magnetic-puzzle-solid-color\/#primaryimage\",\"url\":\"https:\/\/www.groods.de\/wp-content\/uploads\/2020\/07\/YJ-Magnetic-Puzzle-solid-color-12.jpg\",\"contentUrl\":\"https:\/\/www.groods.de\/wp-content\/uploads\/2020\/07\/YJ-Magnetic-Puzzle-solid-color-12.jpg\",\"width\":2254,\"height\":2256},{\"@type\":\"BreadcrumbList\",\"@id\":\"https:\/\/www.groods.de\/index.php\/produkt\/yj-magnetic-puzzle-solid-color\/#breadcrumb\",\"itemListElement\":[{\"@type\":\"ListItem\",\"position\":1,\"name\":\"Startseite\",\"item\":\"https:\/\/www.groods.de\/\"},{\"@type\":\"ListItem\",\"position\":2,\"name\":\"Shop\",\"item\":\"https:\/\/www.groods.de\/index.php\/shop\/\"},{\"@type\":\"ListItem\",\"position\":3,\"name\":\"YJ Magnetic Puzzle &#8211; solid color\"}]},{\"@type\":\"WebSite\",\"@id\":\"https:\/\/www.groods.de\/#website\",\"url\":\"https:\/\/www.groods.de\/\",\"name\":\"gRoods.de\",\"description\":\"Entdecke die Welt der Speedcubes\",\"publisher\":{\"@id\":\"https:\/\/www.groods.de\/#organization\"},\"potentialAction\":[{\"@type\":\"SearchAction\",\"target\":{\"@type\":\"EntryPoint\",\"urlTemplate\":\"https:\/\/www.groods.de\/?s={search_term_string}\"},\"query-input\":{\"@type\":\"PropertyValueSpecification\",\"valueRequired\":true,\"valueName\":\"search_term_string\"}}],\"inLanguage\":\"de\"},{\"@type\":\"Organization\",\"@id\":\"https:\/\/www.groods.de\/#organization\",\"name\":\"gRoods.de\",\"url\":\"https:\/\/www.groods.de\/\",\"logo\":{\"@type\":\"ImageObject\",\"inLanguage\":\"de\",\"@id\":\"https:\/\/www.groods.de\/#\/schema\/logo\/image\/\",\"url\":\"https:\/\/www.groods.de\/wp-content\/uploads\/2018\/08\/logo.png\",\"contentUrl\":\"https:\/\/www.groods.de\/wp-content\/uploads\/2018\/08\/logo.png\",\"width\":1077,\"height\":373,\"caption\":\"gRoods.de\"},\"image\":{\"@id\":\"https:\/\/www.groods.de\/#\/schema\/logo\/image\/\"}}]}<\/script>\n<!-- \/ Yoast SEO plugin. -->","yoast_head_json":{"title":"YJ Magnetic Puzzle - solid color - gRoods","robots":{"index":"index","follow":"follow","max-snippet":"max-snippet:-1","max-image-preview":"max-image-preview:large","max-video-preview":"max-video-preview:-1"},"canonical":"https:\/\/www.groods.de\/index.php\/produkt\/yj-magnetic-puzzle-solid-color\/","og_locale":"de_DE","og_type":"article","og_title":"YJ Magnetic Puzzle - solid color - gRoods","og_description":"YJ Magnetic Puzzle &#8211; solid color Das neue Magnetic Puzzle von YongJun bietet Ihnen mit 7 Bl\u00f6cken eine Vielzahl von Formen die sie bauen k\u00f6nnen. Auf den 54 Puzzle Karten k\u00f6nnen sie 108 M\u00f6glichkeiten verschiedener Konstruktionen entdecken. Die Magnete sorgen daf\u00fcr das Ihr block genau da bleibt wo er soll und Ihr Bauwerk nicht zusammenf\u00e4llt. [&hellip;]","og_url":"https:\/\/www.groods.de\/index.php\/produkt\/yj-magnetic-puzzle-solid-color\/","og_site_name":"gRoods","article_modified_time":"2025-11-19T21:33:01+00:00","og_image":[{"width":2254,"height":2256,"url":"https:\/\/www.groods.de\/wp-content\/uploads\/2020\/07\/YJ-Magnetic-Puzzle-solid-color-12.jpg","type":"image\/jpeg"}],"twitter_card":"summary_large_image","twitter_misc":{"Gesch\u00e4tzte Lesezeit":"1\u00a0Minute"},"schema":{"@context":"https:\/\/schema.org","@graph":[{"@type":"WebPage","@id":"https:\/\/www.groods.de\/index.php\/produkt\/yj-magnetic-puzzle-solid-color\/","url":"https:\/\/www.groods.de\/index.php\/produkt\/yj-magnetic-puzzle-solid-color\/","name":"YJ Magnetic Puzzle - solid color - gRoods","isPartOf":{"@id":"https:\/\/www.groods.de\/#website"},"primaryImageOfPage":{"@id":"https:\/\/www.groods.de\/index.php\/produkt\/yj-magnetic-puzzle-solid-color\/#primaryimage"},"image":{"@id":"https:\/\/www.groods.de\/index.php\/produkt\/yj-magnetic-puzzle-solid-color\/#primaryimage"},"thumbnailUrl":"https:\/\/www.groods.de\/wp-content\/uploads\/2020\/07\/YJ-Magnetic-Puzzle-solid-color-12.jpg","datePublished":"2020-07-11T16:32:54+00:00","dateModified":"2025-11-19T21:33:01+00:00","breadcrumb":{"@id":"https:\/\/www.groods.de\/index.php\/produkt\/yj-magnetic-puzzle-solid-color\/#breadcrumb"},"inLanguage":"de","potentialAction":[{"@type":"ReadAction","target":["https:\/\/www.groods.de\/index.php\/produkt\/yj-magnetic-puzzle-solid-color\/"]}]},{"@type":"ImageObject","inLanguage":"de","@id":"https:\/\/www.groods.de\/index.php\/produkt\/yj-magnetic-puzzle-solid-color\/#primaryimage","url":"https:\/\/www.groods.de\/wp-content\/uploads\/2020\/07\/YJ-Magnetic-Puzzle-solid-color-12.jpg","contentUrl":"https:\/\/www.groods.de\/wp-content\/uploads\/2020\/07\/YJ-Magnetic-Puzzle-solid-color-12.jpg","width":2254,"height":2256},{"@type":"BreadcrumbList","@id":"https:\/\/www.groods.de\/index.php\/produkt\/yj-magnetic-puzzle-solid-color\/#breadcrumb","itemListElement":[{"@type":"ListItem","position":1,"name":"Startseite","item":"https:\/\/www.groods.de\/"},{"@type":"ListItem","position":2,"name":"Shop","item":"https:\/\/www.groods.de\/index.php\/shop\/"},{"@type":"ListItem","position":3,"name":"YJ Magnetic Puzzle &#8211; solid color"}]},{"@type":"WebSite","@id":"https:\/\/www.groods.de\/#website","url":"https:\/\/www.groods.de\/","name":"gRoods.de","description":"Entdecke die Welt der Speedcubes","publisher":{"@id":"https:\/\/www.groods.de\/#organization"},"potentialAction":[{"@type":"SearchAction","target":{"@type":"EntryPoint","urlTemplate":"https:\/\/www.groods.de\/?s={search_term_string}"},"query-input":{"@type":"PropertyValueSpecification","valueRequired":true,"valueName":"search_term_string"}}],"inLanguage":"de"},{"@type":"Organization","@id":"https:\/\/www.groods.de\/#organization","name":"gRoods.de","url":"https:\/\/www.groods.de\/","logo":{"@type":"ImageObject","inLanguage":"de","@id":"https:\/\/www.groods.de\/#\/schema\/logo\/image\/","url":"https:\/\/www.groods.de\/wp-content\/uploads\/2018\/08\/logo.png","contentUrl":"https:\/\/www.groods.de\/wp-content\/uploads\/2018\/08\/logo.png","width":1077,"height":373,"caption":"gRoods.de"},"image":{"@id":"https:\/\/www.groods.de\/#\/schema\/logo\/image\/"}}]}},"_links":{"self":[{"href":"https:\/\/www.groods.de\/index.php\/wp-json\/wp\/v2\/product\/6753","targetHints":{"allow":["GET"]}}],"collection":[{"href":"https:\/\/www.groods.de\/index.php\/wp-json\/wp\/v2\/product"}],"about":[{"href":"https:\/\/www.groods.de\/index.php\/wp-json\/wp\/v2\/types\/product"}],"replies":[{"embeddable":true,"href":"https:\/\/www.groods.de\/index.php\/wp-json\/wp\/v2\/comments?post=6753"}],"wp:featuredmedia":[{"embeddable":true,"href":"https:\/\/www.groods.de\/index.php\/wp-json\/wp\/v2\/media\/6779"}],"wp:attachment":[{"href":"https:\/\/www.groods.de\/index.php\/wp-json\/wp\/v2\/media?parent=6753"}],"wp:term":[{"taxonomy":"product_brand","embeddable":true,"href":"https:\/\/www.groods.de\/index.php\/wp-json\/wp\/v2\/product_brand?post=6753"},{"taxonomy":"product_cat","embeddable":true,"href":"https:\/\/www.groods.de\/index.php\/wp-json\/wp\/v2\/product_cat?post=6753"},{"taxonomy":"product_tag","embeddable":true,"href":"https:\/\/www.groods.de\/index.php\/wp-json\/wp\/v2\/product_tag?post=6753"}],"curies":[{"name":"wp","href":"https:\/\/api.w.org\/{rel}","templated":true}]}}