{"id":6743,"date":"2020-07-11T18:29:45","date_gmt":"2020-07-11T16:29:45","guid":{"rendered":"https:\/\/www.groods.de\/index.php\/produkt\/gan-monster-go-mg356-3x3\/"},"modified":"2025-11-19T22:32:39","modified_gmt":"2025-11-19T21:32:39","slug":"gan-monster-go-mg356-3x3","status":"publish","type":"product","link":"https:\/\/www.groods.de\/index.php\/produkt\/gan-monster-go-mg356-3x3\/","title":{"rendered":"GAN Monster Go MG356 3&#215;3"},"content":{"rendered":"<h1>GAN Monster Go MG356 3&#215;3<\/h1>\n<p>MonsterGO ist eine neue Lernserie von Puzzles des beliebten Herstellers GAN. \u00c4hnlich wie bei GAN haben alle Puzzles der MonsterGO-Linie das ausgepr\u00e4gte GAN-Wabendesign im Inneren der Teile, um ein fantastische Drehgef\u00fchl zu f\u00f6rdern und das Schmiermittel gleichm\u00e4\u00dfig zu verteilen, sowie das numerische IPG, das von Hand eingestellt werden kann.<\/p>\n<p>Der MonsterGO 3&#215;3 ist ein fantastischer Speedcube, der nahezu auf Flaggschiff-Level einzuordnen ist. Er hat <strong>keine<\/strong> Magnete verbaut und bietet wie von GAN gewohnt lebendige Farbt\u00f6ne. Dies ist ein gro\u00dfartiges Puzzle f\u00fcr jedes K\u00f6nnen!<\/p>\n<p class=\"md-end-block\"><span class=\"\"><strong>Eigenschaften<\/strong><\/span>:<\/p>\n<ul>\n<li class=\"md-end-block\">neu und Originalverpackt<\/li>\n<li class=\"md-end-block\">hohe Qualit\u00e4t<\/li>\n<li class=\"md-end-block\">aus hochwertigem ABS Material, das umweltfreundlich, ungiftig und langlebig ist<\/li>\n<li class=\"md-end-block\">stickerless Design<\/li>\n<li class=\"md-end-block\">geschmeidige Rotation und komfortables Spielgef\u00fchl<\/li>\n<li class=\"md-end-block\">ausgezeichnete Fehlertoleranz f\u00fcr besonders schnelle Zeiten<\/li>\n<li class=\"md-end-block\">geeignet f\u00fcr Speedcube Wettbewerbe<\/li>\n<\/ul>\n<p class=\"md-end-block\"><span class=\"\"><strong>Spezifikationen<\/strong><\/span>:<\/p>\n<ul>\n<li class=\"md-end-block\">Farbe: stickerless<\/li>\n<li class=\"md-end-block\">Material: Kunststoff (ABS)<\/li>\n<li class=\"md-end-block\">Produkt Abmessungen: 5,6 x <span class=\"\">5,6 x <\/span>5,6 cm<\/li>\n<li class=\"md-end-block\">Gewicht: 81g<\/li>\n<\/ul>\n","protected":false},"excerpt":{"rendered":"<p>GAN Monster Go MG356 3&#215;3 MonsterGO ist eine neue Lernserie von Puzzles des beliebten Herstellers GAN. \u00c4hnlich wie bei GAN haben alle Puzzles der MonsterGO-Linie das ausgepr\u00e4gte GAN-Wabendesign im Inneren der Teile, um ein fantastische Drehgef\u00fchl zu f\u00f6rdern und das Schmiermittel gleichm\u00e4\u00dfig zu verteilen, sowie das numerische IPG, das von Hand eingestellt werden kann. Der [&hellip;]<\/p>\n","protected":false},"featured_media":6840,"comment_status":"open","ping_status":"closed","template":"","meta":[],"product_brand":[],"product_cat":[53,88,86],"product_tag":[],"class_list":{"0":"post-6743","1":"product","2":"type-product","3":"status-publish","4":"has-post-thumbnail","6":"product_cat-3x3","7":"product_cat-gan","8":"product_cat-neue-produkte","10":"first","11":"outofstock","12":"taxable","13":"shipping-taxable","14":"purchasable","15":"product-type-simple"},"yoast_head":"<!-- This site is optimized with the Yoast SEO plugin v26.7 - https:\/\/yoast.com\/wordpress\/plugins\/seo\/ -->\n<title>GAN Monster Go MG356 3x3 - gRoods<\/title>\n<meta name=\"robots\" content=\"index, follow, max-snippet:-1, max-image-preview:large, max-video-preview:-1\" \/>\n<link rel=\"canonical\" href=\"https:\/\/www.groods.de\/index.php\/produkt\/gan-monster-go-mg356-3x3\/\" \/>\n<meta property=\"og:locale\" content=\"de_DE\" \/>\n<meta property=\"og:type\" content=\"article\" \/>\n<meta property=\"og:title\" content=\"GAN Monster Go MG356 3x3 - gRoods\" \/>\n<meta property=\"og:description\" content=\"GAN Monster Go MG356 3&#215;3 MonsterGO ist eine neue Lernserie von Puzzles des beliebten Herstellers GAN. \u00c4hnlich wie bei GAN haben alle Puzzles der MonsterGO-Linie das ausgepr\u00e4gte GAN-Wabendesign im Inneren der Teile, um ein fantastische Drehgef\u00fchl zu f\u00f6rdern und das Schmiermittel gleichm\u00e4\u00dfig zu verteilen, sowie das numerische IPG, das von Hand eingestellt werden kann. Der [&hellip;]\" \/>\n<meta property=\"og:url\" content=\"https:\/\/www.groods.de\/index.php\/produkt\/gan-monster-go-mg356-3x3\/\" \/>\n<meta property=\"og:site_name\" content=\"gRoods\" \/>\n<meta property=\"article:modified_time\" content=\"2025-11-19T21:32:39+00:00\" \/>\n<meta property=\"og:image\" content=\"https:\/\/www.groods.de\/wp-content\/uploads\/2020\/07\/Monster-Go-MG356-3x3-Magnetic9-1.jpg\" \/>\n\t<meta property=\"og:image:width\" content=\"800\" \/>\n\t<meta property=\"og:image:height\" content=\"800\" \/>\n\t<meta property=\"og:image:type\" content=\"image\/jpeg\" \/>\n<meta name=\"twitter:card\" content=\"summary_large_image\" \/>\n<meta name=\"twitter:label1\" content=\"Gesch\u00e4tzte Lesezeit\" \/>\n\t<meta name=\"twitter:data1\" content=\"1\u00a0Minute\" \/>\n<script type=\"application\/ld+json\" class=\"yoast-schema-graph\">{\"@context\":\"https:\/\/schema.org\",\"@graph\":[{\"@type\":\"WebPage\",\"@id\":\"https:\/\/www.groods.de\/index.php\/produkt\/gan-monster-go-mg356-3x3\/\",\"url\":\"https:\/\/www.groods.de\/index.php\/produkt\/gan-monster-go-mg356-3x3\/\",\"name\":\"GAN Monster Go MG356 3x3 - gRoods\",\"isPartOf\":{\"@id\":\"https:\/\/www.groods.de\/#website\"},\"primaryImageOfPage\":{\"@id\":\"https:\/\/www.groods.de\/index.php\/produkt\/gan-monster-go-mg356-3x3\/#primaryimage\"},\"image\":{\"@id\":\"https:\/\/www.groods.de\/index.php\/produkt\/gan-monster-go-mg356-3x3\/#primaryimage\"},\"thumbnailUrl\":\"https:\/\/www.groods.de\/wp-content\/uploads\/2020\/07\/Monster-Go-MG356-3x3-Magnetic9-1.jpg\",\"datePublished\":\"2020-07-11T16:29:45+00:00\",\"dateModified\":\"2025-11-19T21:32:39+00:00\",\"breadcrumb\":{\"@id\":\"https:\/\/www.groods.de\/index.php\/produkt\/gan-monster-go-mg356-3x3\/#breadcrumb\"},\"inLanguage\":\"de\",\"potentialAction\":[{\"@type\":\"ReadAction\",\"target\":[\"https:\/\/www.groods.de\/index.php\/produkt\/gan-monster-go-mg356-3x3\/\"]}]},{\"@type\":\"ImageObject\",\"inLanguage\":\"de\",\"@id\":\"https:\/\/www.groods.de\/index.php\/produkt\/gan-monster-go-mg356-3x3\/#primaryimage\",\"url\":\"https:\/\/www.groods.de\/wp-content\/uploads\/2020\/07\/Monster-Go-MG356-3x3-Magnetic9-1.jpg\",\"contentUrl\":\"https:\/\/www.groods.de\/wp-content\/uploads\/2020\/07\/Monster-Go-MG356-3x3-Magnetic9-1.jpg\",\"width\":800,\"height\":800},{\"@type\":\"BreadcrumbList\",\"@id\":\"https:\/\/www.groods.de\/index.php\/produkt\/gan-monster-go-mg356-3x3\/#breadcrumb\",\"itemListElement\":[{\"@type\":\"ListItem\",\"position\":1,\"name\":\"Startseite\",\"item\":\"https:\/\/www.groods.de\/\"},{\"@type\":\"ListItem\",\"position\":2,\"name\":\"Shop\",\"item\":\"https:\/\/www.groods.de\/index.php\/shop\/\"},{\"@type\":\"ListItem\",\"position\":3,\"name\":\"GAN Monster Go MG356 3&#215;3\"}]},{\"@type\":\"WebSite\",\"@id\":\"https:\/\/www.groods.de\/#website\",\"url\":\"https:\/\/www.groods.de\/\",\"name\":\"gRoods.de\",\"description\":\"Entdecke die Welt der Speedcubes\",\"publisher\":{\"@id\":\"https:\/\/www.groods.de\/#organization\"},\"potentialAction\":[{\"@type\":\"SearchAction\",\"target\":{\"@type\":\"EntryPoint\",\"urlTemplate\":\"https:\/\/www.groods.de\/?s={search_term_string}\"},\"query-input\":{\"@type\":\"PropertyValueSpecification\",\"valueRequired\":true,\"valueName\":\"search_term_string\"}}],\"inLanguage\":\"de\"},{\"@type\":\"Organization\",\"@id\":\"https:\/\/www.groods.de\/#organization\",\"name\":\"gRoods.de\",\"url\":\"https:\/\/www.groods.de\/\",\"logo\":{\"@type\":\"ImageObject\",\"inLanguage\":\"de\",\"@id\":\"https:\/\/www.groods.de\/#\/schema\/logo\/image\/\",\"url\":\"https:\/\/www.groods.de\/wp-content\/uploads\/2018\/08\/logo.png\",\"contentUrl\":\"https:\/\/www.groods.de\/wp-content\/uploads\/2018\/08\/logo.png\",\"width\":1077,\"height\":373,\"caption\":\"gRoods.de\"},\"image\":{\"@id\":\"https:\/\/www.groods.de\/#\/schema\/logo\/image\/\"}}]}<\/script>\n<!-- \/ Yoast SEO plugin. -->","yoast_head_json":{"title":"GAN Monster Go MG356 3x3 - gRoods","robots":{"index":"index","follow":"follow","max-snippet":"max-snippet:-1","max-image-preview":"max-image-preview:large","max-video-preview":"max-video-preview:-1"},"canonical":"https:\/\/www.groods.de\/index.php\/produkt\/gan-monster-go-mg356-3x3\/","og_locale":"de_DE","og_type":"article","og_title":"GAN Monster Go MG356 3x3 - gRoods","og_description":"GAN Monster Go MG356 3&#215;3 MonsterGO ist eine neue Lernserie von Puzzles des beliebten Herstellers GAN. \u00c4hnlich wie bei GAN haben alle Puzzles der MonsterGO-Linie das ausgepr\u00e4gte GAN-Wabendesign im Inneren der Teile, um ein fantastische Drehgef\u00fchl zu f\u00f6rdern und das Schmiermittel gleichm\u00e4\u00dfig zu verteilen, sowie das numerische IPG, das von Hand eingestellt werden kann. Der [&hellip;]","og_url":"https:\/\/www.groods.de\/index.php\/produkt\/gan-monster-go-mg356-3x3\/","og_site_name":"gRoods","article_modified_time":"2025-11-19T21:32:39+00:00","og_image":[{"width":800,"height":800,"url":"https:\/\/www.groods.de\/wp-content\/uploads\/2020\/07\/Monster-Go-MG356-3x3-Magnetic9-1.jpg","type":"image\/jpeg"}],"twitter_card":"summary_large_image","twitter_misc":{"Gesch\u00e4tzte Lesezeit":"1\u00a0Minute"},"schema":{"@context":"https:\/\/schema.org","@graph":[{"@type":"WebPage","@id":"https:\/\/www.groods.de\/index.php\/produkt\/gan-monster-go-mg356-3x3\/","url":"https:\/\/www.groods.de\/index.php\/produkt\/gan-monster-go-mg356-3x3\/","name":"GAN Monster Go MG356 3x3 - gRoods","isPartOf":{"@id":"https:\/\/www.groods.de\/#website"},"primaryImageOfPage":{"@id":"https:\/\/www.groods.de\/index.php\/produkt\/gan-monster-go-mg356-3x3\/#primaryimage"},"image":{"@id":"https:\/\/www.groods.de\/index.php\/produkt\/gan-monster-go-mg356-3x3\/#primaryimage"},"thumbnailUrl":"https:\/\/www.groods.de\/wp-content\/uploads\/2020\/07\/Monster-Go-MG356-3x3-Magnetic9-1.jpg","datePublished":"2020-07-11T16:29:45+00:00","dateModified":"2025-11-19T21:32:39+00:00","breadcrumb":{"@id":"https:\/\/www.groods.de\/index.php\/produkt\/gan-monster-go-mg356-3x3\/#breadcrumb"},"inLanguage":"de","potentialAction":[{"@type":"ReadAction","target":["https:\/\/www.groods.de\/index.php\/produkt\/gan-monster-go-mg356-3x3\/"]}]},{"@type":"ImageObject","inLanguage":"de","@id":"https:\/\/www.groods.de\/index.php\/produkt\/gan-monster-go-mg356-3x3\/#primaryimage","url":"https:\/\/www.groods.de\/wp-content\/uploads\/2020\/07\/Monster-Go-MG356-3x3-Magnetic9-1.jpg","contentUrl":"https:\/\/www.groods.de\/wp-content\/uploads\/2020\/07\/Monster-Go-MG356-3x3-Magnetic9-1.jpg","width":800,"height":800},{"@type":"BreadcrumbList","@id":"https:\/\/www.groods.de\/index.php\/produkt\/gan-monster-go-mg356-3x3\/#breadcrumb","itemListElement":[{"@type":"ListItem","position":1,"name":"Startseite","item":"https:\/\/www.groods.de\/"},{"@type":"ListItem","position":2,"name":"Shop","item":"https:\/\/www.groods.de\/index.php\/shop\/"},{"@type":"ListItem","position":3,"name":"GAN Monster Go MG356 3&#215;3"}]},{"@type":"WebSite","@id":"https:\/\/www.groods.de\/#website","url":"https:\/\/www.groods.de\/","name":"gRoods.de","description":"Entdecke die Welt der Speedcubes","publisher":{"@id":"https:\/\/www.groods.de\/#organization"},"potentialAction":[{"@type":"SearchAction","target":{"@type":"EntryPoint","urlTemplate":"https:\/\/www.groods.de\/?s={search_term_string}"},"query-input":{"@type":"PropertyValueSpecification","valueRequired":true,"valueName":"search_term_string"}}],"inLanguage":"de"},{"@type":"Organization","@id":"https:\/\/www.groods.de\/#organization","name":"gRoods.de","url":"https:\/\/www.groods.de\/","logo":{"@type":"ImageObject","inLanguage":"de","@id":"https:\/\/www.groods.de\/#\/schema\/logo\/image\/","url":"https:\/\/www.groods.de\/wp-content\/uploads\/2018\/08\/logo.png","contentUrl":"https:\/\/www.groods.de\/wp-content\/uploads\/2018\/08\/logo.png","width":1077,"height":373,"caption":"gRoods.de"},"image":{"@id":"https:\/\/www.groods.de\/#\/schema\/logo\/image\/"}}]}},"_links":{"self":[{"href":"https:\/\/www.groods.de\/index.php\/wp-json\/wp\/v2\/product\/6743","targetHints":{"allow":["GET"]}}],"collection":[{"href":"https:\/\/www.groods.de\/index.php\/wp-json\/wp\/v2\/product"}],"about":[{"href":"https:\/\/www.groods.de\/index.php\/wp-json\/wp\/v2\/types\/product"}],"replies":[{"embeddable":true,"href":"https:\/\/www.groods.de\/index.php\/wp-json\/wp\/v2\/comments?post=6743"}],"wp:featuredmedia":[{"embeddable":true,"href":"https:\/\/www.groods.de\/index.php\/wp-json\/wp\/v2\/media\/6840"}],"wp:attachment":[{"href":"https:\/\/www.groods.de\/index.php\/wp-json\/wp\/v2\/media?parent=6743"}],"wp:term":[{"taxonomy":"product_brand","embeddable":true,"href":"https:\/\/www.groods.de\/index.php\/wp-json\/wp\/v2\/product_brand?post=6743"},{"taxonomy":"product_cat","embeddable":true,"href":"https:\/\/www.groods.de\/index.php\/wp-json\/wp\/v2\/product_cat?post=6743"},{"taxonomy":"product_tag","embeddable":true,"href":"https:\/\/www.groods.de\/index.php\/wp-json\/wp\/v2\/product_tag?post=6743"}],"curies":[{"name":"wp","href":"https:\/\/api.w.org\/{rel}","templated":true}]}}