{"id":6719,"date":"2020-07-11T18:27:13","date_gmt":"2020-07-11T16:27:13","guid":{"rendered":"https:\/\/www.groods.de\/index.php\/produkt\/magmax-magnetisches-konstruktionsset-96-pcs\/"},"modified":"2025-02-01T22:18:38","modified_gmt":"2025-02-01T21:18:38","slug":"magmax-magnetisches-konstruktionsset-96-pcs","status":"publish","type":"product","link":"https:\/\/www.groods.de\/index.php\/produkt\/magmax-magnetisches-konstruktionsset-96-pcs\/","title":{"rendered":"MAGMAX Magnetisches Konstruktionsset &#8211; 96 pcs"},"content":{"rendered":"<h1>MAGMAX Magnetisches Konstruktionsset &#8211; 96 pcs<\/h1>\n<p>Magnetismus ist einfach unwiderstehlich f\u00fcr Kinder. Dank der magnetischen Bausteine (Stangen und Kugeln) von k\u00f6nnen schon kleinste Baumeister das Anziehen und Absto\u00dfen der Magnete spielerisch entdecken. Mit Geschick und Fingerfertigkeit lassen sich \u2013 frei oder nach Anleitung \u2013 aus den Magnetst\u00e4ben und Metallkugeln tolle Gebilde konstruieren. Das Prinzip fasziniert, regt zu ersten Experimenten an und garantiert frustfreies Bauen, weil alles h\u00e4lt. Auch \u00e4ltere Kinder haben damit noch unglaublich viel Spa\u00df \u2013 ein Spielzeug, das sich wirklich lohnt, weil viele Jahre damit gespielt wird!<\/p>\n<p>Magnetic Construction Set ist eine Sammlung von magnetischen St\u00e4ben und Stahlkugeln, die verwendet werden k\u00f6nnen, um verschiedene Formen und bunte 3D-Modelle zu erstellen. Bilden Sie endlose Strukturen und erschaffen Sie gro\u00dfartige Bauwerke. Geeignet insbesondere f\u00fcr Kinder und Erwachsene um r\u00e4umliches Denken und physikalische Zusammenh\u00e4nge zu trainieren. Lassen Sie Ihrer Fantasie freien Lauf und erleben Sie stundenlange Unterhaltung f\u00fcr Jung und Alt!<\/p>\n<ul>\n<li>Beliebig erweiterbar f\u00fcr noch mehr Bauspa\u00df.<\/li>\n<li>Trainieren Sie die Koordination von Kindern und Erwachsenen.<\/li>\n<li>Verbessern Sie den IQ Intelligenz Quotienten der Kinder.<\/li>\n<li>Pflegen Sie die Emotion der Kinder und den stabilen EQ.<\/li>\n<li>Kinder und Lehrer perfektionieren das Lehr- und Lernwerkzeug.<\/li>\n<li>inspirieren Kinder Fantasie und verschiedene potenzielle Kreativit\u00e4t.<\/li>\n<\/ul>\n","protected":false},"excerpt":{"rendered":"<p>MAGMAX Magnetisches Konstruktionsset &#8211; 96 pcs Magnetismus ist einfach unwiderstehlich f\u00fcr Kinder. Dank der magnetischen Bausteine (Stangen und Kugeln) von k\u00f6nnen schon kleinste Baumeister das Anziehen und Absto\u00dfen der Magnete spielerisch entdecken. Mit Geschick und Fingerfertigkeit lassen sich \u2013 frei oder nach Anleitung \u2013 aus den Magnetst\u00e4ben und Metallkugeln tolle Gebilde konstruieren. Das Prinzip fasziniert, [&hellip;]<\/p>\n","protected":false},"featured_media":6883,"comment_status":"open","ping_status":"closed","template":"","meta":[],"product_brand":[],"product_cat":[94,86],"product_tag":[],"class_list":{"0":"post-6719","1":"product","2":"type-product","3":"status-publish","4":"has-post-thumbnail","6":"product_cat-konstruktions-spielzeug","7":"product_cat-neue-produkte","9":"first","10":"instock","11":"taxable","12":"shipping-taxable","13":"purchasable","14":"product-type-simple"},"yoast_head":"<!-- This site is optimized with the Yoast SEO plugin v26.7 - https:\/\/yoast.com\/wordpress\/plugins\/seo\/ -->\n<title>MAGMAX Magnetisches Konstruktionsset - 96 pcs - gRoods<\/title>\n<meta name=\"robots\" content=\"index, follow, max-snippet:-1, max-image-preview:large, max-video-preview:-1\" \/>\n<link rel=\"canonical\" href=\"https:\/\/www.groods.de\/index.php\/produkt\/magmax-magnetisches-konstruktionsset-96-pcs\/\" \/>\n<meta property=\"og:locale\" content=\"de_DE\" \/>\n<meta property=\"og:type\" content=\"article\" \/>\n<meta property=\"og:title\" content=\"MAGMAX Magnetisches Konstruktionsset - 96 pcs - gRoods\" \/>\n<meta property=\"og:description\" content=\"MAGMAX Magnetisches Konstruktionsset &#8211; 96 pcs Magnetismus ist einfach unwiderstehlich f\u00fcr Kinder. Dank der magnetischen Bausteine (Stangen und Kugeln) von k\u00f6nnen schon kleinste Baumeister das Anziehen und Absto\u00dfen der Magnete spielerisch entdecken. Mit Geschick und Fingerfertigkeit lassen sich \u2013 frei oder nach Anleitung \u2013 aus den Magnetst\u00e4ben und Metallkugeln tolle Gebilde konstruieren. Das Prinzip fasziniert, [&hellip;]\" \/>\n<meta property=\"og:url\" content=\"https:\/\/www.groods.de\/index.php\/produkt\/magmax-magnetisches-konstruktionsset-96-pcs\/\" \/>\n<meta property=\"og:site_name\" content=\"gRoods\" \/>\n<meta property=\"article:modified_time\" content=\"2025-02-01T21:18:38+00:00\" \/>\n<meta property=\"og:image\" content=\"https:\/\/www.groods.de\/wp-content\/uploads\/2020\/07\/MAGMAX_B.jpeg\" \/>\n\t<meta property=\"og:image:width\" content=\"1138\" \/>\n\t<meta property=\"og:image:height\" content=\"782\" \/>\n\t<meta property=\"og:image:type\" content=\"image\/jpeg\" \/>\n<meta name=\"twitter:card\" content=\"summary_large_image\" \/>\n<meta name=\"twitter:label1\" content=\"Gesch\u00e4tzte Lesezeit\" \/>\n\t<meta name=\"twitter:data1\" content=\"2\u00a0Minuten\" \/>\n<script type=\"application\/ld+json\" class=\"yoast-schema-graph\">{\"@context\":\"https:\/\/schema.org\",\"@graph\":[{\"@type\":\"WebPage\",\"@id\":\"https:\/\/www.groods.de\/index.php\/produkt\/magmax-magnetisches-konstruktionsset-96-pcs\/\",\"url\":\"https:\/\/www.groods.de\/index.php\/produkt\/magmax-magnetisches-konstruktionsset-96-pcs\/\",\"name\":\"MAGMAX Magnetisches Konstruktionsset - 96 pcs - gRoods\",\"isPartOf\":{\"@id\":\"https:\/\/www.groods.de\/#website\"},\"primaryImageOfPage\":{\"@id\":\"https:\/\/www.groods.de\/index.php\/produkt\/magmax-magnetisches-konstruktionsset-96-pcs\/#primaryimage\"},\"image\":{\"@id\":\"https:\/\/www.groods.de\/index.php\/produkt\/magmax-magnetisches-konstruktionsset-96-pcs\/#primaryimage\"},\"thumbnailUrl\":\"https:\/\/www.groods.de\/wp-content\/uploads\/2020\/07\/MAGMAX_B.jpeg\",\"datePublished\":\"2020-07-11T16:27:13+00:00\",\"dateModified\":\"2025-02-01T21:18:38+00:00\",\"breadcrumb\":{\"@id\":\"https:\/\/www.groods.de\/index.php\/produkt\/magmax-magnetisches-konstruktionsset-96-pcs\/#breadcrumb\"},\"inLanguage\":\"de\",\"potentialAction\":[{\"@type\":\"ReadAction\",\"target\":[\"https:\/\/www.groods.de\/index.php\/produkt\/magmax-magnetisches-konstruktionsset-96-pcs\/\"]}]},{\"@type\":\"ImageObject\",\"inLanguage\":\"de\",\"@id\":\"https:\/\/www.groods.de\/index.php\/produkt\/magmax-magnetisches-konstruktionsset-96-pcs\/#primaryimage\",\"url\":\"https:\/\/www.groods.de\/wp-content\/uploads\/2020\/07\/MAGMAX_B.jpeg\",\"contentUrl\":\"https:\/\/www.groods.de\/wp-content\/uploads\/2020\/07\/MAGMAX_B.jpeg\",\"width\":1138,\"height\":782},{\"@type\":\"BreadcrumbList\",\"@id\":\"https:\/\/www.groods.de\/index.php\/produkt\/magmax-magnetisches-konstruktionsset-96-pcs\/#breadcrumb\",\"itemListElement\":[{\"@type\":\"ListItem\",\"position\":1,\"name\":\"Startseite\",\"item\":\"https:\/\/www.groods.de\/\"},{\"@type\":\"ListItem\",\"position\":2,\"name\":\"Shop\",\"item\":\"https:\/\/www.groods.de\/index.php\/shop\/\"},{\"@type\":\"ListItem\",\"position\":3,\"name\":\"MAGMAX Magnetisches Konstruktionsset &#8211; 96 pcs\"}]},{\"@type\":\"WebSite\",\"@id\":\"https:\/\/www.groods.de\/#website\",\"url\":\"https:\/\/www.groods.de\/\",\"name\":\"gRoods.de\",\"description\":\"Entdecke die Welt der Speedcubes\",\"publisher\":{\"@id\":\"https:\/\/www.groods.de\/#organization\"},\"potentialAction\":[{\"@type\":\"SearchAction\",\"target\":{\"@type\":\"EntryPoint\",\"urlTemplate\":\"https:\/\/www.groods.de\/?s={search_term_string}\"},\"query-input\":{\"@type\":\"PropertyValueSpecification\",\"valueRequired\":true,\"valueName\":\"search_term_string\"}}],\"inLanguage\":\"de\"},{\"@type\":\"Organization\",\"@id\":\"https:\/\/www.groods.de\/#organization\",\"name\":\"gRoods.de\",\"url\":\"https:\/\/www.groods.de\/\",\"logo\":{\"@type\":\"ImageObject\",\"inLanguage\":\"de\",\"@id\":\"https:\/\/www.groods.de\/#\/schema\/logo\/image\/\",\"url\":\"https:\/\/www.groods.de\/wp-content\/uploads\/2018\/08\/logo.png\",\"contentUrl\":\"https:\/\/www.groods.de\/wp-content\/uploads\/2018\/08\/logo.png\",\"width\":1077,\"height\":373,\"caption\":\"gRoods.de\"},\"image\":{\"@id\":\"https:\/\/www.groods.de\/#\/schema\/logo\/image\/\"}}]}<\/script>\n<!-- \/ Yoast SEO plugin. -->","yoast_head_json":{"title":"MAGMAX Magnetisches Konstruktionsset - 96 pcs - gRoods","robots":{"index":"index","follow":"follow","max-snippet":"max-snippet:-1","max-image-preview":"max-image-preview:large","max-video-preview":"max-video-preview:-1"},"canonical":"https:\/\/www.groods.de\/index.php\/produkt\/magmax-magnetisches-konstruktionsset-96-pcs\/","og_locale":"de_DE","og_type":"article","og_title":"MAGMAX Magnetisches Konstruktionsset - 96 pcs - gRoods","og_description":"MAGMAX Magnetisches Konstruktionsset &#8211; 96 pcs Magnetismus ist einfach unwiderstehlich f\u00fcr Kinder. Dank der magnetischen Bausteine (Stangen und Kugeln) von k\u00f6nnen schon kleinste Baumeister das Anziehen und Absto\u00dfen der Magnete spielerisch entdecken. Mit Geschick und Fingerfertigkeit lassen sich \u2013 frei oder nach Anleitung \u2013 aus den Magnetst\u00e4ben und Metallkugeln tolle Gebilde konstruieren. Das Prinzip fasziniert, [&hellip;]","og_url":"https:\/\/www.groods.de\/index.php\/produkt\/magmax-magnetisches-konstruktionsset-96-pcs\/","og_site_name":"gRoods","article_modified_time":"2025-02-01T21:18:38+00:00","og_image":[{"width":1138,"height":782,"url":"https:\/\/www.groods.de\/wp-content\/uploads\/2020\/07\/MAGMAX_B.jpeg","type":"image\/jpeg"}],"twitter_card":"summary_large_image","twitter_misc":{"Gesch\u00e4tzte Lesezeit":"2\u00a0Minuten"},"schema":{"@context":"https:\/\/schema.org","@graph":[{"@type":"WebPage","@id":"https:\/\/www.groods.de\/index.php\/produkt\/magmax-magnetisches-konstruktionsset-96-pcs\/","url":"https:\/\/www.groods.de\/index.php\/produkt\/magmax-magnetisches-konstruktionsset-96-pcs\/","name":"MAGMAX Magnetisches Konstruktionsset - 96 pcs - gRoods","isPartOf":{"@id":"https:\/\/www.groods.de\/#website"},"primaryImageOfPage":{"@id":"https:\/\/www.groods.de\/index.php\/produkt\/magmax-magnetisches-konstruktionsset-96-pcs\/#primaryimage"},"image":{"@id":"https:\/\/www.groods.de\/index.php\/produkt\/magmax-magnetisches-konstruktionsset-96-pcs\/#primaryimage"},"thumbnailUrl":"https:\/\/www.groods.de\/wp-content\/uploads\/2020\/07\/MAGMAX_B.jpeg","datePublished":"2020-07-11T16:27:13+00:00","dateModified":"2025-02-01T21:18:38+00:00","breadcrumb":{"@id":"https:\/\/www.groods.de\/index.php\/produkt\/magmax-magnetisches-konstruktionsset-96-pcs\/#breadcrumb"},"inLanguage":"de","potentialAction":[{"@type":"ReadAction","target":["https:\/\/www.groods.de\/index.php\/produkt\/magmax-magnetisches-konstruktionsset-96-pcs\/"]}]},{"@type":"ImageObject","inLanguage":"de","@id":"https:\/\/www.groods.de\/index.php\/produkt\/magmax-magnetisches-konstruktionsset-96-pcs\/#primaryimage","url":"https:\/\/www.groods.de\/wp-content\/uploads\/2020\/07\/MAGMAX_B.jpeg","contentUrl":"https:\/\/www.groods.de\/wp-content\/uploads\/2020\/07\/MAGMAX_B.jpeg","width":1138,"height":782},{"@type":"BreadcrumbList","@id":"https:\/\/www.groods.de\/index.php\/produkt\/magmax-magnetisches-konstruktionsset-96-pcs\/#breadcrumb","itemListElement":[{"@type":"ListItem","position":1,"name":"Startseite","item":"https:\/\/www.groods.de\/"},{"@type":"ListItem","position":2,"name":"Shop","item":"https:\/\/www.groods.de\/index.php\/shop\/"},{"@type":"ListItem","position":3,"name":"MAGMAX Magnetisches Konstruktionsset &#8211; 96 pcs"}]},{"@type":"WebSite","@id":"https:\/\/www.groods.de\/#website","url":"https:\/\/www.groods.de\/","name":"gRoods.de","description":"Entdecke die Welt der Speedcubes","publisher":{"@id":"https:\/\/www.groods.de\/#organization"},"potentialAction":[{"@type":"SearchAction","target":{"@type":"EntryPoint","urlTemplate":"https:\/\/www.groods.de\/?s={search_term_string}"},"query-input":{"@type":"PropertyValueSpecification","valueRequired":true,"valueName":"search_term_string"}}],"inLanguage":"de"},{"@type":"Organization","@id":"https:\/\/www.groods.de\/#organization","name":"gRoods.de","url":"https:\/\/www.groods.de\/","logo":{"@type":"ImageObject","inLanguage":"de","@id":"https:\/\/www.groods.de\/#\/schema\/logo\/image\/","url":"https:\/\/www.groods.de\/wp-content\/uploads\/2018\/08\/logo.png","contentUrl":"https:\/\/www.groods.de\/wp-content\/uploads\/2018\/08\/logo.png","width":1077,"height":373,"caption":"gRoods.de"},"image":{"@id":"https:\/\/www.groods.de\/#\/schema\/logo\/image\/"}}]}},"_links":{"self":[{"href":"https:\/\/www.groods.de\/index.php\/wp-json\/wp\/v2\/product\/6719","targetHints":{"allow":["GET"]}}],"collection":[{"href":"https:\/\/www.groods.de\/index.php\/wp-json\/wp\/v2\/product"}],"about":[{"href":"https:\/\/www.groods.de\/index.php\/wp-json\/wp\/v2\/types\/product"}],"replies":[{"embeddable":true,"href":"https:\/\/www.groods.de\/index.php\/wp-json\/wp\/v2\/comments?post=6719"}],"wp:featuredmedia":[{"embeddable":true,"href":"https:\/\/www.groods.de\/index.php\/wp-json\/wp\/v2\/media\/6883"}],"wp:attachment":[{"href":"https:\/\/www.groods.de\/index.php\/wp-json\/wp\/v2\/media?parent=6719"}],"wp:term":[{"taxonomy":"product_brand","embeddable":true,"href":"https:\/\/www.groods.de\/index.php\/wp-json\/wp\/v2\/product_brand?post=6719"},{"taxonomy":"product_cat","embeddable":true,"href":"https:\/\/www.groods.de\/index.php\/wp-json\/wp\/v2\/product_cat?post=6719"},{"taxonomy":"product_tag","embeddable":true,"href":"https:\/\/www.groods.de\/index.php\/wp-json\/wp\/v2\/product_tag?post=6719"}],"curies":[{"name":"wp","href":"https:\/\/api.w.org\/{rel}","templated":true}]}}