{"id":6688,"date":"2020-06-02T20:53:25","date_gmt":"2020-06-02T18:53:25","guid":{"rendered":"https:\/\/www.groods.de\/index.php\/produkt\/qiyi-ms-magnetic-3x3\/"},"modified":"2025-11-19T22:31:40","modified_gmt":"2025-11-19T21:31:40","slug":"qiyi-ms-magnetic-3x3","status":"publish","type":"product","link":"https:\/\/www.groods.de\/index.php\/produkt\/qiyi-ms-magnetic-3x3\/","title":{"rendered":"QIYI MS Magnetic 3&#215;3"},"content":{"rendered":"<h1>QIYI MS Magnetic 3&#215;3<\/h1>\n<p>Den klassischen QiYi gibt es seit 2020 endlich als magnetische Version zu einem absoluten TOP Preis!<\/p>\n<p>Der klassische RBK&#8217;s Cube (3x3x3) wurde 1974 von einem ungarischen Professor namens Ern\u0151 RBK erfunden. Urspr\u00fcnglich nannte er ihn &#8222;Zauberw\u00fcrfel&#8220;, 1980 wurde er jedoch nach seinem Sch\u00f6pfer umbenannt und ist seitdem als &#8222;Zauberw\u00fcrfel&#8220; bekannt.<\/p>\n<p>In den 1980er Jahren wurde der RBK&#8217;s Cube zu einer Sensation und Mitte der 80er Jahre hatten 20% der damaligen Weltbev\u00f6lkerung damit gespielt &#8211; das ist 1 von 5 Menschen auf der Erde! Bis heute wurden mehr als 350 Millionen W\u00fcrfel verkauft und es gilt als das meistverkaufte Spielzeug aller Zeiten.<\/p>\n<p>Der RBK&#8217;s Cube hat \u00fcber 43 Billionen m\u00f6gliche Permutationen, das sind 43.252.003.274.489.856.000, um genau zu sein. Diese Zahl ist so hoch, dass sie sogar die Anzahl der Sekunden seit dem Urknall \u00fcberschreitet!<br \/>\nTrotzdem wurden im Laufe der Jahre eine Reihe von Algorithmen zur L\u00f6sung des RBK&#8217;s Cube ver\u00f6ffentlicht. Einige davon sind unkomplizierter und andere komplizierter, f\u00fchren jedoch zu schnelleren L\u00f6sungen.<\/p>\n<p>Im Laufe der Jahre wurden viele Variationen des RBK&#8217;s Cube eingef\u00fchrt. Einige der bekanntesten sind der Mini Cube, RBK&#8217;s Revenge und der Professor&#8217;s Cube.<\/p>\n<p><span class=\"a-list-item\">Der Cube hat eine hervorragende Leistung gegen\u00fcber anderen magnetischen Einsteigermodellen. Sein magnetisches Positionierungssystem l\u00e4sst den W\u00fcrfel sich glatt anf\u00fchlen und hat weniger Verriegelungen. Das Design der aufgeh\u00e4ngten Ecken erm\u00f6glicht noch mehr Stabilit\u00e4t. <\/span><span class=\"a-list-item\">Das verbesserte Corner Cutting verringert Lockups daher ist der Cube sowohl f\u00fcr Anf\u00e4nger als auch f\u00fcr Fortgeschrittene geeignet.<\/span><\/p>\n<h3><strong data-spm-anchor-id=\"a2g0x.10010108.1000023.i0.3d0af4b4DKar3l\">Eigenschaften:<\/strong><\/h3>\n<ul>\n<li>glatte und schnelle Oberfl\u00e4che<\/li>\n<li class=\"md-end-block\">neu und Originalverpackt<\/li>\n<li class=\"md-end-block\">aus hochwertigem ABS Material, das umweltfreundlich, ungiftig und langlebig ist<\/li>\n<li class=\"md-end-block\">einfarbig im stickerless Design<\/li>\n<li class=\"md-end-block\">geschmeidige Rotation und komfortables Spielgef\u00fchl<\/li>\n<li class=\"md-end-block\">ausgezeichnete Fehlertoleranz f\u00fcr besonders schnelle Zeiten<\/li>\n<li>Viele Stunden Spa\u00df und Kopfzerbrechen mit Freunden und Familie sind garantiert<\/li>\n<\/ul>\n<h3>Spezifikationen:<\/h3>\n<ul>\n<li>Farbe: stickerless<\/li>\n<li>Material: Kunststoff<\/li>\n<li>Produkt Abmessungen: 6,0*6,0*6,0 cm<\/li>\n<li>Produkt Gewicht: 132g<\/li>\n<li>Verpackung: hochwertige Hartplastik Verpackung<\/li>\n<\/ul>\n","protected":false},"excerpt":{"rendered":"<p>QIYI MS Magnetic 3&#215;3 Den klassischen QiYi gibt es seit 2020 endlich als magnetische Version zu einem absoluten TOP Preis! Der klassische RBK&#8217;s Cube (3x3x3) wurde 1974 von einem ungarischen Professor namens Ern\u0151 RBK erfunden. Urspr\u00fcnglich nannte er ihn &#8222;Zauberw\u00fcrfel&#8220;, 1980 wurde er jedoch nach seinem Sch\u00f6pfer umbenannt und ist seitdem als &#8222;Zauberw\u00fcrfel&#8220; bekannt. In [&hellip;]<\/p>\n","protected":false},"featured_media":7074,"comment_status":"open","ping_status":"closed","template":"","meta":[],"product_brand":[],"product_cat":[53,40,49],"product_tag":[],"class_list":{"0":"post-6688","1":"product","2":"type-product","3":"status-publish","4":"has-post-thumbnail","6":"product_cat-3x3","7":"product_cat-magnetische-zauberwuerfel","8":"product_cat-qi-yi","10":"first","11":"instock","12":"taxable","13":"shipping-taxable","14":"purchasable","15":"product-type-simple"},"yoast_head":"<!-- This site is optimized with the Yoast SEO plugin v26.7 - https:\/\/yoast.com\/wordpress\/plugins\/seo\/ -->\n<title>QIYI MS Magnetic 3x3 - gRoods<\/title>\n<meta name=\"robots\" content=\"index, follow, max-snippet:-1, max-image-preview:large, max-video-preview:-1\" \/>\n<link rel=\"canonical\" href=\"https:\/\/www.groods.de\/index.php\/produkt\/qiyi-ms-magnetic-3x3\/\" \/>\n<meta property=\"og:locale\" content=\"de_DE\" \/>\n<meta property=\"og:type\" content=\"article\" \/>\n<meta property=\"og:title\" content=\"QIYI MS Magnetic 3x3 - gRoods\" \/>\n<meta property=\"og:description\" content=\"QIYI MS Magnetic 3&#215;3 Den klassischen QiYi gibt es seit 2020 endlich als magnetische Version zu einem absoluten TOP Preis! Der klassische RBK&#8217;s Cube (3x3x3) wurde 1974 von einem ungarischen Professor namens Ern\u0151 RBK erfunden. Urspr\u00fcnglich nannte er ihn &#8222;Zauberw\u00fcrfel&#8220;, 1980 wurde er jedoch nach seinem Sch\u00f6pfer umbenannt und ist seitdem als &#8222;Zauberw\u00fcrfel&#8220; bekannt. In [&hellip;]\" \/>\n<meta property=\"og:url\" content=\"https:\/\/www.groods.de\/index.php\/produkt\/qiyi-ms-magnetic-3x3\/\" \/>\n<meta property=\"og:site_name\" content=\"gRoods\" \/>\n<meta property=\"article:modified_time\" content=\"2025-11-19T21:31:40+00:00\" \/>\n<meta property=\"og:image\" content=\"https:\/\/www.groods.de\/wp-content\/uploads\/2020\/06\/QIYI-MS-Magnetic-3x3-9.jpg\" \/>\n\t<meta property=\"og:image:width\" content=\"393\" \/>\n\t<meta property=\"og:image:height\" content=\"393\" \/>\n\t<meta property=\"og:image:type\" content=\"image\/jpeg\" \/>\n<meta name=\"twitter:card\" content=\"summary_large_image\" \/>\n<meta name=\"twitter:label1\" content=\"Gesch\u00e4tzte Lesezeit\" \/>\n\t<meta name=\"twitter:data1\" content=\"2\u00a0Minuten\" \/>\n<script type=\"application\/ld+json\" class=\"yoast-schema-graph\">{\"@context\":\"https:\/\/schema.org\",\"@graph\":[{\"@type\":\"WebPage\",\"@id\":\"https:\/\/www.groods.de\/index.php\/produkt\/qiyi-ms-magnetic-3x3\/\",\"url\":\"https:\/\/www.groods.de\/index.php\/produkt\/qiyi-ms-magnetic-3x3\/\",\"name\":\"QIYI MS Magnetic 3x3 - gRoods\",\"isPartOf\":{\"@id\":\"https:\/\/www.groods.de\/#website\"},\"primaryImageOfPage\":{\"@id\":\"https:\/\/www.groods.de\/index.php\/produkt\/qiyi-ms-magnetic-3x3\/#primaryimage\"},\"image\":{\"@id\":\"https:\/\/www.groods.de\/index.php\/produkt\/qiyi-ms-magnetic-3x3\/#primaryimage\"},\"thumbnailUrl\":\"https:\/\/www.groods.de\/wp-content\/uploads\/2020\/06\/QIYI-MS-Magnetic-3x3-9.jpg\",\"datePublished\":\"2020-06-02T18:53:25+00:00\",\"dateModified\":\"2025-11-19T21:31:40+00:00\",\"breadcrumb\":{\"@id\":\"https:\/\/www.groods.de\/index.php\/produkt\/qiyi-ms-magnetic-3x3\/#breadcrumb\"},\"inLanguage\":\"de\",\"potentialAction\":[{\"@type\":\"ReadAction\",\"target\":[\"https:\/\/www.groods.de\/index.php\/produkt\/qiyi-ms-magnetic-3x3\/\"]}]},{\"@type\":\"ImageObject\",\"inLanguage\":\"de\",\"@id\":\"https:\/\/www.groods.de\/index.php\/produkt\/qiyi-ms-magnetic-3x3\/#primaryimage\",\"url\":\"https:\/\/www.groods.de\/wp-content\/uploads\/2020\/06\/QIYI-MS-Magnetic-3x3-9.jpg\",\"contentUrl\":\"https:\/\/www.groods.de\/wp-content\/uploads\/2020\/06\/QIYI-MS-Magnetic-3x3-9.jpg\",\"width\":393,\"height\":393},{\"@type\":\"BreadcrumbList\",\"@id\":\"https:\/\/www.groods.de\/index.php\/produkt\/qiyi-ms-magnetic-3x3\/#breadcrumb\",\"itemListElement\":[{\"@type\":\"ListItem\",\"position\":1,\"name\":\"Startseite\",\"item\":\"https:\/\/www.groods.de\/\"},{\"@type\":\"ListItem\",\"position\":2,\"name\":\"Shop\",\"item\":\"https:\/\/www.groods.de\/index.php\/shop\/\"},{\"@type\":\"ListItem\",\"position\":3,\"name\":\"QIYI MS Magnetic 3&#215;3\"}]},{\"@type\":\"WebSite\",\"@id\":\"https:\/\/www.groods.de\/#website\",\"url\":\"https:\/\/www.groods.de\/\",\"name\":\"gRoods.de\",\"description\":\"Entdecke die Welt der Speedcubes\",\"publisher\":{\"@id\":\"https:\/\/www.groods.de\/#organization\"},\"potentialAction\":[{\"@type\":\"SearchAction\",\"target\":{\"@type\":\"EntryPoint\",\"urlTemplate\":\"https:\/\/www.groods.de\/?s={search_term_string}\"},\"query-input\":{\"@type\":\"PropertyValueSpecification\",\"valueRequired\":true,\"valueName\":\"search_term_string\"}}],\"inLanguage\":\"de\"},{\"@type\":\"Organization\",\"@id\":\"https:\/\/www.groods.de\/#organization\",\"name\":\"gRoods.de\",\"url\":\"https:\/\/www.groods.de\/\",\"logo\":{\"@type\":\"ImageObject\",\"inLanguage\":\"de\",\"@id\":\"https:\/\/www.groods.de\/#\/schema\/logo\/image\/\",\"url\":\"https:\/\/www.groods.de\/wp-content\/uploads\/2018\/08\/logo.png\",\"contentUrl\":\"https:\/\/www.groods.de\/wp-content\/uploads\/2018\/08\/logo.png\",\"width\":1077,\"height\":373,\"caption\":\"gRoods.de\"},\"image\":{\"@id\":\"https:\/\/www.groods.de\/#\/schema\/logo\/image\/\"}}]}<\/script>\n<!-- \/ Yoast SEO plugin. -->","yoast_head_json":{"title":"QIYI MS Magnetic 3x3 - gRoods","robots":{"index":"index","follow":"follow","max-snippet":"max-snippet:-1","max-image-preview":"max-image-preview:large","max-video-preview":"max-video-preview:-1"},"canonical":"https:\/\/www.groods.de\/index.php\/produkt\/qiyi-ms-magnetic-3x3\/","og_locale":"de_DE","og_type":"article","og_title":"QIYI MS Magnetic 3x3 - gRoods","og_description":"QIYI MS Magnetic 3&#215;3 Den klassischen QiYi gibt es seit 2020 endlich als magnetische Version zu einem absoluten TOP Preis! Der klassische RBK&#8217;s Cube (3x3x3) wurde 1974 von einem ungarischen Professor namens Ern\u0151 RBK erfunden. Urspr\u00fcnglich nannte er ihn &#8222;Zauberw\u00fcrfel&#8220;, 1980 wurde er jedoch nach seinem Sch\u00f6pfer umbenannt und ist seitdem als &#8222;Zauberw\u00fcrfel&#8220; bekannt. In [&hellip;]","og_url":"https:\/\/www.groods.de\/index.php\/produkt\/qiyi-ms-magnetic-3x3\/","og_site_name":"gRoods","article_modified_time":"2025-11-19T21:31:40+00:00","og_image":[{"width":393,"height":393,"url":"https:\/\/www.groods.de\/wp-content\/uploads\/2020\/06\/QIYI-MS-Magnetic-3x3-9.jpg","type":"image\/jpeg"}],"twitter_card":"summary_large_image","twitter_misc":{"Gesch\u00e4tzte Lesezeit":"2\u00a0Minuten"},"schema":{"@context":"https:\/\/schema.org","@graph":[{"@type":"WebPage","@id":"https:\/\/www.groods.de\/index.php\/produkt\/qiyi-ms-magnetic-3x3\/","url":"https:\/\/www.groods.de\/index.php\/produkt\/qiyi-ms-magnetic-3x3\/","name":"QIYI MS Magnetic 3x3 - gRoods","isPartOf":{"@id":"https:\/\/www.groods.de\/#website"},"primaryImageOfPage":{"@id":"https:\/\/www.groods.de\/index.php\/produkt\/qiyi-ms-magnetic-3x3\/#primaryimage"},"image":{"@id":"https:\/\/www.groods.de\/index.php\/produkt\/qiyi-ms-magnetic-3x3\/#primaryimage"},"thumbnailUrl":"https:\/\/www.groods.de\/wp-content\/uploads\/2020\/06\/QIYI-MS-Magnetic-3x3-9.jpg","datePublished":"2020-06-02T18:53:25+00:00","dateModified":"2025-11-19T21:31:40+00:00","breadcrumb":{"@id":"https:\/\/www.groods.de\/index.php\/produkt\/qiyi-ms-magnetic-3x3\/#breadcrumb"},"inLanguage":"de","potentialAction":[{"@type":"ReadAction","target":["https:\/\/www.groods.de\/index.php\/produkt\/qiyi-ms-magnetic-3x3\/"]}]},{"@type":"ImageObject","inLanguage":"de","@id":"https:\/\/www.groods.de\/index.php\/produkt\/qiyi-ms-magnetic-3x3\/#primaryimage","url":"https:\/\/www.groods.de\/wp-content\/uploads\/2020\/06\/QIYI-MS-Magnetic-3x3-9.jpg","contentUrl":"https:\/\/www.groods.de\/wp-content\/uploads\/2020\/06\/QIYI-MS-Magnetic-3x3-9.jpg","width":393,"height":393},{"@type":"BreadcrumbList","@id":"https:\/\/www.groods.de\/index.php\/produkt\/qiyi-ms-magnetic-3x3\/#breadcrumb","itemListElement":[{"@type":"ListItem","position":1,"name":"Startseite","item":"https:\/\/www.groods.de\/"},{"@type":"ListItem","position":2,"name":"Shop","item":"https:\/\/www.groods.de\/index.php\/shop\/"},{"@type":"ListItem","position":3,"name":"QIYI MS Magnetic 3&#215;3"}]},{"@type":"WebSite","@id":"https:\/\/www.groods.de\/#website","url":"https:\/\/www.groods.de\/","name":"gRoods.de","description":"Entdecke die Welt der Speedcubes","publisher":{"@id":"https:\/\/www.groods.de\/#organization"},"potentialAction":[{"@type":"SearchAction","target":{"@type":"EntryPoint","urlTemplate":"https:\/\/www.groods.de\/?s={search_term_string}"},"query-input":{"@type":"PropertyValueSpecification","valueRequired":true,"valueName":"search_term_string"}}],"inLanguage":"de"},{"@type":"Organization","@id":"https:\/\/www.groods.de\/#organization","name":"gRoods.de","url":"https:\/\/www.groods.de\/","logo":{"@type":"ImageObject","inLanguage":"de","@id":"https:\/\/www.groods.de\/#\/schema\/logo\/image\/","url":"https:\/\/www.groods.de\/wp-content\/uploads\/2018\/08\/logo.png","contentUrl":"https:\/\/www.groods.de\/wp-content\/uploads\/2018\/08\/logo.png","width":1077,"height":373,"caption":"gRoods.de"},"image":{"@id":"https:\/\/www.groods.de\/#\/schema\/logo\/image\/"}}]}},"_links":{"self":[{"href":"https:\/\/www.groods.de\/index.php\/wp-json\/wp\/v2\/product\/6688","targetHints":{"allow":["GET"]}}],"collection":[{"href":"https:\/\/www.groods.de\/index.php\/wp-json\/wp\/v2\/product"}],"about":[{"href":"https:\/\/www.groods.de\/index.php\/wp-json\/wp\/v2\/types\/product"}],"replies":[{"embeddable":true,"href":"https:\/\/www.groods.de\/index.php\/wp-json\/wp\/v2\/comments?post=6688"}],"wp:featuredmedia":[{"embeddable":true,"href":"https:\/\/www.groods.de\/index.php\/wp-json\/wp\/v2\/media\/7074"}],"wp:attachment":[{"href":"https:\/\/www.groods.de\/index.php\/wp-json\/wp\/v2\/media?parent=6688"}],"wp:term":[{"taxonomy":"product_brand","embeddable":true,"href":"https:\/\/www.groods.de\/index.php\/wp-json\/wp\/v2\/product_brand?post=6688"},{"taxonomy":"product_cat","embeddable":true,"href":"https:\/\/www.groods.de\/index.php\/wp-json\/wp\/v2\/product_cat?post=6688"},{"taxonomy":"product_tag","embeddable":true,"href":"https:\/\/www.groods.de\/index.php\/wp-json\/wp\/v2\/product_tag?post=6688"}],"curies":[{"name":"wp","href":"https:\/\/api.w.org\/{rel}","templated":true}]}}