{"id":6679,"date":"2020-06-02T13:35:08","date_gmt":"2020-06-02T11:35:08","guid":{"rendered":"https:\/\/www.groods.de\/index.php\/produkt\/yj-mgc3-elite-3x3-stickerless\/"},"modified":"2025-11-19T22:31:00","modified_gmt":"2025-11-19T21:31:00","slug":"yj-mgc3-elite-3x3-stickerless","status":"publish","type":"product","link":"https:\/\/www.groods.de\/index.php\/produkt\/yj-mgc3-elite-3x3-stickerless\/","title":{"rendered":"YJ MGC3 Elite 3&#215;3 &#8211; stickerless"},"content":{"rendered":"<h1>YJ MGC3 Elite 3&#215;3 &#8211; stickerless<\/h1>\n<p>YJ MGC3 Elite 3&#215;3 ist eines der neuesten Elite-Produkte und\u00a0YJs Flaggschiff 3&#215;3. Der MGC3 Elite ist eine starke Verbesserung gegen\u00fcber seinem Vorg\u00e4nger und verf\u00fcgt \u00fcber eine einstellbare Magnetst\u00e4rke und -elastizit\u00e4t. In Verbindung mit einer flexiblen, traditionellen Spannschraube wird durch diesen Magnetisierungseffekt ein taktiles und sehr stabiles Gef\u00fchl mit sauberem, klickendem Feedback unabh\u00e4ngig von der Ausrichtung des St\u00fccks erzielt. Die magnetische Anziehungskraft zwischen den Teilen f\u00fchrt zu einer erh\u00f6hten Effizienz bei gleichzeitiger Minimierung von \u00dcberschwingen und unerw\u00fcnschten \u00dcberbr\u00fcckungen.<br \/>\nDieser perfekte W\u00fcrfel f\u00fcr Einhandl\u00f6sungen wurde mit Elite-Services super stabil gemacht. Es wird hochwertiger Superkleber verwendet, der f\u00fcr die optimale Zeit aush\u00e4rten kann, um eine perfekte Haftung zwischen den Magneten und dem Material des Puzzles zu gew\u00e4hrleisten.<\/p>\n<p>Dieser W\u00fcrfel f\u00fchlt sich lebendig und crispy an und kann an eine Vielzahl von Stilen und Vorlieben angepasst werden.<\/p>\n<p>Kommt mit:<\/p>\n<ul>\n<li>YJ MGC3 Elite<\/li>\n<li>Doppelseitiges Einstellwerkzeug<\/li>\n<li>YJ Brosch\u00fcre<\/li>\n<\/ul>\n<h3>Eigenschaften:<\/h3>\n<ul>\n<li>glatte und schnelle Oberfl\u00e4che<\/li>\n<li>Ausgezeichnetes Corner Cutting<\/li>\n<li class=\"md-end-block\">neu und Originalverpackt<\/li>\n<li class=\"md-end-block\">aus hochwertigem ABS Material, das umweltfreundlich, ungiftig und langlebig ist<\/li>\n<li class=\"md-end-block\">einfarbig im stickerless Design<\/li>\n<li class=\"md-end-block\">geschmeidige Rotation und komfortables Spielgef\u00fchl<\/li>\n<li class=\"md-end-block\">ausgezeichnete Fehlertoleranz f\u00fcr besonders schnelle Zeiten<\/li>\n<li>Viele Stunden Spa\u00df und Kopfzerbrechen mit Freunden und Familie sind garantiert<\/li>\n<\/ul>\n<h3>Spezifikationen:<\/h3>\n<ul>\n<li>Farbe: stickerless<\/li>\n<li>Material: Kunststoff<\/li>\n<li>Produkt Abmessungen:5,6*5,6*5,6 cm<\/li>\n<li>Produkt Gewicht: 87g<\/li>\n<li>Verpackung: Karton Box<\/li>\n<\/ul>\n","protected":false},"excerpt":{"rendered":"<p>YJ MGC3 Elite 3&#215;3 &#8211; stickerless YJ MGC3 Elite 3&#215;3 ist eines der neuesten Elite-Produkte und\u00a0YJs Flaggschiff 3&#215;3. Der MGC3 Elite ist eine starke Verbesserung gegen\u00fcber seinem Vorg\u00e4nger und verf\u00fcgt \u00fcber eine einstellbare Magnetst\u00e4rke und -elastizit\u00e4t. In Verbindung mit einer flexiblen, traditionellen Spannschraube wird durch diesen Magnetisierungseffekt ein taktiles und sehr stabiles Gef\u00fchl mit sauberem, [&hellip;]<\/p>\n","protected":false},"featured_media":7101,"comment_status":"open","ping_status":"closed","template":"","meta":[],"product_brand":[],"product_cat":[53,40,42],"product_tag":[],"class_list":{"0":"post-6679","1":"product","2":"type-product","3":"status-publish","4":"has-post-thumbnail","6":"product_cat-3x3","7":"product_cat-magnetische-zauberwuerfel","8":"product_cat-yj","10":"first","11":"instock","12":"taxable","13":"shipping-taxable","14":"purchasable","15":"product-type-simple"},"yoast_head":"<!-- This site is optimized with the Yoast SEO plugin v26.7 - https:\/\/yoast.com\/wordpress\/plugins\/seo\/ -->\n<title>YJ MGC3 Elite 3x3 - stickerless - gRoods<\/title>\n<meta name=\"robots\" content=\"index, follow, max-snippet:-1, max-image-preview:large, max-video-preview:-1\" \/>\n<link rel=\"canonical\" href=\"https:\/\/www.groods.de\/index.php\/produkt\/yj-mgc3-elite-3x3-stickerless\/\" \/>\n<meta property=\"og:locale\" content=\"de_DE\" \/>\n<meta property=\"og:type\" content=\"article\" \/>\n<meta property=\"og:title\" content=\"YJ MGC3 Elite 3x3 - stickerless - gRoods\" \/>\n<meta property=\"og:description\" content=\"YJ MGC3 Elite 3&#215;3 &#8211; stickerless YJ MGC3 Elite 3&#215;3 ist eines der neuesten Elite-Produkte und\u00a0YJs Flaggschiff 3&#215;3. Der MGC3 Elite ist eine starke Verbesserung gegen\u00fcber seinem Vorg\u00e4nger und verf\u00fcgt \u00fcber eine einstellbare Magnetst\u00e4rke und -elastizit\u00e4t. In Verbindung mit einer flexiblen, traditionellen Spannschraube wird durch diesen Magnetisierungseffekt ein taktiles und sehr stabiles Gef\u00fchl mit sauberem, [&hellip;]\" \/>\n<meta property=\"og:url\" content=\"https:\/\/www.groods.de\/index.php\/produkt\/yj-mgc3-elite-3x3-stickerless\/\" \/>\n<meta property=\"og:site_name\" content=\"gRoods\" \/>\n<meta property=\"article:modified_time\" content=\"2025-11-19T21:31:00+00:00\" \/>\n<meta property=\"og:image\" content=\"https:\/\/www.groods.de\/wp-content\/uploads\/2020\/06\/MGC-V3-Elite-3-20.jpg\" \/>\n\t<meta property=\"og:image:width\" content=\"800\" \/>\n\t<meta property=\"og:image:height\" content=\"800\" \/>\n\t<meta property=\"og:image:type\" content=\"image\/jpeg\" \/>\n<meta name=\"twitter:card\" content=\"summary_large_image\" \/>\n<meta name=\"twitter:label1\" content=\"Gesch\u00e4tzte Lesezeit\" \/>\n\t<meta name=\"twitter:data1\" content=\"2\u00a0Minuten\" \/>\n<script type=\"application\/ld+json\" class=\"yoast-schema-graph\">{\"@context\":\"https:\/\/schema.org\",\"@graph\":[{\"@type\":\"WebPage\",\"@id\":\"https:\/\/www.groods.de\/index.php\/produkt\/yj-mgc3-elite-3x3-stickerless\/\",\"url\":\"https:\/\/www.groods.de\/index.php\/produkt\/yj-mgc3-elite-3x3-stickerless\/\",\"name\":\"YJ MGC3 Elite 3x3 - stickerless - gRoods\",\"isPartOf\":{\"@id\":\"https:\/\/www.groods.de\/#website\"},\"primaryImageOfPage\":{\"@id\":\"https:\/\/www.groods.de\/index.php\/produkt\/yj-mgc3-elite-3x3-stickerless\/#primaryimage\"},\"image\":{\"@id\":\"https:\/\/www.groods.de\/index.php\/produkt\/yj-mgc3-elite-3x3-stickerless\/#primaryimage\"},\"thumbnailUrl\":\"https:\/\/www.groods.de\/wp-content\/uploads\/2020\/06\/MGC-V3-Elite-3-20.jpg\",\"datePublished\":\"2020-06-02T11:35:08+00:00\",\"dateModified\":\"2025-11-19T21:31:00+00:00\",\"breadcrumb\":{\"@id\":\"https:\/\/www.groods.de\/index.php\/produkt\/yj-mgc3-elite-3x3-stickerless\/#breadcrumb\"},\"inLanguage\":\"de\",\"potentialAction\":[{\"@type\":\"ReadAction\",\"target\":[\"https:\/\/www.groods.de\/index.php\/produkt\/yj-mgc3-elite-3x3-stickerless\/\"]}]},{\"@type\":\"ImageObject\",\"inLanguage\":\"de\",\"@id\":\"https:\/\/www.groods.de\/index.php\/produkt\/yj-mgc3-elite-3x3-stickerless\/#primaryimage\",\"url\":\"https:\/\/www.groods.de\/wp-content\/uploads\/2020\/06\/MGC-V3-Elite-3-20.jpg\",\"contentUrl\":\"https:\/\/www.groods.de\/wp-content\/uploads\/2020\/06\/MGC-V3-Elite-3-20.jpg\",\"width\":800,\"height\":800},{\"@type\":\"BreadcrumbList\",\"@id\":\"https:\/\/www.groods.de\/index.php\/produkt\/yj-mgc3-elite-3x3-stickerless\/#breadcrumb\",\"itemListElement\":[{\"@type\":\"ListItem\",\"position\":1,\"name\":\"Startseite\",\"item\":\"https:\/\/www.groods.de\/\"},{\"@type\":\"ListItem\",\"position\":2,\"name\":\"Shop\",\"item\":\"https:\/\/www.groods.de\/index.php\/shop\/\"},{\"@type\":\"ListItem\",\"position\":3,\"name\":\"YJ MGC3 Elite 3&#215;3 &#8211; stickerless\"}]},{\"@type\":\"WebSite\",\"@id\":\"https:\/\/www.groods.de\/#website\",\"url\":\"https:\/\/www.groods.de\/\",\"name\":\"gRoods.de\",\"description\":\"Entdecke die Welt der Speedcubes\",\"publisher\":{\"@id\":\"https:\/\/www.groods.de\/#organization\"},\"potentialAction\":[{\"@type\":\"SearchAction\",\"target\":{\"@type\":\"EntryPoint\",\"urlTemplate\":\"https:\/\/www.groods.de\/?s={search_term_string}\"},\"query-input\":{\"@type\":\"PropertyValueSpecification\",\"valueRequired\":true,\"valueName\":\"search_term_string\"}}],\"inLanguage\":\"de\"},{\"@type\":\"Organization\",\"@id\":\"https:\/\/www.groods.de\/#organization\",\"name\":\"gRoods.de\",\"url\":\"https:\/\/www.groods.de\/\",\"logo\":{\"@type\":\"ImageObject\",\"inLanguage\":\"de\",\"@id\":\"https:\/\/www.groods.de\/#\/schema\/logo\/image\/\",\"url\":\"https:\/\/www.groods.de\/wp-content\/uploads\/2018\/08\/logo.png\",\"contentUrl\":\"https:\/\/www.groods.de\/wp-content\/uploads\/2018\/08\/logo.png\",\"width\":1077,\"height\":373,\"caption\":\"gRoods.de\"},\"image\":{\"@id\":\"https:\/\/www.groods.de\/#\/schema\/logo\/image\/\"}}]}<\/script>\n<!-- \/ Yoast SEO plugin. -->","yoast_head_json":{"title":"YJ MGC3 Elite 3x3 - stickerless - gRoods","robots":{"index":"index","follow":"follow","max-snippet":"max-snippet:-1","max-image-preview":"max-image-preview:large","max-video-preview":"max-video-preview:-1"},"canonical":"https:\/\/www.groods.de\/index.php\/produkt\/yj-mgc3-elite-3x3-stickerless\/","og_locale":"de_DE","og_type":"article","og_title":"YJ MGC3 Elite 3x3 - stickerless - gRoods","og_description":"YJ MGC3 Elite 3&#215;3 &#8211; stickerless YJ MGC3 Elite 3&#215;3 ist eines der neuesten Elite-Produkte und\u00a0YJs Flaggschiff 3&#215;3. Der MGC3 Elite ist eine starke Verbesserung gegen\u00fcber seinem Vorg\u00e4nger und verf\u00fcgt \u00fcber eine einstellbare Magnetst\u00e4rke und -elastizit\u00e4t. In Verbindung mit einer flexiblen, traditionellen Spannschraube wird durch diesen Magnetisierungseffekt ein taktiles und sehr stabiles Gef\u00fchl mit sauberem, [&hellip;]","og_url":"https:\/\/www.groods.de\/index.php\/produkt\/yj-mgc3-elite-3x3-stickerless\/","og_site_name":"gRoods","article_modified_time":"2025-11-19T21:31:00+00:00","og_image":[{"width":800,"height":800,"url":"https:\/\/www.groods.de\/wp-content\/uploads\/2020\/06\/MGC-V3-Elite-3-20.jpg","type":"image\/jpeg"}],"twitter_card":"summary_large_image","twitter_misc":{"Gesch\u00e4tzte Lesezeit":"2\u00a0Minuten"},"schema":{"@context":"https:\/\/schema.org","@graph":[{"@type":"WebPage","@id":"https:\/\/www.groods.de\/index.php\/produkt\/yj-mgc3-elite-3x3-stickerless\/","url":"https:\/\/www.groods.de\/index.php\/produkt\/yj-mgc3-elite-3x3-stickerless\/","name":"YJ MGC3 Elite 3x3 - stickerless - gRoods","isPartOf":{"@id":"https:\/\/www.groods.de\/#website"},"primaryImageOfPage":{"@id":"https:\/\/www.groods.de\/index.php\/produkt\/yj-mgc3-elite-3x3-stickerless\/#primaryimage"},"image":{"@id":"https:\/\/www.groods.de\/index.php\/produkt\/yj-mgc3-elite-3x3-stickerless\/#primaryimage"},"thumbnailUrl":"https:\/\/www.groods.de\/wp-content\/uploads\/2020\/06\/MGC-V3-Elite-3-20.jpg","datePublished":"2020-06-02T11:35:08+00:00","dateModified":"2025-11-19T21:31:00+00:00","breadcrumb":{"@id":"https:\/\/www.groods.de\/index.php\/produkt\/yj-mgc3-elite-3x3-stickerless\/#breadcrumb"},"inLanguage":"de","potentialAction":[{"@type":"ReadAction","target":["https:\/\/www.groods.de\/index.php\/produkt\/yj-mgc3-elite-3x3-stickerless\/"]}]},{"@type":"ImageObject","inLanguage":"de","@id":"https:\/\/www.groods.de\/index.php\/produkt\/yj-mgc3-elite-3x3-stickerless\/#primaryimage","url":"https:\/\/www.groods.de\/wp-content\/uploads\/2020\/06\/MGC-V3-Elite-3-20.jpg","contentUrl":"https:\/\/www.groods.de\/wp-content\/uploads\/2020\/06\/MGC-V3-Elite-3-20.jpg","width":800,"height":800},{"@type":"BreadcrumbList","@id":"https:\/\/www.groods.de\/index.php\/produkt\/yj-mgc3-elite-3x3-stickerless\/#breadcrumb","itemListElement":[{"@type":"ListItem","position":1,"name":"Startseite","item":"https:\/\/www.groods.de\/"},{"@type":"ListItem","position":2,"name":"Shop","item":"https:\/\/www.groods.de\/index.php\/shop\/"},{"@type":"ListItem","position":3,"name":"YJ MGC3 Elite 3&#215;3 &#8211; stickerless"}]},{"@type":"WebSite","@id":"https:\/\/www.groods.de\/#website","url":"https:\/\/www.groods.de\/","name":"gRoods.de","description":"Entdecke die Welt der Speedcubes","publisher":{"@id":"https:\/\/www.groods.de\/#organization"},"potentialAction":[{"@type":"SearchAction","target":{"@type":"EntryPoint","urlTemplate":"https:\/\/www.groods.de\/?s={search_term_string}"},"query-input":{"@type":"PropertyValueSpecification","valueRequired":true,"valueName":"search_term_string"}}],"inLanguage":"de"},{"@type":"Organization","@id":"https:\/\/www.groods.de\/#organization","name":"gRoods.de","url":"https:\/\/www.groods.de\/","logo":{"@type":"ImageObject","inLanguage":"de","@id":"https:\/\/www.groods.de\/#\/schema\/logo\/image\/","url":"https:\/\/www.groods.de\/wp-content\/uploads\/2018\/08\/logo.png","contentUrl":"https:\/\/www.groods.de\/wp-content\/uploads\/2018\/08\/logo.png","width":1077,"height":373,"caption":"gRoods.de"},"image":{"@id":"https:\/\/www.groods.de\/#\/schema\/logo\/image\/"}}]}},"_links":{"self":[{"href":"https:\/\/www.groods.de\/index.php\/wp-json\/wp\/v2\/product\/6679","targetHints":{"allow":["GET"]}}],"collection":[{"href":"https:\/\/www.groods.de\/index.php\/wp-json\/wp\/v2\/product"}],"about":[{"href":"https:\/\/www.groods.de\/index.php\/wp-json\/wp\/v2\/types\/product"}],"replies":[{"embeddable":true,"href":"https:\/\/www.groods.de\/index.php\/wp-json\/wp\/v2\/comments?post=6679"}],"wp:featuredmedia":[{"embeddable":true,"href":"https:\/\/www.groods.de\/index.php\/wp-json\/wp\/v2\/media\/7101"}],"wp:attachment":[{"href":"https:\/\/www.groods.de\/index.php\/wp-json\/wp\/v2\/media?parent=6679"}],"wp:term":[{"taxonomy":"product_brand","embeddable":true,"href":"https:\/\/www.groods.de\/index.php\/wp-json\/wp\/v2\/product_brand?post=6679"},{"taxonomy":"product_cat","embeddable":true,"href":"https:\/\/www.groods.de\/index.php\/wp-json\/wp\/v2\/product_cat?post=6679"},{"taxonomy":"product_tag","embeddable":true,"href":"https:\/\/www.groods.de\/index.php\/wp-json\/wp\/v2\/product_tag?post=6679"}],"curies":[{"name":"wp","href":"https:\/\/api.w.org\/{rel}","templated":true}]}}