{"id":6658,"date":"2020-06-02T13:29:37","date_gmt":"2020-06-02T11:29:37","guid":{"rendered":"https:\/\/www.groods.de\/index.php\/produkt\/make-up-spiel-kits-kinder-kosmetik-set-fuer-maedchen\/"},"modified":"2025-01-22T11:28:54","modified_gmt":"2025-01-22T10:28:54","slug":"make-up-spiel-kits-kinder-kosmetik-set-fuer-maedchen","status":"publish","type":"product","link":"https:\/\/www.groods.de\/index.php\/produkt\/make-up-spiel-kits-kinder-kosmetik-set-fuer-maedchen\/","title":{"rendered":"Schminkset Make-up Spiel Kit Kosmetik Set f\u00fcr M\u00e4dchen"},"content":{"rendered":"<h1>Schminkset Make-up Spiel Kit Kosmetik Set f\u00fcr M\u00e4dchen (Kein echtes Make-Up!)<\/h1>\n<p><span class=\"\" title=\"\">Bieten Sie stundenlange Rollenspiele! <\/span><span class=\"\" title=\"\">Ihre M\u00e4dchen werden von unserem Beauty Set inkl. Tasche begeistert sein. Sie lieben es sich wie Mama herzurichten. Und Mama muss keine Angst um Ihre teuer Kosmetik mehr haben.<\/span><br \/>\n<span class=\"\" title=\"\">Alles wird ordentlich in einer praktischen Tasche aufbewahrt.<\/span><br \/>\n<span class=\"\" title=\"\">Lassen Sie Ihr kleines M\u00e4dchen oder Ihren kleinen Jungen so tun, als ob Sie sich fertig machen kann wie die Mama!<\/span><br \/>\n<span class=\"\" title=\"\">Bei den Kosmetik Produkten handelt es sich um Spielzeug! Weder Lippenstift, noch Make-up, Wimperntusche, Mascara oder Nagellack sind echt! <\/span>Alle Elemente unseres Sets sind aus hochwertigen und ungiftigen Kunststoffen gefertigt!<\/p>\n<p>&nbsp;<\/p>\n<p>&nbsp;<\/p>\n","protected":false},"excerpt":{"rendered":"<p>Schminkset Make-up Spiel Kit Kosmetik Set f\u00fcr M\u00e4dchen (Kein echtes Make-Up!) Bieten Sie stundenlange Rollenspiele! Ihre M\u00e4dchen werden von unserem Beauty Set inkl. Tasche begeistert sein. Sie lieben es sich wie Mama herzurichten. Und Mama muss keine Angst um Ihre teuer Kosmetik mehr haben. Alles wird ordentlich in einer praktischen Tasche aufbewahrt. Lassen Sie Ihr [&hellip;]<\/p>\n","protected":false},"featured_media":7187,"comment_status":"open","ping_status":"closed","template":"","meta":[],"product_brand":[],"product_cat":[86,153],"product_tag":[],"class_list":{"0":"post-6658","1":"product","2":"type-product","3":"status-publish","4":"has-post-thumbnail","6":"product_cat-neue-produkte","7":"product_cat-schminkset","9":"first","10":"instock","11":"taxable","12":"shipping-taxable","13":"purchasable","14":"product-type-simple"},"yoast_head":"<!-- This site is optimized with the Yoast SEO plugin v26.7 - https:\/\/yoast.com\/wordpress\/plugins\/seo\/ -->\n<title>Schminkset Make-up Spiel Kit Kosmetik Set f\u00fcr M\u00e4dchen - gRoods<\/title>\n<meta name=\"robots\" content=\"index, follow, max-snippet:-1, max-image-preview:large, max-video-preview:-1\" \/>\n<link rel=\"canonical\" href=\"https:\/\/www.groods.de\/index.php\/produkt\/make-up-spiel-kits-kinder-kosmetik-set-fuer-maedchen\/\" \/>\n<meta property=\"og:locale\" content=\"de_DE\" \/>\n<meta property=\"og:type\" content=\"article\" \/>\n<meta property=\"og:title\" content=\"Schminkset Make-up Spiel Kit Kosmetik Set f\u00fcr M\u00e4dchen - gRoods\" \/>\n<meta property=\"og:description\" content=\"Schminkset Make-up Spiel Kit Kosmetik Set f\u00fcr M\u00e4dchen (Kein echtes Make-Up!) Bieten Sie stundenlange Rollenspiele! Ihre M\u00e4dchen werden von unserem Beauty Set inkl. Tasche begeistert sein. Sie lieben es sich wie Mama herzurichten. Und Mama muss keine Angst um Ihre teuer Kosmetik mehr haben. Alles wird ordentlich in einer praktischen Tasche aufbewahrt. Lassen Sie Ihr [&hellip;]\" \/>\n<meta property=\"og:url\" content=\"https:\/\/www.groods.de\/index.php\/produkt\/make-up-spiel-kits-kinder-kosmetik-set-fuer-maedchen\/\" \/>\n<meta property=\"og:site_name\" content=\"gRoods\" \/>\n<meta property=\"article:modified_time\" content=\"2025-01-22T10:28:54+00:00\" \/>\n<meta property=\"og:image\" content=\"https:\/\/www.groods.de\/wp-content\/uploads\/2020\/06\/Make-up-Spiel-Kits-Kinder-Kosmetik-Set-fu\u0308r-Ma\u0308dchen14.jpg\" \/>\n\t<meta property=\"og:image:width\" content=\"800\" \/>\n\t<meta property=\"og:image:height\" content=\"800\" \/>\n\t<meta property=\"og:image:type\" content=\"image\/jpeg\" \/>\n<meta name=\"twitter:card\" content=\"summary_large_image\" \/>\n<meta name=\"twitter:label1\" content=\"Gesch\u00e4tzte Lesezeit\" \/>\n\t<meta name=\"twitter:data1\" content=\"1\u00a0Minute\" \/>\n<script type=\"application\/ld+json\" class=\"yoast-schema-graph\">{\"@context\":\"https:\/\/schema.org\",\"@graph\":[{\"@type\":\"WebPage\",\"@id\":\"https:\/\/www.groods.de\/index.php\/produkt\/make-up-spiel-kits-kinder-kosmetik-set-fuer-maedchen\/\",\"url\":\"https:\/\/www.groods.de\/index.php\/produkt\/make-up-spiel-kits-kinder-kosmetik-set-fuer-maedchen\/\",\"name\":\"Schminkset Make-up Spiel Kit Kosmetik Set f\u00fcr M\u00e4dchen - gRoods\",\"isPartOf\":{\"@id\":\"https:\/\/www.groods.de\/#website\"},\"primaryImageOfPage\":{\"@id\":\"https:\/\/www.groods.de\/index.php\/produkt\/make-up-spiel-kits-kinder-kosmetik-set-fuer-maedchen\/#primaryimage\"},\"image\":{\"@id\":\"https:\/\/www.groods.de\/index.php\/produkt\/make-up-spiel-kits-kinder-kosmetik-set-fuer-maedchen\/#primaryimage\"},\"thumbnailUrl\":\"https:\/\/www.groods.de\/wp-content\/uploads\/2020\/06\/Make-up-Spiel-Kits-Kinder-Kosmetik-Set-fu\u0308r-Ma\u0308dchen14.jpg\",\"datePublished\":\"2020-06-02T11:29:37+00:00\",\"dateModified\":\"2025-01-22T10:28:54+00:00\",\"breadcrumb\":{\"@id\":\"https:\/\/www.groods.de\/index.php\/produkt\/make-up-spiel-kits-kinder-kosmetik-set-fuer-maedchen\/#breadcrumb\"},\"inLanguage\":\"de\",\"potentialAction\":[{\"@type\":\"ReadAction\",\"target\":[\"https:\/\/www.groods.de\/index.php\/produkt\/make-up-spiel-kits-kinder-kosmetik-set-fuer-maedchen\/\"]}]},{\"@type\":\"ImageObject\",\"inLanguage\":\"de\",\"@id\":\"https:\/\/www.groods.de\/index.php\/produkt\/make-up-spiel-kits-kinder-kosmetik-set-fuer-maedchen\/#primaryimage\",\"url\":\"https:\/\/www.groods.de\/wp-content\/uploads\/2020\/06\/Make-up-Spiel-Kits-Kinder-Kosmetik-Set-fu\u0308r-Ma\u0308dchen14.jpg\",\"contentUrl\":\"https:\/\/www.groods.de\/wp-content\/uploads\/2020\/06\/Make-up-Spiel-Kits-Kinder-Kosmetik-Set-fu\u0308r-Ma\u0308dchen14.jpg\",\"width\":800,\"height\":800},{\"@type\":\"BreadcrumbList\",\"@id\":\"https:\/\/www.groods.de\/index.php\/produkt\/make-up-spiel-kits-kinder-kosmetik-set-fuer-maedchen\/#breadcrumb\",\"itemListElement\":[{\"@type\":\"ListItem\",\"position\":1,\"name\":\"Startseite\",\"item\":\"https:\/\/www.groods.de\/\"},{\"@type\":\"ListItem\",\"position\":2,\"name\":\"Shop\",\"item\":\"https:\/\/www.groods.de\/index.php\/shop\/\"},{\"@type\":\"ListItem\",\"position\":3,\"name\":\"Schminkset Make-up Spiel Kit Kosmetik Set f\u00fcr M\u00e4dchen\"}]},{\"@type\":\"WebSite\",\"@id\":\"https:\/\/www.groods.de\/#website\",\"url\":\"https:\/\/www.groods.de\/\",\"name\":\"gRoods.de\",\"description\":\"Entdecke die Welt der Speedcubes\",\"publisher\":{\"@id\":\"https:\/\/www.groods.de\/#organization\"},\"potentialAction\":[{\"@type\":\"SearchAction\",\"target\":{\"@type\":\"EntryPoint\",\"urlTemplate\":\"https:\/\/www.groods.de\/?s={search_term_string}\"},\"query-input\":{\"@type\":\"PropertyValueSpecification\",\"valueRequired\":true,\"valueName\":\"search_term_string\"}}],\"inLanguage\":\"de\"},{\"@type\":\"Organization\",\"@id\":\"https:\/\/www.groods.de\/#organization\",\"name\":\"gRoods.de\",\"url\":\"https:\/\/www.groods.de\/\",\"logo\":{\"@type\":\"ImageObject\",\"inLanguage\":\"de\",\"@id\":\"https:\/\/www.groods.de\/#\/schema\/logo\/image\/\",\"url\":\"https:\/\/www.groods.de\/wp-content\/uploads\/2018\/08\/logo.png\",\"contentUrl\":\"https:\/\/www.groods.de\/wp-content\/uploads\/2018\/08\/logo.png\",\"width\":1077,\"height\":373,\"caption\":\"gRoods.de\"},\"image\":{\"@id\":\"https:\/\/www.groods.de\/#\/schema\/logo\/image\/\"}}]}<\/script>\n<!-- \/ Yoast SEO plugin. -->","yoast_head_json":{"title":"Schminkset Make-up Spiel Kit Kosmetik Set f\u00fcr M\u00e4dchen - gRoods","robots":{"index":"index","follow":"follow","max-snippet":"max-snippet:-1","max-image-preview":"max-image-preview:large","max-video-preview":"max-video-preview:-1"},"canonical":"https:\/\/www.groods.de\/index.php\/produkt\/make-up-spiel-kits-kinder-kosmetik-set-fuer-maedchen\/","og_locale":"de_DE","og_type":"article","og_title":"Schminkset Make-up Spiel Kit Kosmetik Set f\u00fcr M\u00e4dchen - gRoods","og_description":"Schminkset Make-up Spiel Kit Kosmetik Set f\u00fcr M\u00e4dchen (Kein echtes Make-Up!) Bieten Sie stundenlange Rollenspiele! Ihre M\u00e4dchen werden von unserem Beauty Set inkl. Tasche begeistert sein. Sie lieben es sich wie Mama herzurichten. Und Mama muss keine Angst um Ihre teuer Kosmetik mehr haben. Alles wird ordentlich in einer praktischen Tasche aufbewahrt. Lassen Sie Ihr [&hellip;]","og_url":"https:\/\/www.groods.de\/index.php\/produkt\/make-up-spiel-kits-kinder-kosmetik-set-fuer-maedchen\/","og_site_name":"gRoods","article_modified_time":"2025-01-22T10:28:54+00:00","og_image":[{"width":800,"height":800,"url":"https:\/\/www.groods.de\/wp-content\/uploads\/2020\/06\/Make-up-Spiel-Kits-Kinder-Kosmetik-Set-fu\u0308r-Ma\u0308dchen14.jpg","type":"image\/jpeg"}],"twitter_card":"summary_large_image","twitter_misc":{"Gesch\u00e4tzte Lesezeit":"1\u00a0Minute"},"schema":{"@context":"https:\/\/schema.org","@graph":[{"@type":"WebPage","@id":"https:\/\/www.groods.de\/index.php\/produkt\/make-up-spiel-kits-kinder-kosmetik-set-fuer-maedchen\/","url":"https:\/\/www.groods.de\/index.php\/produkt\/make-up-spiel-kits-kinder-kosmetik-set-fuer-maedchen\/","name":"Schminkset Make-up Spiel Kit Kosmetik Set f\u00fcr M\u00e4dchen - gRoods","isPartOf":{"@id":"https:\/\/www.groods.de\/#website"},"primaryImageOfPage":{"@id":"https:\/\/www.groods.de\/index.php\/produkt\/make-up-spiel-kits-kinder-kosmetik-set-fuer-maedchen\/#primaryimage"},"image":{"@id":"https:\/\/www.groods.de\/index.php\/produkt\/make-up-spiel-kits-kinder-kosmetik-set-fuer-maedchen\/#primaryimage"},"thumbnailUrl":"https:\/\/www.groods.de\/wp-content\/uploads\/2020\/06\/Make-up-Spiel-Kits-Kinder-Kosmetik-Set-fu\u0308r-Ma\u0308dchen14.jpg","datePublished":"2020-06-02T11:29:37+00:00","dateModified":"2025-01-22T10:28:54+00:00","breadcrumb":{"@id":"https:\/\/www.groods.de\/index.php\/produkt\/make-up-spiel-kits-kinder-kosmetik-set-fuer-maedchen\/#breadcrumb"},"inLanguage":"de","potentialAction":[{"@type":"ReadAction","target":["https:\/\/www.groods.de\/index.php\/produkt\/make-up-spiel-kits-kinder-kosmetik-set-fuer-maedchen\/"]}]},{"@type":"ImageObject","inLanguage":"de","@id":"https:\/\/www.groods.de\/index.php\/produkt\/make-up-spiel-kits-kinder-kosmetik-set-fuer-maedchen\/#primaryimage","url":"https:\/\/www.groods.de\/wp-content\/uploads\/2020\/06\/Make-up-Spiel-Kits-Kinder-Kosmetik-Set-fu\u0308r-Ma\u0308dchen14.jpg","contentUrl":"https:\/\/www.groods.de\/wp-content\/uploads\/2020\/06\/Make-up-Spiel-Kits-Kinder-Kosmetik-Set-fu\u0308r-Ma\u0308dchen14.jpg","width":800,"height":800},{"@type":"BreadcrumbList","@id":"https:\/\/www.groods.de\/index.php\/produkt\/make-up-spiel-kits-kinder-kosmetik-set-fuer-maedchen\/#breadcrumb","itemListElement":[{"@type":"ListItem","position":1,"name":"Startseite","item":"https:\/\/www.groods.de\/"},{"@type":"ListItem","position":2,"name":"Shop","item":"https:\/\/www.groods.de\/index.php\/shop\/"},{"@type":"ListItem","position":3,"name":"Schminkset Make-up Spiel Kit Kosmetik Set f\u00fcr M\u00e4dchen"}]},{"@type":"WebSite","@id":"https:\/\/www.groods.de\/#website","url":"https:\/\/www.groods.de\/","name":"gRoods.de","description":"Entdecke die Welt der Speedcubes","publisher":{"@id":"https:\/\/www.groods.de\/#organization"},"potentialAction":[{"@type":"SearchAction","target":{"@type":"EntryPoint","urlTemplate":"https:\/\/www.groods.de\/?s={search_term_string}"},"query-input":{"@type":"PropertyValueSpecification","valueRequired":true,"valueName":"search_term_string"}}],"inLanguage":"de"},{"@type":"Organization","@id":"https:\/\/www.groods.de\/#organization","name":"gRoods.de","url":"https:\/\/www.groods.de\/","logo":{"@type":"ImageObject","inLanguage":"de","@id":"https:\/\/www.groods.de\/#\/schema\/logo\/image\/","url":"https:\/\/www.groods.de\/wp-content\/uploads\/2018\/08\/logo.png","contentUrl":"https:\/\/www.groods.de\/wp-content\/uploads\/2018\/08\/logo.png","width":1077,"height":373,"caption":"gRoods.de"},"image":{"@id":"https:\/\/www.groods.de\/#\/schema\/logo\/image\/"}}]}},"_links":{"self":[{"href":"https:\/\/www.groods.de\/index.php\/wp-json\/wp\/v2\/product\/6658","targetHints":{"allow":["GET"]}}],"collection":[{"href":"https:\/\/www.groods.de\/index.php\/wp-json\/wp\/v2\/product"}],"about":[{"href":"https:\/\/www.groods.de\/index.php\/wp-json\/wp\/v2\/types\/product"}],"replies":[{"embeddable":true,"href":"https:\/\/www.groods.de\/index.php\/wp-json\/wp\/v2\/comments?post=6658"}],"wp:featuredmedia":[{"embeddable":true,"href":"https:\/\/www.groods.de\/index.php\/wp-json\/wp\/v2\/media\/7187"}],"wp:attachment":[{"href":"https:\/\/www.groods.de\/index.php\/wp-json\/wp\/v2\/media?parent=6658"}],"wp:term":[{"taxonomy":"product_brand","embeddable":true,"href":"https:\/\/www.groods.de\/index.php\/wp-json\/wp\/v2\/product_brand?post=6658"},{"taxonomy":"product_cat","embeddable":true,"href":"https:\/\/www.groods.de\/index.php\/wp-json\/wp\/v2\/product_cat?post=6658"},{"taxonomy":"product_tag","embeddable":true,"href":"https:\/\/www.groods.de\/index.php\/wp-json\/wp\/v2\/product_tag?post=6658"}],"curies":[{"name":"wp","href":"https:\/\/api.w.org\/{rel}","templated":true}]}}