{"id":6654,"date":"2020-06-02T13:29:29","date_gmt":"2020-06-02T11:29:29","guid":{"rendered":"https:\/\/www.groods.de\/index.php\/produkt\/magic-plate-3d-kinder-konstruktionsset-mit-bohrer-190-teile\/"},"modified":"2025-08-24T23:39:37","modified_gmt":"2025-08-24T21:39:37","slug":"magic-plate-3d-kinder-konstruktionsset-mit-bohrer-190-teile","status":"publish","type":"product","link":"https:\/\/www.groods.de\/index.php\/produkt\/magic-plate-3d-kinder-konstruktionsset-mit-bohrer-190-teile\/","title":{"rendered":"Magic Plate 3D Kinder Konstruktionsset mit Bohrer &#8211; 190 Teile"},"content":{"rendered":"<h1>Magic Plate 3D Kinder Konstruktionsset mit Bohrer &#8211; 190 Teile<\/h1>\n<ul>\n<li>p\u00e4dagogisches Spielzeug mit echten Spielzeugbohrer Zahnr\u00e4dern, Schrauben und vielen weiteren Elementen.<\/li>\n<li>Drill &amp; Play Bauwerkzeug! F\u00f6rdert die Koordination der Kinder, kreative Denkf\u00e4higkeiten, Fantasie und Feinmotorik auf. Ideal f\u00fcr Vorschul- und Heimaktivit\u00e4ten.<\/li>\n<li>Das Mosaikspielzeug enth\u00e4lt: kindersichere Bohrmaschine, mehrfarbige Mosaikbretter, mehrfarbige Schrauben, 190 Zubeh\u00f6rteile, ein Konstruktionsbrett, das gleichzeitig als Tragetasche dient.<\/li>\n<li>Inklusive Beschreibung mit der die Kinder Konstruktionen nachbauen k\u00f6nnen.<\/li>\n<li>Hervorragendes lustiges Konstruktionsspielzeug f\u00fcr Kinder, die es aufbauen, zerlegen und von vorne beginnen k\u00f6nnen. Kinder verbessern die Konzentration und die Handfertigkeit.<\/li>\n<li>Gehen Sie keine Kompromisse mit Spielzeug ein, das die Fantasie und geistige Entwicklung Ihrer Kinder unterdr\u00fcckt. Investieren Sie in dieses \u00e4u\u00dferst lehrreiche Bausteinset<br \/>\nund finden Sie Ihre Ruhe wieder. Helfen Sie Ihren Kindern, einfallsreicher und kreativer zu werden. Bringen Sie ihnen verschiedene Farben, Formen und das Bauen einer ganzen 3D-Welt bei.<\/li>\n<li>Nicht f\u00fcr Kinder unter 3 Jahren!<\/li>\n<\/ul>\n","protected":false},"excerpt":{"rendered":"<p>Magic Plate 3D Kinder Konstruktionsset mit Bohrer &#8211; 190 Teile p\u00e4dagogisches Spielzeug mit echten Spielzeugbohrer Zahnr\u00e4dern, Schrauben und vielen weiteren Elementen. Drill &amp; Play Bauwerkzeug! F\u00f6rdert die Koordination der Kinder, kreative Denkf\u00e4higkeiten, Fantasie und Feinmotorik auf. Ideal f\u00fcr Vorschul- und Heimaktivit\u00e4ten. Das Mosaikspielzeug enth\u00e4lt: kindersichere Bohrmaschine, mehrfarbige Mosaikbretter, mehrfarbige Schrauben, 190 Zubeh\u00f6rteile, ein Konstruktionsbrett, das [&hellip;]<\/p>\n","protected":false},"featured_media":6929,"comment_status":"open","ping_status":"closed","template":"","meta":[],"product_brand":[],"product_cat":[94,86],"product_tag":[],"class_list":{"0":"post-6654","1":"product","2":"type-product","3":"status-publish","4":"has-post-thumbnail","6":"product_cat-konstruktions-spielzeug","7":"product_cat-neue-produkte","9":"first","10":"instock","11":"taxable","12":"shipping-taxable","13":"purchasable","14":"product-type-simple"},"yoast_head":"<!-- This site is optimized with the Yoast SEO plugin v26.7 - https:\/\/yoast.com\/wordpress\/plugins\/seo\/ -->\n<title>Magic Plate 3D Kinder Konstruktionsset mit Bohrer - 190 Teile - gRoods<\/title>\n<meta name=\"robots\" content=\"index, follow, max-snippet:-1, max-image-preview:large, max-video-preview:-1\" \/>\n<link rel=\"canonical\" href=\"https:\/\/www.groods.de\/index.php\/produkt\/magic-plate-3d-kinder-konstruktionsset-mit-bohrer-190-teile\/\" \/>\n<meta property=\"og:locale\" content=\"de_DE\" \/>\n<meta property=\"og:type\" content=\"article\" \/>\n<meta property=\"og:title\" content=\"Magic Plate 3D Kinder Konstruktionsset mit Bohrer - 190 Teile - gRoods\" \/>\n<meta property=\"og:description\" content=\"Magic Plate 3D Kinder Konstruktionsset mit Bohrer &#8211; 190 Teile p\u00e4dagogisches Spielzeug mit echten Spielzeugbohrer Zahnr\u00e4dern, Schrauben und vielen weiteren Elementen. Drill &amp; Play Bauwerkzeug! F\u00f6rdert die Koordination der Kinder, kreative Denkf\u00e4higkeiten, Fantasie und Feinmotorik auf. Ideal f\u00fcr Vorschul- und Heimaktivit\u00e4ten. Das Mosaikspielzeug enth\u00e4lt: kindersichere Bohrmaschine, mehrfarbige Mosaikbretter, mehrfarbige Schrauben, 190 Zubeh\u00f6rteile, ein Konstruktionsbrett, das [&hellip;]\" \/>\n<meta property=\"og:url\" content=\"https:\/\/www.groods.de\/index.php\/produkt\/magic-plate-3d-kinder-konstruktionsset-mit-bohrer-190-teile\/\" \/>\n<meta property=\"og:site_name\" content=\"gRoods\" \/>\n<meta property=\"article:modified_time\" content=\"2025-08-24T21:39:37+00:00\" \/>\n<meta property=\"og:image\" content=\"https:\/\/www.groods.de\/wp-content\/uploads\/2020\/06\/Magic-Plate-190pcs6.jpg\" \/>\n\t<meta property=\"og:image:width\" content=\"800\" \/>\n\t<meta property=\"og:image:height\" content=\"800\" \/>\n\t<meta property=\"og:image:type\" content=\"image\/jpeg\" \/>\n<meta name=\"twitter:card\" content=\"summary_large_image\" \/>\n<meta name=\"twitter:label1\" content=\"Gesch\u00e4tzte Lesezeit\" \/>\n\t<meta name=\"twitter:data1\" content=\"2\u00a0Minuten\" \/>\n<script type=\"application\/ld+json\" class=\"yoast-schema-graph\">{\"@context\":\"https:\/\/schema.org\",\"@graph\":[{\"@type\":\"WebPage\",\"@id\":\"https:\/\/www.groods.de\/index.php\/produkt\/magic-plate-3d-kinder-konstruktionsset-mit-bohrer-190-teile\/\",\"url\":\"https:\/\/www.groods.de\/index.php\/produkt\/magic-plate-3d-kinder-konstruktionsset-mit-bohrer-190-teile\/\",\"name\":\"Magic Plate 3D Kinder Konstruktionsset mit Bohrer - 190 Teile - gRoods\",\"isPartOf\":{\"@id\":\"https:\/\/www.groods.de\/#website\"},\"primaryImageOfPage\":{\"@id\":\"https:\/\/www.groods.de\/index.php\/produkt\/magic-plate-3d-kinder-konstruktionsset-mit-bohrer-190-teile\/#primaryimage\"},\"image\":{\"@id\":\"https:\/\/www.groods.de\/index.php\/produkt\/magic-plate-3d-kinder-konstruktionsset-mit-bohrer-190-teile\/#primaryimage\"},\"thumbnailUrl\":\"https:\/\/www.groods.de\/wp-content\/uploads\/2020\/06\/Magic-Plate-190pcs6.jpg\",\"datePublished\":\"2020-06-02T11:29:29+00:00\",\"dateModified\":\"2025-08-24T21:39:37+00:00\",\"breadcrumb\":{\"@id\":\"https:\/\/www.groods.de\/index.php\/produkt\/magic-plate-3d-kinder-konstruktionsset-mit-bohrer-190-teile\/#breadcrumb\"},\"inLanguage\":\"de\",\"potentialAction\":[{\"@type\":\"ReadAction\",\"target\":[\"https:\/\/www.groods.de\/index.php\/produkt\/magic-plate-3d-kinder-konstruktionsset-mit-bohrer-190-teile\/\"]}]},{\"@type\":\"ImageObject\",\"inLanguage\":\"de\",\"@id\":\"https:\/\/www.groods.de\/index.php\/produkt\/magic-plate-3d-kinder-konstruktionsset-mit-bohrer-190-teile\/#primaryimage\",\"url\":\"https:\/\/www.groods.de\/wp-content\/uploads\/2020\/06\/Magic-Plate-190pcs6.jpg\",\"contentUrl\":\"https:\/\/www.groods.de\/wp-content\/uploads\/2020\/06\/Magic-Plate-190pcs6.jpg\",\"width\":800,\"height\":800},{\"@type\":\"BreadcrumbList\",\"@id\":\"https:\/\/www.groods.de\/index.php\/produkt\/magic-plate-3d-kinder-konstruktionsset-mit-bohrer-190-teile\/#breadcrumb\",\"itemListElement\":[{\"@type\":\"ListItem\",\"position\":1,\"name\":\"Startseite\",\"item\":\"https:\/\/www.groods.de\/\"},{\"@type\":\"ListItem\",\"position\":2,\"name\":\"Shop\",\"item\":\"https:\/\/www.groods.de\/index.php\/shop\/\"},{\"@type\":\"ListItem\",\"position\":3,\"name\":\"Magic Plate 3D Kinder Konstruktionsset mit Bohrer &#8211; 190 Teile\"}]},{\"@type\":\"WebSite\",\"@id\":\"https:\/\/www.groods.de\/#website\",\"url\":\"https:\/\/www.groods.de\/\",\"name\":\"gRoods.de\",\"description\":\"Entdecke die Welt der Speedcubes\",\"publisher\":{\"@id\":\"https:\/\/www.groods.de\/#organization\"},\"potentialAction\":[{\"@type\":\"SearchAction\",\"target\":{\"@type\":\"EntryPoint\",\"urlTemplate\":\"https:\/\/www.groods.de\/?s={search_term_string}\"},\"query-input\":{\"@type\":\"PropertyValueSpecification\",\"valueRequired\":true,\"valueName\":\"search_term_string\"}}],\"inLanguage\":\"de\"},{\"@type\":\"Organization\",\"@id\":\"https:\/\/www.groods.de\/#organization\",\"name\":\"gRoods.de\",\"url\":\"https:\/\/www.groods.de\/\",\"logo\":{\"@type\":\"ImageObject\",\"inLanguage\":\"de\",\"@id\":\"https:\/\/www.groods.de\/#\/schema\/logo\/image\/\",\"url\":\"https:\/\/www.groods.de\/wp-content\/uploads\/2018\/08\/logo.png\",\"contentUrl\":\"https:\/\/www.groods.de\/wp-content\/uploads\/2018\/08\/logo.png\",\"width\":1077,\"height\":373,\"caption\":\"gRoods.de\"},\"image\":{\"@id\":\"https:\/\/www.groods.de\/#\/schema\/logo\/image\/\"}}]}<\/script>\n<!-- \/ Yoast SEO plugin. -->","yoast_head_json":{"title":"Magic Plate 3D Kinder Konstruktionsset mit Bohrer - 190 Teile - gRoods","robots":{"index":"index","follow":"follow","max-snippet":"max-snippet:-1","max-image-preview":"max-image-preview:large","max-video-preview":"max-video-preview:-1"},"canonical":"https:\/\/www.groods.de\/index.php\/produkt\/magic-plate-3d-kinder-konstruktionsset-mit-bohrer-190-teile\/","og_locale":"de_DE","og_type":"article","og_title":"Magic Plate 3D Kinder Konstruktionsset mit Bohrer - 190 Teile - gRoods","og_description":"Magic Plate 3D Kinder Konstruktionsset mit Bohrer &#8211; 190 Teile p\u00e4dagogisches Spielzeug mit echten Spielzeugbohrer Zahnr\u00e4dern, Schrauben und vielen weiteren Elementen. Drill &amp; Play Bauwerkzeug! F\u00f6rdert die Koordination der Kinder, kreative Denkf\u00e4higkeiten, Fantasie und Feinmotorik auf. Ideal f\u00fcr Vorschul- und Heimaktivit\u00e4ten. Das Mosaikspielzeug enth\u00e4lt: kindersichere Bohrmaschine, mehrfarbige Mosaikbretter, mehrfarbige Schrauben, 190 Zubeh\u00f6rteile, ein Konstruktionsbrett, das [&hellip;]","og_url":"https:\/\/www.groods.de\/index.php\/produkt\/magic-plate-3d-kinder-konstruktionsset-mit-bohrer-190-teile\/","og_site_name":"gRoods","article_modified_time":"2025-08-24T21:39:37+00:00","og_image":[{"width":800,"height":800,"url":"https:\/\/www.groods.de\/wp-content\/uploads\/2020\/06\/Magic-Plate-190pcs6.jpg","type":"image\/jpeg"}],"twitter_card":"summary_large_image","twitter_misc":{"Gesch\u00e4tzte Lesezeit":"2\u00a0Minuten"},"schema":{"@context":"https:\/\/schema.org","@graph":[{"@type":"WebPage","@id":"https:\/\/www.groods.de\/index.php\/produkt\/magic-plate-3d-kinder-konstruktionsset-mit-bohrer-190-teile\/","url":"https:\/\/www.groods.de\/index.php\/produkt\/magic-plate-3d-kinder-konstruktionsset-mit-bohrer-190-teile\/","name":"Magic Plate 3D Kinder Konstruktionsset mit Bohrer - 190 Teile - gRoods","isPartOf":{"@id":"https:\/\/www.groods.de\/#website"},"primaryImageOfPage":{"@id":"https:\/\/www.groods.de\/index.php\/produkt\/magic-plate-3d-kinder-konstruktionsset-mit-bohrer-190-teile\/#primaryimage"},"image":{"@id":"https:\/\/www.groods.de\/index.php\/produkt\/magic-plate-3d-kinder-konstruktionsset-mit-bohrer-190-teile\/#primaryimage"},"thumbnailUrl":"https:\/\/www.groods.de\/wp-content\/uploads\/2020\/06\/Magic-Plate-190pcs6.jpg","datePublished":"2020-06-02T11:29:29+00:00","dateModified":"2025-08-24T21:39:37+00:00","breadcrumb":{"@id":"https:\/\/www.groods.de\/index.php\/produkt\/magic-plate-3d-kinder-konstruktionsset-mit-bohrer-190-teile\/#breadcrumb"},"inLanguage":"de","potentialAction":[{"@type":"ReadAction","target":["https:\/\/www.groods.de\/index.php\/produkt\/magic-plate-3d-kinder-konstruktionsset-mit-bohrer-190-teile\/"]}]},{"@type":"ImageObject","inLanguage":"de","@id":"https:\/\/www.groods.de\/index.php\/produkt\/magic-plate-3d-kinder-konstruktionsset-mit-bohrer-190-teile\/#primaryimage","url":"https:\/\/www.groods.de\/wp-content\/uploads\/2020\/06\/Magic-Plate-190pcs6.jpg","contentUrl":"https:\/\/www.groods.de\/wp-content\/uploads\/2020\/06\/Magic-Plate-190pcs6.jpg","width":800,"height":800},{"@type":"BreadcrumbList","@id":"https:\/\/www.groods.de\/index.php\/produkt\/magic-plate-3d-kinder-konstruktionsset-mit-bohrer-190-teile\/#breadcrumb","itemListElement":[{"@type":"ListItem","position":1,"name":"Startseite","item":"https:\/\/www.groods.de\/"},{"@type":"ListItem","position":2,"name":"Shop","item":"https:\/\/www.groods.de\/index.php\/shop\/"},{"@type":"ListItem","position":3,"name":"Magic Plate 3D Kinder Konstruktionsset mit Bohrer &#8211; 190 Teile"}]},{"@type":"WebSite","@id":"https:\/\/www.groods.de\/#website","url":"https:\/\/www.groods.de\/","name":"gRoods.de","description":"Entdecke die Welt der Speedcubes","publisher":{"@id":"https:\/\/www.groods.de\/#organization"},"potentialAction":[{"@type":"SearchAction","target":{"@type":"EntryPoint","urlTemplate":"https:\/\/www.groods.de\/?s={search_term_string}"},"query-input":{"@type":"PropertyValueSpecification","valueRequired":true,"valueName":"search_term_string"}}],"inLanguage":"de"},{"@type":"Organization","@id":"https:\/\/www.groods.de\/#organization","name":"gRoods.de","url":"https:\/\/www.groods.de\/","logo":{"@type":"ImageObject","inLanguage":"de","@id":"https:\/\/www.groods.de\/#\/schema\/logo\/image\/","url":"https:\/\/www.groods.de\/wp-content\/uploads\/2018\/08\/logo.png","contentUrl":"https:\/\/www.groods.de\/wp-content\/uploads\/2018\/08\/logo.png","width":1077,"height":373,"caption":"gRoods.de"},"image":{"@id":"https:\/\/www.groods.de\/#\/schema\/logo\/image\/"}}]}},"_links":{"self":[{"href":"https:\/\/www.groods.de\/index.php\/wp-json\/wp\/v2\/product\/6654","targetHints":{"allow":["GET"]}}],"collection":[{"href":"https:\/\/www.groods.de\/index.php\/wp-json\/wp\/v2\/product"}],"about":[{"href":"https:\/\/www.groods.de\/index.php\/wp-json\/wp\/v2\/types\/product"}],"replies":[{"embeddable":true,"href":"https:\/\/www.groods.de\/index.php\/wp-json\/wp\/v2\/comments?post=6654"}],"wp:featuredmedia":[{"embeddable":true,"href":"https:\/\/www.groods.de\/index.php\/wp-json\/wp\/v2\/media\/6929"}],"wp:attachment":[{"href":"https:\/\/www.groods.de\/index.php\/wp-json\/wp\/v2\/media?parent=6654"}],"wp:term":[{"taxonomy":"product_brand","embeddable":true,"href":"https:\/\/www.groods.de\/index.php\/wp-json\/wp\/v2\/product_brand?post=6654"},{"taxonomy":"product_cat","embeddable":true,"href":"https:\/\/www.groods.de\/index.php\/wp-json\/wp\/v2\/product_cat?post=6654"},{"taxonomy":"product_tag","embeddable":true,"href":"https:\/\/www.groods.de\/index.php\/wp-json\/wp\/v2\/product_tag?post=6654"}],"curies":[{"name":"wp","href":"https:\/\/api.w.org\/{rel}","templated":true}]}}