{"id":6642,"date":"2020-06-02T13:28:56","date_gmt":"2020-06-02T11:28:56","guid":{"rendered":"https:\/\/www.groods.de\/index.php\/produkt\/gan356-x-v2-3x3-stickerless\/"},"modified":"2025-11-19T22:31:09","modified_gmt":"2025-11-19T21:31:09","slug":"gan356-x-v2-3x3-stickerless","status":"publish","type":"product","link":"https:\/\/www.groods.de\/index.php\/produkt\/gan356-x-v2-3x3-stickerless\/","title":{"rendered":"GAN356 X V2 3&#215;3 &#8211; stickerless"},"content":{"rendered":"<h1>GAN356 X V2 3&#215;3 &#8211; stickerless<\/h1>\n<p>Der GAN 356 X V2 ist die neueste, magnetische Version des GAN 356 X.<\/p>\n<p>Er verf\u00fcgt \u00fcber variable Magnetst\u00e4rken, die sich einfach per Hand austauschen lassen (GAN Magnet System, <strong>GMS v2<\/strong>).<\/p>\n<p>Der W\u00fcrfel hat viele Einstellm\u00f6glichkeiten bei den Federst\u00e4rken\/ Elastizit\u00e4t (GAN Elastic System, <strong>GES Pro<\/strong>).<\/p>\n<p>Der GAN356 X V 2 verf\u00fcgt \u00fcber ein ausgekl\u00fcgeltes System, das ein sehr smoothes Drehgef\u00fchl vermittelt. Dieser W\u00fcrfel ist ein Profi-Modell f\u00fcr ambitionierte Speedcuber.<\/p>\n<p>Dieser Cube enth\u00e4lt Magneten, die ein geschmeidiges Einrasten der Drehebenen erm\u00f6glichen (sog. Magnition).<\/p>\n<p>Als Nachfolger des Gan 356 X ist dies das Non-Plus-Ultra in der Cube-Entwicklung. Mit Bienenwaben Kontaktfl\u00e4che (honeycomb contact surface) zur verbesserten internen Schmierung.<\/p>\n<ul>\n<li>Sehr leichtg\u00e4ngiger W\u00fcrfel mit kaum Drehwiderstand<\/li>\n<li>Sehr viele Einstellm\u00f6glichkeiten (Magneten und Federst\u00e4rken)<\/li>\n<li>Finde die f\u00fcr dich perfekte Speedcube Konfiguration<\/li>\n<li>GAN Magnet System (GMS v2): Magnetst\u00e4rken einfach von Hand austauschen<\/li>\n<li>GAN Elastic System (GES Pro Dual Elasticity System): verschiedene Federst\u00e4rken einstellbar<\/li>\n<li>mit Bienenwaben Kontaktfl\u00e4che (honeycomb contact surface)<\/li>\n<li>Starkes Cornercutting<\/li>\n<li>Popresistent<\/li>\n<li>W\u00fcrfel der Profi-Klasse<\/li>\n<li>Einstellwerkzeug enthalten<\/li>\n<\/ul>\n<p>&nbsp;<\/p>\n<p><strong>Fazit:<\/strong><\/p>\n<p>Der GAN356 X V2 ist ein Cube, der insbesondere Speedcubing-Profis zu empfehlen ist. Der W\u00fcrfel bietet zahlreiche Modifikationsm\u00f6glichkeiten um den W\u00fcrfel auf das pers\u00f6nliche Drehverhalten abzustimmen.<\/p>\n<h3>Eigenschaften:<\/h3>\n<ul>\n<li>glatte und schnelle Oberfl\u00e4che<\/li>\n<li>Ausgezeichnetes Corner Cutting<\/li>\n<li class=\"md-end-block\">neu und Originalverpackt<\/li>\n<li class=\"md-end-block\">aus hochwertigem ABS Material, das umweltfreundlich, ungiftig und langlebig ist<\/li>\n<li class=\"md-end-block\">einfarbig im stickerless Design<\/li>\n<li class=\"md-end-block\">geschmeidige Rotation und komfortables Spielgef\u00fchl<\/li>\n<li class=\"md-end-block\">ausgezeichnete Fehlertoleranz f\u00fcr besonders schnelle Zeiten<\/li>\n<li>Viele Stunden Spa\u00df und Kopfzerbrechen mit Freunden und Familie sind garantiert<\/li>\n<\/ul>\n<h3>Spezifikationen:<\/h3>\n<ul>\n<li>Farbe: stickerless<\/li>\n<li>Material: Kunststoff<\/li>\n<li>Produkt Abmessungen: 5,6*5,6*5,6 cm<\/li>\n<li>Produkt Gewicht: 78g<\/li>\n<li>Verpackung: Karton Box<\/li>\n<\/ul>\n","protected":false},"excerpt":{"rendered":"<p>GAN356 X V2 3&#215;3 &#8211; stickerless Der GAN 356 X V2 ist die neueste, magnetische Version des GAN 356 X. Er verf\u00fcgt \u00fcber variable Magnetst\u00e4rken, die sich einfach per Hand austauschen lassen (GAN Magnet System, GMS v2). Der W\u00fcrfel hat viele Einstellm\u00f6glichkeiten bei den Federst\u00e4rken\/ Elastizit\u00e4t (GAN Elastic System, GES Pro). Der GAN356 X V [&hellip;]<\/p>\n","protected":false},"featured_media":7166,"comment_status":"open","ping_status":"closed","template":"","meta":[],"product_brand":[],"product_cat":[53,88,40],"product_tag":[],"class_list":{"0":"post-6642","1":"product","2":"type-product","3":"status-publish","4":"has-post-thumbnail","6":"product_cat-3x3","7":"product_cat-gan","8":"product_cat-magnetische-zauberwuerfel","10":"first","11":"instock","12":"taxable","13":"shipping-taxable","14":"purchasable","15":"product-type-simple"},"yoast_head":"<!-- This site is optimized with the Yoast SEO plugin v26.7 - https:\/\/yoast.com\/wordpress\/plugins\/seo\/ -->\n<title>GAN356 X V2 3x3 - stickerless - gRoods<\/title>\n<meta name=\"robots\" content=\"index, follow, max-snippet:-1, max-image-preview:large, max-video-preview:-1\" \/>\n<link rel=\"canonical\" href=\"https:\/\/www.groods.de\/index.php\/produkt\/gan356-x-v2-3x3-stickerless\/\" \/>\n<meta property=\"og:locale\" content=\"de_DE\" \/>\n<meta property=\"og:type\" content=\"article\" \/>\n<meta property=\"og:title\" content=\"GAN356 X V2 3x3 - stickerless - gRoods\" \/>\n<meta property=\"og:description\" content=\"GAN356 X V2 3&#215;3 &#8211; stickerless Der GAN 356 X V2 ist die neueste, magnetische Version des GAN 356 X. Er verf\u00fcgt \u00fcber variable Magnetst\u00e4rken, die sich einfach per Hand austauschen lassen (GAN Magnet System, GMS v2). Der W\u00fcrfel hat viele Einstellm\u00f6glichkeiten bei den Federst\u00e4rken\/ Elastizit\u00e4t (GAN Elastic System, GES Pro). Der GAN356 X V [&hellip;]\" \/>\n<meta property=\"og:url\" content=\"https:\/\/www.groods.de\/index.php\/produkt\/gan356-x-v2-3x3-stickerless\/\" \/>\n<meta property=\"og:site_name\" content=\"gRoods\" \/>\n<meta property=\"article:modified_time\" content=\"2025-11-19T21:31:09+00:00\" \/>\n<meta property=\"og:image\" content=\"https:\/\/www.groods.de\/wp-content\/uploads\/2020\/06\/GAN356X-2.jpg\" \/>\n\t<meta property=\"og:image:width\" content=\"1001\" \/>\n\t<meta property=\"og:image:height\" content=\"1001\" \/>\n\t<meta property=\"og:image:type\" content=\"image\/jpeg\" \/>\n<meta name=\"twitter:card\" content=\"summary_large_image\" \/>\n<meta name=\"twitter:label1\" content=\"Gesch\u00e4tzte Lesezeit\" \/>\n\t<meta name=\"twitter:data1\" content=\"2\u00a0Minuten\" \/>\n<script type=\"application\/ld+json\" class=\"yoast-schema-graph\">{\"@context\":\"https:\/\/schema.org\",\"@graph\":[{\"@type\":\"WebPage\",\"@id\":\"https:\/\/www.groods.de\/index.php\/produkt\/gan356-x-v2-3x3-stickerless\/\",\"url\":\"https:\/\/www.groods.de\/index.php\/produkt\/gan356-x-v2-3x3-stickerless\/\",\"name\":\"GAN356 X V2 3x3 - stickerless - gRoods\",\"isPartOf\":{\"@id\":\"https:\/\/www.groods.de\/#website\"},\"primaryImageOfPage\":{\"@id\":\"https:\/\/www.groods.de\/index.php\/produkt\/gan356-x-v2-3x3-stickerless\/#primaryimage\"},\"image\":{\"@id\":\"https:\/\/www.groods.de\/index.php\/produkt\/gan356-x-v2-3x3-stickerless\/#primaryimage\"},\"thumbnailUrl\":\"https:\/\/www.groods.de\/wp-content\/uploads\/2020\/06\/GAN356X-2.jpg\",\"datePublished\":\"2020-06-02T11:28:56+00:00\",\"dateModified\":\"2025-11-19T21:31:09+00:00\",\"breadcrumb\":{\"@id\":\"https:\/\/www.groods.de\/index.php\/produkt\/gan356-x-v2-3x3-stickerless\/#breadcrumb\"},\"inLanguage\":\"de\",\"potentialAction\":[{\"@type\":\"ReadAction\",\"target\":[\"https:\/\/www.groods.de\/index.php\/produkt\/gan356-x-v2-3x3-stickerless\/\"]}]},{\"@type\":\"ImageObject\",\"inLanguage\":\"de\",\"@id\":\"https:\/\/www.groods.de\/index.php\/produkt\/gan356-x-v2-3x3-stickerless\/#primaryimage\",\"url\":\"https:\/\/www.groods.de\/wp-content\/uploads\/2020\/06\/GAN356X-2.jpg\",\"contentUrl\":\"https:\/\/www.groods.de\/wp-content\/uploads\/2020\/06\/GAN356X-2.jpg\",\"width\":1001,\"height\":1001},{\"@type\":\"BreadcrumbList\",\"@id\":\"https:\/\/www.groods.de\/index.php\/produkt\/gan356-x-v2-3x3-stickerless\/#breadcrumb\",\"itemListElement\":[{\"@type\":\"ListItem\",\"position\":1,\"name\":\"Startseite\",\"item\":\"https:\/\/www.groods.de\/\"},{\"@type\":\"ListItem\",\"position\":2,\"name\":\"Shop\",\"item\":\"https:\/\/www.groods.de\/index.php\/shop\/\"},{\"@type\":\"ListItem\",\"position\":3,\"name\":\"GAN356 X V2 3&#215;3 &#8211; stickerless\"}]},{\"@type\":\"WebSite\",\"@id\":\"https:\/\/www.groods.de\/#website\",\"url\":\"https:\/\/www.groods.de\/\",\"name\":\"gRoods.de\",\"description\":\"Entdecke die Welt der Speedcubes\",\"publisher\":{\"@id\":\"https:\/\/www.groods.de\/#organization\"},\"potentialAction\":[{\"@type\":\"SearchAction\",\"target\":{\"@type\":\"EntryPoint\",\"urlTemplate\":\"https:\/\/www.groods.de\/?s={search_term_string}\"},\"query-input\":{\"@type\":\"PropertyValueSpecification\",\"valueRequired\":true,\"valueName\":\"search_term_string\"}}],\"inLanguage\":\"de\"},{\"@type\":\"Organization\",\"@id\":\"https:\/\/www.groods.de\/#organization\",\"name\":\"gRoods.de\",\"url\":\"https:\/\/www.groods.de\/\",\"logo\":{\"@type\":\"ImageObject\",\"inLanguage\":\"de\",\"@id\":\"https:\/\/www.groods.de\/#\/schema\/logo\/image\/\",\"url\":\"https:\/\/www.groods.de\/wp-content\/uploads\/2018\/08\/logo.png\",\"contentUrl\":\"https:\/\/www.groods.de\/wp-content\/uploads\/2018\/08\/logo.png\",\"width\":1077,\"height\":373,\"caption\":\"gRoods.de\"},\"image\":{\"@id\":\"https:\/\/www.groods.de\/#\/schema\/logo\/image\/\"}}]}<\/script>\n<!-- \/ Yoast SEO plugin. -->","yoast_head_json":{"title":"GAN356 X V2 3x3 - stickerless - gRoods","robots":{"index":"index","follow":"follow","max-snippet":"max-snippet:-1","max-image-preview":"max-image-preview:large","max-video-preview":"max-video-preview:-1"},"canonical":"https:\/\/www.groods.de\/index.php\/produkt\/gan356-x-v2-3x3-stickerless\/","og_locale":"de_DE","og_type":"article","og_title":"GAN356 X V2 3x3 - stickerless - gRoods","og_description":"GAN356 X V2 3&#215;3 &#8211; stickerless Der GAN 356 X V2 ist die neueste, magnetische Version des GAN 356 X. Er verf\u00fcgt \u00fcber variable Magnetst\u00e4rken, die sich einfach per Hand austauschen lassen (GAN Magnet System, GMS v2). Der W\u00fcrfel hat viele Einstellm\u00f6glichkeiten bei den Federst\u00e4rken\/ Elastizit\u00e4t (GAN Elastic System, GES Pro). Der GAN356 X V [&hellip;]","og_url":"https:\/\/www.groods.de\/index.php\/produkt\/gan356-x-v2-3x3-stickerless\/","og_site_name":"gRoods","article_modified_time":"2025-11-19T21:31:09+00:00","og_image":[{"width":1001,"height":1001,"url":"https:\/\/www.groods.de\/wp-content\/uploads\/2020\/06\/GAN356X-2.jpg","type":"image\/jpeg"}],"twitter_card":"summary_large_image","twitter_misc":{"Gesch\u00e4tzte Lesezeit":"2\u00a0Minuten"},"schema":{"@context":"https:\/\/schema.org","@graph":[{"@type":"WebPage","@id":"https:\/\/www.groods.de\/index.php\/produkt\/gan356-x-v2-3x3-stickerless\/","url":"https:\/\/www.groods.de\/index.php\/produkt\/gan356-x-v2-3x3-stickerless\/","name":"GAN356 X V2 3x3 - stickerless - gRoods","isPartOf":{"@id":"https:\/\/www.groods.de\/#website"},"primaryImageOfPage":{"@id":"https:\/\/www.groods.de\/index.php\/produkt\/gan356-x-v2-3x3-stickerless\/#primaryimage"},"image":{"@id":"https:\/\/www.groods.de\/index.php\/produkt\/gan356-x-v2-3x3-stickerless\/#primaryimage"},"thumbnailUrl":"https:\/\/www.groods.de\/wp-content\/uploads\/2020\/06\/GAN356X-2.jpg","datePublished":"2020-06-02T11:28:56+00:00","dateModified":"2025-11-19T21:31:09+00:00","breadcrumb":{"@id":"https:\/\/www.groods.de\/index.php\/produkt\/gan356-x-v2-3x3-stickerless\/#breadcrumb"},"inLanguage":"de","potentialAction":[{"@type":"ReadAction","target":["https:\/\/www.groods.de\/index.php\/produkt\/gan356-x-v2-3x3-stickerless\/"]}]},{"@type":"ImageObject","inLanguage":"de","@id":"https:\/\/www.groods.de\/index.php\/produkt\/gan356-x-v2-3x3-stickerless\/#primaryimage","url":"https:\/\/www.groods.de\/wp-content\/uploads\/2020\/06\/GAN356X-2.jpg","contentUrl":"https:\/\/www.groods.de\/wp-content\/uploads\/2020\/06\/GAN356X-2.jpg","width":1001,"height":1001},{"@type":"BreadcrumbList","@id":"https:\/\/www.groods.de\/index.php\/produkt\/gan356-x-v2-3x3-stickerless\/#breadcrumb","itemListElement":[{"@type":"ListItem","position":1,"name":"Startseite","item":"https:\/\/www.groods.de\/"},{"@type":"ListItem","position":2,"name":"Shop","item":"https:\/\/www.groods.de\/index.php\/shop\/"},{"@type":"ListItem","position":3,"name":"GAN356 X V2 3&#215;3 &#8211; stickerless"}]},{"@type":"WebSite","@id":"https:\/\/www.groods.de\/#website","url":"https:\/\/www.groods.de\/","name":"gRoods.de","description":"Entdecke die Welt der Speedcubes","publisher":{"@id":"https:\/\/www.groods.de\/#organization"},"potentialAction":[{"@type":"SearchAction","target":{"@type":"EntryPoint","urlTemplate":"https:\/\/www.groods.de\/?s={search_term_string}"},"query-input":{"@type":"PropertyValueSpecification","valueRequired":true,"valueName":"search_term_string"}}],"inLanguage":"de"},{"@type":"Organization","@id":"https:\/\/www.groods.de\/#organization","name":"gRoods.de","url":"https:\/\/www.groods.de\/","logo":{"@type":"ImageObject","inLanguage":"de","@id":"https:\/\/www.groods.de\/#\/schema\/logo\/image\/","url":"https:\/\/www.groods.de\/wp-content\/uploads\/2018\/08\/logo.png","contentUrl":"https:\/\/www.groods.de\/wp-content\/uploads\/2018\/08\/logo.png","width":1077,"height":373,"caption":"gRoods.de"},"image":{"@id":"https:\/\/www.groods.de\/#\/schema\/logo\/image\/"}}]}},"_links":{"self":[{"href":"https:\/\/www.groods.de\/index.php\/wp-json\/wp\/v2\/product\/6642","targetHints":{"allow":["GET"]}}],"collection":[{"href":"https:\/\/www.groods.de\/index.php\/wp-json\/wp\/v2\/product"}],"about":[{"href":"https:\/\/www.groods.de\/index.php\/wp-json\/wp\/v2\/types\/product"}],"replies":[{"embeddable":true,"href":"https:\/\/www.groods.de\/index.php\/wp-json\/wp\/v2\/comments?post=6642"}],"wp:featuredmedia":[{"embeddable":true,"href":"https:\/\/www.groods.de\/index.php\/wp-json\/wp\/v2\/media\/7166"}],"wp:attachment":[{"href":"https:\/\/www.groods.de\/index.php\/wp-json\/wp\/v2\/media?parent=6642"}],"wp:term":[{"taxonomy":"product_brand","embeddable":true,"href":"https:\/\/www.groods.de\/index.php\/wp-json\/wp\/v2\/product_brand?post=6642"},{"taxonomy":"product_cat","embeddable":true,"href":"https:\/\/www.groods.de\/index.php\/wp-json\/wp\/v2\/product_cat?post=6642"},{"taxonomy":"product_tag","embeddable":true,"href":"https:\/\/www.groods.de\/index.php\/wp-json\/wp\/v2\/product_tag?post=6642"}],"curies":[{"name":"wp","href":"https:\/\/api.w.org\/{rel}","templated":true}]}}