{"id":6591,"date":"2020-03-27T11:29:51","date_gmt":"2020-03-27T10:29:51","guid":{"rendered":"https:\/\/www.groods.de\/index.php\/produkt\/ya-qi-li-high-precision-metall-yoyo-gruen\/"},"modified":"2025-12-02T19:59:03","modified_gmt":"2025-12-02T18:59:03","slug":"ya-qi-li-high-precision-metall-yoyo-gruen","status":"publish","type":"product","link":"https:\/\/www.groods.de\/index.php\/produkt\/ya-qi-li-high-precision-metall-yoyo-gruen\/","title":{"rendered":"YA QI LI High Precision Metall YOYO &#8211; gr\u00fcn"},"content":{"rendered":"<h1>YA QI LI High Precision Metall YOYO &#8211; gr\u00fcn<\/h1>\n<p>YA QI LI High Precision Metall YOYO hat eine sehr gute Gewichtsverteilung nach au\u00dfen hin und bringt damit lange Spins und Stabilit\u00e4t mit sich. Im Inneren \u00fcberzeugt der fest installierte Metallsitz f\u00fcr das breitere Kugellager sowie das Schnur-zentrierende Kugellager selbst. Das sichert einen vibrationsfreien Lauf. Die kantige H-Form hat richtig viel Power und sorgt damit f\u00fcr einen langen Freilauf (auch Leerlauf, Spin oder Sleeper genannt). Mit dem seitlichen Pad f\u00fcr den Finger kann das Yoyo auch auf dem Finger tanzen und erm\u00f6glicht zus\u00e4tzliche horizontale Spielmodi (z.B Ufo, Horizontal Serve)<\/p>\n<p><strong><u>Tipp:\u00a0<\/u><\/strong>Wenn du das YoYo dauerhaft und viel spielen willst, \u00f6le das schmale Kugellager regelm\u00e4\u00dfig mit Feinmechaniker\u00f6l, damit es auch nach dem Einspielen durch &#8222;Zucken&#8220; zur Hand zur\u00fcck kommt.<\/p>\n<h4>Spezifikationen<\/h4>\n<ul>\n<li>High Speed High Gloss Metall<\/li>\n<li>Gewicht ca. 60g<\/li>\n<li>inkl. YoYo Schnur und Fingerprotector<\/li>\n<\/ul>\n","protected":false},"excerpt":{"rendered":"<p>YA QI LI High Precision Metall YOYO &#8211; gr\u00fcn YA QI LI High Precision Metall YOYO hat eine sehr gute Gewichtsverteilung nach au\u00dfen hin und bringt damit lange Spins und Stabilit\u00e4t mit sich. Im Inneren \u00fcberzeugt der fest installierte Metallsitz f\u00fcr das breitere Kugellager sowie das Schnur-zentrierende Kugellager selbst. Das sichert einen vibrationsfreien Lauf. Die [&hellip;]<\/p>\n","protected":false},"featured_media":6609,"comment_status":"open","ping_status":"closed","template":"","meta":[],"product_brand":[],"product_cat":[91],"product_tag":[],"class_list":{"0":"post-6591","1":"product","2":"type-product","3":"status-publish","4":"has-post-thumbnail","6":"product_cat-yoyo","8":"first","9":"instock","10":"taxable","11":"shipping-taxable","12":"purchasable","13":"product-type-simple"},"yoast_head":"<!-- This site is optimized with the Yoast SEO plugin v26.7 - https:\/\/yoast.com\/wordpress\/plugins\/seo\/ -->\n<title>YA QI LI High Precision Metall YOYO - gr\u00fcn - gRoods<\/title>\n<meta name=\"robots\" content=\"index, follow, max-snippet:-1, max-image-preview:large, max-video-preview:-1\" \/>\n<link rel=\"canonical\" href=\"https:\/\/www.groods.de\/index.php\/produkt\/ya-qi-li-high-precision-metall-yoyo-gruen\/\" \/>\n<meta property=\"og:locale\" content=\"de_DE\" \/>\n<meta property=\"og:type\" content=\"article\" \/>\n<meta property=\"og:title\" content=\"YA QI LI High Precision Metall YOYO - gr\u00fcn - gRoods\" \/>\n<meta property=\"og:description\" content=\"YA QI LI High Precision Metall YOYO &#8211; gr\u00fcn YA QI LI High Precision Metall YOYO hat eine sehr gute Gewichtsverteilung nach au\u00dfen hin und bringt damit lange Spins und Stabilit\u00e4t mit sich. Im Inneren \u00fcberzeugt der fest installierte Metallsitz f\u00fcr das breitere Kugellager sowie das Schnur-zentrierende Kugellager selbst. Das sichert einen vibrationsfreien Lauf. Die [&hellip;]\" \/>\n<meta property=\"og:url\" content=\"https:\/\/www.groods.de\/index.php\/produkt\/ya-qi-li-high-precision-metall-yoyo-gruen\/\" \/>\n<meta property=\"og:site_name\" content=\"gRoods\" \/>\n<meta property=\"article:modified_time\" content=\"2025-12-02T18:59:03+00:00\" \/>\n<meta property=\"og:image\" content=\"https:\/\/www.groods.de\/wp-content\/uploads\/2020\/03\/780-4-green-3.jpeg\" \/>\n\t<meta property=\"og:image:width\" content=\"1200\" \/>\n\t<meta property=\"og:image:height\" content=\"1200\" \/>\n\t<meta property=\"og:image:type\" content=\"image\/jpeg\" \/>\n<meta name=\"twitter:card\" content=\"summary_large_image\" \/>\n<meta name=\"twitter:label1\" content=\"Gesch\u00e4tzte Lesezeit\" \/>\n\t<meta name=\"twitter:data1\" content=\"1\u00a0Minute\" \/>\n<script type=\"application\/ld+json\" class=\"yoast-schema-graph\">{\"@context\":\"https:\/\/schema.org\",\"@graph\":[{\"@type\":\"WebPage\",\"@id\":\"https:\/\/www.groods.de\/index.php\/produkt\/ya-qi-li-high-precision-metall-yoyo-gruen\/\",\"url\":\"https:\/\/www.groods.de\/index.php\/produkt\/ya-qi-li-high-precision-metall-yoyo-gruen\/\",\"name\":\"YA QI LI High Precision Metall YOYO - gr\u00fcn - gRoods\",\"isPartOf\":{\"@id\":\"https:\/\/www.groods.de\/#website\"},\"primaryImageOfPage\":{\"@id\":\"https:\/\/www.groods.de\/index.php\/produkt\/ya-qi-li-high-precision-metall-yoyo-gruen\/#primaryimage\"},\"image\":{\"@id\":\"https:\/\/www.groods.de\/index.php\/produkt\/ya-qi-li-high-precision-metall-yoyo-gruen\/#primaryimage\"},\"thumbnailUrl\":\"https:\/\/www.groods.de\/wp-content\/uploads\/2020\/03\/780-4-green-3.jpeg\",\"datePublished\":\"2020-03-27T10:29:51+00:00\",\"dateModified\":\"2025-12-02T18:59:03+00:00\",\"breadcrumb\":{\"@id\":\"https:\/\/www.groods.de\/index.php\/produkt\/ya-qi-li-high-precision-metall-yoyo-gruen\/#breadcrumb\"},\"inLanguage\":\"de\",\"potentialAction\":[{\"@type\":\"ReadAction\",\"target\":[\"https:\/\/www.groods.de\/index.php\/produkt\/ya-qi-li-high-precision-metall-yoyo-gruen\/\"]}]},{\"@type\":\"ImageObject\",\"inLanguage\":\"de\",\"@id\":\"https:\/\/www.groods.de\/index.php\/produkt\/ya-qi-li-high-precision-metall-yoyo-gruen\/#primaryimage\",\"url\":\"https:\/\/www.groods.de\/wp-content\/uploads\/2020\/03\/780-4-green-3.jpeg\",\"contentUrl\":\"https:\/\/www.groods.de\/wp-content\/uploads\/2020\/03\/780-4-green-3.jpeg\",\"width\":1200,\"height\":1200},{\"@type\":\"BreadcrumbList\",\"@id\":\"https:\/\/www.groods.de\/index.php\/produkt\/ya-qi-li-high-precision-metall-yoyo-gruen\/#breadcrumb\",\"itemListElement\":[{\"@type\":\"ListItem\",\"position\":1,\"name\":\"Startseite\",\"item\":\"https:\/\/www.groods.de\/\"},{\"@type\":\"ListItem\",\"position\":2,\"name\":\"Shop\",\"item\":\"https:\/\/www.groods.de\/index.php\/shop\/\"},{\"@type\":\"ListItem\",\"position\":3,\"name\":\"YA QI LI High Precision Metall YOYO &#8211; gr\u00fcn\"}]},{\"@type\":\"WebSite\",\"@id\":\"https:\/\/www.groods.de\/#website\",\"url\":\"https:\/\/www.groods.de\/\",\"name\":\"gRoods.de\",\"description\":\"Entdecke die Welt der Speedcubes\",\"publisher\":{\"@id\":\"https:\/\/www.groods.de\/#organization\"},\"potentialAction\":[{\"@type\":\"SearchAction\",\"target\":{\"@type\":\"EntryPoint\",\"urlTemplate\":\"https:\/\/www.groods.de\/?s={search_term_string}\"},\"query-input\":{\"@type\":\"PropertyValueSpecification\",\"valueRequired\":true,\"valueName\":\"search_term_string\"}}],\"inLanguage\":\"de\"},{\"@type\":\"Organization\",\"@id\":\"https:\/\/www.groods.de\/#organization\",\"name\":\"gRoods.de\",\"url\":\"https:\/\/www.groods.de\/\",\"logo\":{\"@type\":\"ImageObject\",\"inLanguage\":\"de\",\"@id\":\"https:\/\/www.groods.de\/#\/schema\/logo\/image\/\",\"url\":\"https:\/\/www.groods.de\/wp-content\/uploads\/2018\/08\/logo.png\",\"contentUrl\":\"https:\/\/www.groods.de\/wp-content\/uploads\/2018\/08\/logo.png\",\"width\":1077,\"height\":373,\"caption\":\"gRoods.de\"},\"image\":{\"@id\":\"https:\/\/www.groods.de\/#\/schema\/logo\/image\/\"}}]}<\/script>\n<!-- \/ Yoast SEO plugin. -->","yoast_head_json":{"title":"YA QI LI High Precision Metall YOYO - gr\u00fcn - gRoods","robots":{"index":"index","follow":"follow","max-snippet":"max-snippet:-1","max-image-preview":"max-image-preview:large","max-video-preview":"max-video-preview:-1"},"canonical":"https:\/\/www.groods.de\/index.php\/produkt\/ya-qi-li-high-precision-metall-yoyo-gruen\/","og_locale":"de_DE","og_type":"article","og_title":"YA QI LI High Precision Metall YOYO - gr\u00fcn - gRoods","og_description":"YA QI LI High Precision Metall YOYO &#8211; gr\u00fcn YA QI LI High Precision Metall YOYO hat eine sehr gute Gewichtsverteilung nach au\u00dfen hin und bringt damit lange Spins und Stabilit\u00e4t mit sich. Im Inneren \u00fcberzeugt der fest installierte Metallsitz f\u00fcr das breitere Kugellager sowie das Schnur-zentrierende Kugellager selbst. Das sichert einen vibrationsfreien Lauf. Die [&hellip;]","og_url":"https:\/\/www.groods.de\/index.php\/produkt\/ya-qi-li-high-precision-metall-yoyo-gruen\/","og_site_name":"gRoods","article_modified_time":"2025-12-02T18:59:03+00:00","og_image":[{"width":1200,"height":1200,"url":"https:\/\/www.groods.de\/wp-content\/uploads\/2020\/03\/780-4-green-3.jpeg","type":"image\/jpeg"}],"twitter_card":"summary_large_image","twitter_misc":{"Gesch\u00e4tzte Lesezeit":"1\u00a0Minute"},"schema":{"@context":"https:\/\/schema.org","@graph":[{"@type":"WebPage","@id":"https:\/\/www.groods.de\/index.php\/produkt\/ya-qi-li-high-precision-metall-yoyo-gruen\/","url":"https:\/\/www.groods.de\/index.php\/produkt\/ya-qi-li-high-precision-metall-yoyo-gruen\/","name":"YA QI LI High Precision Metall YOYO - gr\u00fcn - gRoods","isPartOf":{"@id":"https:\/\/www.groods.de\/#website"},"primaryImageOfPage":{"@id":"https:\/\/www.groods.de\/index.php\/produkt\/ya-qi-li-high-precision-metall-yoyo-gruen\/#primaryimage"},"image":{"@id":"https:\/\/www.groods.de\/index.php\/produkt\/ya-qi-li-high-precision-metall-yoyo-gruen\/#primaryimage"},"thumbnailUrl":"https:\/\/www.groods.de\/wp-content\/uploads\/2020\/03\/780-4-green-3.jpeg","datePublished":"2020-03-27T10:29:51+00:00","dateModified":"2025-12-02T18:59:03+00:00","breadcrumb":{"@id":"https:\/\/www.groods.de\/index.php\/produkt\/ya-qi-li-high-precision-metall-yoyo-gruen\/#breadcrumb"},"inLanguage":"de","potentialAction":[{"@type":"ReadAction","target":["https:\/\/www.groods.de\/index.php\/produkt\/ya-qi-li-high-precision-metall-yoyo-gruen\/"]}]},{"@type":"ImageObject","inLanguage":"de","@id":"https:\/\/www.groods.de\/index.php\/produkt\/ya-qi-li-high-precision-metall-yoyo-gruen\/#primaryimage","url":"https:\/\/www.groods.de\/wp-content\/uploads\/2020\/03\/780-4-green-3.jpeg","contentUrl":"https:\/\/www.groods.de\/wp-content\/uploads\/2020\/03\/780-4-green-3.jpeg","width":1200,"height":1200},{"@type":"BreadcrumbList","@id":"https:\/\/www.groods.de\/index.php\/produkt\/ya-qi-li-high-precision-metall-yoyo-gruen\/#breadcrumb","itemListElement":[{"@type":"ListItem","position":1,"name":"Startseite","item":"https:\/\/www.groods.de\/"},{"@type":"ListItem","position":2,"name":"Shop","item":"https:\/\/www.groods.de\/index.php\/shop\/"},{"@type":"ListItem","position":3,"name":"YA QI LI High Precision Metall YOYO &#8211; gr\u00fcn"}]},{"@type":"WebSite","@id":"https:\/\/www.groods.de\/#website","url":"https:\/\/www.groods.de\/","name":"gRoods.de","description":"Entdecke die Welt der Speedcubes","publisher":{"@id":"https:\/\/www.groods.de\/#organization"},"potentialAction":[{"@type":"SearchAction","target":{"@type":"EntryPoint","urlTemplate":"https:\/\/www.groods.de\/?s={search_term_string}"},"query-input":{"@type":"PropertyValueSpecification","valueRequired":true,"valueName":"search_term_string"}}],"inLanguage":"de"},{"@type":"Organization","@id":"https:\/\/www.groods.de\/#organization","name":"gRoods.de","url":"https:\/\/www.groods.de\/","logo":{"@type":"ImageObject","inLanguage":"de","@id":"https:\/\/www.groods.de\/#\/schema\/logo\/image\/","url":"https:\/\/www.groods.de\/wp-content\/uploads\/2018\/08\/logo.png","contentUrl":"https:\/\/www.groods.de\/wp-content\/uploads\/2018\/08\/logo.png","width":1077,"height":373,"caption":"gRoods.de"},"image":{"@id":"https:\/\/www.groods.de\/#\/schema\/logo\/image\/"}}]}},"_links":{"self":[{"href":"https:\/\/www.groods.de\/index.php\/wp-json\/wp\/v2\/product\/6591","targetHints":{"allow":["GET"]}}],"collection":[{"href":"https:\/\/www.groods.de\/index.php\/wp-json\/wp\/v2\/product"}],"about":[{"href":"https:\/\/www.groods.de\/index.php\/wp-json\/wp\/v2\/types\/product"}],"replies":[{"embeddable":true,"href":"https:\/\/www.groods.de\/index.php\/wp-json\/wp\/v2\/comments?post=6591"}],"wp:featuredmedia":[{"embeddable":true,"href":"https:\/\/www.groods.de\/index.php\/wp-json\/wp\/v2\/media\/6609"}],"wp:attachment":[{"href":"https:\/\/www.groods.de\/index.php\/wp-json\/wp\/v2\/media?parent=6591"}],"wp:term":[{"taxonomy":"product_brand","embeddable":true,"href":"https:\/\/www.groods.de\/index.php\/wp-json\/wp\/v2\/product_brand?post=6591"},{"taxonomy":"product_cat","embeddable":true,"href":"https:\/\/www.groods.de\/index.php\/wp-json\/wp\/v2\/product_cat?post=6591"},{"taxonomy":"product_tag","embeddable":true,"href":"https:\/\/www.groods.de\/index.php\/wp-json\/wp\/v2\/product_tag?post=6591"}],"curies":[{"name":"wp","href":"https:\/\/api.w.org\/{rel}","templated":true}]}}