{"id":6392,"date":"2020-03-09T19:58:49","date_gmt":"2020-03-09T18:58:49","guid":{"rendered":"https:\/\/www.groods.de\/index.php\/produkt\/gan-restore-robot\/"},"modified":"2025-11-19T22:29:05","modified_gmt":"2025-11-19T21:29:05","slug":"gan-restore-robot","status":"publish","type":"product","link":"https:\/\/www.groods.de\/index.php\/produkt\/gan-restore-robot\/","title":{"rendered":"GAN Robot V2"},"content":{"rendered":"<h1>GAN Restore Robot V2<\/h1>\n<p>Der GAN Robot ist ein neues intelligentes Werkzeug von GAN, das die neueren R\u00e4tsel erg\u00e4nzt. Der GAN Robot ist faltbar und tragbar mit einem ersch\u00fctterungssicheren, rutschfesten St\u00e4nder. Es hat 5 Krallen, die den W\u00fcrfel festhalten und pr\u00e4zise drehen, und einen Knopf, mit dem Sie Ihren W\u00fcrfel auf einfache Weise befestigen und l\u00f6sen k\u00f6nnen. Kombinationen werden KI-Funktionen Schritt f\u00fcr Schritt durchgef\u00fchrt und unterrichtet, um Ihre Techniken zum L\u00f6sen von 3&#215;3 W\u00fcrfeln zu verbessern. GAN Robot hilft Ihnen viel Zeit beim studieren der Algorithmen zu sparen. Benutzer k\u00f6nnen sich mit der mobilen GAN Robot-App verbinden, um ihren W\u00fcrfel in nur wenigen Sekunden zu verdrehen oder zu l\u00f6sen!<\/p>\n<p>Kompatibel mit: GAN 356 i3, GAN i carry, Monster Go AI<\/p>\n","protected":false},"excerpt":{"rendered":"<p>GAN Restore Robot V2 Der GAN Robot ist ein neues intelligentes Werkzeug von GAN, das die neueren R\u00e4tsel erg\u00e4nzt. Der GAN Robot ist faltbar und tragbar mit einem ersch\u00fctterungssicheren, rutschfesten St\u00e4nder. Es hat 5 Krallen, die den W\u00fcrfel festhalten und pr\u00e4zise drehen, und einen Knopf, mit dem Sie Ihren W\u00fcrfel auf einfache Weise befestigen und [&hellip;]<\/p>\n","protected":false},"featured_media":6983,"comment_status":"open","ping_status":"closed","template":"","meta":[],"product_brand":[],"product_cat":[88,107,19],"product_tag":[],"class_list":{"0":"post-6392","1":"product","2":"type-product","3":"status-publish","4":"has-post-thumbnail","6":"product_cat-gan","7":"product_cat-smartcubes","8":"product_cat-zauberwuerfel","10":"first","11":"outofstock","12":"taxable","13":"shipping-taxable","14":"purchasable","15":"product-type-simple"},"yoast_head":"<!-- This site is optimized with the Yoast SEO plugin v26.7 - https:\/\/yoast.com\/wordpress\/plugins\/seo\/ -->\n<title>GAN Robot V2 - gRoods<\/title>\n<meta name=\"robots\" content=\"index, follow, max-snippet:-1, max-image-preview:large, max-video-preview:-1\" \/>\n<link rel=\"canonical\" href=\"https:\/\/www.groods.de\/index.php\/produkt\/gan-restore-robot\/\" \/>\n<meta property=\"og:locale\" content=\"de_DE\" \/>\n<meta property=\"og:type\" content=\"article\" \/>\n<meta property=\"og:title\" content=\"GAN Robot V2 - gRoods\" \/>\n<meta property=\"og:description\" content=\"GAN Restore Robot V2 Der GAN Robot ist ein neues intelligentes Werkzeug von GAN, das die neueren R\u00e4tsel erg\u00e4nzt. Der GAN Robot ist faltbar und tragbar mit einem ersch\u00fctterungssicheren, rutschfesten St\u00e4nder. Es hat 5 Krallen, die den W\u00fcrfel festhalten und pr\u00e4zise drehen, und einen Knopf, mit dem Sie Ihren W\u00fcrfel auf einfache Weise befestigen und [&hellip;]\" \/>\n<meta property=\"og:url\" content=\"https:\/\/www.groods.de\/index.php\/produkt\/gan-restore-robot\/\" \/>\n<meta property=\"og:site_name\" content=\"gRoods\" \/>\n<meta property=\"article:modified_time\" content=\"2025-11-19T21:29:05+00:00\" \/>\n<meta property=\"og:image\" content=\"https:\/\/www.groods.de\/wp-content\/uploads\/2020\/03\/GAN-Robot-1.jpg\" \/>\n\t<meta property=\"og:image:width\" content=\"600\" \/>\n\t<meta property=\"og:image:height\" content=\"600\" \/>\n\t<meta property=\"og:image:type\" content=\"image\/jpeg\" \/>\n<meta name=\"twitter:card\" content=\"summary_large_image\" \/>\n<meta name=\"twitter:label1\" content=\"Gesch\u00e4tzte Lesezeit\" \/>\n\t<meta name=\"twitter:data1\" content=\"1\u00a0Minute\" \/>\n<script type=\"application\/ld+json\" class=\"yoast-schema-graph\">{\"@context\":\"https:\/\/schema.org\",\"@graph\":[{\"@type\":\"WebPage\",\"@id\":\"https:\/\/www.groods.de\/index.php\/produkt\/gan-restore-robot\/\",\"url\":\"https:\/\/www.groods.de\/index.php\/produkt\/gan-restore-robot\/\",\"name\":\"GAN Robot V2 - gRoods\",\"isPartOf\":{\"@id\":\"https:\/\/www.groods.de\/#website\"},\"primaryImageOfPage\":{\"@id\":\"https:\/\/www.groods.de\/index.php\/produkt\/gan-restore-robot\/#primaryimage\"},\"image\":{\"@id\":\"https:\/\/www.groods.de\/index.php\/produkt\/gan-restore-robot\/#primaryimage\"},\"thumbnailUrl\":\"https:\/\/www.groods.de\/wp-content\/uploads\/2020\/03\/GAN-Robot-1.jpg\",\"datePublished\":\"2020-03-09T18:58:49+00:00\",\"dateModified\":\"2025-11-19T21:29:05+00:00\",\"breadcrumb\":{\"@id\":\"https:\/\/www.groods.de\/index.php\/produkt\/gan-restore-robot\/#breadcrumb\"},\"inLanguage\":\"de\",\"potentialAction\":[{\"@type\":\"ReadAction\",\"target\":[\"https:\/\/www.groods.de\/index.php\/produkt\/gan-restore-robot\/\"]}]},{\"@type\":\"ImageObject\",\"inLanguage\":\"de\",\"@id\":\"https:\/\/www.groods.de\/index.php\/produkt\/gan-restore-robot\/#primaryimage\",\"url\":\"https:\/\/www.groods.de\/wp-content\/uploads\/2020\/03\/GAN-Robot-1.jpg\",\"contentUrl\":\"https:\/\/www.groods.de\/wp-content\/uploads\/2020\/03\/GAN-Robot-1.jpg\",\"width\":600,\"height\":600},{\"@type\":\"BreadcrumbList\",\"@id\":\"https:\/\/www.groods.de\/index.php\/produkt\/gan-restore-robot\/#breadcrumb\",\"itemListElement\":[{\"@type\":\"ListItem\",\"position\":1,\"name\":\"Startseite\",\"item\":\"https:\/\/www.groods.de\/\"},{\"@type\":\"ListItem\",\"position\":2,\"name\":\"Shop\",\"item\":\"https:\/\/www.groods.de\/index.php\/shop\/\"},{\"@type\":\"ListItem\",\"position\":3,\"name\":\"GAN Robot V2\"}]},{\"@type\":\"WebSite\",\"@id\":\"https:\/\/www.groods.de\/#website\",\"url\":\"https:\/\/www.groods.de\/\",\"name\":\"gRoods.de\",\"description\":\"Entdecke die Welt der Speedcubes\",\"publisher\":{\"@id\":\"https:\/\/www.groods.de\/#organization\"},\"potentialAction\":[{\"@type\":\"SearchAction\",\"target\":{\"@type\":\"EntryPoint\",\"urlTemplate\":\"https:\/\/www.groods.de\/?s={search_term_string}\"},\"query-input\":{\"@type\":\"PropertyValueSpecification\",\"valueRequired\":true,\"valueName\":\"search_term_string\"}}],\"inLanguage\":\"de\"},{\"@type\":\"Organization\",\"@id\":\"https:\/\/www.groods.de\/#organization\",\"name\":\"gRoods.de\",\"url\":\"https:\/\/www.groods.de\/\",\"logo\":{\"@type\":\"ImageObject\",\"inLanguage\":\"de\",\"@id\":\"https:\/\/www.groods.de\/#\/schema\/logo\/image\/\",\"url\":\"https:\/\/www.groods.de\/wp-content\/uploads\/2018\/08\/logo.png\",\"contentUrl\":\"https:\/\/www.groods.de\/wp-content\/uploads\/2018\/08\/logo.png\",\"width\":1077,\"height\":373,\"caption\":\"gRoods.de\"},\"image\":{\"@id\":\"https:\/\/www.groods.de\/#\/schema\/logo\/image\/\"}}]}<\/script>\n<!-- \/ Yoast SEO plugin. -->","yoast_head_json":{"title":"GAN Robot V2 - gRoods","robots":{"index":"index","follow":"follow","max-snippet":"max-snippet:-1","max-image-preview":"max-image-preview:large","max-video-preview":"max-video-preview:-1"},"canonical":"https:\/\/www.groods.de\/index.php\/produkt\/gan-restore-robot\/","og_locale":"de_DE","og_type":"article","og_title":"GAN Robot V2 - gRoods","og_description":"GAN Restore Robot V2 Der GAN Robot ist ein neues intelligentes Werkzeug von GAN, das die neueren R\u00e4tsel erg\u00e4nzt. Der GAN Robot ist faltbar und tragbar mit einem ersch\u00fctterungssicheren, rutschfesten St\u00e4nder. Es hat 5 Krallen, die den W\u00fcrfel festhalten und pr\u00e4zise drehen, und einen Knopf, mit dem Sie Ihren W\u00fcrfel auf einfache Weise befestigen und [&hellip;]","og_url":"https:\/\/www.groods.de\/index.php\/produkt\/gan-restore-robot\/","og_site_name":"gRoods","article_modified_time":"2025-11-19T21:29:05+00:00","og_image":[{"width":600,"height":600,"url":"https:\/\/www.groods.de\/wp-content\/uploads\/2020\/03\/GAN-Robot-1.jpg","type":"image\/jpeg"}],"twitter_card":"summary_large_image","twitter_misc":{"Gesch\u00e4tzte Lesezeit":"1\u00a0Minute"},"schema":{"@context":"https:\/\/schema.org","@graph":[{"@type":"WebPage","@id":"https:\/\/www.groods.de\/index.php\/produkt\/gan-restore-robot\/","url":"https:\/\/www.groods.de\/index.php\/produkt\/gan-restore-robot\/","name":"GAN Robot V2 - gRoods","isPartOf":{"@id":"https:\/\/www.groods.de\/#website"},"primaryImageOfPage":{"@id":"https:\/\/www.groods.de\/index.php\/produkt\/gan-restore-robot\/#primaryimage"},"image":{"@id":"https:\/\/www.groods.de\/index.php\/produkt\/gan-restore-robot\/#primaryimage"},"thumbnailUrl":"https:\/\/www.groods.de\/wp-content\/uploads\/2020\/03\/GAN-Robot-1.jpg","datePublished":"2020-03-09T18:58:49+00:00","dateModified":"2025-11-19T21:29:05+00:00","breadcrumb":{"@id":"https:\/\/www.groods.de\/index.php\/produkt\/gan-restore-robot\/#breadcrumb"},"inLanguage":"de","potentialAction":[{"@type":"ReadAction","target":["https:\/\/www.groods.de\/index.php\/produkt\/gan-restore-robot\/"]}]},{"@type":"ImageObject","inLanguage":"de","@id":"https:\/\/www.groods.de\/index.php\/produkt\/gan-restore-robot\/#primaryimage","url":"https:\/\/www.groods.de\/wp-content\/uploads\/2020\/03\/GAN-Robot-1.jpg","contentUrl":"https:\/\/www.groods.de\/wp-content\/uploads\/2020\/03\/GAN-Robot-1.jpg","width":600,"height":600},{"@type":"BreadcrumbList","@id":"https:\/\/www.groods.de\/index.php\/produkt\/gan-restore-robot\/#breadcrumb","itemListElement":[{"@type":"ListItem","position":1,"name":"Startseite","item":"https:\/\/www.groods.de\/"},{"@type":"ListItem","position":2,"name":"Shop","item":"https:\/\/www.groods.de\/index.php\/shop\/"},{"@type":"ListItem","position":3,"name":"GAN Robot V2"}]},{"@type":"WebSite","@id":"https:\/\/www.groods.de\/#website","url":"https:\/\/www.groods.de\/","name":"gRoods.de","description":"Entdecke die Welt der Speedcubes","publisher":{"@id":"https:\/\/www.groods.de\/#organization"},"potentialAction":[{"@type":"SearchAction","target":{"@type":"EntryPoint","urlTemplate":"https:\/\/www.groods.de\/?s={search_term_string}"},"query-input":{"@type":"PropertyValueSpecification","valueRequired":true,"valueName":"search_term_string"}}],"inLanguage":"de"},{"@type":"Organization","@id":"https:\/\/www.groods.de\/#organization","name":"gRoods.de","url":"https:\/\/www.groods.de\/","logo":{"@type":"ImageObject","inLanguage":"de","@id":"https:\/\/www.groods.de\/#\/schema\/logo\/image\/","url":"https:\/\/www.groods.de\/wp-content\/uploads\/2018\/08\/logo.png","contentUrl":"https:\/\/www.groods.de\/wp-content\/uploads\/2018\/08\/logo.png","width":1077,"height":373,"caption":"gRoods.de"},"image":{"@id":"https:\/\/www.groods.de\/#\/schema\/logo\/image\/"}}]}},"_links":{"self":[{"href":"https:\/\/www.groods.de\/index.php\/wp-json\/wp\/v2\/product\/6392","targetHints":{"allow":["GET"]}}],"collection":[{"href":"https:\/\/www.groods.de\/index.php\/wp-json\/wp\/v2\/product"}],"about":[{"href":"https:\/\/www.groods.de\/index.php\/wp-json\/wp\/v2\/types\/product"}],"replies":[{"embeddable":true,"href":"https:\/\/www.groods.de\/index.php\/wp-json\/wp\/v2\/comments?post=6392"}],"wp:featuredmedia":[{"embeddable":true,"href":"https:\/\/www.groods.de\/index.php\/wp-json\/wp\/v2\/media\/6983"}],"wp:attachment":[{"href":"https:\/\/www.groods.de\/index.php\/wp-json\/wp\/v2\/media?parent=6392"}],"wp:term":[{"taxonomy":"product_brand","embeddable":true,"href":"https:\/\/www.groods.de\/index.php\/wp-json\/wp\/v2\/product_brand?post=6392"},{"taxonomy":"product_cat","embeddable":true,"href":"https:\/\/www.groods.de\/index.php\/wp-json\/wp\/v2\/product_cat?post=6392"},{"taxonomy":"product_tag","embeddable":true,"href":"https:\/\/www.groods.de\/index.php\/wp-json\/wp\/v2\/product_tag?post=6392"}],"curies":[{"name":"wp","href":"https:\/\/api.w.org\/{rel}","templated":true}]}}