{"id":6376,"date":"2020-03-09T19:55:25","date_gmt":"2020-03-09T18:55:25","guid":{"rendered":"https:\/\/www.groods.de\/index.php\/produkt\/nano-blocks-190-pcs-superman\/"},"modified":"2025-12-03T12:24:19","modified_gmt":"2025-12-03T11:24:19","slug":"nano-blocks-190-pcs-superman","status":"publish","type":"product","link":"https:\/\/www.groods.de\/index.php\/produkt\/nano-blocks-190-pcs-superman\/","title":{"rendered":"Nano Blocks 190 pcs &#8211; Superman"},"content":{"rendered":"<h1>Nano Blocks 190 pcs &#8211; Superman<\/h1>\n<p><u>Holen auch Sie sich die neue Sensation Nano\/Micro Blocks &#8211; Mini-Bausteine!<\/u><\/p>\n<p>Nano Blocks sind kleine Bausteine im Millimeterbereich, wodurch es sehr viel Spa\u00df macht und eine knifflige Herausforderung wird. Nanoblocks sind eine gro\u00dfartige LEGO-Alternative aus Japan. Die Nano Blocks sind ein gutes St\u00fcck kleiner als LEGO-Bl\u00f6cke und aus diesem Grund ist es einfacher, gebauten Dinge detaillierter darzustellen und zu gestalten.<\/p>\n<p>Sammeln Sie all Ihre Lieblingsfiguren, bekannt aus Film, Fernsehen, Spielen oder Comics. Bauen Sie Ihre Figur\u00a0 zusammen mit Freunden oder Ihrer Familie, mit Hilfe der beiliegenden Anleitung.<br \/>\nDie Figuren sind jederzeit wieder zerlegbar und k\u00f6nnen wieder neu zusammengebaut werden, da es sich um lauter Mini-Bausteine handelt die mit dem Steckprinzip beliebig zusammengebaut werden k\u00f6nnen.<\/p>\n<p>Die Sets eignen sich auch hervorragend als Geschenkidee und sorgt bei Baumeistern jedes Alters f\u00fcr Begeisterung. Insbesondere f\u00fcr Kinder ist es eine super Alternative zu Smartphone und TV die Feinmotorik und r\u00e4umlich visuelles Denkverm\u00f6gen f\u00f6rdert.<\/p>\n<h3>Eigenschaften<\/h3>\n<ul>\n<li class=\"md-end-block\">neu und Originalverpackt<\/li>\n<li class=\"md-end-block\">aus hochwertigem ABS Material, das umweltfreundlich, ungiftig und langlebig ist<\/li>\n<li>Viele Stunden Spa\u00df und Kopfzerbrechen mit Freunden und Familie sind garantiert<\/li>\n<li>saubere Verarbeitung und glatte Oberfl\u00e4chen<\/li>\n<li>Verpackung: Karton Box<\/li>\n<li>Wegen verschluckbarer Kleinteile nicht f\u00fcr Kinder unter 3 Jahren geeignet!<\/li>\n<\/ul>\n","protected":false},"excerpt":{"rendered":"<p>Nano Blocks 190 pcs &#8211; Superman Holen auch Sie sich die neue Sensation Nano\/Micro Blocks &#8211; Mini-Bausteine! Nano Blocks sind kleine Bausteine im Millimeterbereich, wodurch es sehr viel Spa\u00df macht und eine knifflige Herausforderung wird. Nanoblocks sind eine gro\u00dfartige LEGO-Alternative aus Japan. Die Nano Blocks sind ein gutes St\u00fcck kleiner als LEGO-Bl\u00f6cke und aus diesem [&hellip;]<\/p>\n","protected":false},"featured_media":6406,"comment_status":"open","ping_status":"closed","template":"","meta":[],"product_brand":[],"product_cat":[93,86],"product_tag":[],"class_list":{"0":"post-6376","1":"product","2":"type-product","3":"status-publish","4":"has-post-thumbnail","6":"product_cat-nano-blocks","7":"product_cat-neue-produkte","9":"first","10":"instock","11":"taxable","12":"shipping-taxable","13":"purchasable","14":"product-type-simple"},"yoast_head":"<!-- This site is optimized with the Yoast SEO plugin v26.7 - https:\/\/yoast.com\/wordpress\/plugins\/seo\/ -->\n<title>Nano Blocks 190 pcs - Superman - gRoods<\/title>\n<meta name=\"robots\" content=\"index, follow, max-snippet:-1, max-image-preview:large, max-video-preview:-1\" \/>\n<link rel=\"canonical\" href=\"https:\/\/www.groods.de\/index.php\/produkt\/nano-blocks-190-pcs-superman\/\" \/>\n<meta property=\"og:locale\" content=\"de_DE\" \/>\n<meta property=\"og:type\" content=\"article\" \/>\n<meta property=\"og:title\" content=\"Nano Blocks 190 pcs - Superman - gRoods\" \/>\n<meta property=\"og:description\" content=\"Nano Blocks 190 pcs &#8211; Superman Holen auch Sie sich die neue Sensation Nano\/Micro Blocks &#8211; Mini-Bausteine! Nano Blocks sind kleine Bausteine im Millimeterbereich, wodurch es sehr viel Spa\u00df macht und eine knifflige Herausforderung wird. Nanoblocks sind eine gro\u00dfartige LEGO-Alternative aus Japan. Die Nano Blocks sind ein gutes St\u00fcck kleiner als LEGO-Bl\u00f6cke und aus diesem [&hellip;]\" \/>\n<meta property=\"og:url\" content=\"https:\/\/www.groods.de\/index.php\/produkt\/nano-blocks-190-pcs-superman\/\" \/>\n<meta property=\"og:site_name\" content=\"gRoods\" \/>\n<meta property=\"article:modified_time\" content=\"2025-12-03T11:24:19+00:00\" \/>\n<meta property=\"og:image\" content=\"https:\/\/i0.wp.com\/www.groods.de\/wp-content\/uploads\/2020\/03\/Nano-Blocks-190-pcs-Superman-2.jpg?fit=800%2C800&ssl=1\" \/>\n\t<meta property=\"og:image:width\" content=\"800\" \/>\n\t<meta property=\"og:image:height\" content=\"800\" \/>\n\t<meta property=\"og:image:type\" content=\"image\/jpeg\" \/>\n<meta name=\"twitter:card\" content=\"summary_large_image\" \/>\n<meta name=\"twitter:label1\" content=\"Gesch\u00e4tzte Lesezeit\" \/>\n\t<meta name=\"twitter:data1\" content=\"1\u00a0Minute\" \/>\n<script type=\"application\/ld+json\" class=\"yoast-schema-graph\">{\"@context\":\"https:\/\/schema.org\",\"@graph\":[{\"@type\":\"WebPage\",\"@id\":\"https:\/\/www.groods.de\/index.php\/produkt\/nano-blocks-190-pcs-superman\/\",\"url\":\"https:\/\/www.groods.de\/index.php\/produkt\/nano-blocks-190-pcs-superman\/\",\"name\":\"Nano Blocks 190 pcs - Superman - gRoods\",\"isPartOf\":{\"@id\":\"https:\/\/www.groods.de\/#website\"},\"primaryImageOfPage\":{\"@id\":\"https:\/\/www.groods.de\/index.php\/produkt\/nano-blocks-190-pcs-superman\/#primaryimage\"},\"image\":{\"@id\":\"https:\/\/www.groods.de\/index.php\/produkt\/nano-blocks-190-pcs-superman\/#primaryimage\"},\"thumbnailUrl\":\"https:\/\/www.groods.de\/wp-content\/uploads\/2020\/03\/Nano-Blocks-190-pcs-Superman-2.jpg\",\"datePublished\":\"2020-03-09T18:55:25+00:00\",\"dateModified\":\"2025-12-03T11:24:19+00:00\",\"breadcrumb\":{\"@id\":\"https:\/\/www.groods.de\/index.php\/produkt\/nano-blocks-190-pcs-superman\/#breadcrumb\"},\"inLanguage\":\"de\",\"potentialAction\":[{\"@type\":\"ReadAction\",\"target\":[\"https:\/\/www.groods.de\/index.php\/produkt\/nano-blocks-190-pcs-superman\/\"]}]},{\"@type\":\"ImageObject\",\"inLanguage\":\"de\",\"@id\":\"https:\/\/www.groods.de\/index.php\/produkt\/nano-blocks-190-pcs-superman\/#primaryimage\",\"url\":\"https:\/\/www.groods.de\/wp-content\/uploads\/2020\/03\/Nano-Blocks-190-pcs-Superman-2.jpg\",\"contentUrl\":\"https:\/\/www.groods.de\/wp-content\/uploads\/2020\/03\/Nano-Blocks-190-pcs-Superman-2.jpg\",\"width\":800,\"height\":800},{\"@type\":\"BreadcrumbList\",\"@id\":\"https:\/\/www.groods.de\/index.php\/produkt\/nano-blocks-190-pcs-superman\/#breadcrumb\",\"itemListElement\":[{\"@type\":\"ListItem\",\"position\":1,\"name\":\"Startseite\",\"item\":\"https:\/\/www.groods.de\/\"},{\"@type\":\"ListItem\",\"position\":2,\"name\":\"Shop\",\"item\":\"https:\/\/www.groods.de\/index.php\/shop\/\"},{\"@type\":\"ListItem\",\"position\":3,\"name\":\"Nano Blocks 190 pcs &#8211; Superman\"}]},{\"@type\":\"WebSite\",\"@id\":\"https:\/\/www.groods.de\/#website\",\"url\":\"https:\/\/www.groods.de\/\",\"name\":\"gRoods.de\",\"description\":\"Entdecke die Welt der Speedcubes\",\"publisher\":{\"@id\":\"https:\/\/www.groods.de\/#organization\"},\"potentialAction\":[{\"@type\":\"SearchAction\",\"target\":{\"@type\":\"EntryPoint\",\"urlTemplate\":\"https:\/\/www.groods.de\/?s={search_term_string}\"},\"query-input\":{\"@type\":\"PropertyValueSpecification\",\"valueRequired\":true,\"valueName\":\"search_term_string\"}}],\"inLanguage\":\"de\"},{\"@type\":\"Organization\",\"@id\":\"https:\/\/www.groods.de\/#organization\",\"name\":\"gRoods.de\",\"url\":\"https:\/\/www.groods.de\/\",\"logo\":{\"@type\":\"ImageObject\",\"inLanguage\":\"de\",\"@id\":\"https:\/\/www.groods.de\/#\/schema\/logo\/image\/\",\"url\":\"https:\/\/www.groods.de\/wp-content\/uploads\/2018\/08\/logo.png\",\"contentUrl\":\"https:\/\/www.groods.de\/wp-content\/uploads\/2018\/08\/logo.png\",\"width\":1077,\"height\":373,\"caption\":\"gRoods.de\"},\"image\":{\"@id\":\"https:\/\/www.groods.de\/#\/schema\/logo\/image\/\"}}]}<\/script>\n<!-- \/ Yoast SEO plugin. -->","yoast_head_json":{"title":"Nano Blocks 190 pcs - Superman - gRoods","robots":{"index":"index","follow":"follow","max-snippet":"max-snippet:-1","max-image-preview":"max-image-preview:large","max-video-preview":"max-video-preview:-1"},"canonical":"https:\/\/www.groods.de\/index.php\/produkt\/nano-blocks-190-pcs-superman\/","og_locale":"de_DE","og_type":"article","og_title":"Nano Blocks 190 pcs - Superman - gRoods","og_description":"Nano Blocks 190 pcs &#8211; Superman Holen auch Sie sich die neue Sensation Nano\/Micro Blocks &#8211; Mini-Bausteine! Nano Blocks sind kleine Bausteine im Millimeterbereich, wodurch es sehr viel Spa\u00df macht und eine knifflige Herausforderung wird. Nanoblocks sind eine gro\u00dfartige LEGO-Alternative aus Japan. Die Nano Blocks sind ein gutes St\u00fcck kleiner als LEGO-Bl\u00f6cke und aus diesem [&hellip;]","og_url":"https:\/\/www.groods.de\/index.php\/produkt\/nano-blocks-190-pcs-superman\/","og_site_name":"gRoods","article_modified_time":"2025-12-03T11:24:19+00:00","og_image":[{"width":800,"height":800,"url":"https:\/\/i0.wp.com\/www.groods.de\/wp-content\/uploads\/2020\/03\/Nano-Blocks-190-pcs-Superman-2.jpg?fit=800%2C800&ssl=1","type":"image\/jpeg"}],"twitter_card":"summary_large_image","twitter_misc":{"Gesch\u00e4tzte Lesezeit":"1\u00a0Minute"},"schema":{"@context":"https:\/\/schema.org","@graph":[{"@type":"WebPage","@id":"https:\/\/www.groods.de\/index.php\/produkt\/nano-blocks-190-pcs-superman\/","url":"https:\/\/www.groods.de\/index.php\/produkt\/nano-blocks-190-pcs-superman\/","name":"Nano Blocks 190 pcs - Superman - gRoods","isPartOf":{"@id":"https:\/\/www.groods.de\/#website"},"primaryImageOfPage":{"@id":"https:\/\/www.groods.de\/index.php\/produkt\/nano-blocks-190-pcs-superman\/#primaryimage"},"image":{"@id":"https:\/\/www.groods.de\/index.php\/produkt\/nano-blocks-190-pcs-superman\/#primaryimage"},"thumbnailUrl":"https:\/\/www.groods.de\/wp-content\/uploads\/2020\/03\/Nano-Blocks-190-pcs-Superman-2.jpg","datePublished":"2020-03-09T18:55:25+00:00","dateModified":"2025-12-03T11:24:19+00:00","breadcrumb":{"@id":"https:\/\/www.groods.de\/index.php\/produkt\/nano-blocks-190-pcs-superman\/#breadcrumb"},"inLanguage":"de","potentialAction":[{"@type":"ReadAction","target":["https:\/\/www.groods.de\/index.php\/produkt\/nano-blocks-190-pcs-superman\/"]}]},{"@type":"ImageObject","inLanguage":"de","@id":"https:\/\/www.groods.de\/index.php\/produkt\/nano-blocks-190-pcs-superman\/#primaryimage","url":"https:\/\/www.groods.de\/wp-content\/uploads\/2020\/03\/Nano-Blocks-190-pcs-Superman-2.jpg","contentUrl":"https:\/\/www.groods.de\/wp-content\/uploads\/2020\/03\/Nano-Blocks-190-pcs-Superman-2.jpg","width":800,"height":800},{"@type":"BreadcrumbList","@id":"https:\/\/www.groods.de\/index.php\/produkt\/nano-blocks-190-pcs-superman\/#breadcrumb","itemListElement":[{"@type":"ListItem","position":1,"name":"Startseite","item":"https:\/\/www.groods.de\/"},{"@type":"ListItem","position":2,"name":"Shop","item":"https:\/\/www.groods.de\/index.php\/shop\/"},{"@type":"ListItem","position":3,"name":"Nano Blocks 190 pcs &#8211; Superman"}]},{"@type":"WebSite","@id":"https:\/\/www.groods.de\/#website","url":"https:\/\/www.groods.de\/","name":"gRoods.de","description":"Entdecke die Welt der Speedcubes","publisher":{"@id":"https:\/\/www.groods.de\/#organization"},"potentialAction":[{"@type":"SearchAction","target":{"@type":"EntryPoint","urlTemplate":"https:\/\/www.groods.de\/?s={search_term_string}"},"query-input":{"@type":"PropertyValueSpecification","valueRequired":true,"valueName":"search_term_string"}}],"inLanguage":"de"},{"@type":"Organization","@id":"https:\/\/www.groods.de\/#organization","name":"gRoods.de","url":"https:\/\/www.groods.de\/","logo":{"@type":"ImageObject","inLanguage":"de","@id":"https:\/\/www.groods.de\/#\/schema\/logo\/image\/","url":"https:\/\/www.groods.de\/wp-content\/uploads\/2018\/08\/logo.png","contentUrl":"https:\/\/www.groods.de\/wp-content\/uploads\/2018\/08\/logo.png","width":1077,"height":373,"caption":"gRoods.de"},"image":{"@id":"https:\/\/www.groods.de\/#\/schema\/logo\/image\/"}}]}},"_links":{"self":[{"href":"https:\/\/www.groods.de\/index.php\/wp-json\/wp\/v2\/product\/6376","targetHints":{"allow":["GET"]}}],"collection":[{"href":"https:\/\/www.groods.de\/index.php\/wp-json\/wp\/v2\/product"}],"about":[{"href":"https:\/\/www.groods.de\/index.php\/wp-json\/wp\/v2\/types\/product"}],"replies":[{"embeddable":true,"href":"https:\/\/www.groods.de\/index.php\/wp-json\/wp\/v2\/comments?post=6376"}],"wp:featuredmedia":[{"embeddable":true,"href":"https:\/\/www.groods.de\/index.php\/wp-json\/wp\/v2\/media\/6406"}],"wp:attachment":[{"href":"https:\/\/www.groods.de\/index.php\/wp-json\/wp\/v2\/media?parent=6376"}],"wp:term":[{"taxonomy":"product_brand","embeddable":true,"href":"https:\/\/www.groods.de\/index.php\/wp-json\/wp\/v2\/product_brand?post=6376"},{"taxonomy":"product_cat","embeddable":true,"href":"https:\/\/www.groods.de\/index.php\/wp-json\/wp\/v2\/product_cat?post=6376"},{"taxonomy":"product_tag","embeddable":true,"href":"https:\/\/www.groods.de\/index.php\/wp-json\/wp\/v2\/product_tag?post=6376"}],"curies":[{"name":"wp","href":"https:\/\/api.w.org\/{rel}","templated":true}]}}