{"id":607,"date":"2018-10-03T17:18:55","date_gmt":"2018-10-03T15:18:55","guid":{"rendered":"https:\/\/www.groods.de\/?post_type=product&#038;p=607"},"modified":"2025-11-19T22:12:26","modified_gmt":"2025-11-19T21:12:26","slug":"moyu-sq1-square-1-stickerless-3x3","status":"publish","type":"product","link":"https:\/\/www.groods.de\/index.php\/produkt\/moyu-sq1-square-1-stickerless-3x3\/","title":{"rendered":"MoYu SQ1 \/ Square-1 Stickerless 3&#215;3"},"content":{"rendered":"<h1><strong data-spm-anchor-id=\"a2g0x.10010108.1000023.i0.3d0af4b4DKar3l\">MoYu SQ1 Stickerless 3&#215;3 Magic Cube Puzzle\u00a0<\/strong><\/h1>\n<p>Das Back to Square One (auch Square One oder Cube 21) ist ein w\u00fcrfelf\u00f6rmiges Geduldsspiel. Durch die Art, wie es zusammengesetzt ist, \u00e4ndert es durch Verdrehungen seine Gestalt und ist dann nicht mehr w\u00fcrfelf\u00f6rmig. Das Ziel des Spiels ist es, das Spiel aus einer beliebigen Form zur\u00fcck in den w\u00fcrfelf\u00f6rmigen Zustand zu bringen und dabei alle Farben auf die richtigen Positionen zu sortieren.<\/p>\n<h3><span id=\"Aufbau_und_Erscheinung\" class=\"mw-headline\">Aufbau und Erscheinung<\/span><\/h3>\n<p>Das Square One, bestehend aus drei Schichten, verf\u00fcgt \u00fcber einen erstaunlich einfachen Aufbau. Die obere und untere Schicht bestehen jeweils aus vier Prismen mit einem gleichschenkligen Dreieck als Grundseite \u2013 den Kantensteinen \u2013 und vier deltoiden Prismen \u2013 den Ecksteinen. Die Mittelschicht besteht aus zwei trapezoiden Prismen, die zusammen ein quadratisches Prisma formen. Die Eck- und Kantensteine k\u00f6nnen einfach in die 2 Schienen der Mittelschicht eingehakelt werden. Sobald \u00fcber der Grenze der 2 Mittelsteinen sich kein Stein, sondern ebenfalls eine L\u00fccke zwischen 2 Steinen befindet kann man die linke oder rechte Seite um 180\u00b0 drehen. Man kann die Seiten auch um weniger oder mehr als 180\u00b0 drehen, allerdings kann man dann anschlie\u00dfend weder die obere noch die mittlere oder die untere Schicht drehen. Aus der Position des Square One im ersten Bild dieses Artikels l\u00e4sst sich also keine horizontale Ebene drehen.<\/p>\n<p>Durch die Mechanik ist es m\u00f6glich, das Geduldsspiel in jede Richtung zu drehen, die die Teile erlauben. Durch diesen Aufbau und die Mechanik ist es m\u00f6glich, dass der W\u00fcrfel seine Gestalt \u00e4ndert und nicht mehr w\u00fcrfelf\u00f6rmig ist.<\/p>\n<p>Zus\u00e4tzlich hat jede Seite im gel\u00f6sten Zustand, \u00e4hnlich dem RBK&#8217;s Cube, eine eigene Farbe.<\/p>\n<h3>L\u00f6sungsstrategie<\/h3>\n<p>Es existieren verschiedene L\u00f6sungsans\u00e4tze f\u00fcr das Square One. Einer ist es, das Puzzle zuerst w\u00fcrfelf\u00f6rmig zu machen und anschlie\u00dfend ihn farblich korrekt zu sortieren. Ein anderer Ansatz ist die Schicht-f\u00fcr-Schicht-Methode, bei der man von oben nach unten alle Schichten in den gel\u00f6sten Zustand \u00fcberf\u00fchrt.<\/p>\n<p>Das Problem beim L\u00f6sen des Square One ist es, dass Algorithmen m\u00f6glicherweise in einem Zustand des Knobelspieles gar nicht ausf\u00fchrbar sind, da sich durch die Verdrehungen die m\u00f6glichen Drehachsen \u00e4ndern.<\/p>\n<p>Da der Square One auch bei offiziellen Speedcubing-Wettbewerben gel\u00f6st wird \u2013 offiziell, das hei\u00dft von der World Cube Association, kurz WCA, veranstaltet \u2013 existiert auch ein offizieller Weltrekord, dieser betr\u00e4gt 5,49 Sekunden, aufgestellt von Daniel Karnaukh bei CubingUSA Nationals 2018.<\/p>\n<h3><strong data-spm-anchor-id=\"a2g0x.10010108.1000023.i0.3d0af4b4DKar3l\">Eigenschaften:<\/strong><\/h3>\n<ul>\n<li>MoYu SQ1 Stickerless 3&#215;3 Magic Cube<\/li>\n<li>glatte und schnelle Oberfl\u00e4che<\/li>\n<li class=\"md-end-block\">neu und Originalverpackt<\/li>\n<li class=\"md-end-block\">aus hochwertigem ABS Material, das umweltfreundlich, ungiftig und langlebig ist<\/li>\n<li class=\"md-end-block\">einfarbig im stickerless Design<\/li>\n<li class=\"md-end-block\">geschmeidige Rotation und komfortables Spielgef\u00fchl<\/li>\n<li class=\"md-end-block\">ausgezeichnete Fehlertoleranz f\u00fcr besonders schnelle Zeiten<\/li>\n<li>Viele Stunden Spa\u00df und Kopfzerbrechen mit Freunden und Familie sind garantiert<\/li>\n<\/ul>\n<h3>Spezifikationen:<\/h3>\n<ul>\n<li>Farbe: stickerless<\/li>\n<li>Material: Kunststoff<\/li>\n<li>Produkt Abmessungen: 5,6 x\u00a0<span class=\"\">5,6 x\u00a0<\/span>5,6 cm<\/li>\n<li>Produkt Gewicht: 84g<\/li>\n<li>Verpackung: Karton Box<\/li>\n<\/ul>\n","protected":false},"excerpt":{"rendered":"<p>MoYu SQ1 Stickerless 3&#215;3 Magic Cube Puzzle\u00a0 Das Back to Square One (auch Square One oder Cube 21) ist ein w\u00fcrfelf\u00f6rmiges Geduldsspiel. Durch die Art, wie es zusammengesetzt ist, \u00e4ndert es durch Verdrehungen seine Gestalt und ist dann nicht mehr w\u00fcrfelf\u00f6rmig. Das Ziel des Spiels ist es, das Spiel aus einer beliebigen Form zur\u00fcck in [&hellip;]<\/p>\n","protected":false},"featured_media":608,"comment_status":"open","ping_status":"closed","template":"","meta":[],"product_brand":[],"product_cat":[45,38,104],"product_tag":[],"class_list":{"0":"post-607","1":"product","2":"type-product","3":"status-publish","4":"has-post-thumbnail","6":"product_cat-andere-formen","7":"product_cat-moyu","8":"product_cat-sq1","10":"first","11":"instock","12":"taxable","13":"shipping-taxable","14":"purchasable","15":"product-type-simple"},"yoast_head":"<!-- This site is optimized with the Yoast SEO plugin v26.7 - https:\/\/yoast.com\/wordpress\/plugins\/seo\/ -->\n<title>MoYu SQ1 \/ Square-1 Stickerless 3x3 - gRoods<\/title>\n<meta name=\"robots\" content=\"index, follow, max-snippet:-1, max-image-preview:large, max-video-preview:-1\" \/>\n<link rel=\"canonical\" href=\"https:\/\/www.groods.de\/index.php\/produkt\/moyu-sq1-square-1-stickerless-3x3\/\" \/>\n<meta property=\"og:locale\" content=\"de_DE\" \/>\n<meta property=\"og:type\" content=\"article\" \/>\n<meta property=\"og:title\" content=\"MoYu SQ1 \/ Square-1 Stickerless 3x3 - gRoods\" \/>\n<meta property=\"og:description\" content=\"MoYu SQ1 Stickerless 3&#215;3 Magic Cube Puzzle\u00a0 Das Back to Square One (auch Square One oder Cube 21) ist ein w\u00fcrfelf\u00f6rmiges Geduldsspiel. Durch die Art, wie es zusammengesetzt ist, \u00e4ndert es durch Verdrehungen seine Gestalt und ist dann nicht mehr w\u00fcrfelf\u00f6rmig. Das Ziel des Spiels ist es, das Spiel aus einer beliebigen Form zur\u00fcck in [&hellip;]\" \/>\n<meta property=\"og:url\" content=\"https:\/\/www.groods.de\/index.php\/produkt\/moyu-sq1-square-1-stickerless-3x3\/\" \/>\n<meta property=\"og:site_name\" content=\"gRoods\" \/>\n<meta property=\"article:modified_time\" content=\"2025-11-19T21:12:26+00:00\" \/>\n<meta property=\"og:image\" content=\"https:\/\/www.groods.de\/wp-content\/uploads\/2018\/10\/MoYu-SQ1_8_1024.jpg\" \/>\n\t<meta property=\"og:image:width\" content=\"1024\" \/>\n\t<meta property=\"og:image:height\" content=\"1024\" \/>\n\t<meta property=\"og:image:type\" content=\"image\/jpeg\" \/>\n<meta name=\"twitter:card\" content=\"summary_large_image\" \/>\n<meta name=\"twitter:label1\" content=\"Gesch\u00e4tzte Lesezeit\" \/>\n\t<meta name=\"twitter:data1\" content=\"3\u00a0Minuten\" \/>\n<script type=\"application\/ld+json\" class=\"yoast-schema-graph\">{\"@context\":\"https:\/\/schema.org\",\"@graph\":[{\"@type\":\"WebPage\",\"@id\":\"https:\/\/www.groods.de\/index.php\/produkt\/moyu-sq1-square-1-stickerless-3x3\/\",\"url\":\"https:\/\/www.groods.de\/index.php\/produkt\/moyu-sq1-square-1-stickerless-3x3\/\",\"name\":\"MoYu SQ1 \/ Square-1 Stickerless 3x3 - gRoods\",\"isPartOf\":{\"@id\":\"https:\/\/www.groods.de\/#website\"},\"primaryImageOfPage\":{\"@id\":\"https:\/\/www.groods.de\/index.php\/produkt\/moyu-sq1-square-1-stickerless-3x3\/#primaryimage\"},\"image\":{\"@id\":\"https:\/\/www.groods.de\/index.php\/produkt\/moyu-sq1-square-1-stickerless-3x3\/#primaryimage\"},\"thumbnailUrl\":\"https:\/\/www.groods.de\/wp-content\/uploads\/2018\/10\/MoYu-SQ1_8_1024.jpg\",\"datePublished\":\"2018-10-03T15:18:55+00:00\",\"dateModified\":\"2025-11-19T21:12:26+00:00\",\"breadcrumb\":{\"@id\":\"https:\/\/www.groods.de\/index.php\/produkt\/moyu-sq1-square-1-stickerless-3x3\/#breadcrumb\"},\"inLanguage\":\"de\",\"potentialAction\":[{\"@type\":\"ReadAction\",\"target\":[\"https:\/\/www.groods.de\/index.php\/produkt\/moyu-sq1-square-1-stickerless-3x3\/\"]}]},{\"@type\":\"ImageObject\",\"inLanguage\":\"de\",\"@id\":\"https:\/\/www.groods.de\/index.php\/produkt\/moyu-sq1-square-1-stickerless-3x3\/#primaryimage\",\"url\":\"https:\/\/www.groods.de\/wp-content\/uploads\/2018\/10\/MoYu-SQ1_8_1024.jpg\",\"contentUrl\":\"https:\/\/www.groods.de\/wp-content\/uploads\/2018\/10\/MoYu-SQ1_8_1024.jpg\",\"width\":1024,\"height\":1024},{\"@type\":\"BreadcrumbList\",\"@id\":\"https:\/\/www.groods.de\/index.php\/produkt\/moyu-sq1-square-1-stickerless-3x3\/#breadcrumb\",\"itemListElement\":[{\"@type\":\"ListItem\",\"position\":1,\"name\":\"Startseite\",\"item\":\"https:\/\/www.groods.de\/\"},{\"@type\":\"ListItem\",\"position\":2,\"name\":\"Shop\",\"item\":\"https:\/\/www.groods.de\/index.php\/shop\/\"},{\"@type\":\"ListItem\",\"position\":3,\"name\":\"MoYu SQ1 \/ Square-1 Stickerless 3&#215;3\"}]},{\"@type\":\"WebSite\",\"@id\":\"https:\/\/www.groods.de\/#website\",\"url\":\"https:\/\/www.groods.de\/\",\"name\":\"gRoods.de\",\"description\":\"Entdecke die Welt der Speedcubes\",\"publisher\":{\"@id\":\"https:\/\/www.groods.de\/#organization\"},\"potentialAction\":[{\"@type\":\"SearchAction\",\"target\":{\"@type\":\"EntryPoint\",\"urlTemplate\":\"https:\/\/www.groods.de\/?s={search_term_string}\"},\"query-input\":{\"@type\":\"PropertyValueSpecification\",\"valueRequired\":true,\"valueName\":\"search_term_string\"}}],\"inLanguage\":\"de\"},{\"@type\":\"Organization\",\"@id\":\"https:\/\/www.groods.de\/#organization\",\"name\":\"gRoods.de\",\"url\":\"https:\/\/www.groods.de\/\",\"logo\":{\"@type\":\"ImageObject\",\"inLanguage\":\"de\",\"@id\":\"https:\/\/www.groods.de\/#\/schema\/logo\/image\/\",\"url\":\"https:\/\/www.groods.de\/wp-content\/uploads\/2018\/08\/logo.png\",\"contentUrl\":\"https:\/\/www.groods.de\/wp-content\/uploads\/2018\/08\/logo.png\",\"width\":1077,\"height\":373,\"caption\":\"gRoods.de\"},\"image\":{\"@id\":\"https:\/\/www.groods.de\/#\/schema\/logo\/image\/\"}}]}<\/script>\n<!-- \/ Yoast SEO plugin. -->","yoast_head_json":{"title":"MoYu SQ1 \/ Square-1 Stickerless 3x3 - gRoods","robots":{"index":"index","follow":"follow","max-snippet":"max-snippet:-1","max-image-preview":"max-image-preview:large","max-video-preview":"max-video-preview:-1"},"canonical":"https:\/\/www.groods.de\/index.php\/produkt\/moyu-sq1-square-1-stickerless-3x3\/","og_locale":"de_DE","og_type":"article","og_title":"MoYu SQ1 \/ Square-1 Stickerless 3x3 - gRoods","og_description":"MoYu SQ1 Stickerless 3&#215;3 Magic Cube Puzzle\u00a0 Das Back to Square One (auch Square One oder Cube 21) ist ein w\u00fcrfelf\u00f6rmiges Geduldsspiel. Durch die Art, wie es zusammengesetzt ist, \u00e4ndert es durch Verdrehungen seine Gestalt und ist dann nicht mehr w\u00fcrfelf\u00f6rmig. Das Ziel des Spiels ist es, das Spiel aus einer beliebigen Form zur\u00fcck in [&hellip;]","og_url":"https:\/\/www.groods.de\/index.php\/produkt\/moyu-sq1-square-1-stickerless-3x3\/","og_site_name":"gRoods","article_modified_time":"2025-11-19T21:12:26+00:00","og_image":[{"width":1024,"height":1024,"url":"https:\/\/www.groods.de\/wp-content\/uploads\/2018\/10\/MoYu-SQ1_8_1024.jpg","type":"image\/jpeg"}],"twitter_card":"summary_large_image","twitter_misc":{"Gesch\u00e4tzte Lesezeit":"3\u00a0Minuten"},"schema":{"@context":"https:\/\/schema.org","@graph":[{"@type":"WebPage","@id":"https:\/\/www.groods.de\/index.php\/produkt\/moyu-sq1-square-1-stickerless-3x3\/","url":"https:\/\/www.groods.de\/index.php\/produkt\/moyu-sq1-square-1-stickerless-3x3\/","name":"MoYu SQ1 \/ Square-1 Stickerless 3x3 - gRoods","isPartOf":{"@id":"https:\/\/www.groods.de\/#website"},"primaryImageOfPage":{"@id":"https:\/\/www.groods.de\/index.php\/produkt\/moyu-sq1-square-1-stickerless-3x3\/#primaryimage"},"image":{"@id":"https:\/\/www.groods.de\/index.php\/produkt\/moyu-sq1-square-1-stickerless-3x3\/#primaryimage"},"thumbnailUrl":"https:\/\/www.groods.de\/wp-content\/uploads\/2018\/10\/MoYu-SQ1_8_1024.jpg","datePublished":"2018-10-03T15:18:55+00:00","dateModified":"2025-11-19T21:12:26+00:00","breadcrumb":{"@id":"https:\/\/www.groods.de\/index.php\/produkt\/moyu-sq1-square-1-stickerless-3x3\/#breadcrumb"},"inLanguage":"de","potentialAction":[{"@type":"ReadAction","target":["https:\/\/www.groods.de\/index.php\/produkt\/moyu-sq1-square-1-stickerless-3x3\/"]}]},{"@type":"ImageObject","inLanguage":"de","@id":"https:\/\/www.groods.de\/index.php\/produkt\/moyu-sq1-square-1-stickerless-3x3\/#primaryimage","url":"https:\/\/www.groods.de\/wp-content\/uploads\/2018\/10\/MoYu-SQ1_8_1024.jpg","contentUrl":"https:\/\/www.groods.de\/wp-content\/uploads\/2018\/10\/MoYu-SQ1_8_1024.jpg","width":1024,"height":1024},{"@type":"BreadcrumbList","@id":"https:\/\/www.groods.de\/index.php\/produkt\/moyu-sq1-square-1-stickerless-3x3\/#breadcrumb","itemListElement":[{"@type":"ListItem","position":1,"name":"Startseite","item":"https:\/\/www.groods.de\/"},{"@type":"ListItem","position":2,"name":"Shop","item":"https:\/\/www.groods.de\/index.php\/shop\/"},{"@type":"ListItem","position":3,"name":"MoYu SQ1 \/ Square-1 Stickerless 3&#215;3"}]},{"@type":"WebSite","@id":"https:\/\/www.groods.de\/#website","url":"https:\/\/www.groods.de\/","name":"gRoods.de","description":"Entdecke die Welt der Speedcubes","publisher":{"@id":"https:\/\/www.groods.de\/#organization"},"potentialAction":[{"@type":"SearchAction","target":{"@type":"EntryPoint","urlTemplate":"https:\/\/www.groods.de\/?s={search_term_string}"},"query-input":{"@type":"PropertyValueSpecification","valueRequired":true,"valueName":"search_term_string"}}],"inLanguage":"de"},{"@type":"Organization","@id":"https:\/\/www.groods.de\/#organization","name":"gRoods.de","url":"https:\/\/www.groods.de\/","logo":{"@type":"ImageObject","inLanguage":"de","@id":"https:\/\/www.groods.de\/#\/schema\/logo\/image\/","url":"https:\/\/www.groods.de\/wp-content\/uploads\/2018\/08\/logo.png","contentUrl":"https:\/\/www.groods.de\/wp-content\/uploads\/2018\/08\/logo.png","width":1077,"height":373,"caption":"gRoods.de"},"image":{"@id":"https:\/\/www.groods.de\/#\/schema\/logo\/image\/"}}]}},"_links":{"self":[{"href":"https:\/\/www.groods.de\/index.php\/wp-json\/wp\/v2\/product\/607","targetHints":{"allow":["GET"]}}],"collection":[{"href":"https:\/\/www.groods.de\/index.php\/wp-json\/wp\/v2\/product"}],"about":[{"href":"https:\/\/www.groods.de\/index.php\/wp-json\/wp\/v2\/types\/product"}],"replies":[{"embeddable":true,"href":"https:\/\/www.groods.de\/index.php\/wp-json\/wp\/v2\/comments?post=607"}],"wp:featuredmedia":[{"embeddable":true,"href":"https:\/\/www.groods.de\/index.php\/wp-json\/wp\/v2\/media\/608"}],"wp:attachment":[{"href":"https:\/\/www.groods.de\/index.php\/wp-json\/wp\/v2\/media?parent=607"}],"wp:term":[{"taxonomy":"product_brand","embeddable":true,"href":"https:\/\/www.groods.de\/index.php\/wp-json\/wp\/v2\/product_brand?post=607"},{"taxonomy":"product_cat","embeddable":true,"href":"https:\/\/www.groods.de\/index.php\/wp-json\/wp\/v2\/product_cat?post=607"},{"taxonomy":"product_tag","embeddable":true,"href":"https:\/\/www.groods.de\/index.php\/wp-json\/wp\/v2\/product_tag?post=607"}],"curies":[{"name":"wp","href":"https:\/\/api.w.org\/{rel}","templated":true}]}}