{"id":6056,"date":"2020-02-18T19:56:32","date_gmt":"2020-02-18T18:56:32","guid":{"rendered":"https:\/\/www.groods.de\/index.php\/produkt\/magnetisches-konstruktionsset-36-stangen-27-kugeln-silber\/"},"modified":"2026-01-12T23:02:08","modified_gmt":"2026-01-12T22:02:08","slug":"magnetisches-konstruktionsset-36-stangen-27-kugeln-silber","status":"publish","type":"product","link":"https:\/\/www.groods.de\/index.php\/produkt\/magnetisches-konstruktionsset-36-stangen-27-kugeln-silber\/","title":{"rendered":"Magnetisches Konstruktionsset (36 Stangen, 27 Kugeln) &#8211; silber"},"content":{"rendered":"<h1>Magnetisches Konstruktionsset (36 Stangen, 27 Kugeln) &#8211; silber<\/h1>\n<p>Mit diesem genialen Spielzeug kann man seiner Kreativit\u00e4t freien lauf lassen. Die Magnete lassen sich zu unendlich vielen verschiedenen Figuren zusammenbauen.\u00a0Nicht nur lenkt es Kinder perfekt vom Smartphone ab, es f\u00f6rdert gleichzeitig auch noch wichtige F\u00e4higkeiten. So verbessert sich der Fokus durch das konzentrierte spielen mit den Magneten. Au\u00dferdem verbessert es das r\u00e4umliche Denken und das mathematische Verst\u00e4ndnis spielerisch!<\/p>\n<p>Geeignet ist das Set aus magnetischen Stangen und den silbernen B\u00e4llen f\u00fcr Kinder ab 8 Jahren. Aber auch \u00e4ltere Kinder und Erwachsene finden in dem Set aus Metallkugeln und magnetischen St\u00e4bchen ein neues Hobby. Erfahrene Spieler bringen mit den kleinen Magneten echte Kunstwerke hervor. Auf Youtube sehen Sie was alles m\u00f6glich ist!<\/p>\n<p>Bei den einzelnen Magnetst\u00e4ben handelt es sich um bipolare Dauermagneten. Das hei\u00dft, jeder Stab hat einen magnetischen Nord- und S\u00fcdpol. Dadurch ist es m\u00f6glich, unterschiedlichste Formen und Strukturen zu bilden, die aufgrund der magnetischen Wechselwirkungen stabil bleiben und mechanischen Deformationen durch \u00e4u\u00dferliche Einwirkungen standhalten.<\/p>\n<h3><span id=\"Sicherheitshinweise\" class=\"mw-headline\">Sicherheitshinweise<\/span><\/h3>\n<p>Beim Verschlucken mehrerer Stangen oder Kugeln besteht die Gefahr von schweren Verletzungen im inneren Bauch- und Darmbereich. <strong>Falls Teile verschluckt werden sollten, wird eine sofortige medizinische Behandlung empfohlen.<\/strong><\/p>\n<h3>Eigenschaften<\/h3>\n<ul>\n<li>3D Magnetspielzeug<\/li>\n<li>36 Stangen und 27 Kugeln<\/li>\n<li>Farbe: silber<\/li>\n<li>Produktverpackung: Alu Box<\/li>\n<li>Stangengr\u00f6\u00dfe: Durchmesser 4 mm L\u00e4nge 24 mm<\/li>\n<li>Kugelgr\u00f6\u00dfe: Durchmesser 8mm<\/li>\n<li>Zertifikat\uff1a CE,CCC,EN71<\/li>\n<\/ul>\n","protected":false},"excerpt":{"rendered":"<p>Magnetisches Konstruktionsset (36 Stangen, 27 Kugeln) &#8211; silber Mit diesem genialen Spielzeug kann man seiner Kreativit\u00e4t freien lauf lassen. Die Magnete lassen sich zu unendlich vielen verschiedenen Figuren zusammenbauen.\u00a0Nicht nur lenkt es Kinder perfekt vom Smartphone ab, es f\u00f6rdert gleichzeitig auch noch wichtige F\u00e4higkeiten. So verbessert sich der Fokus durch das konzentrierte spielen mit den [&hellip;]<\/p>\n","protected":false},"featured_media":6309,"comment_status":"open","ping_status":"closed","template":"","meta":[],"product_brand":[],"product_cat":[92,86],"product_tag":[],"class_list":{"0":"post-6056","1":"product","2":"type-product","3":"status-publish","4":"has-post-thumbnail","6":"product_cat-neocube","7":"product_cat-neue-produkte","9":"first","10":"instock","11":"taxable","12":"shipping-taxable","13":"purchasable","14":"product-type-simple"},"yoast_head":"<!-- This site is optimized with the Yoast SEO plugin v26.7 - https:\/\/yoast.com\/wordpress\/plugins\/seo\/ -->\n<title>Magnetisches Konstruktionsset (36 Stangen, 27 Kugeln) - silber - gRoods<\/title>\n<meta name=\"robots\" content=\"index, follow, max-snippet:-1, max-image-preview:large, max-video-preview:-1\" \/>\n<link rel=\"canonical\" href=\"https:\/\/www.groods.de\/index.php\/produkt\/magnetisches-konstruktionsset-36-stangen-27-kugeln-silber\/\" \/>\n<meta property=\"og:locale\" content=\"de_DE\" \/>\n<meta property=\"og:type\" content=\"article\" \/>\n<meta property=\"og:title\" content=\"Magnetisches Konstruktionsset (36 Stangen, 27 Kugeln) - silber - gRoods\" \/>\n<meta property=\"og:description\" content=\"Magnetisches Konstruktionsset (36 Stangen, 27 Kugeln) &#8211; silber Mit diesem genialen Spielzeug kann man seiner Kreativit\u00e4t freien lauf lassen. Die Magnete lassen sich zu unendlich vielen verschiedenen Figuren zusammenbauen.\u00a0Nicht nur lenkt es Kinder perfekt vom Smartphone ab, es f\u00f6rdert gleichzeitig auch noch wichtige F\u00e4higkeiten. So verbessert sich der Fokus durch das konzentrierte spielen mit den [&hellip;]\" \/>\n<meta property=\"og:url\" content=\"https:\/\/www.groods.de\/index.php\/produkt\/magnetisches-konstruktionsset-36-stangen-27-kugeln-silber\/\" \/>\n<meta property=\"og:site_name\" content=\"gRoods\" \/>\n<meta property=\"article:modified_time\" content=\"2026-01-12T22:02:08+00:00\" \/>\n<meta property=\"og:image\" content=\"https:\/\/www.groods.de\/wp-content\/uploads\/2020\/02\/Magnetisches-Konstruktionsset-36-Stangen-27-Kugeln-silber-3.jpg\" \/>\n\t<meta property=\"og:image:width\" content=\"1200\" \/>\n\t<meta property=\"og:image:height\" content=\"1200\" \/>\n\t<meta property=\"og:image:type\" content=\"image\/jpeg\" \/>\n<meta name=\"twitter:card\" content=\"summary_large_image\" \/>\n<meta name=\"twitter:label1\" content=\"Gesch\u00e4tzte Lesezeit\" \/>\n\t<meta name=\"twitter:data1\" content=\"2\u00a0Minuten\" \/>\n<script type=\"application\/ld+json\" class=\"yoast-schema-graph\">{\"@context\":\"https:\/\/schema.org\",\"@graph\":[{\"@type\":\"WebPage\",\"@id\":\"https:\/\/www.groods.de\/index.php\/produkt\/magnetisches-konstruktionsset-36-stangen-27-kugeln-silber\/\",\"url\":\"https:\/\/www.groods.de\/index.php\/produkt\/magnetisches-konstruktionsset-36-stangen-27-kugeln-silber\/\",\"name\":\"Magnetisches Konstruktionsset (36 Stangen, 27 Kugeln) - silber - gRoods\",\"isPartOf\":{\"@id\":\"https:\/\/www.groods.de\/#website\"},\"primaryImageOfPage\":{\"@id\":\"https:\/\/www.groods.de\/index.php\/produkt\/magnetisches-konstruktionsset-36-stangen-27-kugeln-silber\/#primaryimage\"},\"image\":{\"@id\":\"https:\/\/www.groods.de\/index.php\/produkt\/magnetisches-konstruktionsset-36-stangen-27-kugeln-silber\/#primaryimage\"},\"thumbnailUrl\":\"https:\/\/www.groods.de\/wp-content\/uploads\/2020\/02\/Magnetisches-Konstruktionsset-36-Stangen-27-Kugeln-silber-3.jpg\",\"datePublished\":\"2020-02-18T18:56:32+00:00\",\"dateModified\":\"2026-01-12T22:02:08+00:00\",\"breadcrumb\":{\"@id\":\"https:\/\/www.groods.de\/index.php\/produkt\/magnetisches-konstruktionsset-36-stangen-27-kugeln-silber\/#breadcrumb\"},\"inLanguage\":\"de\",\"potentialAction\":[{\"@type\":\"ReadAction\",\"target\":[\"https:\/\/www.groods.de\/index.php\/produkt\/magnetisches-konstruktionsset-36-stangen-27-kugeln-silber\/\"]}]},{\"@type\":\"ImageObject\",\"inLanguage\":\"de\",\"@id\":\"https:\/\/www.groods.de\/index.php\/produkt\/magnetisches-konstruktionsset-36-stangen-27-kugeln-silber\/#primaryimage\",\"url\":\"https:\/\/www.groods.de\/wp-content\/uploads\/2020\/02\/Magnetisches-Konstruktionsset-36-Stangen-27-Kugeln-silber-3.jpg\",\"contentUrl\":\"https:\/\/www.groods.de\/wp-content\/uploads\/2020\/02\/Magnetisches-Konstruktionsset-36-Stangen-27-Kugeln-silber-3.jpg\",\"width\":1200,\"height\":1200},{\"@type\":\"BreadcrumbList\",\"@id\":\"https:\/\/www.groods.de\/index.php\/produkt\/magnetisches-konstruktionsset-36-stangen-27-kugeln-silber\/#breadcrumb\",\"itemListElement\":[{\"@type\":\"ListItem\",\"position\":1,\"name\":\"Startseite\",\"item\":\"https:\/\/www.groods.de\/\"},{\"@type\":\"ListItem\",\"position\":2,\"name\":\"Shop\",\"item\":\"https:\/\/www.groods.de\/index.php\/shop\/\"},{\"@type\":\"ListItem\",\"position\":3,\"name\":\"Magnetisches Konstruktionsset (36 Stangen, 27 Kugeln) &#8211; silber\"}]},{\"@type\":\"WebSite\",\"@id\":\"https:\/\/www.groods.de\/#website\",\"url\":\"https:\/\/www.groods.de\/\",\"name\":\"gRoods.de\",\"description\":\"Entdecke die Welt der Speedcubes\",\"publisher\":{\"@id\":\"https:\/\/www.groods.de\/#organization\"},\"potentialAction\":[{\"@type\":\"SearchAction\",\"target\":{\"@type\":\"EntryPoint\",\"urlTemplate\":\"https:\/\/www.groods.de\/?s={search_term_string}\"},\"query-input\":{\"@type\":\"PropertyValueSpecification\",\"valueRequired\":true,\"valueName\":\"search_term_string\"}}],\"inLanguage\":\"de\"},{\"@type\":\"Organization\",\"@id\":\"https:\/\/www.groods.de\/#organization\",\"name\":\"gRoods.de\",\"url\":\"https:\/\/www.groods.de\/\",\"logo\":{\"@type\":\"ImageObject\",\"inLanguage\":\"de\",\"@id\":\"https:\/\/www.groods.de\/#\/schema\/logo\/image\/\",\"url\":\"https:\/\/www.groods.de\/wp-content\/uploads\/2018\/08\/logo.png\",\"contentUrl\":\"https:\/\/www.groods.de\/wp-content\/uploads\/2018\/08\/logo.png\",\"width\":1077,\"height\":373,\"caption\":\"gRoods.de\"},\"image\":{\"@id\":\"https:\/\/www.groods.de\/#\/schema\/logo\/image\/\"}}]}<\/script>\n<!-- \/ Yoast SEO plugin. -->","yoast_head_json":{"title":"Magnetisches Konstruktionsset (36 Stangen, 27 Kugeln) - silber - gRoods","robots":{"index":"index","follow":"follow","max-snippet":"max-snippet:-1","max-image-preview":"max-image-preview:large","max-video-preview":"max-video-preview:-1"},"canonical":"https:\/\/www.groods.de\/index.php\/produkt\/magnetisches-konstruktionsset-36-stangen-27-kugeln-silber\/","og_locale":"de_DE","og_type":"article","og_title":"Magnetisches Konstruktionsset (36 Stangen, 27 Kugeln) - silber - gRoods","og_description":"Magnetisches Konstruktionsset (36 Stangen, 27 Kugeln) &#8211; silber Mit diesem genialen Spielzeug kann man seiner Kreativit\u00e4t freien lauf lassen. Die Magnete lassen sich zu unendlich vielen verschiedenen Figuren zusammenbauen.\u00a0Nicht nur lenkt es Kinder perfekt vom Smartphone ab, es f\u00f6rdert gleichzeitig auch noch wichtige F\u00e4higkeiten. So verbessert sich der Fokus durch das konzentrierte spielen mit den [&hellip;]","og_url":"https:\/\/www.groods.de\/index.php\/produkt\/magnetisches-konstruktionsset-36-stangen-27-kugeln-silber\/","og_site_name":"gRoods","article_modified_time":"2026-01-12T22:02:08+00:00","og_image":[{"width":1200,"height":1200,"url":"https:\/\/www.groods.de\/wp-content\/uploads\/2020\/02\/Magnetisches-Konstruktionsset-36-Stangen-27-Kugeln-silber-3.jpg","type":"image\/jpeg"}],"twitter_card":"summary_large_image","twitter_misc":{"Gesch\u00e4tzte Lesezeit":"2\u00a0Minuten"},"schema":{"@context":"https:\/\/schema.org","@graph":[{"@type":"WebPage","@id":"https:\/\/www.groods.de\/index.php\/produkt\/magnetisches-konstruktionsset-36-stangen-27-kugeln-silber\/","url":"https:\/\/www.groods.de\/index.php\/produkt\/magnetisches-konstruktionsset-36-stangen-27-kugeln-silber\/","name":"Magnetisches Konstruktionsset (36 Stangen, 27 Kugeln) - silber - gRoods","isPartOf":{"@id":"https:\/\/www.groods.de\/#website"},"primaryImageOfPage":{"@id":"https:\/\/www.groods.de\/index.php\/produkt\/magnetisches-konstruktionsset-36-stangen-27-kugeln-silber\/#primaryimage"},"image":{"@id":"https:\/\/www.groods.de\/index.php\/produkt\/magnetisches-konstruktionsset-36-stangen-27-kugeln-silber\/#primaryimage"},"thumbnailUrl":"https:\/\/www.groods.de\/wp-content\/uploads\/2020\/02\/Magnetisches-Konstruktionsset-36-Stangen-27-Kugeln-silber-3.jpg","datePublished":"2020-02-18T18:56:32+00:00","dateModified":"2026-01-12T22:02:08+00:00","breadcrumb":{"@id":"https:\/\/www.groods.de\/index.php\/produkt\/magnetisches-konstruktionsset-36-stangen-27-kugeln-silber\/#breadcrumb"},"inLanguage":"de","potentialAction":[{"@type":"ReadAction","target":["https:\/\/www.groods.de\/index.php\/produkt\/magnetisches-konstruktionsset-36-stangen-27-kugeln-silber\/"]}]},{"@type":"ImageObject","inLanguage":"de","@id":"https:\/\/www.groods.de\/index.php\/produkt\/magnetisches-konstruktionsset-36-stangen-27-kugeln-silber\/#primaryimage","url":"https:\/\/www.groods.de\/wp-content\/uploads\/2020\/02\/Magnetisches-Konstruktionsset-36-Stangen-27-Kugeln-silber-3.jpg","contentUrl":"https:\/\/www.groods.de\/wp-content\/uploads\/2020\/02\/Magnetisches-Konstruktionsset-36-Stangen-27-Kugeln-silber-3.jpg","width":1200,"height":1200},{"@type":"BreadcrumbList","@id":"https:\/\/www.groods.de\/index.php\/produkt\/magnetisches-konstruktionsset-36-stangen-27-kugeln-silber\/#breadcrumb","itemListElement":[{"@type":"ListItem","position":1,"name":"Startseite","item":"https:\/\/www.groods.de\/"},{"@type":"ListItem","position":2,"name":"Shop","item":"https:\/\/www.groods.de\/index.php\/shop\/"},{"@type":"ListItem","position":3,"name":"Magnetisches Konstruktionsset (36 Stangen, 27 Kugeln) &#8211; silber"}]},{"@type":"WebSite","@id":"https:\/\/www.groods.de\/#website","url":"https:\/\/www.groods.de\/","name":"gRoods.de","description":"Entdecke die Welt der Speedcubes","publisher":{"@id":"https:\/\/www.groods.de\/#organization"},"potentialAction":[{"@type":"SearchAction","target":{"@type":"EntryPoint","urlTemplate":"https:\/\/www.groods.de\/?s={search_term_string}"},"query-input":{"@type":"PropertyValueSpecification","valueRequired":true,"valueName":"search_term_string"}}],"inLanguage":"de"},{"@type":"Organization","@id":"https:\/\/www.groods.de\/#organization","name":"gRoods.de","url":"https:\/\/www.groods.de\/","logo":{"@type":"ImageObject","inLanguage":"de","@id":"https:\/\/www.groods.de\/#\/schema\/logo\/image\/","url":"https:\/\/www.groods.de\/wp-content\/uploads\/2018\/08\/logo.png","contentUrl":"https:\/\/www.groods.de\/wp-content\/uploads\/2018\/08\/logo.png","width":1077,"height":373,"caption":"gRoods.de"},"image":{"@id":"https:\/\/www.groods.de\/#\/schema\/logo\/image\/"}}]}},"_links":{"self":[{"href":"https:\/\/www.groods.de\/index.php\/wp-json\/wp\/v2\/product\/6056","targetHints":{"allow":["GET"]}}],"collection":[{"href":"https:\/\/www.groods.de\/index.php\/wp-json\/wp\/v2\/product"}],"about":[{"href":"https:\/\/www.groods.de\/index.php\/wp-json\/wp\/v2\/types\/product"}],"replies":[{"embeddable":true,"href":"https:\/\/www.groods.de\/index.php\/wp-json\/wp\/v2\/comments?post=6056"}],"wp:featuredmedia":[{"embeddable":true,"href":"https:\/\/www.groods.de\/index.php\/wp-json\/wp\/v2\/media\/6309"}],"wp:attachment":[{"href":"https:\/\/www.groods.de\/index.php\/wp-json\/wp\/v2\/media?parent=6056"}],"wp:term":[{"taxonomy":"product_brand","embeddable":true,"href":"https:\/\/www.groods.de\/index.php\/wp-json\/wp\/v2\/product_brand?post=6056"},{"taxonomy":"product_cat","embeddable":true,"href":"https:\/\/www.groods.de\/index.php\/wp-json\/wp\/v2\/product_cat?post=6056"},{"taxonomy":"product_tag","embeddable":true,"href":"https:\/\/www.groods.de\/index.php\/wp-json\/wp\/v2\/product_tag?post=6056"}],"curies":[{"name":"wp","href":"https:\/\/api.w.org\/{rel}","templated":true}]}}