{"id":598,"date":"2018-10-03T17:05:03","date_gmt":"2018-10-03T15:05:03","guid":{"rendered":"https:\/\/www.groods.de\/?post_type=product&#038;p=598"},"modified":"2025-11-19T22:12:22","modified_gmt":"2025-11-19T21:12:22","slug":"moyu-skewb-stickerless-3x3","status":"publish","type":"product","link":"https:\/\/www.groods.de\/index.php\/produkt\/moyu-skewb-stickerless-3x3\/","title":{"rendered":"MoYu SKEWB Stickerless 3&#215;3"},"content":{"rendered":"<h1>MoYu SKEWB Stickerless 3&#215;3 Magic Cube Puzzle<\/h1>\n<p>Der SKEWB ist ein Kombinationspuzzle und ein mechanisches Puzzle im Stil des Zauberw\u00fcrfels. Obwohl es eine kubische Form hat, unterscheidet es sich von RBKs Konstruktion darin, dass seine Rotationsachse durch die Ecken des W\u00fcrfels und nicht durch die Mittelpunkte der Fl\u00e4chen verl\u00e4uft. Es gibt vier solcher Achsen, eine f\u00fcr jede Raumdiagonale des W\u00fcrfels. Als Ergebnis ist es ein tiefgehendes Puzzle, in dem jede Drehung alle sechs Seiten betrifft.<\/p>\n<h3><span class=\"mw-headline\">Aufbau und Erscheinung \/\u00a0<\/span>L\u00f6sungsstrategie<\/h3>\n<p>Obwohl der SKEWB einfach aussieht, sind seine Teile tats\u00e4chlich in Untergruppen unterteilt und haben Einschr\u00e4nkungen, die bei der Untersuchung des Mechanismus des R\u00e4tsels offensichtlich sind. Die 8 Ecken sind in zwei Gruppen aufgeteilt &#8211; die vier Ecken, die an der zentralen 4-armigen Spinne befestigt sind, und die vier &#8222;schwebenden&#8220; Ecken, die leicht aus dem Mechanismus entfernt werden k\u00f6nnen. Diese Ecken k\u00f6nnen nicht ausgetauscht werden, d.h. in einer einzelnen Gruppe von vier Ecken sind ihre relativen Positionen unver\u00e4ndert. Sie k\u00f6nnen unterschieden werden, indem Druck auf die Ecke ausge\u00fcbt wird &#8211; wenn sie ein wenig nach unten quetscht, ist es eine schwebende Ecke. Die Zentren haben nur zwei m\u00f6gliche Orientierungen.<\/p>\n<h3><strong data-spm-anchor-id=\"a2g0x.10010108.1000023.i0.3d0af4b4DKar3l\">Eigenschaften:<\/strong><\/h3>\n<ul>\n<li>MoYu 3&#215;3 SKEWB Stickerless Magic Cube<\/li>\n<li>glatte und schnelle Oberfl\u00e4che<\/li>\n<li class=\"md-end-block\">neu und Originalverpackt<\/li>\n<li class=\"md-end-block\">aus hochwertigem ABS Material, das umweltfreundlich, ungiftig und langlebig ist<\/li>\n<li class=\"md-end-block\">einfarbig im stickerless Design<\/li>\n<li class=\"md-end-block\">geschmeidige Rotation und komfortables Spielgef\u00fchl<\/li>\n<li class=\"md-end-block\">ausgezeichnete Fehlertoleranz f\u00fcr besonders schnelle Zeiten<\/li>\n<li>Viele Stunden Spa\u00df und Kopfzerbrechen mit Freunden und Familie sind garantiert<\/li>\n<\/ul>\n<h3>Spezifikationen:<\/h3>\n<ul>\n<li>Farbe: stickerless<\/li>\n<li>Material: Kunststoff<\/li>\n<li>Produkt Abmessungen: 5,6 x\u00a0<span class=\"\">5,6 x\u00a0<\/span>5,6 cm<\/li>\n<li>Produkt Gewicht: 90g<\/li>\n<li>Verpackung: Karton Box<\/li>\n<\/ul>\n","protected":false},"excerpt":{"rendered":"<p>MoYu SKEWB Stickerless 3&#215;3 Magic Cube Puzzle Der SKEWB ist ein Kombinationspuzzle und ein mechanisches Puzzle im Stil des Zauberw\u00fcrfels. Obwohl es eine kubische Form hat, unterscheidet es sich von RBKs Konstruktion darin, dass seine Rotationsachse durch die Ecken des W\u00fcrfels und nicht durch die Mittelpunkte der Fl\u00e4chen verl\u00e4uft. Es gibt vier solcher Achsen, eine [&hellip;]<\/p>\n","protected":false},"featured_media":602,"comment_status":"open","ping_status":"closed","template":"","meta":[],"product_brand":[],"product_cat":[45,38,103],"product_tag":[],"class_list":{"0":"post-598","1":"product","2":"type-product","3":"status-publish","4":"has-post-thumbnail","6":"product_cat-andere-formen","7":"product_cat-moyu","8":"product_cat-skewb","10":"first","11":"instock","12":"taxable","13":"shipping-taxable","14":"purchasable","15":"product-type-simple"},"yoast_head":"<!-- This site is optimized with the Yoast SEO plugin v26.7 - https:\/\/yoast.com\/wordpress\/plugins\/seo\/ -->\n<title>MoYu SKEWB Stickerless 3x3 - gRoods<\/title>\n<meta name=\"robots\" content=\"index, follow, max-snippet:-1, max-image-preview:large, max-video-preview:-1\" \/>\n<link rel=\"canonical\" href=\"https:\/\/www.groods.de\/index.php\/produkt\/moyu-skewb-stickerless-3x3\/\" \/>\n<meta property=\"og:locale\" content=\"de_DE\" \/>\n<meta property=\"og:type\" content=\"article\" \/>\n<meta property=\"og:title\" content=\"MoYu SKEWB Stickerless 3x3 - gRoods\" \/>\n<meta property=\"og:description\" content=\"MoYu SKEWB Stickerless 3&#215;3 Magic Cube Puzzle Der SKEWB ist ein Kombinationspuzzle und ein mechanisches Puzzle im Stil des Zauberw\u00fcrfels. Obwohl es eine kubische Form hat, unterscheidet es sich von RBKs Konstruktion darin, dass seine Rotationsachse durch die Ecken des W\u00fcrfels und nicht durch die Mittelpunkte der Fl\u00e4chen verl\u00e4uft. Es gibt vier solcher Achsen, eine [&hellip;]\" \/>\n<meta property=\"og:url\" content=\"https:\/\/www.groods.de\/index.php\/produkt\/moyu-skewb-stickerless-3x3\/\" \/>\n<meta property=\"og:site_name\" content=\"gRoods\" \/>\n<meta property=\"article:modified_time\" content=\"2025-11-19T21:12:22+00:00\" \/>\n<meta property=\"og:image\" content=\"https:\/\/www.groods.de\/wp-content\/uploads\/2018\/10\/MoYu-SKEWB-Cube_3_1024.jpg\" \/>\n\t<meta property=\"og:image:width\" content=\"1024\" \/>\n\t<meta property=\"og:image:height\" content=\"1024\" \/>\n\t<meta property=\"og:image:type\" content=\"image\/jpeg\" \/>\n<meta name=\"twitter:card\" content=\"summary_large_image\" \/>\n<meta name=\"twitter:label1\" content=\"Gesch\u00e4tzte Lesezeit\" \/>\n\t<meta name=\"twitter:data1\" content=\"2\u00a0Minuten\" \/>\n<script type=\"application\/ld+json\" class=\"yoast-schema-graph\">{\"@context\":\"https:\/\/schema.org\",\"@graph\":[{\"@type\":\"WebPage\",\"@id\":\"https:\/\/www.groods.de\/index.php\/produkt\/moyu-skewb-stickerless-3x3\/\",\"url\":\"https:\/\/www.groods.de\/index.php\/produkt\/moyu-skewb-stickerless-3x3\/\",\"name\":\"MoYu SKEWB Stickerless 3x3 - gRoods\",\"isPartOf\":{\"@id\":\"https:\/\/www.groods.de\/#website\"},\"primaryImageOfPage\":{\"@id\":\"https:\/\/www.groods.de\/index.php\/produkt\/moyu-skewb-stickerless-3x3\/#primaryimage\"},\"image\":{\"@id\":\"https:\/\/www.groods.de\/index.php\/produkt\/moyu-skewb-stickerless-3x3\/#primaryimage\"},\"thumbnailUrl\":\"https:\/\/www.groods.de\/wp-content\/uploads\/2018\/10\/MoYu-SKEWB-Cube_3_1024.jpg\",\"datePublished\":\"2018-10-03T15:05:03+00:00\",\"dateModified\":\"2025-11-19T21:12:22+00:00\",\"breadcrumb\":{\"@id\":\"https:\/\/www.groods.de\/index.php\/produkt\/moyu-skewb-stickerless-3x3\/#breadcrumb\"},\"inLanguage\":\"de\",\"potentialAction\":[{\"@type\":\"ReadAction\",\"target\":[\"https:\/\/www.groods.de\/index.php\/produkt\/moyu-skewb-stickerless-3x3\/\"]}]},{\"@type\":\"ImageObject\",\"inLanguage\":\"de\",\"@id\":\"https:\/\/www.groods.de\/index.php\/produkt\/moyu-skewb-stickerless-3x3\/#primaryimage\",\"url\":\"https:\/\/www.groods.de\/wp-content\/uploads\/2018\/10\/MoYu-SKEWB-Cube_3_1024.jpg\",\"contentUrl\":\"https:\/\/www.groods.de\/wp-content\/uploads\/2018\/10\/MoYu-SKEWB-Cube_3_1024.jpg\",\"width\":1024,\"height\":1024},{\"@type\":\"BreadcrumbList\",\"@id\":\"https:\/\/www.groods.de\/index.php\/produkt\/moyu-skewb-stickerless-3x3\/#breadcrumb\",\"itemListElement\":[{\"@type\":\"ListItem\",\"position\":1,\"name\":\"Startseite\",\"item\":\"https:\/\/www.groods.de\/\"},{\"@type\":\"ListItem\",\"position\":2,\"name\":\"Shop\",\"item\":\"https:\/\/www.groods.de\/index.php\/shop\/\"},{\"@type\":\"ListItem\",\"position\":3,\"name\":\"MoYu SKEWB Stickerless 3&#215;3\"}]},{\"@type\":\"WebSite\",\"@id\":\"https:\/\/www.groods.de\/#website\",\"url\":\"https:\/\/www.groods.de\/\",\"name\":\"gRoods.de\",\"description\":\"Entdecke die Welt der Speedcubes\",\"publisher\":{\"@id\":\"https:\/\/www.groods.de\/#organization\"},\"potentialAction\":[{\"@type\":\"SearchAction\",\"target\":{\"@type\":\"EntryPoint\",\"urlTemplate\":\"https:\/\/www.groods.de\/?s={search_term_string}\"},\"query-input\":{\"@type\":\"PropertyValueSpecification\",\"valueRequired\":true,\"valueName\":\"search_term_string\"}}],\"inLanguage\":\"de\"},{\"@type\":\"Organization\",\"@id\":\"https:\/\/www.groods.de\/#organization\",\"name\":\"gRoods.de\",\"url\":\"https:\/\/www.groods.de\/\",\"logo\":{\"@type\":\"ImageObject\",\"inLanguage\":\"de\",\"@id\":\"https:\/\/www.groods.de\/#\/schema\/logo\/image\/\",\"url\":\"https:\/\/www.groods.de\/wp-content\/uploads\/2018\/08\/logo.png\",\"contentUrl\":\"https:\/\/www.groods.de\/wp-content\/uploads\/2018\/08\/logo.png\",\"width\":1077,\"height\":373,\"caption\":\"gRoods.de\"},\"image\":{\"@id\":\"https:\/\/www.groods.de\/#\/schema\/logo\/image\/\"}}]}<\/script>\n<!-- \/ Yoast SEO plugin. -->","yoast_head_json":{"title":"MoYu SKEWB Stickerless 3x3 - gRoods","robots":{"index":"index","follow":"follow","max-snippet":"max-snippet:-1","max-image-preview":"max-image-preview:large","max-video-preview":"max-video-preview:-1"},"canonical":"https:\/\/www.groods.de\/index.php\/produkt\/moyu-skewb-stickerless-3x3\/","og_locale":"de_DE","og_type":"article","og_title":"MoYu SKEWB Stickerless 3x3 - gRoods","og_description":"MoYu SKEWB Stickerless 3&#215;3 Magic Cube Puzzle Der SKEWB ist ein Kombinationspuzzle und ein mechanisches Puzzle im Stil des Zauberw\u00fcrfels. Obwohl es eine kubische Form hat, unterscheidet es sich von RBKs Konstruktion darin, dass seine Rotationsachse durch die Ecken des W\u00fcrfels und nicht durch die Mittelpunkte der Fl\u00e4chen verl\u00e4uft. Es gibt vier solcher Achsen, eine [&hellip;]","og_url":"https:\/\/www.groods.de\/index.php\/produkt\/moyu-skewb-stickerless-3x3\/","og_site_name":"gRoods","article_modified_time":"2025-11-19T21:12:22+00:00","og_image":[{"width":1024,"height":1024,"url":"https:\/\/www.groods.de\/wp-content\/uploads\/2018\/10\/MoYu-SKEWB-Cube_3_1024.jpg","type":"image\/jpeg"}],"twitter_card":"summary_large_image","twitter_misc":{"Gesch\u00e4tzte Lesezeit":"2\u00a0Minuten"},"schema":{"@context":"https:\/\/schema.org","@graph":[{"@type":"WebPage","@id":"https:\/\/www.groods.de\/index.php\/produkt\/moyu-skewb-stickerless-3x3\/","url":"https:\/\/www.groods.de\/index.php\/produkt\/moyu-skewb-stickerless-3x3\/","name":"MoYu SKEWB Stickerless 3x3 - gRoods","isPartOf":{"@id":"https:\/\/www.groods.de\/#website"},"primaryImageOfPage":{"@id":"https:\/\/www.groods.de\/index.php\/produkt\/moyu-skewb-stickerless-3x3\/#primaryimage"},"image":{"@id":"https:\/\/www.groods.de\/index.php\/produkt\/moyu-skewb-stickerless-3x3\/#primaryimage"},"thumbnailUrl":"https:\/\/www.groods.de\/wp-content\/uploads\/2018\/10\/MoYu-SKEWB-Cube_3_1024.jpg","datePublished":"2018-10-03T15:05:03+00:00","dateModified":"2025-11-19T21:12:22+00:00","breadcrumb":{"@id":"https:\/\/www.groods.de\/index.php\/produkt\/moyu-skewb-stickerless-3x3\/#breadcrumb"},"inLanguage":"de","potentialAction":[{"@type":"ReadAction","target":["https:\/\/www.groods.de\/index.php\/produkt\/moyu-skewb-stickerless-3x3\/"]}]},{"@type":"ImageObject","inLanguage":"de","@id":"https:\/\/www.groods.de\/index.php\/produkt\/moyu-skewb-stickerless-3x3\/#primaryimage","url":"https:\/\/www.groods.de\/wp-content\/uploads\/2018\/10\/MoYu-SKEWB-Cube_3_1024.jpg","contentUrl":"https:\/\/www.groods.de\/wp-content\/uploads\/2018\/10\/MoYu-SKEWB-Cube_3_1024.jpg","width":1024,"height":1024},{"@type":"BreadcrumbList","@id":"https:\/\/www.groods.de\/index.php\/produkt\/moyu-skewb-stickerless-3x3\/#breadcrumb","itemListElement":[{"@type":"ListItem","position":1,"name":"Startseite","item":"https:\/\/www.groods.de\/"},{"@type":"ListItem","position":2,"name":"Shop","item":"https:\/\/www.groods.de\/index.php\/shop\/"},{"@type":"ListItem","position":3,"name":"MoYu SKEWB Stickerless 3&#215;3"}]},{"@type":"WebSite","@id":"https:\/\/www.groods.de\/#website","url":"https:\/\/www.groods.de\/","name":"gRoods.de","description":"Entdecke die Welt der Speedcubes","publisher":{"@id":"https:\/\/www.groods.de\/#organization"},"potentialAction":[{"@type":"SearchAction","target":{"@type":"EntryPoint","urlTemplate":"https:\/\/www.groods.de\/?s={search_term_string}"},"query-input":{"@type":"PropertyValueSpecification","valueRequired":true,"valueName":"search_term_string"}}],"inLanguage":"de"},{"@type":"Organization","@id":"https:\/\/www.groods.de\/#organization","name":"gRoods.de","url":"https:\/\/www.groods.de\/","logo":{"@type":"ImageObject","inLanguage":"de","@id":"https:\/\/www.groods.de\/#\/schema\/logo\/image\/","url":"https:\/\/www.groods.de\/wp-content\/uploads\/2018\/08\/logo.png","contentUrl":"https:\/\/www.groods.de\/wp-content\/uploads\/2018\/08\/logo.png","width":1077,"height":373,"caption":"gRoods.de"},"image":{"@id":"https:\/\/www.groods.de\/#\/schema\/logo\/image\/"}}]}},"_links":{"self":[{"href":"https:\/\/www.groods.de\/index.php\/wp-json\/wp\/v2\/product\/598","targetHints":{"allow":["GET"]}}],"collection":[{"href":"https:\/\/www.groods.de\/index.php\/wp-json\/wp\/v2\/product"}],"about":[{"href":"https:\/\/www.groods.de\/index.php\/wp-json\/wp\/v2\/types\/product"}],"replies":[{"embeddable":true,"href":"https:\/\/www.groods.de\/index.php\/wp-json\/wp\/v2\/comments?post=598"}],"wp:featuredmedia":[{"embeddable":true,"href":"https:\/\/www.groods.de\/index.php\/wp-json\/wp\/v2\/media\/602"}],"wp:attachment":[{"href":"https:\/\/www.groods.de\/index.php\/wp-json\/wp\/v2\/media?parent=598"}],"wp:term":[{"taxonomy":"product_brand","embeddable":true,"href":"https:\/\/www.groods.de\/index.php\/wp-json\/wp\/v2\/product_brand?post=598"},{"taxonomy":"product_cat","embeddable":true,"href":"https:\/\/www.groods.de\/index.php\/wp-json\/wp\/v2\/product_cat?post=598"},{"taxonomy":"product_tag","embeddable":true,"href":"https:\/\/www.groods.de\/index.php\/wp-json\/wp\/v2\/product_tag?post=598"}],"curies":[{"name":"wp","href":"https:\/\/api.w.org\/{rel}","templated":true}]}}