{"id":4744,"date":"2019-12-30T20:12:33","date_gmt":"2019-12-30T19:12:33","guid":{"rendered":"https:\/\/www.groods.de\/index.php\/produkt\/kongming-lock-beech-plum-lock\/"},"modified":"2024-11-15T09:50:45","modified_gmt":"2024-11-15T08:50:45","slug":"kongming-lock-beech-plum-lock","status":"publish","type":"product","link":"https:\/\/www.groods.de\/index.php\/produkt\/kongming-lock-beech-plum-lock\/","title":{"rendered":"KongMing Lock &#8211; Beech Plum lock"},"content":{"rendered":"<h1>KongMing Lock &#8211; Beech Plum lock<\/h1>\n<p class=\"p1\"><span class=\"s1\">Stelle deine Intelligenz auf die Probe, indem du versuchst, dieses h\u00f6lzerne Kong Ming-R\u00e4tsel zu l\u00f6sen. Mit seinen Urspr\u00fcngen im alten China besteht dieser unterhaltsame und dennoch herausfordernde R\u00e4tsel aus verschiedenen Holzkl\u00f6tzen, die leicht zu zerlegen sind, sich aber nur schwer wieder zusammensetzen lassen.<\/span><\/p>\n<p class=\"p1\"><span class=\"s1\">KongMing Lock ist ein traditionelles chinesisches Denkspielzeug. Es wird gesagt, dass das Spielzeug vor etwa 2.000 Jahren von Zhuge Kongming erfunden wurde, basierend auf den Prinzipien der Acht-Diagramm-Metaphysik. Es war bei den Leuten sehr beliebt. Die konkaven und konvexen Teile des dreidimensionalen Puzzle Spielzeugs greifen perfekt ineinander. KongMing-Locks gibt es in verschiedenen Formen und Gr\u00f6\u00dfen mit unterschiedlichen inneren Strukturen. Sie sind jedoch normalerweise leicht zu zerlegen und nur schwer wieder zusammenzubauen.<\/span><\/p>\n<p class=\"p1\"><span class=\"s1\">Dank seiner Funktionen zur Entspannung von K\u00f6rper und Geist, zur Steigerung der Intelligenz und zur Verbesserung der Beweglichkeit der Finger. Das Schloss sieht zwar einfach aus, birgt aber viele Geheimnisse. Wenn Sie nicht verstehen, wie es funktioniert, k\u00f6nnen Sie es kaum zusammenstellen.<\/span><\/p>\n","protected":false},"excerpt":{"rendered":"<p>KongMing Lock &#8211; Beech Plum lock Stelle deine Intelligenz auf die Probe, indem du versuchst, dieses h\u00f6lzerne Kong Ming-R\u00e4tsel zu l\u00f6sen. Mit seinen Urspr\u00fcngen im alten China besteht dieser unterhaltsame und dennoch herausfordernde R\u00e4tsel aus verschiedenen Holzkl\u00f6tzen, die leicht zu zerlegen sind, sich aber nur schwer wieder zusammensetzen lassen. KongMing Lock ist ein traditionelles chinesisches [&hellip;]<\/p>\n","protected":false},"featured_media":4782,"comment_status":"open","ping_status":"closed","template":"","meta":[],"product_brand":[],"product_cat":[89,86],"product_tag":[],"class_list":{"0":"post-4744","1":"product","2":"type-product","3":"status-publish","4":"has-post-thumbnail","6":"product_cat-kong-ming-locks","7":"product_cat-neue-produkte","9":"first","10":"instock","11":"taxable","12":"shipping-taxable","13":"purchasable","14":"product-type-simple"},"yoast_head":"<!-- This site is optimized with the Yoast SEO plugin v26.7 - https:\/\/yoast.com\/wordpress\/plugins\/seo\/ -->\n<title>KongMing Lock - Beech Plum lock - gRoods<\/title>\n<meta name=\"robots\" content=\"index, follow, max-snippet:-1, max-image-preview:large, max-video-preview:-1\" \/>\n<link rel=\"canonical\" href=\"https:\/\/www.groods.de\/index.php\/produkt\/kongming-lock-beech-plum-lock\/\" \/>\n<meta property=\"og:locale\" content=\"de_DE\" \/>\n<meta property=\"og:type\" content=\"article\" \/>\n<meta property=\"og:title\" content=\"KongMing Lock - Beech Plum lock - gRoods\" \/>\n<meta property=\"og:description\" content=\"KongMing Lock &#8211; Beech Plum lock Stelle deine Intelligenz auf die Probe, indem du versuchst, dieses h\u00f6lzerne Kong Ming-R\u00e4tsel zu l\u00f6sen. Mit seinen Urspr\u00fcngen im alten China besteht dieser unterhaltsame und dennoch herausfordernde R\u00e4tsel aus verschiedenen Holzkl\u00f6tzen, die leicht zu zerlegen sind, sich aber nur schwer wieder zusammensetzen lassen. KongMing Lock ist ein traditionelles chinesisches [&hellip;]\" \/>\n<meta property=\"og:url\" content=\"https:\/\/www.groods.de\/index.php\/produkt\/kongming-lock-beech-plum-lock\/\" \/>\n<meta property=\"og:site_name\" content=\"gRoods\" \/>\n<meta property=\"article:modified_time\" content=\"2024-11-15T08:50:45+00:00\" \/>\n<meta property=\"og:image\" content=\"https:\/\/i0.wp.com\/www.groods.de\/wp-content\/uploads\/2019\/12\/IMG_0425.jpg?fit=1200%2C1200&ssl=1\" \/>\n\t<meta property=\"og:image:width\" content=\"1200\" \/>\n\t<meta property=\"og:image:height\" content=\"1200\" \/>\n\t<meta property=\"og:image:type\" content=\"image\/jpeg\" \/>\n<meta name=\"twitter:card\" content=\"summary_large_image\" \/>\n<meta name=\"twitter:label1\" content=\"Gesch\u00e4tzte Lesezeit\" \/>\n\t<meta name=\"twitter:data1\" content=\"1\u00a0Minute\" \/>\n<script type=\"application\/ld+json\" class=\"yoast-schema-graph\">{\"@context\":\"https:\/\/schema.org\",\"@graph\":[{\"@type\":\"WebPage\",\"@id\":\"https:\/\/www.groods.de\/index.php\/produkt\/kongming-lock-beech-plum-lock\/\",\"url\":\"https:\/\/www.groods.de\/index.php\/produkt\/kongming-lock-beech-plum-lock\/\",\"name\":\"KongMing Lock - Beech Plum lock - gRoods\",\"isPartOf\":{\"@id\":\"https:\/\/www.groods.de\/#website\"},\"primaryImageOfPage\":{\"@id\":\"https:\/\/www.groods.de\/index.php\/produkt\/kongming-lock-beech-plum-lock\/#primaryimage\"},\"image\":{\"@id\":\"https:\/\/www.groods.de\/index.php\/produkt\/kongming-lock-beech-plum-lock\/#primaryimage\"},\"thumbnailUrl\":\"https:\/\/www.groods.de\/wp-content\/uploads\/2019\/12\/IMG_0425.jpg\",\"datePublished\":\"2019-12-30T19:12:33+00:00\",\"dateModified\":\"2024-11-15T08:50:45+00:00\",\"breadcrumb\":{\"@id\":\"https:\/\/www.groods.de\/index.php\/produkt\/kongming-lock-beech-plum-lock\/#breadcrumb\"},\"inLanguage\":\"de\",\"potentialAction\":[{\"@type\":\"ReadAction\",\"target\":[\"https:\/\/www.groods.de\/index.php\/produkt\/kongming-lock-beech-plum-lock\/\"]}]},{\"@type\":\"ImageObject\",\"inLanguage\":\"de\",\"@id\":\"https:\/\/www.groods.de\/index.php\/produkt\/kongming-lock-beech-plum-lock\/#primaryimage\",\"url\":\"https:\/\/www.groods.de\/wp-content\/uploads\/2019\/12\/IMG_0425.jpg\",\"contentUrl\":\"https:\/\/www.groods.de\/wp-content\/uploads\/2019\/12\/IMG_0425.jpg\",\"width\":1200,\"height\":1200},{\"@type\":\"BreadcrumbList\",\"@id\":\"https:\/\/www.groods.de\/index.php\/produkt\/kongming-lock-beech-plum-lock\/#breadcrumb\",\"itemListElement\":[{\"@type\":\"ListItem\",\"position\":1,\"name\":\"Startseite\",\"item\":\"https:\/\/www.groods.de\/\"},{\"@type\":\"ListItem\",\"position\":2,\"name\":\"Shop\",\"item\":\"https:\/\/www.groods.de\/index.php\/shop\/\"},{\"@type\":\"ListItem\",\"position\":3,\"name\":\"KongMing Lock &#8211; Beech Plum lock\"}]},{\"@type\":\"WebSite\",\"@id\":\"https:\/\/www.groods.de\/#website\",\"url\":\"https:\/\/www.groods.de\/\",\"name\":\"gRoods.de\",\"description\":\"Entdecke die Welt der Speedcubes\",\"publisher\":{\"@id\":\"https:\/\/www.groods.de\/#organization\"},\"potentialAction\":[{\"@type\":\"SearchAction\",\"target\":{\"@type\":\"EntryPoint\",\"urlTemplate\":\"https:\/\/www.groods.de\/?s={search_term_string}\"},\"query-input\":{\"@type\":\"PropertyValueSpecification\",\"valueRequired\":true,\"valueName\":\"search_term_string\"}}],\"inLanguage\":\"de\"},{\"@type\":\"Organization\",\"@id\":\"https:\/\/www.groods.de\/#organization\",\"name\":\"gRoods.de\",\"url\":\"https:\/\/www.groods.de\/\",\"logo\":{\"@type\":\"ImageObject\",\"inLanguage\":\"de\",\"@id\":\"https:\/\/www.groods.de\/#\/schema\/logo\/image\/\",\"url\":\"https:\/\/www.groods.de\/wp-content\/uploads\/2018\/08\/logo.png\",\"contentUrl\":\"https:\/\/www.groods.de\/wp-content\/uploads\/2018\/08\/logo.png\",\"width\":1077,\"height\":373,\"caption\":\"gRoods.de\"},\"image\":{\"@id\":\"https:\/\/www.groods.de\/#\/schema\/logo\/image\/\"}}]}<\/script>\n<!-- \/ Yoast SEO plugin. -->","yoast_head_json":{"title":"KongMing Lock - Beech Plum lock - gRoods","robots":{"index":"index","follow":"follow","max-snippet":"max-snippet:-1","max-image-preview":"max-image-preview:large","max-video-preview":"max-video-preview:-1"},"canonical":"https:\/\/www.groods.de\/index.php\/produkt\/kongming-lock-beech-plum-lock\/","og_locale":"de_DE","og_type":"article","og_title":"KongMing Lock - Beech Plum lock - gRoods","og_description":"KongMing Lock &#8211; Beech Plum lock Stelle deine Intelligenz auf die Probe, indem du versuchst, dieses h\u00f6lzerne Kong Ming-R\u00e4tsel zu l\u00f6sen. Mit seinen Urspr\u00fcngen im alten China besteht dieser unterhaltsame und dennoch herausfordernde R\u00e4tsel aus verschiedenen Holzkl\u00f6tzen, die leicht zu zerlegen sind, sich aber nur schwer wieder zusammensetzen lassen. KongMing Lock ist ein traditionelles chinesisches [&hellip;]","og_url":"https:\/\/www.groods.de\/index.php\/produkt\/kongming-lock-beech-plum-lock\/","og_site_name":"gRoods","article_modified_time":"2024-11-15T08:50:45+00:00","og_image":[{"width":1200,"height":1200,"url":"https:\/\/i0.wp.com\/www.groods.de\/wp-content\/uploads\/2019\/12\/IMG_0425.jpg?fit=1200%2C1200&ssl=1","type":"image\/jpeg"}],"twitter_card":"summary_large_image","twitter_misc":{"Gesch\u00e4tzte Lesezeit":"1\u00a0Minute"},"schema":{"@context":"https:\/\/schema.org","@graph":[{"@type":"WebPage","@id":"https:\/\/www.groods.de\/index.php\/produkt\/kongming-lock-beech-plum-lock\/","url":"https:\/\/www.groods.de\/index.php\/produkt\/kongming-lock-beech-plum-lock\/","name":"KongMing Lock - Beech Plum lock - gRoods","isPartOf":{"@id":"https:\/\/www.groods.de\/#website"},"primaryImageOfPage":{"@id":"https:\/\/www.groods.de\/index.php\/produkt\/kongming-lock-beech-plum-lock\/#primaryimage"},"image":{"@id":"https:\/\/www.groods.de\/index.php\/produkt\/kongming-lock-beech-plum-lock\/#primaryimage"},"thumbnailUrl":"https:\/\/www.groods.de\/wp-content\/uploads\/2019\/12\/IMG_0425.jpg","datePublished":"2019-12-30T19:12:33+00:00","dateModified":"2024-11-15T08:50:45+00:00","breadcrumb":{"@id":"https:\/\/www.groods.de\/index.php\/produkt\/kongming-lock-beech-plum-lock\/#breadcrumb"},"inLanguage":"de","potentialAction":[{"@type":"ReadAction","target":["https:\/\/www.groods.de\/index.php\/produkt\/kongming-lock-beech-plum-lock\/"]}]},{"@type":"ImageObject","inLanguage":"de","@id":"https:\/\/www.groods.de\/index.php\/produkt\/kongming-lock-beech-plum-lock\/#primaryimage","url":"https:\/\/www.groods.de\/wp-content\/uploads\/2019\/12\/IMG_0425.jpg","contentUrl":"https:\/\/www.groods.de\/wp-content\/uploads\/2019\/12\/IMG_0425.jpg","width":1200,"height":1200},{"@type":"BreadcrumbList","@id":"https:\/\/www.groods.de\/index.php\/produkt\/kongming-lock-beech-plum-lock\/#breadcrumb","itemListElement":[{"@type":"ListItem","position":1,"name":"Startseite","item":"https:\/\/www.groods.de\/"},{"@type":"ListItem","position":2,"name":"Shop","item":"https:\/\/www.groods.de\/index.php\/shop\/"},{"@type":"ListItem","position":3,"name":"KongMing Lock &#8211; Beech Plum lock"}]},{"@type":"WebSite","@id":"https:\/\/www.groods.de\/#website","url":"https:\/\/www.groods.de\/","name":"gRoods.de","description":"Entdecke die Welt der Speedcubes","publisher":{"@id":"https:\/\/www.groods.de\/#organization"},"potentialAction":[{"@type":"SearchAction","target":{"@type":"EntryPoint","urlTemplate":"https:\/\/www.groods.de\/?s={search_term_string}"},"query-input":{"@type":"PropertyValueSpecification","valueRequired":true,"valueName":"search_term_string"}}],"inLanguage":"de"},{"@type":"Organization","@id":"https:\/\/www.groods.de\/#organization","name":"gRoods.de","url":"https:\/\/www.groods.de\/","logo":{"@type":"ImageObject","inLanguage":"de","@id":"https:\/\/www.groods.de\/#\/schema\/logo\/image\/","url":"https:\/\/www.groods.de\/wp-content\/uploads\/2018\/08\/logo.png","contentUrl":"https:\/\/www.groods.de\/wp-content\/uploads\/2018\/08\/logo.png","width":1077,"height":373,"caption":"gRoods.de"},"image":{"@id":"https:\/\/www.groods.de\/#\/schema\/logo\/image\/"}}]}},"_links":{"self":[{"href":"https:\/\/www.groods.de\/index.php\/wp-json\/wp\/v2\/product\/4744","targetHints":{"allow":["GET"]}}],"collection":[{"href":"https:\/\/www.groods.de\/index.php\/wp-json\/wp\/v2\/product"}],"about":[{"href":"https:\/\/www.groods.de\/index.php\/wp-json\/wp\/v2\/types\/product"}],"replies":[{"embeddable":true,"href":"https:\/\/www.groods.de\/index.php\/wp-json\/wp\/v2\/comments?post=4744"}],"wp:featuredmedia":[{"embeddable":true,"href":"https:\/\/www.groods.de\/index.php\/wp-json\/wp\/v2\/media\/4782"}],"wp:attachment":[{"href":"https:\/\/www.groods.de\/index.php\/wp-json\/wp\/v2\/media?parent=4744"}],"wp:term":[{"taxonomy":"product_brand","embeddable":true,"href":"https:\/\/www.groods.de\/index.php\/wp-json\/wp\/v2\/product_brand?post=4744"},{"taxonomy":"product_cat","embeddable":true,"href":"https:\/\/www.groods.de\/index.php\/wp-json\/wp\/v2\/product_cat?post=4744"},{"taxonomy":"product_tag","embeddable":true,"href":"https:\/\/www.groods.de\/index.php\/wp-json\/wp\/v2\/product_tag?post=4744"}],"curies":[{"name":"wp","href":"https:\/\/api.w.org\/{rel}","templated":true}]}}