{"id":4710,"date":"2019-12-30T20:10:23","date_gmt":"2019-12-30T19:10:23","guid":{"rendered":"https:\/\/www.groods.de\/index.php\/produkt\/qiyi-six-spot-cube-stickerless\/"},"modified":"2025-01-22T11:00:57","modified_gmt":"2025-01-22T10:00:57","slug":"qiyi-six-spot-cube-stickerless","status":"publish","type":"product","link":"https:\/\/www.groods.de\/index.php\/produkt\/qiyi-six-spot-cube-stickerless\/","title":{"rendered":"QiYi Six Spot Cube &#8211; stickerless"},"content":{"rendered":"<h1>QiYi Six Spot Cube &#8211; stickerless<\/h1>\n<p>Der neue Six Spot Cube wurde von David Pitcher entworfen und wird seit 2019 von QiYi professionell unter Lizenz hergestellt. Es ist\u00a0 ist f\u00fcr jeden Anf\u00e4nger eine wirklich gute Einf\u00fchrung in die Welt der kurvenreichen R\u00e4tsel. Es ist <span class=\"tlid-translation translation\" lang=\"de\"><span class=\"\" title=\"\">ein einfacher Aufl\u00f6sungsw\u00fcrfel mit \u00c4sthetik, Qualit\u00e4t und fantastischen Drehgef\u00fchl.<\/span> <span title=\"\">Es ist wie eine Vereinfachung des Skewb oder eine Variante des IVY-W\u00fcrfels, da wir um die Ecken 120-Grad-Drehungen machen. <\/span><\/span>Er verwendet einen Klickmechanismus zum Ausrichten der Ebenen und ist sowohl in schwarzer Kunststoff- als auch in aufkleberloser Variante erh\u00e4ltlich. Der Sechs-Punkte-W\u00fcrfel ist ein relativ einfach zu l\u00f6sendes Form-Mod-Puzzle. Wichtig ist, dass der W\u00fcrfel fantastisch aussieht und jede Menge Spa\u00df macht &#8211; ein Muss f\u00fcr Ihre Sammlung.<\/p>\n<h3>Eigenschaften<\/h3>\n<ul>\n<li>glatte Oberfl\u00e4che und schnelle Drehgeschwindigkeit<\/li>\n<li class=\"md-end-block\">neu und Originalverpackt<\/li>\n<li class=\"md-end-block\">aus hochwertigem ABS Material, das umweltfreundlich, ungiftig und langlebig ist<\/li>\n<li class=\"md-end-block\">Design: stickerless<\/li>\n<li class=\"md-end-block\">geschmeidige Rotation und komfortables Spielgef\u00fchl<\/li>\n<li class=\"md-end-block\">ausgezeichnete Fehlertoleranz f\u00fcr besonders schnelle Zeiten<\/li>\n<li>Viele Stunden Spa\u00df und Kopfzerbrechen mit Freunden und Familie sind garantiert<\/li>\n<\/ul>\n<h3>Spezifikationen<\/h3>\n<ul>\n<li>Farbe: Stickerless<\/li>\n<li>Material: Kunststoff<\/li>\n<li>Produkt Abmessungen: 5,6 x\u00a0<span class=\"\">5,6 x\u00a0<\/span>5,6 cm<\/li>\n<li>Produkt Gewicht: 98g<\/li>\n<li>Verpackung: Karton Box<\/li>\n<\/ul>\n","protected":false},"excerpt":{"rendered":"<p>QiYi Six Spot Cube &#8211; stickerless Der neue Six Spot Cube wurde von David Pitcher entworfen und wird seit 2019 von QiYi professionell unter Lizenz hergestellt. Es ist\u00a0 ist f\u00fcr jeden Anf\u00e4nger eine wirklich gute Einf\u00fchrung in die Welt der kurvenreichen R\u00e4tsel. Es ist ein einfacher Aufl\u00f6sungsw\u00fcrfel mit \u00c4sthetik, Qualit\u00e4t und fantastischen Drehgef\u00fchl. Es ist [&hellip;]<\/p>\n","protected":false},"featured_media":6319,"comment_status":"open","ping_status":"closed","template":"","meta":[],"product_brand":[],"product_cat":[45,86,49,103],"product_tag":[],"class_list":{"0":"post-4710","1":"product","2":"type-product","3":"status-publish","4":"has-post-thumbnail","6":"product_cat-andere-formen","7":"product_cat-neue-produkte","8":"product_cat-qi-yi","9":"product_cat-skewb","11":"first","12":"instock","13":"taxable","14":"shipping-taxable","15":"purchasable","16":"product-type-simple"},"yoast_head":"<!-- This site is optimized with the Yoast SEO plugin v26.7 - https:\/\/yoast.com\/wordpress\/plugins\/seo\/ -->\n<title>QiYi Six Spot Cube - stickerless - gRoods<\/title>\n<meta name=\"robots\" content=\"index, follow, max-snippet:-1, max-image-preview:large, max-video-preview:-1\" \/>\n<link rel=\"canonical\" href=\"https:\/\/www.groods.de\/index.php\/produkt\/qiyi-six-spot-cube-stickerless\/\" \/>\n<meta property=\"og:locale\" content=\"de_DE\" \/>\n<meta property=\"og:type\" content=\"article\" \/>\n<meta property=\"og:title\" content=\"QiYi Six Spot Cube - stickerless - gRoods\" \/>\n<meta property=\"og:description\" content=\"QiYi Six Spot Cube &#8211; stickerless Der neue Six Spot Cube wurde von David Pitcher entworfen und wird seit 2019 von QiYi professionell unter Lizenz hergestellt. Es ist\u00a0 ist f\u00fcr jeden Anf\u00e4nger eine wirklich gute Einf\u00fchrung in die Welt der kurvenreichen R\u00e4tsel. Es ist ein einfacher Aufl\u00f6sungsw\u00fcrfel mit \u00c4sthetik, Qualit\u00e4t und fantastischen Drehgef\u00fchl. Es ist [&hellip;]\" \/>\n<meta property=\"og:url\" content=\"https:\/\/www.groods.de\/index.php\/produkt\/qiyi-six-spot-cube-stickerless\/\" \/>\n<meta property=\"og:site_name\" content=\"gRoods\" \/>\n<meta property=\"article:modified_time\" content=\"2025-01-22T10:00:57+00:00\" \/>\n<meta property=\"og:image\" content=\"https:\/\/www.groods.de\/wp-content\/uploads\/2019\/12\/6126_P_1573733644030.jpg\" \/>\n\t<meta property=\"og:image:width\" content=\"450\" \/>\n\t<meta property=\"og:image:height\" content=\"450\" \/>\n\t<meta property=\"og:image:type\" content=\"image\/jpeg\" \/>\n<meta name=\"twitter:card\" content=\"summary_large_image\" \/>\n<meta name=\"twitter:label1\" content=\"Gesch\u00e4tzte Lesezeit\" \/>\n\t<meta name=\"twitter:data1\" content=\"2\u00a0Minuten\" \/>\n<script type=\"application\/ld+json\" class=\"yoast-schema-graph\">{\"@context\":\"https:\/\/schema.org\",\"@graph\":[{\"@type\":\"WebPage\",\"@id\":\"https:\/\/www.groods.de\/index.php\/produkt\/qiyi-six-spot-cube-stickerless\/\",\"url\":\"https:\/\/www.groods.de\/index.php\/produkt\/qiyi-six-spot-cube-stickerless\/\",\"name\":\"QiYi Six Spot Cube - stickerless - gRoods\",\"isPartOf\":{\"@id\":\"https:\/\/www.groods.de\/#website\"},\"primaryImageOfPage\":{\"@id\":\"https:\/\/www.groods.de\/index.php\/produkt\/qiyi-six-spot-cube-stickerless\/#primaryimage\"},\"image\":{\"@id\":\"https:\/\/www.groods.de\/index.php\/produkt\/qiyi-six-spot-cube-stickerless\/#primaryimage\"},\"thumbnailUrl\":\"https:\/\/www.groods.de\/wp-content\/uploads\/2019\/12\/6126_P_1573733644030.jpg\",\"datePublished\":\"2019-12-30T19:10:23+00:00\",\"dateModified\":\"2025-01-22T10:00:57+00:00\",\"breadcrumb\":{\"@id\":\"https:\/\/www.groods.de\/index.php\/produkt\/qiyi-six-spot-cube-stickerless\/#breadcrumb\"},\"inLanguage\":\"de\",\"potentialAction\":[{\"@type\":\"ReadAction\",\"target\":[\"https:\/\/www.groods.de\/index.php\/produkt\/qiyi-six-spot-cube-stickerless\/\"]}]},{\"@type\":\"ImageObject\",\"inLanguage\":\"de\",\"@id\":\"https:\/\/www.groods.de\/index.php\/produkt\/qiyi-six-spot-cube-stickerless\/#primaryimage\",\"url\":\"https:\/\/www.groods.de\/wp-content\/uploads\/2019\/12\/6126_P_1573733644030.jpg\",\"contentUrl\":\"https:\/\/www.groods.de\/wp-content\/uploads\/2019\/12\/6126_P_1573733644030.jpg\",\"width\":450,\"height\":450},{\"@type\":\"BreadcrumbList\",\"@id\":\"https:\/\/www.groods.de\/index.php\/produkt\/qiyi-six-spot-cube-stickerless\/#breadcrumb\",\"itemListElement\":[{\"@type\":\"ListItem\",\"position\":1,\"name\":\"Startseite\",\"item\":\"https:\/\/www.groods.de\/\"},{\"@type\":\"ListItem\",\"position\":2,\"name\":\"Shop\",\"item\":\"https:\/\/www.groods.de\/index.php\/shop\/\"},{\"@type\":\"ListItem\",\"position\":3,\"name\":\"QiYi Six Spot Cube &#8211; stickerless\"}]},{\"@type\":\"WebSite\",\"@id\":\"https:\/\/www.groods.de\/#website\",\"url\":\"https:\/\/www.groods.de\/\",\"name\":\"gRoods.de\",\"description\":\"Entdecke die Welt der Speedcubes\",\"publisher\":{\"@id\":\"https:\/\/www.groods.de\/#organization\"},\"potentialAction\":[{\"@type\":\"SearchAction\",\"target\":{\"@type\":\"EntryPoint\",\"urlTemplate\":\"https:\/\/www.groods.de\/?s={search_term_string}\"},\"query-input\":{\"@type\":\"PropertyValueSpecification\",\"valueRequired\":true,\"valueName\":\"search_term_string\"}}],\"inLanguage\":\"de\"},{\"@type\":\"Organization\",\"@id\":\"https:\/\/www.groods.de\/#organization\",\"name\":\"gRoods.de\",\"url\":\"https:\/\/www.groods.de\/\",\"logo\":{\"@type\":\"ImageObject\",\"inLanguage\":\"de\",\"@id\":\"https:\/\/www.groods.de\/#\/schema\/logo\/image\/\",\"url\":\"https:\/\/www.groods.de\/wp-content\/uploads\/2018\/08\/logo.png\",\"contentUrl\":\"https:\/\/www.groods.de\/wp-content\/uploads\/2018\/08\/logo.png\",\"width\":1077,\"height\":373,\"caption\":\"gRoods.de\"},\"image\":{\"@id\":\"https:\/\/www.groods.de\/#\/schema\/logo\/image\/\"}}]}<\/script>\n<!-- \/ Yoast SEO plugin. -->","yoast_head_json":{"title":"QiYi Six Spot Cube - stickerless - gRoods","robots":{"index":"index","follow":"follow","max-snippet":"max-snippet:-1","max-image-preview":"max-image-preview:large","max-video-preview":"max-video-preview:-1"},"canonical":"https:\/\/www.groods.de\/index.php\/produkt\/qiyi-six-spot-cube-stickerless\/","og_locale":"de_DE","og_type":"article","og_title":"QiYi Six Spot Cube - stickerless - gRoods","og_description":"QiYi Six Spot Cube &#8211; stickerless Der neue Six Spot Cube wurde von David Pitcher entworfen und wird seit 2019 von QiYi professionell unter Lizenz hergestellt. Es ist\u00a0 ist f\u00fcr jeden Anf\u00e4nger eine wirklich gute Einf\u00fchrung in die Welt der kurvenreichen R\u00e4tsel. Es ist ein einfacher Aufl\u00f6sungsw\u00fcrfel mit \u00c4sthetik, Qualit\u00e4t und fantastischen Drehgef\u00fchl. Es ist [&hellip;]","og_url":"https:\/\/www.groods.de\/index.php\/produkt\/qiyi-six-spot-cube-stickerless\/","og_site_name":"gRoods","article_modified_time":"2025-01-22T10:00:57+00:00","og_image":[{"width":450,"height":450,"url":"https:\/\/www.groods.de\/wp-content\/uploads\/2019\/12\/6126_P_1573733644030.jpg","type":"image\/jpeg"}],"twitter_card":"summary_large_image","twitter_misc":{"Gesch\u00e4tzte Lesezeit":"2\u00a0Minuten"},"schema":{"@context":"https:\/\/schema.org","@graph":[{"@type":"WebPage","@id":"https:\/\/www.groods.de\/index.php\/produkt\/qiyi-six-spot-cube-stickerless\/","url":"https:\/\/www.groods.de\/index.php\/produkt\/qiyi-six-spot-cube-stickerless\/","name":"QiYi Six Spot Cube - stickerless - gRoods","isPartOf":{"@id":"https:\/\/www.groods.de\/#website"},"primaryImageOfPage":{"@id":"https:\/\/www.groods.de\/index.php\/produkt\/qiyi-six-spot-cube-stickerless\/#primaryimage"},"image":{"@id":"https:\/\/www.groods.de\/index.php\/produkt\/qiyi-six-spot-cube-stickerless\/#primaryimage"},"thumbnailUrl":"https:\/\/www.groods.de\/wp-content\/uploads\/2019\/12\/6126_P_1573733644030.jpg","datePublished":"2019-12-30T19:10:23+00:00","dateModified":"2025-01-22T10:00:57+00:00","breadcrumb":{"@id":"https:\/\/www.groods.de\/index.php\/produkt\/qiyi-six-spot-cube-stickerless\/#breadcrumb"},"inLanguage":"de","potentialAction":[{"@type":"ReadAction","target":["https:\/\/www.groods.de\/index.php\/produkt\/qiyi-six-spot-cube-stickerless\/"]}]},{"@type":"ImageObject","inLanguage":"de","@id":"https:\/\/www.groods.de\/index.php\/produkt\/qiyi-six-spot-cube-stickerless\/#primaryimage","url":"https:\/\/www.groods.de\/wp-content\/uploads\/2019\/12\/6126_P_1573733644030.jpg","contentUrl":"https:\/\/www.groods.de\/wp-content\/uploads\/2019\/12\/6126_P_1573733644030.jpg","width":450,"height":450},{"@type":"BreadcrumbList","@id":"https:\/\/www.groods.de\/index.php\/produkt\/qiyi-six-spot-cube-stickerless\/#breadcrumb","itemListElement":[{"@type":"ListItem","position":1,"name":"Startseite","item":"https:\/\/www.groods.de\/"},{"@type":"ListItem","position":2,"name":"Shop","item":"https:\/\/www.groods.de\/index.php\/shop\/"},{"@type":"ListItem","position":3,"name":"QiYi Six Spot Cube &#8211; stickerless"}]},{"@type":"WebSite","@id":"https:\/\/www.groods.de\/#website","url":"https:\/\/www.groods.de\/","name":"gRoods.de","description":"Entdecke die Welt der Speedcubes","publisher":{"@id":"https:\/\/www.groods.de\/#organization"},"potentialAction":[{"@type":"SearchAction","target":{"@type":"EntryPoint","urlTemplate":"https:\/\/www.groods.de\/?s={search_term_string}"},"query-input":{"@type":"PropertyValueSpecification","valueRequired":true,"valueName":"search_term_string"}}],"inLanguage":"de"},{"@type":"Organization","@id":"https:\/\/www.groods.de\/#organization","name":"gRoods.de","url":"https:\/\/www.groods.de\/","logo":{"@type":"ImageObject","inLanguage":"de","@id":"https:\/\/www.groods.de\/#\/schema\/logo\/image\/","url":"https:\/\/www.groods.de\/wp-content\/uploads\/2018\/08\/logo.png","contentUrl":"https:\/\/www.groods.de\/wp-content\/uploads\/2018\/08\/logo.png","width":1077,"height":373,"caption":"gRoods.de"},"image":{"@id":"https:\/\/www.groods.de\/#\/schema\/logo\/image\/"}}]}},"_links":{"self":[{"href":"https:\/\/www.groods.de\/index.php\/wp-json\/wp\/v2\/product\/4710","targetHints":{"allow":["GET"]}}],"collection":[{"href":"https:\/\/www.groods.de\/index.php\/wp-json\/wp\/v2\/product"}],"about":[{"href":"https:\/\/www.groods.de\/index.php\/wp-json\/wp\/v2\/types\/product"}],"replies":[{"embeddable":true,"href":"https:\/\/www.groods.de\/index.php\/wp-json\/wp\/v2\/comments?post=4710"}],"wp:featuredmedia":[{"embeddable":true,"href":"https:\/\/www.groods.de\/index.php\/wp-json\/wp\/v2\/media\/6319"}],"wp:attachment":[{"href":"https:\/\/www.groods.de\/index.php\/wp-json\/wp\/v2\/media?parent=4710"}],"wp:term":[{"taxonomy":"product_brand","embeddable":true,"href":"https:\/\/www.groods.de\/index.php\/wp-json\/wp\/v2\/product_brand?post=4710"},{"taxonomy":"product_cat","embeddable":true,"href":"https:\/\/www.groods.de\/index.php\/wp-json\/wp\/v2\/product_cat?post=4710"},{"taxonomy":"product_tag","embeddable":true,"href":"https:\/\/www.groods.de\/index.php\/wp-json\/wp\/v2\/product_tag?post=4710"}],"curies":[{"name":"wp","href":"https:\/\/api.w.org\/{rel}","templated":true}]}}