{"id":4704,"date":"2019-12-30T20:08:46","date_gmt":"2019-12-30T19:08:46","guid":{"rendered":"https:\/\/www.groods.de\/index.php\/produkt\/moyu-meilong-maple-leaves-skewb-stickerless\/"},"modified":"2025-11-19T22:28:29","modified_gmt":"2025-11-19T21:28:29","slug":"moyu-meilong-maple-leaves-skewb-stickerless","status":"publish","type":"product","link":"https:\/\/www.groods.de\/index.php\/produkt\/moyu-meilong-maple-leaves-skewb-stickerless\/","title":{"rendered":"MoYu Meilong Maple Leaves SKEWB &#8211; stickerless"},"content":{"rendered":"<h1>MoYu Meilong Maple Leaves SKEWB &#8211; stickerless<\/h1>\n<p>Der brandneue MFJS MeiLong Maple Leaf SKEWB hat einen neuen Drehstil mit neuen Farbt\u00f6nen. Es ist ein Puzzle, das sich genau wie ein SKEWB dreht, aber einige zus\u00e4tzliche Freiheitsgrade aufweist. Seine mattierte Oberfl\u00e4che macht diesen W\u00fcrfel super glatt und leicht zu l\u00f6sen. Wenn Sie die Zentren ausrichten, k\u00f6nnen Sie eine kurvige Drehung im Copter-Stil durchf\u00fchren, bei der drei Teile von jeder Mitte ausgetauscht werden.<\/p>\n<p>Dieses Puzzle ist sicher eine Herausforderung f\u00fcr Anf\u00e4nger und erfahrene Puzzler.<\/p>\n<h3>Eigenschaften<\/h3>\n<ul>\n<li>glatte Oberfl\u00e4che und schnelle Drehgeschwindigkeit<\/li>\n<li class=\"md-end-block\">neu und Originalverpackt<\/li>\n<li class=\"md-end-block\">aus hochwertigem ABS Material, das umweltfreundlich, ungiftig und langlebig ist<\/li>\n<li class=\"md-end-block\">Design: stickerless<\/li>\n<li class=\"md-end-block\">geschmeidige Rotation und komfortables Spielgef\u00fchl<\/li>\n<li class=\"md-end-block\">ausgezeichnete Fehlertoleranz f\u00fcr besonders schnelle Zeiten<\/li>\n<li>Viele Stunden Spa\u00df und Kopfzerbrechen mit Freunden und Familie sind garantiert<\/li>\n<\/ul>\n<h3>Spezifikationen<\/h3>\n<ul>\n<li>Farbe: Stickerless<\/li>\n<li>Material: Kunststoff<\/li>\n<li>Produkt Abmessungen: 5,7 x <span class=\"\">5,7 x <\/span>5,7 cm<\/li>\n<li>Produkt Gewicht: 110g<\/li>\n<li>Verpackung: Karton Box<\/li>\n<\/ul>\n<p>&nbsp;<\/p>\n","protected":false},"excerpt":{"rendered":"<p>MoYu Meilong Maple Leaves SKEWB &#8211; stickerless Der brandneue MFJS MeiLong Maple Leaf SKEWB hat einen neuen Drehstil mit neuen Farbt\u00f6nen. Es ist ein Puzzle, das sich genau wie ein SKEWB dreht, aber einige zus\u00e4tzliche Freiheitsgrade aufweist. Seine mattierte Oberfl\u00e4che macht diesen W\u00fcrfel super glatt und leicht zu l\u00f6sen. Wenn Sie die Zentren ausrichten, k\u00f6nnen [&hellip;]<\/p>\n","protected":false},"featured_media":6340,"comment_status":"open","ping_status":"closed","template":"","meta":[],"product_brand":[],"product_cat":[45,38,86,103],"product_tag":[],"class_list":{"0":"post-4704","1":"product","2":"type-product","3":"status-publish","4":"has-post-thumbnail","6":"product_cat-andere-formen","7":"product_cat-moyu","8":"product_cat-neue-produkte","9":"product_cat-skewb","11":"first","12":"instock","13":"taxable","14":"shipping-taxable","15":"purchasable","16":"product-type-simple"},"yoast_head":"<!-- This site is optimized with the Yoast SEO plugin v26.7 - https:\/\/yoast.com\/wordpress\/plugins\/seo\/ -->\n<title>MoYu Meilong Maple Leaves SKEWB - stickerless - gRoods<\/title>\n<meta name=\"robots\" content=\"index, follow, max-snippet:-1, max-image-preview:large, max-video-preview:-1\" \/>\n<link rel=\"canonical\" href=\"https:\/\/www.groods.de\/index.php\/produkt\/moyu-meilong-maple-leaves-skewb-stickerless\/\" \/>\n<meta property=\"og:locale\" content=\"de_DE\" \/>\n<meta property=\"og:type\" content=\"article\" \/>\n<meta property=\"og:title\" content=\"MoYu Meilong Maple Leaves SKEWB - stickerless - gRoods\" \/>\n<meta property=\"og:description\" content=\"MoYu Meilong Maple Leaves SKEWB &#8211; stickerless Der brandneue MFJS MeiLong Maple Leaf SKEWB hat einen neuen Drehstil mit neuen Farbt\u00f6nen. Es ist ein Puzzle, das sich genau wie ein SKEWB dreht, aber einige zus\u00e4tzliche Freiheitsgrade aufweist. Seine mattierte Oberfl\u00e4che macht diesen W\u00fcrfel super glatt und leicht zu l\u00f6sen. Wenn Sie die Zentren ausrichten, k\u00f6nnen [&hellip;]\" \/>\n<meta property=\"og:url\" content=\"https:\/\/www.groods.de\/index.php\/produkt\/moyu-meilong-maple-leaves-skewb-stickerless\/\" \/>\n<meta property=\"og:site_name\" content=\"gRoods\" \/>\n<meta property=\"article:modified_time\" content=\"2025-11-19T21:28:29+00:00\" \/>\n<meta property=\"og:image\" content=\"https:\/\/www.groods.de\/wp-content\/uploads\/2019\/12\/MoYu-Meilong-Maple-Leaves-SKEWB-stickerless-2.jpg\" \/>\n\t<meta property=\"og:image:width\" content=\"800\" \/>\n\t<meta property=\"og:image:height\" content=\"800\" \/>\n\t<meta property=\"og:image:type\" content=\"image\/jpeg\" \/>\n<meta name=\"twitter:card\" content=\"summary_large_image\" \/>\n<meta name=\"twitter:label1\" content=\"Gesch\u00e4tzte Lesezeit\" \/>\n\t<meta name=\"twitter:data1\" content=\"1\u00a0Minute\" \/>\n<script type=\"application\/ld+json\" class=\"yoast-schema-graph\">{\"@context\":\"https:\/\/schema.org\",\"@graph\":[{\"@type\":\"WebPage\",\"@id\":\"https:\/\/www.groods.de\/index.php\/produkt\/moyu-meilong-maple-leaves-skewb-stickerless\/\",\"url\":\"https:\/\/www.groods.de\/index.php\/produkt\/moyu-meilong-maple-leaves-skewb-stickerless\/\",\"name\":\"MoYu Meilong Maple Leaves SKEWB - stickerless - gRoods\",\"isPartOf\":{\"@id\":\"https:\/\/www.groods.de\/#website\"},\"primaryImageOfPage\":{\"@id\":\"https:\/\/www.groods.de\/index.php\/produkt\/moyu-meilong-maple-leaves-skewb-stickerless\/#primaryimage\"},\"image\":{\"@id\":\"https:\/\/www.groods.de\/index.php\/produkt\/moyu-meilong-maple-leaves-skewb-stickerless\/#primaryimage\"},\"thumbnailUrl\":\"https:\/\/www.groods.de\/wp-content\/uploads\/2019\/12\/MoYu-Meilong-Maple-Leaves-SKEWB-stickerless-2.jpg\",\"datePublished\":\"2019-12-30T19:08:46+00:00\",\"dateModified\":\"2025-11-19T21:28:29+00:00\",\"breadcrumb\":{\"@id\":\"https:\/\/www.groods.de\/index.php\/produkt\/moyu-meilong-maple-leaves-skewb-stickerless\/#breadcrumb\"},\"inLanguage\":\"de\",\"potentialAction\":[{\"@type\":\"ReadAction\",\"target\":[\"https:\/\/www.groods.de\/index.php\/produkt\/moyu-meilong-maple-leaves-skewb-stickerless\/\"]}]},{\"@type\":\"ImageObject\",\"inLanguage\":\"de\",\"@id\":\"https:\/\/www.groods.de\/index.php\/produkt\/moyu-meilong-maple-leaves-skewb-stickerless\/#primaryimage\",\"url\":\"https:\/\/www.groods.de\/wp-content\/uploads\/2019\/12\/MoYu-Meilong-Maple-Leaves-SKEWB-stickerless-2.jpg\",\"contentUrl\":\"https:\/\/www.groods.de\/wp-content\/uploads\/2019\/12\/MoYu-Meilong-Maple-Leaves-SKEWB-stickerless-2.jpg\",\"width\":800,\"height\":800},{\"@type\":\"BreadcrumbList\",\"@id\":\"https:\/\/www.groods.de\/index.php\/produkt\/moyu-meilong-maple-leaves-skewb-stickerless\/#breadcrumb\",\"itemListElement\":[{\"@type\":\"ListItem\",\"position\":1,\"name\":\"Startseite\",\"item\":\"https:\/\/www.groods.de\/\"},{\"@type\":\"ListItem\",\"position\":2,\"name\":\"Shop\",\"item\":\"https:\/\/www.groods.de\/index.php\/shop\/\"},{\"@type\":\"ListItem\",\"position\":3,\"name\":\"MoYu Meilong Maple Leaves SKEWB &#8211; stickerless\"}]},{\"@type\":\"WebSite\",\"@id\":\"https:\/\/www.groods.de\/#website\",\"url\":\"https:\/\/www.groods.de\/\",\"name\":\"gRoods.de\",\"description\":\"Entdecke die Welt der Speedcubes\",\"publisher\":{\"@id\":\"https:\/\/www.groods.de\/#organization\"},\"potentialAction\":[{\"@type\":\"SearchAction\",\"target\":{\"@type\":\"EntryPoint\",\"urlTemplate\":\"https:\/\/www.groods.de\/?s={search_term_string}\"},\"query-input\":{\"@type\":\"PropertyValueSpecification\",\"valueRequired\":true,\"valueName\":\"search_term_string\"}}],\"inLanguage\":\"de\"},{\"@type\":\"Organization\",\"@id\":\"https:\/\/www.groods.de\/#organization\",\"name\":\"gRoods.de\",\"url\":\"https:\/\/www.groods.de\/\",\"logo\":{\"@type\":\"ImageObject\",\"inLanguage\":\"de\",\"@id\":\"https:\/\/www.groods.de\/#\/schema\/logo\/image\/\",\"url\":\"https:\/\/www.groods.de\/wp-content\/uploads\/2018\/08\/logo.png\",\"contentUrl\":\"https:\/\/www.groods.de\/wp-content\/uploads\/2018\/08\/logo.png\",\"width\":1077,\"height\":373,\"caption\":\"gRoods.de\"},\"image\":{\"@id\":\"https:\/\/www.groods.de\/#\/schema\/logo\/image\/\"}}]}<\/script>\n<!-- \/ Yoast SEO plugin. -->","yoast_head_json":{"title":"MoYu Meilong Maple Leaves SKEWB - stickerless - gRoods","robots":{"index":"index","follow":"follow","max-snippet":"max-snippet:-1","max-image-preview":"max-image-preview:large","max-video-preview":"max-video-preview:-1"},"canonical":"https:\/\/www.groods.de\/index.php\/produkt\/moyu-meilong-maple-leaves-skewb-stickerless\/","og_locale":"de_DE","og_type":"article","og_title":"MoYu Meilong Maple Leaves SKEWB - stickerless - gRoods","og_description":"MoYu Meilong Maple Leaves SKEWB &#8211; stickerless Der brandneue MFJS MeiLong Maple Leaf SKEWB hat einen neuen Drehstil mit neuen Farbt\u00f6nen. Es ist ein Puzzle, das sich genau wie ein SKEWB dreht, aber einige zus\u00e4tzliche Freiheitsgrade aufweist. Seine mattierte Oberfl\u00e4che macht diesen W\u00fcrfel super glatt und leicht zu l\u00f6sen. Wenn Sie die Zentren ausrichten, k\u00f6nnen [&hellip;]","og_url":"https:\/\/www.groods.de\/index.php\/produkt\/moyu-meilong-maple-leaves-skewb-stickerless\/","og_site_name":"gRoods","article_modified_time":"2025-11-19T21:28:29+00:00","og_image":[{"width":800,"height":800,"url":"https:\/\/www.groods.de\/wp-content\/uploads\/2019\/12\/MoYu-Meilong-Maple-Leaves-SKEWB-stickerless-2.jpg","type":"image\/jpeg"}],"twitter_card":"summary_large_image","twitter_misc":{"Gesch\u00e4tzte Lesezeit":"1\u00a0Minute"},"schema":{"@context":"https:\/\/schema.org","@graph":[{"@type":"WebPage","@id":"https:\/\/www.groods.de\/index.php\/produkt\/moyu-meilong-maple-leaves-skewb-stickerless\/","url":"https:\/\/www.groods.de\/index.php\/produkt\/moyu-meilong-maple-leaves-skewb-stickerless\/","name":"MoYu Meilong Maple Leaves SKEWB - stickerless - gRoods","isPartOf":{"@id":"https:\/\/www.groods.de\/#website"},"primaryImageOfPage":{"@id":"https:\/\/www.groods.de\/index.php\/produkt\/moyu-meilong-maple-leaves-skewb-stickerless\/#primaryimage"},"image":{"@id":"https:\/\/www.groods.de\/index.php\/produkt\/moyu-meilong-maple-leaves-skewb-stickerless\/#primaryimage"},"thumbnailUrl":"https:\/\/www.groods.de\/wp-content\/uploads\/2019\/12\/MoYu-Meilong-Maple-Leaves-SKEWB-stickerless-2.jpg","datePublished":"2019-12-30T19:08:46+00:00","dateModified":"2025-11-19T21:28:29+00:00","breadcrumb":{"@id":"https:\/\/www.groods.de\/index.php\/produkt\/moyu-meilong-maple-leaves-skewb-stickerless\/#breadcrumb"},"inLanguage":"de","potentialAction":[{"@type":"ReadAction","target":["https:\/\/www.groods.de\/index.php\/produkt\/moyu-meilong-maple-leaves-skewb-stickerless\/"]}]},{"@type":"ImageObject","inLanguage":"de","@id":"https:\/\/www.groods.de\/index.php\/produkt\/moyu-meilong-maple-leaves-skewb-stickerless\/#primaryimage","url":"https:\/\/www.groods.de\/wp-content\/uploads\/2019\/12\/MoYu-Meilong-Maple-Leaves-SKEWB-stickerless-2.jpg","contentUrl":"https:\/\/www.groods.de\/wp-content\/uploads\/2019\/12\/MoYu-Meilong-Maple-Leaves-SKEWB-stickerless-2.jpg","width":800,"height":800},{"@type":"BreadcrumbList","@id":"https:\/\/www.groods.de\/index.php\/produkt\/moyu-meilong-maple-leaves-skewb-stickerless\/#breadcrumb","itemListElement":[{"@type":"ListItem","position":1,"name":"Startseite","item":"https:\/\/www.groods.de\/"},{"@type":"ListItem","position":2,"name":"Shop","item":"https:\/\/www.groods.de\/index.php\/shop\/"},{"@type":"ListItem","position":3,"name":"MoYu Meilong Maple Leaves SKEWB &#8211; stickerless"}]},{"@type":"WebSite","@id":"https:\/\/www.groods.de\/#website","url":"https:\/\/www.groods.de\/","name":"gRoods.de","description":"Entdecke die Welt der Speedcubes","publisher":{"@id":"https:\/\/www.groods.de\/#organization"},"potentialAction":[{"@type":"SearchAction","target":{"@type":"EntryPoint","urlTemplate":"https:\/\/www.groods.de\/?s={search_term_string}"},"query-input":{"@type":"PropertyValueSpecification","valueRequired":true,"valueName":"search_term_string"}}],"inLanguage":"de"},{"@type":"Organization","@id":"https:\/\/www.groods.de\/#organization","name":"gRoods.de","url":"https:\/\/www.groods.de\/","logo":{"@type":"ImageObject","inLanguage":"de","@id":"https:\/\/www.groods.de\/#\/schema\/logo\/image\/","url":"https:\/\/www.groods.de\/wp-content\/uploads\/2018\/08\/logo.png","contentUrl":"https:\/\/www.groods.de\/wp-content\/uploads\/2018\/08\/logo.png","width":1077,"height":373,"caption":"gRoods.de"},"image":{"@id":"https:\/\/www.groods.de\/#\/schema\/logo\/image\/"}}]}},"_links":{"self":[{"href":"https:\/\/www.groods.de\/index.php\/wp-json\/wp\/v2\/product\/4704","targetHints":{"allow":["GET"]}}],"collection":[{"href":"https:\/\/www.groods.de\/index.php\/wp-json\/wp\/v2\/product"}],"about":[{"href":"https:\/\/www.groods.de\/index.php\/wp-json\/wp\/v2\/types\/product"}],"replies":[{"embeddable":true,"href":"https:\/\/www.groods.de\/index.php\/wp-json\/wp\/v2\/comments?post=4704"}],"wp:featuredmedia":[{"embeddable":true,"href":"https:\/\/www.groods.de\/index.php\/wp-json\/wp\/v2\/media\/6340"}],"wp:attachment":[{"href":"https:\/\/www.groods.de\/index.php\/wp-json\/wp\/v2\/media?parent=4704"}],"wp:term":[{"taxonomy":"product_brand","embeddable":true,"href":"https:\/\/www.groods.de\/index.php\/wp-json\/wp\/v2\/product_brand?post=4704"},{"taxonomy":"product_cat","embeddable":true,"href":"https:\/\/www.groods.de\/index.php\/wp-json\/wp\/v2\/product_cat?post=4704"},{"taxonomy":"product_tag","embeddable":true,"href":"https:\/\/www.groods.de\/index.php\/wp-json\/wp\/v2\/product_tag?post=4704"}],"curies":[{"name":"wp","href":"https:\/\/api.w.org\/{rel}","templated":true}]}}