{"id":4702,"date":"2019-12-30T20:08:28","date_gmt":"2019-12-30T19:08:28","guid":{"rendered":"https:\/\/www.groods.de\/index.php\/produkt\/moyu-meilong-2x2-mega-kibiminx-cube-stickerless\/"},"modified":"2025-11-19T22:28:33","modified_gmt":"2025-11-19T21:28:33","slug":"moyu-meilong-2x2-mega-kibiminx-cube-stickerless","status":"publish","type":"product","link":"https:\/\/www.groods.de\/index.php\/produkt\/moyu-meilong-2x2-mega-kibiminx-cube-stickerless\/","title":{"rendered":"MoYu Meilong 2&#215;2 Mega KIBIMINX Cube &#8211; stickerless"},"content":{"rendered":"<h1>MoYu Meilong 2&#215;2 Mega KIBIMINX Cube &#8211; stickerless<\/h1>\n<p>Kibiminx ist ein Formmod, der mit dem 2&#215;2 Megaminx verwandt ist. Dieser W\u00fcrfel hat ein geriffeltes Design, welches das Halten erleichtert. Das mattierte Design auf der Oberfl\u00e4che sorgt f\u00fcr ein gutes Handgef\u00fchl und vermeidet Kratzer auf dem W\u00fcrfel ohne Aufkleber.<\/p>\n<p>&#8222;Mein Lieblings-Twisty-Puzzle ist hei\u00dft Kibiminx. Ich bezeichne es als 2 mal 2 Megaminx. Bisher hatte nur ShengShou geschafft einen 2&#215;2 Megaminx in Serie zu produzieren. Ich liebe es, es zu benutzen und es ist gut gestaltet. Es blockiert auch nicht so oft wir der ShengShou. Es ist das Baby der Megaminx-Familie.&#8220;<\/p>\n<p>Es gab eine Petition, um das 2 mal 2 Megaminx zu einem WCA-W\u00fcrfel zu machen. Es wurde jedoch nicht akzeptiert und daher storniert. Der inoffizielle Weltrekord f\u00fcr die 2 x 2 Megaminx liegt bei 19,41 Sekunden, die Kubz Brozers aufgestellt hat. Es ist 32 mm, 142,6 g und hat das 12-seitige Farbschema von Shengshou. Wenn Sie diesen W\u00fcrfel f\u00fcr eine Weile machen und zum Megaminx wechseln, f\u00fchlt es sich komisch an, weil Sie zwischen gro\u00dfen und winzigen St\u00fccken wechseln.<\/p>\n<h3>Eigenschaften<\/h3>\n<ul>\n<li>glatte Oberfl\u00e4che und schnelle Drehgeschwindigkeit<\/li>\n<li class=\"md-end-block\">neu und Originalverpackt<\/li>\n<li class=\"md-end-block\">aus hochwertigem ABS Material, das umweltfreundlich, ungiftig und langlebig ist<\/li>\n<li class=\"md-end-block\">Design: stickerless<\/li>\n<li class=\"md-end-block\">geschmeidige Rotation und komfortables Spielgef\u00fchl<\/li>\n<li class=\"md-end-block\">ausgezeichnete Fehlertoleranz f\u00fcr besonders schnelle Zeiten<\/li>\n<li>Viele Stunden Spa\u00df und Kopfzerbrechen mit Freunden und Familie sind garantiert<\/li>\n<\/ul>\n<h3>Spezifikationen<\/h3>\n<ul>\n<li>Farbe: Stickerless<\/li>\n<li>Material: Kunststoff<\/li>\n<li>Produkt Abmessungen: 8,2 x <span class=\"\">8,2 x <\/span>7,1 cm<\/li>\n<li>Produkt Gewicht: 164g<\/li>\n<li>Verpackung: Karton Box<\/li>\n<\/ul>\n<p>&nbsp;<\/p>\n","protected":false},"excerpt":{"rendered":"<p>MoYu Meilong 2&#215;2 Mega KIBIMINX Cube &#8211; stickerless Kibiminx ist ein Formmod, der mit dem 2&#215;2 Megaminx verwandt ist. Dieser W\u00fcrfel hat ein geriffeltes Design, welches das Halten erleichtert. Das mattierte Design auf der Oberfl\u00e4che sorgt f\u00fcr ein gutes Handgef\u00fchl und vermeidet Kratzer auf dem W\u00fcrfel ohne Aufkleber. &#8222;Mein Lieblings-Twisty-Puzzle ist hei\u00dft Kibiminx. Ich bezeichne [&hellip;]<\/p>\n","protected":false},"featured_media":6353,"comment_status":"open","ping_status":"closed","template":"","meta":[],"product_brand":[],"product_cat":[52,45,101,38,86,19],"product_tag":[],"class_list":{"0":"post-4702","1":"product","2":"type-product","3":"status-publish","4":"has-post-thumbnail","6":"product_cat-2x2","7":"product_cat-andere-formen","8":"product_cat-megaminx","9":"product_cat-moyu","10":"product_cat-neue-produkte","11":"product_cat-zauberwuerfel","13":"first","14":"instock","15":"taxable","16":"shipping-taxable","17":"purchasable","18":"product-type-simple"},"yoast_head":"<!-- This site is optimized with the Yoast SEO plugin v26.7 - https:\/\/yoast.com\/wordpress\/plugins\/seo\/ -->\n<title>MoYu Meilong 2x2 Mega KIBIMINX Cube - stickerless - gRoods<\/title>\n<meta name=\"robots\" content=\"index, follow, max-snippet:-1, max-image-preview:large, max-video-preview:-1\" \/>\n<link rel=\"canonical\" href=\"https:\/\/www.groods.de\/index.php\/produkt\/moyu-meilong-2x2-mega-kibiminx-cube-stickerless\/\" \/>\n<meta property=\"og:locale\" content=\"de_DE\" \/>\n<meta property=\"og:type\" content=\"article\" \/>\n<meta property=\"og:title\" content=\"MoYu Meilong 2x2 Mega KIBIMINX Cube - stickerless - gRoods\" \/>\n<meta property=\"og:description\" content=\"MoYu Meilong 2&#215;2 Mega KIBIMINX Cube &#8211; stickerless Kibiminx ist ein Formmod, der mit dem 2&#215;2 Megaminx verwandt ist. Dieser W\u00fcrfel hat ein geriffeltes Design, welches das Halten erleichtert. Das mattierte Design auf der Oberfl\u00e4che sorgt f\u00fcr ein gutes Handgef\u00fchl und vermeidet Kratzer auf dem W\u00fcrfel ohne Aufkleber. &#8222;Mein Lieblings-Twisty-Puzzle ist hei\u00dft Kibiminx. Ich bezeichne [&hellip;]\" \/>\n<meta property=\"og:url\" content=\"https:\/\/www.groods.de\/index.php\/produkt\/moyu-meilong-2x2-mega-kibiminx-cube-stickerless\/\" \/>\n<meta property=\"og:site_name\" content=\"gRoods\" \/>\n<meta property=\"article:modified_time\" content=\"2025-11-19T21:28:33+00:00\" \/>\n<meta property=\"og:image\" content=\"https:\/\/www.groods.de\/wp-content\/uploads\/2019\/12\/MoYu-Meilong-2x2-Mega-KIBIMINX-Cube-stickerless-7.jpg\" \/>\n\t<meta property=\"og:image:width\" content=\"1024\" \/>\n\t<meta property=\"og:image:height\" content=\"1024\" \/>\n\t<meta property=\"og:image:type\" content=\"image\/jpeg\" \/>\n<meta name=\"twitter:card\" content=\"summary_large_image\" \/>\n<meta name=\"twitter:label1\" content=\"Gesch\u00e4tzte Lesezeit\" \/>\n\t<meta name=\"twitter:data1\" content=\"2\u00a0Minuten\" \/>\n<script type=\"application\/ld+json\" class=\"yoast-schema-graph\">{\"@context\":\"https:\/\/schema.org\",\"@graph\":[{\"@type\":\"WebPage\",\"@id\":\"https:\/\/www.groods.de\/index.php\/produkt\/moyu-meilong-2x2-mega-kibiminx-cube-stickerless\/\",\"url\":\"https:\/\/www.groods.de\/index.php\/produkt\/moyu-meilong-2x2-mega-kibiminx-cube-stickerless\/\",\"name\":\"MoYu Meilong 2x2 Mega KIBIMINX Cube - stickerless - gRoods\",\"isPartOf\":{\"@id\":\"https:\/\/www.groods.de\/#website\"},\"primaryImageOfPage\":{\"@id\":\"https:\/\/www.groods.de\/index.php\/produkt\/moyu-meilong-2x2-mega-kibiminx-cube-stickerless\/#primaryimage\"},\"image\":{\"@id\":\"https:\/\/www.groods.de\/index.php\/produkt\/moyu-meilong-2x2-mega-kibiminx-cube-stickerless\/#primaryimage\"},\"thumbnailUrl\":\"https:\/\/www.groods.de\/wp-content\/uploads\/2019\/12\/MoYu-Meilong-2x2-Mega-KIBIMINX-Cube-stickerless-7.jpg\",\"datePublished\":\"2019-12-30T19:08:28+00:00\",\"dateModified\":\"2025-11-19T21:28:33+00:00\",\"breadcrumb\":{\"@id\":\"https:\/\/www.groods.de\/index.php\/produkt\/moyu-meilong-2x2-mega-kibiminx-cube-stickerless\/#breadcrumb\"},\"inLanguage\":\"de\",\"potentialAction\":[{\"@type\":\"ReadAction\",\"target\":[\"https:\/\/www.groods.de\/index.php\/produkt\/moyu-meilong-2x2-mega-kibiminx-cube-stickerless\/\"]}]},{\"@type\":\"ImageObject\",\"inLanguage\":\"de\",\"@id\":\"https:\/\/www.groods.de\/index.php\/produkt\/moyu-meilong-2x2-mega-kibiminx-cube-stickerless\/#primaryimage\",\"url\":\"https:\/\/www.groods.de\/wp-content\/uploads\/2019\/12\/MoYu-Meilong-2x2-Mega-KIBIMINX-Cube-stickerless-7.jpg\",\"contentUrl\":\"https:\/\/www.groods.de\/wp-content\/uploads\/2019\/12\/MoYu-Meilong-2x2-Mega-KIBIMINX-Cube-stickerless-7.jpg\",\"width\":1024,\"height\":1024},{\"@type\":\"BreadcrumbList\",\"@id\":\"https:\/\/www.groods.de\/index.php\/produkt\/moyu-meilong-2x2-mega-kibiminx-cube-stickerless\/#breadcrumb\",\"itemListElement\":[{\"@type\":\"ListItem\",\"position\":1,\"name\":\"Startseite\",\"item\":\"https:\/\/www.groods.de\/\"},{\"@type\":\"ListItem\",\"position\":2,\"name\":\"Shop\",\"item\":\"https:\/\/www.groods.de\/index.php\/shop\/\"},{\"@type\":\"ListItem\",\"position\":3,\"name\":\"MoYu Meilong 2&#215;2 Mega KIBIMINX Cube &#8211; stickerless\"}]},{\"@type\":\"WebSite\",\"@id\":\"https:\/\/www.groods.de\/#website\",\"url\":\"https:\/\/www.groods.de\/\",\"name\":\"gRoods.de\",\"description\":\"Entdecke die Welt der Speedcubes\",\"publisher\":{\"@id\":\"https:\/\/www.groods.de\/#organization\"},\"potentialAction\":[{\"@type\":\"SearchAction\",\"target\":{\"@type\":\"EntryPoint\",\"urlTemplate\":\"https:\/\/www.groods.de\/?s={search_term_string}\"},\"query-input\":{\"@type\":\"PropertyValueSpecification\",\"valueRequired\":true,\"valueName\":\"search_term_string\"}}],\"inLanguage\":\"de\"},{\"@type\":\"Organization\",\"@id\":\"https:\/\/www.groods.de\/#organization\",\"name\":\"gRoods.de\",\"url\":\"https:\/\/www.groods.de\/\",\"logo\":{\"@type\":\"ImageObject\",\"inLanguage\":\"de\",\"@id\":\"https:\/\/www.groods.de\/#\/schema\/logo\/image\/\",\"url\":\"https:\/\/www.groods.de\/wp-content\/uploads\/2018\/08\/logo.png\",\"contentUrl\":\"https:\/\/www.groods.de\/wp-content\/uploads\/2018\/08\/logo.png\",\"width\":1077,\"height\":373,\"caption\":\"gRoods.de\"},\"image\":{\"@id\":\"https:\/\/www.groods.de\/#\/schema\/logo\/image\/\"}}]}<\/script>\n<!-- \/ Yoast SEO plugin. -->","yoast_head_json":{"title":"MoYu Meilong 2x2 Mega KIBIMINX Cube - stickerless - gRoods","robots":{"index":"index","follow":"follow","max-snippet":"max-snippet:-1","max-image-preview":"max-image-preview:large","max-video-preview":"max-video-preview:-1"},"canonical":"https:\/\/www.groods.de\/index.php\/produkt\/moyu-meilong-2x2-mega-kibiminx-cube-stickerless\/","og_locale":"de_DE","og_type":"article","og_title":"MoYu Meilong 2x2 Mega KIBIMINX Cube - stickerless - gRoods","og_description":"MoYu Meilong 2&#215;2 Mega KIBIMINX Cube &#8211; stickerless Kibiminx ist ein Formmod, der mit dem 2&#215;2 Megaminx verwandt ist. Dieser W\u00fcrfel hat ein geriffeltes Design, welches das Halten erleichtert. Das mattierte Design auf der Oberfl\u00e4che sorgt f\u00fcr ein gutes Handgef\u00fchl und vermeidet Kratzer auf dem W\u00fcrfel ohne Aufkleber. &#8222;Mein Lieblings-Twisty-Puzzle ist hei\u00dft Kibiminx. Ich bezeichne [&hellip;]","og_url":"https:\/\/www.groods.de\/index.php\/produkt\/moyu-meilong-2x2-mega-kibiminx-cube-stickerless\/","og_site_name":"gRoods","article_modified_time":"2025-11-19T21:28:33+00:00","og_image":[{"width":1024,"height":1024,"url":"https:\/\/www.groods.de\/wp-content\/uploads\/2019\/12\/MoYu-Meilong-2x2-Mega-KIBIMINX-Cube-stickerless-7.jpg","type":"image\/jpeg"}],"twitter_card":"summary_large_image","twitter_misc":{"Gesch\u00e4tzte Lesezeit":"2\u00a0Minuten"},"schema":{"@context":"https:\/\/schema.org","@graph":[{"@type":"WebPage","@id":"https:\/\/www.groods.de\/index.php\/produkt\/moyu-meilong-2x2-mega-kibiminx-cube-stickerless\/","url":"https:\/\/www.groods.de\/index.php\/produkt\/moyu-meilong-2x2-mega-kibiminx-cube-stickerless\/","name":"MoYu Meilong 2x2 Mega KIBIMINX Cube - stickerless - gRoods","isPartOf":{"@id":"https:\/\/www.groods.de\/#website"},"primaryImageOfPage":{"@id":"https:\/\/www.groods.de\/index.php\/produkt\/moyu-meilong-2x2-mega-kibiminx-cube-stickerless\/#primaryimage"},"image":{"@id":"https:\/\/www.groods.de\/index.php\/produkt\/moyu-meilong-2x2-mega-kibiminx-cube-stickerless\/#primaryimage"},"thumbnailUrl":"https:\/\/www.groods.de\/wp-content\/uploads\/2019\/12\/MoYu-Meilong-2x2-Mega-KIBIMINX-Cube-stickerless-7.jpg","datePublished":"2019-12-30T19:08:28+00:00","dateModified":"2025-11-19T21:28:33+00:00","breadcrumb":{"@id":"https:\/\/www.groods.de\/index.php\/produkt\/moyu-meilong-2x2-mega-kibiminx-cube-stickerless\/#breadcrumb"},"inLanguage":"de","potentialAction":[{"@type":"ReadAction","target":["https:\/\/www.groods.de\/index.php\/produkt\/moyu-meilong-2x2-mega-kibiminx-cube-stickerless\/"]}]},{"@type":"ImageObject","inLanguage":"de","@id":"https:\/\/www.groods.de\/index.php\/produkt\/moyu-meilong-2x2-mega-kibiminx-cube-stickerless\/#primaryimage","url":"https:\/\/www.groods.de\/wp-content\/uploads\/2019\/12\/MoYu-Meilong-2x2-Mega-KIBIMINX-Cube-stickerless-7.jpg","contentUrl":"https:\/\/www.groods.de\/wp-content\/uploads\/2019\/12\/MoYu-Meilong-2x2-Mega-KIBIMINX-Cube-stickerless-7.jpg","width":1024,"height":1024},{"@type":"BreadcrumbList","@id":"https:\/\/www.groods.de\/index.php\/produkt\/moyu-meilong-2x2-mega-kibiminx-cube-stickerless\/#breadcrumb","itemListElement":[{"@type":"ListItem","position":1,"name":"Startseite","item":"https:\/\/www.groods.de\/"},{"@type":"ListItem","position":2,"name":"Shop","item":"https:\/\/www.groods.de\/index.php\/shop\/"},{"@type":"ListItem","position":3,"name":"MoYu Meilong 2&#215;2 Mega KIBIMINX Cube &#8211; stickerless"}]},{"@type":"WebSite","@id":"https:\/\/www.groods.de\/#website","url":"https:\/\/www.groods.de\/","name":"gRoods.de","description":"Entdecke die Welt der Speedcubes","publisher":{"@id":"https:\/\/www.groods.de\/#organization"},"potentialAction":[{"@type":"SearchAction","target":{"@type":"EntryPoint","urlTemplate":"https:\/\/www.groods.de\/?s={search_term_string}"},"query-input":{"@type":"PropertyValueSpecification","valueRequired":true,"valueName":"search_term_string"}}],"inLanguage":"de"},{"@type":"Organization","@id":"https:\/\/www.groods.de\/#organization","name":"gRoods.de","url":"https:\/\/www.groods.de\/","logo":{"@type":"ImageObject","inLanguage":"de","@id":"https:\/\/www.groods.de\/#\/schema\/logo\/image\/","url":"https:\/\/www.groods.de\/wp-content\/uploads\/2018\/08\/logo.png","contentUrl":"https:\/\/www.groods.de\/wp-content\/uploads\/2018\/08\/logo.png","width":1077,"height":373,"caption":"gRoods.de"},"image":{"@id":"https:\/\/www.groods.de\/#\/schema\/logo\/image\/"}}]}},"_links":{"self":[{"href":"https:\/\/www.groods.de\/index.php\/wp-json\/wp\/v2\/product\/4702","targetHints":{"allow":["GET"]}}],"collection":[{"href":"https:\/\/www.groods.de\/index.php\/wp-json\/wp\/v2\/product"}],"about":[{"href":"https:\/\/www.groods.de\/index.php\/wp-json\/wp\/v2\/types\/product"}],"replies":[{"embeddable":true,"href":"https:\/\/www.groods.de\/index.php\/wp-json\/wp\/v2\/comments?post=4702"}],"wp:featuredmedia":[{"embeddable":true,"href":"https:\/\/www.groods.de\/index.php\/wp-json\/wp\/v2\/media\/6353"}],"wp:attachment":[{"href":"https:\/\/www.groods.de\/index.php\/wp-json\/wp\/v2\/media?parent=4702"}],"wp:term":[{"taxonomy":"product_brand","embeddable":true,"href":"https:\/\/www.groods.de\/index.php\/wp-json\/wp\/v2\/product_brand?post=4702"},{"taxonomy":"product_cat","embeddable":true,"href":"https:\/\/www.groods.de\/index.php\/wp-json\/wp\/v2\/product_cat?post=4702"},{"taxonomy":"product_tag","embeddable":true,"href":"https:\/\/www.groods.de\/index.php\/wp-json\/wp\/v2\/product_tag?post=4702"}],"curies":[{"name":"wp","href":"https:\/\/api.w.org\/{rel}","templated":true}]}}