{"id":463,"date":"2018-09-01T01:52:01","date_gmt":"2018-08-31T23:52:01","guid":{"rendered":"https:\/\/www.groods.de\/?post_type=product&#038;p=463"},"modified":"2025-11-19T22:11:21","modified_gmt":"2025-11-19T21:11:21","slug":"speedcube-set-original-moyu-mf3s-zauberwuerfel-rubiks-cube-bundle-2x2-3x3-4x4-5x5","status":"publish","type":"product","link":"https:\/\/www.groods.de\/index.php\/produkt\/speedcube-set-original-moyu-mf3s-zauberwuerfel-rubiks-cube-bundle-2x2-3x3-4x4-5x5\/","title":{"rendered":"Original MoYu MF Cube 4er Set 2&#215;2 3&#215;3 4&#215;4 5&#215;5 &#8211; stickerless"},"content":{"rendered":"<h1 class=\"md-end-block md-heading\">Original MoYu MF Cube 4er Set 2&#215;2 3&#215;3 4&#215;4 5&#215;5<\/h1>\n<h3 class=\"md-end-block md-heading\"><span class=\"\">Zauberw\u00fcrfel Bundle mit 4 W\u00fcrfeln 2&#215;2, 3&#215;3, 4&#215;4, 5&#215;5 im Stickerless Design.<\/span><\/h3>\n<p class=\"md-end-block\"><span class=\"\">Das MFS Geschenkset von MoYu besteht aus 4 W\u00fcrfeln (2x2x2, 3x3x3, 4x4x4, 5x5x5) sowie einer Kurzanleitung zum l\u00f6sen. Sie zeichnen sich durch professionelle Qualit\u00e4t zum kleinen Preis aus.<\/span><\/p>\n<p class=\"md-end-block\"><span class=\"\">Die W\u00fcrfel zeichnen sich durch lebendige Farben und ein fantastisches Drehgef\u00fchl aus. <\/span><\/p>\n<h3 class=\"md-end-block md-heading\">Variable Pr\u00e4zision<\/h3>\n<p class=\"md-end-block\"><span class=\"\">Das optimierte Federgetriebe des MFS garantiert einen geschmeidigen und leichtg\u00e4ngigen Bewegungslauf. Mit Hilfe der pr\u00e4zisen Mechanik dreht der MFS von Haus aus sehr gut, sodass sie im Originalzustand bereits einen wettbewerbsf\u00e4higen W\u00fcrfel erhalten. Sie k\u00f6nnen durch Feintuning (anziehen bzw. lockern der versteckten Schrauben) die Festigkeit, Drehbarkeit und Haptik beeinflussen und auf Ihre pers\u00f6nlichen Vorlieben anpassen. Ideal f\u00fcr Anf\u00e4nger und und Fortgeschrittene.<\/span><\/p>\n<h3 class=\"md-end-block md-heading\">Geschenkidee und sportliche Herausforderung f\u00fcr Ihr Gehirn<\/h3>\n<p class=\"md-end-block\">Der Zauberw\u00fcrfel verbessert nachweislich die Konzentrationsf\u00e4higkeit und erh\u00f6ht langfristig die geistige Fitness. Der Zauberw\u00fcrfel ist das optimale Geschenk f\u00fcr Jung und Alt. Egal ob als Freizeitaktivit\u00e4t im Urlaub oder auf Reisen oder als Konzentrations\u00fcbung im B\u00fcro. Der W\u00fcrfel hilft beim Abschalten und Entspannen. Wer einmal einen Zauberw\u00fcrfel hatte, der wei\u00df, dass man alles um sich herum vergisst. Zum Stressabbau und zur Entspannung ist er eine super Alternative zum Smartphone.<\/p>\n<h3 class=\"md-end-block md-heading\">Schnell und leicht<\/h3>\n<p class=\"md-end-block\"><span class=\"\">Die Speedcubes liegen unglaublich gut in der Hand. Das Gewicht ist angenehm leicht, sie sind sehr griffig und schnell in der Bewegung. Der MFS ist die klassische Version des MF Serie. Die sechseckig angeschr\u00e4gten Kantsteine machen ihn besonders griffig: Kein Verhaken, kein Blockieren. <\/span><\/p>\n<p class=\"md-end-block\">Der hochwertiger ABS-Kunststoff aus dem der W\u00fcrfel gefertigt ist, ist ungiftig, riecht nicht und kann leicht gereinigt werden und verhindert statische Aufladung in der Bewegung.<\/p>\n<h3 class=\"md-end-block md-heading\">Qualit\u00e4t<\/h3>\n<p class=\"md-end-block\">Wir haben viele Einsteiger Speedcubes getestet. Die MF3S Serie von MoYu hat uns dabei am meisten \u00fcberzeugt. Die MoYu Zauberw\u00fcrfel schleifen und knarzen nicht und weisen auch keine sonstigen Fehlfunktionen auf. Die Verarbeitung ist sehr hochwertig, sodass keine Schlitze oder Kanten zu sehen sind. Der Magic Cube ist robust, stabil und haltbar, Sie k\u00f6nnen sich auf einen dauerhaft geschmeidigen Bewegungslauf verlassen.<\/p>\n<h3 class=\"md-end-block md-heading\">Warnhinweis<\/h3>\n<p class=\"md-end-block\">Achtung, Erstickungsgefahr! Der magische W\u00fcrfel besteht aus Kleinteilen, die sich evtl. l\u00f6sen k\u00f6nnen, daher ist er nicht f\u00fcr Kinder unter 3 Jahren geeignet!<\/p>\n","protected":false},"excerpt":{"rendered":"<p>Sch\u00f6nes Set mit 4 MoYu Cubes. Lange Knobelstunden garantiert!<\/p>\n","protected":false},"featured_media":465,"comment_status":"open","ping_status":"closed","template":"","meta":[],"product_brand":[],"product_cat":[38,19],"product_tag":[],"class_list":{"0":"post-463","1":"product","2":"type-product","3":"status-publish","4":"has-post-thumbnail","6":"product_cat-moyu","7":"product_cat-zauberwuerfel","9":"first","10":"instock","11":"taxable","12":"shipping-taxable","13":"purchasable","14":"product-type-simple"},"yoast_head":"<!-- This site is optimized with the Yoast SEO plugin v26.7 - https:\/\/yoast.com\/wordpress\/plugins\/seo\/ -->\n<title>Original MoYu MF Cube 4er Set 2x2 3x3 4x4 5x5 - stickerless - gRoods<\/title>\n<meta name=\"robots\" content=\"index, follow, max-snippet:-1, max-image-preview:large, max-video-preview:-1\" \/>\n<link rel=\"canonical\" href=\"https:\/\/www.groods.de\/index.php\/produkt\/speedcube-set-original-moyu-mf3s-zauberwuerfel-rubiks-cube-bundle-2x2-3x3-4x4-5x5\/\" \/>\n<meta property=\"og:locale\" content=\"de_DE\" \/>\n<meta property=\"og:type\" content=\"article\" \/>\n<meta property=\"og:title\" content=\"Original MoYu MF Cube 4er Set 2x2 3x3 4x4 5x5 - stickerless - gRoods\" \/>\n<meta property=\"og:description\" content=\"Sch\u00f6nes Set mit 4 MoYu Cubes. Lange Knobelstunden garantiert!\" \/>\n<meta property=\"og:url\" content=\"https:\/\/www.groods.de\/index.php\/produkt\/speedcube-set-original-moyu-mf3s-zauberwuerfel-rubiks-cube-bundle-2x2-3x3-4x4-5x5\/\" \/>\n<meta property=\"og:site_name\" content=\"gRoods\" \/>\n<meta property=\"article:modified_time\" content=\"2025-11-19T21:11:21+00:00\" \/>\n<meta property=\"og:image\" content=\"https:\/\/i0.wp.com\/www.groods.de\/wp-content\/uploads\/2018\/09\/MFS-Set-2x3x4x52_1024.jpg?fit=768%2C1024&ssl=1\" \/>\n\t<meta property=\"og:image:width\" content=\"768\" \/>\n\t<meta property=\"og:image:height\" content=\"1024\" \/>\n\t<meta property=\"og:image:type\" content=\"image\/jpeg\" \/>\n<meta name=\"twitter:card\" content=\"summary_large_image\" \/>\n<meta name=\"twitter:label1\" content=\"Gesch\u00e4tzte Lesezeit\" \/>\n\t<meta name=\"twitter:data1\" content=\"2\u00a0Minuten\" \/>\n<script type=\"application\/ld+json\" class=\"yoast-schema-graph\">{\"@context\":\"https:\/\/schema.org\",\"@graph\":[{\"@type\":\"WebPage\",\"@id\":\"https:\/\/www.groods.de\/index.php\/produkt\/speedcube-set-original-moyu-mf3s-zauberwuerfel-rubiks-cube-bundle-2x2-3x3-4x4-5x5\/\",\"url\":\"https:\/\/www.groods.de\/index.php\/produkt\/speedcube-set-original-moyu-mf3s-zauberwuerfel-rubiks-cube-bundle-2x2-3x3-4x4-5x5\/\",\"name\":\"Original MoYu MF Cube 4er Set 2x2 3x3 4x4 5x5 - stickerless - gRoods\",\"isPartOf\":{\"@id\":\"https:\/\/www.groods.de\/#website\"},\"primaryImageOfPage\":{\"@id\":\"https:\/\/www.groods.de\/index.php\/produkt\/speedcube-set-original-moyu-mf3s-zauberwuerfel-rubiks-cube-bundle-2x2-3x3-4x4-5x5\/#primaryimage\"},\"image\":{\"@id\":\"https:\/\/www.groods.de\/index.php\/produkt\/speedcube-set-original-moyu-mf3s-zauberwuerfel-rubiks-cube-bundle-2x2-3x3-4x4-5x5\/#primaryimage\"},\"thumbnailUrl\":\"https:\/\/www.groods.de\/wp-content\/uploads\/2018\/09\/MFS-Set-2x3x4x52_1024.jpg\",\"datePublished\":\"2018-08-31T23:52:01+00:00\",\"dateModified\":\"2025-11-19T21:11:21+00:00\",\"breadcrumb\":{\"@id\":\"https:\/\/www.groods.de\/index.php\/produkt\/speedcube-set-original-moyu-mf3s-zauberwuerfel-rubiks-cube-bundle-2x2-3x3-4x4-5x5\/#breadcrumb\"},\"inLanguage\":\"de\",\"potentialAction\":[{\"@type\":\"ReadAction\",\"target\":[\"https:\/\/www.groods.de\/index.php\/produkt\/speedcube-set-original-moyu-mf3s-zauberwuerfel-rubiks-cube-bundle-2x2-3x3-4x4-5x5\/\"]}]},{\"@type\":\"ImageObject\",\"inLanguage\":\"de\",\"@id\":\"https:\/\/www.groods.de\/index.php\/produkt\/speedcube-set-original-moyu-mf3s-zauberwuerfel-rubiks-cube-bundle-2x2-3x3-4x4-5x5\/#primaryimage\",\"url\":\"https:\/\/www.groods.de\/wp-content\/uploads\/2018\/09\/MFS-Set-2x3x4x52_1024.jpg\",\"contentUrl\":\"https:\/\/www.groods.de\/wp-content\/uploads\/2018\/09\/MFS-Set-2x3x4x52_1024.jpg\",\"width\":768,\"height\":1024},{\"@type\":\"BreadcrumbList\",\"@id\":\"https:\/\/www.groods.de\/index.php\/produkt\/speedcube-set-original-moyu-mf3s-zauberwuerfel-rubiks-cube-bundle-2x2-3x3-4x4-5x5\/#breadcrumb\",\"itemListElement\":[{\"@type\":\"ListItem\",\"position\":1,\"name\":\"Startseite\",\"item\":\"https:\/\/www.groods.de\/\"},{\"@type\":\"ListItem\",\"position\":2,\"name\":\"Shop\",\"item\":\"https:\/\/www.groods.de\/index.php\/shop\/\"},{\"@type\":\"ListItem\",\"position\":3,\"name\":\"Original MoYu MF Cube 4er Set 2&#215;2 3&#215;3 4&#215;4 5&#215;5 &#8211; stickerless\"}]},{\"@type\":\"WebSite\",\"@id\":\"https:\/\/www.groods.de\/#website\",\"url\":\"https:\/\/www.groods.de\/\",\"name\":\"gRoods.de\",\"description\":\"Entdecke die Welt der Speedcubes\",\"publisher\":{\"@id\":\"https:\/\/www.groods.de\/#organization\"},\"potentialAction\":[{\"@type\":\"SearchAction\",\"target\":{\"@type\":\"EntryPoint\",\"urlTemplate\":\"https:\/\/www.groods.de\/?s={search_term_string}\"},\"query-input\":{\"@type\":\"PropertyValueSpecification\",\"valueRequired\":true,\"valueName\":\"search_term_string\"}}],\"inLanguage\":\"de\"},{\"@type\":\"Organization\",\"@id\":\"https:\/\/www.groods.de\/#organization\",\"name\":\"gRoods.de\",\"url\":\"https:\/\/www.groods.de\/\",\"logo\":{\"@type\":\"ImageObject\",\"inLanguage\":\"de\",\"@id\":\"https:\/\/www.groods.de\/#\/schema\/logo\/image\/\",\"url\":\"https:\/\/www.groods.de\/wp-content\/uploads\/2018\/08\/logo.png\",\"contentUrl\":\"https:\/\/www.groods.de\/wp-content\/uploads\/2018\/08\/logo.png\",\"width\":1077,\"height\":373,\"caption\":\"gRoods.de\"},\"image\":{\"@id\":\"https:\/\/www.groods.de\/#\/schema\/logo\/image\/\"}}]}<\/script>\n<!-- \/ Yoast SEO plugin. -->","yoast_head_json":{"title":"Original MoYu MF Cube 4er Set 2x2 3x3 4x4 5x5 - stickerless - gRoods","robots":{"index":"index","follow":"follow","max-snippet":"max-snippet:-1","max-image-preview":"max-image-preview:large","max-video-preview":"max-video-preview:-1"},"canonical":"https:\/\/www.groods.de\/index.php\/produkt\/speedcube-set-original-moyu-mf3s-zauberwuerfel-rubiks-cube-bundle-2x2-3x3-4x4-5x5\/","og_locale":"de_DE","og_type":"article","og_title":"Original MoYu MF Cube 4er Set 2x2 3x3 4x4 5x5 - stickerless - gRoods","og_description":"Sch\u00f6nes Set mit 4 MoYu Cubes. Lange Knobelstunden garantiert!","og_url":"https:\/\/www.groods.de\/index.php\/produkt\/speedcube-set-original-moyu-mf3s-zauberwuerfel-rubiks-cube-bundle-2x2-3x3-4x4-5x5\/","og_site_name":"gRoods","article_modified_time":"2025-11-19T21:11:21+00:00","og_image":[{"width":768,"height":1024,"url":"https:\/\/i0.wp.com\/www.groods.de\/wp-content\/uploads\/2018\/09\/MFS-Set-2x3x4x52_1024.jpg?fit=768%2C1024&ssl=1","type":"image\/jpeg"}],"twitter_card":"summary_large_image","twitter_misc":{"Gesch\u00e4tzte Lesezeit":"2\u00a0Minuten"},"schema":{"@context":"https:\/\/schema.org","@graph":[{"@type":"WebPage","@id":"https:\/\/www.groods.de\/index.php\/produkt\/speedcube-set-original-moyu-mf3s-zauberwuerfel-rubiks-cube-bundle-2x2-3x3-4x4-5x5\/","url":"https:\/\/www.groods.de\/index.php\/produkt\/speedcube-set-original-moyu-mf3s-zauberwuerfel-rubiks-cube-bundle-2x2-3x3-4x4-5x5\/","name":"Original MoYu MF Cube 4er Set 2x2 3x3 4x4 5x5 - stickerless - gRoods","isPartOf":{"@id":"https:\/\/www.groods.de\/#website"},"primaryImageOfPage":{"@id":"https:\/\/www.groods.de\/index.php\/produkt\/speedcube-set-original-moyu-mf3s-zauberwuerfel-rubiks-cube-bundle-2x2-3x3-4x4-5x5\/#primaryimage"},"image":{"@id":"https:\/\/www.groods.de\/index.php\/produkt\/speedcube-set-original-moyu-mf3s-zauberwuerfel-rubiks-cube-bundle-2x2-3x3-4x4-5x5\/#primaryimage"},"thumbnailUrl":"https:\/\/www.groods.de\/wp-content\/uploads\/2018\/09\/MFS-Set-2x3x4x52_1024.jpg","datePublished":"2018-08-31T23:52:01+00:00","dateModified":"2025-11-19T21:11:21+00:00","breadcrumb":{"@id":"https:\/\/www.groods.de\/index.php\/produkt\/speedcube-set-original-moyu-mf3s-zauberwuerfel-rubiks-cube-bundle-2x2-3x3-4x4-5x5\/#breadcrumb"},"inLanguage":"de","potentialAction":[{"@type":"ReadAction","target":["https:\/\/www.groods.de\/index.php\/produkt\/speedcube-set-original-moyu-mf3s-zauberwuerfel-rubiks-cube-bundle-2x2-3x3-4x4-5x5\/"]}]},{"@type":"ImageObject","inLanguage":"de","@id":"https:\/\/www.groods.de\/index.php\/produkt\/speedcube-set-original-moyu-mf3s-zauberwuerfel-rubiks-cube-bundle-2x2-3x3-4x4-5x5\/#primaryimage","url":"https:\/\/www.groods.de\/wp-content\/uploads\/2018\/09\/MFS-Set-2x3x4x52_1024.jpg","contentUrl":"https:\/\/www.groods.de\/wp-content\/uploads\/2018\/09\/MFS-Set-2x3x4x52_1024.jpg","width":768,"height":1024},{"@type":"BreadcrumbList","@id":"https:\/\/www.groods.de\/index.php\/produkt\/speedcube-set-original-moyu-mf3s-zauberwuerfel-rubiks-cube-bundle-2x2-3x3-4x4-5x5\/#breadcrumb","itemListElement":[{"@type":"ListItem","position":1,"name":"Startseite","item":"https:\/\/www.groods.de\/"},{"@type":"ListItem","position":2,"name":"Shop","item":"https:\/\/www.groods.de\/index.php\/shop\/"},{"@type":"ListItem","position":3,"name":"Original MoYu MF Cube 4er Set 2&#215;2 3&#215;3 4&#215;4 5&#215;5 &#8211; stickerless"}]},{"@type":"WebSite","@id":"https:\/\/www.groods.de\/#website","url":"https:\/\/www.groods.de\/","name":"gRoods.de","description":"Entdecke die Welt der Speedcubes","publisher":{"@id":"https:\/\/www.groods.de\/#organization"},"potentialAction":[{"@type":"SearchAction","target":{"@type":"EntryPoint","urlTemplate":"https:\/\/www.groods.de\/?s={search_term_string}"},"query-input":{"@type":"PropertyValueSpecification","valueRequired":true,"valueName":"search_term_string"}}],"inLanguage":"de"},{"@type":"Organization","@id":"https:\/\/www.groods.de\/#organization","name":"gRoods.de","url":"https:\/\/www.groods.de\/","logo":{"@type":"ImageObject","inLanguage":"de","@id":"https:\/\/www.groods.de\/#\/schema\/logo\/image\/","url":"https:\/\/www.groods.de\/wp-content\/uploads\/2018\/08\/logo.png","contentUrl":"https:\/\/www.groods.de\/wp-content\/uploads\/2018\/08\/logo.png","width":1077,"height":373,"caption":"gRoods.de"},"image":{"@id":"https:\/\/www.groods.de\/#\/schema\/logo\/image\/"}}]}},"_links":{"self":[{"href":"https:\/\/www.groods.de\/index.php\/wp-json\/wp\/v2\/product\/463","targetHints":{"allow":["GET"]}}],"collection":[{"href":"https:\/\/www.groods.de\/index.php\/wp-json\/wp\/v2\/product"}],"about":[{"href":"https:\/\/www.groods.de\/index.php\/wp-json\/wp\/v2\/types\/product"}],"replies":[{"embeddable":true,"href":"https:\/\/www.groods.de\/index.php\/wp-json\/wp\/v2\/comments?post=463"}],"wp:featuredmedia":[{"embeddable":true,"href":"https:\/\/www.groods.de\/index.php\/wp-json\/wp\/v2\/media\/465"}],"wp:attachment":[{"href":"https:\/\/www.groods.de\/index.php\/wp-json\/wp\/v2\/media?parent=463"}],"wp:term":[{"taxonomy":"product_brand","embeddable":true,"href":"https:\/\/www.groods.de\/index.php\/wp-json\/wp\/v2\/product_brand?post=463"},{"taxonomy":"product_cat","embeddable":true,"href":"https:\/\/www.groods.de\/index.php\/wp-json\/wp\/v2\/product_cat?post=463"},{"taxonomy":"product_tag","embeddable":true,"href":"https:\/\/www.groods.de\/index.php\/wp-json\/wp\/v2\/product_tag?post=463"}],"curies":[{"name":"wp","href":"https:\/\/api.w.org\/{rel}","templated":true}]}}