{"id":3733,"date":"2019-12-09T15:24:42","date_gmt":"2019-12-09T14:24:42","guid":{"rendered":"https:\/\/www.groods.de\/index.php\/produkt\/yj-yufu-v2m-7x7-magnetic-stickerless\/"},"modified":"2025-11-19T22:26:03","modified_gmt":"2025-11-19T21:26:03","slug":"yj-yufu-v2m-7x7-magnetic-stickerless","status":"publish","type":"product","link":"https:\/\/www.groods.de\/index.php\/produkt\/yj-yufu-v2m-7x7-magnetic-stickerless\/","title":{"rendered":"YJ Yufu V2M 7&#215;7 magnetic &#8211; stickerless"},"content":{"rendered":"<h1>YJ Yufu V2M 7&#215;7 magnetic &#8211; stickerless<\/h1>\n<p>Der Yufu V2 Magnetic ist ein neuer Magnet-W\u00fcrfel von YJ. Die Kombination der Mittelmagnete mit den extrem leicht drehenden Au\u00dfenschichten sorgt f\u00fcr viel Drehspa\u00df. Der W\u00fcrfel enth\u00e4lt Designaspekte von Premium-W\u00fcrfeln wie Anti-Pop-Design und breitere Au\u00dfenteile. Die kontrastreichen, aufkleberlosen Farben machen das L\u00f6sen dieses Puzzles zu einer wahren Freude. Dieser W\u00fcrfel ist eine gute Wahl f\u00fcr Anf\u00e4nger und Fortgeschrittene.<\/p>\n<h3>Zus\u00e4tzliche Informationen<\/h3>\n<p>Der RBK&#8217;s Cube 7x7x7 ist eine weitere gr\u00f6\u00dfere Version des urspr\u00fcnglichen RBK&#8217;s Cube. Dieses Puzzle ist dem RBK&#8217;s Professor&#8217;s Cube sehr \u00e4hnlich, nur dass es statt 5 nur 7 Teile pro Kante hat. Wie bei allen RBK&#8217;s Cubes ungerader Ordnung sind die Zentren dieses Puzzles in Bezug zueinander festgelegt und k\u00f6nnen als Bezugspunkt verwendet werden .<\/p>\n<p>Dieses Puzzle besteht aus 8 Eckteilen, 60 Randteilen und 150 Mittelteilen und erm\u00f6glicht eine unglaubliche Anzahl von 1,95&#215;10160 verschiedenen Kombinationen. Das L\u00f6sen unterscheidet sich jedoch nicht wesentlich von einem RBK&#8217;s Cube h\u00f6herer Ordnung mit der Reduktionsmethode: Gruppieren Sie die 5&#215;5-Zentren, gruppieren Sie die 5&#215;1-Kanten und l\u00f6sen Sie wie ein regul\u00e4rer 3x3x3-RBK&#8217;s Cube (unter Ber\u00fccksichtigung von Parit\u00e4tsf\u00e4llen).<\/p>\n<p>Der offizielle Rekord f\u00fcr das L\u00f6sen des RBK&#8217;s Cube 7x7x7 liegt bei 1: 59,95, der von Kevin Hays bei den Heartland Champs 2018 festgelegt wurde.<\/p>\n<p><strong style=\"font-size: 1.618em;\" data-spm-anchor-id=\"a2g0x.10010108.1000023.i0.3d0af4b4DKar3l\">Eigenschaften:<\/strong><\/p>\n<ul>\n<li>glatte und schnelle Oberfl\u00e4che<\/li>\n<li class=\"md-end-block\">neu und Originalverpackt<\/li>\n<li class=\"md-end-block\">aus hochwertigem ABS Material, das umweltfreundlich, ungiftig und langlebig ist<\/li>\n<li class=\"md-end-block\">einfarbig im stickerless Design<\/li>\n<li class=\"md-end-block\">geschmeidige Rotation und komfortables Spielgef\u00fchl<\/li>\n<li class=\"md-end-block\">ausgezeichnete Fehlertoleranz f\u00fcr besonders schnelle Zeiten<\/li>\n<li>Viele Stunden Spa\u00df und Kopfzerbrechen mit Freunden und Familie sind garantiert<\/li>\n<\/ul>\n<h3>Spezifikationen:<\/h3>\n<ul>\n<li>Farbe: stickerless<\/li>\n<li>Material: Kunststoff<\/li>\n<li>Produkt Abmessungen: 6,9*6,9*6,9 cm<\/li>\n<li>Produkt Gewicht: 210g<\/li>\n<li>Verpackung: Karton Box<\/li>\n<\/ul>\n","protected":false},"excerpt":{"rendered":"<p>YJ Yufu V2M 7&#215;7 magnetic &#8211; stickerless Der Yufu V2 Magnetic ist ein neuer Magnet-W\u00fcrfel von YJ. Die Kombination der Mittelmagnete mit den extrem leicht drehenden Au\u00dfenschichten sorgt f\u00fcr viel Drehspa\u00df. Der W\u00fcrfel enth\u00e4lt Designaspekte von Premium-W\u00fcrfeln wie Anti-Pop-Design und breitere Au\u00dfenteile. Die kontrastreichen, aufkleberlosen Farben machen das L\u00f6sen dieses Puzzles zu einer wahren Freude. [&hellip;]<\/p>\n","protected":false},"featured_media":4160,"comment_status":"open","ping_status":"closed","template":"","meta":[],"product_brand":[],"product_cat":[57,37,40,86,42,19],"product_tag":[],"class_list":{"0":"post-3733","1":"product","2":"type-product","3":"status-publish","4":"has-post-thumbnail","6":"product_cat-7x7","7":"product_cat-hersteller","8":"product_cat-magnetische-zauberwuerfel","9":"product_cat-neue-produkte","10":"product_cat-yj","11":"product_cat-zauberwuerfel","13":"first","14":"instock","15":"taxable","16":"shipping-taxable","17":"purchasable","18":"product-type-simple"},"yoast_head":"<!-- This site is optimized with the Yoast SEO plugin v26.7 - https:\/\/yoast.com\/wordpress\/plugins\/seo\/ -->\n<title>YJ Yufu V2M 7x7 magnetic - stickerless - gRoods<\/title>\n<meta name=\"robots\" content=\"index, follow, max-snippet:-1, max-image-preview:large, max-video-preview:-1\" \/>\n<link rel=\"canonical\" href=\"https:\/\/www.groods.de\/index.php\/produkt\/yj-yufu-v2m-7x7-magnetic-stickerless\/\" \/>\n<meta property=\"og:locale\" content=\"de_DE\" \/>\n<meta property=\"og:type\" content=\"article\" \/>\n<meta property=\"og:title\" content=\"YJ Yufu V2M 7x7 magnetic - stickerless - gRoods\" \/>\n<meta property=\"og:description\" content=\"YJ Yufu V2M 7&#215;7 magnetic &#8211; stickerless Der Yufu V2 Magnetic ist ein neuer Magnet-W\u00fcrfel von YJ. Die Kombination der Mittelmagnete mit den extrem leicht drehenden Au\u00dfenschichten sorgt f\u00fcr viel Drehspa\u00df. Der W\u00fcrfel enth\u00e4lt Designaspekte von Premium-W\u00fcrfeln wie Anti-Pop-Design und breitere Au\u00dfenteile. Die kontrastreichen, aufkleberlosen Farben machen das L\u00f6sen dieses Puzzles zu einer wahren Freude. [&hellip;]\" \/>\n<meta property=\"og:url\" content=\"https:\/\/www.groods.de\/index.php\/produkt\/yj-yufu-v2m-7x7-magnetic-stickerless\/\" \/>\n<meta property=\"og:site_name\" content=\"gRoods\" \/>\n<meta property=\"article:modified_time\" content=\"2025-11-19T21:26:03+00:00\" \/>\n<meta property=\"og:image\" content=\"https:\/\/www.groods.de\/wp-content\/uploads\/2019\/12\/YJ-Yufu-V2M-7x7-magnetic3.jpg\" \/>\n\t<meta property=\"og:image:width\" content=\"900\" \/>\n\t<meta property=\"og:image:height\" content=\"900\" \/>\n\t<meta property=\"og:image:type\" content=\"image\/jpeg\" \/>\n<meta name=\"twitter:card\" content=\"summary_large_image\" \/>\n<meta name=\"twitter:label1\" content=\"Gesch\u00e4tzte Lesezeit\" \/>\n\t<meta name=\"twitter:data1\" content=\"2\u00a0Minuten\" \/>\n<script type=\"application\/ld+json\" class=\"yoast-schema-graph\">{\"@context\":\"https:\/\/schema.org\",\"@graph\":[{\"@type\":\"WebPage\",\"@id\":\"https:\/\/www.groods.de\/index.php\/produkt\/yj-yufu-v2m-7x7-magnetic-stickerless\/\",\"url\":\"https:\/\/www.groods.de\/index.php\/produkt\/yj-yufu-v2m-7x7-magnetic-stickerless\/\",\"name\":\"YJ Yufu V2M 7x7 magnetic - stickerless - gRoods\",\"isPartOf\":{\"@id\":\"https:\/\/www.groods.de\/#website\"},\"primaryImageOfPage\":{\"@id\":\"https:\/\/www.groods.de\/index.php\/produkt\/yj-yufu-v2m-7x7-magnetic-stickerless\/#primaryimage\"},\"image\":{\"@id\":\"https:\/\/www.groods.de\/index.php\/produkt\/yj-yufu-v2m-7x7-magnetic-stickerless\/#primaryimage\"},\"thumbnailUrl\":\"https:\/\/www.groods.de\/wp-content\/uploads\/2019\/12\/YJ-Yufu-V2M-7x7-magnetic3.jpg\",\"datePublished\":\"2019-12-09T14:24:42+00:00\",\"dateModified\":\"2025-11-19T21:26:03+00:00\",\"breadcrumb\":{\"@id\":\"https:\/\/www.groods.de\/index.php\/produkt\/yj-yufu-v2m-7x7-magnetic-stickerless\/#breadcrumb\"},\"inLanguage\":\"de\",\"potentialAction\":[{\"@type\":\"ReadAction\",\"target\":[\"https:\/\/www.groods.de\/index.php\/produkt\/yj-yufu-v2m-7x7-magnetic-stickerless\/\"]}]},{\"@type\":\"ImageObject\",\"inLanguage\":\"de\",\"@id\":\"https:\/\/www.groods.de\/index.php\/produkt\/yj-yufu-v2m-7x7-magnetic-stickerless\/#primaryimage\",\"url\":\"https:\/\/www.groods.de\/wp-content\/uploads\/2019\/12\/YJ-Yufu-V2M-7x7-magnetic3.jpg\",\"contentUrl\":\"https:\/\/www.groods.de\/wp-content\/uploads\/2019\/12\/YJ-Yufu-V2M-7x7-magnetic3.jpg\",\"width\":900,\"height\":900},{\"@type\":\"BreadcrumbList\",\"@id\":\"https:\/\/www.groods.de\/index.php\/produkt\/yj-yufu-v2m-7x7-magnetic-stickerless\/#breadcrumb\",\"itemListElement\":[{\"@type\":\"ListItem\",\"position\":1,\"name\":\"Startseite\",\"item\":\"https:\/\/www.groods.de\/\"},{\"@type\":\"ListItem\",\"position\":2,\"name\":\"Shop\",\"item\":\"https:\/\/www.groods.de\/index.php\/shop\/\"},{\"@type\":\"ListItem\",\"position\":3,\"name\":\"YJ Yufu V2M 7&#215;7 magnetic &#8211; stickerless\"}]},{\"@type\":\"WebSite\",\"@id\":\"https:\/\/www.groods.de\/#website\",\"url\":\"https:\/\/www.groods.de\/\",\"name\":\"gRoods.de\",\"description\":\"Entdecke die Welt der Speedcubes\",\"publisher\":{\"@id\":\"https:\/\/www.groods.de\/#organization\"},\"potentialAction\":[{\"@type\":\"SearchAction\",\"target\":{\"@type\":\"EntryPoint\",\"urlTemplate\":\"https:\/\/www.groods.de\/?s={search_term_string}\"},\"query-input\":{\"@type\":\"PropertyValueSpecification\",\"valueRequired\":true,\"valueName\":\"search_term_string\"}}],\"inLanguage\":\"de\"},{\"@type\":\"Organization\",\"@id\":\"https:\/\/www.groods.de\/#organization\",\"name\":\"gRoods.de\",\"url\":\"https:\/\/www.groods.de\/\",\"logo\":{\"@type\":\"ImageObject\",\"inLanguage\":\"de\",\"@id\":\"https:\/\/www.groods.de\/#\/schema\/logo\/image\/\",\"url\":\"https:\/\/www.groods.de\/wp-content\/uploads\/2018\/08\/logo.png\",\"contentUrl\":\"https:\/\/www.groods.de\/wp-content\/uploads\/2018\/08\/logo.png\",\"width\":1077,\"height\":373,\"caption\":\"gRoods.de\"},\"image\":{\"@id\":\"https:\/\/www.groods.de\/#\/schema\/logo\/image\/\"}}]}<\/script>\n<!-- \/ Yoast SEO plugin. -->","yoast_head_json":{"title":"YJ Yufu V2M 7x7 magnetic - stickerless - gRoods","robots":{"index":"index","follow":"follow","max-snippet":"max-snippet:-1","max-image-preview":"max-image-preview:large","max-video-preview":"max-video-preview:-1"},"canonical":"https:\/\/www.groods.de\/index.php\/produkt\/yj-yufu-v2m-7x7-magnetic-stickerless\/","og_locale":"de_DE","og_type":"article","og_title":"YJ Yufu V2M 7x7 magnetic - stickerless - gRoods","og_description":"YJ Yufu V2M 7&#215;7 magnetic &#8211; stickerless Der Yufu V2 Magnetic ist ein neuer Magnet-W\u00fcrfel von YJ. Die Kombination der Mittelmagnete mit den extrem leicht drehenden Au\u00dfenschichten sorgt f\u00fcr viel Drehspa\u00df. Der W\u00fcrfel enth\u00e4lt Designaspekte von Premium-W\u00fcrfeln wie Anti-Pop-Design und breitere Au\u00dfenteile. Die kontrastreichen, aufkleberlosen Farben machen das L\u00f6sen dieses Puzzles zu einer wahren Freude. [&hellip;]","og_url":"https:\/\/www.groods.de\/index.php\/produkt\/yj-yufu-v2m-7x7-magnetic-stickerless\/","og_site_name":"gRoods","article_modified_time":"2025-11-19T21:26:03+00:00","og_image":[{"width":900,"height":900,"url":"https:\/\/www.groods.de\/wp-content\/uploads\/2019\/12\/YJ-Yufu-V2M-7x7-magnetic3.jpg","type":"image\/jpeg"}],"twitter_card":"summary_large_image","twitter_misc":{"Gesch\u00e4tzte Lesezeit":"2\u00a0Minuten"},"schema":{"@context":"https:\/\/schema.org","@graph":[{"@type":"WebPage","@id":"https:\/\/www.groods.de\/index.php\/produkt\/yj-yufu-v2m-7x7-magnetic-stickerless\/","url":"https:\/\/www.groods.de\/index.php\/produkt\/yj-yufu-v2m-7x7-magnetic-stickerless\/","name":"YJ Yufu V2M 7x7 magnetic - stickerless - gRoods","isPartOf":{"@id":"https:\/\/www.groods.de\/#website"},"primaryImageOfPage":{"@id":"https:\/\/www.groods.de\/index.php\/produkt\/yj-yufu-v2m-7x7-magnetic-stickerless\/#primaryimage"},"image":{"@id":"https:\/\/www.groods.de\/index.php\/produkt\/yj-yufu-v2m-7x7-magnetic-stickerless\/#primaryimage"},"thumbnailUrl":"https:\/\/www.groods.de\/wp-content\/uploads\/2019\/12\/YJ-Yufu-V2M-7x7-magnetic3.jpg","datePublished":"2019-12-09T14:24:42+00:00","dateModified":"2025-11-19T21:26:03+00:00","breadcrumb":{"@id":"https:\/\/www.groods.de\/index.php\/produkt\/yj-yufu-v2m-7x7-magnetic-stickerless\/#breadcrumb"},"inLanguage":"de","potentialAction":[{"@type":"ReadAction","target":["https:\/\/www.groods.de\/index.php\/produkt\/yj-yufu-v2m-7x7-magnetic-stickerless\/"]}]},{"@type":"ImageObject","inLanguage":"de","@id":"https:\/\/www.groods.de\/index.php\/produkt\/yj-yufu-v2m-7x7-magnetic-stickerless\/#primaryimage","url":"https:\/\/www.groods.de\/wp-content\/uploads\/2019\/12\/YJ-Yufu-V2M-7x7-magnetic3.jpg","contentUrl":"https:\/\/www.groods.de\/wp-content\/uploads\/2019\/12\/YJ-Yufu-V2M-7x7-magnetic3.jpg","width":900,"height":900},{"@type":"BreadcrumbList","@id":"https:\/\/www.groods.de\/index.php\/produkt\/yj-yufu-v2m-7x7-magnetic-stickerless\/#breadcrumb","itemListElement":[{"@type":"ListItem","position":1,"name":"Startseite","item":"https:\/\/www.groods.de\/"},{"@type":"ListItem","position":2,"name":"Shop","item":"https:\/\/www.groods.de\/index.php\/shop\/"},{"@type":"ListItem","position":3,"name":"YJ Yufu V2M 7&#215;7 magnetic &#8211; stickerless"}]},{"@type":"WebSite","@id":"https:\/\/www.groods.de\/#website","url":"https:\/\/www.groods.de\/","name":"gRoods.de","description":"Entdecke die Welt der Speedcubes","publisher":{"@id":"https:\/\/www.groods.de\/#organization"},"potentialAction":[{"@type":"SearchAction","target":{"@type":"EntryPoint","urlTemplate":"https:\/\/www.groods.de\/?s={search_term_string}"},"query-input":{"@type":"PropertyValueSpecification","valueRequired":true,"valueName":"search_term_string"}}],"inLanguage":"de"},{"@type":"Organization","@id":"https:\/\/www.groods.de\/#organization","name":"gRoods.de","url":"https:\/\/www.groods.de\/","logo":{"@type":"ImageObject","inLanguage":"de","@id":"https:\/\/www.groods.de\/#\/schema\/logo\/image\/","url":"https:\/\/www.groods.de\/wp-content\/uploads\/2018\/08\/logo.png","contentUrl":"https:\/\/www.groods.de\/wp-content\/uploads\/2018\/08\/logo.png","width":1077,"height":373,"caption":"gRoods.de"},"image":{"@id":"https:\/\/www.groods.de\/#\/schema\/logo\/image\/"}}]}},"_links":{"self":[{"href":"https:\/\/www.groods.de\/index.php\/wp-json\/wp\/v2\/product\/3733","targetHints":{"allow":["GET"]}}],"collection":[{"href":"https:\/\/www.groods.de\/index.php\/wp-json\/wp\/v2\/product"}],"about":[{"href":"https:\/\/www.groods.de\/index.php\/wp-json\/wp\/v2\/types\/product"}],"replies":[{"embeddable":true,"href":"https:\/\/www.groods.de\/index.php\/wp-json\/wp\/v2\/comments?post=3733"}],"wp:featuredmedia":[{"embeddable":true,"href":"https:\/\/www.groods.de\/index.php\/wp-json\/wp\/v2\/media\/4160"}],"wp:attachment":[{"href":"https:\/\/www.groods.de\/index.php\/wp-json\/wp\/v2\/media?parent=3733"}],"wp:term":[{"taxonomy":"product_brand","embeddable":true,"href":"https:\/\/www.groods.de\/index.php\/wp-json\/wp\/v2\/product_brand?post=3733"},{"taxonomy":"product_cat","embeddable":true,"href":"https:\/\/www.groods.de\/index.php\/wp-json\/wp\/v2\/product_cat?post=3733"},{"taxonomy":"product_tag","embeddable":true,"href":"https:\/\/www.groods.de\/index.php\/wp-json\/wp\/v2\/product_tag?post=3733"}],"curies":[{"name":"wp","href":"https:\/\/api.w.org\/{rel}","templated":true}]}}