{"id":3725,"date":"2019-12-09T15:24:12","date_gmt":"2019-12-09T14:24:12","guid":{"rendered":"https:\/\/www.groods.de\/index.php\/produkt\/yj-magic-rainbow-ball\/"},"modified":"2025-11-19T22:28:03","modified_gmt":"2025-11-19T21:28:03","slug":"yj-magic-rainbow-ball","status":"publish","type":"product","link":"https:\/\/www.groods.de\/index.php\/produkt\/yj-magic-rainbow-ball\/","title":{"rendered":"YJ Magic Rainbow Ball"},"content":{"rendered":"<h1>YJ Magic Rainbow Ball<\/h1>\n<p>Der YJ Rainbow Ball ist ein Ball mit 12 L\u00f6chern und 11 B\u00e4llen. Die Kugeln k\u00f6nnen mithilfe des leeren Lochs bewegt werden, wodurch das Puzzle durcheinander gebracht werden kann. Bringe alle Kugeln zur\u00fcck an die richtigen Stellen, um das Regenbogen-Kugel-R\u00e4tsel zu l\u00f6sen!<\/p>\n<p>Dieser Ball liegt gut in der Hand und ist besonders f\u00fcr kleinere Kinder geeignet. Das Sortieren der Farben ist nicht sehr schwer, daher hat man auch bald ein Erfolgserlebnis. Macht viel Spa\u00df damit zu spielen.<\/p>\n<p class=\"md-end-block\"><span class=\"\"><strong>Eigenschaften<\/strong><\/span>:<\/p>\n<ul>\n<li class=\"md-end-block\">neu und Originalverpackt<\/li>\n<li class=\"md-end-block\">hohe Qualit\u00e4t<\/li>\n<li class=\"md-end-block\">aus hochwertigem ABS Material, das umweltfreundlich, ungiftig und langlebig ist<\/li>\n<\/ul>\n<p class=\"md-end-block\"><span class=\"\"><strong>Spezifikationen<\/strong><\/span>:<\/p>\n<ul>\n<li class=\"md-end-block\">Farbe: stickerless<\/li>\n<li class=\"md-end-block\">Material: Kunststoff (ABS)<\/li>\n<li class=\"md-end-block\">Produkt Abmessungen: Durchmesser 65 mm<\/li>\n<li class=\"md-end-block\">Gewicht: 116g<\/li>\n<\/ul>\n","protected":false},"excerpt":{"rendered":"<p>YJ Magic Rainbow Ball Der YJ Rainbow Ball ist ein Ball mit 12 L\u00f6chern und 11 B\u00e4llen. Die Kugeln k\u00f6nnen mithilfe des leeren Lochs bewegt werden, wodurch das Puzzle durcheinander gebracht werden kann. Bringe alle Kugeln zur\u00fcck an die richtigen Stellen, um das Regenbogen-Kugel-R\u00e4tsel zu l\u00f6sen! Dieser Ball liegt gut in der Hand und ist [&hellip;]<\/p>\n","protected":false},"featured_media":3968,"comment_status":"open","ping_status":"closed","template":"","meta":[],"product_brand":[],"product_cat":[37,86,106,79,42],"product_tag":[],"class_list":{"0":"post-3725","1":"product","2":"type-product","3":"status-publish","4":"has-post-thumbnail","6":"product_cat-hersteller","7":"product_cat-neue-produkte","8":"product_cat-rainbow-ball","9":"product_cat-weitere-produkte","10":"product_cat-yj","12":"first","13":"instock","14":"taxable","15":"shipping-taxable","16":"purchasable","17":"product-type-simple"},"yoast_head":"<!-- This site is optimized with the Yoast SEO plugin v26.7 - https:\/\/yoast.com\/wordpress\/plugins\/seo\/ -->\n<title>YJ Magic Rainbow Ball - gRoods<\/title>\n<meta name=\"robots\" content=\"index, follow, max-snippet:-1, max-image-preview:large, max-video-preview:-1\" \/>\n<link rel=\"canonical\" href=\"https:\/\/www.groods.de\/index.php\/produkt\/yj-magic-rainbow-ball\/\" \/>\n<meta property=\"og:locale\" content=\"de_DE\" \/>\n<meta property=\"og:type\" content=\"article\" \/>\n<meta property=\"og:title\" content=\"YJ Magic Rainbow Ball - gRoods\" \/>\n<meta property=\"og:description\" content=\"YJ Magic Rainbow Ball Der YJ Rainbow Ball ist ein Ball mit 12 L\u00f6chern und 11 B\u00e4llen. Die Kugeln k\u00f6nnen mithilfe des leeren Lochs bewegt werden, wodurch das Puzzle durcheinander gebracht werden kann. Bringe alle Kugeln zur\u00fcck an die richtigen Stellen, um das Regenbogen-Kugel-R\u00e4tsel zu l\u00f6sen! Dieser Ball liegt gut in der Hand und ist [&hellip;]\" \/>\n<meta property=\"og:url\" content=\"https:\/\/www.groods.de\/index.php\/produkt\/yj-magic-rainbow-ball\/\" \/>\n<meta property=\"og:site_name\" content=\"gRoods\" \/>\n<meta property=\"article:modified_time\" content=\"2025-11-19T21:28:03+00:00\" \/>\n<meta property=\"og:image\" content=\"https:\/\/i0.wp.com\/www.groods.de\/wp-content\/uploads\/2019\/12\/YJ-Magic-Rainbow-Ball-7.jpg?fit=1000%2C1000&ssl=1\" \/>\n\t<meta property=\"og:image:width\" content=\"1000\" \/>\n\t<meta property=\"og:image:height\" content=\"1000\" \/>\n\t<meta property=\"og:image:type\" content=\"image\/jpeg\" \/>\n<meta name=\"twitter:card\" content=\"summary_large_image\" \/>\n<meta name=\"twitter:label1\" content=\"Gesch\u00e4tzte Lesezeit\" \/>\n\t<meta name=\"twitter:data1\" content=\"1\u00a0Minute\" \/>\n<script type=\"application\/ld+json\" class=\"yoast-schema-graph\">{\"@context\":\"https:\/\/schema.org\",\"@graph\":[{\"@type\":\"WebPage\",\"@id\":\"https:\/\/www.groods.de\/index.php\/produkt\/yj-magic-rainbow-ball\/\",\"url\":\"https:\/\/www.groods.de\/index.php\/produkt\/yj-magic-rainbow-ball\/\",\"name\":\"YJ Magic Rainbow Ball - gRoods\",\"isPartOf\":{\"@id\":\"https:\/\/www.groods.de\/#website\"},\"primaryImageOfPage\":{\"@id\":\"https:\/\/www.groods.de\/index.php\/produkt\/yj-magic-rainbow-ball\/#primaryimage\"},\"image\":{\"@id\":\"https:\/\/www.groods.de\/index.php\/produkt\/yj-magic-rainbow-ball\/#primaryimage\"},\"thumbnailUrl\":\"https:\/\/www.groods.de\/wp-content\/uploads\/2019\/12\/YJ-Magic-Rainbow-Ball-7.jpg\",\"datePublished\":\"2019-12-09T14:24:12+00:00\",\"dateModified\":\"2025-11-19T21:28:03+00:00\",\"breadcrumb\":{\"@id\":\"https:\/\/www.groods.de\/index.php\/produkt\/yj-magic-rainbow-ball\/#breadcrumb\"},\"inLanguage\":\"de\",\"potentialAction\":[{\"@type\":\"ReadAction\",\"target\":[\"https:\/\/www.groods.de\/index.php\/produkt\/yj-magic-rainbow-ball\/\"]}]},{\"@type\":\"ImageObject\",\"inLanguage\":\"de\",\"@id\":\"https:\/\/www.groods.de\/index.php\/produkt\/yj-magic-rainbow-ball\/#primaryimage\",\"url\":\"https:\/\/www.groods.de\/wp-content\/uploads\/2019\/12\/YJ-Magic-Rainbow-Ball-7.jpg\",\"contentUrl\":\"https:\/\/www.groods.de\/wp-content\/uploads\/2019\/12\/YJ-Magic-Rainbow-Ball-7.jpg\",\"width\":1000,\"height\":1000},{\"@type\":\"BreadcrumbList\",\"@id\":\"https:\/\/www.groods.de\/index.php\/produkt\/yj-magic-rainbow-ball\/#breadcrumb\",\"itemListElement\":[{\"@type\":\"ListItem\",\"position\":1,\"name\":\"Startseite\",\"item\":\"https:\/\/www.groods.de\/\"},{\"@type\":\"ListItem\",\"position\":2,\"name\":\"Shop\",\"item\":\"https:\/\/www.groods.de\/index.php\/shop\/\"},{\"@type\":\"ListItem\",\"position\":3,\"name\":\"YJ Magic Rainbow Ball\"}]},{\"@type\":\"WebSite\",\"@id\":\"https:\/\/www.groods.de\/#website\",\"url\":\"https:\/\/www.groods.de\/\",\"name\":\"gRoods.de\",\"description\":\"Entdecke die Welt der Speedcubes\",\"publisher\":{\"@id\":\"https:\/\/www.groods.de\/#organization\"},\"potentialAction\":[{\"@type\":\"SearchAction\",\"target\":{\"@type\":\"EntryPoint\",\"urlTemplate\":\"https:\/\/www.groods.de\/?s={search_term_string}\"},\"query-input\":{\"@type\":\"PropertyValueSpecification\",\"valueRequired\":true,\"valueName\":\"search_term_string\"}}],\"inLanguage\":\"de\"},{\"@type\":\"Organization\",\"@id\":\"https:\/\/www.groods.de\/#organization\",\"name\":\"gRoods.de\",\"url\":\"https:\/\/www.groods.de\/\",\"logo\":{\"@type\":\"ImageObject\",\"inLanguage\":\"de\",\"@id\":\"https:\/\/www.groods.de\/#\/schema\/logo\/image\/\",\"url\":\"https:\/\/www.groods.de\/wp-content\/uploads\/2018\/08\/logo.png\",\"contentUrl\":\"https:\/\/www.groods.de\/wp-content\/uploads\/2018\/08\/logo.png\",\"width\":1077,\"height\":373,\"caption\":\"gRoods.de\"},\"image\":{\"@id\":\"https:\/\/www.groods.de\/#\/schema\/logo\/image\/\"}}]}<\/script>\n<!-- \/ Yoast SEO plugin. -->","yoast_head_json":{"title":"YJ Magic Rainbow Ball - gRoods","robots":{"index":"index","follow":"follow","max-snippet":"max-snippet:-1","max-image-preview":"max-image-preview:large","max-video-preview":"max-video-preview:-1"},"canonical":"https:\/\/www.groods.de\/index.php\/produkt\/yj-magic-rainbow-ball\/","og_locale":"de_DE","og_type":"article","og_title":"YJ Magic Rainbow Ball - gRoods","og_description":"YJ Magic Rainbow Ball Der YJ Rainbow Ball ist ein Ball mit 12 L\u00f6chern und 11 B\u00e4llen. Die Kugeln k\u00f6nnen mithilfe des leeren Lochs bewegt werden, wodurch das Puzzle durcheinander gebracht werden kann. Bringe alle Kugeln zur\u00fcck an die richtigen Stellen, um das Regenbogen-Kugel-R\u00e4tsel zu l\u00f6sen! Dieser Ball liegt gut in der Hand und ist [&hellip;]","og_url":"https:\/\/www.groods.de\/index.php\/produkt\/yj-magic-rainbow-ball\/","og_site_name":"gRoods","article_modified_time":"2025-11-19T21:28:03+00:00","og_image":[{"width":1000,"height":1000,"url":"https:\/\/i0.wp.com\/www.groods.de\/wp-content\/uploads\/2019\/12\/YJ-Magic-Rainbow-Ball-7.jpg?fit=1000%2C1000&ssl=1","type":"image\/jpeg"}],"twitter_card":"summary_large_image","twitter_misc":{"Gesch\u00e4tzte Lesezeit":"1\u00a0Minute"},"schema":{"@context":"https:\/\/schema.org","@graph":[{"@type":"WebPage","@id":"https:\/\/www.groods.de\/index.php\/produkt\/yj-magic-rainbow-ball\/","url":"https:\/\/www.groods.de\/index.php\/produkt\/yj-magic-rainbow-ball\/","name":"YJ Magic Rainbow Ball - gRoods","isPartOf":{"@id":"https:\/\/www.groods.de\/#website"},"primaryImageOfPage":{"@id":"https:\/\/www.groods.de\/index.php\/produkt\/yj-magic-rainbow-ball\/#primaryimage"},"image":{"@id":"https:\/\/www.groods.de\/index.php\/produkt\/yj-magic-rainbow-ball\/#primaryimage"},"thumbnailUrl":"https:\/\/www.groods.de\/wp-content\/uploads\/2019\/12\/YJ-Magic-Rainbow-Ball-7.jpg","datePublished":"2019-12-09T14:24:12+00:00","dateModified":"2025-11-19T21:28:03+00:00","breadcrumb":{"@id":"https:\/\/www.groods.de\/index.php\/produkt\/yj-magic-rainbow-ball\/#breadcrumb"},"inLanguage":"de","potentialAction":[{"@type":"ReadAction","target":["https:\/\/www.groods.de\/index.php\/produkt\/yj-magic-rainbow-ball\/"]}]},{"@type":"ImageObject","inLanguage":"de","@id":"https:\/\/www.groods.de\/index.php\/produkt\/yj-magic-rainbow-ball\/#primaryimage","url":"https:\/\/www.groods.de\/wp-content\/uploads\/2019\/12\/YJ-Magic-Rainbow-Ball-7.jpg","contentUrl":"https:\/\/www.groods.de\/wp-content\/uploads\/2019\/12\/YJ-Magic-Rainbow-Ball-7.jpg","width":1000,"height":1000},{"@type":"BreadcrumbList","@id":"https:\/\/www.groods.de\/index.php\/produkt\/yj-magic-rainbow-ball\/#breadcrumb","itemListElement":[{"@type":"ListItem","position":1,"name":"Startseite","item":"https:\/\/www.groods.de\/"},{"@type":"ListItem","position":2,"name":"Shop","item":"https:\/\/www.groods.de\/index.php\/shop\/"},{"@type":"ListItem","position":3,"name":"YJ Magic Rainbow Ball"}]},{"@type":"WebSite","@id":"https:\/\/www.groods.de\/#website","url":"https:\/\/www.groods.de\/","name":"gRoods.de","description":"Entdecke die Welt der Speedcubes","publisher":{"@id":"https:\/\/www.groods.de\/#organization"},"potentialAction":[{"@type":"SearchAction","target":{"@type":"EntryPoint","urlTemplate":"https:\/\/www.groods.de\/?s={search_term_string}"},"query-input":{"@type":"PropertyValueSpecification","valueRequired":true,"valueName":"search_term_string"}}],"inLanguage":"de"},{"@type":"Organization","@id":"https:\/\/www.groods.de\/#organization","name":"gRoods.de","url":"https:\/\/www.groods.de\/","logo":{"@type":"ImageObject","inLanguage":"de","@id":"https:\/\/www.groods.de\/#\/schema\/logo\/image\/","url":"https:\/\/www.groods.de\/wp-content\/uploads\/2018\/08\/logo.png","contentUrl":"https:\/\/www.groods.de\/wp-content\/uploads\/2018\/08\/logo.png","width":1077,"height":373,"caption":"gRoods.de"},"image":{"@id":"https:\/\/www.groods.de\/#\/schema\/logo\/image\/"}}]}},"_links":{"self":[{"href":"https:\/\/www.groods.de\/index.php\/wp-json\/wp\/v2\/product\/3725","targetHints":{"allow":["GET"]}}],"collection":[{"href":"https:\/\/www.groods.de\/index.php\/wp-json\/wp\/v2\/product"}],"about":[{"href":"https:\/\/www.groods.de\/index.php\/wp-json\/wp\/v2\/types\/product"}],"replies":[{"embeddable":true,"href":"https:\/\/www.groods.de\/index.php\/wp-json\/wp\/v2\/comments?post=3725"}],"wp:featuredmedia":[{"embeddable":true,"href":"https:\/\/www.groods.de\/index.php\/wp-json\/wp\/v2\/media\/3968"}],"wp:attachment":[{"href":"https:\/\/www.groods.de\/index.php\/wp-json\/wp\/v2\/media?parent=3725"}],"wp:term":[{"taxonomy":"product_brand","embeddable":true,"href":"https:\/\/www.groods.de\/index.php\/wp-json\/wp\/v2\/product_brand?post=3725"},{"taxonomy":"product_cat","embeddable":true,"href":"https:\/\/www.groods.de\/index.php\/wp-json\/wp\/v2\/product_cat?post=3725"},{"taxonomy":"product_tag","embeddable":true,"href":"https:\/\/www.groods.de\/index.php\/wp-json\/wp\/v2\/product_tag?post=3725"}],"curies":[{"name":"wp","href":"https:\/\/api.w.org\/{rel}","templated":true}]}}