{"id":3723,"date":"2019-12-09T15:23:56","date_gmt":"2019-12-09T14:23:56","guid":{"rendered":"https:\/\/www.groods.de\/index.php\/produkt\/yj-yusu-v2m-4x4-magnetic-stickerless\/"},"modified":"2025-11-19T22:26:08","modified_gmt":"2025-11-19T21:26:08","slug":"yj-yusu-v2m-4x4-magnetic-stickerless","status":"publish","type":"product","link":"https:\/\/www.groods.de\/index.php\/produkt\/yj-yusu-v2m-4x4-magnetic-stickerless\/","title":{"rendered":"YJ YUSU V2M 4&#215;4 Magnetic &#8211; stickerless"},"content":{"rendered":"<h1>YJ YUSU V2M 4&#215;4 Magnetic &#8211; stickerless<\/h1>\n<p>Der Yusu V2 Magnetic ist ein neuer Budget-Magnet-W\u00fcrfel von YJ. Die Kombination der Mittelmagnete mit den extrem leicht drehenden Au\u00dfenschichten sorgt f\u00fcr viel Drehspa\u00df. Der W\u00fcrfel enth\u00e4lt Designaspekte von Premium-W\u00fcrfeln wie Anti-Pop-Design und breitere Au\u00dfenteile. Die kontrastreichen, aufkleberlosen Farben machen das L\u00f6sen dieses Puzzles zu einer wahren Freude. Dieser W\u00fcrfel ist eine gute Wahl f\u00fcr Anf\u00e4nger und Fortgeschrittene.<\/p>\n<h4>Zus\u00e4tzliche Informationen<\/h4>\n<p>Die RBK&#8217;s Revenge (auch bekannt als der Master Cube) hat 4x4x4 Bl\u00f6cke, was die L\u00f6sung schwieriger macht als die des Original RBK&#8217;s Cubes. Dieses R\u00e4tsel wurde 1981 ver\u00f6ffentlicht und nicht von Professor RBK selbst, sondern von P\u00e9ter Sebest\u00e9ny erfunden.<\/p>\n<p>Der gebr\u00e4uchlichste Algorithmus zum L\u00f6sen der Rache von RBK wird als &#8222;Reduktions&#8220;-Methode bezeichnet. Wie der Name andeutet, konzentriert sich dieser Algorithmus darauf, zuerst die 2 \u00d7 2 Mittelst\u00fccke und 2 \u00d7 1 Randst\u00fccke zu l\u00f6sen. Auf diese Weise wird das Problem auf ein 3 \u00d7 3 \u00d7 3-Puzzle &#8222;reduziert&#8220;, das genau wie ein regul\u00e4rer 3 \u00d7 3 \u00d7 3-W\u00fcrfel gel\u00f6st werden kann (mit Ausnahme von zwei Parit\u00e4tsf\u00e4llen, die dies erfordern) weitere Algorithmen).<\/p>\n<p>Dieses Puzzle hat mehr Teile als der RBK&#8217;s Cube, also viel mehr m\u00f6gliche Permutationen. Die Anzahl der m\u00f6glichen Permutationen der RBK&#8217;s Revenge liegt bei \u00fcber 7,4&#215;1045. Der aktuelle Weltrekord f\u00fcr das L\u00f6sen betr\u00e4gt 19,36 Sekunden und wurde von Feliks Zemdegs aus Australien bei der LatAm Tour &#8211; Arequipa 2017 aufgestellt.<\/p>\n<h4>Eigenschaften:<\/h4>\n<ul>\n<li>glatte und schnelle Oberfl\u00e4che<\/li>\n<li class=\"md-end-block\">neu und Originalverpackt<\/li>\n<li class=\"md-end-block\">aus hochwertigem ABS Material, das umweltfreundlich, ungiftig und langlebig ist<\/li>\n<li class=\"md-end-block\">einfarbig im stickerless Design<\/li>\n<li class=\"md-end-block\">geschmeidige Rotation und komfortables Spielgef\u00fchl<\/li>\n<li class=\"md-end-block\">ausgezeichnete Fehlertoleranz f\u00fcr besonders schnelle Zeiten<\/li>\n<li>Viele Stunden Spa\u00df und Kopfzerbrechen mit Freunden und Familie sind garantiert<\/li>\n<\/ul>\n<h4>Spezifikationen:<\/h4>\n<ul>\n<li>Farbe: stickerless<\/li>\n<li>Material: Kunststoff<\/li>\n<li>Produkt Abmessungen: 6,1*6,1*6,1 cm<\/li>\n<li>Produkt Gewicht: 132g<\/li>\n<li>Verpackung: Karton Box<\/li>\n<\/ul>\n","protected":false},"excerpt":{"rendered":"<p>YJ YUSU V2M 4&#215;4 Magnetic &#8211; stickerless Der Yusu V2 Magnetic ist ein neuer Budget-Magnet-W\u00fcrfel von YJ. Die Kombination der Mittelmagnete mit den extrem leicht drehenden Au\u00dfenschichten sorgt f\u00fcr viel Drehspa\u00df. Der W\u00fcrfel enth\u00e4lt Designaspekte von Premium-W\u00fcrfeln wie Anti-Pop-Design und breitere Au\u00dfenteile. Die kontrastreichen, aufkleberlosen Farben machen das L\u00f6sen dieses Puzzles zu einer wahren Freude. [&hellip;]<\/p>\n","protected":false},"featured_media":4216,"comment_status":"open","ping_status":"closed","template":"","meta":[],"product_brand":[],"product_cat":[54,40,86,42,19],"product_tag":[],"class_list":{"0":"post-3723","1":"product","2":"type-product","3":"status-publish","4":"has-post-thumbnail","6":"product_cat-4x4","7":"product_cat-magnetische-zauberwuerfel","8":"product_cat-neue-produkte","9":"product_cat-yj","10":"product_cat-zauberwuerfel","12":"first","13":"instock","14":"taxable","15":"shipping-taxable","16":"purchasable","17":"product-type-simple"},"yoast_head":"<!-- This site is optimized with the Yoast SEO plugin v26.7 - https:\/\/yoast.com\/wordpress\/plugins\/seo\/ -->\n<title>YJ YUSU V2M 4x4 Magnetic - stickerless - gRoods<\/title>\n<meta name=\"robots\" content=\"index, follow, max-snippet:-1, max-image-preview:large, max-video-preview:-1\" \/>\n<link rel=\"canonical\" href=\"https:\/\/www.groods.de\/index.php\/produkt\/yj-yusu-v2m-4x4-magnetic-stickerless\/\" \/>\n<meta property=\"og:locale\" content=\"de_DE\" \/>\n<meta property=\"og:type\" content=\"article\" \/>\n<meta property=\"og:title\" content=\"YJ YUSU V2M 4x4 Magnetic - stickerless - gRoods\" \/>\n<meta property=\"og:description\" content=\"YJ YUSU V2M 4&#215;4 Magnetic &#8211; stickerless Der Yusu V2 Magnetic ist ein neuer Budget-Magnet-W\u00fcrfel von YJ. Die Kombination der Mittelmagnete mit den extrem leicht drehenden Au\u00dfenschichten sorgt f\u00fcr viel Drehspa\u00df. Der W\u00fcrfel enth\u00e4lt Designaspekte von Premium-W\u00fcrfeln wie Anti-Pop-Design und breitere Au\u00dfenteile. Die kontrastreichen, aufkleberlosen Farben machen das L\u00f6sen dieses Puzzles zu einer wahren Freude. [&hellip;]\" \/>\n<meta property=\"og:url\" content=\"https:\/\/www.groods.de\/index.php\/produkt\/yj-yusu-v2m-4x4-magnetic-stickerless\/\" \/>\n<meta property=\"og:site_name\" content=\"gRoods\" \/>\n<meta property=\"article:modified_time\" content=\"2025-11-19T21:26:08+00:00\" \/>\n<meta property=\"og:image\" content=\"https:\/\/www.groods.de\/wp-content\/uploads\/2019\/12\/YJ-YUSU-V2M-4x4-Magnetic-21.jpg\" \/>\n\t<meta property=\"og:image:width\" content=\"800\" \/>\n\t<meta property=\"og:image:height\" content=\"800\" \/>\n\t<meta property=\"og:image:type\" content=\"image\/jpeg\" \/>\n<meta name=\"twitter:card\" content=\"summary_large_image\" \/>\n<meta name=\"twitter:label1\" content=\"Gesch\u00e4tzte Lesezeit\" \/>\n\t<meta name=\"twitter:data1\" content=\"2\u00a0Minuten\" \/>\n<script type=\"application\/ld+json\" class=\"yoast-schema-graph\">{\"@context\":\"https:\/\/schema.org\",\"@graph\":[{\"@type\":\"WebPage\",\"@id\":\"https:\/\/www.groods.de\/index.php\/produkt\/yj-yusu-v2m-4x4-magnetic-stickerless\/\",\"url\":\"https:\/\/www.groods.de\/index.php\/produkt\/yj-yusu-v2m-4x4-magnetic-stickerless\/\",\"name\":\"YJ YUSU V2M 4x4 Magnetic - stickerless - gRoods\",\"isPartOf\":{\"@id\":\"https:\/\/www.groods.de\/#website\"},\"primaryImageOfPage\":{\"@id\":\"https:\/\/www.groods.de\/index.php\/produkt\/yj-yusu-v2m-4x4-magnetic-stickerless\/#primaryimage\"},\"image\":{\"@id\":\"https:\/\/www.groods.de\/index.php\/produkt\/yj-yusu-v2m-4x4-magnetic-stickerless\/#primaryimage\"},\"thumbnailUrl\":\"https:\/\/www.groods.de\/wp-content\/uploads\/2019\/12\/YJ-YUSU-V2M-4x4-Magnetic-21.jpg\",\"datePublished\":\"2019-12-09T14:23:56+00:00\",\"dateModified\":\"2025-11-19T21:26:08+00:00\",\"breadcrumb\":{\"@id\":\"https:\/\/www.groods.de\/index.php\/produkt\/yj-yusu-v2m-4x4-magnetic-stickerless\/#breadcrumb\"},\"inLanguage\":\"de\",\"potentialAction\":[{\"@type\":\"ReadAction\",\"target\":[\"https:\/\/www.groods.de\/index.php\/produkt\/yj-yusu-v2m-4x4-magnetic-stickerless\/\"]}]},{\"@type\":\"ImageObject\",\"inLanguage\":\"de\",\"@id\":\"https:\/\/www.groods.de\/index.php\/produkt\/yj-yusu-v2m-4x4-magnetic-stickerless\/#primaryimage\",\"url\":\"https:\/\/www.groods.de\/wp-content\/uploads\/2019\/12\/YJ-YUSU-V2M-4x4-Magnetic-21.jpg\",\"contentUrl\":\"https:\/\/www.groods.de\/wp-content\/uploads\/2019\/12\/YJ-YUSU-V2M-4x4-Magnetic-21.jpg\",\"width\":800,\"height\":800},{\"@type\":\"BreadcrumbList\",\"@id\":\"https:\/\/www.groods.de\/index.php\/produkt\/yj-yusu-v2m-4x4-magnetic-stickerless\/#breadcrumb\",\"itemListElement\":[{\"@type\":\"ListItem\",\"position\":1,\"name\":\"Startseite\",\"item\":\"https:\/\/www.groods.de\/\"},{\"@type\":\"ListItem\",\"position\":2,\"name\":\"Shop\",\"item\":\"https:\/\/www.groods.de\/index.php\/shop\/\"},{\"@type\":\"ListItem\",\"position\":3,\"name\":\"YJ YUSU V2M 4&#215;4 Magnetic &#8211; stickerless\"}]},{\"@type\":\"WebSite\",\"@id\":\"https:\/\/www.groods.de\/#website\",\"url\":\"https:\/\/www.groods.de\/\",\"name\":\"gRoods.de\",\"description\":\"Entdecke die Welt der Speedcubes\",\"publisher\":{\"@id\":\"https:\/\/www.groods.de\/#organization\"},\"potentialAction\":[{\"@type\":\"SearchAction\",\"target\":{\"@type\":\"EntryPoint\",\"urlTemplate\":\"https:\/\/www.groods.de\/?s={search_term_string}\"},\"query-input\":{\"@type\":\"PropertyValueSpecification\",\"valueRequired\":true,\"valueName\":\"search_term_string\"}}],\"inLanguage\":\"de\"},{\"@type\":\"Organization\",\"@id\":\"https:\/\/www.groods.de\/#organization\",\"name\":\"gRoods.de\",\"url\":\"https:\/\/www.groods.de\/\",\"logo\":{\"@type\":\"ImageObject\",\"inLanguage\":\"de\",\"@id\":\"https:\/\/www.groods.de\/#\/schema\/logo\/image\/\",\"url\":\"https:\/\/www.groods.de\/wp-content\/uploads\/2018\/08\/logo.png\",\"contentUrl\":\"https:\/\/www.groods.de\/wp-content\/uploads\/2018\/08\/logo.png\",\"width\":1077,\"height\":373,\"caption\":\"gRoods.de\"},\"image\":{\"@id\":\"https:\/\/www.groods.de\/#\/schema\/logo\/image\/\"}}]}<\/script>\n<!-- \/ Yoast SEO plugin. -->","yoast_head_json":{"title":"YJ YUSU V2M 4x4 Magnetic - stickerless - gRoods","robots":{"index":"index","follow":"follow","max-snippet":"max-snippet:-1","max-image-preview":"max-image-preview:large","max-video-preview":"max-video-preview:-1"},"canonical":"https:\/\/www.groods.de\/index.php\/produkt\/yj-yusu-v2m-4x4-magnetic-stickerless\/","og_locale":"de_DE","og_type":"article","og_title":"YJ YUSU V2M 4x4 Magnetic - stickerless - gRoods","og_description":"YJ YUSU V2M 4&#215;4 Magnetic &#8211; stickerless Der Yusu V2 Magnetic ist ein neuer Budget-Magnet-W\u00fcrfel von YJ. Die Kombination der Mittelmagnete mit den extrem leicht drehenden Au\u00dfenschichten sorgt f\u00fcr viel Drehspa\u00df. Der W\u00fcrfel enth\u00e4lt Designaspekte von Premium-W\u00fcrfeln wie Anti-Pop-Design und breitere Au\u00dfenteile. Die kontrastreichen, aufkleberlosen Farben machen das L\u00f6sen dieses Puzzles zu einer wahren Freude. [&hellip;]","og_url":"https:\/\/www.groods.de\/index.php\/produkt\/yj-yusu-v2m-4x4-magnetic-stickerless\/","og_site_name":"gRoods","article_modified_time":"2025-11-19T21:26:08+00:00","og_image":[{"width":800,"height":800,"url":"https:\/\/www.groods.de\/wp-content\/uploads\/2019\/12\/YJ-YUSU-V2M-4x4-Magnetic-21.jpg","type":"image\/jpeg"}],"twitter_card":"summary_large_image","twitter_misc":{"Gesch\u00e4tzte Lesezeit":"2\u00a0Minuten"},"schema":{"@context":"https:\/\/schema.org","@graph":[{"@type":"WebPage","@id":"https:\/\/www.groods.de\/index.php\/produkt\/yj-yusu-v2m-4x4-magnetic-stickerless\/","url":"https:\/\/www.groods.de\/index.php\/produkt\/yj-yusu-v2m-4x4-magnetic-stickerless\/","name":"YJ YUSU V2M 4x4 Magnetic - stickerless - gRoods","isPartOf":{"@id":"https:\/\/www.groods.de\/#website"},"primaryImageOfPage":{"@id":"https:\/\/www.groods.de\/index.php\/produkt\/yj-yusu-v2m-4x4-magnetic-stickerless\/#primaryimage"},"image":{"@id":"https:\/\/www.groods.de\/index.php\/produkt\/yj-yusu-v2m-4x4-magnetic-stickerless\/#primaryimage"},"thumbnailUrl":"https:\/\/www.groods.de\/wp-content\/uploads\/2019\/12\/YJ-YUSU-V2M-4x4-Magnetic-21.jpg","datePublished":"2019-12-09T14:23:56+00:00","dateModified":"2025-11-19T21:26:08+00:00","breadcrumb":{"@id":"https:\/\/www.groods.de\/index.php\/produkt\/yj-yusu-v2m-4x4-magnetic-stickerless\/#breadcrumb"},"inLanguage":"de","potentialAction":[{"@type":"ReadAction","target":["https:\/\/www.groods.de\/index.php\/produkt\/yj-yusu-v2m-4x4-magnetic-stickerless\/"]}]},{"@type":"ImageObject","inLanguage":"de","@id":"https:\/\/www.groods.de\/index.php\/produkt\/yj-yusu-v2m-4x4-magnetic-stickerless\/#primaryimage","url":"https:\/\/www.groods.de\/wp-content\/uploads\/2019\/12\/YJ-YUSU-V2M-4x4-Magnetic-21.jpg","contentUrl":"https:\/\/www.groods.de\/wp-content\/uploads\/2019\/12\/YJ-YUSU-V2M-4x4-Magnetic-21.jpg","width":800,"height":800},{"@type":"BreadcrumbList","@id":"https:\/\/www.groods.de\/index.php\/produkt\/yj-yusu-v2m-4x4-magnetic-stickerless\/#breadcrumb","itemListElement":[{"@type":"ListItem","position":1,"name":"Startseite","item":"https:\/\/www.groods.de\/"},{"@type":"ListItem","position":2,"name":"Shop","item":"https:\/\/www.groods.de\/index.php\/shop\/"},{"@type":"ListItem","position":3,"name":"YJ YUSU V2M 4&#215;4 Magnetic &#8211; stickerless"}]},{"@type":"WebSite","@id":"https:\/\/www.groods.de\/#website","url":"https:\/\/www.groods.de\/","name":"gRoods.de","description":"Entdecke die Welt der Speedcubes","publisher":{"@id":"https:\/\/www.groods.de\/#organization"},"potentialAction":[{"@type":"SearchAction","target":{"@type":"EntryPoint","urlTemplate":"https:\/\/www.groods.de\/?s={search_term_string}"},"query-input":{"@type":"PropertyValueSpecification","valueRequired":true,"valueName":"search_term_string"}}],"inLanguage":"de"},{"@type":"Organization","@id":"https:\/\/www.groods.de\/#organization","name":"gRoods.de","url":"https:\/\/www.groods.de\/","logo":{"@type":"ImageObject","inLanguage":"de","@id":"https:\/\/www.groods.de\/#\/schema\/logo\/image\/","url":"https:\/\/www.groods.de\/wp-content\/uploads\/2018\/08\/logo.png","contentUrl":"https:\/\/www.groods.de\/wp-content\/uploads\/2018\/08\/logo.png","width":1077,"height":373,"caption":"gRoods.de"},"image":{"@id":"https:\/\/www.groods.de\/#\/schema\/logo\/image\/"}}]}},"_links":{"self":[{"href":"https:\/\/www.groods.de\/index.php\/wp-json\/wp\/v2\/product\/3723","targetHints":{"allow":["GET"]}}],"collection":[{"href":"https:\/\/www.groods.de\/index.php\/wp-json\/wp\/v2\/product"}],"about":[{"href":"https:\/\/www.groods.de\/index.php\/wp-json\/wp\/v2\/types\/product"}],"replies":[{"embeddable":true,"href":"https:\/\/www.groods.de\/index.php\/wp-json\/wp\/v2\/comments?post=3723"}],"wp:featuredmedia":[{"embeddable":true,"href":"https:\/\/www.groods.de\/index.php\/wp-json\/wp\/v2\/media\/4216"}],"wp:attachment":[{"href":"https:\/\/www.groods.de\/index.php\/wp-json\/wp\/v2\/media?parent=3723"}],"wp:term":[{"taxonomy":"product_brand","embeddable":true,"href":"https:\/\/www.groods.de\/index.php\/wp-json\/wp\/v2\/product_brand?post=3723"},{"taxonomy":"product_cat","embeddable":true,"href":"https:\/\/www.groods.de\/index.php\/wp-json\/wp\/v2\/product_cat?post=3723"},{"taxonomy":"product_tag","embeddable":true,"href":"https:\/\/www.groods.de\/index.php\/wp-json\/wp\/v2\/product_tag?post=3723"}],"curies":[{"name":"wp","href":"https:\/\/api.w.org\/{rel}","templated":true}]}}