{"id":3711,"date":"2019-12-09T15:23:01","date_gmt":"2019-12-09T14:23:01","guid":{"rendered":"https:\/\/www.groods.de\/index.php\/produkt\/shengshou-legend-3x3-stickerless\/"},"modified":"2025-11-19T22:26:40","modified_gmt":"2025-11-19T21:26:40","slug":"shengshou-legend-3x3-stickerless","status":"publish","type":"product","link":"https:\/\/www.groods.de\/index.php\/produkt\/shengshou-legend-3x3-stickerless\/","title":{"rendered":"ShengShou Legend 3&#215;3 &#8211; stickerless"},"content":{"rendered":"<h1>ShengShou Legend 3&#215;3 &#8211; stickerless<\/h1>\n<p>Der ShengShou Legend ist ein neuer Speedcube mit einem sehr niedrigen Preis. Wie der ShengShou Legend bietet er \u00fcberraschend gute Leistung zu einem g\u00fcnstigen Preis. Gro\u00dfartig als erster Speedcube f\u00fcr Anf\u00e4nger!<\/p>\n<p class=\"md-end-block\"><span class=\"\"><strong>Eigenschaften<\/strong><\/span>:<\/p>\n<ul>\n<li class=\"md-end-block\">neu und Originalverpackt<\/li>\n<li class=\"md-end-block\">hohe Qualit\u00e4t<\/li>\n<li class=\"md-end-block\">aus hochwertigem ABS Material, das umweltfreundlich, ungiftig und langlebig ist<\/li>\n<li class=\"md-end-block\">geschmeidige Rotation und komfortables Spielgef\u00fchl<\/li>\n<li class=\"md-end-block\">ausgezeichnete Fehlertoleranz f\u00fcr besonders schnelle Zeiten<\/li>\n<li class=\"md-end-block\">geeignet f\u00fcr Speedcube Wettbewerbe<\/li>\n<\/ul>\n<p class=\"md-end-block\"><span class=\"\"><strong>Spezifikationen<\/strong><\/span>:<\/p>\n<ul>\n<li class=\"md-end-block\">Farbe: stickerless<\/li>\n<li class=\"md-end-block\">Material: Kunststoff (ABS)<\/li>\n<li class=\"md-end-block\">Produkt Abmessungen: 5,6 x 5,6<span class=\"\">\u00a0x 5,6<\/span>\u00a0cm<\/li>\n<li class=\"md-end-block\">Gewicht: 91g<\/li>\n<\/ul>\n","protected":false},"excerpt":{"rendered":"<p>ShengShou Legend 3&#215;3 &#8211; stickerless Der ShengShou Legend ist ein neuer Speedcube mit einem sehr niedrigen Preis. Wie der ShengShou Legend bietet er \u00fcberraschend gute Leistung zu einem g\u00fcnstigen Preis. Gro\u00dfartig als erster Speedcube f\u00fcr Anf\u00e4nger! Eigenschaften: neu und Originalverpackt hohe Qualit\u00e4t aus hochwertigem ABS Material, das umweltfreundlich, ungiftig und langlebig ist geschmeidige Rotation und [&hellip;]<\/p>\n","protected":false},"featured_media":3879,"comment_status":"open","ping_status":"closed","template":"","meta":[],"product_brand":[],"product_cat":[53,37,86,39,19],"product_tag":[],"class_list":{"0":"post-3711","1":"product","2":"type-product","3":"status-publish","4":"has-post-thumbnail","6":"product_cat-3x3","7":"product_cat-hersteller","8":"product_cat-neue-produkte","9":"product_cat-shengshou","10":"product_cat-zauberwuerfel","12":"first","13":"outofstock","14":"taxable","15":"shipping-taxable","16":"purchasable","17":"product-type-simple"},"yoast_head":"<!-- This site is optimized with the Yoast SEO plugin v26.7 - https:\/\/yoast.com\/wordpress\/plugins\/seo\/ -->\n<title>ShengShou Legend 3x3 - stickerless - gRoods<\/title>\n<meta name=\"robots\" content=\"index, follow, max-snippet:-1, max-image-preview:large, max-video-preview:-1\" \/>\n<link rel=\"canonical\" href=\"https:\/\/www.groods.de\/index.php\/produkt\/shengshou-legend-3x3-stickerless\/\" \/>\n<meta property=\"og:locale\" content=\"de_DE\" \/>\n<meta property=\"og:type\" content=\"article\" \/>\n<meta property=\"og:title\" content=\"ShengShou Legend 3x3 - stickerless - gRoods\" \/>\n<meta property=\"og:description\" content=\"ShengShou Legend 3&#215;3 &#8211; stickerless Der ShengShou Legend ist ein neuer Speedcube mit einem sehr niedrigen Preis. Wie der ShengShou Legend bietet er \u00fcberraschend gute Leistung zu einem g\u00fcnstigen Preis. Gro\u00dfartig als erster Speedcube f\u00fcr Anf\u00e4nger! Eigenschaften: neu und Originalverpackt hohe Qualit\u00e4t aus hochwertigem ABS Material, das umweltfreundlich, ungiftig und langlebig ist geschmeidige Rotation und [&hellip;]\" \/>\n<meta property=\"og:url\" content=\"https:\/\/www.groods.de\/index.php\/produkt\/shengshou-legend-3x3-stickerless\/\" \/>\n<meta property=\"og:site_name\" content=\"gRoods\" \/>\n<meta property=\"article:modified_time\" content=\"2025-11-19T21:26:40+00:00\" \/>\n<meta property=\"og:image\" content=\"https:\/\/www.groods.de\/wp-content\/uploads\/2019\/12\/Shengshou-Lgend-stickerless3.jpg\" \/>\n\t<meta property=\"og:image:width\" content=\"800\" \/>\n\t<meta property=\"og:image:height\" content=\"800\" \/>\n\t<meta property=\"og:image:type\" content=\"image\/jpeg\" \/>\n<meta name=\"twitter:card\" content=\"summary_large_image\" \/>\n<meta name=\"twitter:label1\" content=\"Gesch\u00e4tzte Lesezeit\" \/>\n\t<meta name=\"twitter:data1\" content=\"1\u00a0Minute\" \/>\n<script type=\"application\/ld+json\" class=\"yoast-schema-graph\">{\"@context\":\"https:\/\/schema.org\",\"@graph\":[{\"@type\":\"WebPage\",\"@id\":\"https:\/\/www.groods.de\/index.php\/produkt\/shengshou-legend-3x3-stickerless\/\",\"url\":\"https:\/\/www.groods.de\/index.php\/produkt\/shengshou-legend-3x3-stickerless\/\",\"name\":\"ShengShou Legend 3x3 - stickerless - gRoods\",\"isPartOf\":{\"@id\":\"https:\/\/www.groods.de\/#website\"},\"primaryImageOfPage\":{\"@id\":\"https:\/\/www.groods.de\/index.php\/produkt\/shengshou-legend-3x3-stickerless\/#primaryimage\"},\"image\":{\"@id\":\"https:\/\/www.groods.de\/index.php\/produkt\/shengshou-legend-3x3-stickerless\/#primaryimage\"},\"thumbnailUrl\":\"https:\/\/www.groods.de\/wp-content\/uploads\/2019\/12\/Shengshou-Lgend-stickerless3.jpg\",\"datePublished\":\"2019-12-09T14:23:01+00:00\",\"dateModified\":\"2025-11-19T21:26:40+00:00\",\"breadcrumb\":{\"@id\":\"https:\/\/www.groods.de\/index.php\/produkt\/shengshou-legend-3x3-stickerless\/#breadcrumb\"},\"inLanguage\":\"de\",\"potentialAction\":[{\"@type\":\"ReadAction\",\"target\":[\"https:\/\/www.groods.de\/index.php\/produkt\/shengshou-legend-3x3-stickerless\/\"]}]},{\"@type\":\"ImageObject\",\"inLanguage\":\"de\",\"@id\":\"https:\/\/www.groods.de\/index.php\/produkt\/shengshou-legend-3x3-stickerless\/#primaryimage\",\"url\":\"https:\/\/www.groods.de\/wp-content\/uploads\/2019\/12\/Shengshou-Lgend-stickerless3.jpg\",\"contentUrl\":\"https:\/\/www.groods.de\/wp-content\/uploads\/2019\/12\/Shengshou-Lgend-stickerless3.jpg\",\"width\":800,\"height\":800},{\"@type\":\"BreadcrumbList\",\"@id\":\"https:\/\/www.groods.de\/index.php\/produkt\/shengshou-legend-3x3-stickerless\/#breadcrumb\",\"itemListElement\":[{\"@type\":\"ListItem\",\"position\":1,\"name\":\"Startseite\",\"item\":\"https:\/\/www.groods.de\/\"},{\"@type\":\"ListItem\",\"position\":2,\"name\":\"Shop\",\"item\":\"https:\/\/www.groods.de\/index.php\/shop\/\"},{\"@type\":\"ListItem\",\"position\":3,\"name\":\"ShengShou Legend 3&#215;3 &#8211; stickerless\"}]},{\"@type\":\"WebSite\",\"@id\":\"https:\/\/www.groods.de\/#website\",\"url\":\"https:\/\/www.groods.de\/\",\"name\":\"gRoods.de\",\"description\":\"Entdecke die Welt der Speedcubes\",\"publisher\":{\"@id\":\"https:\/\/www.groods.de\/#organization\"},\"potentialAction\":[{\"@type\":\"SearchAction\",\"target\":{\"@type\":\"EntryPoint\",\"urlTemplate\":\"https:\/\/www.groods.de\/?s={search_term_string}\"},\"query-input\":{\"@type\":\"PropertyValueSpecification\",\"valueRequired\":true,\"valueName\":\"search_term_string\"}}],\"inLanguage\":\"de\"},{\"@type\":\"Organization\",\"@id\":\"https:\/\/www.groods.de\/#organization\",\"name\":\"gRoods.de\",\"url\":\"https:\/\/www.groods.de\/\",\"logo\":{\"@type\":\"ImageObject\",\"inLanguage\":\"de\",\"@id\":\"https:\/\/www.groods.de\/#\/schema\/logo\/image\/\",\"url\":\"https:\/\/www.groods.de\/wp-content\/uploads\/2018\/08\/logo.png\",\"contentUrl\":\"https:\/\/www.groods.de\/wp-content\/uploads\/2018\/08\/logo.png\",\"width\":1077,\"height\":373,\"caption\":\"gRoods.de\"},\"image\":{\"@id\":\"https:\/\/www.groods.de\/#\/schema\/logo\/image\/\"}}]}<\/script>\n<!-- \/ Yoast SEO plugin. -->","yoast_head_json":{"title":"ShengShou Legend 3x3 - stickerless - gRoods","robots":{"index":"index","follow":"follow","max-snippet":"max-snippet:-1","max-image-preview":"max-image-preview:large","max-video-preview":"max-video-preview:-1"},"canonical":"https:\/\/www.groods.de\/index.php\/produkt\/shengshou-legend-3x3-stickerless\/","og_locale":"de_DE","og_type":"article","og_title":"ShengShou Legend 3x3 - stickerless - gRoods","og_description":"ShengShou Legend 3&#215;3 &#8211; stickerless Der ShengShou Legend ist ein neuer Speedcube mit einem sehr niedrigen Preis. Wie der ShengShou Legend bietet er \u00fcberraschend gute Leistung zu einem g\u00fcnstigen Preis. Gro\u00dfartig als erster Speedcube f\u00fcr Anf\u00e4nger! Eigenschaften: neu und Originalverpackt hohe Qualit\u00e4t aus hochwertigem ABS Material, das umweltfreundlich, ungiftig und langlebig ist geschmeidige Rotation und [&hellip;]","og_url":"https:\/\/www.groods.de\/index.php\/produkt\/shengshou-legend-3x3-stickerless\/","og_site_name":"gRoods","article_modified_time":"2025-11-19T21:26:40+00:00","og_image":[{"width":800,"height":800,"url":"https:\/\/www.groods.de\/wp-content\/uploads\/2019\/12\/Shengshou-Lgend-stickerless3.jpg","type":"image\/jpeg"}],"twitter_card":"summary_large_image","twitter_misc":{"Gesch\u00e4tzte Lesezeit":"1\u00a0Minute"},"schema":{"@context":"https:\/\/schema.org","@graph":[{"@type":"WebPage","@id":"https:\/\/www.groods.de\/index.php\/produkt\/shengshou-legend-3x3-stickerless\/","url":"https:\/\/www.groods.de\/index.php\/produkt\/shengshou-legend-3x3-stickerless\/","name":"ShengShou Legend 3x3 - stickerless - gRoods","isPartOf":{"@id":"https:\/\/www.groods.de\/#website"},"primaryImageOfPage":{"@id":"https:\/\/www.groods.de\/index.php\/produkt\/shengshou-legend-3x3-stickerless\/#primaryimage"},"image":{"@id":"https:\/\/www.groods.de\/index.php\/produkt\/shengshou-legend-3x3-stickerless\/#primaryimage"},"thumbnailUrl":"https:\/\/www.groods.de\/wp-content\/uploads\/2019\/12\/Shengshou-Lgend-stickerless3.jpg","datePublished":"2019-12-09T14:23:01+00:00","dateModified":"2025-11-19T21:26:40+00:00","breadcrumb":{"@id":"https:\/\/www.groods.de\/index.php\/produkt\/shengshou-legend-3x3-stickerless\/#breadcrumb"},"inLanguage":"de","potentialAction":[{"@type":"ReadAction","target":["https:\/\/www.groods.de\/index.php\/produkt\/shengshou-legend-3x3-stickerless\/"]}]},{"@type":"ImageObject","inLanguage":"de","@id":"https:\/\/www.groods.de\/index.php\/produkt\/shengshou-legend-3x3-stickerless\/#primaryimage","url":"https:\/\/www.groods.de\/wp-content\/uploads\/2019\/12\/Shengshou-Lgend-stickerless3.jpg","contentUrl":"https:\/\/www.groods.de\/wp-content\/uploads\/2019\/12\/Shengshou-Lgend-stickerless3.jpg","width":800,"height":800},{"@type":"BreadcrumbList","@id":"https:\/\/www.groods.de\/index.php\/produkt\/shengshou-legend-3x3-stickerless\/#breadcrumb","itemListElement":[{"@type":"ListItem","position":1,"name":"Startseite","item":"https:\/\/www.groods.de\/"},{"@type":"ListItem","position":2,"name":"Shop","item":"https:\/\/www.groods.de\/index.php\/shop\/"},{"@type":"ListItem","position":3,"name":"ShengShou Legend 3&#215;3 &#8211; stickerless"}]},{"@type":"WebSite","@id":"https:\/\/www.groods.de\/#website","url":"https:\/\/www.groods.de\/","name":"gRoods.de","description":"Entdecke die Welt der Speedcubes","publisher":{"@id":"https:\/\/www.groods.de\/#organization"},"potentialAction":[{"@type":"SearchAction","target":{"@type":"EntryPoint","urlTemplate":"https:\/\/www.groods.de\/?s={search_term_string}"},"query-input":{"@type":"PropertyValueSpecification","valueRequired":true,"valueName":"search_term_string"}}],"inLanguage":"de"},{"@type":"Organization","@id":"https:\/\/www.groods.de\/#organization","name":"gRoods.de","url":"https:\/\/www.groods.de\/","logo":{"@type":"ImageObject","inLanguage":"de","@id":"https:\/\/www.groods.de\/#\/schema\/logo\/image\/","url":"https:\/\/www.groods.de\/wp-content\/uploads\/2018\/08\/logo.png","contentUrl":"https:\/\/www.groods.de\/wp-content\/uploads\/2018\/08\/logo.png","width":1077,"height":373,"caption":"gRoods.de"},"image":{"@id":"https:\/\/www.groods.de\/#\/schema\/logo\/image\/"}}]}},"_links":{"self":[{"href":"https:\/\/www.groods.de\/index.php\/wp-json\/wp\/v2\/product\/3711","targetHints":{"allow":["GET"]}}],"collection":[{"href":"https:\/\/www.groods.de\/index.php\/wp-json\/wp\/v2\/product"}],"about":[{"href":"https:\/\/www.groods.de\/index.php\/wp-json\/wp\/v2\/types\/product"}],"replies":[{"embeddable":true,"href":"https:\/\/www.groods.de\/index.php\/wp-json\/wp\/v2\/comments?post=3711"}],"wp:featuredmedia":[{"embeddable":true,"href":"https:\/\/www.groods.de\/index.php\/wp-json\/wp\/v2\/media\/3879"}],"wp:attachment":[{"href":"https:\/\/www.groods.de\/index.php\/wp-json\/wp\/v2\/media?parent=3711"}],"wp:term":[{"taxonomy":"product_brand","embeddable":true,"href":"https:\/\/www.groods.de\/index.php\/wp-json\/wp\/v2\/product_brand?post=3711"},{"taxonomy":"product_cat","embeddable":true,"href":"https:\/\/www.groods.de\/index.php\/wp-json\/wp\/v2\/product_cat?post=3711"},{"taxonomy":"product_tag","embeddable":true,"href":"https:\/\/www.groods.de\/index.php\/wp-json\/wp\/v2\/product_tag?post=3711"}],"curies":[{"name":"wp","href":"https:\/\/api.w.org\/{rel}","templated":true}]}}