{"id":3709,"date":"2019-12-09T15:22:55","date_gmt":"2019-12-09T14:22:55","guid":{"rendered":"https:\/\/www.groods.de\/index.php\/produkt\/qiyi-thunderclap-v3-3x3-magnetic-version\/"},"modified":"2025-11-19T22:24:34","modified_gmt":"2025-11-19T21:24:34","slug":"qiyi-thunderclap-v3-3x3-magnetic-version","status":"publish","type":"product","link":"https:\/\/www.groods.de\/index.php\/produkt\/qiyi-thunderclap-v3-3x3-magnetic-version\/","title":{"rendered":"QiYi Thunderclap V3 3&#215;3 magnetic version"},"content":{"rendered":"<h1>QiYi Thunderclap V3 3&#215;3 magnetic version<\/h1>\n<p>Der Ende 2019 erschienen und \u00fcberarbeitet Thunderclap v3 geh\u00f6rt zu den besten Speed-Cubes auf dem Markt. Mit der konsequenten Weiterentwicklung des V2 verbessert QiYi viele Details, sodass sie einen sehr ausgewogenen Speedcube zum absoluten Kampfpreis bekommen. Er konkurriert mit den besten Speedcubes auf dem Markt und wird von vielen extrem schnellen Spielern verwendet und empfohlen. Dieser W\u00fcrfel wird Ihnen helfen, das neue pers\u00f6nliche Bestzeit zu erreichen!<\/p>\n<p>Das 56-mm-Design ist die perfekte Passform f\u00fcr jede Handgr\u00f6\u00dfe!<\/p>\n<p><span class=\"a-list-item\">Der Thunderclap v3 <\/span><span class=\"a-list-item\">dreht sich unglaublich sanft, mit sehr gutem Corner Cutting, Anti Pop Mechanik haben Sie Ihn Ihn jederzeit unter Kontrolle. <\/span><span class=\"a-list-item\">Das Federungsdesign macht das Drehgef\u00fchl weich und flott. Die werksseitig montierten Magnete sorgen f\u00fcr pr\u00e4zise Drehungen, sodass Sie in in Bestzeit l\u00f6sen k\u00f6nnen.<\/span><\/p>\n<h3><strong data-spm-anchor-id=\"a2g0x.10010108.1000023.i0.3d0af4b4DKar3l\">Eigenschaften:<\/strong><\/h3>\n<ul>\n<li>glatte und schnelle Oberfl\u00e4che<\/li>\n<li class=\"md-end-block\">neu und Originalverpackt<\/li>\n<li class=\"md-end-block\">aus hochwertigem ABS Material, das umweltfreundlich, ungiftig und langlebig ist<\/li>\n<li class=\"md-end-block\">einfarbig im stickerless Design<\/li>\n<li class=\"md-end-block\">geschmeidige Rotation und komfortables Spielgef\u00fchl<\/li>\n<li class=\"md-end-block\">ausgezeichnete Fehlertoleranz f\u00fcr besonders schnelle Zeiten<\/li>\n<li>Viele Stunden Spa\u00df und Kopfzerbrechen mit Freunden und Familie sind garantiert<\/li>\n<\/ul>\n<h3>Spezifikationen:<\/h3>\n<ul>\n<li>Farbe: stickerless<\/li>\n<li>Material: Kunststoff<\/li>\n<li>Produkt Abmessungen: 5,6*5,6*5,6 cm<\/li>\n<li>Produkt Gewicht: 75g<\/li>\n<li>Verpackung: Karton Box<\/li>\n<\/ul>\n","protected":false},"excerpt":{"rendered":"<p>QiYi Thunderclap V3 3&#215;3 magnetic version Der Ende 2019 erschienen und \u00fcberarbeitet Thunderclap v3 geh\u00f6rt zu den besten Speed-Cubes auf dem Markt. Mit der konsequenten Weiterentwicklung des V2 verbessert QiYi viele Details, sodass sie einen sehr ausgewogenen Speedcube zum absoluten Kampfpreis bekommen. Er konkurriert mit den besten Speedcubes auf dem Markt und wird von vielen [&hellip;]<\/p>\n","protected":false},"featured_media":3790,"comment_status":"open","ping_status":"closed","template":"","meta":[],"product_brand":[],"product_cat":[53,40,86,49,19],"product_tag":[],"class_list":{"0":"post-3709","1":"product","2":"type-product","3":"status-publish","4":"has-post-thumbnail","6":"product_cat-3x3","7":"product_cat-magnetische-zauberwuerfel","8":"product_cat-neue-produkte","9":"product_cat-qi-yi","10":"product_cat-zauberwuerfel","12":"first","13":"instock","14":"taxable","15":"shipping-taxable","16":"purchasable","17":"product-type-simple"},"yoast_head":"<!-- This site is optimized with the Yoast SEO plugin v26.7 - https:\/\/yoast.com\/wordpress\/plugins\/seo\/ -->\n<title>QiYi Thunderclap V3 3x3 magnetic version - gRoods<\/title>\n<meta name=\"robots\" content=\"index, follow, max-snippet:-1, max-image-preview:large, max-video-preview:-1\" \/>\n<link rel=\"canonical\" href=\"https:\/\/www.groods.de\/index.php\/produkt\/qiyi-thunderclap-v3-3x3-magnetic-version\/\" \/>\n<meta property=\"og:locale\" content=\"de_DE\" \/>\n<meta property=\"og:type\" content=\"article\" \/>\n<meta property=\"og:title\" content=\"QiYi Thunderclap V3 3x3 magnetic version - gRoods\" \/>\n<meta property=\"og:description\" content=\"QiYi Thunderclap V3 3&#215;3 magnetic version Der Ende 2019 erschienen und \u00fcberarbeitet Thunderclap v3 geh\u00f6rt zu den besten Speed-Cubes auf dem Markt. Mit der konsequenten Weiterentwicklung des V2 verbessert QiYi viele Details, sodass sie einen sehr ausgewogenen Speedcube zum absoluten Kampfpreis bekommen. Er konkurriert mit den besten Speedcubes auf dem Markt und wird von vielen [&hellip;]\" \/>\n<meta property=\"og:url\" content=\"https:\/\/www.groods.de\/index.php\/produkt\/qiyi-thunderclap-v3-3x3-magnetic-version\/\" \/>\n<meta property=\"og:site_name\" content=\"gRoods\" \/>\n<meta property=\"article:modified_time\" content=\"2025-11-19T21:24:34+00:00\" \/>\n<meta property=\"og:image\" content=\"https:\/\/www.groods.de\/wp-content\/uploads\/2019\/12\/QiYi-Thunderclap-V3-3x3-magnetic-version-4.jpg\" \/>\n\t<meta property=\"og:image:width\" content=\"510\" \/>\n\t<meta property=\"og:image:height\" content=\"510\" \/>\n\t<meta property=\"og:image:type\" content=\"image\/jpeg\" \/>\n<meta name=\"twitter:card\" content=\"summary_large_image\" \/>\n<meta name=\"twitter:label1\" content=\"Gesch\u00e4tzte Lesezeit\" \/>\n\t<meta name=\"twitter:data1\" content=\"2\u00a0Minuten\" \/>\n<script type=\"application\/ld+json\" class=\"yoast-schema-graph\">{\"@context\":\"https:\/\/schema.org\",\"@graph\":[{\"@type\":\"WebPage\",\"@id\":\"https:\/\/www.groods.de\/index.php\/produkt\/qiyi-thunderclap-v3-3x3-magnetic-version\/\",\"url\":\"https:\/\/www.groods.de\/index.php\/produkt\/qiyi-thunderclap-v3-3x3-magnetic-version\/\",\"name\":\"QiYi Thunderclap V3 3x3 magnetic version - gRoods\",\"isPartOf\":{\"@id\":\"https:\/\/www.groods.de\/#website\"},\"primaryImageOfPage\":{\"@id\":\"https:\/\/www.groods.de\/index.php\/produkt\/qiyi-thunderclap-v3-3x3-magnetic-version\/#primaryimage\"},\"image\":{\"@id\":\"https:\/\/www.groods.de\/index.php\/produkt\/qiyi-thunderclap-v3-3x3-magnetic-version\/#primaryimage\"},\"thumbnailUrl\":\"https:\/\/www.groods.de\/wp-content\/uploads\/2019\/12\/QiYi-Thunderclap-V3-3x3-magnetic-version-4.jpg\",\"datePublished\":\"2019-12-09T14:22:55+00:00\",\"dateModified\":\"2025-11-19T21:24:34+00:00\",\"breadcrumb\":{\"@id\":\"https:\/\/www.groods.de\/index.php\/produkt\/qiyi-thunderclap-v3-3x3-magnetic-version\/#breadcrumb\"},\"inLanguage\":\"de\",\"potentialAction\":[{\"@type\":\"ReadAction\",\"target\":[\"https:\/\/www.groods.de\/index.php\/produkt\/qiyi-thunderclap-v3-3x3-magnetic-version\/\"]}]},{\"@type\":\"ImageObject\",\"inLanguage\":\"de\",\"@id\":\"https:\/\/www.groods.de\/index.php\/produkt\/qiyi-thunderclap-v3-3x3-magnetic-version\/#primaryimage\",\"url\":\"https:\/\/www.groods.de\/wp-content\/uploads\/2019\/12\/QiYi-Thunderclap-V3-3x3-magnetic-version-4.jpg\",\"contentUrl\":\"https:\/\/www.groods.de\/wp-content\/uploads\/2019\/12\/QiYi-Thunderclap-V3-3x3-magnetic-version-4.jpg\",\"width\":510,\"height\":510},{\"@type\":\"BreadcrumbList\",\"@id\":\"https:\/\/www.groods.de\/index.php\/produkt\/qiyi-thunderclap-v3-3x3-magnetic-version\/#breadcrumb\",\"itemListElement\":[{\"@type\":\"ListItem\",\"position\":1,\"name\":\"Startseite\",\"item\":\"https:\/\/www.groods.de\/\"},{\"@type\":\"ListItem\",\"position\":2,\"name\":\"Shop\",\"item\":\"https:\/\/www.groods.de\/index.php\/shop\/\"},{\"@type\":\"ListItem\",\"position\":3,\"name\":\"QiYi Thunderclap V3 3&#215;3 magnetic version\"}]},{\"@type\":\"WebSite\",\"@id\":\"https:\/\/www.groods.de\/#website\",\"url\":\"https:\/\/www.groods.de\/\",\"name\":\"gRoods.de\",\"description\":\"Entdecke die Welt der Speedcubes\",\"publisher\":{\"@id\":\"https:\/\/www.groods.de\/#organization\"},\"potentialAction\":[{\"@type\":\"SearchAction\",\"target\":{\"@type\":\"EntryPoint\",\"urlTemplate\":\"https:\/\/www.groods.de\/?s={search_term_string}\"},\"query-input\":{\"@type\":\"PropertyValueSpecification\",\"valueRequired\":true,\"valueName\":\"search_term_string\"}}],\"inLanguage\":\"de\"},{\"@type\":\"Organization\",\"@id\":\"https:\/\/www.groods.de\/#organization\",\"name\":\"gRoods.de\",\"url\":\"https:\/\/www.groods.de\/\",\"logo\":{\"@type\":\"ImageObject\",\"inLanguage\":\"de\",\"@id\":\"https:\/\/www.groods.de\/#\/schema\/logo\/image\/\",\"url\":\"https:\/\/www.groods.de\/wp-content\/uploads\/2018\/08\/logo.png\",\"contentUrl\":\"https:\/\/www.groods.de\/wp-content\/uploads\/2018\/08\/logo.png\",\"width\":1077,\"height\":373,\"caption\":\"gRoods.de\"},\"image\":{\"@id\":\"https:\/\/www.groods.de\/#\/schema\/logo\/image\/\"}}]}<\/script>\n<!-- \/ Yoast SEO plugin. -->","yoast_head_json":{"title":"QiYi Thunderclap V3 3x3 magnetic version - gRoods","robots":{"index":"index","follow":"follow","max-snippet":"max-snippet:-1","max-image-preview":"max-image-preview:large","max-video-preview":"max-video-preview:-1"},"canonical":"https:\/\/www.groods.de\/index.php\/produkt\/qiyi-thunderclap-v3-3x3-magnetic-version\/","og_locale":"de_DE","og_type":"article","og_title":"QiYi Thunderclap V3 3x3 magnetic version - gRoods","og_description":"QiYi Thunderclap V3 3&#215;3 magnetic version Der Ende 2019 erschienen und \u00fcberarbeitet Thunderclap v3 geh\u00f6rt zu den besten Speed-Cubes auf dem Markt. Mit der konsequenten Weiterentwicklung des V2 verbessert QiYi viele Details, sodass sie einen sehr ausgewogenen Speedcube zum absoluten Kampfpreis bekommen. Er konkurriert mit den besten Speedcubes auf dem Markt und wird von vielen [&hellip;]","og_url":"https:\/\/www.groods.de\/index.php\/produkt\/qiyi-thunderclap-v3-3x3-magnetic-version\/","og_site_name":"gRoods","article_modified_time":"2025-11-19T21:24:34+00:00","og_image":[{"width":510,"height":510,"url":"https:\/\/www.groods.de\/wp-content\/uploads\/2019\/12\/QiYi-Thunderclap-V3-3x3-magnetic-version-4.jpg","type":"image\/jpeg"}],"twitter_card":"summary_large_image","twitter_misc":{"Gesch\u00e4tzte Lesezeit":"2\u00a0Minuten"},"schema":{"@context":"https:\/\/schema.org","@graph":[{"@type":"WebPage","@id":"https:\/\/www.groods.de\/index.php\/produkt\/qiyi-thunderclap-v3-3x3-magnetic-version\/","url":"https:\/\/www.groods.de\/index.php\/produkt\/qiyi-thunderclap-v3-3x3-magnetic-version\/","name":"QiYi Thunderclap V3 3x3 magnetic version - gRoods","isPartOf":{"@id":"https:\/\/www.groods.de\/#website"},"primaryImageOfPage":{"@id":"https:\/\/www.groods.de\/index.php\/produkt\/qiyi-thunderclap-v3-3x3-magnetic-version\/#primaryimage"},"image":{"@id":"https:\/\/www.groods.de\/index.php\/produkt\/qiyi-thunderclap-v3-3x3-magnetic-version\/#primaryimage"},"thumbnailUrl":"https:\/\/www.groods.de\/wp-content\/uploads\/2019\/12\/QiYi-Thunderclap-V3-3x3-magnetic-version-4.jpg","datePublished":"2019-12-09T14:22:55+00:00","dateModified":"2025-11-19T21:24:34+00:00","breadcrumb":{"@id":"https:\/\/www.groods.de\/index.php\/produkt\/qiyi-thunderclap-v3-3x3-magnetic-version\/#breadcrumb"},"inLanguage":"de","potentialAction":[{"@type":"ReadAction","target":["https:\/\/www.groods.de\/index.php\/produkt\/qiyi-thunderclap-v3-3x3-magnetic-version\/"]}]},{"@type":"ImageObject","inLanguage":"de","@id":"https:\/\/www.groods.de\/index.php\/produkt\/qiyi-thunderclap-v3-3x3-magnetic-version\/#primaryimage","url":"https:\/\/www.groods.de\/wp-content\/uploads\/2019\/12\/QiYi-Thunderclap-V3-3x3-magnetic-version-4.jpg","contentUrl":"https:\/\/www.groods.de\/wp-content\/uploads\/2019\/12\/QiYi-Thunderclap-V3-3x3-magnetic-version-4.jpg","width":510,"height":510},{"@type":"BreadcrumbList","@id":"https:\/\/www.groods.de\/index.php\/produkt\/qiyi-thunderclap-v3-3x3-magnetic-version\/#breadcrumb","itemListElement":[{"@type":"ListItem","position":1,"name":"Startseite","item":"https:\/\/www.groods.de\/"},{"@type":"ListItem","position":2,"name":"Shop","item":"https:\/\/www.groods.de\/index.php\/shop\/"},{"@type":"ListItem","position":3,"name":"QiYi Thunderclap V3 3&#215;3 magnetic version"}]},{"@type":"WebSite","@id":"https:\/\/www.groods.de\/#website","url":"https:\/\/www.groods.de\/","name":"gRoods.de","description":"Entdecke die Welt der Speedcubes","publisher":{"@id":"https:\/\/www.groods.de\/#organization"},"potentialAction":[{"@type":"SearchAction","target":{"@type":"EntryPoint","urlTemplate":"https:\/\/www.groods.de\/?s={search_term_string}"},"query-input":{"@type":"PropertyValueSpecification","valueRequired":true,"valueName":"search_term_string"}}],"inLanguage":"de"},{"@type":"Organization","@id":"https:\/\/www.groods.de\/#organization","name":"gRoods.de","url":"https:\/\/www.groods.de\/","logo":{"@type":"ImageObject","inLanguage":"de","@id":"https:\/\/www.groods.de\/#\/schema\/logo\/image\/","url":"https:\/\/www.groods.de\/wp-content\/uploads\/2018\/08\/logo.png","contentUrl":"https:\/\/www.groods.de\/wp-content\/uploads\/2018\/08\/logo.png","width":1077,"height":373,"caption":"gRoods.de"},"image":{"@id":"https:\/\/www.groods.de\/#\/schema\/logo\/image\/"}}]}},"_links":{"self":[{"href":"https:\/\/www.groods.de\/index.php\/wp-json\/wp\/v2\/product\/3709","targetHints":{"allow":["GET"]}}],"collection":[{"href":"https:\/\/www.groods.de\/index.php\/wp-json\/wp\/v2\/product"}],"about":[{"href":"https:\/\/www.groods.de\/index.php\/wp-json\/wp\/v2\/types\/product"}],"replies":[{"embeddable":true,"href":"https:\/\/www.groods.de\/index.php\/wp-json\/wp\/v2\/comments?post=3709"}],"wp:featuredmedia":[{"embeddable":true,"href":"https:\/\/www.groods.de\/index.php\/wp-json\/wp\/v2\/media\/3790"}],"wp:attachment":[{"href":"https:\/\/www.groods.de\/index.php\/wp-json\/wp\/v2\/media?parent=3709"}],"wp:term":[{"taxonomy":"product_brand","embeddable":true,"href":"https:\/\/www.groods.de\/index.php\/wp-json\/wp\/v2\/product_brand?post=3709"},{"taxonomy":"product_cat","embeddable":true,"href":"https:\/\/www.groods.de\/index.php\/wp-json\/wp\/v2\/product_cat?post=3709"},{"taxonomy":"product_tag","embeddable":true,"href":"https:\/\/www.groods.de\/index.php\/wp-json\/wp\/v2\/product_tag?post=3709"}],"curies":[{"name":"wp","href":"https:\/\/api.w.org\/{rel}","templated":true}]}}