{"id":3705,"date":"2019-12-09T15:22:35","date_gmt":"2019-12-09T14:22:35","guid":{"rendered":"https:\/\/www.groods.de\/index.php\/produkt\/qiyi-warrior-s-3x3-stickerless\/"},"modified":"2025-11-19T22:24:29","modified_gmt":"2025-11-19T21:24:29","slug":"qiyi-warrior-s-3x3-stickerless","status":"publish","type":"product","link":"https:\/\/www.groods.de\/index.php\/produkt\/qiyi-warrior-s-3x3-stickerless\/","title":{"rendered":"QiYi Warrior S 3&#215;3 &#8211; stickerless"},"content":{"rendered":"<h1>QiYi Warrior S 3&#215;3 &#8211; stickerless<\/h1>\n<p>Der QiYI Warrior S ist ein neuer preisg\u00fcnstiger 3&#215;3 von QiYi MoFangGe und seit Ende 2019 auf dem Markt. Er ist einer der beliebtesten und am meisten gekauften Budget Speedcubes.\u00a0Als aktualisierte Version des beliebten Warrior W bietet der Warrior S einen verbesserten Mechanismus f\u00fcr eine bessere Leistung. Er f\u00fchlt sich out of the box solide und gut an. Toll als erster Speedcube f\u00fcr Anf\u00e4nger und f\u00fcr Fortgeschrittene um den pers\u00f6nlichen Rekord in Wettbewerben zu verbessern.<\/p>\n<p><span class=\"a-list-item\">QiYi Warrior W 3&#215;3 dreht sich unglaublich sanft, bietet gutes Corner Cutting und verklemmt nicht. <\/span><span class=\"a-list-item\">Das Federungsdesign macht das Drehgef\u00fchl weich und flott. Sie k\u00f6nnen die Federung individuell einstellen und damit perfekt an Ihre Bed\u00fcrfnisse anpassen. So k\u00f6nnen Sie noch h\u00f6here Geschwindigkeiten erreichen. <\/span>Einzigartig beim Warrior S ist die gefrostete Oberfl\u00e4che, die zusammen mit dem lebendigen QiYi-Farbschema gro\u00dfartig aussieht und ein strukturierteres Gef\u00fchl bietet.<\/p>\n<h3><strong data-spm-anchor-id=\"a2g0x.10010108.1000023.i0.3d0af4b4DKar3l\">Eigenschaften:<\/strong><\/h3>\n<ul>\n<li>QiYi Warrior S 3&#215;3 Speedcube &#8211; stickerless<\/li>\n<li>glatte und schnelle Oberfl\u00e4che<\/li>\n<li class=\"md-end-block\">neu und Originalverpackt<\/li>\n<li class=\"md-end-block\">aus hochwertigem ABS Material, das umweltfreundlich, ungiftig und langlebig ist<\/li>\n<li class=\"md-end-block\">einfarbig im stickerless Design<\/li>\n<li class=\"md-end-block\">geschmeidige Rotation und komfortables Spielgef\u00fchl<\/li>\n<li class=\"md-end-block\">ausgezeichnete Fehlertoleranz f\u00fcr besonders schnelle Zeiten<\/li>\n<li>Viele Stunden Spa\u00df und Kopfzerbrechen mit Freunden und Familie sind garantiert<\/li>\n<\/ul>\n<h3>Spezifikationen:<\/h3>\n<ul>\n<li>Farbe: stickerless<\/li>\n<li>Material: Kunststoff<\/li>\n<li>Produkt Abmessungen: 5,6*5,6*5,6 cm<\/li>\n<li>Produkt Gewicht: 75g<\/li>\n<li>Verpackung: Karton Box<\/li>\n<\/ul>\n","protected":false},"excerpt":{"rendered":"<p>QiYi Warrior S 3&#215;3 &#8211; stickerless Der QiYI Warrior S ist ein neuer preisg\u00fcnstiger 3&#215;3 von QiYi MoFangGe und seit Ende 2019 auf dem Markt. Er ist einer der beliebtesten und am meisten gekauften Budget Speedcubes.\u00a0Als aktualisierte Version des beliebten Warrior W bietet der Warrior S einen verbesserten Mechanismus f\u00fcr eine bessere Leistung. Er f\u00fchlt [&hellip;]<\/p>\n","protected":false},"featured_media":3874,"comment_status":"open","ping_status":"closed","template":"","meta":[],"product_brand":[],"product_cat":[53,37,86,49,19],"product_tag":[],"class_list":{"0":"post-3705","1":"product","2":"type-product","3":"status-publish","4":"has-post-thumbnail","6":"product_cat-3x3","7":"product_cat-hersteller","8":"product_cat-neue-produkte","9":"product_cat-qi-yi","10":"product_cat-zauberwuerfel","12":"first","13":"instock","14":"taxable","15":"shipping-taxable","16":"purchasable","17":"product-type-simple"},"yoast_head":"<!-- This site is optimized with the Yoast SEO plugin v26.7 - https:\/\/yoast.com\/wordpress\/plugins\/seo\/ -->\n<title>QiYi Warrior S 3x3 - stickerless - gRoods<\/title>\n<meta name=\"robots\" content=\"index, follow, max-snippet:-1, max-image-preview:large, max-video-preview:-1\" \/>\n<link rel=\"canonical\" href=\"https:\/\/www.groods.de\/index.php\/produkt\/qiyi-warrior-s-3x3-stickerless\/\" \/>\n<meta property=\"og:locale\" content=\"de_DE\" \/>\n<meta property=\"og:type\" content=\"article\" \/>\n<meta property=\"og:title\" content=\"QiYi Warrior S 3x3 - stickerless - gRoods\" \/>\n<meta property=\"og:description\" content=\"QiYi Warrior S 3&#215;3 &#8211; stickerless Der QiYI Warrior S ist ein neuer preisg\u00fcnstiger 3&#215;3 von QiYi MoFangGe und seit Ende 2019 auf dem Markt. Er ist einer der beliebtesten und am meisten gekauften Budget Speedcubes.\u00a0Als aktualisierte Version des beliebten Warrior W bietet der Warrior S einen verbesserten Mechanismus f\u00fcr eine bessere Leistung. Er f\u00fchlt [&hellip;]\" \/>\n<meta property=\"og:url\" content=\"https:\/\/www.groods.de\/index.php\/produkt\/qiyi-warrior-s-3x3-stickerless\/\" \/>\n<meta property=\"og:site_name\" content=\"gRoods\" \/>\n<meta property=\"article:modified_time\" content=\"2025-11-19T21:24:29+00:00\" \/>\n<meta property=\"og:image\" content=\"https:\/\/www.groods.de\/wp-content\/uploads\/2019\/12\/qiyi-warrior-s-speedcube-10.jpg\" \/>\n\t<meta property=\"og:image:width\" content=\"600\" \/>\n\t<meta property=\"og:image:height\" content=\"600\" \/>\n\t<meta property=\"og:image:type\" content=\"image\/jpeg\" \/>\n<meta name=\"twitter:card\" content=\"summary_large_image\" \/>\n<meta name=\"twitter:label1\" content=\"Gesch\u00e4tzte Lesezeit\" \/>\n\t<meta name=\"twitter:data1\" content=\"2\u00a0Minuten\" \/>\n<script type=\"application\/ld+json\" class=\"yoast-schema-graph\">{\"@context\":\"https:\/\/schema.org\",\"@graph\":[{\"@type\":\"WebPage\",\"@id\":\"https:\/\/www.groods.de\/index.php\/produkt\/qiyi-warrior-s-3x3-stickerless\/\",\"url\":\"https:\/\/www.groods.de\/index.php\/produkt\/qiyi-warrior-s-3x3-stickerless\/\",\"name\":\"QiYi Warrior S 3x3 - stickerless - gRoods\",\"isPartOf\":{\"@id\":\"https:\/\/www.groods.de\/#website\"},\"primaryImageOfPage\":{\"@id\":\"https:\/\/www.groods.de\/index.php\/produkt\/qiyi-warrior-s-3x3-stickerless\/#primaryimage\"},\"image\":{\"@id\":\"https:\/\/www.groods.de\/index.php\/produkt\/qiyi-warrior-s-3x3-stickerless\/#primaryimage\"},\"thumbnailUrl\":\"https:\/\/www.groods.de\/wp-content\/uploads\/2019\/12\/qiyi-warrior-s-speedcube-10.jpg\",\"datePublished\":\"2019-12-09T14:22:35+00:00\",\"dateModified\":\"2025-11-19T21:24:29+00:00\",\"breadcrumb\":{\"@id\":\"https:\/\/www.groods.de\/index.php\/produkt\/qiyi-warrior-s-3x3-stickerless\/#breadcrumb\"},\"inLanguage\":\"de\",\"potentialAction\":[{\"@type\":\"ReadAction\",\"target\":[\"https:\/\/www.groods.de\/index.php\/produkt\/qiyi-warrior-s-3x3-stickerless\/\"]}]},{\"@type\":\"ImageObject\",\"inLanguage\":\"de\",\"@id\":\"https:\/\/www.groods.de\/index.php\/produkt\/qiyi-warrior-s-3x3-stickerless\/#primaryimage\",\"url\":\"https:\/\/www.groods.de\/wp-content\/uploads\/2019\/12\/qiyi-warrior-s-speedcube-10.jpg\",\"contentUrl\":\"https:\/\/www.groods.de\/wp-content\/uploads\/2019\/12\/qiyi-warrior-s-speedcube-10.jpg\",\"width\":600,\"height\":600},{\"@type\":\"BreadcrumbList\",\"@id\":\"https:\/\/www.groods.de\/index.php\/produkt\/qiyi-warrior-s-3x3-stickerless\/#breadcrumb\",\"itemListElement\":[{\"@type\":\"ListItem\",\"position\":1,\"name\":\"Startseite\",\"item\":\"https:\/\/www.groods.de\/\"},{\"@type\":\"ListItem\",\"position\":2,\"name\":\"Shop\",\"item\":\"https:\/\/www.groods.de\/index.php\/shop\/\"},{\"@type\":\"ListItem\",\"position\":3,\"name\":\"QiYi Warrior S 3&#215;3 &#8211; stickerless\"}]},{\"@type\":\"WebSite\",\"@id\":\"https:\/\/www.groods.de\/#website\",\"url\":\"https:\/\/www.groods.de\/\",\"name\":\"gRoods.de\",\"description\":\"Entdecke die Welt der Speedcubes\",\"publisher\":{\"@id\":\"https:\/\/www.groods.de\/#organization\"},\"potentialAction\":[{\"@type\":\"SearchAction\",\"target\":{\"@type\":\"EntryPoint\",\"urlTemplate\":\"https:\/\/www.groods.de\/?s={search_term_string}\"},\"query-input\":{\"@type\":\"PropertyValueSpecification\",\"valueRequired\":true,\"valueName\":\"search_term_string\"}}],\"inLanguage\":\"de\"},{\"@type\":\"Organization\",\"@id\":\"https:\/\/www.groods.de\/#organization\",\"name\":\"gRoods.de\",\"url\":\"https:\/\/www.groods.de\/\",\"logo\":{\"@type\":\"ImageObject\",\"inLanguage\":\"de\",\"@id\":\"https:\/\/www.groods.de\/#\/schema\/logo\/image\/\",\"url\":\"https:\/\/www.groods.de\/wp-content\/uploads\/2018\/08\/logo.png\",\"contentUrl\":\"https:\/\/www.groods.de\/wp-content\/uploads\/2018\/08\/logo.png\",\"width\":1077,\"height\":373,\"caption\":\"gRoods.de\"},\"image\":{\"@id\":\"https:\/\/www.groods.de\/#\/schema\/logo\/image\/\"}}]}<\/script>\n<!-- \/ Yoast SEO plugin. -->","yoast_head_json":{"title":"QiYi Warrior S 3x3 - stickerless - gRoods","robots":{"index":"index","follow":"follow","max-snippet":"max-snippet:-1","max-image-preview":"max-image-preview:large","max-video-preview":"max-video-preview:-1"},"canonical":"https:\/\/www.groods.de\/index.php\/produkt\/qiyi-warrior-s-3x3-stickerless\/","og_locale":"de_DE","og_type":"article","og_title":"QiYi Warrior S 3x3 - stickerless - gRoods","og_description":"QiYi Warrior S 3&#215;3 &#8211; stickerless Der QiYI Warrior S ist ein neuer preisg\u00fcnstiger 3&#215;3 von QiYi MoFangGe und seit Ende 2019 auf dem Markt. Er ist einer der beliebtesten und am meisten gekauften Budget Speedcubes.\u00a0Als aktualisierte Version des beliebten Warrior W bietet der Warrior S einen verbesserten Mechanismus f\u00fcr eine bessere Leistung. Er f\u00fchlt [&hellip;]","og_url":"https:\/\/www.groods.de\/index.php\/produkt\/qiyi-warrior-s-3x3-stickerless\/","og_site_name":"gRoods","article_modified_time":"2025-11-19T21:24:29+00:00","og_image":[{"width":600,"height":600,"url":"https:\/\/www.groods.de\/wp-content\/uploads\/2019\/12\/qiyi-warrior-s-speedcube-10.jpg","type":"image\/jpeg"}],"twitter_card":"summary_large_image","twitter_misc":{"Gesch\u00e4tzte Lesezeit":"2\u00a0Minuten"},"schema":{"@context":"https:\/\/schema.org","@graph":[{"@type":"WebPage","@id":"https:\/\/www.groods.de\/index.php\/produkt\/qiyi-warrior-s-3x3-stickerless\/","url":"https:\/\/www.groods.de\/index.php\/produkt\/qiyi-warrior-s-3x3-stickerless\/","name":"QiYi Warrior S 3x3 - stickerless - gRoods","isPartOf":{"@id":"https:\/\/www.groods.de\/#website"},"primaryImageOfPage":{"@id":"https:\/\/www.groods.de\/index.php\/produkt\/qiyi-warrior-s-3x3-stickerless\/#primaryimage"},"image":{"@id":"https:\/\/www.groods.de\/index.php\/produkt\/qiyi-warrior-s-3x3-stickerless\/#primaryimage"},"thumbnailUrl":"https:\/\/www.groods.de\/wp-content\/uploads\/2019\/12\/qiyi-warrior-s-speedcube-10.jpg","datePublished":"2019-12-09T14:22:35+00:00","dateModified":"2025-11-19T21:24:29+00:00","breadcrumb":{"@id":"https:\/\/www.groods.de\/index.php\/produkt\/qiyi-warrior-s-3x3-stickerless\/#breadcrumb"},"inLanguage":"de","potentialAction":[{"@type":"ReadAction","target":["https:\/\/www.groods.de\/index.php\/produkt\/qiyi-warrior-s-3x3-stickerless\/"]}]},{"@type":"ImageObject","inLanguage":"de","@id":"https:\/\/www.groods.de\/index.php\/produkt\/qiyi-warrior-s-3x3-stickerless\/#primaryimage","url":"https:\/\/www.groods.de\/wp-content\/uploads\/2019\/12\/qiyi-warrior-s-speedcube-10.jpg","contentUrl":"https:\/\/www.groods.de\/wp-content\/uploads\/2019\/12\/qiyi-warrior-s-speedcube-10.jpg","width":600,"height":600},{"@type":"BreadcrumbList","@id":"https:\/\/www.groods.de\/index.php\/produkt\/qiyi-warrior-s-3x3-stickerless\/#breadcrumb","itemListElement":[{"@type":"ListItem","position":1,"name":"Startseite","item":"https:\/\/www.groods.de\/"},{"@type":"ListItem","position":2,"name":"Shop","item":"https:\/\/www.groods.de\/index.php\/shop\/"},{"@type":"ListItem","position":3,"name":"QiYi Warrior S 3&#215;3 &#8211; stickerless"}]},{"@type":"WebSite","@id":"https:\/\/www.groods.de\/#website","url":"https:\/\/www.groods.de\/","name":"gRoods.de","description":"Entdecke die Welt der Speedcubes","publisher":{"@id":"https:\/\/www.groods.de\/#organization"},"potentialAction":[{"@type":"SearchAction","target":{"@type":"EntryPoint","urlTemplate":"https:\/\/www.groods.de\/?s={search_term_string}"},"query-input":{"@type":"PropertyValueSpecification","valueRequired":true,"valueName":"search_term_string"}}],"inLanguage":"de"},{"@type":"Organization","@id":"https:\/\/www.groods.de\/#organization","name":"gRoods.de","url":"https:\/\/www.groods.de\/","logo":{"@type":"ImageObject","inLanguage":"de","@id":"https:\/\/www.groods.de\/#\/schema\/logo\/image\/","url":"https:\/\/www.groods.de\/wp-content\/uploads\/2018\/08\/logo.png","contentUrl":"https:\/\/www.groods.de\/wp-content\/uploads\/2018\/08\/logo.png","width":1077,"height":373,"caption":"gRoods.de"},"image":{"@id":"https:\/\/www.groods.de\/#\/schema\/logo\/image\/"}}]}},"_links":{"self":[{"href":"https:\/\/www.groods.de\/index.php\/wp-json\/wp\/v2\/product\/3705","targetHints":{"allow":["GET"]}}],"collection":[{"href":"https:\/\/www.groods.de\/index.php\/wp-json\/wp\/v2\/product"}],"about":[{"href":"https:\/\/www.groods.de\/index.php\/wp-json\/wp\/v2\/types\/product"}],"replies":[{"embeddable":true,"href":"https:\/\/www.groods.de\/index.php\/wp-json\/wp\/v2\/comments?post=3705"}],"wp:featuredmedia":[{"embeddable":true,"href":"https:\/\/www.groods.de\/index.php\/wp-json\/wp\/v2\/media\/3874"}],"wp:attachment":[{"href":"https:\/\/www.groods.de\/index.php\/wp-json\/wp\/v2\/media?parent=3705"}],"wp:term":[{"taxonomy":"product_brand","embeddable":true,"href":"https:\/\/www.groods.de\/index.php\/wp-json\/wp\/v2\/product_brand?post=3705"},{"taxonomy":"product_cat","embeddable":true,"href":"https:\/\/www.groods.de\/index.php\/wp-json\/wp\/v2\/product_cat?post=3705"},{"taxonomy":"product_tag","embeddable":true,"href":"https:\/\/www.groods.de\/index.php\/wp-json\/wp\/v2\/product_tag?post=3705"}],"curies":[{"name":"wp","href":"https:\/\/api.w.org\/{rel}","templated":true}]}}